{"id":254154,"date":"2026-04-17T01:16:06","date_gmt":"2026-04-17T07:16:06","guid":{"rendered":"https:\/\/compuviper.mx\/tienda\/producto\/lenovo-21mr006klm-laptop-thinkbook-14-g7-iml-core-ultra-7-155u-4-8ghz-16gb-ddr5-1tb-ssd-14-wuxga-1920x1200-artic-grey-aluminio-win-11-pro-1yr-centro-de-servicio\/"},"modified":"2026-04-17T01:16:07","modified_gmt":"2026-04-17T07:16:07","slug":"lenovo-21mr006klm-laptop-thinkbook-14-g7-iml-core-ultra-7-155u-4-8ghz-16gb-ddr5-1tb-ssd-14-wuxga-1920x1200-touch-artic-grey-aluminio-backlit-keyboard-win-11-pro-1yr-centro-de-servicio","status":"publish","type":"product","link":"https:\/\/compuviper.mx\/tienda\/producto\/lenovo-21mr006klm-laptop-thinkbook-14-g7-iml-core-ultra-7-155u-4-8ghz-16gb-ddr5-1tb-ssd-14-wuxga-1920x1200-touch-artic-grey-aluminio-backlit-keyboard-win-11-pro-1yr-centro-de-servicio\/","title":{"rendered":"Lenovo 21mr006klm Laptop  Thinkbook 14 G7 Iml \/ Core Ultra 7 155u 4.8ghz \/ 16gb Ddr5 \/ 1tb Ssd \/ 14 Wuxga 1920&#215;1200 Touch \/ Artic Grey Aluminio \/ Backlit Keyboard \/win 11 Pro \/ 1yr Centro De Servicio"},"content":{"rendered":"<table class=\"descripcion\">\n<tr>\n<td>Thinkbook 14 g7 iml 21mr006klm<\/td>\n<\/tr>\n<tr>\n<td>Performance<\/td>\n<\/tr>\n<tr>\n<td>Processor<\/td>\n<\/tr>\n<tr>\n<td>Intel\u00ae core\u0099 ultra 7 155u, 12c (2p + 8e + 2lpe) \/ 14t, max<\/td>\n<\/tr>\n<tr>\n<td>Turbo up to 4.8ghz, 12mb<\/td>\n<\/tr>\n<tr>\n<td>Ai pc category[1]<\/td>\n<\/tr>\n<tr>\n<td>Ai pc<\/td>\n<\/tr>\n<tr>\n<td>Npu<\/td>\n<\/tr>\n<tr>\n<td>Integrated intel\u00ae ai boost, up to 11 tops<\/td>\n<\/tr>\n<tr>\n<td>Graphics<\/td>\n<\/tr>\n<tr>\n<td>Integrated intel\u00ae graphics<\/td>\n<\/tr>\n<tr>\n<td>Chipset<\/td>\n<\/tr>\n<tr>\n<td>Intel\u00ae soc platform<\/td>\n<\/tr>\n<tr>\n<td>Memory<\/td>\n<\/tr>\n<tr>\n<td>1x 16gb so-dimm ddr5-5600<\/td>\n<\/tr>\n<tr>\n<td>Memory slots<\/td>\n<\/tr>\n<tr>\n<td>Two ddr5 so-dimm slots, dual-channel capable<\/td>\n<\/tr>\n<tr>\n<td>Max memory<\/td>\n<\/tr>\n<tr>\n<td>Up to 64gb ddr5-5600<\/td>\n<\/tr>\n<tr>\n<td>Storage<\/td>\n<\/tr>\n<tr>\n<td>1tb ssd m.2 2242 pcie\u00ae 4.0&#215;4 nvme\u00ae<\/td>\n<\/tr>\n<tr>\n<td>Max storage support<\/td>\n<\/tr>\n<tr>\n<td>Up to two drives, 2x m.2 ssd<\/td>\n<\/tr>\n<tr>\n<td>\u0095 m.2 2280 ssd up to 2tb each<\/td>\n<\/tr>\n<tr>\n<td>Storage slot<\/td>\n<\/tr>\n<tr>\n<td>Two m.2 2280 pcie\u00ae 4.0 x4 slots<\/td>\n<\/tr>\n<tr>\n<td>Card reader<\/td>\n<\/tr>\n<tr>\n<td>Sd card reader<\/td>\n<\/tr>\n<tr>\n<td>Optical<\/td>\n<\/tr>\n<tr>\n<td>None<\/td>\n<\/tr>\n<tr>\n<td>Audio chip<\/td>\n<\/tr>\n<tr>\n<td>High definition (hd) audio, realtek\u00ae alc3287 codec<\/td>\n<\/tr>\n<tr>\n<td>Speakers<\/td>\n<\/tr>\n<tr>\n<td>Stereo speakers, 2w x2, dolby audio\u0099<\/td>\n<\/tr>\n<tr>\n<td>Camera<\/td>\n<\/tr>\n<tr>\n<td>Fhd 1080p with privacy shutter<\/td>\n<\/tr>\n<tr>\n<td>Microphone<\/td>\n<\/tr>\n<tr>\n<td>2x, array<\/td>\n<\/tr>\n<tr>\n<td>Battery<\/td>\n<\/tr>\n<tr>\n<td>45wh<\/td>\n<\/tr>\n<tr>\n<td>Power adapter<\/td>\n<\/tr>\n<tr>\n<td>65w usb-c\u00ae (3-pin)<\/td>\n<\/tr>\n<tr>\n<td>Special features<\/td>\n<\/tr>\n<tr>\n<td>Modern standby<\/td>\n<\/tr>\n<tr>\n<td>Design<\/td>\n<\/tr>\n<tr>\n<td>Display[2]<\/td>\n<\/tr>\n<tr>\n<td>14 wuxga (1920&#215;1200) ips 300nits anti-glare, 45% ntsc,<\/td>\n<\/tr>\n<tr>\n<td>60hz, touch<\/td>\n<\/tr>\n<tr>\n<td>Touchscreen<\/td>\n<\/tr>\n<tr>\n<td>Add-on film touch, 10-point multi-touch<\/td>\n<\/tr>\n<tr>\n<td>Keyboard<\/td>\n<\/tr>\n<tr>\n<td>Backlit, spanish (la)<\/td>\n<\/tr>\n<tr>\n<td>Touchpad<\/td>\n<\/tr>\n<tr>\n<td>Buttonless mylar\u00ae surface multi-touch touchpad, supports<\/td>\n<\/tr>\n<tr>\n<td>Precision touchpad (ptp), 75 x 120 mm (2.95 x 4.72 inches)<\/td>\n<\/tr>\n<tr>\n<td>Case color<\/td>\n<\/tr>\n<tr>\n<td>Arctic grey<\/td>\n<\/tr>\n<tr>\n<td>Surface treatment<\/td>\n<\/tr>\n<tr>\n<td>Anodizing sandblasting<\/td>\n<\/tr>\n<tr>\n<td>Case material<\/td>\n<\/tr>\n<tr>\n<td>Aluminium (top), aluminium (bottom)<\/td>\n<\/tr>\n<tr>\n<td>Pen<\/td>\n<\/tr>\n<tr>\n<td>Pen not supported<\/td>\n<\/tr>\n<tr>\n<td>Dimensions (wxdxh)[3]<\/td>\n<\/tr>\n<tr>\n<td>313.5 x 224 x 16.9 mm (12.34 x 8.82 x 0.67 inches)<\/td>\n<\/tr>\n<tr>\n<td>Weight[4]<\/td>\n<\/tr>\n<tr>\n<td>Starting at 1.38 kg (3.04 lbs)<\/td>\n<\/tr>\n<tr>\n<td>Software<\/td>\n<\/tr>\n<tr>\n<td>Operating system<\/td>\n<\/tr>\n<tr>\n<td>Windows\u00ae 11 pro, spanish<\/td>\n<\/tr>\n<tr>\n<td>Bundled software<\/td>\n<\/tr>\n<tr>\n<td>Office trial<\/td>\n<\/tr>\n<tr>\n<td>Connectivity<\/td>\n<\/tr>\n<tr>\n<td>Wlan + bluetooth\u00ae[5]<\/td>\n<\/tr>\n<tr>\n<td>Wi-fi\u00ae 6, 802.11ax 2&#215;2 + bt5.2<\/td>\n<\/tr>\n<tr>\n<td>Wwan<\/td>\n<\/tr>\n<tr>\n<td>Non-wwan<\/td>\n<\/tr>\n<tr>\n<td>Ethernet<\/td>\n<\/tr>\n<tr>\n<td>100\/1000m (rj-45)<\/td>\n<\/tr>\n<tr>\n<td>Standard ports<\/td>\n<\/tr>\n<tr>\n<td>\u0095 1x usb-a (usb 5gbps \/ usb 3.2 gen 1)<\/td>\n<\/tr>\n<tr>\n<td>\u0095 1x usb-a (usb 5gbps \/ usb 3.2 gen 1), always on<\/td>\n<\/tr>\n<tr>\n<td>1x usb-c\u00ae (usb 10gbps \/ usb 3.2 gen 2), with usb pd<\/td>\n<\/tr>\n<tr>\n<td>3.0 and displayport\u0099 1.4<\/td>\n<\/tr>\n<tr>\n<td>\u0095<\/td>\n<\/tr>\n<tr>\n<td>1x usb-c\u00ae (thunderbolt\u0099 4 \/ usb4\u00ae 40gbps), with usb<\/td>\n<\/tr>\n<tr>\n<td>Pd 3.0 and displayport\u0099 2.1<\/td>\n<\/tr>\n<tr>\n<td>\u0095<\/td>\n<\/tr>\n<tr>\n<td>\u0095 1x hdmi\u00ae 2.1, up to 4k\/60hz<\/td>\n<\/tr>\n<tr>\n<td>\u0095 1x headphone \/ microphone combo jack (3.5mm)<\/td>\n<\/tr>\n<tr>\n<td>\u0095 1x ethernet (rj-45)<\/td>\n<\/tr>\n<tr>\n<td>\u0095 1x sd card reader<\/td>\n<\/tr>\n<tr>\n<td>Docking<\/td>\n<\/tr>\n<tr>\n<td>Various docking solutions supported via thunderbolt\u0099 or<\/td>\n<\/tr>\n<tr>\n<td>Usb-c\u00ae.<\/td>\n<\/tr>\n<tr>\n<td>For more compatible docking solutions, please visit docking<\/td>\n<\/tr>\n<tr>\n<td>For thinkbook\u00ae 14 g7 iml<\/td>\n<\/tr>\n<tr>\n<td>Security  and  privacy<\/td>\n<\/tr>\n<tr>\n<td>Security chip<\/td>\n<\/tr>\n<tr>\n<td>Firmware tpm 2.0 enabled<\/td>\n<\/tr>\n<tr>\n<td>Fingerprint reader<\/td>\n<\/tr>\n<tr>\n<td>Touch style, match-on-chip, integrated in power button<\/td>\n<\/tr>\n<tr>\n<td>Physical locks<\/td>\n<\/tr>\n<tr>\n<td>Kensington\u00ae nano security slot\u0099, 2.5 x 6 mm<\/td>\n<\/tr>\n<tr>\n<td>Other security<\/td>\n<\/tr>\n<tr>\n<td>Camera privacy shutter<\/td>\n<\/tr>\n<tr>\n<td>Manageability<\/td>\n<\/tr>\n<tr>\n<td>System management<\/td>\n<\/tr>\n<tr>\n<td>Non-vpro\u00ae<\/td>\n<\/tr>\n<tr>\n<td>Service<\/td>\n<\/tr>\n<tr>\n<td>Base warranty<\/td>\n<\/tr>\n<tr>\n<td>1-year, courier or carry-in<\/td>\n<\/tr>\n<\/table>\n","protected":false},"excerpt":{"rendered":"<p>El rendimiento que necesitas. La laptop lenovo thinkbook 14 7ma gen es ideal para propietarios de peque\u00f1as y medianas empresas, ingenieros de datos y profesionales en movimiento.<\/p>\n","protected":false},"featured_media":260310,"comment_status":"open","ping_status":"open","template":"","meta":[],"product_cat":[1886,1887],"product_tag":[1578],"acf":[],"yoast_head":"<!-- This site is optimized with the Yoast SEO plugin v21.7 - https:\/\/yoast.com\/wordpress\/plugins\/seo\/ -->\n<title>[ Lenovo ] &#129351; 21mr006klm Laptop Thinkbook 14 G7 Iml \/ Core Ultra 7 155u 4.8ghz \/ 16gb Ddr5 \/ 1tb Ssd \/ 14 Wuxga 1920x1200 Touch \/ Artic Grey Aluminio \/ Backlit Keyboard \/win 11 Pro \/ 1yr Centro De Servicio<\/title>\n<meta name=\"description\" content=\"Compra 21mr006klm Laptop Thinkbook 14 G7 Iml \/ Core Ultra 7 155u 4.8ghz \/ 16gb Ddr5 \/ 1tb Ssd \/ 14 Wuxga 1920x1200 Touch \/ Artic Grey Aluminio \/ Backlit Keyboard \/win 11 Pro \/ 1yr Centro De Servicio + Env\u00edo a domicilio + Pago seguro + Garant\u00eda\" \/>\n<meta name=\"robots\" content=\"index, follow, max-snippet:-1, max-image-preview:large, max-video-preview:-1\" \/>\n<link rel=\"canonical\" href=\"https:\/\/compuviper.mx\/tienda\/producto\/lenovo-21mr006klm-laptop-thinkbook-14-g7-iml-core-ultra-7-155u-4-8ghz-16gb-ddr5-1tb-ssd-14-wuxga-1920x1200-touch-artic-grey-aluminio-backlit-keyboard-win-11-pro-1yr-centro-de-servicio\/\" \/>\n<meta property=\"og:locale\" content=\"es_MX\" \/>\n<meta property=\"og:type\" content=\"article\" \/>\n<meta property=\"og:title\" content=\"[ Lenovo ] &#129351; 21mr006klm Laptop Thinkbook 14 G7 Iml \/ Core Ultra 7 155u 4.8ghz \/ 16gb Ddr5 \/ 1tb Ssd \/ 14 Wuxga 1920x1200 Touch \/ Artic Grey Aluminio \/ Backlit Keyboard \/win 11 Pro \/ 1yr Centro De Servicio\" \/>\n<meta property=\"og:description\" content=\"Compra 21mr006klm Laptop Thinkbook 14 G7 Iml \/ Core Ultra 7 155u 4.8ghz \/ 16gb Ddr5 \/ 1tb Ssd \/ 14 Wuxga 1920x1200 Touch \/ Artic Grey Aluminio \/ Backlit Keyboard \/win 11 Pro \/ 1yr Centro De Servicio + Env\u00edo a domicilio + Pago seguro + Garant\u00eda\" \/>\n<meta property=\"og:url\" content=\"https:\/\/compuviper.mx\/tienda\/producto\/lenovo-21mr006klm-laptop-thinkbook-14-g7-iml-core-ultra-7-155u-4-8ghz-16gb-ddr5-1tb-ssd-14-wuxga-1920x1200-touch-artic-grey-aluminio-backlit-keyboard-win-11-pro-1yr-centro-de-servicio\/\" \/>\n<meta property=\"og:site_name\" content=\"Compuviper\" \/>\n<meta property=\"article:publisher\" content=\"https:\/\/www.facebook.com\/compuviper\" \/>\n<meta property=\"article:modified_time\" content=\"2026-04-17T07:16:07+00:00\" \/>\n<meta property=\"og:image\" content=\"https:\/\/compuviper.mx\/tienda\/wp-content\/uploads\/2025\/10\/Laptop-lenovo-thinkbook-14-g7-iml-core-ultra-7-155u-4.8ghz-16gb-ddr5-1tb-ssd-14-wuxga-1920x1200-touch-artic-grey-aluminio-backlit-keyboard-win-11-pro-1yr-centro-de-servicio.jpg\" \/>\n\t<meta property=\"og:image:width\" content=\"200\" \/>\n\t<meta property=\"og:image:height\" content=\"200\" \/>\n\t<meta property=\"og:image:type\" content=\"image\/jpeg\" \/>\n<meta name=\"twitter:card\" content=\"summary_large_image\" \/>\n<meta name=\"twitter:label1\" content=\"Precio\" \/>\n\t<meta name=\"twitter:data1\" content=\"&#36;22,489 &#36;22,077 con IVA\" \/>\n\t<meta name=\"twitter:label2\" content=\"Availability\" \/>\n\t<meta name=\"twitter:data2\" content=\"In stock\" \/>\n<script type=\"application\/ld+json\" class=\"yoast-schema-graph\">{\"@context\":\"https:\/\/schema.org\",\"@graph\":[{\"@type\":\"WebPage\",\"@id\":\"https:\/\/compuviper.mx\/tienda\/producto\/lenovo-21mr006klm-laptop-thinkbook-14-g7-iml-core-ultra-7-155u-4-8ghz-16gb-ddr5-1tb-ssd-14-wuxga-1920x1200-touch-artic-grey-aluminio-backlit-keyboard-win-11-pro-1yr-centro-de-servicio\/\",\"url\":\"https:\/\/compuviper.mx\/tienda\/producto\/lenovo-21mr006klm-laptop-thinkbook-14-g7-iml-core-ultra-7-155u-4-8ghz-16gb-ddr5-1tb-ssd-14-wuxga-1920x1200-touch-artic-grey-aluminio-backlit-keyboard-win-11-pro-1yr-centro-de-servicio\/\",\"name\":\"[ Lenovo ] &#129351; 21mr006klm Laptop Thinkbook 14 G7 Iml \/ Core Ultra 7 155u 4.8ghz \/ 16gb Ddr5 \/ 1tb Ssd \/ 14 Wuxga 1920x1200 Touch \/ Artic Grey Aluminio \/ Backlit Keyboard \/win 11 Pro \/ 1yr Centro De Servicio\",\"isPartOf\":{\"@id\":\"https:\/\/compuviper.mx\/tienda\/#website\"},\"datePublished\":\"2026-04-17T07:16:06+00:00\",\"dateModified\":\"2026-04-17T07:16:07+00:00\",\"description\":\"Compra 21mr006klm Laptop Thinkbook 14 G7 Iml \/ Core Ultra 7 155u 4.8ghz \/ 16gb Ddr5 \/ 1tb Ssd \/ 14 Wuxga 1920x1200 Touch \/ Artic Grey Aluminio \/ Backlit Keyboard \/win 11 Pro \/ 1yr Centro De Servicio + Env\u00edo a domicilio + Pago seguro + Garant\u00eda\",\"breadcrumb\":{\"@id\":\"https:\/\/compuviper.mx\/tienda\/producto\/lenovo-21mr006klm-laptop-thinkbook-14-g7-iml-core-ultra-7-155u-4-8ghz-16gb-ddr5-1tb-ssd-14-wuxga-1920x1200-touch-artic-grey-aluminio-backlit-keyboard-win-11-pro-1yr-centro-de-servicio\/#breadcrumb\"},\"inLanguage\":\"es-MX\",\"potentialAction\":[{\"@type\":\"ReadAction\",\"target\":[\"https:\/\/compuviper.mx\/tienda\/producto\/lenovo-21mr006klm-laptop-thinkbook-14-g7-iml-core-ultra-7-155u-4-8ghz-16gb-ddr5-1tb-ssd-14-wuxga-1920x1200-touch-artic-grey-aluminio-backlit-keyboard-win-11-pro-1yr-centro-de-servicio\/\"]}]},{\"@type\":\"BreadcrumbList\",\"@id\":\"https:\/\/compuviper.mx\/tienda\/producto\/lenovo-21mr006klm-laptop-thinkbook-14-g7-iml-core-ultra-7-155u-4-8ghz-16gb-ddr5-1tb-ssd-14-wuxga-1920x1200-touch-artic-grey-aluminio-backlit-keyboard-win-11-pro-1yr-centro-de-servicio\/#breadcrumb\",\"itemListElement\":[{\"@type\":\"ListItem\",\"position\":1,\"name\":\"Inicio\",\"item\":\"https:\/\/compuviper.mx\/tienda\/\"},{\"@type\":\"ListItem\",\"position\":2,\"name\":\"Productos\",\"item\":\"https:\/\/compuviper.mx\/tienda\/productos\/\"},{\"@type\":\"ListItem\",\"position\":3,\"name\":\"Laptops\",\"item\":\"https:\/\/compuviper.mx\/tienda\/categoria-producto\/laptops\/\"},{\"@type\":\"ListItem\",\"position\":4,\"name\":\"Notebook\",\"item\":\"https:\/\/compuviper.mx\/tienda\/categoria-producto\/laptops\/notebook-laptops\/\"},{\"@type\":\"ListItem\",\"position\":5,\"name\":\"Lenovo 21mr006klm Laptop Thinkbook 14 G7 Iml \/ Core Ultra 7 155u 4.8ghz \/ 16gb Ddr5 \/ 1tb Ssd \/ 14 Wuxga 1920&#215;1200 Touch \/ Artic Grey Aluminio \/ Backlit Keyboard \/win 11 Pro \/ 1yr Centro De Servicio\"}]},{\"@type\":\"WebSite\",\"@id\":\"https:\/\/compuviper.mx\/tienda\/#website\",\"url\":\"https:\/\/compuviper.mx\/tienda\/\",\"name\":\"Compuviper\",\"description\":\"Proveedor de Computadoras, Laptops, Servidores, Monitores, Puntos de Venta, Teclados,   Impresoras, T\u00f3ner, C\u00e1maras de Seguridad y m\u00e1s en tu tienda en l\u00ednea\",\"publisher\":{\"@id\":\"https:\/\/compuviper.mx\/tienda\/#organization\"},\"potentialAction\":[{\"@type\":\"SearchAction\",\"target\":{\"@type\":\"EntryPoint\",\"urlTemplate\":\"https:\/\/compuviper.mx\/tienda\/?s={search_term_string}\"},\"query-input\":\"required name=search_term_string\"}],\"inLanguage\":\"es-MX\"},{\"@type\":\"Organization\",\"@id\":\"https:\/\/compuviper.mx\/tienda\/#organization\",\"name\":\"Compuviper\",\"url\":\"https:\/\/compuviper.mx\/tienda\/\",\"logo\":{\"@type\":\"ImageObject\",\"inLanguage\":\"es-MX\",\"@id\":\"https:\/\/compuviper.mx\/tienda\/#\/schema\/logo\/image\/\",\"url\":\"https:\/\/compuviper.mx\/tienda\/wp-content\/uploads\/2021\/08\/Logo-Compuviper-10.png\",\"contentUrl\":\"https:\/\/compuviper.mx\/tienda\/wp-content\/uploads\/2021\/08\/Logo-Compuviper-10.png\",\"width\":1000,\"height\":500,\"caption\":\"Compuviper\"},\"image\":{\"@id\":\"https:\/\/compuviper.mx\/tienda\/#\/schema\/logo\/image\/\"},\"sameAs\":[\"https:\/\/www.facebook.com\/compuviper\",\"https:\/\/www.youtube.com\/channel\/UCf73dERp9Y3cfOq7q8BhLjA?view_as=subscriber\"]}]}<\/script>\n<meta property=\"product:brand\" content=\"LENOVO\" \/>\n<meta property=\"product:price:amount\" content=\"22077\" \/>\n<meta property=\"product:price:currency\" content=\"MXN\" \/>\n<meta property=\"og:availability\" content=\"instock\" \/>\n<meta property=\"product:availability\" content=\"instock\" \/>\n<meta property=\"product:retailer_item_id\" content=\"21MR006KLM\" \/>\n<meta property=\"product:condition\" content=\"new\" \/>\n<!-- \/ Yoast SEO plugin. -->","yoast_head_json":{"title":"[ Lenovo ] &#129351; 21mr006klm Laptop Thinkbook 14 G7 Iml \/ Core Ultra 7 155u 4.8ghz \/ 16gb Ddr5 \/ 1tb Ssd \/ 14 Wuxga 1920x1200 Touch \/ Artic Grey Aluminio \/ Backlit Keyboard \/win 11 Pro \/ 1yr Centro De Servicio","description":"Compra 21mr006klm Laptop Thinkbook 14 G7 Iml \/ Core Ultra 7 155u 4.8ghz \/ 16gb Ddr5 \/ 1tb Ssd \/ 14 Wuxga 1920x1200 Touch \/ Artic Grey Aluminio \/ Backlit Keyboard \/win 11 Pro \/ 1yr Centro De Servicio + Env\u00edo a domicilio + Pago seguro + Garant\u00eda","robots":{"index":"index","follow":"follow","max-snippet":"max-snippet:-1","max-image-preview":"max-image-preview:large","max-video-preview":"max-video-preview:-1"},"canonical":"https:\/\/compuviper.mx\/tienda\/producto\/lenovo-21mr006klm-laptop-thinkbook-14-g7-iml-core-ultra-7-155u-4-8ghz-16gb-ddr5-1tb-ssd-14-wuxga-1920x1200-touch-artic-grey-aluminio-backlit-keyboard-win-11-pro-1yr-centro-de-servicio\/","og_locale":"es_MX","og_type":"article","og_title":"[ Lenovo ] &#129351; 21mr006klm Laptop Thinkbook 14 G7 Iml \/ Core Ultra 7 155u 4.8ghz \/ 16gb Ddr5 \/ 1tb Ssd \/ 14 Wuxga 1920x1200 Touch \/ Artic Grey Aluminio \/ Backlit Keyboard \/win 11 Pro \/ 1yr Centro De Servicio","og_description":"Compra 21mr006klm Laptop Thinkbook 14 G7 Iml \/ Core Ultra 7 155u 4.8ghz \/ 16gb Ddr5 \/ 1tb Ssd \/ 14 Wuxga 1920x1200 Touch \/ Artic Grey Aluminio \/ Backlit Keyboard \/win 11 Pro \/ 1yr Centro De Servicio + Env\u00edo a domicilio + Pago seguro + Garant\u00eda","og_url":"https:\/\/compuviper.mx\/tienda\/producto\/lenovo-21mr006klm-laptop-thinkbook-14-g7-iml-core-ultra-7-155u-4-8ghz-16gb-ddr5-1tb-ssd-14-wuxga-1920x1200-touch-artic-grey-aluminio-backlit-keyboard-win-11-pro-1yr-centro-de-servicio\/","og_site_name":"Compuviper","article_publisher":"https:\/\/www.facebook.com\/compuviper","article_modified_time":"2026-04-17T07:16:07+00:00","og_image":[{"width":200,"height":200,"url":"https:\/\/compuviper.mx\/tienda\/wp-content\/uploads\/2025\/10\/Laptop-lenovo-thinkbook-14-g7-iml-core-ultra-7-155u-4.8ghz-16gb-ddr5-1tb-ssd-14-wuxga-1920x1200-touch-artic-grey-aluminio-backlit-keyboard-win-11-pro-1yr-centro-de-servicio.jpg","type":"image\/jpeg"}],"twitter_card":"summary_large_image","twitter_misc":{"Precio":"&#36;22,489 &#36;22,077 con IVA","Availability":"In stock"},"schema":{"@context":"https:\/\/schema.org","@graph":[{"@type":"WebPage","@id":"https:\/\/compuviper.mx\/tienda\/producto\/lenovo-21mr006klm-laptop-thinkbook-14-g7-iml-core-ultra-7-155u-4-8ghz-16gb-ddr5-1tb-ssd-14-wuxga-1920x1200-touch-artic-grey-aluminio-backlit-keyboard-win-11-pro-1yr-centro-de-servicio\/","url":"https:\/\/compuviper.mx\/tienda\/producto\/lenovo-21mr006klm-laptop-thinkbook-14-g7-iml-core-ultra-7-155u-4-8ghz-16gb-ddr5-1tb-ssd-14-wuxga-1920x1200-touch-artic-grey-aluminio-backlit-keyboard-win-11-pro-1yr-centro-de-servicio\/","name":"[ Lenovo ] &#129351; 21mr006klm Laptop Thinkbook 14 G7 Iml \/ Core Ultra 7 155u 4.8ghz \/ 16gb Ddr5 \/ 1tb Ssd \/ 14 Wuxga 1920x1200 Touch \/ Artic Grey Aluminio \/ Backlit Keyboard \/win 11 Pro \/ 1yr Centro De Servicio","isPartOf":{"@id":"https:\/\/compuviper.mx\/tienda\/#website"},"datePublished":"2026-04-17T07:16:06+00:00","dateModified":"2026-04-17T07:16:07+00:00","description":"Compra 21mr006klm Laptop Thinkbook 14 G7 Iml \/ Core Ultra 7 155u 4.8ghz \/ 16gb Ddr5 \/ 1tb Ssd \/ 14 Wuxga 1920x1200 Touch \/ Artic Grey Aluminio \/ Backlit Keyboard \/win 11 Pro \/ 1yr Centro De Servicio + Env\u00edo a domicilio + Pago seguro + Garant\u00eda","breadcrumb":{"@id":"https:\/\/compuviper.mx\/tienda\/producto\/lenovo-21mr006klm-laptop-thinkbook-14-g7-iml-core-ultra-7-155u-4-8ghz-16gb-ddr5-1tb-ssd-14-wuxga-1920x1200-touch-artic-grey-aluminio-backlit-keyboard-win-11-pro-1yr-centro-de-servicio\/#breadcrumb"},"inLanguage":"es-MX","potentialAction":[{"@type":"ReadAction","target":["https:\/\/compuviper.mx\/tienda\/producto\/lenovo-21mr006klm-laptop-thinkbook-14-g7-iml-core-ultra-7-155u-4-8ghz-16gb-ddr5-1tb-ssd-14-wuxga-1920x1200-touch-artic-grey-aluminio-backlit-keyboard-win-11-pro-1yr-centro-de-servicio\/"]}]},{"@type":"BreadcrumbList","@id":"https:\/\/compuviper.mx\/tienda\/producto\/lenovo-21mr006klm-laptop-thinkbook-14-g7-iml-core-ultra-7-155u-4-8ghz-16gb-ddr5-1tb-ssd-14-wuxga-1920x1200-touch-artic-grey-aluminio-backlit-keyboard-win-11-pro-1yr-centro-de-servicio\/#breadcrumb","itemListElement":[{"@type":"ListItem","position":1,"name":"Inicio","item":"https:\/\/compuviper.mx\/tienda\/"},{"@type":"ListItem","position":2,"name":"Productos","item":"https:\/\/compuviper.mx\/tienda\/productos\/"},{"@type":"ListItem","position":3,"name":"Laptops","item":"https:\/\/compuviper.mx\/tienda\/categoria-producto\/laptops\/"},{"@type":"ListItem","position":4,"name":"Notebook","item":"https:\/\/compuviper.mx\/tienda\/categoria-producto\/laptops\/notebook-laptops\/"},{"@type":"ListItem","position":5,"name":"Lenovo 21mr006klm Laptop Thinkbook 14 G7 Iml \/ Core Ultra 7 155u 4.8ghz \/ 16gb Ddr5 \/ 1tb Ssd \/ 14 Wuxga 1920&#215;1200 Touch \/ Artic Grey Aluminio \/ Backlit Keyboard \/win 11 Pro \/ 1yr Centro De Servicio"}]},{"@type":"WebSite","@id":"https:\/\/compuviper.mx\/tienda\/#website","url":"https:\/\/compuviper.mx\/tienda\/","name":"Compuviper","description":"Proveedor de Computadoras, Laptops, Servidores, Monitores, Puntos de Venta, Teclados,   Impresoras, T\u00f3ner, C\u00e1maras de Seguridad y m\u00e1s en tu tienda en l\u00ednea","publisher":{"@id":"https:\/\/compuviper.mx\/tienda\/#organization"},"potentialAction":[{"@type":"SearchAction","target":{"@type":"EntryPoint","urlTemplate":"https:\/\/compuviper.mx\/tienda\/?s={search_term_string}"},"query-input":"required name=search_term_string"}],"inLanguage":"es-MX"},{"@type":"Organization","@id":"https:\/\/compuviper.mx\/tienda\/#organization","name":"Compuviper","url":"https:\/\/compuviper.mx\/tienda\/","logo":{"@type":"ImageObject","inLanguage":"es-MX","@id":"https:\/\/compuviper.mx\/tienda\/#\/schema\/logo\/image\/","url":"https:\/\/compuviper.mx\/tienda\/wp-content\/uploads\/2021\/08\/Logo-Compuviper-10.png","contentUrl":"https:\/\/compuviper.mx\/tienda\/wp-content\/uploads\/2021\/08\/Logo-Compuviper-10.png","width":1000,"height":500,"caption":"Compuviper"},"image":{"@id":"https:\/\/compuviper.mx\/tienda\/#\/schema\/logo\/image\/"},"sameAs":["https:\/\/www.facebook.com\/compuviper","https:\/\/www.youtube.com\/channel\/UCf73dERp9Y3cfOq7q8BhLjA?view_as=subscriber"]}]},"product_brand":"LENOVO","product_price_amount":"22077","product_price_currency":"MXN","og_availability":"instock","product_availability":"instock","product_retailer_item_id":"21MR006KLM","product_condition":"new"},"_links":{"self":[{"href":"https:\/\/compuviper.mx\/tienda\/wp-json\/wp\/v2\/product\/254154"}],"collection":[{"href":"https:\/\/compuviper.mx\/tienda\/wp-json\/wp\/v2\/product"}],"about":[{"href":"https:\/\/compuviper.mx\/tienda\/wp-json\/wp\/v2\/types\/product"}],"replies":[{"embeddable":true,"href":"https:\/\/compuviper.mx\/tienda\/wp-json\/wp\/v2\/comments?post=254154"}],"wp:featuredmedia":[{"embeddable":true,"href":"https:\/\/compuviper.mx\/tienda\/wp-json\/wp\/v2\/media\/260310"}],"wp:attachment":[{"href":"https:\/\/compuviper.mx\/tienda\/wp-json\/wp\/v2\/media?parent=254154"}],"wp:term":[{"taxonomy":"product_cat","embeddable":true,"href":"https:\/\/compuviper.mx\/tienda\/wp-json\/wp\/v2\/product_cat?post=254154"},{"taxonomy":"product_tag","embeddable":true,"href":"https:\/\/compuviper.mx\/tienda\/wp-json\/wp\/v2\/product_tag?post=254154"}],"curies":[{"name":"wp","href":"https:\/\/api.w.org\/{rel}","templated":true}]}}