{"id":254114,"date":"2026-04-11T00:45:25","date_gmt":"2026-04-11T06:45:25","guid":{"rendered":"https:\/\/compuviper.mx\/tienda\/producto\/3nstar-k21-i511w-8-240w11-kiosco-k21-21-5-pulgadas-windows-11-iot-enterprise-value-8gb-ram-240-gb-ssd-usb-wifi-ethernet-red-bluetooth-intel-core-i5-th-generacion-2-0-ghz\/"},"modified":"2026-04-11T00:45:25","modified_gmt":"2026-04-11T06:45:25","slug":"3nstar-k21-i511w-8-240w11-kiosco-k21-21-5-pulgadas-windows-11-iot-enterprise-value-8gb-ram-240-gb-ssd-usb-wifi-ethernet-red-bluetooth-intel-core-i5-th-generacion-2-0-ghz","status":"publish","type":"product","link":"https:\/\/compuviper.mx\/tienda\/producto\/3nstar-k21-i511w-8-240w11-kiosco-k21-21-5-pulgadas-windows-11-iot-enterprise-value-8gb-ram-240-gb-ssd-usb-wifi-ethernet-red-bluetooth-intel-core-i5-th-generacion-2-0-ghz\/","title":{"rendered":"3nstar K21-i511w-8-240w11 Kiosco  K21, 21.5 Pulgadas, Windows 11 Iot Enterprise Value , 8gb Ram , 240 Gb Ssd, Usb, Wifi, Ethernet Red, Bluetooth, Intel Core I5 Th Generacion,  2.0 Ghz."},"content":{"rendered":"<table class=\"descripcion\">\n<tr>\n<td>Caracteristicas fisicas<\/td>\n<\/tr>\n<tr>\n<td>Dimensiones: 794mm h x 349mm l x 400mm w<\/td>\n<\/tr>\n<tr>\n<td>Peso: 23.2 kg<\/td>\n<\/tr>\n<tr>\n<td>Construccion: marcos de acero y piezas de aluminio<\/td>\n<\/tr>\n<tr>\n<td>Color: negro<\/td>\n<\/tr>\n<tr>\n<td>Performance<\/td>\n<\/tr>\n<tr>\n<td>Sistema operativo<\/td>\n<\/tr>\n<tr>\n<td>Opcional: windows o linux<\/td>\n<\/tr>\n<tr>\n<td>Cpu: intel core i5 11 th  generacion<\/td>\n<\/tr>\n<tr>\n<td>Memoria: 8gb ram max 16 gb ddr4<\/td>\n<\/tr>\n<tr>\n<td>Almacenamiento: 240 gb ssd m.2 pcle nvm 4gen max 1tb<\/td>\n<\/tr>\n<tr>\n<td>Conectividad<\/td>\n<\/tr>\n<tr>\n<td>Wii-fi: 802.11b\/g\/n 150\/300mbps<\/td>\n<\/tr>\n<tr>\n<td>Bluetooth: 4.0<\/td>\n<\/tr>\n<tr>\n<td>Ethernet: 10\/100\/1000m rj45<\/td>\n<\/tr>\n<tr>\n<td>Usb: 4 puertos internos , 2 puertos externos<\/td>\n<\/tr>\n<tr>\n<td>Serial: rs232 1 rs232 db9<\/td>\n<\/tr>\n<tr>\n<td>Salida de video: 1 vga<\/td>\n<\/tr>\n<tr>\n<td>Salida de audio: 2 altavoces<\/td>\n<\/tr>\n<tr>\n<td>Panel tactil<\/td>\n<\/tr>\n<tr>\n<td>Tipo de pantalla tactil: capacitiva 10 puntos<\/td>\n<\/tr>\n<tr>\n<td>Transmitancia:  85<\/td>\n<\/tr>\n<tr>\n<td>Tiempos de contacto: mas de 50.000.000<\/td>\n<\/tr>\n<tr>\n<td>Monitor<\/td>\n<\/tr>\n<tr>\n<td>Tipo: 21 tft lcd panel<\/td>\n<\/tr>\n<tr>\n<td>Resolucion: 1920 1080<\/td>\n<\/tr>\n<tr>\n<td>Pixel: 0.24825vx0.08275hmm<\/td>\n<\/tr>\n<tr>\n<td>Brillo: tipico 250 cd\/m\u00b2<\/td>\n<\/tr>\n<tr>\n<td>Contraste: ratio 2000: 1min 3000:1tipo<\/td>\n<\/tr>\n<tr>\n<td>Ancho de banda: 60hz<\/td>\n<\/tr>\n<tr>\n<td>Soporte de color: 16.7m<\/td>\n<\/tr>\n<tr>\n<td>Vida util: mas de 30.000 horas<\/td>\n<\/tr>\n<tr>\n<td>Impresora<\/td>\n<\/tr>\n<tr>\n<td>Tipo: rpt015 opcional<\/td>\n<\/tr>\n<tr>\n<td>Velocidad de imprsion: 300 mm\/s<\/td>\n<\/tr>\n<tr>\n<td>Vida util del cabezal: 150 km.<\/td>\n<\/tr>\n<tr>\n<td>Vida util del cortador: 2 millones de cortes<\/td>\n<\/tr>\n<tr>\n<td>Opciones<\/td>\n<\/tr>\n<tr>\n<td>Soporte de suelo: proporciona una solucion de instalacion perfecta para colocar el quiosco de forma segura en el suelo.<\/td>\n<\/tr>\n<tr>\n<td>Escaner de codigo de barras<\/td>\n<\/tr>\n<tr>\n<td>Opcional: sck 2d scanner<\/td>\n<\/tr>\n<tr>\n<td>Lector de banda magnetica<\/td>\n<\/tr>\n<tr>\n<td>Opcional: msr003 3 pistas<\/td>\n<\/tr>\n<tr>\n<td>Soporte de terminal de pago: soporta diferentes tamaos de terminales de pago<\/td>\n<\/tr>\n<tr>\n<td>Electrico<\/td>\n<\/tr>\n<tr>\n<td>Consumo de energia: 57w<\/td>\n<\/tr>\n<tr>\n<td>Salida del adaptador: dc 12v 7a<\/td>\n<\/tr>\n<tr>\n<td>Entrada del adaptador: ac 100-240v, 50-60hz<\/td>\n<\/tr>\n<tr>\n<td>Medioambiental<\/td>\n<\/tr>\n<tr>\n<td>Temperatura de funcionamiento: de 0\u00b0c a 40\u00b0c<\/td>\n<\/tr>\n<tr>\n<td>Temperatura de almacenamiento: -20\u00b0c a 60\u00b0c<\/td>\n<\/tr>\n<tr>\n<td>Humedad: 10 a 80<\/td>\n<\/tr>\n<tr>\n<td>Embalaje<\/td>\n<\/tr>\n<tr>\n<td>Contenido de la caja: herrajes de soporte periferico , torniollos , anternas y cables de alimentacion<\/td>\n<\/tr>\n<tr>\n<td>Tamao de la caja<\/td>\n<\/tr>\n<tr>\n<td>Kiosco: 910mm x 510mm x 515mm<\/td>\n<\/tr>\n<tr>\n<td>Doporte de pios : 940mm x 340mm x 340mm<\/td>\n<\/tr>\n<tr>\n<td>Peso<\/td>\n<\/tr>\n<tr>\n<td>Kiosco: 25kg<\/td>\n<\/tr>\n<tr>\n<td>Soporte de pso: 9.5kg .<\/td>\n<\/tr>\n<tr>\n<td>Garantia<\/td>\n<\/tr>\n<tr>\n<td>Garantia: 1 ao garantia extendida disponible<\/td>\n<\/tr>\n<\/table>\n","protected":false},"excerpt":{"rendered":"<p>El kiosco 3nstar k21 es una solucion interactiva de vanguardia con pantalla tactil de 21.5 y opciones de impresora de 80mm, lector de codigos de barras 2d y de banda magnetica . Con un diseo elegante y resistente , este kiosco ofrece una experiencia intuitiva y versatil para aplicaciones de autoservicio , comercio minorista y centros de informacion . La pantalla amplia y nitida brinda una interfaz facil de usar , mientras que la impresora de alta calidad permite la impresion rapida de recibos<\/p>\n","protected":false},"featured_media":259793,"comment_status":"open","ping_status":"open","template":"","meta":[],"product_cat":[2261,2262],"product_tag":[1570],"acf":[],"yoast_head":"<!-- This site is optimized with the Yoast SEO plugin v21.7 - https:\/\/yoast.com\/wordpress\/plugins\/seo\/ -->\n<title>[ 3nstar ] &#129351; K21-i511w-8-240w11 Kiosco K21, 21.5 Pulgadas, Windows 11 Iot Enterprise Value , 8gb Ram , 240 Gb Ssd, Usb, Wifi, Ethernet Red, Bluetooth, Intel Core I5 Th Generacion, 2.0 Ghz.<\/title>\n<meta name=\"description\" content=\"Compra K21-i511w-8-240w11 Kiosco K21, 21.5 Pulgadas, Windows 11 Iot Enterprise Value , 8gb Ram , 240 Gb Ssd, Usb, Wifi, Ethernet Red, Bluetooth, Intel Core I5 Th Generacion, 2.0 Ghz. + Env\u00edo a domicilio + Pago seguro + Garant\u00eda\" \/>\n<meta name=\"robots\" content=\"index, follow, max-snippet:-1, max-image-preview:large, max-video-preview:-1\" \/>\n<link rel=\"canonical\" href=\"https:\/\/compuviper.mx\/tienda\/producto\/3nstar-k21-i511w-8-240w11-kiosco-k21-21-5-pulgadas-windows-11-iot-enterprise-value-8gb-ram-240-gb-ssd-usb-wifi-ethernet-red-bluetooth-intel-core-i5-th-generacion-2-0-ghz\/\" \/>\n<meta property=\"og:locale\" content=\"es_MX\" \/>\n<meta property=\"og:type\" content=\"article\" \/>\n<meta property=\"og:title\" content=\"[ 3nstar ] &#129351; K21-i511w-8-240w11 Kiosco K21, 21.5 Pulgadas, Windows 11 Iot Enterprise Value , 8gb Ram , 240 Gb Ssd, Usb, Wifi, Ethernet Red, Bluetooth, Intel Core I5 Th Generacion, 2.0 Ghz.\" \/>\n<meta property=\"og:description\" content=\"Compra K21-i511w-8-240w11 Kiosco K21, 21.5 Pulgadas, Windows 11 Iot Enterprise Value , 8gb Ram , 240 Gb Ssd, Usb, Wifi, Ethernet Red, Bluetooth, Intel Core I5 Th Generacion, 2.0 Ghz. + Env\u00edo a domicilio + Pago seguro + Garant\u00eda\" \/>\n<meta property=\"og:url\" content=\"https:\/\/compuviper.mx\/tienda\/producto\/3nstar-k21-i511w-8-240w11-kiosco-k21-21-5-pulgadas-windows-11-iot-enterprise-value-8gb-ram-240-gb-ssd-usb-wifi-ethernet-red-bluetooth-intel-core-i5-th-generacion-2-0-ghz\/\" \/>\n<meta property=\"og:site_name\" content=\"Compuviper\" \/>\n<meta property=\"article:publisher\" content=\"https:\/\/www.facebook.com\/compuviper\" \/>\n<meta property=\"og:image\" content=\"https:\/\/compuviper.mx\/tienda\/wp-content\/uploads\/2025\/10\/Kiosco-3nstar-k21-21.5-pulgadas-windows-11-iot-enterprise-value-8gb-ram-240-gb-ssd-usb-wifi-ethernet-red-bluetooth-intel-core-i5-th-generacion-2.0-ghz.jpg\" \/>\n\t<meta property=\"og:image:width\" content=\"200\" \/>\n\t<meta property=\"og:image:height\" content=\"200\" \/>\n\t<meta property=\"og:image:type\" content=\"image\/jpeg\" \/>\n<meta name=\"twitter:card\" content=\"summary_large_image\" \/>\n<meta name=\"twitter:label1\" content=\"Precio\" \/>\n\t<meta name=\"twitter:data1\" content=\"&#36;27,711 con IVA\" \/>\n\t<meta name=\"twitter:label2\" content=\"Availability\" \/>\n\t<meta name=\"twitter:data2\" content=\"On backorder\" \/>\n<script type=\"application\/ld+json\" class=\"yoast-schema-graph\">{\"@context\":\"https:\/\/schema.org\",\"@graph\":[{\"@type\":\"WebPage\",\"@id\":\"https:\/\/compuviper.mx\/tienda\/producto\/3nstar-k21-i511w-8-240w11-kiosco-k21-21-5-pulgadas-windows-11-iot-enterprise-value-8gb-ram-240-gb-ssd-usb-wifi-ethernet-red-bluetooth-intel-core-i5-th-generacion-2-0-ghz\/\",\"url\":\"https:\/\/compuviper.mx\/tienda\/producto\/3nstar-k21-i511w-8-240w11-kiosco-k21-21-5-pulgadas-windows-11-iot-enterprise-value-8gb-ram-240-gb-ssd-usb-wifi-ethernet-red-bluetooth-intel-core-i5-th-generacion-2-0-ghz\/\",\"name\":\"[ 3nstar ] &#129351; K21-i511w-8-240w11 Kiosco K21, 21.5 Pulgadas, Windows 11 Iot Enterprise Value , 8gb Ram , 240 Gb Ssd, Usb, Wifi, Ethernet Red, Bluetooth, Intel Core I5 Th Generacion, 2.0 Ghz.\",\"isPartOf\":{\"@id\":\"https:\/\/compuviper.mx\/tienda\/#website\"},\"datePublished\":\"2026-04-11T06:45:25+00:00\",\"dateModified\":\"2026-04-11T06:45:25+00:00\",\"description\":\"Compra K21-i511w-8-240w11 Kiosco K21, 21.5 Pulgadas, Windows 11 Iot Enterprise Value , 8gb Ram , 240 Gb Ssd, Usb, Wifi, Ethernet Red, Bluetooth, Intel Core I5 Th Generacion, 2.0 Ghz. + Env\u00edo a domicilio + Pago seguro + Garant\u00eda\",\"breadcrumb\":{\"@id\":\"https:\/\/compuviper.mx\/tienda\/producto\/3nstar-k21-i511w-8-240w11-kiosco-k21-21-5-pulgadas-windows-11-iot-enterprise-value-8gb-ram-240-gb-ssd-usb-wifi-ethernet-red-bluetooth-intel-core-i5-th-generacion-2-0-ghz\/#breadcrumb\"},\"inLanguage\":\"es-MX\",\"potentialAction\":[{\"@type\":\"ReadAction\",\"target\":[\"https:\/\/compuviper.mx\/tienda\/producto\/3nstar-k21-i511w-8-240w11-kiosco-k21-21-5-pulgadas-windows-11-iot-enterprise-value-8gb-ram-240-gb-ssd-usb-wifi-ethernet-red-bluetooth-intel-core-i5-th-generacion-2-0-ghz\/\"]}]},{\"@type\":\"BreadcrumbList\",\"@id\":\"https:\/\/compuviper.mx\/tienda\/producto\/3nstar-k21-i511w-8-240w11-kiosco-k21-21-5-pulgadas-windows-11-iot-enterprise-value-8gb-ram-240-gb-ssd-usb-wifi-ethernet-red-bluetooth-intel-core-i5-th-generacion-2-0-ghz\/#breadcrumb\",\"itemListElement\":[{\"@type\":\"ListItem\",\"position\":1,\"name\":\"Inicio\",\"item\":\"https:\/\/compuviper.mx\/tienda\/\"},{\"@type\":\"ListItem\",\"position\":2,\"name\":\"Productos\",\"item\":\"https:\/\/compuviper.mx\/tienda\/productos\/\"},{\"@type\":\"ListItem\",\"position\":3,\"name\":\"Kiosko\",\"item\":\"https:\/\/compuviper.mx\/tienda\/categoria-producto\/kiosko\/\"},{\"@type\":\"ListItem\",\"position\":4,\"name\":\"Sin Categor\u00eda\",\"item\":\"https:\/\/compuviper.mx\/tienda\/categoria-producto\/kiosko\/sin-categoria-kiosko\/\"},{\"@type\":\"ListItem\",\"position\":5,\"name\":\"3nstar K21-i511w-8-240w11 Kiosco K21, 21.5 Pulgadas, Windows 11 Iot Enterprise Value , 8gb Ram , 240 Gb Ssd, Usb, Wifi, Ethernet Red, Bluetooth, Intel Core I5 Th Generacion, 2.0 Ghz.\"}]},{\"@type\":\"WebSite\",\"@id\":\"https:\/\/compuviper.mx\/tienda\/#website\",\"url\":\"https:\/\/compuviper.mx\/tienda\/\",\"name\":\"Compuviper\",\"description\":\"Proveedor de Computadoras, Laptops, Servidores, Monitores, Puntos de Venta, Teclados,   Impresoras, T\u00f3ner, C\u00e1maras de Seguridad y m\u00e1s en tu tienda en l\u00ednea\",\"publisher\":{\"@id\":\"https:\/\/compuviper.mx\/tienda\/#organization\"},\"potentialAction\":[{\"@type\":\"SearchAction\",\"target\":{\"@type\":\"EntryPoint\",\"urlTemplate\":\"https:\/\/compuviper.mx\/tienda\/?s={search_term_string}\"},\"query-input\":\"required name=search_term_string\"}],\"inLanguage\":\"es-MX\"},{\"@type\":\"Organization\",\"@id\":\"https:\/\/compuviper.mx\/tienda\/#organization\",\"name\":\"Compuviper\",\"url\":\"https:\/\/compuviper.mx\/tienda\/\",\"logo\":{\"@type\":\"ImageObject\",\"inLanguage\":\"es-MX\",\"@id\":\"https:\/\/compuviper.mx\/tienda\/#\/schema\/logo\/image\/\",\"url\":\"https:\/\/compuviper.mx\/tienda\/wp-content\/uploads\/2021\/08\/Logo-Compuviper-10.png\",\"contentUrl\":\"https:\/\/compuviper.mx\/tienda\/wp-content\/uploads\/2021\/08\/Logo-Compuviper-10.png\",\"width\":1000,\"height\":500,\"caption\":\"Compuviper\"},\"image\":{\"@id\":\"https:\/\/compuviper.mx\/tienda\/#\/schema\/logo\/image\/\"},\"sameAs\":[\"https:\/\/www.facebook.com\/compuviper\",\"https:\/\/www.youtube.com\/channel\/UCf73dERp9Y3cfOq7q8BhLjA?view_as=subscriber\"]}]}<\/script>\n<meta property=\"product:brand\" content=\"3NSTAR\" \/>\n<meta property=\"product:price:amount\" content=\"27711\" \/>\n<meta property=\"product:price:currency\" content=\"MXN\" \/>\n<meta property=\"og:availability\" content=\"backorder\" \/>\n<meta property=\"product:availability\" content=\"available for order\" \/>\n<meta property=\"product:retailer_item_id\" content=\"K21-I511W-8-240W11\" \/>\n<meta property=\"product:condition\" content=\"new\" \/>\n<!-- \/ Yoast SEO plugin. -->","yoast_head_json":{"title":"[ 3nstar ] &#129351; K21-i511w-8-240w11 Kiosco K21, 21.5 Pulgadas, Windows 11 Iot Enterprise Value , 8gb Ram , 240 Gb Ssd, Usb, Wifi, Ethernet Red, Bluetooth, Intel Core I5 Th Generacion, 2.0 Ghz.","description":"Compra K21-i511w-8-240w11 Kiosco K21, 21.5 Pulgadas, Windows 11 Iot Enterprise Value , 8gb Ram , 240 Gb Ssd, Usb, Wifi, Ethernet Red, Bluetooth, Intel Core I5 Th Generacion, 2.0 Ghz. + Env\u00edo a domicilio + Pago seguro + Garant\u00eda","robots":{"index":"index","follow":"follow","max-snippet":"max-snippet:-1","max-image-preview":"max-image-preview:large","max-video-preview":"max-video-preview:-1"},"canonical":"https:\/\/compuviper.mx\/tienda\/producto\/3nstar-k21-i511w-8-240w11-kiosco-k21-21-5-pulgadas-windows-11-iot-enterprise-value-8gb-ram-240-gb-ssd-usb-wifi-ethernet-red-bluetooth-intel-core-i5-th-generacion-2-0-ghz\/","og_locale":"es_MX","og_type":"article","og_title":"[ 3nstar ] &#129351; K21-i511w-8-240w11 Kiosco K21, 21.5 Pulgadas, Windows 11 Iot Enterprise Value , 8gb Ram , 240 Gb Ssd, Usb, Wifi, Ethernet Red, Bluetooth, Intel Core I5 Th Generacion, 2.0 Ghz.","og_description":"Compra K21-i511w-8-240w11 Kiosco K21, 21.5 Pulgadas, Windows 11 Iot Enterprise Value , 8gb Ram , 240 Gb Ssd, Usb, Wifi, Ethernet Red, Bluetooth, Intel Core I5 Th Generacion, 2.0 Ghz. + Env\u00edo a domicilio + Pago seguro + Garant\u00eda","og_url":"https:\/\/compuviper.mx\/tienda\/producto\/3nstar-k21-i511w-8-240w11-kiosco-k21-21-5-pulgadas-windows-11-iot-enterprise-value-8gb-ram-240-gb-ssd-usb-wifi-ethernet-red-bluetooth-intel-core-i5-th-generacion-2-0-ghz\/","og_site_name":"Compuviper","article_publisher":"https:\/\/www.facebook.com\/compuviper","og_image":[{"width":200,"height":200,"url":"https:\/\/compuviper.mx\/tienda\/wp-content\/uploads\/2025\/10\/Kiosco-3nstar-k21-21.5-pulgadas-windows-11-iot-enterprise-value-8gb-ram-240-gb-ssd-usb-wifi-ethernet-red-bluetooth-intel-core-i5-th-generacion-2.0-ghz.jpg","type":"image\/jpeg"}],"twitter_card":"summary_large_image","twitter_misc":{"Precio":"&#36;27,711 con IVA","Availability":"On backorder"},"schema":{"@context":"https:\/\/schema.org","@graph":[{"@type":"WebPage","@id":"https:\/\/compuviper.mx\/tienda\/producto\/3nstar-k21-i511w-8-240w11-kiosco-k21-21-5-pulgadas-windows-11-iot-enterprise-value-8gb-ram-240-gb-ssd-usb-wifi-ethernet-red-bluetooth-intel-core-i5-th-generacion-2-0-ghz\/","url":"https:\/\/compuviper.mx\/tienda\/producto\/3nstar-k21-i511w-8-240w11-kiosco-k21-21-5-pulgadas-windows-11-iot-enterprise-value-8gb-ram-240-gb-ssd-usb-wifi-ethernet-red-bluetooth-intel-core-i5-th-generacion-2-0-ghz\/","name":"[ 3nstar ] &#129351; K21-i511w-8-240w11 Kiosco K21, 21.5 Pulgadas, Windows 11 Iot Enterprise Value , 8gb Ram , 240 Gb Ssd, Usb, Wifi, Ethernet Red, Bluetooth, Intel Core I5 Th Generacion, 2.0 Ghz.","isPartOf":{"@id":"https:\/\/compuviper.mx\/tienda\/#website"},"datePublished":"2026-04-11T06:45:25+00:00","dateModified":"2026-04-11T06:45:25+00:00","description":"Compra K21-i511w-8-240w11 Kiosco K21, 21.5 Pulgadas, Windows 11 Iot Enterprise Value , 8gb Ram , 240 Gb Ssd, Usb, Wifi, Ethernet Red, Bluetooth, Intel Core I5 Th Generacion, 2.0 Ghz. + Env\u00edo a domicilio + Pago seguro + Garant\u00eda","breadcrumb":{"@id":"https:\/\/compuviper.mx\/tienda\/producto\/3nstar-k21-i511w-8-240w11-kiosco-k21-21-5-pulgadas-windows-11-iot-enterprise-value-8gb-ram-240-gb-ssd-usb-wifi-ethernet-red-bluetooth-intel-core-i5-th-generacion-2-0-ghz\/#breadcrumb"},"inLanguage":"es-MX","potentialAction":[{"@type":"ReadAction","target":["https:\/\/compuviper.mx\/tienda\/producto\/3nstar-k21-i511w-8-240w11-kiosco-k21-21-5-pulgadas-windows-11-iot-enterprise-value-8gb-ram-240-gb-ssd-usb-wifi-ethernet-red-bluetooth-intel-core-i5-th-generacion-2-0-ghz\/"]}]},{"@type":"BreadcrumbList","@id":"https:\/\/compuviper.mx\/tienda\/producto\/3nstar-k21-i511w-8-240w11-kiosco-k21-21-5-pulgadas-windows-11-iot-enterprise-value-8gb-ram-240-gb-ssd-usb-wifi-ethernet-red-bluetooth-intel-core-i5-th-generacion-2-0-ghz\/#breadcrumb","itemListElement":[{"@type":"ListItem","position":1,"name":"Inicio","item":"https:\/\/compuviper.mx\/tienda\/"},{"@type":"ListItem","position":2,"name":"Productos","item":"https:\/\/compuviper.mx\/tienda\/productos\/"},{"@type":"ListItem","position":3,"name":"Kiosko","item":"https:\/\/compuviper.mx\/tienda\/categoria-producto\/kiosko\/"},{"@type":"ListItem","position":4,"name":"Sin Categor\u00eda","item":"https:\/\/compuviper.mx\/tienda\/categoria-producto\/kiosko\/sin-categoria-kiosko\/"},{"@type":"ListItem","position":5,"name":"3nstar K21-i511w-8-240w11 Kiosco K21, 21.5 Pulgadas, Windows 11 Iot Enterprise Value , 8gb Ram , 240 Gb Ssd, Usb, Wifi, Ethernet Red, Bluetooth, Intel Core I5 Th Generacion, 2.0 Ghz."}]},{"@type":"WebSite","@id":"https:\/\/compuviper.mx\/tienda\/#website","url":"https:\/\/compuviper.mx\/tienda\/","name":"Compuviper","description":"Proveedor de Computadoras, Laptops, Servidores, Monitores, Puntos de Venta, Teclados,   Impresoras, T\u00f3ner, C\u00e1maras de Seguridad y m\u00e1s en tu tienda en l\u00ednea","publisher":{"@id":"https:\/\/compuviper.mx\/tienda\/#organization"},"potentialAction":[{"@type":"SearchAction","target":{"@type":"EntryPoint","urlTemplate":"https:\/\/compuviper.mx\/tienda\/?s={search_term_string}"},"query-input":"required name=search_term_string"}],"inLanguage":"es-MX"},{"@type":"Organization","@id":"https:\/\/compuviper.mx\/tienda\/#organization","name":"Compuviper","url":"https:\/\/compuviper.mx\/tienda\/","logo":{"@type":"ImageObject","inLanguage":"es-MX","@id":"https:\/\/compuviper.mx\/tienda\/#\/schema\/logo\/image\/","url":"https:\/\/compuviper.mx\/tienda\/wp-content\/uploads\/2021\/08\/Logo-Compuviper-10.png","contentUrl":"https:\/\/compuviper.mx\/tienda\/wp-content\/uploads\/2021\/08\/Logo-Compuviper-10.png","width":1000,"height":500,"caption":"Compuviper"},"image":{"@id":"https:\/\/compuviper.mx\/tienda\/#\/schema\/logo\/image\/"},"sameAs":["https:\/\/www.facebook.com\/compuviper","https:\/\/www.youtube.com\/channel\/UCf73dERp9Y3cfOq7q8BhLjA?view_as=subscriber"]}]},"product_brand":"3NSTAR","product_price_amount":"27711","product_price_currency":"MXN","og_availability":"backorder","product_availability":"available for order","product_retailer_item_id":"K21-I511W-8-240W11","product_condition":"new"},"_links":{"self":[{"href":"https:\/\/compuviper.mx\/tienda\/wp-json\/wp\/v2\/product\/254114"}],"collection":[{"href":"https:\/\/compuviper.mx\/tienda\/wp-json\/wp\/v2\/product"}],"about":[{"href":"https:\/\/compuviper.mx\/tienda\/wp-json\/wp\/v2\/types\/product"}],"replies":[{"embeddable":true,"href":"https:\/\/compuviper.mx\/tienda\/wp-json\/wp\/v2\/comments?post=254114"}],"wp:featuredmedia":[{"embeddable":true,"href":"https:\/\/compuviper.mx\/tienda\/wp-json\/wp\/v2\/media\/259793"}],"wp:attachment":[{"href":"https:\/\/compuviper.mx\/tienda\/wp-json\/wp\/v2\/media?parent=254114"}],"wp:term":[{"taxonomy":"product_cat","embeddable":true,"href":"https:\/\/compuviper.mx\/tienda\/wp-json\/wp\/v2\/product_cat?post=254114"},{"taxonomy":"product_tag","embeddable":true,"href":"https:\/\/compuviper.mx\/tienda\/wp-json\/wp\/v2\/product_tag?post=254114"}],"curies":[{"name":"wp","href":"https:\/\/api.w.org\/{rel}","templated":true}]}}