{"id":254111,"date":"2026-04-11T00:41:03","date_gmt":"2026-04-11T06:41:03","guid":{"rendered":"https:\/\/compuviper.mx\/tienda\/producto\/x-fusion-0254y099n-xf-disco-duro-interno-4000gb-sata-6gb-s-7-2k-rpm-128mb-cache-or-above-3-5inch3-5inch-drive-bay\/"},"modified":"2026-04-11T00:41:04","modified_gmt":"2026-04-11T06:41:04","slug":"x-fusion-0254y099n-xf-disco-duro-interno-4000gb-sata-6gb-s-7-2k-rpm-128mb-cache-or-above-3-5inch3-5inch-drive-bay","status":"publish","type":"product","link":"https:\/\/compuviper.mx\/tienda\/producto\/x-fusion-0254y099n-xf-disco-duro-interno-4000gb-sata-6gb-s-7-2k-rpm-128mb-cache-or-above-3-5inch3-5inch-drive-bay\/","title":{"rendered":"X-fusion 0254y099n-xf Disco Duro Interno 4000gb, Sata 6gb\/s 7.2k Rpm, 128mb Cache Or Above, 3.5inch(3.5inch Drive Bay)"},"content":{"rendered":"<table class=\"descripcion\">\n<tr>\n<td>Nombre del producto:<\/td>\n<\/tr>\n<tr>\n<td>M\u00f3dulo de disco duro para servidores \u0096 western digital<\/td>\n<\/tr>\n<tr>\n<td>Especificaciones t\u00e9cnicas:<\/td>\n<\/tr>\n<tr>\n<td>Tipo: disco duro (hdd) para servidores<\/td>\n<\/tr>\n<tr>\n<td>Marca: western digital (wd)<\/td>\n<\/tr>\n<tr>\n<td>Capacidad de almacenamiento: 4000 gb (4 tb)<\/td>\n<\/tr>\n<tr>\n<td>Formato: 3.5 pulgadas<\/td>\n<\/tr>\n<tr>\n<td>Interfaz: sata iii (6.0 gb\/s)<\/td>\n<\/tr>\n<tr>\n<td>Velocidad de rotaci\u00f3n: 7,200 rpm<\/td>\n<\/tr>\n<tr>\n<td>Cach\u00e9: 128 mb o superior<\/td>\n<\/tr>\n<tr>\n<td>Hot-plug: soporta conexi\u00f3n\/desconexi\u00f3n en caliente<\/td>\n<\/tr>\n<tr>\n<td>Montaje: integrado (built-in)<\/td>\n<\/tr>\n<tr>\n<td>Ubicaci\u00f3n: para bah\u00eda de disco de 3.5 pulgadas<\/td>\n<\/tr>\n<tr>\n<td>Designaci\u00f3n especial: configurado seg\u00fan especificaci\u00f3n del cliente (customer designated)<\/td>\n<\/tr>\n<\/table>\n","protected":false},"excerpt":{"rendered":"<p>Aumente la eficiencia y seguridad del almacenamiento en sus servidores con este disco duro de 4tb para servidores de la marca western digital, desarrollado para operaciones exigentes en ambientes de misi\u00f3n cr\u00edtica. Con interfaz sata de 6.0 gb\/s, velocidad de 7,200 rpm y un b\u00fafer de 128 mb o superior, ofrece transferencias r\u00e1pidas y rendimiento consistente. Su dise\u00f1o permite conexi\u00f3n en caliente (hot-plug), lo que facilita la instalaci\u00f3n o reemplazo sin interrupciones. Ideal para infraestructuras empresariales que requieren soluciones personalizadas y confiables de almacenamiento.<\/p>\n","protected":false},"featured_media":259702,"comment_status":"open","ping_status":"open","template":"","meta":[],"product_cat":[1703,1706],"product_tag":[2205],"acf":[],"yoast_head":"<!-- This site is optimized with the Yoast SEO plugin v21.7 - https:\/\/yoast.com\/wordpress\/plugins\/seo\/ -->\n<title>[ X-fusion ] &#129351; 0254y099n-xf Disco Duro Interno 4000gb, Sata 6gb\/s 7.2k Rpm, 128mb Cache Or Above, 3.5inch(3.5inch Drive Bay)<\/title>\n<meta name=\"description\" content=\"Compra 0254y099n-xf Disco Duro Interno 4000gb, Sata 6gb\/s 7.2k Rpm, 128mb Cache Or Above, 3.5inch(3.5inch Drive Bay) + Env\u00edo a domicilio + Pago seguro + Garant\u00eda\" \/>\n<meta name=\"robots\" content=\"index, follow, max-snippet:-1, max-image-preview:large, max-video-preview:-1\" \/>\n<link rel=\"canonical\" href=\"https:\/\/compuviper.mx\/tienda\/producto\/x-fusion-0254y099n-xf-disco-duro-interno-4000gb-sata-6gb-s-7-2k-rpm-128mb-cache-or-above-3-5inch3-5inch-drive-bay\/\" \/>\n<meta property=\"og:locale\" content=\"es_MX\" \/>\n<meta property=\"og:type\" content=\"article\" \/>\n<meta property=\"og:title\" content=\"[ X-fusion ] &#129351; 0254y099n-xf Disco Duro Interno 4000gb, Sata 6gb\/s 7.2k Rpm, 128mb Cache Or Above, 3.5inch(3.5inch Drive Bay)\" \/>\n<meta property=\"og:description\" content=\"Compra 0254y099n-xf Disco Duro Interno 4000gb, Sata 6gb\/s 7.2k Rpm, 128mb Cache Or Above, 3.5inch(3.5inch Drive Bay) + Env\u00edo a domicilio + Pago seguro + Garant\u00eda\" \/>\n<meta property=\"og:url\" content=\"https:\/\/compuviper.mx\/tienda\/producto\/x-fusion-0254y099n-xf-disco-duro-interno-4000gb-sata-6gb-s-7-2k-rpm-128mb-cache-or-above-3-5inch3-5inch-drive-bay\/\" \/>\n<meta property=\"og:site_name\" content=\"Compuviper\" \/>\n<meta property=\"article:publisher\" content=\"https:\/\/www.facebook.com\/compuviper\" \/>\n<meta property=\"article:modified_time\" content=\"2026-04-11T06:41:04+00:00\" \/>\n<meta property=\"og:image\" content=\"https:\/\/compuviper.mx\/tienda\/wp-content\/uploads\/2025\/10\/Disco-duro-interno-4000gb-sata-6gbs-7.2k-rpm-128mb-cache-or-above-3.5inch3.5inch-drive-bay.jpg\" \/>\n\t<meta property=\"og:image:width\" content=\"200\" \/>\n\t<meta property=\"og:image:height\" content=\"200\" \/>\n\t<meta property=\"og:image:type\" content=\"image\/jpeg\" \/>\n<meta name=\"twitter:card\" content=\"summary_large_image\" \/>\n<meta name=\"twitter:label1\" content=\"Precio\" \/>\n\t<meta name=\"twitter:data1\" content=\"&#36;2,514 con IVA\" \/>\n\t<meta name=\"twitter:label2\" content=\"Availability\" \/>\n\t<meta name=\"twitter:data2\" content=\"Out of stock\" \/>\n<script type=\"application\/ld+json\" class=\"yoast-schema-graph\">{\"@context\":\"https:\/\/schema.org\",\"@graph\":[{\"@type\":\"WebPage\",\"@id\":\"https:\/\/compuviper.mx\/tienda\/producto\/x-fusion-0254y099n-xf-disco-duro-interno-4000gb-sata-6gb-s-7-2k-rpm-128mb-cache-or-above-3-5inch3-5inch-drive-bay\/\",\"url\":\"https:\/\/compuviper.mx\/tienda\/producto\/x-fusion-0254y099n-xf-disco-duro-interno-4000gb-sata-6gb-s-7-2k-rpm-128mb-cache-or-above-3-5inch3-5inch-drive-bay\/\",\"name\":\"[ X-fusion ] &#129351; 0254y099n-xf Disco Duro Interno 4000gb, Sata 6gb\/s 7.2k Rpm, 128mb Cache Or Above, 3.5inch(3.5inch Drive Bay)\",\"isPartOf\":{\"@id\":\"https:\/\/compuviper.mx\/tienda\/#website\"},\"datePublished\":\"2026-04-11T06:41:03+00:00\",\"dateModified\":\"2026-04-11T06:41:04+00:00\",\"description\":\"Compra 0254y099n-xf Disco Duro Interno 4000gb, Sata 6gb\/s 7.2k Rpm, 128mb Cache Or Above, 3.5inch(3.5inch Drive Bay) + Env\u00edo a domicilio + Pago seguro + Garant\u00eda\",\"breadcrumb\":{\"@id\":\"https:\/\/compuviper.mx\/tienda\/producto\/x-fusion-0254y099n-xf-disco-duro-interno-4000gb-sata-6gb-s-7-2k-rpm-128mb-cache-or-above-3-5inch3-5inch-drive-bay\/#breadcrumb\"},\"inLanguage\":\"es-MX\",\"potentialAction\":[{\"@type\":\"ReadAction\",\"target\":[\"https:\/\/compuviper.mx\/tienda\/producto\/x-fusion-0254y099n-xf-disco-duro-interno-4000gb-sata-6gb-s-7-2k-rpm-128mb-cache-or-above-3-5inch3-5inch-drive-bay\/\"]}]},{\"@type\":\"BreadcrumbList\",\"@id\":\"https:\/\/compuviper.mx\/tienda\/producto\/x-fusion-0254y099n-xf-disco-duro-interno-4000gb-sata-6gb-s-7-2k-rpm-128mb-cache-or-above-3-5inch3-5inch-drive-bay\/#breadcrumb\",\"itemListElement\":[{\"@type\":\"ListItem\",\"position\":1,\"name\":\"Inicio\",\"item\":\"https:\/\/compuviper.mx\/tienda\/\"},{\"@type\":\"ListItem\",\"position\":2,\"name\":\"Productos\",\"item\":\"https:\/\/compuviper.mx\/tienda\/productos\/\"},{\"@type\":\"ListItem\",\"position\":3,\"name\":\"Discos Duros\",\"item\":\"https:\/\/compuviper.mx\/tienda\/categoria-producto\/discos-duros\/\"},{\"@type\":\"ListItem\",\"position\":4,\"name\":\"Disco Duro\",\"item\":\"https:\/\/compuviper.mx\/tienda\/categoria-producto\/discos-duros\/disco-duro\/\"},{\"@type\":\"ListItem\",\"position\":5,\"name\":\"X-fusion 0254y099n-xf Disco Duro Interno 4000gb, Sata 6gb\/s 7.2k Rpm, 128mb Cache Or Above, 3.5inch(3.5inch Drive Bay)\"}]},{\"@type\":\"WebSite\",\"@id\":\"https:\/\/compuviper.mx\/tienda\/#website\",\"url\":\"https:\/\/compuviper.mx\/tienda\/\",\"name\":\"Compuviper\",\"description\":\"Proveedor de Computadoras, Laptops, Servidores, Monitores, Puntos de Venta, Teclados,   Impresoras, T\u00f3ner, C\u00e1maras de Seguridad y m\u00e1s en tu tienda en l\u00ednea\",\"publisher\":{\"@id\":\"https:\/\/compuviper.mx\/tienda\/#organization\"},\"potentialAction\":[{\"@type\":\"SearchAction\",\"target\":{\"@type\":\"EntryPoint\",\"urlTemplate\":\"https:\/\/compuviper.mx\/tienda\/?s={search_term_string}\"},\"query-input\":\"required name=search_term_string\"}],\"inLanguage\":\"es-MX\"},{\"@type\":\"Organization\",\"@id\":\"https:\/\/compuviper.mx\/tienda\/#organization\",\"name\":\"Compuviper\",\"url\":\"https:\/\/compuviper.mx\/tienda\/\",\"logo\":{\"@type\":\"ImageObject\",\"inLanguage\":\"es-MX\",\"@id\":\"https:\/\/compuviper.mx\/tienda\/#\/schema\/logo\/image\/\",\"url\":\"https:\/\/compuviper.mx\/tienda\/wp-content\/uploads\/2021\/08\/Logo-Compuviper-10.png\",\"contentUrl\":\"https:\/\/compuviper.mx\/tienda\/wp-content\/uploads\/2021\/08\/Logo-Compuviper-10.png\",\"width\":1000,\"height\":500,\"caption\":\"Compuviper\"},\"image\":{\"@id\":\"https:\/\/compuviper.mx\/tienda\/#\/schema\/logo\/image\/\"},\"sameAs\":[\"https:\/\/www.facebook.com\/compuviper\",\"https:\/\/www.youtube.com\/channel\/UCf73dERp9Y3cfOq7q8BhLjA?view_as=subscriber\"]}]}<\/script>\n<meta property=\"product:brand\" content=\"X-fusion\" \/>\n<meta property=\"product:price:amount\" content=\"2514\" \/>\n<meta property=\"product:price:currency\" content=\"MXN\" \/>\n<meta property=\"og:availability\" content=\"out of stock\" \/>\n<meta property=\"product:availability\" content=\"out of stock\" \/>\n<meta property=\"product:retailer_item_id\" content=\"0254Y099N-XF\" \/>\n<meta property=\"product:condition\" content=\"new\" \/>\n<!-- \/ Yoast SEO plugin. -->","yoast_head_json":{"title":"[ X-fusion ] &#129351; 0254y099n-xf Disco Duro Interno 4000gb, Sata 6gb\/s 7.2k Rpm, 128mb Cache Or Above, 3.5inch(3.5inch Drive Bay)","description":"Compra 0254y099n-xf Disco Duro Interno 4000gb, Sata 6gb\/s 7.2k Rpm, 128mb Cache Or Above, 3.5inch(3.5inch Drive Bay) + Env\u00edo a domicilio + Pago seguro + Garant\u00eda","robots":{"index":"index","follow":"follow","max-snippet":"max-snippet:-1","max-image-preview":"max-image-preview:large","max-video-preview":"max-video-preview:-1"},"canonical":"https:\/\/compuviper.mx\/tienda\/producto\/x-fusion-0254y099n-xf-disco-duro-interno-4000gb-sata-6gb-s-7-2k-rpm-128mb-cache-or-above-3-5inch3-5inch-drive-bay\/","og_locale":"es_MX","og_type":"article","og_title":"[ X-fusion ] &#129351; 0254y099n-xf Disco Duro Interno 4000gb, Sata 6gb\/s 7.2k Rpm, 128mb Cache Or Above, 3.5inch(3.5inch Drive Bay)","og_description":"Compra 0254y099n-xf Disco Duro Interno 4000gb, Sata 6gb\/s 7.2k Rpm, 128mb Cache Or Above, 3.5inch(3.5inch Drive Bay) + Env\u00edo a domicilio + Pago seguro + Garant\u00eda","og_url":"https:\/\/compuviper.mx\/tienda\/producto\/x-fusion-0254y099n-xf-disco-duro-interno-4000gb-sata-6gb-s-7-2k-rpm-128mb-cache-or-above-3-5inch3-5inch-drive-bay\/","og_site_name":"Compuviper","article_publisher":"https:\/\/www.facebook.com\/compuviper","article_modified_time":"2026-04-11T06:41:04+00:00","og_image":[{"width":200,"height":200,"url":"https:\/\/compuviper.mx\/tienda\/wp-content\/uploads\/2025\/10\/Disco-duro-interno-4000gb-sata-6gbs-7.2k-rpm-128mb-cache-or-above-3.5inch3.5inch-drive-bay.jpg","type":"image\/jpeg"}],"twitter_card":"summary_large_image","twitter_misc":{"Precio":"&#36;2,514 con IVA","Availability":"Out of stock"},"schema":{"@context":"https:\/\/schema.org","@graph":[{"@type":"WebPage","@id":"https:\/\/compuviper.mx\/tienda\/producto\/x-fusion-0254y099n-xf-disco-duro-interno-4000gb-sata-6gb-s-7-2k-rpm-128mb-cache-or-above-3-5inch3-5inch-drive-bay\/","url":"https:\/\/compuviper.mx\/tienda\/producto\/x-fusion-0254y099n-xf-disco-duro-interno-4000gb-sata-6gb-s-7-2k-rpm-128mb-cache-or-above-3-5inch3-5inch-drive-bay\/","name":"[ X-fusion ] &#129351; 0254y099n-xf Disco Duro Interno 4000gb, Sata 6gb\/s 7.2k Rpm, 128mb Cache Or Above, 3.5inch(3.5inch Drive Bay)","isPartOf":{"@id":"https:\/\/compuviper.mx\/tienda\/#website"},"datePublished":"2026-04-11T06:41:03+00:00","dateModified":"2026-04-11T06:41:04+00:00","description":"Compra 0254y099n-xf Disco Duro Interno 4000gb, Sata 6gb\/s 7.2k Rpm, 128mb Cache Or Above, 3.5inch(3.5inch Drive Bay) + Env\u00edo a domicilio + Pago seguro + Garant\u00eda","breadcrumb":{"@id":"https:\/\/compuviper.mx\/tienda\/producto\/x-fusion-0254y099n-xf-disco-duro-interno-4000gb-sata-6gb-s-7-2k-rpm-128mb-cache-or-above-3-5inch3-5inch-drive-bay\/#breadcrumb"},"inLanguage":"es-MX","potentialAction":[{"@type":"ReadAction","target":["https:\/\/compuviper.mx\/tienda\/producto\/x-fusion-0254y099n-xf-disco-duro-interno-4000gb-sata-6gb-s-7-2k-rpm-128mb-cache-or-above-3-5inch3-5inch-drive-bay\/"]}]},{"@type":"BreadcrumbList","@id":"https:\/\/compuviper.mx\/tienda\/producto\/x-fusion-0254y099n-xf-disco-duro-interno-4000gb-sata-6gb-s-7-2k-rpm-128mb-cache-or-above-3-5inch3-5inch-drive-bay\/#breadcrumb","itemListElement":[{"@type":"ListItem","position":1,"name":"Inicio","item":"https:\/\/compuviper.mx\/tienda\/"},{"@type":"ListItem","position":2,"name":"Productos","item":"https:\/\/compuviper.mx\/tienda\/productos\/"},{"@type":"ListItem","position":3,"name":"Discos Duros","item":"https:\/\/compuviper.mx\/tienda\/categoria-producto\/discos-duros\/"},{"@type":"ListItem","position":4,"name":"Disco Duro","item":"https:\/\/compuviper.mx\/tienda\/categoria-producto\/discos-duros\/disco-duro\/"},{"@type":"ListItem","position":5,"name":"X-fusion 0254y099n-xf Disco Duro Interno 4000gb, Sata 6gb\/s 7.2k Rpm, 128mb Cache Or Above, 3.5inch(3.5inch Drive Bay)"}]},{"@type":"WebSite","@id":"https:\/\/compuviper.mx\/tienda\/#website","url":"https:\/\/compuviper.mx\/tienda\/","name":"Compuviper","description":"Proveedor de Computadoras, Laptops, Servidores, Monitores, Puntos de Venta, Teclados,   Impresoras, T\u00f3ner, C\u00e1maras de Seguridad y m\u00e1s en tu tienda en l\u00ednea","publisher":{"@id":"https:\/\/compuviper.mx\/tienda\/#organization"},"potentialAction":[{"@type":"SearchAction","target":{"@type":"EntryPoint","urlTemplate":"https:\/\/compuviper.mx\/tienda\/?s={search_term_string}"},"query-input":"required name=search_term_string"}],"inLanguage":"es-MX"},{"@type":"Organization","@id":"https:\/\/compuviper.mx\/tienda\/#organization","name":"Compuviper","url":"https:\/\/compuviper.mx\/tienda\/","logo":{"@type":"ImageObject","inLanguage":"es-MX","@id":"https:\/\/compuviper.mx\/tienda\/#\/schema\/logo\/image\/","url":"https:\/\/compuviper.mx\/tienda\/wp-content\/uploads\/2021\/08\/Logo-Compuviper-10.png","contentUrl":"https:\/\/compuviper.mx\/tienda\/wp-content\/uploads\/2021\/08\/Logo-Compuviper-10.png","width":1000,"height":500,"caption":"Compuviper"},"image":{"@id":"https:\/\/compuviper.mx\/tienda\/#\/schema\/logo\/image\/"},"sameAs":["https:\/\/www.facebook.com\/compuviper","https:\/\/www.youtube.com\/channel\/UCf73dERp9Y3cfOq7q8BhLjA?view_as=subscriber"]}]},"product_brand":"X-fusion","product_price_amount":"2514","product_price_currency":"MXN","og_availability":"out of stock","product_availability":"out of stock","product_retailer_item_id":"0254Y099N-XF","product_condition":"new"},"_links":{"self":[{"href":"https:\/\/compuviper.mx\/tienda\/wp-json\/wp\/v2\/product\/254111"}],"collection":[{"href":"https:\/\/compuviper.mx\/tienda\/wp-json\/wp\/v2\/product"}],"about":[{"href":"https:\/\/compuviper.mx\/tienda\/wp-json\/wp\/v2\/types\/product"}],"replies":[{"embeddable":true,"href":"https:\/\/compuviper.mx\/tienda\/wp-json\/wp\/v2\/comments?post=254111"}],"wp:featuredmedia":[{"embeddable":true,"href":"https:\/\/compuviper.mx\/tienda\/wp-json\/wp\/v2\/media\/259702"}],"wp:attachment":[{"href":"https:\/\/compuviper.mx\/tienda\/wp-json\/wp\/v2\/media?parent=254111"}],"wp:term":[{"taxonomy":"product_cat","embeddable":true,"href":"https:\/\/compuviper.mx\/tienda\/wp-json\/wp\/v2\/product_cat?post=254111"},{"taxonomy":"product_tag","embeddable":true,"href":"https:\/\/compuviper.mx\/tienda\/wp-json\/wp\/v2\/product_tag?post=254111"}],"curies":[{"name":"wp","href":"https:\/\/api.w.org\/{rel}","templated":true}]}}