{"id":254098,"date":"2026-04-01T23:17:08","date_gmt":"2026-04-02T05:17:08","guid":{"rendered":"https:\/\/compuviper.mx\/tienda\/producto\/tech-zone-accesorios-tzlbp27-a-mochila-backpack-tech-zone-max-iii-para-laptop-de-16\/"},"modified":"2026-04-01T23:17:08","modified_gmt":"2026-04-02T05:17:08","slug":"tech-zone-accesorios-tzlbp27-a-mochila-backpack-tech-zone-max-iii-para-laptop-de-16","status":"publish","type":"product","link":"https:\/\/compuviper.mx\/tienda\/producto\/tech-zone-accesorios-tzlbp27-a-mochila-backpack-tech-zone-max-iii-para-laptop-de-16\/","title":{"rendered":"Tech Zone Accesorios Tzlbp27-a Mochila Backpack Tech Zone Max Iii  Para Laptop De 16"},"content":{"rendered":"<table class=\"descripcion\">\n<tr>\n<td>Caractersticas:<\/td>\n<\/tr>\n<tr>\n<td>Material:<\/td>\n<\/tr>\n<tr>\n<td>Exterior: 100 polister<\/td>\n<\/tr>\n<tr>\n<td>Forro: 100 polister<\/td>\n<\/tr>\n<tr>\n<td>Dimensiones: 46 x 33 x 17 cm<\/td>\n<\/tr>\n<tr>\n<td>Peso: 720 g<\/td>\n<\/tr>\n<tr>\n<td>Color: negro<\/td>\n<\/tr>\n<tr>\n<td>Especificacin tcnica:<\/td>\n<\/tr>\n<tr>\n<td>Tamao de la laptop: 16 pulgadas<\/td>\n<\/tr>\n<tr>\n<td>Compartimento principal: 1 bolsa acolchada para laptop y 2 externos multifuncin<\/td>\n<\/tr>\n<tr>\n<td>Nmero de compartimientos externos:<\/td>\n<\/tr>\n<tr>\n<td>1 frontal para tablet y 2 laterales portabotellas de red<\/td>\n<\/tr>\n<tr>\n<td>Empaque:<\/td>\n<\/tr>\n<tr>\n<td>Tipo de empaque: bolsa plstica<\/td>\n<\/tr>\n<tr>\n<td>Medidas: 46 x 33 x 17 cm<\/td>\n<\/tr>\n<tr>\n<td>Contenido:<\/td>\n<\/tr>\n<tr>\n<td>1 backpack<\/td>\n<\/tr>\n<tr>\n<td>Garanta limitada de por vida<\/td>\n<\/tr>\n<\/table>\n","protected":false},"excerpt":{"rendered":"<p>Explora la funcionalidad con nuestra backpack max iii su diseo ha sido pensando en tus necesidades diarias. Su compartimiento interno acolchado ofrece proteccin total para laptops de hasta 16\u0094, garantizando la seguridad de tus dispositivos mientras te desplazas. Cuenta con dos bolsas externas frontales multifuncionales, perfectas para organizar tus accesorios esenciales, y un compartimiento frontal adicional diseado especialmente para tu tableta. Adems, las dos bolsas laterales portabotellas te mantienen hidratado en cualquier momento del da.<\/p>\n","protected":false},"featured_media":258895,"comment_status":"open","ping_status":"open","template":"","meta":[],"product_cat":[1557,1558],"product_tag":[2233],"acf":[],"yoast_head":"<!-- This site is optimized with the Yoast SEO plugin v21.7 - https:\/\/yoast.com\/wordpress\/plugins\/seo\/ -->\n<title>[ Tech Zone Accesorios ] &#129351; Tzlbp27-a Mochila Backpack Tech Zone Max Iii Para Laptop De 16<\/title>\n<meta name=\"description\" content=\"Compra Tzlbp27-a Mochila Backpack Tech Zone Max Iii Para Laptop De 16 + Env\u00edo a domicilio + Pago seguro + Garant\u00eda\" \/>\n<meta name=\"robots\" content=\"index, follow, max-snippet:-1, max-image-preview:large, max-video-preview:-1\" \/>\n<link rel=\"canonical\" href=\"https:\/\/compuviper.mx\/tienda\/producto\/tech-zone-accesorios-tzlbp27-a-mochila-backpack-tech-zone-max-iii-para-laptop-de-16\/\" \/>\n<meta property=\"og:locale\" content=\"es_MX\" \/>\n<meta property=\"og:type\" content=\"article\" \/>\n<meta property=\"og:title\" content=\"[ Tech Zone Accesorios ] &#129351; Tzlbp27-a Mochila Backpack Tech Zone Max Iii Para Laptop De 16\" \/>\n<meta property=\"og:description\" content=\"Compra Tzlbp27-a Mochila Backpack Tech Zone Max Iii Para Laptop De 16 + Env\u00edo a domicilio + Pago seguro + Garant\u00eda\" \/>\n<meta property=\"og:url\" content=\"https:\/\/compuviper.mx\/tienda\/producto\/tech-zone-accesorios-tzlbp27-a-mochila-backpack-tech-zone-max-iii-para-laptop-de-16\/\" \/>\n<meta property=\"og:site_name\" content=\"Compuviper\" \/>\n<meta property=\"article:publisher\" content=\"https:\/\/www.facebook.com\/compuviper\" \/>\n<meta property=\"og:image\" content=\"https:\/\/compuviper.mx\/tienda\/wp-content\/uploads\/2025\/10\/Mochila-backpack-tech-zone-max-iii-tzlbp27-a-para-laptop-de-16.jpg\" \/>\n\t<meta property=\"og:image:width\" content=\"200\" \/>\n\t<meta property=\"og:image:height\" content=\"200\" \/>\n\t<meta property=\"og:image:type\" content=\"image\/jpeg\" \/>\n<meta name=\"twitter:card\" content=\"summary_large_image\" \/>\n<meta name=\"twitter:label1\" content=\"Precio\" \/>\n\t<meta name=\"twitter:data1\" content=\"&#36;404 con IVA\" \/>\n\t<meta name=\"twitter:label2\" content=\"Availability\" \/>\n\t<meta name=\"twitter:data2\" content=\"Out of stock\" \/>\n<script type=\"application\/ld+json\" class=\"yoast-schema-graph\">{\"@context\":\"https:\/\/schema.org\",\"@graph\":[{\"@type\":\"WebPage\",\"@id\":\"https:\/\/compuviper.mx\/tienda\/producto\/tech-zone-accesorios-tzlbp27-a-mochila-backpack-tech-zone-max-iii-para-laptop-de-16\/\",\"url\":\"https:\/\/compuviper.mx\/tienda\/producto\/tech-zone-accesorios-tzlbp27-a-mochila-backpack-tech-zone-max-iii-para-laptop-de-16\/\",\"name\":\"[ Tech Zone Accesorios ] &#129351; Tzlbp27-a Mochila Backpack Tech Zone Max Iii Para Laptop De 16\",\"isPartOf\":{\"@id\":\"https:\/\/compuviper.mx\/tienda\/#website\"},\"datePublished\":\"2026-04-02T05:17:08+00:00\",\"dateModified\":\"2026-04-02T05:17:08+00:00\",\"description\":\"Compra Tzlbp27-a Mochila Backpack Tech Zone Max Iii Para Laptop De 16 + Env\u00edo a domicilio + Pago seguro + Garant\u00eda\",\"breadcrumb\":{\"@id\":\"https:\/\/compuviper.mx\/tienda\/producto\/tech-zone-accesorios-tzlbp27-a-mochila-backpack-tech-zone-max-iii-para-laptop-de-16\/#breadcrumb\"},\"inLanguage\":\"es-MX\",\"potentialAction\":[{\"@type\":\"ReadAction\",\"target\":[\"https:\/\/compuviper.mx\/tienda\/producto\/tech-zone-accesorios-tzlbp27-a-mochila-backpack-tech-zone-max-iii-para-laptop-de-16\/\"]}]},{\"@type\":\"BreadcrumbList\",\"@id\":\"https:\/\/compuviper.mx\/tienda\/producto\/tech-zone-accesorios-tzlbp27-a-mochila-backpack-tech-zone-max-iii-para-laptop-de-16\/#breadcrumb\",\"itemListElement\":[{\"@type\":\"ListItem\",\"position\":1,\"name\":\"Inicio\",\"item\":\"https:\/\/compuviper.mx\/tienda\/\"},{\"@type\":\"ListItem\",\"position\":2,\"name\":\"Productos\",\"item\":\"https:\/\/compuviper.mx\/tienda\/productos\/\"},{\"@type\":\"ListItem\",\"position\":3,\"name\":\"Back Pack (mochila)\",\"item\":\"https:\/\/compuviper.mx\/tienda\/categoria-producto\/back-pack-mochila\/\"},{\"@type\":\"ListItem\",\"position\":4,\"name\":\"Sin Categor\u00eda\",\"item\":\"https:\/\/compuviper.mx\/tienda\/categoria-producto\/back-pack-mochila\/sin-categoria-back-pack-mochila\/\"},{\"@type\":\"ListItem\",\"position\":5,\"name\":\"Tech Zone Accesorios Tzlbp27-a Mochila Backpack Tech Zone Max Iii Para Laptop De 16\"}]},{\"@type\":\"WebSite\",\"@id\":\"https:\/\/compuviper.mx\/tienda\/#website\",\"url\":\"https:\/\/compuviper.mx\/tienda\/\",\"name\":\"Compuviper\",\"description\":\"Proveedor de Computadoras, Laptops, Servidores, Monitores, Puntos de Venta, Teclados,   Impresoras, T\u00f3ner, C\u00e1maras de Seguridad y m\u00e1s en tu tienda en l\u00ednea\",\"publisher\":{\"@id\":\"https:\/\/compuviper.mx\/tienda\/#organization\"},\"potentialAction\":[{\"@type\":\"SearchAction\",\"target\":{\"@type\":\"EntryPoint\",\"urlTemplate\":\"https:\/\/compuviper.mx\/tienda\/?s={search_term_string}\"},\"query-input\":\"required name=search_term_string\"}],\"inLanguage\":\"es-MX\"},{\"@type\":\"Organization\",\"@id\":\"https:\/\/compuviper.mx\/tienda\/#organization\",\"name\":\"Compuviper\",\"url\":\"https:\/\/compuviper.mx\/tienda\/\",\"logo\":{\"@type\":\"ImageObject\",\"inLanguage\":\"es-MX\",\"@id\":\"https:\/\/compuviper.mx\/tienda\/#\/schema\/logo\/image\/\",\"url\":\"https:\/\/compuviper.mx\/tienda\/wp-content\/uploads\/2021\/08\/Logo-Compuviper-10.png\",\"contentUrl\":\"https:\/\/compuviper.mx\/tienda\/wp-content\/uploads\/2021\/08\/Logo-Compuviper-10.png\",\"width\":1000,\"height\":500,\"caption\":\"Compuviper\"},\"image\":{\"@id\":\"https:\/\/compuviper.mx\/tienda\/#\/schema\/logo\/image\/\"},\"sameAs\":[\"https:\/\/www.facebook.com\/compuviper\",\"https:\/\/www.youtube.com\/channel\/UCf73dERp9Y3cfOq7q8BhLjA?view_as=subscriber\"]}]}<\/script>\n<meta property=\"product:brand\" content=\"Tech Zone Accesorios\" \/>\n<meta property=\"product:price:amount\" content=\"404\" \/>\n<meta property=\"product:price:currency\" content=\"MXN\" \/>\n<meta property=\"og:availability\" content=\"out of stock\" \/>\n<meta property=\"product:availability\" content=\"out of stock\" \/>\n<meta property=\"product:retailer_item_id\" content=\"TZLBP27-A\" \/>\n<meta property=\"product:condition\" content=\"new\" \/>\n<!-- \/ Yoast SEO plugin. -->","yoast_head_json":{"title":"[ Tech Zone Accesorios ] &#129351; Tzlbp27-a Mochila Backpack Tech Zone Max Iii Para Laptop De 16","description":"Compra Tzlbp27-a Mochila Backpack Tech Zone Max Iii Para Laptop De 16 + Env\u00edo a domicilio + Pago seguro + Garant\u00eda","robots":{"index":"index","follow":"follow","max-snippet":"max-snippet:-1","max-image-preview":"max-image-preview:large","max-video-preview":"max-video-preview:-1"},"canonical":"https:\/\/compuviper.mx\/tienda\/producto\/tech-zone-accesorios-tzlbp27-a-mochila-backpack-tech-zone-max-iii-para-laptop-de-16\/","og_locale":"es_MX","og_type":"article","og_title":"[ Tech Zone Accesorios ] &#129351; Tzlbp27-a Mochila Backpack Tech Zone Max Iii Para Laptop De 16","og_description":"Compra Tzlbp27-a Mochila Backpack Tech Zone Max Iii Para Laptop De 16 + Env\u00edo a domicilio + Pago seguro + Garant\u00eda","og_url":"https:\/\/compuviper.mx\/tienda\/producto\/tech-zone-accesorios-tzlbp27-a-mochila-backpack-tech-zone-max-iii-para-laptop-de-16\/","og_site_name":"Compuviper","article_publisher":"https:\/\/www.facebook.com\/compuviper","og_image":[{"width":200,"height":200,"url":"https:\/\/compuviper.mx\/tienda\/wp-content\/uploads\/2025\/10\/Mochila-backpack-tech-zone-max-iii-tzlbp27-a-para-laptop-de-16.jpg","type":"image\/jpeg"}],"twitter_card":"summary_large_image","twitter_misc":{"Precio":"&#36;404 con IVA","Availability":"Out of stock"},"schema":{"@context":"https:\/\/schema.org","@graph":[{"@type":"WebPage","@id":"https:\/\/compuviper.mx\/tienda\/producto\/tech-zone-accesorios-tzlbp27-a-mochila-backpack-tech-zone-max-iii-para-laptop-de-16\/","url":"https:\/\/compuviper.mx\/tienda\/producto\/tech-zone-accesorios-tzlbp27-a-mochila-backpack-tech-zone-max-iii-para-laptop-de-16\/","name":"[ Tech Zone Accesorios ] &#129351; Tzlbp27-a Mochila Backpack Tech Zone Max Iii Para Laptop De 16","isPartOf":{"@id":"https:\/\/compuviper.mx\/tienda\/#website"},"datePublished":"2026-04-02T05:17:08+00:00","dateModified":"2026-04-02T05:17:08+00:00","description":"Compra Tzlbp27-a Mochila Backpack Tech Zone Max Iii Para Laptop De 16 + Env\u00edo a domicilio + Pago seguro + Garant\u00eda","breadcrumb":{"@id":"https:\/\/compuviper.mx\/tienda\/producto\/tech-zone-accesorios-tzlbp27-a-mochila-backpack-tech-zone-max-iii-para-laptop-de-16\/#breadcrumb"},"inLanguage":"es-MX","potentialAction":[{"@type":"ReadAction","target":["https:\/\/compuviper.mx\/tienda\/producto\/tech-zone-accesorios-tzlbp27-a-mochila-backpack-tech-zone-max-iii-para-laptop-de-16\/"]}]},{"@type":"BreadcrumbList","@id":"https:\/\/compuviper.mx\/tienda\/producto\/tech-zone-accesorios-tzlbp27-a-mochila-backpack-tech-zone-max-iii-para-laptop-de-16\/#breadcrumb","itemListElement":[{"@type":"ListItem","position":1,"name":"Inicio","item":"https:\/\/compuviper.mx\/tienda\/"},{"@type":"ListItem","position":2,"name":"Productos","item":"https:\/\/compuviper.mx\/tienda\/productos\/"},{"@type":"ListItem","position":3,"name":"Back Pack (mochila)","item":"https:\/\/compuviper.mx\/tienda\/categoria-producto\/back-pack-mochila\/"},{"@type":"ListItem","position":4,"name":"Sin Categor\u00eda","item":"https:\/\/compuviper.mx\/tienda\/categoria-producto\/back-pack-mochila\/sin-categoria-back-pack-mochila\/"},{"@type":"ListItem","position":5,"name":"Tech Zone Accesorios Tzlbp27-a Mochila Backpack Tech Zone Max Iii Para Laptop De 16"}]},{"@type":"WebSite","@id":"https:\/\/compuviper.mx\/tienda\/#website","url":"https:\/\/compuviper.mx\/tienda\/","name":"Compuviper","description":"Proveedor de Computadoras, Laptops, Servidores, Monitores, Puntos de Venta, Teclados,   Impresoras, T\u00f3ner, C\u00e1maras de Seguridad y m\u00e1s en tu tienda en l\u00ednea","publisher":{"@id":"https:\/\/compuviper.mx\/tienda\/#organization"},"potentialAction":[{"@type":"SearchAction","target":{"@type":"EntryPoint","urlTemplate":"https:\/\/compuviper.mx\/tienda\/?s={search_term_string}"},"query-input":"required name=search_term_string"}],"inLanguage":"es-MX"},{"@type":"Organization","@id":"https:\/\/compuviper.mx\/tienda\/#organization","name":"Compuviper","url":"https:\/\/compuviper.mx\/tienda\/","logo":{"@type":"ImageObject","inLanguage":"es-MX","@id":"https:\/\/compuviper.mx\/tienda\/#\/schema\/logo\/image\/","url":"https:\/\/compuviper.mx\/tienda\/wp-content\/uploads\/2021\/08\/Logo-Compuviper-10.png","contentUrl":"https:\/\/compuviper.mx\/tienda\/wp-content\/uploads\/2021\/08\/Logo-Compuviper-10.png","width":1000,"height":500,"caption":"Compuviper"},"image":{"@id":"https:\/\/compuviper.mx\/tienda\/#\/schema\/logo\/image\/"},"sameAs":["https:\/\/www.facebook.com\/compuviper","https:\/\/www.youtube.com\/channel\/UCf73dERp9Y3cfOq7q8BhLjA?view_as=subscriber"]}]},"product_brand":"Tech Zone Accesorios","product_price_amount":"404","product_price_currency":"MXN","og_availability":"out of stock","product_availability":"out of stock","product_retailer_item_id":"TZLBP27-A","product_condition":"new"},"_links":{"self":[{"href":"https:\/\/compuviper.mx\/tienda\/wp-json\/wp\/v2\/product\/254098"}],"collection":[{"href":"https:\/\/compuviper.mx\/tienda\/wp-json\/wp\/v2\/product"}],"about":[{"href":"https:\/\/compuviper.mx\/tienda\/wp-json\/wp\/v2\/types\/product"}],"replies":[{"embeddable":true,"href":"https:\/\/compuviper.mx\/tienda\/wp-json\/wp\/v2\/comments?post=254098"}],"wp:featuredmedia":[{"embeddable":true,"href":"https:\/\/compuviper.mx\/tienda\/wp-json\/wp\/v2\/media\/258895"}],"wp:attachment":[{"href":"https:\/\/compuviper.mx\/tienda\/wp-json\/wp\/v2\/media?parent=254098"}],"wp:term":[{"taxonomy":"product_cat","embeddable":true,"href":"https:\/\/compuviper.mx\/tienda\/wp-json\/wp\/v2\/product_cat?post=254098"},{"taxonomy":"product_tag","embeddable":true,"href":"https:\/\/compuviper.mx\/tienda\/wp-json\/wp\/v2\/product_tag?post=254098"}],"curies":[{"name":"wp","href":"https:\/\/api.w.org\/{rel}","templated":true}]}}