{"id":254093,"date":"2026-04-14T23:18:06","date_gmt":"2026-04-15T05:18:06","guid":{"rendered":"https:\/\/compuviper.mx\/tienda\/producto\/tech-zone-accesorios-tzlbp29-v-mochila-backpack-tech-zone-style-para-laptop-de-16-verde\/"},"modified":"2026-04-14T23:18:06","modified_gmt":"2026-04-15T05:18:06","slug":"tech-zone-accesorios-tzlbp29-v-mochila-backpack-tech-zone-style-para-laptop-de-16-verde","status":"publish","type":"product","link":"https:\/\/compuviper.mx\/tienda\/producto\/tech-zone-accesorios-tzlbp29-v-mochila-backpack-tech-zone-style-para-laptop-de-16-verde\/","title":{"rendered":"Tech Zone Accesorios Tzlbp29-v Mochila Backpack Tech Zone Style  Para Laptop De 16 Verde"},"content":{"rendered":"<table class=\"descripcion\">\n<tr>\n<td>Caracter\u00edsticas:<\/td>\n<\/tr>\n<tr>\n<td>Material:<\/td>\n<\/tr>\n<tr>\n<td>Exterior: 100% poli\u00e9ster<\/td>\n<\/tr>\n<tr>\n<td>Forro: 100% poli\u00e9ster<\/td>\n<\/tr>\n<tr>\n<td>Dimensiones: 44 x 30 x 14 cm<\/td>\n<\/tr>\n<tr>\n<td>Peso: 620 g<\/td>\n<\/tr>\n<tr>\n<td>Color: verde<\/td>\n<\/tr>\n<tr>\n<td>Especificaci\u00f3n t\u00e9cnica:<\/td>\n<\/tr>\n<tr>\n<td>Tama\u00f1o de la laptop: 16 pulgadas<\/td>\n<\/tr>\n<tr>\n<td>Compartimento principal: 1 bolsa acolchada para laptop<\/td>\n<\/tr>\n<tr>\n<td>N\u00famero de compartimientos externos: 1 frontal y 2 laterales portabotellas<\/td>\n<\/tr>\n<tr>\n<td>Empaque:<\/td>\n<\/tr>\n<tr>\n<td>Tipo de empaque: bolsa pl\u00e1stica<\/td>\n<\/tr>\n<tr>\n<td>Medidas: 44 x 30 x 14 cm<\/td>\n<\/tr>\n<tr>\n<td>Contenido:<\/td>\n<\/tr>\n<tr>\n<td>1 backpack<\/td>\n<\/tr>\n<tr>\n<td>Garant\u00eda limitada de por vida<\/td>\n<\/tr>\n<\/table>\n","protected":false},"excerpt":{"rendered":"<p>Backpack dise\u00f1ada con materiales resistentes a salpicaduras para brindar durabilidad y protecci\u00f3n. Compatible con laptops de hasta 16\u0094, cuenta con cierres duraderos y compartimientos internos acolchonados que garantizan la seguridad de tu equipo. Adem\u00e1s, ofrece dos pr\u00e1cticos compartimientos laterales para botellas y un compartimiento frontal en diagonal para acceso r\u00e1pido a tus pertenencias. Su dise\u00f1o funcional y elegante la convierte en la opci\u00f3n perfecta para el trabajo, la universidad o tus viajes diarios<\/p>\n","protected":false},"featured_media":258890,"comment_status":"open","ping_status":"open","template":"","meta":[],"product_cat":[1557,1558],"product_tag":[2233],"acf":[],"yoast_head":"<!-- This site is optimized with the Yoast SEO plugin v21.7 - https:\/\/yoast.com\/wordpress\/plugins\/seo\/ -->\n<title>[ Tech Zone Accesorios ] &#129351; Tzlbp29-v Mochila Backpack Tech Zone Style Para Laptop De 16 Verde<\/title>\n<meta name=\"description\" content=\"Compra Tzlbp29-v Mochila Backpack Tech Zone Style Para Laptop De 16 Verde + Env\u00edo a domicilio + Pago seguro + Garant\u00eda\" \/>\n<meta name=\"robots\" content=\"index, follow, max-snippet:-1, max-image-preview:large, max-video-preview:-1\" \/>\n<link rel=\"canonical\" href=\"https:\/\/compuviper.mx\/tienda\/producto\/tech-zone-accesorios-tzlbp29-v-mochila-backpack-tech-zone-style-para-laptop-de-16-verde\/\" \/>\n<meta property=\"og:locale\" content=\"es_MX\" \/>\n<meta property=\"og:type\" content=\"article\" \/>\n<meta property=\"og:title\" content=\"[ Tech Zone Accesorios ] &#129351; Tzlbp29-v Mochila Backpack Tech Zone Style Para Laptop De 16 Verde\" \/>\n<meta property=\"og:description\" content=\"Compra Tzlbp29-v Mochila Backpack Tech Zone Style Para Laptop De 16 Verde + Env\u00edo a domicilio + Pago seguro + Garant\u00eda\" \/>\n<meta property=\"og:url\" content=\"https:\/\/compuviper.mx\/tienda\/producto\/tech-zone-accesorios-tzlbp29-v-mochila-backpack-tech-zone-style-para-laptop-de-16-verde\/\" \/>\n<meta property=\"og:site_name\" content=\"Compuviper\" \/>\n<meta property=\"article:publisher\" content=\"https:\/\/www.facebook.com\/compuviper\" \/>\n<meta property=\"og:image\" content=\"https:\/\/compuviper.mx\/tienda\/wp-content\/uploads\/2025\/10\/Mochila-backpack-tech-zone-style-tzlbp29-v-para-laptop-de-16-verde.jpg\" \/>\n\t<meta property=\"og:image:width\" content=\"200\" \/>\n\t<meta property=\"og:image:height\" content=\"200\" \/>\n\t<meta property=\"og:image:type\" content=\"image\/jpeg\" \/>\n<meta name=\"twitter:card\" content=\"summary_large_image\" \/>\n<meta name=\"twitter:label1\" content=\"Precio\" \/>\n\t<meta name=\"twitter:data1\" content=\"&#36;434 &#36;327 con IVA\" \/>\n\t<meta name=\"twitter:label2\" content=\"Availability\" \/>\n\t<meta name=\"twitter:data2\" content=\"In stock\" \/>\n<script type=\"application\/ld+json\" class=\"yoast-schema-graph\">{\"@context\":\"https:\/\/schema.org\",\"@graph\":[{\"@type\":\"WebPage\",\"@id\":\"https:\/\/compuviper.mx\/tienda\/producto\/tech-zone-accesorios-tzlbp29-v-mochila-backpack-tech-zone-style-para-laptop-de-16-verde\/\",\"url\":\"https:\/\/compuviper.mx\/tienda\/producto\/tech-zone-accesorios-tzlbp29-v-mochila-backpack-tech-zone-style-para-laptop-de-16-verde\/\",\"name\":\"[ Tech Zone Accesorios ] &#129351; Tzlbp29-v Mochila Backpack Tech Zone Style Para Laptop De 16 Verde\",\"isPartOf\":{\"@id\":\"https:\/\/compuviper.mx\/tienda\/#website\"},\"datePublished\":\"2026-04-15T05:18:06+00:00\",\"dateModified\":\"2026-04-15T05:18:06+00:00\",\"description\":\"Compra Tzlbp29-v Mochila Backpack Tech Zone Style Para Laptop De 16 Verde + Env\u00edo a domicilio + Pago seguro + Garant\u00eda\",\"breadcrumb\":{\"@id\":\"https:\/\/compuviper.mx\/tienda\/producto\/tech-zone-accesorios-tzlbp29-v-mochila-backpack-tech-zone-style-para-laptop-de-16-verde\/#breadcrumb\"},\"inLanguage\":\"es-MX\",\"potentialAction\":[{\"@type\":\"ReadAction\",\"target\":[\"https:\/\/compuviper.mx\/tienda\/producto\/tech-zone-accesorios-tzlbp29-v-mochila-backpack-tech-zone-style-para-laptop-de-16-verde\/\"]}]},{\"@type\":\"BreadcrumbList\",\"@id\":\"https:\/\/compuviper.mx\/tienda\/producto\/tech-zone-accesorios-tzlbp29-v-mochila-backpack-tech-zone-style-para-laptop-de-16-verde\/#breadcrumb\",\"itemListElement\":[{\"@type\":\"ListItem\",\"position\":1,\"name\":\"Inicio\",\"item\":\"https:\/\/compuviper.mx\/tienda\/\"},{\"@type\":\"ListItem\",\"position\":2,\"name\":\"Productos\",\"item\":\"https:\/\/compuviper.mx\/tienda\/productos\/\"},{\"@type\":\"ListItem\",\"position\":3,\"name\":\"Back Pack (mochila)\",\"item\":\"https:\/\/compuviper.mx\/tienda\/categoria-producto\/back-pack-mochila\/\"},{\"@type\":\"ListItem\",\"position\":4,\"name\":\"Sin Categor\u00eda\",\"item\":\"https:\/\/compuviper.mx\/tienda\/categoria-producto\/back-pack-mochila\/sin-categoria-back-pack-mochila\/\"},{\"@type\":\"ListItem\",\"position\":5,\"name\":\"Tech Zone Accesorios Tzlbp29-v Mochila Backpack Tech Zone Style Para Laptop De 16 Verde\"}]},{\"@type\":\"WebSite\",\"@id\":\"https:\/\/compuviper.mx\/tienda\/#website\",\"url\":\"https:\/\/compuviper.mx\/tienda\/\",\"name\":\"Compuviper\",\"description\":\"Proveedor de Computadoras, Laptops, Servidores, Monitores, Puntos de Venta, Teclados,   Impresoras, T\u00f3ner, C\u00e1maras de Seguridad y m\u00e1s en tu tienda en l\u00ednea\",\"publisher\":{\"@id\":\"https:\/\/compuviper.mx\/tienda\/#organization\"},\"potentialAction\":[{\"@type\":\"SearchAction\",\"target\":{\"@type\":\"EntryPoint\",\"urlTemplate\":\"https:\/\/compuviper.mx\/tienda\/?s={search_term_string}\"},\"query-input\":\"required name=search_term_string\"}],\"inLanguage\":\"es-MX\"},{\"@type\":\"Organization\",\"@id\":\"https:\/\/compuviper.mx\/tienda\/#organization\",\"name\":\"Compuviper\",\"url\":\"https:\/\/compuviper.mx\/tienda\/\",\"logo\":{\"@type\":\"ImageObject\",\"inLanguage\":\"es-MX\",\"@id\":\"https:\/\/compuviper.mx\/tienda\/#\/schema\/logo\/image\/\",\"url\":\"https:\/\/compuviper.mx\/tienda\/wp-content\/uploads\/2021\/08\/Logo-Compuviper-10.png\",\"contentUrl\":\"https:\/\/compuviper.mx\/tienda\/wp-content\/uploads\/2021\/08\/Logo-Compuviper-10.png\",\"width\":1000,\"height\":500,\"caption\":\"Compuviper\"},\"image\":{\"@id\":\"https:\/\/compuviper.mx\/tienda\/#\/schema\/logo\/image\/\"},\"sameAs\":[\"https:\/\/www.facebook.com\/compuviper\",\"https:\/\/www.youtube.com\/channel\/UCf73dERp9Y3cfOq7q8BhLjA?view_as=subscriber\"]}]}<\/script>\n<meta property=\"product:brand\" content=\"Tech Zone Accesorios\" \/>\n<meta property=\"product:price:amount\" content=\"327\" \/>\n<meta property=\"product:price:currency\" content=\"MXN\" \/>\n<meta property=\"og:availability\" content=\"instock\" \/>\n<meta property=\"product:availability\" content=\"instock\" \/>\n<meta property=\"product:retailer_item_id\" content=\"TZLBP29-V\" \/>\n<meta property=\"product:condition\" content=\"new\" \/>\n<!-- \/ Yoast SEO plugin. -->","yoast_head_json":{"title":"[ Tech Zone Accesorios ] &#129351; Tzlbp29-v Mochila Backpack Tech Zone Style Para Laptop De 16 Verde","description":"Compra Tzlbp29-v Mochila Backpack Tech Zone Style Para Laptop De 16 Verde + Env\u00edo a domicilio + Pago seguro + Garant\u00eda","robots":{"index":"index","follow":"follow","max-snippet":"max-snippet:-1","max-image-preview":"max-image-preview:large","max-video-preview":"max-video-preview:-1"},"canonical":"https:\/\/compuviper.mx\/tienda\/producto\/tech-zone-accesorios-tzlbp29-v-mochila-backpack-tech-zone-style-para-laptop-de-16-verde\/","og_locale":"es_MX","og_type":"article","og_title":"[ Tech Zone Accesorios ] &#129351; Tzlbp29-v Mochila Backpack Tech Zone Style Para Laptop De 16 Verde","og_description":"Compra Tzlbp29-v Mochila Backpack Tech Zone Style Para Laptop De 16 Verde + Env\u00edo a domicilio + Pago seguro + Garant\u00eda","og_url":"https:\/\/compuviper.mx\/tienda\/producto\/tech-zone-accesorios-tzlbp29-v-mochila-backpack-tech-zone-style-para-laptop-de-16-verde\/","og_site_name":"Compuviper","article_publisher":"https:\/\/www.facebook.com\/compuviper","og_image":[{"width":200,"height":200,"url":"https:\/\/compuviper.mx\/tienda\/wp-content\/uploads\/2025\/10\/Mochila-backpack-tech-zone-style-tzlbp29-v-para-laptop-de-16-verde.jpg","type":"image\/jpeg"}],"twitter_card":"summary_large_image","twitter_misc":{"Precio":"&#36;434 &#36;327 con IVA","Availability":"In stock"},"schema":{"@context":"https:\/\/schema.org","@graph":[{"@type":"WebPage","@id":"https:\/\/compuviper.mx\/tienda\/producto\/tech-zone-accesorios-tzlbp29-v-mochila-backpack-tech-zone-style-para-laptop-de-16-verde\/","url":"https:\/\/compuviper.mx\/tienda\/producto\/tech-zone-accesorios-tzlbp29-v-mochila-backpack-tech-zone-style-para-laptop-de-16-verde\/","name":"[ Tech Zone Accesorios ] &#129351; Tzlbp29-v Mochila Backpack Tech Zone Style Para Laptop De 16 Verde","isPartOf":{"@id":"https:\/\/compuviper.mx\/tienda\/#website"},"datePublished":"2026-04-15T05:18:06+00:00","dateModified":"2026-04-15T05:18:06+00:00","description":"Compra Tzlbp29-v Mochila Backpack Tech Zone Style Para Laptop De 16 Verde + Env\u00edo a domicilio + Pago seguro + Garant\u00eda","breadcrumb":{"@id":"https:\/\/compuviper.mx\/tienda\/producto\/tech-zone-accesorios-tzlbp29-v-mochila-backpack-tech-zone-style-para-laptop-de-16-verde\/#breadcrumb"},"inLanguage":"es-MX","potentialAction":[{"@type":"ReadAction","target":["https:\/\/compuviper.mx\/tienda\/producto\/tech-zone-accesorios-tzlbp29-v-mochila-backpack-tech-zone-style-para-laptop-de-16-verde\/"]}]},{"@type":"BreadcrumbList","@id":"https:\/\/compuviper.mx\/tienda\/producto\/tech-zone-accesorios-tzlbp29-v-mochila-backpack-tech-zone-style-para-laptop-de-16-verde\/#breadcrumb","itemListElement":[{"@type":"ListItem","position":1,"name":"Inicio","item":"https:\/\/compuviper.mx\/tienda\/"},{"@type":"ListItem","position":2,"name":"Productos","item":"https:\/\/compuviper.mx\/tienda\/productos\/"},{"@type":"ListItem","position":3,"name":"Back Pack (mochila)","item":"https:\/\/compuviper.mx\/tienda\/categoria-producto\/back-pack-mochila\/"},{"@type":"ListItem","position":4,"name":"Sin Categor\u00eda","item":"https:\/\/compuviper.mx\/tienda\/categoria-producto\/back-pack-mochila\/sin-categoria-back-pack-mochila\/"},{"@type":"ListItem","position":5,"name":"Tech Zone Accesorios Tzlbp29-v Mochila Backpack Tech Zone Style Para Laptop De 16 Verde"}]},{"@type":"WebSite","@id":"https:\/\/compuviper.mx\/tienda\/#website","url":"https:\/\/compuviper.mx\/tienda\/","name":"Compuviper","description":"Proveedor de Computadoras, Laptops, Servidores, Monitores, Puntos de Venta, Teclados,   Impresoras, T\u00f3ner, C\u00e1maras de Seguridad y m\u00e1s en tu tienda en l\u00ednea","publisher":{"@id":"https:\/\/compuviper.mx\/tienda\/#organization"},"potentialAction":[{"@type":"SearchAction","target":{"@type":"EntryPoint","urlTemplate":"https:\/\/compuviper.mx\/tienda\/?s={search_term_string}"},"query-input":"required name=search_term_string"}],"inLanguage":"es-MX"},{"@type":"Organization","@id":"https:\/\/compuviper.mx\/tienda\/#organization","name":"Compuviper","url":"https:\/\/compuviper.mx\/tienda\/","logo":{"@type":"ImageObject","inLanguage":"es-MX","@id":"https:\/\/compuviper.mx\/tienda\/#\/schema\/logo\/image\/","url":"https:\/\/compuviper.mx\/tienda\/wp-content\/uploads\/2021\/08\/Logo-Compuviper-10.png","contentUrl":"https:\/\/compuviper.mx\/tienda\/wp-content\/uploads\/2021\/08\/Logo-Compuviper-10.png","width":1000,"height":500,"caption":"Compuviper"},"image":{"@id":"https:\/\/compuviper.mx\/tienda\/#\/schema\/logo\/image\/"},"sameAs":["https:\/\/www.facebook.com\/compuviper","https:\/\/www.youtube.com\/channel\/UCf73dERp9Y3cfOq7q8BhLjA?view_as=subscriber"]}]},"product_brand":"Tech Zone Accesorios","product_price_amount":"327","product_price_currency":"MXN","og_availability":"instock","product_availability":"instock","product_retailer_item_id":"TZLBP29-V","product_condition":"new"},"_links":{"self":[{"href":"https:\/\/compuviper.mx\/tienda\/wp-json\/wp\/v2\/product\/254093"}],"collection":[{"href":"https:\/\/compuviper.mx\/tienda\/wp-json\/wp\/v2\/product"}],"about":[{"href":"https:\/\/compuviper.mx\/tienda\/wp-json\/wp\/v2\/types\/product"}],"replies":[{"embeddable":true,"href":"https:\/\/compuviper.mx\/tienda\/wp-json\/wp\/v2\/comments?post=254093"}],"wp:featuredmedia":[{"embeddable":true,"href":"https:\/\/compuviper.mx\/tienda\/wp-json\/wp\/v2\/media\/258890"}],"wp:attachment":[{"href":"https:\/\/compuviper.mx\/tienda\/wp-json\/wp\/v2\/media?parent=254093"}],"wp:term":[{"taxonomy":"product_cat","embeddable":true,"href":"https:\/\/compuviper.mx\/tienda\/wp-json\/wp\/v2\/product_cat?post=254093"},{"taxonomy":"product_tag","embeddable":true,"href":"https:\/\/compuviper.mx\/tienda\/wp-json\/wp\/v2\/product_tag?post=254093"}],"curies":[{"name":"wp","href":"https:\/\/api.w.org\/{rel}","templated":true}]}}