{"id":254085,"date":"2026-04-11T01:59:28","date_gmt":"2026-04-11T07:59:28","guid":{"rendered":"https:\/\/compuviper.mx\/tienda\/producto\/x-fusion-0231y412n-xf-servidor-xfusion-2288h-v6-83-5-inch-hdd-through-chassis-2-cpu-12-core-c-u-64-gb-en-ram-2-ssd480gbsata-6gb-raid-card-mr-01561050602gb-cache\/"},"modified":"2026-04-11T01:59:28","modified_gmt":"2026-04-11T07:59:28","slug":"x-fusion-0231y412n-xf-servidor-xfusion-2288h-v6-83-5-inch-hdd-through-chassis-2-cpu-12-core-c-u-64-gb-en-ram-2-ssd480gbsata-6gb-raid-card-mr-01561050602gb-cache","status":"publish","type":"product","link":"https:\/\/compuviper.mx\/tienda\/producto\/x-fusion-0231y412n-xf-servidor-xfusion-2288h-v6-83-5-inch-hdd-through-chassis-2-cpu-12-core-c-u-64-gb-en-ram-2-ssd480gbsata-6gb-raid-card-mr-01561050602gb-cache\/","title":{"rendered":"X-fusion 0231y412n-xf Servidor Xfusion 2288h V6 83.5 Inch Hdd Through Chassis 2 Cpu 12 Core C\/u \/ 64 Gb En Ram\/ 2 Ssd,480gb,sata 6gb \/ Raid Card Mr 0,1,5,6,10,50,60,2gb Cache"},"content":{"rendered":"<table class=\"descripcion\">\n<tr>\n<td>Informaci\u00f3n t\u00e9cnica:<\/td>\n<\/tr>\n<tr>\n<td>Servidor xfusion 2288h v6 2 cpu 12 core c\/u \/ 64 gb en ram\/ 2 ssd,480gb,sata 6gb \/ raid card mr 0,1,5,6,10,50,60,2gb cache<\/td>\n<\/tr>\n<tr>\n<td>Arquitectura:<\/td>\n<\/tr>\n<tr>\n<td>-formato: 2u rack<\/td>\n<\/tr>\n<tr>\n<td>-chipset intel c621a<\/td>\n<\/tr>\n<tr>\n<td>-bahias instaladas: 8 de 3.5 sas\/sata hdd\/sdd<\/td>\n<\/tr>\n<tr>\n<td>-sockets para micro: 2<\/td>\n<\/tr>\n<tr>\n<td>-bancos de memoria ram: 16 dimm<\/td>\n<\/tr>\n<tr>\n<td>-ram maxima soportada: hasta 2,048 tb no incluidas<\/td>\n<\/tr>\n<tr>\n<td>-banco para fuente: 2<\/td>\n<\/tr>\n<tr>\n<td>-raid0,1,5,6,10,50,60<\/td>\n<\/tr>\n<tr>\n<td>-soporta \u0095 2 x m.2 ssd<\/td>\n<\/tr>\n<tr>\n<td>-sistemas operativos soportados: microsoft windows server, suse linux enterprise server, vmware esxi, red hat enterprise linux, centos, oracle linux, ubuntu, debian, openeuler, etc<\/td>\n<\/tr>\n<tr>\n<td>-temperatura en operacion: 5\u00b0c to 45\u00b0c 41\u00b0f to 113\u00b0f ashrae classes a1 to a4 compliant<\/td>\n<\/tr>\n<tr>\n<td>-certificaciones: ce, ul, ccc, fcc, vcci, rohs, etc<\/td>\n<\/tr>\n<tr>\n<td>-dimensiones: chassis with 2.5-inch drives: 86.1 mm x 447 mm x 790 mm 3.40 in. x 17.60 in. x 31.10 in.<\/td>\n<\/tr>\n<tr>\n<td>Accesorios incluidos<\/td>\n<\/tr>\n<tr>\n<td>Procesador.-<\/td>\n<\/tr>\n<tr>\n<td>-2x intel xeon silver 4310 12 core &#8211; 2.1ghz &#8211; 18mb cache &#8211; 120w<\/td>\n<\/tr>\n<tr>\n<td>Memoria.-<\/td>\n<\/tr>\n<tr>\n<td>-memoria ram instalada: 2x 32gb 3200mhz rdimm ddr4 1.2v ecc, 2rank, (2g*4bit)<\/td>\n<\/tr>\n<tr>\n<td>Fuente de poder.-<\/td>\n<\/tr>\n<tr>\n<td>-2x 900w platinum ac<\/td>\n<\/tr>\n<tr>\n<td>Cables.-<\/td>\n<\/tr>\n<tr>\n<td>-wall plug 3m c13<\/td>\n<\/tr>\n<tr>\n<td>-pdu style 1.8m c13<\/td>\n<\/tr>\n<tr>\n<td>Almacenamiento.-<\/td>\n<\/tr>\n<tr>\n<td>-2x ssd 480gb sata 2.5 front panel 6gb\/s read intensive er3 (3.5inch drive bay)<\/td>\n<\/tr>\n<tr>\n<td>Tarjeta controladora raid.-<\/td>\n<\/tr>\n<tr>\n<td>-xr-450c pcie 2gb cache &#8211; sas\/sata &#8211; raid 0,1,5,6,10,50,60 super cap<\/td>\n<\/tr>\n<tr>\n<td>Tarjeta de red.-<\/td>\n<\/tr>\n<tr>\n<td>Ge350-ocp3.0 &#8211; t2 2ptos 1gb electric interface card intel i350<\/td>\n<\/tr>\n<tr>\n<td>2 slots pcie libres<\/td>\n<\/tr>\n<tr>\n<td>La imagen presentada es ilustrativa puede variar<\/td>\n<\/tr>\n<\/table>\n","protected":false},"excerpt":{"rendered":"<p>\u00a1potencia y rendimiento extraordinario en un servidor confiable y vers\u00e1til. Presentamos el servidor xfusion 2288h v6, una soluci\u00f3n robusta dise\u00f1ada para llevar tus operaciones de ti al siguiente nivel. Ideal para entornos exigentes como. Servicios empresariales. Cloud computing. Virtualizaci\u00f3n. High-performance computing (hpc. Almacenamiento distribuido. Procesamiento de big data. Aplicaciones empresariales o de telecomunicaciones. Y otras cargas de trabajo cr\u00edticas. Caracter\u00edsticas t\u00e9cnicas destacadas. Formato: rack 2u. Chipset: intel\u00ae c621a. Procesadores. 2 \u00d7 intel\u00ae xeon\u00ae silver 4310. 12 n\u00facleos por procesador (total: 24 n\u00facleos. Memoria ram. Incluye: 64 gb (2 \u00d7 32 gb ddr4 3200 mhz rdimm. Capacidad m\u00e1xima: hasta 2,048 tb (memorias adicionales no incluidas. Almacenamiento. 8 bah\u00edas de 3.5&#8243; sas\/sata para hdd o ssd. 2 slots m.2 ssd para almacenamiento adicional. Raid. Controladora raid xr-450c pcie con 2 gb de cach?. Soporte para raid 0, 1, 5, 6, 10, 50 y 60. Red. Tarjeta de red ge350-t2 con 2 puertos de 1 gbe. Energ\u00eda. 2 fuentes de poder ac platinum de 900w. Expansi\u00f3n. 2 slots pcie disponibles para futuras ampliaciones. Certificaciones de calidad y fiabilidad. El xfusion 2288h v6 cuenta con certificaciones internacionales que garantizan un rendimiento seguro y consistente. Ce, ul, ccc, fcc, vcci, rohs. Temperatura operativa: de 5\u00b0c a 45\u00b0c (41\u00b0f a 113\u00b0f), cumpliendo con altos est\u00e1ndares de eficiencia y durabilidad. Compatibilidad con sistemas operativos. Compatible con una amplia gama de sistemas operativos, entre ellos. Microsoft windows server. Suse linux enterprise server. Vmware esxi. Red hat enterprise linux. Centos, oracle linux, ubuntu, debian, openeuler, y m\u00e1s. Huawei dcs. Incluye. 2 procesadores intel\u00ae xeon\u00ae silver 4310. 64 gb de memoria ram ddr4. Controladora raid. Tarjeta de red 2 puertos. Fuentes de poder redundantes. Cables necesarios para su instalaci\u00f3n. La imagen presentada es ilustrativa y puede variar. No obstante, la garant\u00eda de rendimiento, calidad y confiabilidad del servidor xfusion 2288h v6 permanece inalterable.<\/p>\n","protected":false},"featured_media":260799,"comment_status":"open","ping_status":"open","template":"","meta":[],"product_cat":[1808,1809],"product_tag":[2205],"acf":[],"yoast_head":"<!-- This site is optimized with the Yoast SEO plugin v21.7 - https:\/\/yoast.com\/wordpress\/plugins\/seo\/ -->\n<title>[ X-fusion ] &#129351; 0231y412n-xf Servidor Xfusion 2288h V6 83.5 Inch Hdd Through Chassis 2 Cpu 12 Core C\/u \/ 64 Gb En Ram\/ 2 Ssd,480gb,sata 6gb \/ Raid Card Mr 0,1,5,6,10,50,60,2gb Cache<\/title>\n<meta name=\"description\" content=\"Compra 0231y412n-xf Servidor Xfusion 2288h V6 83.5 Inch Hdd Through Chassis 2 Cpu 12 Core C\/u \/ 64 Gb En Ram\/ 2 Ssd,480gb,sata 6gb \/ Raid Card Mr 0,1,5,6,10,50,60,2gb Cache + Env\u00edo a domicilio + Pago seguro + Garant\u00eda\" \/>\n<meta name=\"robots\" content=\"index, follow, max-snippet:-1, max-image-preview:large, max-video-preview:-1\" \/>\n<link rel=\"canonical\" href=\"https:\/\/compuviper.mx\/tienda\/producto\/x-fusion-0231y412n-xf-servidor-xfusion-2288h-v6-83-5-inch-hdd-through-chassis-2-cpu-12-core-c-u-64-gb-en-ram-2-ssd480gbsata-6gb-raid-card-mr-01561050602gb-cache\/\" \/>\n<meta property=\"og:locale\" content=\"es_MX\" \/>\n<meta property=\"og:type\" content=\"article\" \/>\n<meta property=\"og:title\" content=\"[ X-fusion ] &#129351; 0231y412n-xf Servidor Xfusion 2288h V6 83.5 Inch Hdd Through Chassis 2 Cpu 12 Core C\/u \/ 64 Gb En Ram\/ 2 Ssd,480gb,sata 6gb \/ Raid Card Mr 0,1,5,6,10,50,60,2gb Cache\" \/>\n<meta property=\"og:description\" content=\"Compra 0231y412n-xf Servidor Xfusion 2288h V6 83.5 Inch Hdd Through Chassis 2 Cpu 12 Core C\/u \/ 64 Gb En Ram\/ 2 Ssd,480gb,sata 6gb \/ Raid Card Mr 0,1,5,6,10,50,60,2gb Cache + Env\u00edo a domicilio + Pago seguro + Garant\u00eda\" \/>\n<meta property=\"og:url\" content=\"https:\/\/compuviper.mx\/tienda\/producto\/x-fusion-0231y412n-xf-servidor-xfusion-2288h-v6-83-5-inch-hdd-through-chassis-2-cpu-12-core-c-u-64-gb-en-ram-2-ssd480gbsata-6gb-raid-card-mr-01561050602gb-cache\/\" \/>\n<meta property=\"og:site_name\" content=\"Compuviper\" \/>\n<meta property=\"article:publisher\" content=\"https:\/\/www.facebook.com\/compuviper\" \/>\n<meta property=\"og:image\" content=\"https:\/\/compuviper.mx\/tienda\/wp-content\/uploads\/2025\/10\/Servidor-xfusion-2288h-v6-83.5-inch-hdd-through-chassis-2-cpu-12-core-cu-64-gb-en-ram-2-ssd480gbsata-6gb-raid-card-mr-01561050602gb-cache.jpg\" \/>\n\t<meta property=\"og:image:width\" content=\"200\" \/>\n\t<meta property=\"og:image:height\" content=\"200\" \/>\n\t<meta property=\"og:image:type\" content=\"image\/jpeg\" \/>\n<meta name=\"twitter:card\" content=\"summary_large_image\" \/>\n<meta name=\"twitter:label1\" content=\"Precio\" \/>\n\t<meta name=\"twitter:data1\" content=\"&#36;36,433 con IVA\" \/>\n\t<meta name=\"twitter:label2\" content=\"Availability\" \/>\n\t<meta name=\"twitter:data2\" content=\"Out of stock\" \/>\n<script type=\"application\/ld+json\" class=\"yoast-schema-graph\">{\"@context\":\"https:\/\/schema.org\",\"@graph\":[{\"@type\":\"WebPage\",\"@id\":\"https:\/\/compuviper.mx\/tienda\/producto\/x-fusion-0231y412n-xf-servidor-xfusion-2288h-v6-83-5-inch-hdd-through-chassis-2-cpu-12-core-c-u-64-gb-en-ram-2-ssd480gbsata-6gb-raid-card-mr-01561050602gb-cache\/\",\"url\":\"https:\/\/compuviper.mx\/tienda\/producto\/x-fusion-0231y412n-xf-servidor-xfusion-2288h-v6-83-5-inch-hdd-through-chassis-2-cpu-12-core-c-u-64-gb-en-ram-2-ssd480gbsata-6gb-raid-card-mr-01561050602gb-cache\/\",\"name\":\"[ X-fusion ] &#129351; 0231y412n-xf Servidor Xfusion 2288h V6 83.5 Inch Hdd Through Chassis 2 Cpu 12 Core C\/u \/ 64 Gb En Ram\/ 2 Ssd,480gb,sata 6gb \/ Raid Card Mr 0,1,5,6,10,50,60,2gb Cache\",\"isPartOf\":{\"@id\":\"https:\/\/compuviper.mx\/tienda\/#website\"},\"datePublished\":\"2026-04-11T07:59:28+00:00\",\"dateModified\":\"2026-04-11T07:59:28+00:00\",\"description\":\"Compra 0231y412n-xf Servidor Xfusion 2288h V6 83.5 Inch Hdd Through Chassis 2 Cpu 12 Core C\/u \/ 64 Gb En Ram\/ 2 Ssd,480gb,sata 6gb \/ Raid Card Mr 0,1,5,6,10,50,60,2gb Cache + Env\u00edo a domicilio + Pago seguro + Garant\u00eda\",\"breadcrumb\":{\"@id\":\"https:\/\/compuviper.mx\/tienda\/producto\/x-fusion-0231y412n-xf-servidor-xfusion-2288h-v6-83-5-inch-hdd-through-chassis-2-cpu-12-core-c-u-64-gb-en-ram-2-ssd480gbsata-6gb-raid-card-mr-01561050602gb-cache\/#breadcrumb\"},\"inLanguage\":\"es-MX\",\"potentialAction\":[{\"@type\":\"ReadAction\",\"target\":[\"https:\/\/compuviper.mx\/tienda\/producto\/x-fusion-0231y412n-xf-servidor-xfusion-2288h-v6-83-5-inch-hdd-through-chassis-2-cpu-12-core-c-u-64-gb-en-ram-2-ssd480gbsata-6gb-raid-card-mr-01561050602gb-cache\/\"]}]},{\"@type\":\"BreadcrumbList\",\"@id\":\"https:\/\/compuviper.mx\/tienda\/producto\/x-fusion-0231y412n-xf-servidor-xfusion-2288h-v6-83-5-inch-hdd-through-chassis-2-cpu-12-core-c-u-64-gb-en-ram-2-ssd480gbsata-6gb-raid-card-mr-01561050602gb-cache\/#breadcrumb\",\"itemListElement\":[{\"@type\":\"ListItem\",\"position\":1,\"name\":\"Inicio\",\"item\":\"https:\/\/compuviper.mx\/tienda\/\"},{\"@type\":\"ListItem\",\"position\":2,\"name\":\"Productos\",\"item\":\"https:\/\/compuviper.mx\/tienda\/productos\/\"},{\"@type\":\"ListItem\",\"position\":3,\"name\":\"Servidores\",\"item\":\"https:\/\/compuviper.mx\/tienda\/categoria-producto\/servidores-2\/\"},{\"@type\":\"ListItem\",\"position\":4,\"name\":\"Rack (dl)\",\"item\":\"https:\/\/compuviper.mx\/tienda\/categoria-producto\/servidores-2\/rack-dl\/\"},{\"@type\":\"ListItem\",\"position\":5,\"name\":\"X-fusion 0231y412n-xf Servidor Xfusion 2288h V6 83.5 Inch Hdd Through Chassis 2 Cpu 12 Core C\/u \/ 64 Gb En Ram\/ 2 Ssd,480gb,sata 6gb \/ Raid Card Mr 0,1,5,6,10,50,60,2gb Cache\"}]},{\"@type\":\"WebSite\",\"@id\":\"https:\/\/compuviper.mx\/tienda\/#website\",\"url\":\"https:\/\/compuviper.mx\/tienda\/\",\"name\":\"Compuviper\",\"description\":\"Proveedor de Computadoras, Laptops, Servidores, Monitores, Puntos de Venta, Teclados,   Impresoras, T\u00f3ner, C\u00e1maras de Seguridad y m\u00e1s en tu tienda en l\u00ednea\",\"publisher\":{\"@id\":\"https:\/\/compuviper.mx\/tienda\/#organization\"},\"potentialAction\":[{\"@type\":\"SearchAction\",\"target\":{\"@type\":\"EntryPoint\",\"urlTemplate\":\"https:\/\/compuviper.mx\/tienda\/?s={search_term_string}\"},\"query-input\":\"required name=search_term_string\"}],\"inLanguage\":\"es-MX\"},{\"@type\":\"Organization\",\"@id\":\"https:\/\/compuviper.mx\/tienda\/#organization\",\"name\":\"Compuviper\",\"url\":\"https:\/\/compuviper.mx\/tienda\/\",\"logo\":{\"@type\":\"ImageObject\",\"inLanguage\":\"es-MX\",\"@id\":\"https:\/\/compuviper.mx\/tienda\/#\/schema\/logo\/image\/\",\"url\":\"https:\/\/compuviper.mx\/tienda\/wp-content\/uploads\/2021\/08\/Logo-Compuviper-10.png\",\"contentUrl\":\"https:\/\/compuviper.mx\/tienda\/wp-content\/uploads\/2021\/08\/Logo-Compuviper-10.png\",\"width\":1000,\"height\":500,\"caption\":\"Compuviper\"},\"image\":{\"@id\":\"https:\/\/compuviper.mx\/tienda\/#\/schema\/logo\/image\/\"},\"sameAs\":[\"https:\/\/www.facebook.com\/compuviper\",\"https:\/\/www.youtube.com\/channel\/UCf73dERp9Y3cfOq7q8BhLjA?view_as=subscriber\"]}]}<\/script>\n<meta property=\"product:brand\" content=\"X-fusion\" \/>\n<meta property=\"product:price:amount\" content=\"36433\" \/>\n<meta property=\"product:price:currency\" content=\"MXN\" \/>\n<meta property=\"og:availability\" content=\"out of stock\" \/>\n<meta property=\"product:availability\" content=\"out of stock\" \/>\n<meta property=\"product:retailer_item_id\" content=\"0231Y412N-XF\" \/>\n<meta property=\"product:condition\" content=\"new\" \/>\n<!-- \/ Yoast SEO plugin. -->","yoast_head_json":{"title":"[ X-fusion ] &#129351; 0231y412n-xf Servidor Xfusion 2288h V6 83.5 Inch Hdd Through Chassis 2 Cpu 12 Core C\/u \/ 64 Gb En Ram\/ 2 Ssd,480gb,sata 6gb \/ Raid Card Mr 0,1,5,6,10,50,60,2gb Cache","description":"Compra 0231y412n-xf Servidor Xfusion 2288h V6 83.5 Inch Hdd Through Chassis 2 Cpu 12 Core C\/u \/ 64 Gb En Ram\/ 2 Ssd,480gb,sata 6gb \/ Raid Card Mr 0,1,5,6,10,50,60,2gb Cache + Env\u00edo a domicilio + Pago seguro + Garant\u00eda","robots":{"index":"index","follow":"follow","max-snippet":"max-snippet:-1","max-image-preview":"max-image-preview:large","max-video-preview":"max-video-preview:-1"},"canonical":"https:\/\/compuviper.mx\/tienda\/producto\/x-fusion-0231y412n-xf-servidor-xfusion-2288h-v6-83-5-inch-hdd-through-chassis-2-cpu-12-core-c-u-64-gb-en-ram-2-ssd480gbsata-6gb-raid-card-mr-01561050602gb-cache\/","og_locale":"es_MX","og_type":"article","og_title":"[ X-fusion ] &#129351; 0231y412n-xf Servidor Xfusion 2288h V6 83.5 Inch Hdd Through Chassis 2 Cpu 12 Core C\/u \/ 64 Gb En Ram\/ 2 Ssd,480gb,sata 6gb \/ Raid Card Mr 0,1,5,6,10,50,60,2gb Cache","og_description":"Compra 0231y412n-xf Servidor Xfusion 2288h V6 83.5 Inch Hdd Through Chassis 2 Cpu 12 Core C\/u \/ 64 Gb En Ram\/ 2 Ssd,480gb,sata 6gb \/ Raid Card Mr 0,1,5,6,10,50,60,2gb Cache + Env\u00edo a domicilio + Pago seguro + Garant\u00eda","og_url":"https:\/\/compuviper.mx\/tienda\/producto\/x-fusion-0231y412n-xf-servidor-xfusion-2288h-v6-83-5-inch-hdd-through-chassis-2-cpu-12-core-c-u-64-gb-en-ram-2-ssd480gbsata-6gb-raid-card-mr-01561050602gb-cache\/","og_site_name":"Compuviper","article_publisher":"https:\/\/www.facebook.com\/compuviper","og_image":[{"width":200,"height":200,"url":"https:\/\/compuviper.mx\/tienda\/wp-content\/uploads\/2025\/10\/Servidor-xfusion-2288h-v6-83.5-inch-hdd-through-chassis-2-cpu-12-core-cu-64-gb-en-ram-2-ssd480gbsata-6gb-raid-card-mr-01561050602gb-cache.jpg","type":"image\/jpeg"}],"twitter_card":"summary_large_image","twitter_misc":{"Precio":"&#36;36,433 con IVA","Availability":"Out of stock"},"schema":{"@context":"https:\/\/schema.org","@graph":[{"@type":"WebPage","@id":"https:\/\/compuviper.mx\/tienda\/producto\/x-fusion-0231y412n-xf-servidor-xfusion-2288h-v6-83-5-inch-hdd-through-chassis-2-cpu-12-core-c-u-64-gb-en-ram-2-ssd480gbsata-6gb-raid-card-mr-01561050602gb-cache\/","url":"https:\/\/compuviper.mx\/tienda\/producto\/x-fusion-0231y412n-xf-servidor-xfusion-2288h-v6-83-5-inch-hdd-through-chassis-2-cpu-12-core-c-u-64-gb-en-ram-2-ssd480gbsata-6gb-raid-card-mr-01561050602gb-cache\/","name":"[ X-fusion ] &#129351; 0231y412n-xf Servidor Xfusion 2288h V6 83.5 Inch Hdd Through Chassis 2 Cpu 12 Core C\/u \/ 64 Gb En Ram\/ 2 Ssd,480gb,sata 6gb \/ Raid Card Mr 0,1,5,6,10,50,60,2gb Cache","isPartOf":{"@id":"https:\/\/compuviper.mx\/tienda\/#website"},"datePublished":"2026-04-11T07:59:28+00:00","dateModified":"2026-04-11T07:59:28+00:00","description":"Compra 0231y412n-xf Servidor Xfusion 2288h V6 83.5 Inch Hdd Through Chassis 2 Cpu 12 Core C\/u \/ 64 Gb En Ram\/ 2 Ssd,480gb,sata 6gb \/ Raid Card Mr 0,1,5,6,10,50,60,2gb Cache + Env\u00edo a domicilio + Pago seguro + Garant\u00eda","breadcrumb":{"@id":"https:\/\/compuviper.mx\/tienda\/producto\/x-fusion-0231y412n-xf-servidor-xfusion-2288h-v6-83-5-inch-hdd-through-chassis-2-cpu-12-core-c-u-64-gb-en-ram-2-ssd480gbsata-6gb-raid-card-mr-01561050602gb-cache\/#breadcrumb"},"inLanguage":"es-MX","potentialAction":[{"@type":"ReadAction","target":["https:\/\/compuviper.mx\/tienda\/producto\/x-fusion-0231y412n-xf-servidor-xfusion-2288h-v6-83-5-inch-hdd-through-chassis-2-cpu-12-core-c-u-64-gb-en-ram-2-ssd480gbsata-6gb-raid-card-mr-01561050602gb-cache\/"]}]},{"@type":"BreadcrumbList","@id":"https:\/\/compuviper.mx\/tienda\/producto\/x-fusion-0231y412n-xf-servidor-xfusion-2288h-v6-83-5-inch-hdd-through-chassis-2-cpu-12-core-c-u-64-gb-en-ram-2-ssd480gbsata-6gb-raid-card-mr-01561050602gb-cache\/#breadcrumb","itemListElement":[{"@type":"ListItem","position":1,"name":"Inicio","item":"https:\/\/compuviper.mx\/tienda\/"},{"@type":"ListItem","position":2,"name":"Productos","item":"https:\/\/compuviper.mx\/tienda\/productos\/"},{"@type":"ListItem","position":3,"name":"Servidores","item":"https:\/\/compuviper.mx\/tienda\/categoria-producto\/servidores-2\/"},{"@type":"ListItem","position":4,"name":"Rack (dl)","item":"https:\/\/compuviper.mx\/tienda\/categoria-producto\/servidores-2\/rack-dl\/"},{"@type":"ListItem","position":5,"name":"X-fusion 0231y412n-xf Servidor Xfusion 2288h V6 83.5 Inch Hdd Through Chassis 2 Cpu 12 Core C\/u \/ 64 Gb En Ram\/ 2 Ssd,480gb,sata 6gb \/ Raid Card Mr 0,1,5,6,10,50,60,2gb Cache"}]},{"@type":"WebSite","@id":"https:\/\/compuviper.mx\/tienda\/#website","url":"https:\/\/compuviper.mx\/tienda\/","name":"Compuviper","description":"Proveedor de Computadoras, Laptops, Servidores, Monitores, Puntos de Venta, Teclados,   Impresoras, T\u00f3ner, C\u00e1maras de Seguridad y m\u00e1s en tu tienda en l\u00ednea","publisher":{"@id":"https:\/\/compuviper.mx\/tienda\/#organization"},"potentialAction":[{"@type":"SearchAction","target":{"@type":"EntryPoint","urlTemplate":"https:\/\/compuviper.mx\/tienda\/?s={search_term_string}"},"query-input":"required name=search_term_string"}],"inLanguage":"es-MX"},{"@type":"Organization","@id":"https:\/\/compuviper.mx\/tienda\/#organization","name":"Compuviper","url":"https:\/\/compuviper.mx\/tienda\/","logo":{"@type":"ImageObject","inLanguage":"es-MX","@id":"https:\/\/compuviper.mx\/tienda\/#\/schema\/logo\/image\/","url":"https:\/\/compuviper.mx\/tienda\/wp-content\/uploads\/2021\/08\/Logo-Compuviper-10.png","contentUrl":"https:\/\/compuviper.mx\/tienda\/wp-content\/uploads\/2021\/08\/Logo-Compuviper-10.png","width":1000,"height":500,"caption":"Compuviper"},"image":{"@id":"https:\/\/compuviper.mx\/tienda\/#\/schema\/logo\/image\/"},"sameAs":["https:\/\/www.facebook.com\/compuviper","https:\/\/www.youtube.com\/channel\/UCf73dERp9Y3cfOq7q8BhLjA?view_as=subscriber"]}]},"product_brand":"X-fusion","product_price_amount":"36433","product_price_currency":"MXN","og_availability":"out of stock","product_availability":"out of stock","product_retailer_item_id":"0231Y412N-XF","product_condition":"new"},"_links":{"self":[{"href":"https:\/\/compuviper.mx\/tienda\/wp-json\/wp\/v2\/product\/254085"}],"collection":[{"href":"https:\/\/compuviper.mx\/tienda\/wp-json\/wp\/v2\/product"}],"about":[{"href":"https:\/\/compuviper.mx\/tienda\/wp-json\/wp\/v2\/types\/product"}],"replies":[{"embeddable":true,"href":"https:\/\/compuviper.mx\/tienda\/wp-json\/wp\/v2\/comments?post=254085"}],"wp:featuredmedia":[{"embeddable":true,"href":"https:\/\/compuviper.mx\/tienda\/wp-json\/wp\/v2\/media\/260799"}],"wp:attachment":[{"href":"https:\/\/compuviper.mx\/tienda\/wp-json\/wp\/v2\/media?parent=254085"}],"wp:term":[{"taxonomy":"product_cat","embeddable":true,"href":"https:\/\/compuviper.mx\/tienda\/wp-json\/wp\/v2\/product_cat?post=254085"},{"taxonomy":"product_tag","embeddable":true,"href":"https:\/\/compuviper.mx\/tienda\/wp-json\/wp\/v2\/product_tag?post=254085"}],"curies":[{"name":"wp","href":"https:\/\/api.w.org\/{rel}","templated":true}]}}