{"id":254069,"date":"2026-04-17T00:20:04","date_gmt":"2026-04-17T06:20:04","guid":{"rendered":"https:\/\/compuviper.mx\/tienda\/producto\/perfect-choice-pc-320548-camara-web-usb-2k-5-megapixeles-autofocus-microfono-integrado-con-cancelacion-de-ruido-rotacion-360\/"},"modified":"2026-04-17T00:20:04","modified_gmt":"2026-04-17T06:20:04","slug":"perfect-choice-pc-320548-camara-web-usb-2k-5-megapixeles-autofocus-microfono-integrado-con-cancelacion-de-ruido-rotacion-360","status":"publish","type":"product","link":"https:\/\/compuviper.mx\/tienda\/producto\/perfect-choice-pc-320548-camara-web-usb-2k-5-megapixeles-autofocus-microfono-integrado-con-cancelacion-de-ruido-rotacion-360\/","title":{"rendered":"Perfect Choice Pc-320548 Camara Web Usb 2k, 5 Megapixeles Autofocus, Microfono Integrado Con Cancelacion De Ruido, Rotacion 360"},"content":{"rendered":"<table class=\"descripcion\">\n<tr>\n<td>Informacion tecnica:<\/td>\n<\/tr>\n<tr>\n<td>Especificaciones t\u00e9cnicas<\/td>\n<\/tr>\n<tr>\n<td>\u0095 alimentaci\u00f3n: 5vcc 500mah<\/td>\n<\/tr>\n<tr>\n<td>\u0095 conexi\u00f3n: al\u00e1mbrica usb<\/td>\n<\/tr>\n<tr>\n<td>\u0095 longitud del cable: 1.5m<\/td>\n<\/tr>\n<tr>\n<td>\u0095 micr\u00f3fono: absorci\u00f3n de sonido y reducci\u00f3n<\/td>\n<\/tr>\n<tr>\n<td>De ruido<\/td>\n<\/tr>\n<tr>\n<td>\u0095 formato de video: mp4 \/ yuy2<\/td>\n<\/tr>\n<tr>\n<td>\u0095 rango de ajuste de enfoque: 0.5 &#8211; 1.5m<\/td>\n<\/tr>\n<tr>\n<td>\u0095 rotaci\u00f3n: 360\u00b0<\/td>\n<\/tr>\n<tr>\n<td>\u0095 compatibilidad: windows \/ macos<\/td>\n<\/tr>\n<tr>\n<td>Contenido del empaque<\/td>\n<\/tr>\n<tr>\n<td>\u0095 1 c\u00e1mara web<\/td>\n<\/tr>\n<tr>\n<td>\u0095 1 gu\u00eda de usuario<\/td>\n<\/tr>\n<\/table>\n","protected":false},"excerpt":{"rendered":"<p>Informacion comercial. Eleva tus videollamadas con esta c\u00e1mara web 2k de 5. Megap\u00edxeles que ofrece im\u00e1genes n\u00edtidas y detalladas. Su. Enfoque autom\u00e1tico garantiza claridad en cada toma. Mientras que el micr\u00f3fono integrado con cancelaci\u00f3n de. Ruido captura tu voz con calidad impecable. Dise\u00f1ada con. Rotaci\u00f3n de 360\u00b0, te permite ajustar el \u00e1ngulo perfecto para. Cada reuni\u00f3n o grabaci\u00f3n.<\/p>\n","protected":false},"featured_media":259439,"comment_status":"open","ping_status":"open","template":"","meta":[],"product_cat":[1608,1682],"product_tag":[1513],"acf":[],"yoast_head":"<!-- This site is optimized with the Yoast SEO plugin v21.7 - https:\/\/yoast.com\/wordpress\/plugins\/seo\/ -->\n<title>[ Perfect Choice ] &#129351; Pc-320548 Camara Web Usb 2k, 5 Megapixeles Autofocus, Microfono Integrado Con Cancelacion De Ruido, Rotacion 360<\/title>\n<meta name=\"description\" content=\"Compra Pc-320548 Camara Web Usb 2k, 5 Megapixeles Autofocus, Microfono Integrado Con Cancelacion De Ruido, Rotacion 360 + Env\u00edo a domicilio + Pago seguro + Garant\u00eda\" \/>\n<meta name=\"robots\" content=\"index, follow, max-snippet:-1, max-image-preview:large, max-video-preview:-1\" \/>\n<link rel=\"canonical\" href=\"https:\/\/compuviper.mx\/tienda\/producto\/perfect-choice-pc-320548-camara-web-usb-2k-5-megapixeles-autofocus-microfono-integrado-con-cancelacion-de-ruido-rotacion-360\/\" \/>\n<meta property=\"og:locale\" content=\"es_MX\" \/>\n<meta property=\"og:type\" content=\"article\" \/>\n<meta property=\"og:title\" content=\"[ Perfect Choice ] &#129351; Pc-320548 Camara Web Usb 2k, 5 Megapixeles Autofocus, Microfono Integrado Con Cancelacion De Ruido, Rotacion 360\" \/>\n<meta property=\"og:description\" content=\"Compra Pc-320548 Camara Web Usb 2k, 5 Megapixeles Autofocus, Microfono Integrado Con Cancelacion De Ruido, Rotacion 360 + Env\u00edo a domicilio + Pago seguro + Garant\u00eda\" \/>\n<meta property=\"og:url\" content=\"https:\/\/compuviper.mx\/tienda\/producto\/perfect-choice-pc-320548-camara-web-usb-2k-5-megapixeles-autofocus-microfono-integrado-con-cancelacion-de-ruido-rotacion-360\/\" \/>\n<meta property=\"og:site_name\" content=\"Compuviper\" \/>\n<meta property=\"article:publisher\" content=\"https:\/\/www.facebook.com\/compuviper\" \/>\n<meta property=\"og:image\" content=\"https:\/\/compuviper.mx\/tienda\/wp-content\/uploads\/2025\/10\/Camara-web-usb-2k-5-megapixeles-autofocus-microfono-integrado-con-cancelacion-de-ruido-rotacion-360-perfect-choice.jpg\" \/>\n\t<meta property=\"og:image:width\" content=\"200\" \/>\n\t<meta property=\"og:image:height\" content=\"200\" \/>\n\t<meta property=\"og:image:type\" content=\"image\/jpeg\" \/>\n<meta name=\"twitter:card\" content=\"summary_large_image\" \/>\n<meta name=\"twitter:label1\" content=\"Precio\" \/>\n\t<meta name=\"twitter:data1\" content=\"&#36;433 con IVA\" \/>\n\t<meta name=\"twitter:label2\" content=\"Availability\" \/>\n\t<meta name=\"twitter:data2\" content=\"In stock\" \/>\n<script type=\"application\/ld+json\" class=\"yoast-schema-graph\">{\"@context\":\"https:\/\/schema.org\",\"@graph\":[{\"@type\":\"WebPage\",\"@id\":\"https:\/\/compuviper.mx\/tienda\/producto\/perfect-choice-pc-320548-camara-web-usb-2k-5-megapixeles-autofocus-microfono-integrado-con-cancelacion-de-ruido-rotacion-360\/\",\"url\":\"https:\/\/compuviper.mx\/tienda\/producto\/perfect-choice-pc-320548-camara-web-usb-2k-5-megapixeles-autofocus-microfono-integrado-con-cancelacion-de-ruido-rotacion-360\/\",\"name\":\"[ Perfect Choice ] &#129351; Pc-320548 Camara Web Usb 2k, 5 Megapixeles Autofocus, Microfono Integrado Con Cancelacion De Ruido, Rotacion 360\",\"isPartOf\":{\"@id\":\"https:\/\/compuviper.mx\/tienda\/#website\"},\"datePublished\":\"2026-04-17T06:20:04+00:00\",\"dateModified\":\"2026-04-17T06:20:04+00:00\",\"description\":\"Compra Pc-320548 Camara Web Usb 2k, 5 Megapixeles Autofocus, Microfono Integrado Con Cancelacion De Ruido, Rotacion 360 + Env\u00edo a domicilio + Pago seguro + Garant\u00eda\",\"breadcrumb\":{\"@id\":\"https:\/\/compuviper.mx\/tienda\/producto\/perfect-choice-pc-320548-camara-web-usb-2k-5-megapixeles-autofocus-microfono-integrado-con-cancelacion-de-ruido-rotacion-360\/#breadcrumb\"},\"inLanguage\":\"es-MX\",\"potentialAction\":[{\"@type\":\"ReadAction\",\"target\":[\"https:\/\/compuviper.mx\/tienda\/producto\/perfect-choice-pc-320548-camara-web-usb-2k-5-megapixeles-autofocus-microfono-integrado-con-cancelacion-de-ruido-rotacion-360\/\"]}]},{\"@type\":\"BreadcrumbList\",\"@id\":\"https:\/\/compuviper.mx\/tienda\/producto\/perfect-choice-pc-320548-camara-web-usb-2k-5-megapixeles-autofocus-microfono-integrado-con-cancelacion-de-ruido-rotacion-360\/#breadcrumb\",\"itemListElement\":[{\"@type\":\"ListItem\",\"position\":1,\"name\":\"Inicio\",\"item\":\"https:\/\/compuviper.mx\/tienda\/\"},{\"@type\":\"ListItem\",\"position\":2,\"name\":\"Productos\",\"item\":\"https:\/\/compuviper.mx\/tienda\/productos\/\"},{\"@type\":\"ListItem\",\"position\":3,\"name\":\"Camaras\",\"item\":\"https:\/\/compuviper.mx\/tienda\/categoria-producto\/camaras-2\/\"},{\"@type\":\"ListItem\",\"position\":4,\"name\":\"Camara Web\",\"item\":\"https:\/\/compuviper.mx\/tienda\/categoria-producto\/camaras-2\/camara-web\/\"},{\"@type\":\"ListItem\",\"position\":5,\"name\":\"Perfect Choice Pc-320548 Camara Web Usb 2k, 5 Megapixeles Autofocus, Microfono Integrado Con Cancelacion De Ruido, Rotacion 360\"}]},{\"@type\":\"WebSite\",\"@id\":\"https:\/\/compuviper.mx\/tienda\/#website\",\"url\":\"https:\/\/compuviper.mx\/tienda\/\",\"name\":\"Compuviper\",\"description\":\"Proveedor de Computadoras, Laptops, Servidores, Monitores, Puntos de Venta, Teclados,   Impresoras, T\u00f3ner, C\u00e1maras de Seguridad y m\u00e1s en tu tienda en l\u00ednea\",\"publisher\":{\"@id\":\"https:\/\/compuviper.mx\/tienda\/#organization\"},\"potentialAction\":[{\"@type\":\"SearchAction\",\"target\":{\"@type\":\"EntryPoint\",\"urlTemplate\":\"https:\/\/compuviper.mx\/tienda\/?s={search_term_string}\"},\"query-input\":\"required name=search_term_string\"}],\"inLanguage\":\"es-MX\"},{\"@type\":\"Organization\",\"@id\":\"https:\/\/compuviper.mx\/tienda\/#organization\",\"name\":\"Compuviper\",\"url\":\"https:\/\/compuviper.mx\/tienda\/\",\"logo\":{\"@type\":\"ImageObject\",\"inLanguage\":\"es-MX\",\"@id\":\"https:\/\/compuviper.mx\/tienda\/#\/schema\/logo\/image\/\",\"url\":\"https:\/\/compuviper.mx\/tienda\/wp-content\/uploads\/2021\/08\/Logo-Compuviper-10.png\",\"contentUrl\":\"https:\/\/compuviper.mx\/tienda\/wp-content\/uploads\/2021\/08\/Logo-Compuviper-10.png\",\"width\":1000,\"height\":500,\"caption\":\"Compuviper\"},\"image\":{\"@id\":\"https:\/\/compuviper.mx\/tienda\/#\/schema\/logo\/image\/\"},\"sameAs\":[\"https:\/\/www.facebook.com\/compuviper\",\"https:\/\/www.youtube.com\/channel\/UCf73dERp9Y3cfOq7q8BhLjA?view_as=subscriber\"]}]}<\/script>\n<meta property=\"product:brand\" content=\"PERFECT CHOICE\" \/>\n<meta property=\"product:price:amount\" content=\"433\" \/>\n<meta property=\"product:price:currency\" content=\"MXN\" \/>\n<meta property=\"og:availability\" content=\"instock\" \/>\n<meta property=\"product:availability\" content=\"instock\" \/>\n<meta property=\"product:retailer_item_id\" content=\"PC-320548\" \/>\n<meta property=\"product:condition\" content=\"new\" \/>\n<!-- \/ Yoast SEO plugin. -->","yoast_head_json":{"title":"[ Perfect Choice ] &#129351; Pc-320548 Camara Web Usb 2k, 5 Megapixeles Autofocus, Microfono Integrado Con Cancelacion De Ruido, Rotacion 360","description":"Compra Pc-320548 Camara Web Usb 2k, 5 Megapixeles Autofocus, Microfono Integrado Con Cancelacion De Ruido, Rotacion 360 + Env\u00edo a domicilio + Pago seguro + Garant\u00eda","robots":{"index":"index","follow":"follow","max-snippet":"max-snippet:-1","max-image-preview":"max-image-preview:large","max-video-preview":"max-video-preview:-1"},"canonical":"https:\/\/compuviper.mx\/tienda\/producto\/perfect-choice-pc-320548-camara-web-usb-2k-5-megapixeles-autofocus-microfono-integrado-con-cancelacion-de-ruido-rotacion-360\/","og_locale":"es_MX","og_type":"article","og_title":"[ Perfect Choice ] &#129351; Pc-320548 Camara Web Usb 2k, 5 Megapixeles Autofocus, Microfono Integrado Con Cancelacion De Ruido, Rotacion 360","og_description":"Compra Pc-320548 Camara Web Usb 2k, 5 Megapixeles Autofocus, Microfono Integrado Con Cancelacion De Ruido, Rotacion 360 + Env\u00edo a domicilio + Pago seguro + Garant\u00eda","og_url":"https:\/\/compuviper.mx\/tienda\/producto\/perfect-choice-pc-320548-camara-web-usb-2k-5-megapixeles-autofocus-microfono-integrado-con-cancelacion-de-ruido-rotacion-360\/","og_site_name":"Compuviper","article_publisher":"https:\/\/www.facebook.com\/compuviper","og_image":[{"width":200,"height":200,"url":"https:\/\/compuviper.mx\/tienda\/wp-content\/uploads\/2025\/10\/Camara-web-usb-2k-5-megapixeles-autofocus-microfono-integrado-con-cancelacion-de-ruido-rotacion-360-perfect-choice.jpg","type":"image\/jpeg"}],"twitter_card":"summary_large_image","twitter_misc":{"Precio":"&#36;433 con IVA","Availability":"In stock"},"schema":{"@context":"https:\/\/schema.org","@graph":[{"@type":"WebPage","@id":"https:\/\/compuviper.mx\/tienda\/producto\/perfect-choice-pc-320548-camara-web-usb-2k-5-megapixeles-autofocus-microfono-integrado-con-cancelacion-de-ruido-rotacion-360\/","url":"https:\/\/compuviper.mx\/tienda\/producto\/perfect-choice-pc-320548-camara-web-usb-2k-5-megapixeles-autofocus-microfono-integrado-con-cancelacion-de-ruido-rotacion-360\/","name":"[ Perfect Choice ] &#129351; Pc-320548 Camara Web Usb 2k, 5 Megapixeles Autofocus, Microfono Integrado Con Cancelacion De Ruido, Rotacion 360","isPartOf":{"@id":"https:\/\/compuviper.mx\/tienda\/#website"},"datePublished":"2026-04-17T06:20:04+00:00","dateModified":"2026-04-17T06:20:04+00:00","description":"Compra Pc-320548 Camara Web Usb 2k, 5 Megapixeles Autofocus, Microfono Integrado Con Cancelacion De Ruido, Rotacion 360 + Env\u00edo a domicilio + Pago seguro + Garant\u00eda","breadcrumb":{"@id":"https:\/\/compuviper.mx\/tienda\/producto\/perfect-choice-pc-320548-camara-web-usb-2k-5-megapixeles-autofocus-microfono-integrado-con-cancelacion-de-ruido-rotacion-360\/#breadcrumb"},"inLanguage":"es-MX","potentialAction":[{"@type":"ReadAction","target":["https:\/\/compuviper.mx\/tienda\/producto\/perfect-choice-pc-320548-camara-web-usb-2k-5-megapixeles-autofocus-microfono-integrado-con-cancelacion-de-ruido-rotacion-360\/"]}]},{"@type":"BreadcrumbList","@id":"https:\/\/compuviper.mx\/tienda\/producto\/perfect-choice-pc-320548-camara-web-usb-2k-5-megapixeles-autofocus-microfono-integrado-con-cancelacion-de-ruido-rotacion-360\/#breadcrumb","itemListElement":[{"@type":"ListItem","position":1,"name":"Inicio","item":"https:\/\/compuviper.mx\/tienda\/"},{"@type":"ListItem","position":2,"name":"Productos","item":"https:\/\/compuviper.mx\/tienda\/productos\/"},{"@type":"ListItem","position":3,"name":"Camaras","item":"https:\/\/compuviper.mx\/tienda\/categoria-producto\/camaras-2\/"},{"@type":"ListItem","position":4,"name":"Camara Web","item":"https:\/\/compuviper.mx\/tienda\/categoria-producto\/camaras-2\/camara-web\/"},{"@type":"ListItem","position":5,"name":"Perfect Choice Pc-320548 Camara Web Usb 2k, 5 Megapixeles Autofocus, Microfono Integrado Con Cancelacion De Ruido, Rotacion 360"}]},{"@type":"WebSite","@id":"https:\/\/compuviper.mx\/tienda\/#website","url":"https:\/\/compuviper.mx\/tienda\/","name":"Compuviper","description":"Proveedor de Computadoras, Laptops, Servidores, Monitores, Puntos de Venta, Teclados,   Impresoras, T\u00f3ner, C\u00e1maras de Seguridad y m\u00e1s en tu tienda en l\u00ednea","publisher":{"@id":"https:\/\/compuviper.mx\/tienda\/#organization"},"potentialAction":[{"@type":"SearchAction","target":{"@type":"EntryPoint","urlTemplate":"https:\/\/compuviper.mx\/tienda\/?s={search_term_string}"},"query-input":"required name=search_term_string"}],"inLanguage":"es-MX"},{"@type":"Organization","@id":"https:\/\/compuviper.mx\/tienda\/#organization","name":"Compuviper","url":"https:\/\/compuviper.mx\/tienda\/","logo":{"@type":"ImageObject","inLanguage":"es-MX","@id":"https:\/\/compuviper.mx\/tienda\/#\/schema\/logo\/image\/","url":"https:\/\/compuviper.mx\/tienda\/wp-content\/uploads\/2021\/08\/Logo-Compuviper-10.png","contentUrl":"https:\/\/compuviper.mx\/tienda\/wp-content\/uploads\/2021\/08\/Logo-Compuviper-10.png","width":1000,"height":500,"caption":"Compuviper"},"image":{"@id":"https:\/\/compuviper.mx\/tienda\/#\/schema\/logo\/image\/"},"sameAs":["https:\/\/www.facebook.com\/compuviper","https:\/\/www.youtube.com\/channel\/UCf73dERp9Y3cfOq7q8BhLjA?view_as=subscriber"]}]},"product_brand":"PERFECT CHOICE","product_price_amount":"433","product_price_currency":"MXN","og_availability":"instock","product_availability":"instock","product_retailer_item_id":"PC-320548","product_condition":"new"},"_links":{"self":[{"href":"https:\/\/compuviper.mx\/tienda\/wp-json\/wp\/v2\/product\/254069"}],"collection":[{"href":"https:\/\/compuviper.mx\/tienda\/wp-json\/wp\/v2\/product"}],"about":[{"href":"https:\/\/compuviper.mx\/tienda\/wp-json\/wp\/v2\/types\/product"}],"replies":[{"embeddable":true,"href":"https:\/\/compuviper.mx\/tienda\/wp-json\/wp\/v2\/comments?post=254069"}],"wp:featuredmedia":[{"embeddable":true,"href":"https:\/\/compuviper.mx\/tienda\/wp-json\/wp\/v2\/media\/259439"}],"wp:attachment":[{"href":"https:\/\/compuviper.mx\/tienda\/wp-json\/wp\/v2\/media?parent=254069"}],"wp:term":[{"taxonomy":"product_cat","embeddable":true,"href":"https:\/\/compuviper.mx\/tienda\/wp-json\/wp\/v2\/product_cat?post=254069"},{"taxonomy":"product_tag","embeddable":true,"href":"https:\/\/compuviper.mx\/tienda\/wp-json\/wp\/v2\/product_tag?post=254069"}],"curies":[{"name":"wp","href":"https:\/\/api.w.org\/{rel}","templated":true}]}}