{"id":253960,"date":"2026-04-25T00:44:51","date_gmt":"2026-04-25T06:44:51","guid":{"rendered":"https:\/\/compuviper.mx\/tienda\/producto\/sharp-display-pn-p556-monitor-profesional-sharp-55-led-24-7-700-cd-m2-10-bit-uhd-hdmi-in-out-arc-dp-in-out-usb-cont-80001-compatible-intel-sdm-raspberry-pi-crestron-ccv2-xio-cloud-y-dic\/"},"modified":"2026-04-25T00:44:51","modified_gmt":"2026-04-25T06:44:51","slug":"sharp-display-pn-p556-monitor-profesional-sharp-55-led-24-7-700-cd-m2-10-bit-uhd-hdmi-in-out-arc-dp-in-out-usb-cont-80001-compatible-intel-sdm-raspberry-pi-crestron-ccv2-xio-cloud-y-dic","status":"publish","type":"product","link":"https:\/\/compuviper.mx\/tienda\/producto\/sharp-display-pn-p556-monitor-profesional-sharp-55-led-24-7-700-cd-m2-10-bit-uhd-hdmi-in-out-arc-dp-in-out-usb-cont-80001-compatible-intel-sdm-raspberry-pi-crestron-ccv2-xio-cloud-y-dic\/","title":{"rendered":"Sharp Display Pn-p556 Monitor Profesional Sharp 55?,  Led, 24\/7, 700 Cd\/m2, 10 Bit, Uhd, Hdmi In\/out Arc, Dp In\/out, Usb, Cont.8000:1 Compatible Intel Sdm, Raspberry Pi, Crestron Ccv2, Xio Cloud Y Dicom"},"content":{"rendered":"<table class=\"descripcion\">\n<tr>\n<td>Display<\/td>\n<\/tr>\n<tr>\n<td>Tecnolog\u00eda del panel ips con retroiluminaci\u00f3n led edge<\/td>\n<\/tr>\n<tr>\n<td>Area de pantalla activa (an x al) [mm] 1.209,6 x 680,4<\/td>\n<\/tr>\n<tr>\n<td>Tama\u00f1o de pantalla [pulgadas\/cm] 54,6 \/ 138,8<\/td>\n<\/tr>\n<tr>\n<td>Relaci\u00f3n de aspecto 16:9<\/td>\n<\/tr>\n<tr>\n<td>Tama\u00f1o de p\u00edxel [mm] 0,315<\/td>\n<\/tr>\n<tr>\n<td>Brillo [cd\/m\u00b2] 700<\/td>\n<\/tr>\n<tr>\n<td>Contrast ratio  and #8805; 8000:1 1<\/td>\n<\/tr>\n<tr>\n<td>\u00e1ngulo de visi\u00f3n [\u00b0] 178 horizontal \/ 178 vertical (t\u00edp. en ratio de contraste 10:1)<\/td>\n<\/tr>\n<tr>\n<td>Colour depth [bn] 1.073 (10bit)<\/td>\n<\/tr>\n<tr>\n<td>Colour gamut 92% de dci<\/td>\n<\/tr>\n<tr>\n<td>Tiempo de respuesta (t\u00edp.) [msec] 8<\/td>\n<\/tr>\n<tr>\n<td>Frecuencia de refresco [hz] 60<\/td>\n<\/tr>\n<tr>\n<td>Haze level [%] pro (25)<\/td>\n<\/tr>\n<tr>\n<td>Orientaci\u00f3n posible horizontal; pantalla hacia abajo; pantalla hacia arriba 2; vertical<\/td>\n<\/tr>\n<tr>\n<td>Resoluci\u00f3n<\/td>\n<\/tr>\n<tr>\n<td>Resoluci\u00f3n nativa<\/td>\n<\/tr>\n<tr>\n<td>3840 x 2160<\/td>\n<\/tr>\n<tr>\n<td>Funciona con entradas digitales y an\u00e1logas (pc)<\/td>\n<\/tr>\n<tr>\n<td>1024 x 768;<\/td>\n<\/tr>\n<tr>\n<td>1270 x 720;<\/td>\n<\/tr>\n<tr>\n<td>1280 x 1024;<\/td>\n<\/tr>\n<tr>\n<td>1280 x 720;<\/td>\n<\/tr>\n<tr>\n<td>1280 x 800;<\/td>\n<\/tr>\n<tr>\n<td>1360 x 768;<\/td>\n<\/tr>\n<tr>\n<td>1366 x 768;<\/td>\n<\/tr>\n<tr>\n<td>1400 x 1050;<\/td>\n<\/tr>\n<tr>\n<td>1440 x 900;<\/td>\n<\/tr>\n<tr>\n<td>1600 x 1200;<\/td>\n<\/tr>\n<tr>\n<td>1680 x 1050;<\/td>\n<\/tr>\n<tr>\n<td>1920 x 1080;<\/td>\n<\/tr>\n<tr>\n<td>1920 x 1200;<\/td>\n<\/tr>\n<tr>\n<td>1920 x 1200;<\/td>\n<\/tr>\n<tr>\n<td>1920 x 2160;<\/td>\n<\/tr>\n<tr>\n<td>3840 x 2160;<\/td>\n<\/tr>\n<tr>\n<td>4096 x 2160;<\/td>\n<\/tr>\n<tr>\n<td>640 x 480;<\/td>\n<\/tr>\n<tr>\n<td>720 x 400;<\/td>\n<\/tr>\n<tr>\n<td>720 x 480;<\/td>\n<\/tr>\n<tr>\n<td>720 x 576;<\/td>\n<\/tr>\n<tr>\n<td>800 x 600<\/td>\n<\/tr>\n<tr>\n<td>Frecuencia de sincronizaci\u00f3n<\/td>\n<\/tr>\n<tr>\n<td>Frecuencia horizontal [khz] 15 &#8211; 135<\/td>\n<\/tr>\n<tr>\n<td>Frecuencia vertical [hz] 23 &#8211; 76<\/td>\n<\/tr>\n<tr>\n<td>Conectividad<\/td>\n<\/tr>\n<tr>\n<td>Hdmi in 1 video input; uhd (60 hz) hdcp (2.2); audio input; arc; cec<\/td>\n<\/tr>\n<tr>\n<td>Hdmi in 2 video input; uhd (60 hz) hdcp (2.2); audio input; cec<\/td>\n<\/tr>\n<tr>\n<td>Hdmi out video output; uhd (60 hz) hdcp (2.2); audio output; loop through: hdmi in 2, option, compute module<\/td>\n<\/tr>\n<tr>\n<td>Dp in 1 video input; uhd (60 hz) dp 1.2; hdcp (2.2); audio input<\/td>\n<\/tr>\n<tr>\n<td>Dp out video output; uhd (60 hz) dp 1.2; hdcp (2.2); audio output; loop through: displayport in, usb-c 2<\/td>\n<\/tr>\n<tr>\n<td>Usb-a 1 usb 2.0 \/ 3.2; 4.5 w; peripherals; usb storage<\/td>\n<\/tr>\n<tr>\n<td>Usb-a (service) 2.5 w; service<\/td>\n<\/tr>\n<tr>\n<td>Usb-c 1 video input; uhd (60 hz); dp alt. 1.2; hdcp (2.2); audio input; usb 2.0 \/ 3.2; 65 w<\/td>\n<\/tr>\n<tr>\n<td>Usb-c 2 usb 2.0 \/ 3.2; 7.5 w; peripherals; storage<\/td>\n<\/tr>\n<tr>\n<td>Audio output (3.5 mm) audio output; line out<\/td>\n<\/tr>\n<tr>\n<td>Lan 1 100 mbit\/s<\/td>\n<\/tr>\n<tr>\n<td>Lan 2 loop through: lan 1, rs-232c, ir; 100 mbit\/s<\/td>\n<\/tr>\n<tr>\n<td>Rs-232c 9600 bps<\/td>\n<\/tr>\n<tr>\n<td>Remote in (3.5 mm) eco sensor (ir-extender, ambient and presence)<\/td>\n<\/tr>\n<tr>\n<td>Calibraci\u00f3n<\/td>\n<\/tr>\n<tr>\n<td>Calibraci\u00f3n de f\u00e1brica gamma; intensidad; punto blanco; rgb; uniformidad<\/td>\n<\/tr>\n<tr>\n<td>Calibraci\u00f3n con software actualizaci\u00f3n de la calibraci\u00f3n de f\u00e1brica; gamma; intensidad; punto blanco; rgb; uniformidad de las esquinas<\/td>\n<\/tr>\n<tr>\n<td>Software de calibraci\u00f3n display wall calibrator<\/td>\n<\/tr>\n<tr>\n<td>Open modular intelligence<\/td>\n<\/tr>\n<tr>\n<td>Intel\u00ae sdm acepta los m\u00f3dulos grandes y peque\u00f1os de intel\u00ae smart display modules hasta 66 w<\/td>\n<\/tr>\n<tr>\n<td>Ranura de m\u00f3dulo de c\u00f3mputo rpi compute module 4<\/td>\n<\/tr>\n<tr>\n<td>Sensores<\/td>\n<\/tr>\n<tr>\n<td>Sensor de luz ambiental optional via eco sensor (ktes1)<\/td>\n<\/tr>\n<tr>\n<td>Sensor de movimiento optional via eco sensor (ktes1)<\/td>\n<\/tr>\n<tr>\n<td>Sensor de temperatura integrado, 3 sensores, acciones de activaci\u00f3n programables<\/td>\n<\/tr>\n<tr>\n<td>El\u00e9ctrico<\/td>\n<\/tr>\n<tr>\n<td>Consumo [w] 115 env\u00edo<\/td>\n<\/tr>\n<tr>\n<td>Modo stand-by [w]   0,5;   2 (networked standby)<\/td>\n<\/tr>\n<tr>\n<td>Gesti\u00f3n de energ\u00eda vesa dpms<\/td>\n<\/tr>\n<tr>\n<td>Fuente de alimentaci\u00f3n 100-240 v ac; 50\/60 hz; interna<\/td>\n<\/tr>\n<tr>\n<td>Condiciones ambientales<\/td>\n<\/tr>\n<tr>\n<td>Temperatura ambiente de funcionamiento [\u00b0c] +0 a +40<\/td>\n<\/tr>\n<tr>\n<td>Humedad ambiental de funcionamiento [%] 20 a 80<\/td>\n<\/tr>\n<tr>\n<td>Humedad de almacenamiento [%] 10 a 80<\/td>\n<\/tr>\n<tr>\n<td>Temperatura de almacenamiento [\u00b0c] -20 a 60<\/td>\n<\/tr>\n<tr>\n<td>Mec\u00e1nico<\/td>\n<\/tr>\n<tr>\n<td>Medidas (an x al x prof) [mm] 1.235,6 x 709,3 x 59,5<\/td>\n<\/tr>\n<tr>\n<td>Peso [kg] 20.5<\/td>\n<\/tr>\n<tr>\n<td>Ancho del marco [mm] 11 (izquierda, derecha y arriba); 13,9 (abajo)<\/td>\n<\/tr>\n<tr>\n<td>Montaje vesa [mm] 300 x 300 (fdmi); 4 muescas; m6<\/td>\n<\/tr>\n<tr>\n<td>Protecci\u00f3n contra penetraci\u00f3n ip5x (frente); ip2x (dorso)<\/td>\n<\/tr>\n<tr>\n<td>Dimensiones del embalaje (an x al x pr) [mm] 1,390 x 850 x 160<\/td>\n<\/tr>\n<tr>\n<td>Peso del embalaje [kg] 27<\/td>\n<\/tr>\n<tr>\n<td>Material metal<\/td>\n<\/tr>\n<tr>\n<td>Opciones disponibles<\/td>\n<\/tr>\n<tr>\n<td>Accesorios altavoces (sp-rm3a); cable usb-c de (usb-c 5m, usb-c 7m); carrito (pd04 tipster, l20pnsr780meu); eco sensor (ktes1); kit de mando a distancia (ktrc3); montaje de pared (pdw s 32-65 l, pdw s 32-65 p, l20pnwall90eu, pdw t xl-2); pies (st-43m); soundbar (pn-zcms1)<\/td>\n<\/tr>\n<tr>\n<td>Condiciones reglamentarias<\/td>\n<\/tr>\n<tr>\n<td>Seguridad y ergonom\u00eda ce; emc class b; energy star 8; fcc class b; reach; rohs; ukca; ul\/c-ul o csa<\/td>\n<\/tr>\n<tr>\n<td>Tipo de error de p\u00edxel iso 9241-307, tipo 1<\/td>\n<\/tr>\n<tr>\n<td>Resistencia al fuego metal backcover, plastic material certified acc. to ul94-5vb<\/td>\n<\/tr>\n<tr>\n<td>Funciones ecol\u00f3gicas<\/td>\n<\/tr>\n<tr>\n<td>Eficiencia energ\u00e9tica clase de eficiencia energ\u00e9tica: g; consumo de energ\u00eda: 102 kwh\/1000 horas; retroiluminaci\u00f3n led<\/td>\n<\/tr>\n<tr>\n<td>Est\u00e1ndares ecol\u00f3gicos energystar 8.0<\/td>\n<\/tr>\n<tr>\n<td>Certificaciones externas<\/td>\n<\/tr>\n<tr>\n<td>Crestron certificado para crestron ccv2 y xio cloud<\/td>\n<\/tr>\n<tr>\n<td>Funciones adicionales<\/td>\n<\/tr>\n<tr>\n<td>Caracter\u00edsticas especiales cec support; clone settings; hdmi arc; planificador; simulaci\u00f3n dicom<\/td>\n<\/tr>\n<tr>\n<td>Versiones marco frontal negro, parte posterior negra<\/td>\n<\/tr>\n<tr>\n<td>Audio altavoces integrados (10 w + 10 w)<\/td>\n<\/tr>\n<tr>\n<td>Accesorios inclu\u00eddos 2x bater\u00edas aaa; cable de alimentaci\u00f3n; cable hdmi; control remoto; manual de instalaci\u00f3n; pantalla<\/td>\n<\/tr>\n<tr>\n<td>Garant\u00eda 3 a\u00f1os de garant\u00eda incluyendo la retro-iluminaci\u00f3n (backlight); 4. + 5. a\u00f1o de extensi\u00f3n opcional de garant\u00eda 3; servicios adicionales disponibles<\/td>\n<\/tr>\n<tr>\n<td>Horas de funcionamiento 24\/7<\/td>\n<\/tr>\n<tr>\n<td>External control amx netlinx support; crestron v2; hdmi cec; http browser; pjlink; scheduled timer; snmp<\/td>\n<\/tr>\n<tr>\n<td>Remote management naviset administrator 2<\/td>\n<\/tr>\n<tr>\n<td>Security disable hw buttons; disable ir functionality; emergency notification; ieee802.1x (lan)<\/td>\n<\/tr>\n<\/table>\n","protected":false},"excerpt":{"rendered":"<p>Cuando la fiabilidad, seguridad y un rendimiento visual excepcional son imprescindibles, la serie sharp multisync\u00ae p6 cumple con precisi\u00f3n y resistencia. Dise\u00f1ada para aplicaciones cr\u00edticas y se\u00f1alizaci\u00f3n de alta gama, la serie p6 combina durabilidad robusta con tecnolog\u00edas visuales avanzadas para satisfacer las necesidades comerciales m\u00e1s exigentes. Con 700 cd\/m\u00b2 de brillo, un panel de alta niebla y spectraviewtm engine, ofrece una claridad de imagen y precisi\u00f3n del color sobresalientes incluso en condiciones de iluminaci\u00f3n desafiantes. A pesar de su perfil delgado, la serie p6 est\u00e1 aprobada para su uso en espacios con mucho tr\u00e1fico gracias a un chasis met\u00e1lico resistente que cumple con los est\u00e1ndares de seguridad contra incendios m\u00e1s estrictos. Bas\u00e1ndose en la confiable herencia de nec, la pr\u00f3xima generaci\u00f3n de la serie sharp p6 est\u00e1 dise\u00f1ada para durar y ofrecer flexibilidad en integraci\u00f3n. Su arquitectura modular soporta opciones inform\u00e1ticas personalizadas mediante intel\u00ae sdm o raspberry pi, y conectividad flexible incluyendo avoverip para despliegues vers\u00e1tiles. La cadena nativa de v\u00eddeo mediante hdmi y displayport permite clonar o ampliar f\u00e1cilmente el contenido en m\u00faltiples pantallas. La compatibilidad con plataformas l\u00edderes como crestron, cisco webex y q-sys aumenta su atractivo a prueba del futuro, mientras que el soporte lan 802.1x garantiza una seguridad s\u00f3lida contra amenazas cibern\u00e9ticas. Dise\u00f1ada espec\u00edficamente para salas de control, informaci\u00f3n a pasajeros y se\u00f1alizaci\u00f3n minorista o corporativa de prestigio, la serie p6 ofrece un rendimiento sin compromisos d\u00eda tras d\u00eda. Beneficios. Precisi\u00f3n de imagen mejorada \u0096 cuando la coherencia de marca y la identidad corporativa son importantes, el spectraview engine de nec ofrece control total sobre color, gamma y uniformidad para contenidos precisos y de impacto. Legibilidad ilimitada \u0096 sin reflejos desde las ventanas u otras fuentes de luz, as\u00ed la visibilidad del contenido o de la presentaci\u00f3n en la sala no ser\u00e1 interrumpida. Seguridad garantizada \u0096 el soporte lan 802.2x permite un alto nivel de seguridad para redes corporativas, brindando tranquilidad a los equipos de ti y entornos empresariales. Rendimiento cr\u00edtico \u0096 con una luminosidad de 700 cd\/m\u00b2, componentes de larga duraci\u00f3n y un chasis met\u00e1lico resistente a incendios, la serie p6 est\u00e1 dise\u00f1ada para ofrecer claridad duradera y durabilidad en entornos desafiantes, sin necesidad de carcasas voluminosas. Integraci\u00f3n confiable \u0096 la compatibilidad total con los principales ecosistemas av, incluyendo crestron xio cloud y nvx, q-sys, cisco webex, matrox ipmx y soluciones cms, garantiza una configuraci\u00f3n sencilla y escalabilidad sin problemas.<\/p>\n","protected":false},"featured_media":259942,"comment_status":"open","ping_status":"open","template":"","meta":[],"product_cat":[1740,1741],"product_tag":[2237],"acf":[],"yoast_head":"<!-- This site is optimized with the Yoast SEO plugin v21.7 - https:\/\/yoast.com\/wordpress\/plugins\/seo\/ -->\n<title>[ Sharp Display ] &#129351; Pn-p556 Monitor Profesional Sharp 55\u0094, Led, 24\/7, 700 Cd\/m2, 10 Bit, Uhd, Hdmi In\/out Arc, Dp In\/out, Usb, Cont.8000:1 Compatible Intel Sdm, Raspberry Pi, Crestron Ccv2, Xio Cloud Y Dicom<\/title>\n<meta name=\"description\" content=\"Compra Pn-p556 Monitor Profesional Sharp 55\u0094, Led, 24\/7, 700 Cd\/m2, 10 Bit, Uhd, Hdmi In\/out Arc, Dp In\/out, Usb, Cont.8000:1 Compatible Intel Sdm, Raspberry Pi, Crestron Ccv2, Xio Cloud Y Dicom + Env\u00edo a domicilio + Pago seguro + Garant\u00eda\" \/>\n<meta name=\"robots\" content=\"index, follow, max-snippet:-1, max-image-preview:large, max-video-preview:-1\" \/>\n<link rel=\"canonical\" href=\"https:\/\/compuviper.mx\/tienda\/producto\/sharp-display-pn-p556-monitor-profesional-sharp-55-led-24-7-700-cd-m2-10-bit-uhd-hdmi-in-out-arc-dp-in-out-usb-cont-80001-compatible-intel-sdm-raspberry-pi-crestron-ccv2-xio-cloud-y-dic\/\" \/>\n<meta property=\"og:locale\" content=\"es_MX\" \/>\n<meta property=\"og:type\" content=\"article\" \/>\n<meta property=\"og:title\" content=\"[ Sharp Display ] &#129351; Pn-p556 Monitor Profesional Sharp 55\u0094, Led, 24\/7, 700 Cd\/m2, 10 Bit, Uhd, Hdmi In\/out Arc, Dp In\/out, Usb, Cont.8000:1 Compatible Intel Sdm, Raspberry Pi, Crestron Ccv2, Xio Cloud Y Dicom\" \/>\n<meta property=\"og:description\" content=\"Compra Pn-p556 Monitor Profesional Sharp 55\u0094, Led, 24\/7, 700 Cd\/m2, 10 Bit, Uhd, Hdmi In\/out Arc, Dp In\/out, Usb, Cont.8000:1 Compatible Intel Sdm, Raspberry Pi, Crestron Ccv2, Xio Cloud Y Dicom + Env\u00edo a domicilio + Pago seguro + Garant\u00eda\" \/>\n<meta property=\"og:url\" content=\"https:\/\/compuviper.mx\/tienda\/producto\/sharp-display-pn-p556-monitor-profesional-sharp-55-led-24-7-700-cd-m2-10-bit-uhd-hdmi-in-out-arc-dp-in-out-usb-cont-80001-compatible-intel-sdm-raspberry-pi-crestron-ccv2-xio-cloud-y-dic\/\" \/>\n<meta property=\"og:site_name\" content=\"Compuviper\" \/>\n<meta property=\"article:publisher\" content=\"https:\/\/www.facebook.com\/compuviper\" \/>\n<meta property=\"og:image\" content=\"https:\/\/compuviper.mx\/tienda\/wp-content\/uploads\/2025\/10\/Monitor-profesional-sharp-55\u0094-pn-p556-led-247-700-cdm2-10-bit-uhd-hdmi-inout-arc-dp-inout-usb-cont.80001-compatible-intel-sdm-raspberry-pi-crestron-ccv2-xio-cloud-y-dicom.jpg\" \/>\n\t<meta property=\"og:image:width\" content=\"200\" \/>\n\t<meta property=\"og:image:height\" content=\"200\" \/>\n\t<meta property=\"og:image:type\" content=\"image\/jpeg\" \/>\n<meta name=\"twitter:card\" content=\"summary_large_image\" \/>\n<meta name=\"twitter:label1\" content=\"Precio\" \/>\n\t<meta name=\"twitter:data1\" content=\"&#36;47,310 con IVA\" \/>\n\t<meta name=\"twitter:label2\" content=\"Availability\" \/>\n\t<meta name=\"twitter:data2\" content=\"On backorder\" \/>\n<script type=\"application\/ld+json\" class=\"yoast-schema-graph\">{\"@context\":\"https:\/\/schema.org\",\"@graph\":[{\"@type\":\"WebPage\",\"@id\":\"https:\/\/compuviper.mx\/tienda\/producto\/sharp-display-pn-p556-monitor-profesional-sharp-55-led-24-7-700-cd-m2-10-bit-uhd-hdmi-in-out-arc-dp-in-out-usb-cont-80001-compatible-intel-sdm-raspberry-pi-crestron-ccv2-xio-cloud-y-dic\/\",\"url\":\"https:\/\/compuviper.mx\/tienda\/producto\/sharp-display-pn-p556-monitor-profesional-sharp-55-led-24-7-700-cd-m2-10-bit-uhd-hdmi-in-out-arc-dp-in-out-usb-cont-80001-compatible-intel-sdm-raspberry-pi-crestron-ccv2-xio-cloud-y-dic\/\",\"name\":\"[ Sharp Display ] &#129351; Pn-p556 Monitor Profesional Sharp 55\u0094, Led, 24\/7, 700 Cd\/m2, 10 Bit, Uhd, Hdmi In\/out Arc, Dp In\/out, Usb, Cont.8000:1 Compatible Intel Sdm, Raspberry Pi, Crestron Ccv2, Xio Cloud Y Dicom\",\"isPartOf\":{\"@id\":\"https:\/\/compuviper.mx\/tienda\/#website\"},\"datePublished\":\"2026-04-25T06:44:51+00:00\",\"dateModified\":\"2026-04-25T06:44:51+00:00\",\"description\":\"Compra Pn-p556 Monitor Profesional Sharp 55\u0094, Led, 24\/7, 700 Cd\/m2, 10 Bit, Uhd, Hdmi In\/out Arc, Dp In\/out, Usb, Cont.8000:1 Compatible Intel Sdm, Raspberry Pi, Crestron Ccv2, Xio Cloud Y Dicom + Env\u00edo a domicilio + Pago seguro + Garant\u00eda\",\"breadcrumb\":{\"@id\":\"https:\/\/compuviper.mx\/tienda\/producto\/sharp-display-pn-p556-monitor-profesional-sharp-55-led-24-7-700-cd-m2-10-bit-uhd-hdmi-in-out-arc-dp-in-out-usb-cont-80001-compatible-intel-sdm-raspberry-pi-crestron-ccv2-xio-cloud-y-dic\/#breadcrumb\"},\"inLanguage\":\"es-MX\",\"potentialAction\":[{\"@type\":\"ReadAction\",\"target\":[\"https:\/\/compuviper.mx\/tienda\/producto\/sharp-display-pn-p556-monitor-profesional-sharp-55-led-24-7-700-cd-m2-10-bit-uhd-hdmi-in-out-arc-dp-in-out-usb-cont-80001-compatible-intel-sdm-raspberry-pi-crestron-ccv2-xio-cloud-y-dic\/\"]}]},{\"@type\":\"BreadcrumbList\",\"@id\":\"https:\/\/compuviper.mx\/tienda\/producto\/sharp-display-pn-p556-monitor-profesional-sharp-55-led-24-7-700-cd-m2-10-bit-uhd-hdmi-in-out-arc-dp-in-out-usb-cont-80001-compatible-intel-sdm-raspberry-pi-crestron-ccv2-xio-cloud-y-dic\/#breadcrumb\",\"itemListElement\":[{\"@type\":\"ListItem\",\"position\":1,\"name\":\"Inicio\",\"item\":\"https:\/\/compuviper.mx\/tienda\/\"},{\"@type\":\"ListItem\",\"position\":2,\"name\":\"Productos\",\"item\":\"https:\/\/compuviper.mx\/tienda\/productos\/\"},{\"@type\":\"ListItem\",\"position\":3,\"name\":\"Monitores\",\"item\":\"https:\/\/compuviper.mx\/tienda\/categoria-producto\/monitores\/\"},{\"@type\":\"ListItem\",\"position\":4,\"name\":\"Led\",\"item\":\"https:\/\/compuviper.mx\/tienda\/categoria-producto\/monitores\/led\/\"},{\"@type\":\"ListItem\",\"position\":5,\"name\":\"Sharp Display Pn-p556 Monitor Profesional Sharp 55?, Led, 24\/7, 700 Cd\/m2, 10 Bit, Uhd, Hdmi In\/out Arc, Dp In\/out, Usb, Cont.8000:1 Compatible Intel Sdm, Raspberry Pi, Crestron Ccv2, Xio Cloud Y Dicom\"}]},{\"@type\":\"WebSite\",\"@id\":\"https:\/\/compuviper.mx\/tienda\/#website\",\"url\":\"https:\/\/compuviper.mx\/tienda\/\",\"name\":\"Compuviper\",\"description\":\"Proveedor de Computadoras, Laptops, Servidores, Monitores, Puntos de Venta, Teclados,   Impresoras, T\u00f3ner, C\u00e1maras de Seguridad y m\u00e1s en tu tienda en l\u00ednea\",\"publisher\":{\"@id\":\"https:\/\/compuviper.mx\/tienda\/#organization\"},\"potentialAction\":[{\"@type\":\"SearchAction\",\"target\":{\"@type\":\"EntryPoint\",\"urlTemplate\":\"https:\/\/compuviper.mx\/tienda\/?s={search_term_string}\"},\"query-input\":\"required name=search_term_string\"}],\"inLanguage\":\"es-MX\"},{\"@type\":\"Organization\",\"@id\":\"https:\/\/compuviper.mx\/tienda\/#organization\",\"name\":\"Compuviper\",\"url\":\"https:\/\/compuviper.mx\/tienda\/\",\"logo\":{\"@type\":\"ImageObject\",\"inLanguage\":\"es-MX\",\"@id\":\"https:\/\/compuviper.mx\/tienda\/#\/schema\/logo\/image\/\",\"url\":\"https:\/\/compuviper.mx\/tienda\/wp-content\/uploads\/2021\/08\/Logo-Compuviper-10.png\",\"contentUrl\":\"https:\/\/compuviper.mx\/tienda\/wp-content\/uploads\/2021\/08\/Logo-Compuviper-10.png\",\"width\":1000,\"height\":500,\"caption\":\"Compuviper\"},\"image\":{\"@id\":\"https:\/\/compuviper.mx\/tienda\/#\/schema\/logo\/image\/\"},\"sameAs\":[\"https:\/\/www.facebook.com\/compuviper\",\"https:\/\/www.youtube.com\/channel\/UCf73dERp9Y3cfOq7q8BhLjA?view_as=subscriber\"]}]}<\/script>\n<meta property=\"product:brand\" content=\"Sharp Display\" \/>\n<meta property=\"product:price:amount\" content=\"47310\" \/>\n<meta property=\"product:price:currency\" content=\"MXN\" \/>\n<meta property=\"og:availability\" content=\"backorder\" \/>\n<meta property=\"product:availability\" content=\"available for order\" \/>\n<meta property=\"product:retailer_item_id\" content=\"PN-P556\" \/>\n<meta property=\"product:condition\" content=\"new\" \/>\n<!-- \/ Yoast SEO plugin. -->","yoast_head_json":{"title":"[ Sharp Display ] &#129351; Pn-p556 Monitor Profesional Sharp 55\u0094, Led, 24\/7, 700 Cd\/m2, 10 Bit, Uhd, Hdmi In\/out Arc, Dp In\/out, Usb, Cont.8000:1 Compatible Intel Sdm, Raspberry Pi, Crestron Ccv2, Xio Cloud Y Dicom","description":"Compra Pn-p556 Monitor Profesional Sharp 55\u0094, Led, 24\/7, 700 Cd\/m2, 10 Bit, Uhd, Hdmi In\/out Arc, Dp In\/out, Usb, Cont.8000:1 Compatible Intel Sdm, Raspberry Pi, Crestron Ccv2, Xio Cloud Y Dicom + Env\u00edo a domicilio + Pago seguro + Garant\u00eda","robots":{"index":"index","follow":"follow","max-snippet":"max-snippet:-1","max-image-preview":"max-image-preview:large","max-video-preview":"max-video-preview:-1"},"canonical":"https:\/\/compuviper.mx\/tienda\/producto\/sharp-display-pn-p556-monitor-profesional-sharp-55-led-24-7-700-cd-m2-10-bit-uhd-hdmi-in-out-arc-dp-in-out-usb-cont-80001-compatible-intel-sdm-raspberry-pi-crestron-ccv2-xio-cloud-y-dic\/","og_locale":"es_MX","og_type":"article","og_title":"[ Sharp Display ] &#129351; Pn-p556 Monitor Profesional Sharp 55\u0094, Led, 24\/7, 700 Cd\/m2, 10 Bit, Uhd, Hdmi In\/out Arc, Dp In\/out, Usb, Cont.8000:1 Compatible Intel Sdm, Raspberry Pi, Crestron Ccv2, Xio Cloud Y Dicom","og_description":"Compra Pn-p556 Monitor Profesional Sharp 55\u0094, Led, 24\/7, 700 Cd\/m2, 10 Bit, Uhd, Hdmi In\/out Arc, Dp In\/out, Usb, Cont.8000:1 Compatible Intel Sdm, Raspberry Pi, Crestron Ccv2, Xio Cloud Y Dicom + Env\u00edo a domicilio + Pago seguro + Garant\u00eda","og_url":"https:\/\/compuviper.mx\/tienda\/producto\/sharp-display-pn-p556-monitor-profesional-sharp-55-led-24-7-700-cd-m2-10-bit-uhd-hdmi-in-out-arc-dp-in-out-usb-cont-80001-compatible-intel-sdm-raspberry-pi-crestron-ccv2-xio-cloud-y-dic\/","og_site_name":"Compuviper","article_publisher":"https:\/\/www.facebook.com\/compuviper","og_image":[{"width":200,"height":200,"url":"https:\/\/compuviper.mx\/tienda\/wp-content\/uploads\/2025\/10\/Monitor-profesional-sharp-55\u0094-pn-p556-led-247-700-cdm2-10-bit-uhd-hdmi-inout-arc-dp-inout-usb-cont.80001-compatible-intel-sdm-raspberry-pi-crestron-ccv2-xio-cloud-y-dicom.jpg","type":"image\/jpeg"}],"twitter_card":"summary_large_image","twitter_misc":{"Precio":"&#36;47,310 con IVA","Availability":"On backorder"},"schema":{"@context":"https:\/\/schema.org","@graph":[{"@type":"WebPage","@id":"https:\/\/compuviper.mx\/tienda\/producto\/sharp-display-pn-p556-monitor-profesional-sharp-55-led-24-7-700-cd-m2-10-bit-uhd-hdmi-in-out-arc-dp-in-out-usb-cont-80001-compatible-intel-sdm-raspberry-pi-crestron-ccv2-xio-cloud-y-dic\/","url":"https:\/\/compuviper.mx\/tienda\/producto\/sharp-display-pn-p556-monitor-profesional-sharp-55-led-24-7-700-cd-m2-10-bit-uhd-hdmi-in-out-arc-dp-in-out-usb-cont-80001-compatible-intel-sdm-raspberry-pi-crestron-ccv2-xio-cloud-y-dic\/","name":"[ Sharp Display ] &#129351; Pn-p556 Monitor Profesional Sharp 55\u0094, Led, 24\/7, 700 Cd\/m2, 10 Bit, Uhd, Hdmi In\/out Arc, Dp In\/out, Usb, Cont.8000:1 Compatible Intel Sdm, Raspberry Pi, Crestron Ccv2, Xio Cloud Y Dicom","isPartOf":{"@id":"https:\/\/compuviper.mx\/tienda\/#website"},"datePublished":"2026-04-25T06:44:51+00:00","dateModified":"2026-04-25T06:44:51+00:00","description":"Compra Pn-p556 Monitor Profesional Sharp 55\u0094, Led, 24\/7, 700 Cd\/m2, 10 Bit, Uhd, Hdmi In\/out Arc, Dp In\/out, Usb, Cont.8000:1 Compatible Intel Sdm, Raspberry Pi, Crestron Ccv2, Xio Cloud Y Dicom + Env\u00edo a domicilio + Pago seguro + Garant\u00eda","breadcrumb":{"@id":"https:\/\/compuviper.mx\/tienda\/producto\/sharp-display-pn-p556-monitor-profesional-sharp-55-led-24-7-700-cd-m2-10-bit-uhd-hdmi-in-out-arc-dp-in-out-usb-cont-80001-compatible-intel-sdm-raspberry-pi-crestron-ccv2-xio-cloud-y-dic\/#breadcrumb"},"inLanguage":"es-MX","potentialAction":[{"@type":"ReadAction","target":["https:\/\/compuviper.mx\/tienda\/producto\/sharp-display-pn-p556-monitor-profesional-sharp-55-led-24-7-700-cd-m2-10-bit-uhd-hdmi-in-out-arc-dp-in-out-usb-cont-80001-compatible-intel-sdm-raspberry-pi-crestron-ccv2-xio-cloud-y-dic\/"]}]},{"@type":"BreadcrumbList","@id":"https:\/\/compuviper.mx\/tienda\/producto\/sharp-display-pn-p556-monitor-profesional-sharp-55-led-24-7-700-cd-m2-10-bit-uhd-hdmi-in-out-arc-dp-in-out-usb-cont-80001-compatible-intel-sdm-raspberry-pi-crestron-ccv2-xio-cloud-y-dic\/#breadcrumb","itemListElement":[{"@type":"ListItem","position":1,"name":"Inicio","item":"https:\/\/compuviper.mx\/tienda\/"},{"@type":"ListItem","position":2,"name":"Productos","item":"https:\/\/compuviper.mx\/tienda\/productos\/"},{"@type":"ListItem","position":3,"name":"Monitores","item":"https:\/\/compuviper.mx\/tienda\/categoria-producto\/monitores\/"},{"@type":"ListItem","position":4,"name":"Led","item":"https:\/\/compuviper.mx\/tienda\/categoria-producto\/monitores\/led\/"},{"@type":"ListItem","position":5,"name":"Sharp Display Pn-p556 Monitor Profesional Sharp 55?, Led, 24\/7, 700 Cd\/m2, 10 Bit, Uhd, Hdmi In\/out Arc, Dp In\/out, Usb, Cont.8000:1 Compatible Intel Sdm, Raspberry Pi, Crestron Ccv2, Xio Cloud Y Dicom"}]},{"@type":"WebSite","@id":"https:\/\/compuviper.mx\/tienda\/#website","url":"https:\/\/compuviper.mx\/tienda\/","name":"Compuviper","description":"Proveedor de Computadoras, Laptops, Servidores, Monitores, Puntos de Venta, Teclados,   Impresoras, T\u00f3ner, C\u00e1maras de Seguridad y m\u00e1s en tu tienda en l\u00ednea","publisher":{"@id":"https:\/\/compuviper.mx\/tienda\/#organization"},"potentialAction":[{"@type":"SearchAction","target":{"@type":"EntryPoint","urlTemplate":"https:\/\/compuviper.mx\/tienda\/?s={search_term_string}"},"query-input":"required name=search_term_string"}],"inLanguage":"es-MX"},{"@type":"Organization","@id":"https:\/\/compuviper.mx\/tienda\/#organization","name":"Compuviper","url":"https:\/\/compuviper.mx\/tienda\/","logo":{"@type":"ImageObject","inLanguage":"es-MX","@id":"https:\/\/compuviper.mx\/tienda\/#\/schema\/logo\/image\/","url":"https:\/\/compuviper.mx\/tienda\/wp-content\/uploads\/2021\/08\/Logo-Compuviper-10.png","contentUrl":"https:\/\/compuviper.mx\/tienda\/wp-content\/uploads\/2021\/08\/Logo-Compuviper-10.png","width":1000,"height":500,"caption":"Compuviper"},"image":{"@id":"https:\/\/compuviper.mx\/tienda\/#\/schema\/logo\/image\/"},"sameAs":["https:\/\/www.facebook.com\/compuviper","https:\/\/www.youtube.com\/channel\/UCf73dERp9Y3cfOq7q8BhLjA?view_as=subscriber"]}]},"product_brand":"Sharp Display","product_price_amount":"47310","product_price_currency":"MXN","og_availability":"backorder","product_availability":"available for order","product_retailer_item_id":"PN-P556","product_condition":"new"},"_links":{"self":[{"href":"https:\/\/compuviper.mx\/tienda\/wp-json\/wp\/v2\/product\/253960"}],"collection":[{"href":"https:\/\/compuviper.mx\/tienda\/wp-json\/wp\/v2\/product"}],"about":[{"href":"https:\/\/compuviper.mx\/tienda\/wp-json\/wp\/v2\/types\/product"}],"replies":[{"embeddable":true,"href":"https:\/\/compuviper.mx\/tienda\/wp-json\/wp\/v2\/comments?post=253960"}],"wp:featuredmedia":[{"embeddable":true,"href":"https:\/\/compuviper.mx\/tienda\/wp-json\/wp\/v2\/media\/259942"}],"wp:attachment":[{"href":"https:\/\/compuviper.mx\/tienda\/wp-json\/wp\/v2\/media?parent=253960"}],"wp:term":[{"taxonomy":"product_cat","embeddable":true,"href":"https:\/\/compuviper.mx\/tienda\/wp-json\/wp\/v2\/product_cat?post=253960"},{"taxonomy":"product_tag","embeddable":true,"href":"https:\/\/compuviper.mx\/tienda\/wp-json\/wp\/v2\/product_tag?post=253960"}],"curies":[{"name":"wp","href":"https:\/\/api.w.org\/{rel}","templated":true}]}}