{"id":253872,"date":"2026-04-17T02:01:43","date_gmt":"2026-04-17T08:01:43","guid":{"rendered":"https:\/\/compuviper.mx\/tienda\/producto\/synology-dx525-unidad-de-expansion-5-bahias-3-5-sata-hdd-2-5-sata-ssd-hasta-100tb-hot-swap-solo-compatible-con-ds925\/"},"modified":"2026-04-17T02:01:44","modified_gmt":"2026-04-17T08:01:44","slug":"synology-dx525-unidad-de-expansion-5-bahias-3-5-sata-hdd-2-5-sata-ssd-hasta-100tb-hot-swap-solo-compatible-con-ds925-ds1825-ds1525-ds725","status":"publish","type":"product","link":"https:\/\/compuviper.mx\/tienda\/producto\/synology-dx525-unidad-de-expansion-5-bahias-3-5-sata-hdd-2-5-sata-ssd-hasta-100tb-hot-swap-solo-compatible-con-ds925-ds1825-ds1525-ds725\/","title":{"rendered":"Synology Dx525 Unidad De Expansion   5 Bahias 3.5 Sata Hdd\/2.5 Sata Ssd\/hasta 100tb\/hot-swap Solo Compatible Con Ds925, Ds1825, Ds1525, Ds725."},"content":{"rendered":"<table class=\"descripcion\">\n<tr>\n<td>Descripcion tecnica<\/td>\n<\/tr>\n<tr>\n<td>Especificaciones de hardware<\/td>\n<\/tr>\n<tr>\n<td>Modelos compatibles<\/td>\n<\/tr>\n<tr>\n<td>Admite la creaci\u00f3n de vol\u00famenes en diferentes unidades ds925+<\/td>\n<\/tr>\n<tr>\n<td>Almacenamiento<\/td>\n<\/tr>\n<tr>\n<td>Recept\u00e1culo(s) de unidad 5<\/td>\n<\/tr>\n<tr>\n<td>Tipo de unidad<\/td>\n<\/tr>\n<tr>\n<td>3.5 sata hdd<\/td>\n<\/tr>\n<tr>\n<td>Ssd sata de 2,5<\/td>\n<\/tr>\n<tr>\n<td>Unidad de intercambio en caliente*:       si<\/td>\n<\/tr>\n<tr>\n<td>Gesti\u00f3n de raid a trav\u00e9s de synology dsm:     si<\/td>\n<\/tr>\n<tr>\n<td>Notas las unidades compatibles son obligatorias<\/td>\n<\/tr>\n<tr>\n<td>Puertos externos<\/td>\n<\/tr>\n<tr>\n<td>Puerto de expansi\u00f3n 1<\/td>\n<\/tr>\n<tr>\n<td>Apariencia<\/td>\n<\/tr>\n<tr>\n<td>Tama\u00f1o (altura x anchura x profundidad)<\/td>\n<\/tr>\n<tr>\n<td>166 mm x 230 mm x 223 mm<\/td>\n<\/tr>\n<tr>\n<td>Peso 2.46 kg<\/td>\n<\/tr>\n<tr>\n<td>Alimentaci\u00f3n<\/td>\n<\/tr>\n<tr>\n<td>Recuperaci\u00f3n de energ\u00eda<\/td>\n<\/tr>\n<tr>\n<td>Sincronizado con synology diskstation<\/td>\n<\/tr>\n<tr>\n<td>Fuente \/ adaptador de alimentaci\u00f3n 90 w<\/td>\n<\/tr>\n<tr>\n<td>Voltaje de alimentaci\u00f3n de entrada ca 100v to 240v ac<\/td>\n<\/tr>\n<tr>\n<td>Frecuencia de alimentaci\u00f3n 50\/60 hz, monof\u00e1sico<\/td>\n<\/tr>\n<tr>\n<td>Consumo de energ\u00eda*<\/td>\n<\/tr>\n<tr>\n<td>35.37 w (acceso)<\/td>\n<\/tr>\n<tr>\n<td>7.0 w (hibernaci\u00f3n de unidad de disco duro)<\/td>\n<\/tr>\n<tr>\n<td>British thermal unit<\/td>\n<\/tr>\n<tr>\n<td>120.69 btu\/hr (acceso)<\/td>\n<\/tr>\n<tr>\n<td>24.02 btu\/hr (hibernaci\u00f3n de unidad de disco duro)<\/td>\n<\/tr>\n<tr>\n<td>Temperatura<\/td>\n<\/tr>\n<tr>\n<td>Temperatura operativa 0\u00b0c a 40\u00b0c (32\u00b0f a 104\u00b0f)<\/td>\n<\/tr>\n<tr>\n<td>Temperatura de almacenamiento -20\u00b0c a 60\u00b0c (-5\u00b0f a 140\u00b0f)<\/td>\n<\/tr>\n<tr>\n<td>Humedad relativa 5% a 95% rh<\/td>\n<\/tr>\n<tr>\n<td>Otros<\/td>\n<\/tr>\n<tr>\n<td>Ventilador del sistema 92 mm x 92 mm x 2 pcs<\/td>\n<\/tr>\n<tr>\n<td>Nivel de ruido* 20.4 db(a)<\/td>\n<\/tr>\n<tr>\n<td>Certificaci\u00f3n<\/td>\n<\/tr>\n<tr>\n<td>Fcc<\/td>\n<\/tr>\n<tr>\n<td>Ce<\/td>\n<\/tr>\n<tr>\n<td>Bsmi<\/td>\n<\/tr>\n<tr>\n<td>Ukca<\/td>\n<\/tr>\n<tr>\n<td>Eac<\/td>\n<\/tr>\n<tr>\n<td>Vcci<\/td>\n<\/tr>\n<tr>\n<td>Rcm<\/td>\n<\/tr>\n<tr>\n<td>Kc<\/td>\n<\/tr>\n<tr>\n<td>Bis<\/td>\n<\/tr>\n<tr>\n<td>Garant\u00eda<\/td>\n<\/tr>\n<tr>\n<td>Garant\u00eda de hardware de 3 a\u00f1os<\/td>\n<\/tr>\n<tr>\n<td>Entorno y paquete<\/td>\n<\/tr>\n<tr>\n<td>Entorno<\/td>\n<\/tr>\n<tr>\n<td>Conforme con rohs<\/td>\n<\/tr>\n<tr>\n<td>Contenido del paquete<\/td>\n<\/tr>\n<tr>\n<td>Unidad principal x 1<\/td>\n<\/tr>\n<tr>\n<td>Cable de expansi\u00f3n: usb type-c x1<\/td>\n<\/tr>\n<tr>\n<td>Paquete de accesorios x 1<\/td>\n<\/tr>\n<tr>\n<td>Adaptador de alimentaci\u00f3n ca x 1<\/td>\n<\/tr>\n<tr>\n<td>Cable de alimentaci\u00f3n ca x 1<\/td>\n<\/tr>\n<tr>\n<td>Accesorios opcionales<\/td>\n<\/tr>\n<tr>\n<td>Hdd sata de 3,5 serie enterprise: serie hat5300<\/td>\n<\/tr>\n<tr>\n<td>Hdd sata de 3,5 serie plus: serie hat3300<\/td>\n<\/tr>\n<tr>\n<td>Ssd sata de 2,5 serie enterprise: serie sat5200<\/td>\n<\/tr>\n<\/table>\n","protected":false},"excerpt":{"rendered":"<p>Descripcion comercial. Expansi\u00f3n de almacenamiento sin interrupciones para synology diskstation. El synology dx525 permite a los usuarios agregar f\u00e1cilmente hasta cinco unidades de 2.5 pulgadas o 3.5 pulgadas1 a su configuraci\u00f3n, gracias a su proceso de instalaci\u00f3n sencillo y al software de gesti\u00f3n de vol\u00famenes intuitivo de dsm.<\/p>\n","protected":false},"featured_media":260761,"comment_status":"open","ping_status":"open","template":"","meta":[],"product_cat":[1803,2111],"product_tag":[1561],"acf":[],"yoast_head":"<!-- This site is optimized with the Yoast SEO plugin v21.7 - https:\/\/yoast.com\/wordpress\/plugins\/seo\/ -->\n<title>[ Synology ] &#129351; Dx525 Unidad De Expansion 5 Bahias 3.5 Sata Hdd\/2.5 Sata Ssd\/hasta 100tb\/hot-swap Solo Compatible Con Ds925, Ds1825, Ds1525, Ds725.<\/title>\n<meta name=\"description\" content=\"Compra Dx525 Unidad De Expansion 5 Bahias 3.5 Sata Hdd\/2.5 Sata Ssd\/hasta 100tb\/hot-swap Solo Compatible Con Ds925, Ds1825, Ds1525, Ds725. + Env\u00edo a domicilio + Pago seguro + Garant\u00eda\" \/>\n<meta name=\"robots\" content=\"index, follow, max-snippet:-1, max-image-preview:large, max-video-preview:-1\" \/>\n<link rel=\"canonical\" href=\"https:\/\/compuviper.mx\/tienda\/producto\/synology-dx525-unidad-de-expansion-5-bahias-3-5-sata-hdd-2-5-sata-ssd-hasta-100tb-hot-swap-solo-compatible-con-ds925-ds1825-ds1525-ds725\/\" \/>\n<meta property=\"og:locale\" content=\"es_MX\" \/>\n<meta property=\"og:type\" content=\"article\" \/>\n<meta property=\"og:title\" content=\"[ Synology ] &#129351; Dx525 Unidad De Expansion 5 Bahias 3.5 Sata Hdd\/2.5 Sata Ssd\/hasta 100tb\/hot-swap Solo Compatible Con Ds925, Ds1825, Ds1525, Ds725.\" \/>\n<meta property=\"og:description\" content=\"Compra Dx525 Unidad De Expansion 5 Bahias 3.5 Sata Hdd\/2.5 Sata Ssd\/hasta 100tb\/hot-swap Solo Compatible Con Ds925, Ds1825, Ds1525, Ds725. + Env\u00edo a domicilio + Pago seguro + Garant\u00eda\" \/>\n<meta property=\"og:url\" content=\"https:\/\/compuviper.mx\/tienda\/producto\/synology-dx525-unidad-de-expansion-5-bahias-3-5-sata-hdd-2-5-sata-ssd-hasta-100tb-hot-swap-solo-compatible-con-ds925-ds1825-ds1525-ds725\/\" \/>\n<meta property=\"og:site_name\" content=\"Compuviper\" \/>\n<meta property=\"article:publisher\" content=\"https:\/\/www.facebook.com\/compuviper\" \/>\n<meta property=\"article:modified_time\" content=\"2026-04-17T08:01:44+00:00\" \/>\n<meta property=\"og:image\" content=\"https:\/\/compuviper.mx\/tienda\/wp-content\/uploads\/2025\/10\/Unidad-de-expansion-synology-dx525-5-bahias-3.5-sata-hdd2.5-sata-ssdhasta-100tbhot-swap-solo-compatible-con-ds925-ds1825-ds1525-ds725.jpg\" \/>\n\t<meta property=\"og:image:width\" content=\"200\" \/>\n\t<meta property=\"og:image:height\" content=\"200\" \/>\n\t<meta property=\"og:image:type\" content=\"image\/jpeg\" \/>\n<meta name=\"twitter:card\" content=\"summary_large_image\" \/>\n<meta name=\"twitter:label1\" content=\"Precio\" \/>\n\t<meta name=\"twitter:data1\" content=\"&#36;10,629 &#36;9,630 con IVA\" \/>\n\t<meta name=\"twitter:label2\" content=\"Availability\" \/>\n\t<meta name=\"twitter:data2\" content=\"In stock\" \/>\n<script type=\"application\/ld+json\" class=\"yoast-schema-graph\">{\"@context\":\"https:\/\/schema.org\",\"@graph\":[{\"@type\":\"WebPage\",\"@id\":\"https:\/\/compuviper.mx\/tienda\/producto\/synology-dx525-unidad-de-expansion-5-bahias-3-5-sata-hdd-2-5-sata-ssd-hasta-100tb-hot-swap-solo-compatible-con-ds925-ds1825-ds1525-ds725\/\",\"url\":\"https:\/\/compuviper.mx\/tienda\/producto\/synology-dx525-unidad-de-expansion-5-bahias-3-5-sata-hdd-2-5-sata-ssd-hasta-100tb-hot-swap-solo-compatible-con-ds925-ds1825-ds1525-ds725\/\",\"name\":\"[ Synology ] &#129351; Dx525 Unidad De Expansion 5 Bahias 3.5 Sata Hdd\/2.5 Sata Ssd\/hasta 100tb\/hot-swap Solo Compatible Con Ds925, Ds1825, Ds1525, Ds725.\",\"isPartOf\":{\"@id\":\"https:\/\/compuviper.mx\/tienda\/#website\"},\"datePublished\":\"2026-04-17T08:01:43+00:00\",\"dateModified\":\"2026-04-17T08:01:44+00:00\",\"description\":\"Compra Dx525 Unidad De Expansion 5 Bahias 3.5 Sata Hdd\/2.5 Sata Ssd\/hasta 100tb\/hot-swap Solo Compatible Con Ds925, Ds1825, Ds1525, Ds725. + Env\u00edo a domicilio + Pago seguro + Garant\u00eda\",\"breadcrumb\":{\"@id\":\"https:\/\/compuviper.mx\/tienda\/producto\/synology-dx525-unidad-de-expansion-5-bahias-3-5-sata-hdd-2-5-sata-ssd-hasta-100tb-hot-swap-solo-compatible-con-ds925-ds1825-ds1525-ds725\/#breadcrumb\"},\"inLanguage\":\"es-MX\",\"potentialAction\":[{\"@type\":\"ReadAction\",\"target\":[\"https:\/\/compuviper.mx\/tienda\/producto\/synology-dx525-unidad-de-expansion-5-bahias-3-5-sata-hdd-2-5-sata-ssd-hasta-100tb-hot-swap-solo-compatible-con-ds925-ds1825-ds1525-ds725\/\"]}]},{\"@type\":\"BreadcrumbList\",\"@id\":\"https:\/\/compuviper.mx\/tienda\/producto\/synology-dx525-unidad-de-expansion-5-bahias-3-5-sata-hdd-2-5-sata-ssd-hasta-100tb-hot-swap-solo-compatible-con-ds925-ds1825-ds1525-ds725\/#breadcrumb\",\"itemListElement\":[{\"@type\":\"ListItem\",\"position\":1,\"name\":\"Inicio\",\"item\":\"https:\/\/compuviper.mx\/tienda\/\"},{\"@type\":\"ListItem\",\"position\":2,\"name\":\"Productos\",\"item\":\"https:\/\/compuviper.mx\/tienda\/productos\/\"},{\"@type\":\"ListItem\",\"position\":3,\"name\":\"Almacenamiento\",\"item\":\"https:\/\/compuviper.mx\/tienda\/categoria-producto\/almacenamiento\/\"},{\"@type\":\"ListItem\",\"position\":4,\"name\":\"Unidad De Almacenamiento\",\"item\":\"https:\/\/compuviper.mx\/tienda\/categoria-producto\/almacenamiento\/unidad-de-almacenamiento\/\"},{\"@type\":\"ListItem\",\"position\":5,\"name\":\"Synology Dx525 Unidad De Expansion 5 Bahias 3.5 Sata Hdd\/2.5 Sata Ssd\/hasta 100tb\/hot-swap Solo Compatible Con Ds925, Ds1825, Ds1525, Ds725.\"}]},{\"@type\":\"WebSite\",\"@id\":\"https:\/\/compuviper.mx\/tienda\/#website\",\"url\":\"https:\/\/compuviper.mx\/tienda\/\",\"name\":\"Compuviper\",\"description\":\"Proveedor de Computadoras, Laptops, Servidores, Monitores, Puntos de Venta, Teclados,   Impresoras, T\u00f3ner, C\u00e1maras de Seguridad y m\u00e1s en tu tienda en l\u00ednea\",\"publisher\":{\"@id\":\"https:\/\/compuviper.mx\/tienda\/#organization\"},\"potentialAction\":[{\"@type\":\"SearchAction\",\"target\":{\"@type\":\"EntryPoint\",\"urlTemplate\":\"https:\/\/compuviper.mx\/tienda\/?s={search_term_string}\"},\"query-input\":\"required name=search_term_string\"}],\"inLanguage\":\"es-MX\"},{\"@type\":\"Organization\",\"@id\":\"https:\/\/compuviper.mx\/tienda\/#organization\",\"name\":\"Compuviper\",\"url\":\"https:\/\/compuviper.mx\/tienda\/\",\"logo\":{\"@type\":\"ImageObject\",\"inLanguage\":\"es-MX\",\"@id\":\"https:\/\/compuviper.mx\/tienda\/#\/schema\/logo\/image\/\",\"url\":\"https:\/\/compuviper.mx\/tienda\/wp-content\/uploads\/2021\/08\/Logo-Compuviper-10.png\",\"contentUrl\":\"https:\/\/compuviper.mx\/tienda\/wp-content\/uploads\/2021\/08\/Logo-Compuviper-10.png\",\"width\":1000,\"height\":500,\"caption\":\"Compuviper\"},\"image\":{\"@id\":\"https:\/\/compuviper.mx\/tienda\/#\/schema\/logo\/image\/\"},\"sameAs\":[\"https:\/\/www.facebook.com\/compuviper\",\"https:\/\/www.youtube.com\/channel\/UCf73dERp9Y3cfOq7q8BhLjA?view_as=subscriber\"]}]}<\/script>\n<meta property=\"product:brand\" content=\"SYNOLOGY\" \/>\n<meta property=\"product:price:amount\" content=\"9630\" \/>\n<meta property=\"product:price:currency\" content=\"MXN\" \/>\n<meta property=\"og:availability\" content=\"instock\" \/>\n<meta property=\"product:availability\" content=\"instock\" \/>\n<meta property=\"product:retailer_item_id\" content=\"DX525\" \/>\n<meta property=\"product:condition\" content=\"new\" \/>\n<!-- \/ Yoast SEO plugin. -->","yoast_head_json":{"title":"[ Synology ] &#129351; Dx525 Unidad De Expansion 5 Bahias 3.5 Sata Hdd\/2.5 Sata Ssd\/hasta 100tb\/hot-swap Solo Compatible Con Ds925, Ds1825, Ds1525, Ds725.","description":"Compra Dx525 Unidad De Expansion 5 Bahias 3.5 Sata Hdd\/2.5 Sata Ssd\/hasta 100tb\/hot-swap Solo Compatible Con Ds925, Ds1825, Ds1525, Ds725. + Env\u00edo a domicilio + Pago seguro + Garant\u00eda","robots":{"index":"index","follow":"follow","max-snippet":"max-snippet:-1","max-image-preview":"max-image-preview:large","max-video-preview":"max-video-preview:-1"},"canonical":"https:\/\/compuviper.mx\/tienda\/producto\/synology-dx525-unidad-de-expansion-5-bahias-3-5-sata-hdd-2-5-sata-ssd-hasta-100tb-hot-swap-solo-compatible-con-ds925-ds1825-ds1525-ds725\/","og_locale":"es_MX","og_type":"article","og_title":"[ Synology ] &#129351; Dx525 Unidad De Expansion 5 Bahias 3.5 Sata Hdd\/2.5 Sata Ssd\/hasta 100tb\/hot-swap Solo Compatible Con Ds925, Ds1825, Ds1525, Ds725.","og_description":"Compra Dx525 Unidad De Expansion 5 Bahias 3.5 Sata Hdd\/2.5 Sata Ssd\/hasta 100tb\/hot-swap Solo Compatible Con Ds925, Ds1825, Ds1525, Ds725. + Env\u00edo a domicilio + Pago seguro + Garant\u00eda","og_url":"https:\/\/compuviper.mx\/tienda\/producto\/synology-dx525-unidad-de-expansion-5-bahias-3-5-sata-hdd-2-5-sata-ssd-hasta-100tb-hot-swap-solo-compatible-con-ds925-ds1825-ds1525-ds725\/","og_site_name":"Compuviper","article_publisher":"https:\/\/www.facebook.com\/compuviper","article_modified_time":"2026-04-17T08:01:44+00:00","og_image":[{"width":200,"height":200,"url":"https:\/\/compuviper.mx\/tienda\/wp-content\/uploads\/2025\/10\/Unidad-de-expansion-synology-dx525-5-bahias-3.5-sata-hdd2.5-sata-ssdhasta-100tbhot-swap-solo-compatible-con-ds925-ds1825-ds1525-ds725.jpg","type":"image\/jpeg"}],"twitter_card":"summary_large_image","twitter_misc":{"Precio":"&#36;10,629 &#36;9,630 con IVA","Availability":"In stock"},"schema":{"@context":"https:\/\/schema.org","@graph":[{"@type":"WebPage","@id":"https:\/\/compuviper.mx\/tienda\/producto\/synology-dx525-unidad-de-expansion-5-bahias-3-5-sata-hdd-2-5-sata-ssd-hasta-100tb-hot-swap-solo-compatible-con-ds925-ds1825-ds1525-ds725\/","url":"https:\/\/compuviper.mx\/tienda\/producto\/synology-dx525-unidad-de-expansion-5-bahias-3-5-sata-hdd-2-5-sata-ssd-hasta-100tb-hot-swap-solo-compatible-con-ds925-ds1825-ds1525-ds725\/","name":"[ Synology ] &#129351; Dx525 Unidad De Expansion 5 Bahias 3.5 Sata Hdd\/2.5 Sata Ssd\/hasta 100tb\/hot-swap Solo Compatible Con Ds925, Ds1825, Ds1525, Ds725.","isPartOf":{"@id":"https:\/\/compuviper.mx\/tienda\/#website"},"datePublished":"2026-04-17T08:01:43+00:00","dateModified":"2026-04-17T08:01:44+00:00","description":"Compra Dx525 Unidad De Expansion 5 Bahias 3.5 Sata Hdd\/2.5 Sata Ssd\/hasta 100tb\/hot-swap Solo Compatible Con Ds925, Ds1825, Ds1525, Ds725. + Env\u00edo a domicilio + Pago seguro + Garant\u00eda","breadcrumb":{"@id":"https:\/\/compuviper.mx\/tienda\/producto\/synology-dx525-unidad-de-expansion-5-bahias-3-5-sata-hdd-2-5-sata-ssd-hasta-100tb-hot-swap-solo-compatible-con-ds925-ds1825-ds1525-ds725\/#breadcrumb"},"inLanguage":"es-MX","potentialAction":[{"@type":"ReadAction","target":["https:\/\/compuviper.mx\/tienda\/producto\/synology-dx525-unidad-de-expansion-5-bahias-3-5-sata-hdd-2-5-sata-ssd-hasta-100tb-hot-swap-solo-compatible-con-ds925-ds1825-ds1525-ds725\/"]}]},{"@type":"BreadcrumbList","@id":"https:\/\/compuviper.mx\/tienda\/producto\/synology-dx525-unidad-de-expansion-5-bahias-3-5-sata-hdd-2-5-sata-ssd-hasta-100tb-hot-swap-solo-compatible-con-ds925-ds1825-ds1525-ds725\/#breadcrumb","itemListElement":[{"@type":"ListItem","position":1,"name":"Inicio","item":"https:\/\/compuviper.mx\/tienda\/"},{"@type":"ListItem","position":2,"name":"Productos","item":"https:\/\/compuviper.mx\/tienda\/productos\/"},{"@type":"ListItem","position":3,"name":"Almacenamiento","item":"https:\/\/compuviper.mx\/tienda\/categoria-producto\/almacenamiento\/"},{"@type":"ListItem","position":4,"name":"Unidad De Almacenamiento","item":"https:\/\/compuviper.mx\/tienda\/categoria-producto\/almacenamiento\/unidad-de-almacenamiento\/"},{"@type":"ListItem","position":5,"name":"Synology Dx525 Unidad De Expansion 5 Bahias 3.5 Sata Hdd\/2.5 Sata Ssd\/hasta 100tb\/hot-swap Solo Compatible Con Ds925, Ds1825, Ds1525, Ds725."}]},{"@type":"WebSite","@id":"https:\/\/compuviper.mx\/tienda\/#website","url":"https:\/\/compuviper.mx\/tienda\/","name":"Compuviper","description":"Proveedor de Computadoras, Laptops, Servidores, Monitores, Puntos de Venta, Teclados,   Impresoras, T\u00f3ner, C\u00e1maras de Seguridad y m\u00e1s en tu tienda en l\u00ednea","publisher":{"@id":"https:\/\/compuviper.mx\/tienda\/#organization"},"potentialAction":[{"@type":"SearchAction","target":{"@type":"EntryPoint","urlTemplate":"https:\/\/compuviper.mx\/tienda\/?s={search_term_string}"},"query-input":"required name=search_term_string"}],"inLanguage":"es-MX"},{"@type":"Organization","@id":"https:\/\/compuviper.mx\/tienda\/#organization","name":"Compuviper","url":"https:\/\/compuviper.mx\/tienda\/","logo":{"@type":"ImageObject","inLanguage":"es-MX","@id":"https:\/\/compuviper.mx\/tienda\/#\/schema\/logo\/image\/","url":"https:\/\/compuviper.mx\/tienda\/wp-content\/uploads\/2021\/08\/Logo-Compuviper-10.png","contentUrl":"https:\/\/compuviper.mx\/tienda\/wp-content\/uploads\/2021\/08\/Logo-Compuviper-10.png","width":1000,"height":500,"caption":"Compuviper"},"image":{"@id":"https:\/\/compuviper.mx\/tienda\/#\/schema\/logo\/image\/"},"sameAs":["https:\/\/www.facebook.com\/compuviper","https:\/\/www.youtube.com\/channel\/UCf73dERp9Y3cfOq7q8BhLjA?view_as=subscriber"]}]},"product_brand":"SYNOLOGY","product_price_amount":"9630","product_price_currency":"MXN","og_availability":"instock","product_availability":"instock","product_retailer_item_id":"DX525","product_condition":"new"},"_links":{"self":[{"href":"https:\/\/compuviper.mx\/tienda\/wp-json\/wp\/v2\/product\/253872"}],"collection":[{"href":"https:\/\/compuviper.mx\/tienda\/wp-json\/wp\/v2\/product"}],"about":[{"href":"https:\/\/compuviper.mx\/tienda\/wp-json\/wp\/v2\/types\/product"}],"replies":[{"embeddable":true,"href":"https:\/\/compuviper.mx\/tienda\/wp-json\/wp\/v2\/comments?post=253872"}],"wp:featuredmedia":[{"embeddable":true,"href":"https:\/\/compuviper.mx\/tienda\/wp-json\/wp\/v2\/media\/260761"}],"wp:attachment":[{"href":"https:\/\/compuviper.mx\/tienda\/wp-json\/wp\/v2\/media?parent=253872"}],"wp:term":[{"taxonomy":"product_cat","embeddable":true,"href":"https:\/\/compuviper.mx\/tienda\/wp-json\/wp\/v2\/product_cat?post=253872"},{"taxonomy":"product_tag","embeddable":true,"href":"https:\/\/compuviper.mx\/tienda\/wp-json\/wp\/v2\/product_tag?post=253872"}],"curies":[{"name":"wp","href":"https:\/\/api.w.org\/{rel}","templated":true}]}}