{"id":253847,"date":"2026-04-23T00:15:41","date_gmt":"2026-04-23T06:15:41","guid":{"rendered":"https:\/\/compuviper.mx\/tienda\/producto\/dahua-dh-hac-hdbw1500en-0280b-camara-analoga-hd-hac-hdbw1500e-28-domo-de-5-mp-antivandalica-lente-de-2-8mm-111-grados-de-apertura-ir-de-30-mts-ip67-ik10-soporta-cvi-cvbs-ahd-tvi\/"},"modified":"2026-04-23T00:15:42","modified_gmt":"2026-04-23T06:15:42","slug":"dahua-dh-hac-hdbw1500en-0280b-camara-analoga-hd-hac-hdbw1500e-28-domo-de-5-mp-antivandalica-lente-de-2-8mm-111-grados-de-apertura-ir-de-30-mts-ip67-ik10-soporta-cvi-cvbs-ahd-tvi","status":"publish","type":"product","link":"https:\/\/compuviper.mx\/tienda\/producto\/dahua-dh-hac-hdbw1500en-0280b-camara-analoga-hd-hac-hdbw1500e-28-domo-de-5-mp-antivandalica-lente-de-2-8mm-111-grados-de-apertura-ir-de-30-mts-ip67-ik10-soporta-cvi-cvbs-ahd-tvi\/","title":{"rendered":"Dahua Dh-hac-hdbw1500en-0280b Camara Analoga Hd\/ \/ Hac-hdbw1500e-28\/ Domo De 5 Mp Antivandalica\/ Lente De 2.8mm\/ 111 Grados De Apertura\/ Ir De 30 Mts\/ Ip67\/ik10\/ Soporta: Cvi\/cvbs\/ahd\/tvi"},"content":{"rendered":"<table class=\"descripcion\">\n<tr>\n<td>Caracteristicas<\/td>\n<\/tr>\n<tr>\n<td>\u0095 d-wdr &#8211; amplio rango dinamico de la iluminacion<\/td>\n<\/tr>\n<tr>\n<td>\u0095 2-dnr &#8211; reduccion digital de ruido en la imagen<\/td>\n<\/tr>\n<tr>\n<td>\u0095 blc &#8211; compensacion configurable de la luz de fondo<\/td>\n<\/tr>\n<tr>\n<td>\u0095 hlc &#8211; compensacion de alta luz (punto)<\/td>\n<\/tr>\n<tr>\n<td>\u0095 icr &#8211; filtro mecanico de infrarrojos<\/td>\n<\/tr>\n<tr>\n<td>\u0095 agc &#8211; ajuste automatico de la ganancia de la imagen<\/td>\n<\/tr>\n<tr>\n<td>\u0095 modo dia\/noche<\/td>\n<\/tr>\n<tr>\n<td>\u0095 balance de blancos automatico<\/td>\n<\/tr>\n<tr>\n<td>\u0095 zonas de privacidad<\/td>\n<\/tr>\n<tr>\n<td>Especificaciones<\/td>\n<\/tr>\n<tr>\n<td>\u0095 1\/2.7  progressive scan cmos<\/td>\n<\/tr>\n<tr>\n<td>\u0095 5 megapixeles<\/td>\n<\/tr>\n<tr>\n<td>\u0095 rango del iluminador ir:30 m<\/td>\n<\/tr>\n<tr>\n<td>\u0095 ajuste de potencia del iluminador ir: automatico<\/td>\n<\/tr>\n<tr>\n<td>\u0095 lente fijo de 2.8 mm<\/td>\n<\/tr>\n<tr>\n<td>\u0095 angulo de vision:98 \u00b0<\/td>\n<\/tr>\n<tr>\n<td>\u0095 salida de video: ahd \/ hd-cvi \/ hd-tvi \/ cvbs<\/td>\n<\/tr>\n<tr>\n<td>\u0095 menu osd disponible a traves de la grabadora<\/td>\n<\/tr>\n<tr>\n<td>\u0095 alimentacion:12 v dc \/ 330 ma<\/td>\n<\/tr>\n<tr>\n<td>\u0095 grado de proteccion:ip67<\/td>\n<\/tr>\n<tr>\n<td>\u0095 a prueba de vandalismo:ik10<\/td>\n<\/tr>\n<tr>\n<td>\u0095 carcasa: metal<\/td>\n<\/tr>\n<\/table>\n","protected":false},"excerpt":{"rendered":"<p>Informacion general. La camara modelo hac-hdbw1500e soporta 4 tecnologias que actualmente lideran el mercado, tiene una resolucion de 5 megapixeles full hd por lo que se obtiene imagenes sorprendentes de excelente calidad y llena de detalles. Esta camara incorpora lente fijo de 2.8mm, ir con un alcance de hasta 30 metros, puede ser utilizada en ambientes exteriores debido a su indice de proteccion ip67 e ik10 para proteccion antivandalica. Multiformatos. La camara admite multiples formatos de video, incluidos hdcvi, cvbs y otros dos formatos analogicos hd comunes en el mercado. Los cuatro formatos se pueden cambiar a traves del menu osd. Esta caracteristica hace que la camara sea compatible con los dvr hd \/ sd existentes de la mayoria de los usuarios finales. Smart ir. La camara esta disenada con iluminacion led ir para un mejor rendimiento con poca luz. Smart ir es una tecnologia que garantiza la uniformidad del brillo en imagenes en blanco y negro con poca iluminacion. El ir inteligente exclusivo de dahua se ajusta a la intensidad de los led infrarrojos de la camara para compensar la distancia de un objeto y evita que los led ir sobreexpongan las imagenes a medida que el objeto se acerca a la camara. Proteccion ambiental. La excelente confiabilidad de la camara es insuperable debido a su diseno resistente. La camara esta protegida contra el agua y el polvo con clasificacion ip67, lo que la hace adecuada para entornos interiores o exteriores. Con un rango de temperatura de trabajo de -40 \u00b0 c a +60 \u00b0 c (-40 \u00b0 f a +140 \u00b0 f), la camara esta disenada para entornos de temperaturas extremas. Con una tolerancia de voltaje de entrada de \u00b1 30%, esta camara se adapta incluso a las condiciones de suministro de energia mas inestables. Su clasificacion de rayos 4kv brinda proteccion contra la camara y su estructura contra los efectos de los rayos.<\/p>\n","protected":false},"featured_media":259438,"comment_status":"open","ping_status":"open","template":"","meta":[],"product_cat":[1608,1681],"product_tag":[1555],"acf":[],"yoast_head":"<!-- This site is optimized with the Yoast SEO plugin v21.7 - https:\/\/yoast.com\/wordpress\/plugins\/seo\/ -->\n<title>[ Dahua ] &#129351; Dh-hac-hdbw1500en-0280b Camara Analoga Hd\/ \/ Hac-hdbw1500e-28\/ Domo De 5 Mp Antivandalica\/ Lente De 2.8mm\/ 111 Grados De Apertura\/ Ir De 30 Mts\/ Ip67\/ik10\/ Soporta: Cvi\/cvbs\/ahd\/tvi<\/title>\n<meta name=\"description\" content=\"Compra Dh-hac-hdbw1500en-0280b Camara Analoga Hd\/ \/ Hac-hdbw1500e-28\/ Domo De 5 Mp Antivandalica\/ Lente De 2.8mm\/ 111 Grados De Apertura\/ Ir De 30 Mts\/ Ip67\/ik10\/ Soporta: Cvi\/cvbs\/ahd\/tvi + Env\u00edo a domicilio + Pago seguro + Garant\u00eda\" \/>\n<meta name=\"robots\" content=\"index, follow, max-snippet:-1, max-image-preview:large, max-video-preview:-1\" \/>\n<link rel=\"canonical\" href=\"https:\/\/compuviper.mx\/tienda\/producto\/dahua-dh-hac-hdbw1500en-0280b-camara-analoga-hd-hac-hdbw1500e-28-domo-de-5-mp-antivandalica-lente-de-2-8mm-111-grados-de-apertura-ir-de-30-mts-ip67-ik10-soporta-cvi-cvbs-ahd-tvi\/\" \/>\n<meta property=\"og:locale\" content=\"es_MX\" \/>\n<meta property=\"og:type\" content=\"article\" \/>\n<meta property=\"og:title\" content=\"[ Dahua ] &#129351; Dh-hac-hdbw1500en-0280b Camara Analoga Hd\/ \/ Hac-hdbw1500e-28\/ Domo De 5 Mp Antivandalica\/ Lente De 2.8mm\/ 111 Grados De Apertura\/ Ir De 30 Mts\/ Ip67\/ik10\/ Soporta: Cvi\/cvbs\/ahd\/tvi\" \/>\n<meta property=\"og:description\" content=\"Compra Dh-hac-hdbw1500en-0280b Camara Analoga Hd\/ \/ Hac-hdbw1500e-28\/ Domo De 5 Mp Antivandalica\/ Lente De 2.8mm\/ 111 Grados De Apertura\/ Ir De 30 Mts\/ Ip67\/ik10\/ Soporta: Cvi\/cvbs\/ahd\/tvi + Env\u00edo a domicilio + Pago seguro + Garant\u00eda\" \/>\n<meta property=\"og:url\" content=\"https:\/\/compuviper.mx\/tienda\/producto\/dahua-dh-hac-hdbw1500en-0280b-camara-analoga-hd-hac-hdbw1500e-28-domo-de-5-mp-antivandalica-lente-de-2-8mm-111-grados-de-apertura-ir-de-30-mts-ip67-ik10-soporta-cvi-cvbs-ahd-tvi\/\" \/>\n<meta property=\"og:site_name\" content=\"Compuviper\" \/>\n<meta property=\"article:publisher\" content=\"https:\/\/www.facebook.com\/compuviper\" \/>\n<meta property=\"article:modified_time\" content=\"2026-04-23T06:15:42+00:00\" \/>\n<meta property=\"og:image\" content=\"https:\/\/compuviper.mx\/tienda\/wp-content\/uploads\/2025\/10\/Camara-analoga-hd-dahua-hac-hdbw1500e-28-domo-de-5-mp-antivandalica-lente-de-2.8mm-111-grados-de-apertura-ir-de-30-mts-ip67ik10-soporta-cvicvbsahdtvi.jpg\" \/>\n\t<meta property=\"og:image:width\" content=\"200\" \/>\n\t<meta property=\"og:image:height\" content=\"200\" \/>\n\t<meta property=\"og:image:type\" content=\"image\/jpeg\" \/>\n<meta name=\"twitter:card\" content=\"summary_large_image\" \/>\n<meta name=\"twitter:label1\" content=\"Precio\" \/>\n\t<meta name=\"twitter:data1\" content=\"&#36;686 con IVA\" \/>\n\t<meta name=\"twitter:label2\" content=\"Availability\" \/>\n\t<meta name=\"twitter:data2\" content=\"In stock\" \/>\n<script type=\"application\/ld+json\" class=\"yoast-schema-graph\">{\"@context\":\"https:\/\/schema.org\",\"@graph\":[{\"@type\":\"WebPage\",\"@id\":\"https:\/\/compuviper.mx\/tienda\/producto\/dahua-dh-hac-hdbw1500en-0280b-camara-analoga-hd-hac-hdbw1500e-28-domo-de-5-mp-antivandalica-lente-de-2-8mm-111-grados-de-apertura-ir-de-30-mts-ip67-ik10-soporta-cvi-cvbs-ahd-tvi\/\",\"url\":\"https:\/\/compuviper.mx\/tienda\/producto\/dahua-dh-hac-hdbw1500en-0280b-camara-analoga-hd-hac-hdbw1500e-28-domo-de-5-mp-antivandalica-lente-de-2-8mm-111-grados-de-apertura-ir-de-30-mts-ip67-ik10-soporta-cvi-cvbs-ahd-tvi\/\",\"name\":\"[ Dahua ] &#129351; Dh-hac-hdbw1500en-0280b Camara Analoga Hd\/ \/ Hac-hdbw1500e-28\/ Domo De 5 Mp Antivandalica\/ Lente De 2.8mm\/ 111 Grados De Apertura\/ Ir De 30 Mts\/ Ip67\/ik10\/ Soporta: Cvi\/cvbs\/ahd\/tvi\",\"isPartOf\":{\"@id\":\"https:\/\/compuviper.mx\/tienda\/#website\"},\"datePublished\":\"2026-04-23T06:15:41+00:00\",\"dateModified\":\"2026-04-23T06:15:42+00:00\",\"description\":\"Compra Dh-hac-hdbw1500en-0280b Camara Analoga Hd\/ \/ Hac-hdbw1500e-28\/ Domo De 5 Mp Antivandalica\/ Lente De 2.8mm\/ 111 Grados De Apertura\/ Ir De 30 Mts\/ Ip67\/ik10\/ Soporta: Cvi\/cvbs\/ahd\/tvi + Env\u00edo a domicilio + Pago seguro + Garant\u00eda\",\"breadcrumb\":{\"@id\":\"https:\/\/compuviper.mx\/tienda\/producto\/dahua-dh-hac-hdbw1500en-0280b-camara-analoga-hd-hac-hdbw1500e-28-domo-de-5-mp-antivandalica-lente-de-2-8mm-111-grados-de-apertura-ir-de-30-mts-ip67-ik10-soporta-cvi-cvbs-ahd-tvi\/#breadcrumb\"},\"inLanguage\":\"es-MX\",\"potentialAction\":[{\"@type\":\"ReadAction\",\"target\":[\"https:\/\/compuviper.mx\/tienda\/producto\/dahua-dh-hac-hdbw1500en-0280b-camara-analoga-hd-hac-hdbw1500e-28-domo-de-5-mp-antivandalica-lente-de-2-8mm-111-grados-de-apertura-ir-de-30-mts-ip67-ik10-soporta-cvi-cvbs-ahd-tvi\/\"]}]},{\"@type\":\"BreadcrumbList\",\"@id\":\"https:\/\/compuviper.mx\/tienda\/producto\/dahua-dh-hac-hdbw1500en-0280b-camara-analoga-hd-hac-hdbw1500e-28-domo-de-5-mp-antivandalica-lente-de-2-8mm-111-grados-de-apertura-ir-de-30-mts-ip67-ik10-soporta-cvi-cvbs-ahd-tvi\/#breadcrumb\",\"itemListElement\":[{\"@type\":\"ListItem\",\"position\":1,\"name\":\"Inicio\",\"item\":\"https:\/\/compuviper.mx\/tienda\/\"},{\"@type\":\"ListItem\",\"position\":2,\"name\":\"Productos\",\"item\":\"https:\/\/compuviper.mx\/tienda\/productos\/\"},{\"@type\":\"ListItem\",\"position\":3,\"name\":\"Camaras\",\"item\":\"https:\/\/compuviper.mx\/tienda\/categoria-producto\/camaras-2\/\"},{\"@type\":\"ListItem\",\"position\":4,\"name\":\"Camara De Videovigilancia\",\"item\":\"https:\/\/compuviper.mx\/tienda\/categoria-producto\/camaras-2\/camara-de-videovigilancia\/\"},{\"@type\":\"ListItem\",\"position\":5,\"name\":\"Dahua Dh-hac-hdbw1500en-0280b Camara Analoga Hd\/ \/ Hac-hdbw1500e-28\/ Domo De 5 Mp Antivandalica\/ Lente De 2.8mm\/ 111 Grados De Apertura\/ Ir De 30 Mts\/ Ip67\/ik10\/ Soporta: Cvi\/cvbs\/ahd\/tvi\"}]},{\"@type\":\"WebSite\",\"@id\":\"https:\/\/compuviper.mx\/tienda\/#website\",\"url\":\"https:\/\/compuviper.mx\/tienda\/\",\"name\":\"Compuviper\",\"description\":\"Proveedor de Computadoras, Laptops, Servidores, Monitores, Puntos de Venta, Teclados,   Impresoras, T\u00f3ner, C\u00e1maras de Seguridad y m\u00e1s en tu tienda en l\u00ednea\",\"publisher\":{\"@id\":\"https:\/\/compuviper.mx\/tienda\/#organization\"},\"potentialAction\":[{\"@type\":\"SearchAction\",\"target\":{\"@type\":\"EntryPoint\",\"urlTemplate\":\"https:\/\/compuviper.mx\/tienda\/?s={search_term_string}\"},\"query-input\":\"required name=search_term_string\"}],\"inLanguage\":\"es-MX\"},{\"@type\":\"Organization\",\"@id\":\"https:\/\/compuviper.mx\/tienda\/#organization\",\"name\":\"Compuviper\",\"url\":\"https:\/\/compuviper.mx\/tienda\/\",\"logo\":{\"@type\":\"ImageObject\",\"inLanguage\":\"es-MX\",\"@id\":\"https:\/\/compuviper.mx\/tienda\/#\/schema\/logo\/image\/\",\"url\":\"https:\/\/compuviper.mx\/tienda\/wp-content\/uploads\/2021\/08\/Logo-Compuviper-10.png\",\"contentUrl\":\"https:\/\/compuviper.mx\/tienda\/wp-content\/uploads\/2021\/08\/Logo-Compuviper-10.png\",\"width\":1000,\"height\":500,\"caption\":\"Compuviper\"},\"image\":{\"@id\":\"https:\/\/compuviper.mx\/tienda\/#\/schema\/logo\/image\/\"},\"sameAs\":[\"https:\/\/www.facebook.com\/compuviper\",\"https:\/\/www.youtube.com\/channel\/UCf73dERp9Y3cfOq7q8BhLjA?view_as=subscriber\"]}]}<\/script>\n<meta property=\"product:brand\" content=\"DAHUA\" \/>\n<meta property=\"product:price:amount\" content=\"686\" \/>\n<meta property=\"product:price:currency\" content=\"MXN\" \/>\n<meta property=\"og:availability\" content=\"instock\" \/>\n<meta property=\"product:availability\" content=\"instock\" \/>\n<meta property=\"product:retailer_item_id\" content=\"DH-HAC-HDBW1500EN-0280B\" \/>\n<meta property=\"product:condition\" content=\"new\" \/>\n<!-- \/ Yoast SEO plugin. -->","yoast_head_json":{"title":"[ Dahua ] &#129351; Dh-hac-hdbw1500en-0280b Camara Analoga Hd\/ \/ Hac-hdbw1500e-28\/ Domo De 5 Mp Antivandalica\/ Lente De 2.8mm\/ 111 Grados De Apertura\/ Ir De 30 Mts\/ Ip67\/ik10\/ Soporta: Cvi\/cvbs\/ahd\/tvi","description":"Compra Dh-hac-hdbw1500en-0280b Camara Analoga Hd\/ \/ Hac-hdbw1500e-28\/ Domo De 5 Mp Antivandalica\/ Lente De 2.8mm\/ 111 Grados De Apertura\/ Ir De 30 Mts\/ Ip67\/ik10\/ Soporta: Cvi\/cvbs\/ahd\/tvi + Env\u00edo a domicilio + Pago seguro + Garant\u00eda","robots":{"index":"index","follow":"follow","max-snippet":"max-snippet:-1","max-image-preview":"max-image-preview:large","max-video-preview":"max-video-preview:-1"},"canonical":"https:\/\/compuviper.mx\/tienda\/producto\/dahua-dh-hac-hdbw1500en-0280b-camara-analoga-hd-hac-hdbw1500e-28-domo-de-5-mp-antivandalica-lente-de-2-8mm-111-grados-de-apertura-ir-de-30-mts-ip67-ik10-soporta-cvi-cvbs-ahd-tvi\/","og_locale":"es_MX","og_type":"article","og_title":"[ Dahua ] &#129351; Dh-hac-hdbw1500en-0280b Camara Analoga Hd\/ \/ Hac-hdbw1500e-28\/ Domo De 5 Mp Antivandalica\/ Lente De 2.8mm\/ 111 Grados De Apertura\/ Ir De 30 Mts\/ Ip67\/ik10\/ Soporta: Cvi\/cvbs\/ahd\/tvi","og_description":"Compra Dh-hac-hdbw1500en-0280b Camara Analoga Hd\/ \/ Hac-hdbw1500e-28\/ Domo De 5 Mp Antivandalica\/ Lente De 2.8mm\/ 111 Grados De Apertura\/ Ir De 30 Mts\/ Ip67\/ik10\/ Soporta: Cvi\/cvbs\/ahd\/tvi + Env\u00edo a domicilio + Pago seguro + Garant\u00eda","og_url":"https:\/\/compuviper.mx\/tienda\/producto\/dahua-dh-hac-hdbw1500en-0280b-camara-analoga-hd-hac-hdbw1500e-28-domo-de-5-mp-antivandalica-lente-de-2-8mm-111-grados-de-apertura-ir-de-30-mts-ip67-ik10-soporta-cvi-cvbs-ahd-tvi\/","og_site_name":"Compuviper","article_publisher":"https:\/\/www.facebook.com\/compuviper","article_modified_time":"2026-04-23T06:15:42+00:00","og_image":[{"width":200,"height":200,"url":"https:\/\/compuviper.mx\/tienda\/wp-content\/uploads\/2025\/10\/Camara-analoga-hd-dahua-hac-hdbw1500e-28-domo-de-5-mp-antivandalica-lente-de-2.8mm-111-grados-de-apertura-ir-de-30-mts-ip67ik10-soporta-cvicvbsahdtvi.jpg","type":"image\/jpeg"}],"twitter_card":"summary_large_image","twitter_misc":{"Precio":"&#36;686 con IVA","Availability":"In stock"},"schema":{"@context":"https:\/\/schema.org","@graph":[{"@type":"WebPage","@id":"https:\/\/compuviper.mx\/tienda\/producto\/dahua-dh-hac-hdbw1500en-0280b-camara-analoga-hd-hac-hdbw1500e-28-domo-de-5-mp-antivandalica-lente-de-2-8mm-111-grados-de-apertura-ir-de-30-mts-ip67-ik10-soporta-cvi-cvbs-ahd-tvi\/","url":"https:\/\/compuviper.mx\/tienda\/producto\/dahua-dh-hac-hdbw1500en-0280b-camara-analoga-hd-hac-hdbw1500e-28-domo-de-5-mp-antivandalica-lente-de-2-8mm-111-grados-de-apertura-ir-de-30-mts-ip67-ik10-soporta-cvi-cvbs-ahd-tvi\/","name":"[ Dahua ] &#129351; Dh-hac-hdbw1500en-0280b Camara Analoga Hd\/ \/ Hac-hdbw1500e-28\/ Domo De 5 Mp Antivandalica\/ Lente De 2.8mm\/ 111 Grados De Apertura\/ Ir De 30 Mts\/ Ip67\/ik10\/ Soporta: Cvi\/cvbs\/ahd\/tvi","isPartOf":{"@id":"https:\/\/compuviper.mx\/tienda\/#website"},"datePublished":"2026-04-23T06:15:41+00:00","dateModified":"2026-04-23T06:15:42+00:00","description":"Compra Dh-hac-hdbw1500en-0280b Camara Analoga Hd\/ \/ Hac-hdbw1500e-28\/ Domo De 5 Mp Antivandalica\/ Lente De 2.8mm\/ 111 Grados De Apertura\/ Ir De 30 Mts\/ Ip67\/ik10\/ Soporta: Cvi\/cvbs\/ahd\/tvi + Env\u00edo a domicilio + Pago seguro + Garant\u00eda","breadcrumb":{"@id":"https:\/\/compuviper.mx\/tienda\/producto\/dahua-dh-hac-hdbw1500en-0280b-camara-analoga-hd-hac-hdbw1500e-28-domo-de-5-mp-antivandalica-lente-de-2-8mm-111-grados-de-apertura-ir-de-30-mts-ip67-ik10-soporta-cvi-cvbs-ahd-tvi\/#breadcrumb"},"inLanguage":"es-MX","potentialAction":[{"@type":"ReadAction","target":["https:\/\/compuviper.mx\/tienda\/producto\/dahua-dh-hac-hdbw1500en-0280b-camara-analoga-hd-hac-hdbw1500e-28-domo-de-5-mp-antivandalica-lente-de-2-8mm-111-grados-de-apertura-ir-de-30-mts-ip67-ik10-soporta-cvi-cvbs-ahd-tvi\/"]}]},{"@type":"BreadcrumbList","@id":"https:\/\/compuviper.mx\/tienda\/producto\/dahua-dh-hac-hdbw1500en-0280b-camara-analoga-hd-hac-hdbw1500e-28-domo-de-5-mp-antivandalica-lente-de-2-8mm-111-grados-de-apertura-ir-de-30-mts-ip67-ik10-soporta-cvi-cvbs-ahd-tvi\/#breadcrumb","itemListElement":[{"@type":"ListItem","position":1,"name":"Inicio","item":"https:\/\/compuviper.mx\/tienda\/"},{"@type":"ListItem","position":2,"name":"Productos","item":"https:\/\/compuviper.mx\/tienda\/productos\/"},{"@type":"ListItem","position":3,"name":"Camaras","item":"https:\/\/compuviper.mx\/tienda\/categoria-producto\/camaras-2\/"},{"@type":"ListItem","position":4,"name":"Camara De Videovigilancia","item":"https:\/\/compuviper.mx\/tienda\/categoria-producto\/camaras-2\/camara-de-videovigilancia\/"},{"@type":"ListItem","position":5,"name":"Dahua Dh-hac-hdbw1500en-0280b Camara Analoga Hd\/ \/ Hac-hdbw1500e-28\/ Domo De 5 Mp Antivandalica\/ Lente De 2.8mm\/ 111 Grados De Apertura\/ Ir De 30 Mts\/ Ip67\/ik10\/ Soporta: Cvi\/cvbs\/ahd\/tvi"}]},{"@type":"WebSite","@id":"https:\/\/compuviper.mx\/tienda\/#website","url":"https:\/\/compuviper.mx\/tienda\/","name":"Compuviper","description":"Proveedor de Computadoras, Laptops, Servidores, Monitores, Puntos de Venta, Teclados,   Impresoras, T\u00f3ner, C\u00e1maras de Seguridad y m\u00e1s en tu tienda en l\u00ednea","publisher":{"@id":"https:\/\/compuviper.mx\/tienda\/#organization"},"potentialAction":[{"@type":"SearchAction","target":{"@type":"EntryPoint","urlTemplate":"https:\/\/compuviper.mx\/tienda\/?s={search_term_string}"},"query-input":"required name=search_term_string"}],"inLanguage":"es-MX"},{"@type":"Organization","@id":"https:\/\/compuviper.mx\/tienda\/#organization","name":"Compuviper","url":"https:\/\/compuviper.mx\/tienda\/","logo":{"@type":"ImageObject","inLanguage":"es-MX","@id":"https:\/\/compuviper.mx\/tienda\/#\/schema\/logo\/image\/","url":"https:\/\/compuviper.mx\/tienda\/wp-content\/uploads\/2021\/08\/Logo-Compuviper-10.png","contentUrl":"https:\/\/compuviper.mx\/tienda\/wp-content\/uploads\/2021\/08\/Logo-Compuviper-10.png","width":1000,"height":500,"caption":"Compuviper"},"image":{"@id":"https:\/\/compuviper.mx\/tienda\/#\/schema\/logo\/image\/"},"sameAs":["https:\/\/www.facebook.com\/compuviper","https:\/\/www.youtube.com\/channel\/UCf73dERp9Y3cfOq7q8BhLjA?view_as=subscriber"]}]},"product_brand":"DAHUA","product_price_amount":"686","product_price_currency":"MXN","og_availability":"instock","product_availability":"instock","product_retailer_item_id":"DH-HAC-HDBW1500EN-0280B","product_condition":"new"},"_links":{"self":[{"href":"https:\/\/compuviper.mx\/tienda\/wp-json\/wp\/v2\/product\/253847"}],"collection":[{"href":"https:\/\/compuviper.mx\/tienda\/wp-json\/wp\/v2\/product"}],"about":[{"href":"https:\/\/compuviper.mx\/tienda\/wp-json\/wp\/v2\/types\/product"}],"replies":[{"embeddable":true,"href":"https:\/\/compuviper.mx\/tienda\/wp-json\/wp\/v2\/comments?post=253847"}],"wp:featuredmedia":[{"embeddable":true,"href":"https:\/\/compuviper.mx\/tienda\/wp-json\/wp\/v2\/media\/259438"}],"wp:attachment":[{"href":"https:\/\/compuviper.mx\/tienda\/wp-json\/wp\/v2\/media?parent=253847"}],"wp:term":[{"taxonomy":"product_cat","embeddable":true,"href":"https:\/\/compuviper.mx\/tienda\/wp-json\/wp\/v2\/product_cat?post=253847"},{"taxonomy":"product_tag","embeddable":true,"href":"https:\/\/compuviper.mx\/tienda\/wp-json\/wp\/v2\/product_tag?post=253847"}],"curies":[{"name":"wp","href":"https:\/\/api.w.org\/{rel}","templated":true}]}}