{"id":253836,"date":"2026-04-02T02:23:21","date_gmt":"2026-04-02T08:23:21","guid":{"rendered":"https:\/\/compuviper.mx\/tienda\/producto\/hisense-100qd7n-television-qled-100-smart-google-tv-resolucion-uhd-4k-dolby-vision-dolby-atmos\/"},"modified":"2026-04-02T02:23:22","modified_gmt":"2026-04-02T08:23:22","slug":"hisense-100qd7n-television-100-pulgadas-qled-smart-google-tv-uhd-4k-dolby-vision-dolby-atmos-wifi","status":"publish","type":"product","link":"https:\/\/compuviper.mx\/tienda\/producto\/hisense-100qd7n-television-100-pulgadas-qled-smart-google-tv-uhd-4k-dolby-vision-dolby-atmos-wifi\/","title":{"rendered":"Hisense 100qd7n Television 100 Pulgadas Qled   Smart Google Tv, Uhd 4k, Dolby Vision, Dolby Atmos, Wifi"},"content":{"rendered":"<table class=\"descripcion\">\n<tr>\n<td>Modelo 100qd7n<\/td>\n<\/tr>\n<tr>\n<td>Marca hisense<\/td>\n<\/tr>\n<tr>\n<td>Quantum dot technology si<\/td>\n<\/tr>\n<tr>\n<td>Aglr(low reflection) no<\/td>\n<\/tr>\n<tr>\n<td>Ai\u00a0 aipq<\/td>\n<\/tr>\n<tr>\n<td>Tama\u00f1o 100<\/td>\n<\/tr>\n<tr>\n<td>Area del display 99.5\u0093\u00a0diagonal<\/td>\n<\/tr>\n<tr>\n<td>Tipo de panel  va<\/td>\n<\/tr>\n<tr>\n<td>Aspecto 16:09<\/td>\n<\/tr>\n<tr>\n<td>Display plano<\/td>\n<\/tr>\n<tr>\n<td>Resoluci\u00f3n 4k\u00a03840&#215;2160<\/td>\n<\/tr>\n<tr>\n<td>Frecuencia de actualizaci\u00f3n nativa (hz) 120hz<\/td>\n<\/tr>\n<tr>\n<td>Brillo maximo nits 400typ<\/td>\n<\/tr>\n<tr>\n<td>Relaci\u00f3n de contraste  5000typ<\/td>\n<\/tr>\n<tr>\n<td>\u00e1ngulo de visi\u00f3n  178\/178<\/td>\n<\/tr>\n<tr>\n<td>Tiempo de respuesta  8\u00a0ms<\/td>\n<\/tr>\n<tr>\n<td>Profundidad de color 8\u00a0bit<\/td>\n<\/tr>\n<tr>\n<td>Retroiluminaci\u00f3n dled<\/td>\n<\/tr>\n<tr>\n<td>Atenuaci\u00f3n local no<\/td>\n<\/tr>\n<tr>\n<td>Zonas de atenuaci\u00f3n local no aplica<\/td>\n<\/tr>\n<tr>\n<td>Wide color gamut si<\/td>\n<\/tr>\n<tr>\n<td>4k upscale si<\/td>\n<\/tr>\n<tr>\n<td>Memc si<\/td>\n<\/tr>\n<tr>\n<td>Motion rate 240<\/td>\n<\/tr>\n<tr>\n<td>Black frame insertion no<\/td>\n<\/tr>\n<tr>\n<td>Hdr: dolby vision si<\/td>\n<\/tr>\n<tr>\n<td>Hdr: hdr10+ si<\/td>\n<\/tr>\n<tr>\n<td>Hdr: hdr10 si<\/td>\n<\/tr>\n<tr>\n<td>Hdr: hybrid log gamma (hlg) si<\/td>\n<\/tr>\n<tr>\n<td>Hdr10+ adaptive si<\/td>\n<\/tr>\n<tr>\n<td>Hdr10+ gaming si<\/td>\n<\/tr>\n<tr>\n<td>Dolby vision iq si<\/td>\n<\/tr>\n<tr>\n<td>Dolby gaming si<\/td>\n<\/tr>\n<tr>\n<td>Imax enhanced no<\/td>\n<\/tr>\n<tr>\n<td>Film maker mode si<\/td>\n<\/tr>\n<tr>\n<td>Other features<\/td>\n<\/tr>\n<tr>\n<td>Modo juego<\/td>\n<\/tr>\n<tr>\n<td>Hdr game mode si<\/td>\n<\/tr>\n<tr>\n<td>Hsr hsr 240<\/td>\n<\/tr>\n<tr>\n<td>Vrr(variable refresh rate) vrr 48-144hz<\/td>\n<\/tr>\n<tr>\n<td>Allm(auto low-latency mode) si<\/td>\n<\/tr>\n<tr>\n<td>Freesync freesync premium<\/td>\n<\/tr>\n<tr>\n<td>G-sync no<\/td>\n<\/tr>\n<tr>\n<td>Other game features game bar<\/td>\n<\/tr>\n<tr>\n<td>Audio<\/td>\n<\/tr>\n<tr>\n<td>Audio dolby\u00a0atmos<\/td>\n<\/tr>\n<tr>\n<td>Multi-channel audio 2.1\u00a0ch<\/td>\n<\/tr>\n<tr>\n<td>Poder de audio  2*15w + 20w<\/td>\n<\/tr>\n<tr>\n<td>Sound send si<\/td>\n<\/tr>\n<tr>\n<td>Tipo de altavoz integrado<\/td>\n<\/tr>\n<tr>\n<td>Bluetooth audio si<\/td>\n<\/tr>\n<tr>\n<td>Dual audio-bluetooth+ tv speaker no<\/td>\n<\/tr>\n<tr>\n<td>Dual audio-2 bluetooth no<\/td>\n<\/tr>\n<tr>\n<td>Tv bluetooth speaker and #65288;when mobile devices are connected to tv with bluetooth, sound outputs via tv speaker. and #65289; si<\/td>\n<\/tr>\n<tr>\n<td>Hardware y puertos<\/td>\n<\/tr>\n<tr>\n<td>Wi-fi 802.11\u00a0a\/b\/g\/n\/ac\u00a0dual\u00a0band(2.4\/5\u00a0ghz)<\/td>\n<\/tr>\n<tr>\n<td>Bluetooth bt5.3<\/td>\n<\/tr>\n<tr>\n<td>Rf antenna 1<\/td>\n<\/tr>\n<tr>\n<td>Formato admitido 480i,480p,720p,1080i,1080p,1440p,2160p<\/td>\n<\/tr>\n<tr>\n<td>Hdmi entradas hdmi 2.1*2, hdmi 2.0*2<\/td>\n<\/tr>\n<tr>\n<td>Hdmi 4k@120hz hdmi3, hdmi4<\/td>\n<\/tr>\n<tr>\n<td>Hdmi-earc hdmi1<\/td>\n<\/tr>\n<tr>\n<td>Usb 2 (usb3.0+usb 2.0)<\/td>\n<\/tr>\n<tr>\n<td>Ethernet (lan) 1<\/td>\n<\/tr>\n<tr>\n<td>Composite video input 1(av in*1)<\/td>\n<\/tr>\n<tr>\n<td>L\/r\u00a0 audio input for composite 0<\/td>\n<\/tr>\n<tr>\n<td>Earphone\/audio output 1<\/td>\n<\/tr>\n<tr>\n<td>Digital audio output 1\u00a0optical<\/td>\n<\/tr>\n<tr>\n<td>Mainboard output signal p2p<\/td>\n<\/tr>\n<tr>\n<td>Chipsets<\/td>\n<\/tr>\n<tr>\n<td>Os version google os12<\/td>\n<\/tr>\n<tr>\n<td>Chipset name mt9618gadtab<\/td>\n<\/tr>\n<tr>\n<td>Cpu ca73*4 1.39gh<\/td>\n<\/tr>\n<tr>\n<td>Gpu g52 mc1 550mhz<\/td>\n<\/tr>\n<tr>\n<td>L1 \/<\/td>\n<\/tr>\n<tr>\n<td>L2\/l3 1mb (l2)<\/td>\n<\/tr>\n<tr>\n<td>Ddr 3gb\u00a0<\/td>\n<\/tr>\n<tr>\n<td>Emmc 32gb\u00a0<\/td>\n<\/tr>\n<tr>\n<td>Energ\u00eda<\/td>\n<\/tr>\n<tr>\n<td>Consumo de energ\u00eda 450w<\/td>\n<\/tr>\n<tr>\n<td>Consumo en espera  and #8804;0.5w<\/td>\n<\/tr>\n<tr>\n<td>Fuente de alimentaci\u00f3n (voltaje\/hz) ac100-240v,50\/60hz<\/td>\n<\/tr>\n<tr>\n<td>Amplia fuente de alimentaci\u00f3n si<\/td>\n<\/tr>\n<tr>\n<td>Smart<\/td>\n<\/tr>\n<tr>\n<td>Smart platform google\u00a0tv<\/td>\n<\/tr>\n<tr>\n<td>Idiomas english, french, spanish, german, simplified chinese, traditional chinese, portuguese<\/td>\n<\/tr>\n<tr>\n<td>App store google\u00a0play\u00a0store<\/td>\n<\/tr>\n<tr>\n<td>Tv system atsc1.0\/clear\u00a0qam\/ntsc\/pal-m\/n\/isdb-t<\/td>\n<\/tr>\n<tr>\n<td>Web browser si<\/td>\n<\/tr>\n<tr>\n<td>Closed caption si<\/td>\n<\/tr>\n<tr>\n<td>Noise reduction\u00a0 si<\/td>\n<\/tr>\n<tr>\n<td>Parental control si<\/td>\n<\/tr>\n<tr>\n<td>Sleep timer si<\/td>\n<\/tr>\n<tr>\n<td>Far-fireld voice recognition si<\/td>\n<\/tr>\n<tr>\n<td>Googel assistant ga incorporado<\/td>\n<\/tr>\n<tr>\n<td>Alexa trabajar con alexa<\/td>\n<\/tr>\n<tr>\n<td>Siri no<\/td>\n<\/tr>\n<tr>\n<td>Google home si<\/td>\n<\/tr>\n<tr>\n<td>Chromecast si<\/td>\n<\/tr>\n<tr>\n<td>Apple homekit si<\/td>\n<\/tr>\n<tr>\n<td>Airplay si<\/td>\n<\/tr>\n<tr>\n<td>Screen mirror miracast<\/td>\n<\/tr>\n<tr>\n<td>Dimensiones y pesos (kg and mm)<\/td>\n<\/tr>\n<tr>\n<td>Dimensiones de tv  sin base 2229\u00d71284\u00d795 mm<\/td>\n<\/tr>\n<tr>\n<td>Dimensiones de tv  sin base 2229\u00d71317\u00d7500 mm<\/td>\n<\/tr>\n<tr>\n<td>Dimensiones del soporte: ancho (largo x ancho) (mm) 1734\u00d7500 mm<\/td>\n<\/tr>\n<tr>\n<td>Peso del televisor (sin el soporte) (kg) 54.5 kg<\/td>\n<\/tr>\n<tr>\n<td>Peso del televisor (con el soporte) (kg) 57.0 kg<\/td>\n<\/tr>\n<tr>\n<td>Dimensiones de la caja (an. x al. x pr.) (mm) 2398\u00d71490\u00d7225 mm\u00a0<\/td>\n<\/tr>\n<tr>\n<td>Peso del env\u00edo (kg) 75.0\u00a0kg<\/td>\n<\/tr>\n<tr>\n<td>Peso de la caja de cart\u00f3n (kg) 8 kg<\/td>\n<\/tr>\n<tr>\n<td>Peso del embalaje -papel, cart\u00f3n(kg) 8 kg<\/td>\n<\/tr>\n<tr>\n<td>Peso del embalaje- eps (kg) 4.5 kg<\/td>\n<\/tr>\n<tr>\n<td>Na n\u00famero de unidades de embalaje (kg) 2<\/td>\n<\/tr>\n<tr>\n<td>Sa n\u00famero de unidades de embalaje (kg) 1<\/td>\n<\/tr>\n<tr>\n<td>Montaje en pared<\/td>\n<\/tr>\n<tr>\n<td>Tama\u00f1o de montaje en pared 800*400<\/td>\n<\/tr>\n<tr>\n<td>Tornillo de montaje en pared m8<\/td>\n<\/tr>\n<tr>\n<td>Accesorio<\/td>\n<\/tr>\n<tr>\n<td>Control remoto erf6l80hl<\/td>\n<\/tr>\n<tr>\n<td>Bateria 2<\/td>\n<\/tr>\n<tr>\n<td>Cable de alimentaci\u00f3n 1<\/td>\n<\/tr>\n<tr>\n<td>Hdmi cable no<\/td>\n<\/tr>\n<tr>\n<td>Qsg si<\/td>\n<\/tr>\n<tr>\n<td>Seguridad y garant\u00eda si<\/td>\n<\/tr>\n<tr>\n<td>Base dual<\/td>\n<\/tr>\n<tr>\n<td>Garant\u00eda 2 a\u00f1os<\/td>\n<\/tr>\n<\/table>\n","protected":false},"excerpt":{"rendered":"<p>La pantalla qd7 utiliza la tecnolog\u00eda de color qled quantum dot para ofrecer una imagen m\u00e1s vibrante y detallada. Lleva las vistas y los sonidos del cine directamente a tu sala con la tecnolog\u00eda dolby vision hdr y dolby atmos. Y transmite v\u00eddeos desde tu tel\u00e9fono y tableta en la pantalla con la ayuda de chromecast.<\/p>\n","protected":false},"featured_media":258509,"comment_status":"open","ping_status":"open","template":"","meta":[],"product_cat":[1838,1839],"product_tag":[2128],"acf":[],"yoast_head":"<!-- This site is optimized with the Yoast SEO plugin v21.7 - https:\/\/yoast.com\/wordpress\/plugins\/seo\/ -->\n<title>[ Hisense ] &#129351; 100qd7n Television 100 Pulgadas Qled Smart Google Tv, Uhd 4k, Dolby Vision, Dolby Atmos, Wifi<\/title>\n<meta name=\"description\" content=\"Compra 100qd7n Television 100 Pulgadas Qled Smart Google Tv, Uhd 4k, Dolby Vision, Dolby Atmos, Wifi + Env\u00edo a domicilio + Pago seguro + Garant\u00eda\" \/>\n<meta name=\"robots\" content=\"index, follow, max-snippet:-1, max-image-preview:large, max-video-preview:-1\" \/>\n<link rel=\"canonical\" href=\"https:\/\/compuviper.mx\/tienda\/producto\/hisense-100qd7n-television-100-pulgadas-qled-smart-google-tv-uhd-4k-dolby-vision-dolby-atmos-wifi\/\" \/>\n<meta property=\"og:locale\" content=\"es_MX\" \/>\n<meta property=\"og:type\" content=\"article\" \/>\n<meta property=\"og:title\" content=\"[ Hisense ] &#129351; 100qd7n Television 100 Pulgadas Qled Smart Google Tv, Uhd 4k, Dolby Vision, Dolby Atmos, Wifi\" \/>\n<meta property=\"og:description\" content=\"Compra 100qd7n Television 100 Pulgadas Qled Smart Google Tv, Uhd 4k, Dolby Vision, Dolby Atmos, Wifi + Env\u00edo a domicilio + Pago seguro + Garant\u00eda\" \/>\n<meta property=\"og:url\" content=\"https:\/\/compuviper.mx\/tienda\/producto\/hisense-100qd7n-television-100-pulgadas-qled-smart-google-tv-uhd-4k-dolby-vision-dolby-atmos-wifi\/\" \/>\n<meta property=\"og:site_name\" content=\"Compuviper\" \/>\n<meta property=\"article:publisher\" content=\"https:\/\/www.facebook.com\/compuviper\" \/>\n<meta property=\"article:modified_time\" content=\"2026-04-02T08:23:22+00:00\" \/>\n<meta property=\"og:image\" content=\"https:\/\/compuviper.mx\/tienda\/wp-content\/uploads\/2025\/10\/Television-100-pulgadas-qled-hisense-100qd7n-smart-google-tv-uhd-4k-dolby-vision-dolby-atmos-wifi.jpg\" \/>\n\t<meta property=\"og:image:width\" content=\"200\" \/>\n\t<meta property=\"og:image:height\" content=\"200\" \/>\n\t<meta property=\"og:image:type\" content=\"image\/jpeg\" \/>\n<meta name=\"twitter:card\" content=\"summary_large_image\" \/>\n<meta name=\"twitter:label1\" content=\"Precio\" \/>\n\t<meta name=\"twitter:data1\" content=\"&#36;38,393 &#36;30,994 con IVA\" \/>\n\t<meta name=\"twitter:label2\" content=\"Availability\" \/>\n\t<meta name=\"twitter:data2\" content=\"Out of stock\" \/>\n<script type=\"application\/ld+json\" class=\"yoast-schema-graph\">{\"@context\":\"https:\/\/schema.org\",\"@graph\":[{\"@type\":\"WebPage\",\"@id\":\"https:\/\/compuviper.mx\/tienda\/producto\/hisense-100qd7n-television-100-pulgadas-qled-smart-google-tv-uhd-4k-dolby-vision-dolby-atmos-wifi\/\",\"url\":\"https:\/\/compuviper.mx\/tienda\/producto\/hisense-100qd7n-television-100-pulgadas-qled-smart-google-tv-uhd-4k-dolby-vision-dolby-atmos-wifi\/\",\"name\":\"[ Hisense ] &#129351; 100qd7n Television 100 Pulgadas Qled Smart Google Tv, Uhd 4k, Dolby Vision, Dolby Atmos, Wifi\",\"isPartOf\":{\"@id\":\"https:\/\/compuviper.mx\/tienda\/#website\"},\"datePublished\":\"2026-04-02T08:23:21+00:00\",\"dateModified\":\"2026-04-02T08:23:22+00:00\",\"description\":\"Compra 100qd7n Television 100 Pulgadas Qled Smart Google Tv, Uhd 4k, Dolby Vision, Dolby Atmos, Wifi + Env\u00edo a domicilio + Pago seguro + Garant\u00eda\",\"breadcrumb\":{\"@id\":\"https:\/\/compuviper.mx\/tienda\/producto\/hisense-100qd7n-television-100-pulgadas-qled-smart-google-tv-uhd-4k-dolby-vision-dolby-atmos-wifi\/#breadcrumb\"},\"inLanguage\":\"es-MX\",\"potentialAction\":[{\"@type\":\"ReadAction\",\"target\":[\"https:\/\/compuviper.mx\/tienda\/producto\/hisense-100qd7n-television-100-pulgadas-qled-smart-google-tv-uhd-4k-dolby-vision-dolby-atmos-wifi\/\"]}]},{\"@type\":\"BreadcrumbList\",\"@id\":\"https:\/\/compuviper.mx\/tienda\/producto\/hisense-100qd7n-television-100-pulgadas-qled-smart-google-tv-uhd-4k-dolby-vision-dolby-atmos-wifi\/#breadcrumb\",\"itemListElement\":[{\"@type\":\"ListItem\",\"position\":1,\"name\":\"Inicio\",\"item\":\"https:\/\/compuviper.mx\/tienda\/\"},{\"@type\":\"ListItem\",\"position\":2,\"name\":\"Productos\",\"item\":\"https:\/\/compuviper.mx\/tienda\/productos\/\"},{\"@type\":\"ListItem\",\"position\":3,\"name\":\"Televisor\",\"item\":\"https:\/\/compuviper.mx\/tienda\/categoria-producto\/televisor\/\"},{\"@type\":\"ListItem\",\"position\":4,\"name\":\"Led\",\"item\":\"https:\/\/compuviper.mx\/tienda\/categoria-producto\/televisor\/led-televisor\/\"},{\"@type\":\"ListItem\",\"position\":5,\"name\":\"Hisense 100qd7n Television 100 Pulgadas Qled Smart Google Tv, Uhd 4k, Dolby Vision, Dolby Atmos, Wifi\"}]},{\"@type\":\"WebSite\",\"@id\":\"https:\/\/compuviper.mx\/tienda\/#website\",\"url\":\"https:\/\/compuviper.mx\/tienda\/\",\"name\":\"Compuviper\",\"description\":\"Proveedor de Computadoras, Laptops, Servidores, Monitores, Puntos de Venta, Teclados,   Impresoras, T\u00f3ner, C\u00e1maras de Seguridad y m\u00e1s en tu tienda en l\u00ednea\",\"publisher\":{\"@id\":\"https:\/\/compuviper.mx\/tienda\/#organization\"},\"potentialAction\":[{\"@type\":\"SearchAction\",\"target\":{\"@type\":\"EntryPoint\",\"urlTemplate\":\"https:\/\/compuviper.mx\/tienda\/?s={search_term_string}\"},\"query-input\":\"required name=search_term_string\"}],\"inLanguage\":\"es-MX\"},{\"@type\":\"Organization\",\"@id\":\"https:\/\/compuviper.mx\/tienda\/#organization\",\"name\":\"Compuviper\",\"url\":\"https:\/\/compuviper.mx\/tienda\/\",\"logo\":{\"@type\":\"ImageObject\",\"inLanguage\":\"es-MX\",\"@id\":\"https:\/\/compuviper.mx\/tienda\/#\/schema\/logo\/image\/\",\"url\":\"https:\/\/compuviper.mx\/tienda\/wp-content\/uploads\/2021\/08\/Logo-Compuviper-10.png\",\"contentUrl\":\"https:\/\/compuviper.mx\/tienda\/wp-content\/uploads\/2021\/08\/Logo-Compuviper-10.png\",\"width\":1000,\"height\":500,\"caption\":\"Compuviper\"},\"image\":{\"@id\":\"https:\/\/compuviper.mx\/tienda\/#\/schema\/logo\/image\/\"},\"sameAs\":[\"https:\/\/www.facebook.com\/compuviper\",\"https:\/\/www.youtube.com\/channel\/UCf73dERp9Y3cfOq7q8BhLjA?view_as=subscriber\"]}]}<\/script>\n<meta property=\"product:brand\" content=\"Hisense\" \/>\n<meta property=\"product:price:amount\" content=\"30994\" \/>\n<meta property=\"product:price:currency\" content=\"MXN\" \/>\n<meta property=\"og:availability\" content=\"out of stock\" \/>\n<meta property=\"product:availability\" content=\"out of stock\" \/>\n<meta property=\"product:retailer_item_id\" content=\"100QD7N\" \/>\n<meta property=\"product:condition\" content=\"new\" \/>\n<!-- \/ Yoast SEO plugin. -->","yoast_head_json":{"title":"[ Hisense ] &#129351; 100qd7n Television 100 Pulgadas Qled Smart Google Tv, Uhd 4k, Dolby Vision, Dolby Atmos, Wifi","description":"Compra 100qd7n Television 100 Pulgadas Qled Smart Google Tv, Uhd 4k, Dolby Vision, Dolby Atmos, Wifi + Env\u00edo a domicilio + Pago seguro + Garant\u00eda","robots":{"index":"index","follow":"follow","max-snippet":"max-snippet:-1","max-image-preview":"max-image-preview:large","max-video-preview":"max-video-preview:-1"},"canonical":"https:\/\/compuviper.mx\/tienda\/producto\/hisense-100qd7n-television-100-pulgadas-qled-smart-google-tv-uhd-4k-dolby-vision-dolby-atmos-wifi\/","og_locale":"es_MX","og_type":"article","og_title":"[ Hisense ] &#129351; 100qd7n Television 100 Pulgadas Qled Smart Google Tv, Uhd 4k, Dolby Vision, Dolby Atmos, Wifi","og_description":"Compra 100qd7n Television 100 Pulgadas Qled Smart Google Tv, Uhd 4k, Dolby Vision, Dolby Atmos, Wifi + Env\u00edo a domicilio + Pago seguro + Garant\u00eda","og_url":"https:\/\/compuviper.mx\/tienda\/producto\/hisense-100qd7n-television-100-pulgadas-qled-smart-google-tv-uhd-4k-dolby-vision-dolby-atmos-wifi\/","og_site_name":"Compuviper","article_publisher":"https:\/\/www.facebook.com\/compuviper","article_modified_time":"2026-04-02T08:23:22+00:00","og_image":[{"width":200,"height":200,"url":"https:\/\/compuviper.mx\/tienda\/wp-content\/uploads\/2025\/10\/Television-100-pulgadas-qled-hisense-100qd7n-smart-google-tv-uhd-4k-dolby-vision-dolby-atmos-wifi.jpg","type":"image\/jpeg"}],"twitter_card":"summary_large_image","twitter_misc":{"Precio":"&#36;38,393 &#36;30,994 con IVA","Availability":"Out of stock"},"schema":{"@context":"https:\/\/schema.org","@graph":[{"@type":"WebPage","@id":"https:\/\/compuviper.mx\/tienda\/producto\/hisense-100qd7n-television-100-pulgadas-qled-smart-google-tv-uhd-4k-dolby-vision-dolby-atmos-wifi\/","url":"https:\/\/compuviper.mx\/tienda\/producto\/hisense-100qd7n-television-100-pulgadas-qled-smart-google-tv-uhd-4k-dolby-vision-dolby-atmos-wifi\/","name":"[ Hisense ] &#129351; 100qd7n Television 100 Pulgadas Qled Smart Google Tv, Uhd 4k, Dolby Vision, Dolby Atmos, Wifi","isPartOf":{"@id":"https:\/\/compuviper.mx\/tienda\/#website"},"datePublished":"2026-04-02T08:23:21+00:00","dateModified":"2026-04-02T08:23:22+00:00","description":"Compra 100qd7n Television 100 Pulgadas Qled Smart Google Tv, Uhd 4k, Dolby Vision, Dolby Atmos, Wifi + Env\u00edo a domicilio + Pago seguro + Garant\u00eda","breadcrumb":{"@id":"https:\/\/compuviper.mx\/tienda\/producto\/hisense-100qd7n-television-100-pulgadas-qled-smart-google-tv-uhd-4k-dolby-vision-dolby-atmos-wifi\/#breadcrumb"},"inLanguage":"es-MX","potentialAction":[{"@type":"ReadAction","target":["https:\/\/compuviper.mx\/tienda\/producto\/hisense-100qd7n-television-100-pulgadas-qled-smart-google-tv-uhd-4k-dolby-vision-dolby-atmos-wifi\/"]}]},{"@type":"BreadcrumbList","@id":"https:\/\/compuviper.mx\/tienda\/producto\/hisense-100qd7n-television-100-pulgadas-qled-smart-google-tv-uhd-4k-dolby-vision-dolby-atmos-wifi\/#breadcrumb","itemListElement":[{"@type":"ListItem","position":1,"name":"Inicio","item":"https:\/\/compuviper.mx\/tienda\/"},{"@type":"ListItem","position":2,"name":"Productos","item":"https:\/\/compuviper.mx\/tienda\/productos\/"},{"@type":"ListItem","position":3,"name":"Televisor","item":"https:\/\/compuviper.mx\/tienda\/categoria-producto\/televisor\/"},{"@type":"ListItem","position":4,"name":"Led","item":"https:\/\/compuviper.mx\/tienda\/categoria-producto\/televisor\/led-televisor\/"},{"@type":"ListItem","position":5,"name":"Hisense 100qd7n Television 100 Pulgadas Qled Smart Google Tv, Uhd 4k, Dolby Vision, Dolby Atmos, Wifi"}]},{"@type":"WebSite","@id":"https:\/\/compuviper.mx\/tienda\/#website","url":"https:\/\/compuviper.mx\/tienda\/","name":"Compuviper","description":"Proveedor de Computadoras, Laptops, Servidores, Monitores, Puntos de Venta, Teclados,   Impresoras, T\u00f3ner, C\u00e1maras de Seguridad y m\u00e1s en tu tienda en l\u00ednea","publisher":{"@id":"https:\/\/compuviper.mx\/tienda\/#organization"},"potentialAction":[{"@type":"SearchAction","target":{"@type":"EntryPoint","urlTemplate":"https:\/\/compuviper.mx\/tienda\/?s={search_term_string}"},"query-input":"required name=search_term_string"}],"inLanguage":"es-MX"},{"@type":"Organization","@id":"https:\/\/compuviper.mx\/tienda\/#organization","name":"Compuviper","url":"https:\/\/compuviper.mx\/tienda\/","logo":{"@type":"ImageObject","inLanguage":"es-MX","@id":"https:\/\/compuviper.mx\/tienda\/#\/schema\/logo\/image\/","url":"https:\/\/compuviper.mx\/tienda\/wp-content\/uploads\/2021\/08\/Logo-Compuviper-10.png","contentUrl":"https:\/\/compuviper.mx\/tienda\/wp-content\/uploads\/2021\/08\/Logo-Compuviper-10.png","width":1000,"height":500,"caption":"Compuviper"},"image":{"@id":"https:\/\/compuviper.mx\/tienda\/#\/schema\/logo\/image\/"},"sameAs":["https:\/\/www.facebook.com\/compuviper","https:\/\/www.youtube.com\/channel\/UCf73dERp9Y3cfOq7q8BhLjA?view_as=subscriber"]}]},"product_brand":"Hisense","product_price_amount":"30994","product_price_currency":"MXN","og_availability":"out of stock","product_availability":"out of stock","product_retailer_item_id":"100QD7N","product_condition":"new"},"_links":{"self":[{"href":"https:\/\/compuviper.mx\/tienda\/wp-json\/wp\/v2\/product\/253836"}],"collection":[{"href":"https:\/\/compuviper.mx\/tienda\/wp-json\/wp\/v2\/product"}],"about":[{"href":"https:\/\/compuviper.mx\/tienda\/wp-json\/wp\/v2\/types\/product"}],"replies":[{"embeddable":true,"href":"https:\/\/compuviper.mx\/tienda\/wp-json\/wp\/v2\/comments?post=253836"}],"wp:featuredmedia":[{"embeddable":true,"href":"https:\/\/compuviper.mx\/tienda\/wp-json\/wp\/v2\/media\/258509"}],"wp:attachment":[{"href":"https:\/\/compuviper.mx\/tienda\/wp-json\/wp\/v2\/media?parent=253836"}],"wp:term":[{"taxonomy":"product_cat","embeddable":true,"href":"https:\/\/compuviper.mx\/tienda\/wp-json\/wp\/v2\/product_cat?post=253836"},{"taxonomy":"product_tag","embeddable":true,"href":"https:\/\/compuviper.mx\/tienda\/wp-json\/wp\/v2\/product_tag?post=253836"}],"curies":[{"name":"wp","href":"https:\/\/api.w.org\/{rel}","templated":true}]}}