{"id":253780,"date":"2026-04-09T23:09:37","date_gmt":"2026-04-10T05:09:37","guid":{"rendered":"https:\/\/compuviper.mx\/tienda\/producto\/brobotix-6006597-funda-de-uso-rudo-con-correa-y-giro-360-para-samsung-galaxy-a9-8-7-x110-x115-x117\/"},"modified":"2026-04-09T23:09:37","modified_gmt":"2026-04-10T05:09:37","slug":"brobotix-6006597-funda-de-uso-rudo-con-correa-y-giro-360-para-samsung-galaxy-a9-8-7-x110-x115-x117","status":"publish","type":"product","link":"https:\/\/compuviper.mx\/tienda\/producto\/brobotix-6006597-funda-de-uso-rudo-con-correa-y-giro-360-para-samsung-galaxy-a9-8-7-x110-x115-x117\/","title":{"rendered":"Brobotix 6006597 Funda  De Uso Rudo Con Correa Y Giro 360? Para Samsung Galaxy A9 8.7 X110\/x115\/x117 \/"},"content":{"rendered":"<table class=\"descripcion\">\n<tr>\n<td>Caracteristicas<\/td>\n<\/tr>\n<tr>\n<td>&#8211; estructura rgida que protege el dispositivo contra golpes y cadas.<\/td>\n<\/tr>\n<tr>\n<td>&#8211; incluye mica protectora de pantalla.<\/td>\n<\/tr>\n<tr>\n<td>&#8211; incluye correa de hombro para transportar.<\/td>\n<\/tr>\n<tr>\n<td>&#8211; incluye correa que ajusta perfectamente a la mano para mejor agarre.<\/td>\n<\/tr>\n<tr>\n<td>&#8211; cuenta con un soporte que gira 360 grados para ajustar tu tableta en diferentes posiciones.<\/td>\n<\/tr>\n<tr>\n<td>&#8211; novedosa y discreta pata para apoyar en escritorio.<\/td>\n<\/tr>\n<tr>\n<td>&#8211; diseo que permite tener acceso a todos los botones del dispositivo, c\u00e1mara, altavoz y funciones.<\/td>\n<\/tr>\n<tr>\n<td>Especificaciones<\/td>\n<\/tr>\n<tr>\n<td>&#8211; compatible con tableta samsung galaxy a9 8.7<\/td>\n<\/tr>\n<tr>\n<td>  x110\/x115\/x117<\/td>\n<\/tr>\n<tr>\n<td>&#8211; material: silicn y policarbonato<\/td>\n<\/tr>\n<tr>\n<td>&#8211; peso: 493.3 g<\/td>\n<\/tr>\n<tr>\n<td>&#8211; medidas del producto:<\/td>\n<\/tr>\n<tr>\n<td>  alto: 27.6 x 18.8 x 2.5 cm<\/td>\n<\/tr>\n<tr>\n<td>  ancho: 28.5 x 19.5 x 3 cm<\/td>\n<\/tr>\n<tr>\n<td>  profundo: 2.5 cm<\/td>\n<\/tr>\n<\/table>\n","protected":false},"excerpt":{"rendered":"<p>Las fundas protectoras brobotix para tableta son ideales para el uso rudo por proteger al m\u00e1ximo el equipo. Evita rayones y raspones ya que cuenta con interiores y exteriores protegidos. Adem\u00e1s incluye mica protectora de pantalla. Proteccin completa, correa incluida, agarre ajustable para mano y giro de 360\u00ba. Diseo ergonmico.<\/p>\n","protected":false},"featured_media":258625,"comment_status":"open","ping_status":"open","template":"","meta":[],"product_cat":[2144,1869],"product_tag":[2142],"acf":[],"yoast_head":"<!-- This site is optimized with the Yoast SEO plugin v21.7 - https:\/\/yoast.com\/wordpress\/plugins\/seo\/ -->\n<title>[ Brobotix ] &#129351; 6006597 Funda De Uso Rudo Con Correa Y Giro 360\u00ba Para Samsung Galaxy A9 8.7 X110\/x115\/x117 \/<\/title>\n<meta name=\"description\" content=\"Compra 6006597 Funda De Uso Rudo Con Correa Y Giro 360\u00ba Para Samsung Galaxy A9 8.7 X110\/x115\/x117 \/ + Env\u00edo a domicilio + Pago seguro + Garant\u00eda\" \/>\n<meta name=\"robots\" content=\"index, follow, max-snippet:-1, max-image-preview:large, max-video-preview:-1\" \/>\n<link rel=\"canonical\" href=\"https:\/\/compuviper.mx\/tienda\/producto\/brobotix-6006597-funda-de-uso-rudo-con-correa-y-giro-360-para-samsung-galaxy-a9-8-7-x110-x115-x117\/\" \/>\n<meta property=\"og:locale\" content=\"es_MX\" \/>\n<meta property=\"og:type\" content=\"article\" \/>\n<meta property=\"og:title\" content=\"[ Brobotix ] &#129351; 6006597 Funda De Uso Rudo Con Correa Y Giro 360\u00ba Para Samsung Galaxy A9 8.7 X110\/x115\/x117 \/\" \/>\n<meta property=\"og:description\" content=\"Compra 6006597 Funda De Uso Rudo Con Correa Y Giro 360\u00ba Para Samsung Galaxy A9 8.7 X110\/x115\/x117 \/ + Env\u00edo a domicilio + Pago seguro + Garant\u00eda\" \/>\n<meta property=\"og:url\" content=\"https:\/\/compuviper.mx\/tienda\/producto\/brobotix-6006597-funda-de-uso-rudo-con-correa-y-giro-360-para-samsung-galaxy-a9-8-7-x110-x115-x117\/\" \/>\n<meta property=\"og:site_name\" content=\"Compuviper\" \/>\n<meta property=\"article:publisher\" content=\"https:\/\/www.facebook.com\/compuviper\" \/>\n<meta property=\"og:image\" content=\"https:\/\/compuviper.mx\/tienda\/wp-content\/uploads\/2025\/10\/Funda-brobotix-de-uso-rudo-con-correa-y-giro-360o-para-samsung-galaxy-a9-8.7-x110x115x117-6006597.jpg\" \/>\n\t<meta property=\"og:image:width\" content=\"200\" \/>\n\t<meta property=\"og:image:height\" content=\"200\" \/>\n\t<meta property=\"og:image:type\" content=\"image\/jpeg\" \/>\n<meta name=\"twitter:card\" content=\"summary_large_image\" \/>\n<meta name=\"twitter:label1\" content=\"Precio\" \/>\n\t<meta name=\"twitter:data1\" content=\"&#36;379 con IVA\" \/>\n\t<meta name=\"twitter:label2\" content=\"Availability\" \/>\n\t<meta name=\"twitter:data2\" content=\"Out of stock\" \/>\n<script type=\"application\/ld+json\" class=\"yoast-schema-graph\">{\"@context\":\"https:\/\/schema.org\",\"@graph\":[{\"@type\":\"WebPage\",\"@id\":\"https:\/\/compuviper.mx\/tienda\/producto\/brobotix-6006597-funda-de-uso-rudo-con-correa-y-giro-360-para-samsung-galaxy-a9-8-7-x110-x115-x117\/\",\"url\":\"https:\/\/compuviper.mx\/tienda\/producto\/brobotix-6006597-funda-de-uso-rudo-con-correa-y-giro-360-para-samsung-galaxy-a9-8-7-x110-x115-x117\/\",\"name\":\"[ Brobotix ] &#129351; 6006597 Funda De Uso Rudo Con Correa Y Giro 360\u00ba Para Samsung Galaxy A9 8.7 X110\/x115\/x117 \/\",\"isPartOf\":{\"@id\":\"https:\/\/compuviper.mx\/tienda\/#website\"},\"datePublished\":\"2026-04-10T05:09:37+00:00\",\"dateModified\":\"2026-04-10T05:09:37+00:00\",\"description\":\"Compra 6006597 Funda De Uso Rudo Con Correa Y Giro 360\u00ba Para Samsung Galaxy A9 8.7 X110\/x115\/x117 \/ + Env\u00edo a domicilio + Pago seguro + Garant\u00eda\",\"breadcrumb\":{\"@id\":\"https:\/\/compuviper.mx\/tienda\/producto\/brobotix-6006597-funda-de-uso-rudo-con-correa-y-giro-360-para-samsung-galaxy-a9-8-7-x110-x115-x117\/#breadcrumb\"},\"inLanguage\":\"es-MX\",\"potentialAction\":[{\"@type\":\"ReadAction\",\"target\":[\"https:\/\/compuviper.mx\/tienda\/producto\/brobotix-6006597-funda-de-uso-rudo-con-correa-y-giro-360-para-samsung-galaxy-a9-8-7-x110-x115-x117\/\"]}]},{\"@type\":\"BreadcrumbList\",\"@id\":\"https:\/\/compuviper.mx\/tienda\/producto\/brobotix-6006597-funda-de-uso-rudo-con-correa-y-giro-360-para-samsung-galaxy-a9-8-7-x110-x115-x117\/#breadcrumb\",\"itemListElement\":[{\"@type\":\"ListItem\",\"position\":1,\"name\":\"Inicio\",\"item\":\"https:\/\/compuviper.mx\/tienda\/\"},{\"@type\":\"ListItem\",\"position\":2,\"name\":\"Productos\",\"item\":\"https:\/\/compuviper.mx\/tienda\/productos\/\"},{\"@type\":\"ListItem\",\"position\":3,\"name\":\"Fundas\",\"item\":\"https:\/\/compuviper.mx\/tienda\/categoria-producto\/fundas\/\"},{\"@type\":\"ListItem\",\"position\":4,\"name\":\"Tablet\",\"item\":\"https:\/\/compuviper.mx\/tienda\/categoria-producto\/fundas\/tablet\/\"},{\"@type\":\"ListItem\",\"position\":5,\"name\":\"Brobotix 6006597 Funda De Uso Rudo Con Correa Y Giro 360? Para Samsung Galaxy A9 8.7 X110\/x115\/x117 \/\"}]},{\"@type\":\"WebSite\",\"@id\":\"https:\/\/compuviper.mx\/tienda\/#website\",\"url\":\"https:\/\/compuviper.mx\/tienda\/\",\"name\":\"Compuviper\",\"description\":\"Proveedor de Computadoras, Laptops, Servidores, Monitores, Puntos de Venta, Teclados,   Impresoras, T\u00f3ner, C\u00e1maras de Seguridad y m\u00e1s en tu tienda en l\u00ednea\",\"publisher\":{\"@id\":\"https:\/\/compuviper.mx\/tienda\/#organization\"},\"potentialAction\":[{\"@type\":\"SearchAction\",\"target\":{\"@type\":\"EntryPoint\",\"urlTemplate\":\"https:\/\/compuviper.mx\/tienda\/?s={search_term_string}\"},\"query-input\":\"required name=search_term_string\"}],\"inLanguage\":\"es-MX\"},{\"@type\":\"Organization\",\"@id\":\"https:\/\/compuviper.mx\/tienda\/#organization\",\"name\":\"Compuviper\",\"url\":\"https:\/\/compuviper.mx\/tienda\/\",\"logo\":{\"@type\":\"ImageObject\",\"inLanguage\":\"es-MX\",\"@id\":\"https:\/\/compuviper.mx\/tienda\/#\/schema\/logo\/image\/\",\"url\":\"https:\/\/compuviper.mx\/tienda\/wp-content\/uploads\/2021\/08\/Logo-Compuviper-10.png\",\"contentUrl\":\"https:\/\/compuviper.mx\/tienda\/wp-content\/uploads\/2021\/08\/Logo-Compuviper-10.png\",\"width\":1000,\"height\":500,\"caption\":\"Compuviper\"},\"image\":{\"@id\":\"https:\/\/compuviper.mx\/tienda\/#\/schema\/logo\/image\/\"},\"sameAs\":[\"https:\/\/www.facebook.com\/compuviper\",\"https:\/\/www.youtube.com\/channel\/UCf73dERp9Y3cfOq7q8BhLjA?view_as=subscriber\"]}]}<\/script>\n<meta property=\"product:brand\" content=\"Brobotix\" \/>\n<meta property=\"product:price:amount\" content=\"379\" \/>\n<meta property=\"product:price:currency\" content=\"MXN\" \/>\n<meta property=\"og:availability\" content=\"out of stock\" \/>\n<meta property=\"product:availability\" content=\"out of stock\" \/>\n<meta property=\"product:retailer_item_id\" content=\"6006597\" \/>\n<meta property=\"product:condition\" content=\"new\" \/>\n<!-- \/ Yoast SEO plugin. -->","yoast_head_json":{"title":"[ Brobotix ] &#129351; 6006597 Funda De Uso Rudo Con Correa Y Giro 360\u00ba Para Samsung Galaxy A9 8.7 X110\/x115\/x117 \/","description":"Compra 6006597 Funda De Uso Rudo Con Correa Y Giro 360\u00ba Para Samsung Galaxy A9 8.7 X110\/x115\/x117 \/ + Env\u00edo a domicilio + Pago seguro + Garant\u00eda","robots":{"index":"index","follow":"follow","max-snippet":"max-snippet:-1","max-image-preview":"max-image-preview:large","max-video-preview":"max-video-preview:-1"},"canonical":"https:\/\/compuviper.mx\/tienda\/producto\/brobotix-6006597-funda-de-uso-rudo-con-correa-y-giro-360-para-samsung-galaxy-a9-8-7-x110-x115-x117\/","og_locale":"es_MX","og_type":"article","og_title":"[ Brobotix ] &#129351; 6006597 Funda De Uso Rudo Con Correa Y Giro 360\u00ba Para Samsung Galaxy A9 8.7 X110\/x115\/x117 \/","og_description":"Compra 6006597 Funda De Uso Rudo Con Correa Y Giro 360\u00ba Para Samsung Galaxy A9 8.7 X110\/x115\/x117 \/ + Env\u00edo a domicilio + Pago seguro + Garant\u00eda","og_url":"https:\/\/compuviper.mx\/tienda\/producto\/brobotix-6006597-funda-de-uso-rudo-con-correa-y-giro-360-para-samsung-galaxy-a9-8-7-x110-x115-x117\/","og_site_name":"Compuviper","article_publisher":"https:\/\/www.facebook.com\/compuviper","og_image":[{"width":200,"height":200,"url":"https:\/\/compuviper.mx\/tienda\/wp-content\/uploads\/2025\/10\/Funda-brobotix-de-uso-rudo-con-correa-y-giro-360o-para-samsung-galaxy-a9-8.7-x110x115x117-6006597.jpg","type":"image\/jpeg"}],"twitter_card":"summary_large_image","twitter_misc":{"Precio":"&#36;379 con IVA","Availability":"Out of stock"},"schema":{"@context":"https:\/\/schema.org","@graph":[{"@type":"WebPage","@id":"https:\/\/compuviper.mx\/tienda\/producto\/brobotix-6006597-funda-de-uso-rudo-con-correa-y-giro-360-para-samsung-galaxy-a9-8-7-x110-x115-x117\/","url":"https:\/\/compuviper.mx\/tienda\/producto\/brobotix-6006597-funda-de-uso-rudo-con-correa-y-giro-360-para-samsung-galaxy-a9-8-7-x110-x115-x117\/","name":"[ Brobotix ] &#129351; 6006597 Funda De Uso Rudo Con Correa Y Giro 360\u00ba Para Samsung Galaxy A9 8.7 X110\/x115\/x117 \/","isPartOf":{"@id":"https:\/\/compuviper.mx\/tienda\/#website"},"datePublished":"2026-04-10T05:09:37+00:00","dateModified":"2026-04-10T05:09:37+00:00","description":"Compra 6006597 Funda De Uso Rudo Con Correa Y Giro 360\u00ba Para Samsung Galaxy A9 8.7 X110\/x115\/x117 \/ + Env\u00edo a domicilio + Pago seguro + Garant\u00eda","breadcrumb":{"@id":"https:\/\/compuviper.mx\/tienda\/producto\/brobotix-6006597-funda-de-uso-rudo-con-correa-y-giro-360-para-samsung-galaxy-a9-8-7-x110-x115-x117\/#breadcrumb"},"inLanguage":"es-MX","potentialAction":[{"@type":"ReadAction","target":["https:\/\/compuviper.mx\/tienda\/producto\/brobotix-6006597-funda-de-uso-rudo-con-correa-y-giro-360-para-samsung-galaxy-a9-8-7-x110-x115-x117\/"]}]},{"@type":"BreadcrumbList","@id":"https:\/\/compuviper.mx\/tienda\/producto\/brobotix-6006597-funda-de-uso-rudo-con-correa-y-giro-360-para-samsung-galaxy-a9-8-7-x110-x115-x117\/#breadcrumb","itemListElement":[{"@type":"ListItem","position":1,"name":"Inicio","item":"https:\/\/compuviper.mx\/tienda\/"},{"@type":"ListItem","position":2,"name":"Productos","item":"https:\/\/compuviper.mx\/tienda\/productos\/"},{"@type":"ListItem","position":3,"name":"Fundas","item":"https:\/\/compuviper.mx\/tienda\/categoria-producto\/fundas\/"},{"@type":"ListItem","position":4,"name":"Tablet","item":"https:\/\/compuviper.mx\/tienda\/categoria-producto\/fundas\/tablet\/"},{"@type":"ListItem","position":5,"name":"Brobotix 6006597 Funda De Uso Rudo Con Correa Y Giro 360? Para Samsung Galaxy A9 8.7 X110\/x115\/x117 \/"}]},{"@type":"WebSite","@id":"https:\/\/compuviper.mx\/tienda\/#website","url":"https:\/\/compuviper.mx\/tienda\/","name":"Compuviper","description":"Proveedor de Computadoras, Laptops, Servidores, Monitores, Puntos de Venta, Teclados,   Impresoras, T\u00f3ner, C\u00e1maras de Seguridad y m\u00e1s en tu tienda en l\u00ednea","publisher":{"@id":"https:\/\/compuviper.mx\/tienda\/#organization"},"potentialAction":[{"@type":"SearchAction","target":{"@type":"EntryPoint","urlTemplate":"https:\/\/compuviper.mx\/tienda\/?s={search_term_string}"},"query-input":"required name=search_term_string"}],"inLanguage":"es-MX"},{"@type":"Organization","@id":"https:\/\/compuviper.mx\/tienda\/#organization","name":"Compuviper","url":"https:\/\/compuviper.mx\/tienda\/","logo":{"@type":"ImageObject","inLanguage":"es-MX","@id":"https:\/\/compuviper.mx\/tienda\/#\/schema\/logo\/image\/","url":"https:\/\/compuviper.mx\/tienda\/wp-content\/uploads\/2021\/08\/Logo-Compuviper-10.png","contentUrl":"https:\/\/compuviper.mx\/tienda\/wp-content\/uploads\/2021\/08\/Logo-Compuviper-10.png","width":1000,"height":500,"caption":"Compuviper"},"image":{"@id":"https:\/\/compuviper.mx\/tienda\/#\/schema\/logo\/image\/"},"sameAs":["https:\/\/www.facebook.com\/compuviper","https:\/\/www.youtube.com\/channel\/UCf73dERp9Y3cfOq7q8BhLjA?view_as=subscriber"]}]},"product_brand":"Brobotix","product_price_amount":"379","product_price_currency":"MXN","og_availability":"out of stock","product_availability":"out of stock","product_retailer_item_id":"6006597","product_condition":"new"},"_links":{"self":[{"href":"https:\/\/compuviper.mx\/tienda\/wp-json\/wp\/v2\/product\/253780"}],"collection":[{"href":"https:\/\/compuviper.mx\/tienda\/wp-json\/wp\/v2\/product"}],"about":[{"href":"https:\/\/compuviper.mx\/tienda\/wp-json\/wp\/v2\/types\/product"}],"replies":[{"embeddable":true,"href":"https:\/\/compuviper.mx\/tienda\/wp-json\/wp\/v2\/comments?post=253780"}],"wp:featuredmedia":[{"embeddable":true,"href":"https:\/\/compuviper.mx\/tienda\/wp-json\/wp\/v2\/media\/258625"}],"wp:attachment":[{"href":"https:\/\/compuviper.mx\/tienda\/wp-json\/wp\/v2\/media?parent=253780"}],"wp:term":[{"taxonomy":"product_cat","embeddable":true,"href":"https:\/\/compuviper.mx\/tienda\/wp-json\/wp\/v2\/product_cat?post=253780"},{"taxonomy":"product_tag","embeddable":true,"href":"https:\/\/compuviper.mx\/tienda\/wp-json\/wp\/v2\/product_tag?post=253780"}],"curies":[{"name":"wp","href":"https:\/\/api.w.org\/{rel}","templated":true}]}}