{"id":253742,"date":"2026-04-23T00:15:41","date_gmt":"2026-04-23T06:15:41","guid":{"rendered":"https:\/\/compuviper.mx\/tienda\/producto\/dahua-ipc-wpt1539dd-sw-5e2-pv-camara-ip-pt-wifi-dual-de-10-mp-2-lentes-de-5-mp-c-ufijo-y-pt-iluminador-dual-inteligente-ir-de-50m-microfono-y-altavoz-integradosiaautotracking-disuacion-a\/"},"modified":"2026-04-23T00:15:41","modified_gmt":"2026-04-23T06:15:41","slug":"dahua-ipc-wpt1539dd-sw-5e2-pv-camara-ip-pt-wifi-dual-de-10-mp-2-lentes-de-5-mp-c-ufijo-y-pt-iluminador-dual-inteligente-ir-de-50m-microfono-y-altavoz-integradosiaautotracking-disuacion-a","status":"publish","type":"product","link":"https:\/\/compuviper.mx\/tienda\/producto\/dahua-ipc-wpt1539dd-sw-5e2-pv-camara-ip-pt-wifi-dual-de-10-mp-2-lentes-de-5-mp-c-ufijo-y-pt-iluminador-dual-inteligente-ir-de-50m-microfono-y-altavoz-integradosiaautotracking-disuacion-a\/","title":{"rendered":"Dahua Ipc-wpt1539dd-sw-5e2-pv Camara Ip\/ \/ \/ Pt Wifi Dual De 10 Mp, 2 Lentes De 5 Mp C\/u(fijo Y Pt), Iluminador Dual Inteligente\/ Ir De 50m, Microfono Y Altavoz Integrados,ia,autotracking, Disuacion Ac"},"content":{"rendered":"<table class=\"descripcion\">\n<tr>\n<td>Caracteristicas principales<\/td>\n<\/tr>\n<tr>\n<td>\u0095 doble 3k: imagenes claras con detalles nitidos.<\/td>\n<\/tr>\n<tr>\n<td>\u0095 canal dual inteligente deteccion: deteccion inteligente de ambas lentes para centrarse en lo que importa.<\/td>\n<\/tr>\n<tr>\n<td>\u0095 alarma de luz y sonido: proporciona alarmas instantaneas para disuadir a los intrusos.<\/td>\n<\/tr>\n<tr>\n<td>\u0095 doble lente, doble vision: una camara, doble proteccion.<\/td>\n<\/tr>\n<tr>\n<td>\u0095 deteccion humana por ia: se centra en lo que importa y reduce las falsas alarmas.<\/td>\n<\/tr>\n<tr>\n<td>\u0095 h.265: tecnologia avanzada de compresion h.265.<\/td>\n<\/tr>\n<tr>\n<td>\u0095 luz dual inteligente: captura detalles de color para su revision posterior al evento.<\/td>\n<\/tr>\n<tr>\n<td>Especificaciones tecnicas<\/td>\n<\/tr>\n<tr>\n<td>\u0095 lente fija longitud focal: 2.8 mm<\/td>\n<\/tr>\n<tr>\n<td>\u0095 lente pt longitud focal: 6.0 mm<\/td>\n<\/tr>\n<tr>\n<td>\u0095 fuente de alimentacion: 12 vdc<\/td>\n<\/tr>\n<tr>\n<td>\u0095 consumo de energia: basic: 2.6 w max.: 10.6 w<\/td>\n<\/tr>\n<tr>\n<td>\u0095 temperatura de operacion: \u009620 \u00b0c to +50 \u00b0c<\/td>\n<\/tr>\n<tr>\n<td>\u0095 humedad de operacion:  and #8804;95% (rh), sin condensacion<\/td>\n<\/tr>\n<tr>\n<td>\u0095 material de la caja: plastico<\/td>\n<\/tr>\n<tr>\n<td>\u0095 dimensiones de producto: 159.4 mm \u00d7 119.1 mm \u00d7 210 mm<\/td>\n<\/tr>\n<tr>\n<td>\u0095 peso neto: 585 g<\/td>\n<\/tr>\n<tr>\n<td>\u0095 dori lente fijo: d: 61.6 m; o: 24.6 m; r: 12.3 m; i: 6.2 m (d: 202.10 ft; o: 80.71 ft; r: 40.35 ft; i: 20.34 ft)<\/td>\n<\/tr>\n<tr>\n<td>\u0095 dori lente pt: d: 124.0 m; o: 49.6 m; r: 24.8 m; i: 12.4 m (d: 406.8 ft; o: 162.73 ft; r: 81.36 ft; i: 40.68 ft)<\/td>\n<\/tr>\n<\/table>\n","protected":false},"excerpt":{"rendered":"<p>Informacion general. Dahua dh-ipc-wpt1539dd-sw-5e2-pv es una camara de videovigilancia ip dual dise\u00f1ado para exteriores. Equipada con dos lentes de 5 megapixeles, incluye un lente fijo y otro pt, que permite un monitoreo mas completo y flexible. Su vision nocturna alcanza los 50 metros, proporcionando vigilancia continua en condiciones de poca luz. La camara incorpora funciones avanzadas de inteligencia artificial, que mejoran la precision en la deteccion de personas y objetos. Ademas, ofrece audio bidireccional con microfono y altavoz integrados, lo que permite una comunicacion efectiva en tiempo real. Es ideal para aplicaciones de seguridad en entornos exteriores. \/\/\/ nota: equipo no cuenta con web service. \/\/. Dori (detectar, observar, reconocer, identificar) es un sistema estandar para definir la capacidad de una persona que visualiza video para distinguir personas u objetos dentro de un area cubierta. Incluye. \u0095 x1 camara dh-ipc-wpt1539dd-sw-5e2-pv. \u0095 x2 manual de usuario. \u0095 x1 fuente de alimentacion. \u0095 x1 codigo qr. \u0095 x1 mapa de posicion. \u0095 x1 paquete conectores waterproof. \u0095 x1 paquete de tornillos<\/p>\n","protected":false},"featured_media":259437,"comment_status":"open","ping_status":"open","template":"","meta":[],"product_cat":[1608,1681],"product_tag":[1555],"acf":[],"yoast_head":"<!-- This site is optimized with the Yoast SEO plugin v21.7 - https:\/\/yoast.com\/wordpress\/plugins\/seo\/ -->\n<title>[ Dahua ] &#129351; Ipc-wpt1539dd-sw-5e2-pv Camara Ip\/ \/ \/ Pt Wifi Dual De 10 Mp, 2 Lentes De 5 Mp C\/u(fijo Y Pt), Iluminador Dual Inteligente\/ Ir De 50m, Microfono Y Altavoz Integrados,ia,autotracking, Disuacion Ac<\/title>\n<meta name=\"description\" content=\"Compra Ipc-wpt1539dd-sw-5e2-pv Camara Ip\/ \/ \/ Pt Wifi Dual De 10 Mp, 2 Lentes De 5 Mp C\/u(fijo Y Pt), Iluminador Dual Inteligente\/ Ir De 50m, Microfono Y Altavoz Integrados,ia,autotracking, Disuacion Ac + Env\u00edo a domicilio + Pago seguro + Garant\u00eda\" \/>\n<meta name=\"robots\" content=\"index, follow, max-snippet:-1, max-image-preview:large, max-video-preview:-1\" \/>\n<link rel=\"canonical\" href=\"https:\/\/compuviper.mx\/tienda\/producto\/dahua-ipc-wpt1539dd-sw-5e2-pv-camara-ip-pt-wifi-dual-de-10-mp-2-lentes-de-5-mp-c-ufijo-y-pt-iluminador-dual-inteligente-ir-de-50m-microfono-y-altavoz-integradosiaautotracking-disuacion-a\/\" \/>\n<meta property=\"og:locale\" content=\"es_MX\" \/>\n<meta property=\"og:type\" content=\"article\" \/>\n<meta property=\"og:title\" content=\"[ Dahua ] &#129351; Ipc-wpt1539dd-sw-5e2-pv Camara Ip\/ \/ \/ Pt Wifi Dual De 10 Mp, 2 Lentes De 5 Mp C\/u(fijo Y Pt), Iluminador Dual Inteligente\/ Ir De 50m, Microfono Y Altavoz Integrados,ia,autotracking, Disuacion Ac\" \/>\n<meta property=\"og:description\" content=\"Compra Ipc-wpt1539dd-sw-5e2-pv Camara Ip\/ \/ \/ Pt Wifi Dual De 10 Mp, 2 Lentes De 5 Mp C\/u(fijo Y Pt), Iluminador Dual Inteligente\/ Ir De 50m, Microfono Y Altavoz Integrados,ia,autotracking, Disuacion Ac + Env\u00edo a domicilio + Pago seguro + Garant\u00eda\" \/>\n<meta property=\"og:url\" content=\"https:\/\/compuviper.mx\/tienda\/producto\/dahua-ipc-wpt1539dd-sw-5e2-pv-camara-ip-pt-wifi-dual-de-10-mp-2-lentes-de-5-mp-c-ufijo-y-pt-iluminador-dual-inteligente-ir-de-50m-microfono-y-altavoz-integradosiaautotracking-disuacion-a\/\" \/>\n<meta property=\"og:site_name\" content=\"Compuviper\" \/>\n<meta property=\"article:publisher\" content=\"https:\/\/www.facebook.com\/compuviper\" \/>\n<meta property=\"og:image\" content=\"https:\/\/compuviper.mx\/tienda\/wp-content\/uploads\/2025\/10\/Camara-ip-dahua-ipc-wpt1539dd-sw-5e2-pv-pt-wifi-dual-de-10-mp-2-lentes-de-5-mp-cufijo-y-pt-iluminador-dual-inteligente-ir-de-50m-microfono-y-altavoz-integradosiaautotracking-disuacion-ac.jpg\" \/>\n\t<meta property=\"og:image:width\" content=\"200\" \/>\n\t<meta property=\"og:image:height\" content=\"200\" \/>\n\t<meta property=\"og:image:type\" content=\"image\/jpeg\" \/>\n<meta name=\"twitter:card\" content=\"summary_large_image\" \/>\n<meta name=\"twitter:label1\" content=\"Precio\" \/>\n\t<meta name=\"twitter:data1\" content=\"&#36;1,097 con IVA\" \/>\n\t<meta name=\"twitter:label2\" content=\"Availability\" \/>\n\t<meta name=\"twitter:data2\" content=\"In stock\" \/>\n<script type=\"application\/ld+json\" class=\"yoast-schema-graph\">{\"@context\":\"https:\/\/schema.org\",\"@graph\":[{\"@type\":\"WebPage\",\"@id\":\"https:\/\/compuviper.mx\/tienda\/producto\/dahua-ipc-wpt1539dd-sw-5e2-pv-camara-ip-pt-wifi-dual-de-10-mp-2-lentes-de-5-mp-c-ufijo-y-pt-iluminador-dual-inteligente-ir-de-50m-microfono-y-altavoz-integradosiaautotracking-disuacion-a\/\",\"url\":\"https:\/\/compuviper.mx\/tienda\/producto\/dahua-ipc-wpt1539dd-sw-5e2-pv-camara-ip-pt-wifi-dual-de-10-mp-2-lentes-de-5-mp-c-ufijo-y-pt-iluminador-dual-inteligente-ir-de-50m-microfono-y-altavoz-integradosiaautotracking-disuacion-a\/\",\"name\":\"[ Dahua ] &#129351; Ipc-wpt1539dd-sw-5e2-pv Camara Ip\/ \/ \/ Pt Wifi Dual De 10 Mp, 2 Lentes De 5 Mp C\/u(fijo Y Pt), Iluminador Dual Inteligente\/ Ir De 50m, Microfono Y Altavoz Integrados,ia,autotracking, Disuacion Ac\",\"isPartOf\":{\"@id\":\"https:\/\/compuviper.mx\/tienda\/#website\"},\"datePublished\":\"2026-04-23T06:15:41+00:00\",\"dateModified\":\"2026-04-23T06:15:41+00:00\",\"description\":\"Compra Ipc-wpt1539dd-sw-5e2-pv Camara Ip\/ \/ \/ Pt Wifi Dual De 10 Mp, 2 Lentes De 5 Mp C\/u(fijo Y Pt), Iluminador Dual Inteligente\/ Ir De 50m, Microfono Y Altavoz Integrados,ia,autotracking, Disuacion Ac + Env\u00edo a domicilio + Pago seguro + Garant\u00eda\",\"breadcrumb\":{\"@id\":\"https:\/\/compuviper.mx\/tienda\/producto\/dahua-ipc-wpt1539dd-sw-5e2-pv-camara-ip-pt-wifi-dual-de-10-mp-2-lentes-de-5-mp-c-ufijo-y-pt-iluminador-dual-inteligente-ir-de-50m-microfono-y-altavoz-integradosiaautotracking-disuacion-a\/#breadcrumb\"},\"inLanguage\":\"es-MX\",\"potentialAction\":[{\"@type\":\"ReadAction\",\"target\":[\"https:\/\/compuviper.mx\/tienda\/producto\/dahua-ipc-wpt1539dd-sw-5e2-pv-camara-ip-pt-wifi-dual-de-10-mp-2-lentes-de-5-mp-c-ufijo-y-pt-iluminador-dual-inteligente-ir-de-50m-microfono-y-altavoz-integradosiaautotracking-disuacion-a\/\"]}]},{\"@type\":\"BreadcrumbList\",\"@id\":\"https:\/\/compuviper.mx\/tienda\/producto\/dahua-ipc-wpt1539dd-sw-5e2-pv-camara-ip-pt-wifi-dual-de-10-mp-2-lentes-de-5-mp-c-ufijo-y-pt-iluminador-dual-inteligente-ir-de-50m-microfono-y-altavoz-integradosiaautotracking-disuacion-a\/#breadcrumb\",\"itemListElement\":[{\"@type\":\"ListItem\",\"position\":1,\"name\":\"Inicio\",\"item\":\"https:\/\/compuviper.mx\/tienda\/\"},{\"@type\":\"ListItem\",\"position\":2,\"name\":\"Productos\",\"item\":\"https:\/\/compuviper.mx\/tienda\/productos\/\"},{\"@type\":\"ListItem\",\"position\":3,\"name\":\"Camaras\",\"item\":\"https:\/\/compuviper.mx\/tienda\/categoria-producto\/camaras-2\/\"},{\"@type\":\"ListItem\",\"position\":4,\"name\":\"Camara De Videovigilancia\",\"item\":\"https:\/\/compuviper.mx\/tienda\/categoria-producto\/camaras-2\/camara-de-videovigilancia\/\"},{\"@type\":\"ListItem\",\"position\":5,\"name\":\"Dahua Ipc-wpt1539dd-sw-5e2-pv Camara Ip\/ \/ \/ Pt Wifi Dual De 10 Mp, 2 Lentes De 5 Mp C\/u(fijo Y Pt), Iluminador Dual Inteligente\/ Ir De 50m, Microfono Y Altavoz Integrados,ia,autotracking, Disuacion Ac\"}]},{\"@type\":\"WebSite\",\"@id\":\"https:\/\/compuviper.mx\/tienda\/#website\",\"url\":\"https:\/\/compuviper.mx\/tienda\/\",\"name\":\"Compuviper\",\"description\":\"Proveedor de Computadoras, Laptops, Servidores, Monitores, Puntos de Venta, Teclados,   Impresoras, T\u00f3ner, C\u00e1maras de Seguridad y m\u00e1s en tu tienda en l\u00ednea\",\"publisher\":{\"@id\":\"https:\/\/compuviper.mx\/tienda\/#organization\"},\"potentialAction\":[{\"@type\":\"SearchAction\",\"target\":{\"@type\":\"EntryPoint\",\"urlTemplate\":\"https:\/\/compuviper.mx\/tienda\/?s={search_term_string}\"},\"query-input\":\"required name=search_term_string\"}],\"inLanguage\":\"es-MX\"},{\"@type\":\"Organization\",\"@id\":\"https:\/\/compuviper.mx\/tienda\/#organization\",\"name\":\"Compuviper\",\"url\":\"https:\/\/compuviper.mx\/tienda\/\",\"logo\":{\"@type\":\"ImageObject\",\"inLanguage\":\"es-MX\",\"@id\":\"https:\/\/compuviper.mx\/tienda\/#\/schema\/logo\/image\/\",\"url\":\"https:\/\/compuviper.mx\/tienda\/wp-content\/uploads\/2021\/08\/Logo-Compuviper-10.png\",\"contentUrl\":\"https:\/\/compuviper.mx\/tienda\/wp-content\/uploads\/2021\/08\/Logo-Compuviper-10.png\",\"width\":1000,\"height\":500,\"caption\":\"Compuviper\"},\"image\":{\"@id\":\"https:\/\/compuviper.mx\/tienda\/#\/schema\/logo\/image\/\"},\"sameAs\":[\"https:\/\/www.facebook.com\/compuviper\",\"https:\/\/www.youtube.com\/channel\/UCf73dERp9Y3cfOq7q8BhLjA?view_as=subscriber\"]}]}<\/script>\n<meta property=\"product:brand\" content=\"DAHUA\" \/>\n<meta property=\"product:price:amount\" content=\"1097\" \/>\n<meta property=\"product:price:currency\" content=\"MXN\" \/>\n<meta property=\"og:availability\" content=\"instock\" \/>\n<meta property=\"product:availability\" content=\"instock\" \/>\n<meta property=\"product:retailer_item_id\" content=\"IPC-WPT1539DD-SW-5E2-PV\" \/>\n<meta property=\"product:condition\" content=\"new\" \/>\n<!-- \/ Yoast SEO plugin. -->","yoast_head_json":{"title":"[ Dahua ] &#129351; Ipc-wpt1539dd-sw-5e2-pv Camara Ip\/ \/ \/ Pt Wifi Dual De 10 Mp, 2 Lentes De 5 Mp C\/u(fijo Y Pt), Iluminador Dual Inteligente\/ Ir De 50m, Microfono Y Altavoz Integrados,ia,autotracking, Disuacion Ac","description":"Compra Ipc-wpt1539dd-sw-5e2-pv Camara Ip\/ \/ \/ Pt Wifi Dual De 10 Mp, 2 Lentes De 5 Mp C\/u(fijo Y Pt), Iluminador Dual Inteligente\/ Ir De 50m, Microfono Y Altavoz Integrados,ia,autotracking, Disuacion Ac + Env\u00edo a domicilio + Pago seguro + Garant\u00eda","robots":{"index":"index","follow":"follow","max-snippet":"max-snippet:-1","max-image-preview":"max-image-preview:large","max-video-preview":"max-video-preview:-1"},"canonical":"https:\/\/compuviper.mx\/tienda\/producto\/dahua-ipc-wpt1539dd-sw-5e2-pv-camara-ip-pt-wifi-dual-de-10-mp-2-lentes-de-5-mp-c-ufijo-y-pt-iluminador-dual-inteligente-ir-de-50m-microfono-y-altavoz-integradosiaautotracking-disuacion-a\/","og_locale":"es_MX","og_type":"article","og_title":"[ Dahua ] &#129351; Ipc-wpt1539dd-sw-5e2-pv Camara Ip\/ \/ \/ Pt Wifi Dual De 10 Mp, 2 Lentes De 5 Mp C\/u(fijo Y Pt), Iluminador Dual Inteligente\/ Ir De 50m, Microfono Y Altavoz Integrados,ia,autotracking, Disuacion Ac","og_description":"Compra Ipc-wpt1539dd-sw-5e2-pv Camara Ip\/ \/ \/ Pt Wifi Dual De 10 Mp, 2 Lentes De 5 Mp C\/u(fijo Y Pt), Iluminador Dual Inteligente\/ Ir De 50m, Microfono Y Altavoz Integrados,ia,autotracking, Disuacion Ac + Env\u00edo a domicilio + Pago seguro + Garant\u00eda","og_url":"https:\/\/compuviper.mx\/tienda\/producto\/dahua-ipc-wpt1539dd-sw-5e2-pv-camara-ip-pt-wifi-dual-de-10-mp-2-lentes-de-5-mp-c-ufijo-y-pt-iluminador-dual-inteligente-ir-de-50m-microfono-y-altavoz-integradosiaautotracking-disuacion-a\/","og_site_name":"Compuviper","article_publisher":"https:\/\/www.facebook.com\/compuviper","og_image":[{"width":200,"height":200,"url":"https:\/\/compuviper.mx\/tienda\/wp-content\/uploads\/2025\/10\/Camara-ip-dahua-ipc-wpt1539dd-sw-5e2-pv-pt-wifi-dual-de-10-mp-2-lentes-de-5-mp-cufijo-y-pt-iluminador-dual-inteligente-ir-de-50m-microfono-y-altavoz-integradosiaautotracking-disuacion-ac.jpg","type":"image\/jpeg"}],"twitter_card":"summary_large_image","twitter_misc":{"Precio":"&#36;1,097 con IVA","Availability":"In stock"},"schema":{"@context":"https:\/\/schema.org","@graph":[{"@type":"WebPage","@id":"https:\/\/compuviper.mx\/tienda\/producto\/dahua-ipc-wpt1539dd-sw-5e2-pv-camara-ip-pt-wifi-dual-de-10-mp-2-lentes-de-5-mp-c-ufijo-y-pt-iluminador-dual-inteligente-ir-de-50m-microfono-y-altavoz-integradosiaautotracking-disuacion-a\/","url":"https:\/\/compuviper.mx\/tienda\/producto\/dahua-ipc-wpt1539dd-sw-5e2-pv-camara-ip-pt-wifi-dual-de-10-mp-2-lentes-de-5-mp-c-ufijo-y-pt-iluminador-dual-inteligente-ir-de-50m-microfono-y-altavoz-integradosiaautotracking-disuacion-a\/","name":"[ Dahua ] &#129351; Ipc-wpt1539dd-sw-5e2-pv Camara Ip\/ \/ \/ Pt Wifi Dual De 10 Mp, 2 Lentes De 5 Mp C\/u(fijo Y Pt), Iluminador Dual Inteligente\/ Ir De 50m, Microfono Y Altavoz Integrados,ia,autotracking, Disuacion Ac","isPartOf":{"@id":"https:\/\/compuviper.mx\/tienda\/#website"},"datePublished":"2026-04-23T06:15:41+00:00","dateModified":"2026-04-23T06:15:41+00:00","description":"Compra Ipc-wpt1539dd-sw-5e2-pv Camara Ip\/ \/ \/ Pt Wifi Dual De 10 Mp, 2 Lentes De 5 Mp C\/u(fijo Y Pt), Iluminador Dual Inteligente\/ Ir De 50m, Microfono Y Altavoz Integrados,ia,autotracking, Disuacion Ac + Env\u00edo a domicilio + Pago seguro + Garant\u00eda","breadcrumb":{"@id":"https:\/\/compuviper.mx\/tienda\/producto\/dahua-ipc-wpt1539dd-sw-5e2-pv-camara-ip-pt-wifi-dual-de-10-mp-2-lentes-de-5-mp-c-ufijo-y-pt-iluminador-dual-inteligente-ir-de-50m-microfono-y-altavoz-integradosiaautotracking-disuacion-a\/#breadcrumb"},"inLanguage":"es-MX","potentialAction":[{"@type":"ReadAction","target":["https:\/\/compuviper.mx\/tienda\/producto\/dahua-ipc-wpt1539dd-sw-5e2-pv-camara-ip-pt-wifi-dual-de-10-mp-2-lentes-de-5-mp-c-ufijo-y-pt-iluminador-dual-inteligente-ir-de-50m-microfono-y-altavoz-integradosiaautotracking-disuacion-a\/"]}]},{"@type":"BreadcrumbList","@id":"https:\/\/compuviper.mx\/tienda\/producto\/dahua-ipc-wpt1539dd-sw-5e2-pv-camara-ip-pt-wifi-dual-de-10-mp-2-lentes-de-5-mp-c-ufijo-y-pt-iluminador-dual-inteligente-ir-de-50m-microfono-y-altavoz-integradosiaautotracking-disuacion-a\/#breadcrumb","itemListElement":[{"@type":"ListItem","position":1,"name":"Inicio","item":"https:\/\/compuviper.mx\/tienda\/"},{"@type":"ListItem","position":2,"name":"Productos","item":"https:\/\/compuviper.mx\/tienda\/productos\/"},{"@type":"ListItem","position":3,"name":"Camaras","item":"https:\/\/compuviper.mx\/tienda\/categoria-producto\/camaras-2\/"},{"@type":"ListItem","position":4,"name":"Camara De Videovigilancia","item":"https:\/\/compuviper.mx\/tienda\/categoria-producto\/camaras-2\/camara-de-videovigilancia\/"},{"@type":"ListItem","position":5,"name":"Dahua Ipc-wpt1539dd-sw-5e2-pv Camara Ip\/ \/ \/ Pt Wifi Dual De 10 Mp, 2 Lentes De 5 Mp C\/u(fijo Y Pt), Iluminador Dual Inteligente\/ Ir De 50m, Microfono Y Altavoz Integrados,ia,autotracking, Disuacion Ac"}]},{"@type":"WebSite","@id":"https:\/\/compuviper.mx\/tienda\/#website","url":"https:\/\/compuviper.mx\/tienda\/","name":"Compuviper","description":"Proveedor de Computadoras, Laptops, Servidores, Monitores, Puntos de Venta, Teclados,   Impresoras, T\u00f3ner, C\u00e1maras de Seguridad y m\u00e1s en tu tienda en l\u00ednea","publisher":{"@id":"https:\/\/compuviper.mx\/tienda\/#organization"},"potentialAction":[{"@type":"SearchAction","target":{"@type":"EntryPoint","urlTemplate":"https:\/\/compuviper.mx\/tienda\/?s={search_term_string}"},"query-input":"required name=search_term_string"}],"inLanguage":"es-MX"},{"@type":"Organization","@id":"https:\/\/compuviper.mx\/tienda\/#organization","name":"Compuviper","url":"https:\/\/compuviper.mx\/tienda\/","logo":{"@type":"ImageObject","inLanguage":"es-MX","@id":"https:\/\/compuviper.mx\/tienda\/#\/schema\/logo\/image\/","url":"https:\/\/compuviper.mx\/tienda\/wp-content\/uploads\/2021\/08\/Logo-Compuviper-10.png","contentUrl":"https:\/\/compuviper.mx\/tienda\/wp-content\/uploads\/2021\/08\/Logo-Compuviper-10.png","width":1000,"height":500,"caption":"Compuviper"},"image":{"@id":"https:\/\/compuviper.mx\/tienda\/#\/schema\/logo\/image\/"},"sameAs":["https:\/\/www.facebook.com\/compuviper","https:\/\/www.youtube.com\/channel\/UCf73dERp9Y3cfOq7q8BhLjA?view_as=subscriber"]}]},"product_brand":"DAHUA","product_price_amount":"1097","product_price_currency":"MXN","og_availability":"instock","product_availability":"instock","product_retailer_item_id":"IPC-WPT1539DD-SW-5E2-PV","product_condition":"new"},"_links":{"self":[{"href":"https:\/\/compuviper.mx\/tienda\/wp-json\/wp\/v2\/product\/253742"}],"collection":[{"href":"https:\/\/compuviper.mx\/tienda\/wp-json\/wp\/v2\/product"}],"about":[{"href":"https:\/\/compuviper.mx\/tienda\/wp-json\/wp\/v2\/types\/product"}],"replies":[{"embeddable":true,"href":"https:\/\/compuviper.mx\/tienda\/wp-json\/wp\/v2\/comments?post=253742"}],"wp:featuredmedia":[{"embeddable":true,"href":"https:\/\/compuviper.mx\/tienda\/wp-json\/wp\/v2\/media\/259437"}],"wp:attachment":[{"href":"https:\/\/compuviper.mx\/tienda\/wp-json\/wp\/v2\/media?parent=253742"}],"wp:term":[{"taxonomy":"product_cat","embeddable":true,"href":"https:\/\/compuviper.mx\/tienda\/wp-json\/wp\/v2\/product_cat?post=253742"},{"taxonomy":"product_tag","embeddable":true,"href":"https:\/\/compuviper.mx\/tienda\/wp-json\/wp\/v2\/product_tag?post=253742"}],"curies":[{"name":"wp","href":"https:\/\/api.w.org\/{rel}","templated":true}]}}