{"id":253735,"date":"2026-04-16T00:11:09","date_gmt":"2026-04-16T06:11:09","guid":{"rendered":"https:\/\/compuviper.mx\/tienda\/producto\/balam-rush-br-941495-gabinete-gamer-tank-majestic-7600-media-torre-atx-micro-atx-mini-itx-ventiladores-argb-triple-panel-de-cristal-templado-negro\/"},"modified":"2026-04-16T00:11:09","modified_gmt":"2026-04-16T06:11:09","slug":"balam-rush-br-941495-gabinete-gamer-tank-majestic-7600-media-torre-atx-micro-atx-mini-itx-ventiladores-argb-triple-panel-de-cristal-templado-negro","status":"publish","type":"product","link":"https:\/\/compuviper.mx\/tienda\/producto\/balam-rush-br-941495-gabinete-gamer-tank-majestic-7600-media-torre-atx-micro-atx-mini-itx-ventiladores-argb-triple-panel-de-cristal-templado-negro\/","title":{"rendered":"Balam Rush Br-941495 Gabinete Gamer  Tank Majestic 7600 \/ Media Torre \/ Atx\/micro Atx- Mini Itx \/ Ventiladores Argb \/ Triple Panel De Cristal Templado \/ Negro \/"},"content":{"rendered":"<table class=\"descripcion\">\n<tr>\n<td>Informacion tecnica:<\/td>\n<\/tr>\n<tr>\n<td>Especificaciones<\/td>\n<\/tr>\n<tr>\n<td>\u0095 producto: gabinete gamer<\/td>\n<\/tr>\n<tr>\n<td>\u0095 modelo: br-941495<\/td>\n<\/tr>\n<tr>\n<td>\u0095 factor de forma: media torre<\/td>\n<\/tr>\n<tr>\n<td>\u0095 material:<\/td>\n<\/tr>\n<tr>\n<td> exterior: spcc + cristal templado<\/td>\n<\/tr>\n<tr>\n<td> panel izquierdo: cristal templado<\/td>\n<\/tr>\n<tr>\n<td> panel derecho: spcc<\/td>\n<\/tr>\n<tr>\n<td> panel frontal: cristal templado<\/td>\n<\/tr>\n<tr>\n<td> tipo de acero y grosor: 0.8 mm spcc<\/td>\n<\/tr>\n<tr>\n<td>\u0095 color: negro<\/td>\n<\/tr>\n<tr>\n<td>\u0095 dimensiones: 410 x 287 x 455 mm<\/td>\n<\/tr>\n<tr>\n<td>\u0095 soporte tarjeta madre:  atx \/ micro atx \/ itx<\/td>\n<\/tr>\n<tr>\n<td>\u0095 slot expandibles:  7<\/td>\n<\/tr>\n<tr>\n<td>Bah\u00edas para  3.5 hdd:  1<\/td>\n<\/tr>\n<tr>\n<td>Unidades: 2.5 sdd:  3<\/td>\n<\/tr>\n<tr>\n<td>\u0095 panel i\/o:<\/td>\n<\/tr>\n<tr>\n<td>Puertos usb: 1x tipo-c 3.1 + 1x usb 3.0 + 1x usb 2.0<\/td>\n<\/tr>\n<tr>\n<td>Audio: 1x jack 3.5 mm hd audio + micro<\/td>\n<\/tr>\n<tr>\n<td>\u0095 ventiladores:<\/td>\n<\/tr>\n<tr>\n<td>Trasero: 2 x 120 mm<\/td>\n<\/tr>\n<tr>\n<td>Inferior: 3 x 120 mm<\/td>\n<\/tr>\n<tr>\n<td>Otros: lateral  3 x 120 mm<\/td>\n<\/tr>\n<tr>\n<td>\u0095 ventiladores pre instalados:<\/td>\n<\/tr>\n<tr>\n<td>Trasero: 2 x 120 mm<\/td>\n<\/tr>\n<tr>\n<td>Otros: lateral  3 x 120 mm<\/td>\n<\/tr>\n<tr>\n<td>\u0095 informacion de ventiladores pre instalados<\/td>\n<\/tr>\n<tr>\n<td>Velocidad: 1200 rpm<\/td>\n<\/tr>\n<tr>\n<td>Flujo de aire: 36 cfm<\/td>\n<\/tr>\n<tr>\n<td>Presion de aire: 0.72 mm h2o<\/td>\n<\/tr>\n<tr>\n<td>Ruido: 20 db<\/td>\n<\/tr>\n<tr>\n<td>Tipo de iluminacion: argb<\/td>\n<\/tr>\n<tr>\n<td>Alimentacion: 5 v &#8211;<\/td>\n<\/tr>\n<tr>\n<td>Tipo de control: switch y sync  m\/b<\/td>\n<\/tr>\n<tr>\n<td>Otros: lateral  360 mm<\/td>\n<\/tr>\n<tr>\n<td>\u0095  radiador:<\/td>\n<\/tr>\n<tr>\n<td>Enfriamiento cpu torre: 165 mm<\/td>\n<\/tr>\n<tr>\n<td>\u0095 tolerancias<\/td>\n<\/tr>\n<tr>\n<td>Tarjetas graficas: 380 mm<\/td>\n<\/tr>\n<tr>\n<td>\u0095 cableado<\/td>\n<\/tr>\n<tr>\n<td>Detr\u00e1s de mb: 90 mm<\/td>\n<\/tr>\n<tr>\n<td>\u0095 fuente de poder<\/td>\n<\/tr>\n<tr>\n<td>Tipo:  atx<\/td>\n<\/tr>\n<tr>\n<td>Ubicaci\u00f3n: dual chamber<\/td>\n<\/tr>\n<tr>\n<td>\u0095 accesorios<\/td>\n<\/tr>\n<tr>\n<td>Kit de armado<\/td>\n<\/tr>\n<tr>\n<td>\u0095 bot\u00f3n de reset: si<\/td>\n<\/tr>\n<tr>\n<td>\u0095 bot\u00f3n de encendido: si<\/td>\n<\/tr>\n<tr>\n<td>\u0095 led hdd: si<\/td>\n<\/tr>\n<tr>\n<td>Informaci\u00f3n de empaque<\/td>\n<\/tr>\n<tr>\n<td>\u0095 ean-13: 7506215941495<\/td>\n<\/tr>\n<tr>\n<td>\u0095 medida empaque:  51.5 cm * 36.7 cm * 49.5 cm<\/td>\n<\/tr>\n<tr>\n<td>\u0095 peso: 11.88 kg<\/td>\n<\/tr>\n<\/table>\n","protected":false},"excerpt":{"rendered":"<p>Gabinete gamer balam rush tank majestic 7600 \/ media torre \/ atx\/micro atx- mini itx \/ ventiladores argb \/ triple panel de cristal templado \/ negro \/ br-941495<\/p>\n","protected":false},"featured_media":259290,"comment_status":"open","ping_status":"open","template":"","meta":[],"product_cat":[1674,1676],"product_tag":[2097],"acf":[],"yoast_head":"<!-- This site is optimized with the Yoast SEO plugin v21.7 - https:\/\/yoast.com\/wordpress\/plugins\/seo\/ -->\n<title>[ Balam Rush ] &#129351; Br-941495 Gabinete Gamer Tank Majestic 7600 \/ Media Torre \/ Atx\/micro Atx- Mini Itx \/ Ventiladores Argb \/ Triple Panel De Cristal Templado \/ Negro \/<\/title>\n<meta name=\"description\" content=\"Compra Br-941495 Gabinete Gamer Tank Majestic 7600 \/ Media Torre \/ Atx\/micro Atx- Mini Itx \/ Ventiladores Argb \/ Triple Panel De Cristal Templado \/ Negro \/ + Env\u00edo a domicilio + Pago seguro + Garant\u00eda\" \/>\n<meta name=\"robots\" content=\"index, follow, max-snippet:-1, max-image-preview:large, max-video-preview:-1\" \/>\n<link rel=\"canonical\" href=\"https:\/\/compuviper.mx\/tienda\/producto\/balam-rush-br-941495-gabinete-gamer-tank-majestic-7600-media-torre-atx-micro-atx-mini-itx-ventiladores-argb-triple-panel-de-cristal-templado-negro\/\" \/>\n<meta property=\"og:locale\" content=\"es_MX\" \/>\n<meta property=\"og:type\" content=\"article\" \/>\n<meta property=\"og:title\" content=\"[ Balam Rush ] &#129351; Br-941495 Gabinete Gamer Tank Majestic 7600 \/ Media Torre \/ Atx\/micro Atx- Mini Itx \/ Ventiladores Argb \/ Triple Panel De Cristal Templado \/ Negro \/\" \/>\n<meta property=\"og:description\" content=\"Compra Br-941495 Gabinete Gamer Tank Majestic 7600 \/ Media Torre \/ Atx\/micro Atx- Mini Itx \/ Ventiladores Argb \/ Triple Panel De Cristal Templado \/ Negro \/ + Env\u00edo a domicilio + Pago seguro + Garant\u00eda\" \/>\n<meta property=\"og:url\" content=\"https:\/\/compuviper.mx\/tienda\/producto\/balam-rush-br-941495-gabinete-gamer-tank-majestic-7600-media-torre-atx-micro-atx-mini-itx-ventiladores-argb-triple-panel-de-cristal-templado-negro\/\" \/>\n<meta property=\"og:site_name\" content=\"Compuviper\" \/>\n<meta property=\"article:publisher\" content=\"https:\/\/www.facebook.com\/compuviper\" \/>\n<meta property=\"og:image\" content=\"https:\/\/compuviper.mx\/tienda\/wp-content\/uploads\/2025\/10\/Gabinete-gamer-balam-rush-tank-majestic-7600-media-torre-atxmicro-atx-mini-itx-ventiladores-argb-triple-panel-de-cristal-templado-negro-br-941495.jpg\" \/>\n\t<meta property=\"og:image:width\" content=\"200\" \/>\n\t<meta property=\"og:image:height\" content=\"200\" \/>\n\t<meta property=\"og:image:type\" content=\"image\/jpeg\" \/>\n<meta name=\"twitter:card\" content=\"summary_large_image\" \/>\n<meta name=\"twitter:label1\" content=\"Precio\" \/>\n\t<meta name=\"twitter:data1\" content=\"&#36;2,346 &#36;1,994 con IVA\" \/>\n\t<meta name=\"twitter:label2\" content=\"Availability\" \/>\n\t<meta name=\"twitter:data2\" content=\"In stock\" \/>\n<script type=\"application\/ld+json\" class=\"yoast-schema-graph\">{\"@context\":\"https:\/\/schema.org\",\"@graph\":[{\"@type\":\"WebPage\",\"@id\":\"https:\/\/compuviper.mx\/tienda\/producto\/balam-rush-br-941495-gabinete-gamer-tank-majestic-7600-media-torre-atx-micro-atx-mini-itx-ventiladores-argb-triple-panel-de-cristal-templado-negro\/\",\"url\":\"https:\/\/compuviper.mx\/tienda\/producto\/balam-rush-br-941495-gabinete-gamer-tank-majestic-7600-media-torre-atx-micro-atx-mini-itx-ventiladores-argb-triple-panel-de-cristal-templado-negro\/\",\"name\":\"[ Balam Rush ] &#129351; Br-941495 Gabinete Gamer Tank Majestic 7600 \/ Media Torre \/ Atx\/micro Atx- Mini Itx \/ Ventiladores Argb \/ Triple Panel De Cristal Templado \/ Negro \/\",\"isPartOf\":{\"@id\":\"https:\/\/compuviper.mx\/tienda\/#website\"},\"datePublished\":\"2026-04-16T06:11:09+00:00\",\"dateModified\":\"2026-04-16T06:11:09+00:00\",\"description\":\"Compra Br-941495 Gabinete Gamer Tank Majestic 7600 \/ Media Torre \/ Atx\/micro Atx- Mini Itx \/ Ventiladores Argb \/ Triple Panel De Cristal Templado \/ Negro \/ + Env\u00edo a domicilio + Pago seguro + Garant\u00eda\",\"breadcrumb\":{\"@id\":\"https:\/\/compuviper.mx\/tienda\/producto\/balam-rush-br-941495-gabinete-gamer-tank-majestic-7600-media-torre-atx-micro-atx-mini-itx-ventiladores-argb-triple-panel-de-cristal-templado-negro\/#breadcrumb\"},\"inLanguage\":\"es-MX\",\"potentialAction\":[{\"@type\":\"ReadAction\",\"target\":[\"https:\/\/compuviper.mx\/tienda\/producto\/balam-rush-br-941495-gabinete-gamer-tank-majestic-7600-media-torre-atx-micro-atx-mini-itx-ventiladores-argb-triple-panel-de-cristal-templado-negro\/\"]}]},{\"@type\":\"BreadcrumbList\",\"@id\":\"https:\/\/compuviper.mx\/tienda\/producto\/balam-rush-br-941495-gabinete-gamer-tank-majestic-7600-media-torre-atx-micro-atx-mini-itx-ventiladores-argb-triple-panel-de-cristal-templado-negro\/#breadcrumb\",\"itemListElement\":[{\"@type\":\"ListItem\",\"position\":1,\"name\":\"Inicio\",\"item\":\"https:\/\/compuviper.mx\/tienda\/\"},{\"@type\":\"ListItem\",\"position\":2,\"name\":\"Productos\",\"item\":\"https:\/\/compuviper.mx\/tienda\/productos\/\"},{\"@type\":\"ListItem\",\"position\":3,\"name\":\"Gabinetes\",\"item\":\"https:\/\/compuviper.mx\/tienda\/categoria-producto\/gabinetes\/\"},{\"@type\":\"ListItem\",\"position\":4,\"name\":\"Media Torre\",\"item\":\"https:\/\/compuviper.mx\/tienda\/categoria-producto\/gabinetes\/media-torre\/\"},{\"@type\":\"ListItem\",\"position\":5,\"name\":\"Balam Rush Br-941495 Gabinete Gamer Tank Majestic 7600 \/ Media Torre \/ Atx\/micro Atx- Mini Itx \/ Ventiladores Argb \/ Triple Panel De Cristal Templado \/ Negro \/\"}]},{\"@type\":\"WebSite\",\"@id\":\"https:\/\/compuviper.mx\/tienda\/#website\",\"url\":\"https:\/\/compuviper.mx\/tienda\/\",\"name\":\"Compuviper\",\"description\":\"Proveedor de Computadoras, Laptops, Servidores, Monitores, Puntos de Venta, Teclados,   Impresoras, T\u00f3ner, C\u00e1maras de Seguridad y m\u00e1s en tu tienda en l\u00ednea\",\"publisher\":{\"@id\":\"https:\/\/compuviper.mx\/tienda\/#organization\"},\"potentialAction\":[{\"@type\":\"SearchAction\",\"target\":{\"@type\":\"EntryPoint\",\"urlTemplate\":\"https:\/\/compuviper.mx\/tienda\/?s={search_term_string}\"},\"query-input\":\"required name=search_term_string\"}],\"inLanguage\":\"es-MX\"},{\"@type\":\"Organization\",\"@id\":\"https:\/\/compuviper.mx\/tienda\/#organization\",\"name\":\"Compuviper\",\"url\":\"https:\/\/compuviper.mx\/tienda\/\",\"logo\":{\"@type\":\"ImageObject\",\"inLanguage\":\"es-MX\",\"@id\":\"https:\/\/compuviper.mx\/tienda\/#\/schema\/logo\/image\/\",\"url\":\"https:\/\/compuviper.mx\/tienda\/wp-content\/uploads\/2021\/08\/Logo-Compuviper-10.png\",\"contentUrl\":\"https:\/\/compuviper.mx\/tienda\/wp-content\/uploads\/2021\/08\/Logo-Compuviper-10.png\",\"width\":1000,\"height\":500,\"caption\":\"Compuviper\"},\"image\":{\"@id\":\"https:\/\/compuviper.mx\/tienda\/#\/schema\/logo\/image\/\"},\"sameAs\":[\"https:\/\/www.facebook.com\/compuviper\",\"https:\/\/www.youtube.com\/channel\/UCf73dERp9Y3cfOq7q8BhLjA?view_as=subscriber\"]}]}<\/script>\n<meta property=\"product:brand\" content=\"Balam Rush\" \/>\n<meta property=\"product:price:amount\" content=\"1994\" \/>\n<meta property=\"product:price:currency\" content=\"MXN\" \/>\n<meta property=\"og:availability\" content=\"instock\" \/>\n<meta property=\"product:availability\" content=\"instock\" \/>\n<meta property=\"product:retailer_item_id\" content=\"BR-941495\" \/>\n<meta property=\"product:condition\" content=\"new\" \/>\n<!-- \/ Yoast SEO plugin. -->","yoast_head_json":{"title":"[ Balam Rush ] &#129351; Br-941495 Gabinete Gamer Tank Majestic 7600 \/ Media Torre \/ Atx\/micro Atx- Mini Itx \/ Ventiladores Argb \/ Triple Panel De Cristal Templado \/ Negro \/","description":"Compra Br-941495 Gabinete Gamer Tank Majestic 7600 \/ Media Torre \/ Atx\/micro Atx- Mini Itx \/ Ventiladores Argb \/ Triple Panel De Cristal Templado \/ Negro \/ + Env\u00edo a domicilio + Pago seguro + Garant\u00eda","robots":{"index":"index","follow":"follow","max-snippet":"max-snippet:-1","max-image-preview":"max-image-preview:large","max-video-preview":"max-video-preview:-1"},"canonical":"https:\/\/compuviper.mx\/tienda\/producto\/balam-rush-br-941495-gabinete-gamer-tank-majestic-7600-media-torre-atx-micro-atx-mini-itx-ventiladores-argb-triple-panel-de-cristal-templado-negro\/","og_locale":"es_MX","og_type":"article","og_title":"[ Balam Rush ] &#129351; Br-941495 Gabinete Gamer Tank Majestic 7600 \/ Media Torre \/ Atx\/micro Atx- Mini Itx \/ Ventiladores Argb \/ Triple Panel De Cristal Templado \/ Negro \/","og_description":"Compra Br-941495 Gabinete Gamer Tank Majestic 7600 \/ Media Torre \/ Atx\/micro Atx- Mini Itx \/ Ventiladores Argb \/ Triple Panel De Cristal Templado \/ Negro \/ + Env\u00edo a domicilio + Pago seguro + Garant\u00eda","og_url":"https:\/\/compuviper.mx\/tienda\/producto\/balam-rush-br-941495-gabinete-gamer-tank-majestic-7600-media-torre-atx-micro-atx-mini-itx-ventiladores-argb-triple-panel-de-cristal-templado-negro\/","og_site_name":"Compuviper","article_publisher":"https:\/\/www.facebook.com\/compuviper","og_image":[{"width":200,"height":200,"url":"https:\/\/compuviper.mx\/tienda\/wp-content\/uploads\/2025\/10\/Gabinete-gamer-balam-rush-tank-majestic-7600-media-torre-atxmicro-atx-mini-itx-ventiladores-argb-triple-panel-de-cristal-templado-negro-br-941495.jpg","type":"image\/jpeg"}],"twitter_card":"summary_large_image","twitter_misc":{"Precio":"&#36;2,346 &#36;1,994 con IVA","Availability":"In stock"},"schema":{"@context":"https:\/\/schema.org","@graph":[{"@type":"WebPage","@id":"https:\/\/compuviper.mx\/tienda\/producto\/balam-rush-br-941495-gabinete-gamer-tank-majestic-7600-media-torre-atx-micro-atx-mini-itx-ventiladores-argb-triple-panel-de-cristal-templado-negro\/","url":"https:\/\/compuviper.mx\/tienda\/producto\/balam-rush-br-941495-gabinete-gamer-tank-majestic-7600-media-torre-atx-micro-atx-mini-itx-ventiladores-argb-triple-panel-de-cristal-templado-negro\/","name":"[ Balam Rush ] &#129351; Br-941495 Gabinete Gamer Tank Majestic 7600 \/ Media Torre \/ Atx\/micro Atx- Mini Itx \/ Ventiladores Argb \/ Triple Panel De Cristal Templado \/ Negro \/","isPartOf":{"@id":"https:\/\/compuviper.mx\/tienda\/#website"},"datePublished":"2026-04-16T06:11:09+00:00","dateModified":"2026-04-16T06:11:09+00:00","description":"Compra Br-941495 Gabinete Gamer Tank Majestic 7600 \/ Media Torre \/ Atx\/micro Atx- Mini Itx \/ Ventiladores Argb \/ Triple Panel De Cristal Templado \/ Negro \/ + Env\u00edo a domicilio + Pago seguro + Garant\u00eda","breadcrumb":{"@id":"https:\/\/compuviper.mx\/tienda\/producto\/balam-rush-br-941495-gabinete-gamer-tank-majestic-7600-media-torre-atx-micro-atx-mini-itx-ventiladores-argb-triple-panel-de-cristal-templado-negro\/#breadcrumb"},"inLanguage":"es-MX","potentialAction":[{"@type":"ReadAction","target":["https:\/\/compuviper.mx\/tienda\/producto\/balam-rush-br-941495-gabinete-gamer-tank-majestic-7600-media-torre-atx-micro-atx-mini-itx-ventiladores-argb-triple-panel-de-cristal-templado-negro\/"]}]},{"@type":"BreadcrumbList","@id":"https:\/\/compuviper.mx\/tienda\/producto\/balam-rush-br-941495-gabinete-gamer-tank-majestic-7600-media-torre-atx-micro-atx-mini-itx-ventiladores-argb-triple-panel-de-cristal-templado-negro\/#breadcrumb","itemListElement":[{"@type":"ListItem","position":1,"name":"Inicio","item":"https:\/\/compuviper.mx\/tienda\/"},{"@type":"ListItem","position":2,"name":"Productos","item":"https:\/\/compuviper.mx\/tienda\/productos\/"},{"@type":"ListItem","position":3,"name":"Gabinetes","item":"https:\/\/compuviper.mx\/tienda\/categoria-producto\/gabinetes\/"},{"@type":"ListItem","position":4,"name":"Media Torre","item":"https:\/\/compuviper.mx\/tienda\/categoria-producto\/gabinetes\/media-torre\/"},{"@type":"ListItem","position":5,"name":"Balam Rush Br-941495 Gabinete Gamer Tank Majestic 7600 \/ Media Torre \/ Atx\/micro Atx- Mini Itx \/ Ventiladores Argb \/ Triple Panel De Cristal Templado \/ Negro \/"}]},{"@type":"WebSite","@id":"https:\/\/compuviper.mx\/tienda\/#website","url":"https:\/\/compuviper.mx\/tienda\/","name":"Compuviper","description":"Proveedor de Computadoras, Laptops, Servidores, Monitores, Puntos de Venta, Teclados,   Impresoras, T\u00f3ner, C\u00e1maras de Seguridad y m\u00e1s en tu tienda en l\u00ednea","publisher":{"@id":"https:\/\/compuviper.mx\/tienda\/#organization"},"potentialAction":[{"@type":"SearchAction","target":{"@type":"EntryPoint","urlTemplate":"https:\/\/compuviper.mx\/tienda\/?s={search_term_string}"},"query-input":"required name=search_term_string"}],"inLanguage":"es-MX"},{"@type":"Organization","@id":"https:\/\/compuviper.mx\/tienda\/#organization","name":"Compuviper","url":"https:\/\/compuviper.mx\/tienda\/","logo":{"@type":"ImageObject","inLanguage":"es-MX","@id":"https:\/\/compuviper.mx\/tienda\/#\/schema\/logo\/image\/","url":"https:\/\/compuviper.mx\/tienda\/wp-content\/uploads\/2021\/08\/Logo-Compuviper-10.png","contentUrl":"https:\/\/compuviper.mx\/tienda\/wp-content\/uploads\/2021\/08\/Logo-Compuviper-10.png","width":1000,"height":500,"caption":"Compuviper"},"image":{"@id":"https:\/\/compuviper.mx\/tienda\/#\/schema\/logo\/image\/"},"sameAs":["https:\/\/www.facebook.com\/compuviper","https:\/\/www.youtube.com\/channel\/UCf73dERp9Y3cfOq7q8BhLjA?view_as=subscriber"]}]},"product_brand":"Balam Rush","product_price_amount":"1994","product_price_currency":"MXN","og_availability":"instock","product_availability":"instock","product_retailer_item_id":"BR-941495","product_condition":"new"},"_links":{"self":[{"href":"https:\/\/compuviper.mx\/tienda\/wp-json\/wp\/v2\/product\/253735"}],"collection":[{"href":"https:\/\/compuviper.mx\/tienda\/wp-json\/wp\/v2\/product"}],"about":[{"href":"https:\/\/compuviper.mx\/tienda\/wp-json\/wp\/v2\/types\/product"}],"replies":[{"embeddable":true,"href":"https:\/\/compuviper.mx\/tienda\/wp-json\/wp\/v2\/comments?post=253735"}],"wp:featuredmedia":[{"embeddable":true,"href":"https:\/\/compuviper.mx\/tienda\/wp-json\/wp\/v2\/media\/259290"}],"wp:attachment":[{"href":"https:\/\/compuviper.mx\/tienda\/wp-json\/wp\/v2\/media?parent=253735"}],"wp:term":[{"taxonomy":"product_cat","embeddable":true,"href":"https:\/\/compuviper.mx\/tienda\/wp-json\/wp\/v2\/product_cat?post=253735"},{"taxonomy":"product_tag","embeddable":true,"href":"https:\/\/compuviper.mx\/tienda\/wp-json\/wp\/v2\/product_tag?post=253735"}],"curies":[{"name":"wp","href":"https:\/\/api.w.org\/{rel}","templated":true}]}}