{"id":253733,"date":"2026-04-17T00:12:04","date_gmt":"2026-04-17T06:12:04","guid":{"rendered":"https:\/\/compuviper.mx\/tienda\/producto\/balam-rush-br-941563-gabinete-gamer-tank-expert-curve-7800-media-torre-atx-micro-ax-itx-cristal-templado-soporte-p-tarjeta-de-video-dual-chamber-ventiladores-argb-blanco\/"},"modified":"2026-04-17T00:12:04","modified_gmt":"2026-04-17T06:12:04","slug":"balam-rush-br-941563-gabinete-gamer-tank-expert-curve-7800-media-torre-atx-micro-ax-itx-cristal-templado-soporte-p-tarjeta-de-video-dual-chamber-ventiladores-argb-blanco","status":"publish","type":"product","link":"https:\/\/compuviper.mx\/tienda\/producto\/balam-rush-br-941563-gabinete-gamer-tank-expert-curve-7800-media-torre-atx-micro-ax-itx-cristal-templado-soporte-p-tarjeta-de-video-dual-chamber-ventiladores-argb-blanco\/","title":{"rendered":"Balam Rush Br-941563 Gabinete Gamer  Tank Expert Curve 7800 \/ Media Torre \/ Atx &#8211; Micro Ax &#8211; Itx \/ Cristal Templado \/ Soporte P\/ Tarjeta De Video \/ Dual Chamber \/ Ventiladores Argb \/ Blanco \/"},"content":{"rendered":"<table class=\"descripcion\">\n<tr>\n<td>\u0095 modelo: br-941563<\/td>\n<\/tr>\n<tr>\n<td>\u0095 producto: gabinete gamer<\/td>\n<\/tr>\n<tr>\n<td>\u0095 factor de forma: media torre<\/td>\n<\/tr>\n<tr>\n<td>\u0095 color exterior: blanco<\/td>\n<\/tr>\n<tr>\n<td>\u0095 material<\/td>\n<\/tr>\n<tr>\n<td>               \u0095 exterior: spcc + cristal templado<\/td>\n<\/tr>\n<tr>\n<td>               \u0095 panel izquierdo: cristal templado<\/td>\n<\/tr>\n<tr>\n<td>               \u0095 panel derecho: spcc<\/td>\n<\/tr>\n<tr>\n<td>               \u0095 panel frontal: cristal templado<\/td>\n<\/tr>\n<tr>\n<td>               \u0095 tipo de acero y grosor: 0.8 mm spcc<\/td>\n<\/tr>\n<tr>\n<td>\u0095 dimensiones: 410 x 287 x 455 mm<\/td>\n<\/tr>\n<tr>\n<td>\u0095 soporte tarjeta madre: atx \/ micro-atx \/ itx<\/td>\n<\/tr>\n<tr>\n<td>\u0095 slots expandibles: 7<\/td>\n<\/tr>\n<tr>\n<td>\u0095 bahias para unidades:<\/td>\n<\/tr>\n<tr>\n<td>               \u0095 3.5 hdd: 1<\/td>\n<\/tr>\n<tr>\n<td>               \u0095 2.5 sdd: 3<\/td>\n<\/tr>\n<tr>\n<td>\u0095 panel i\/o<\/td>\n<\/tr>\n<tr>\n<td>               \u0095 puertos usb: 1x tipo-c 3.1 + 1x usb 3.0 + 1x usb 2.0<\/td>\n<\/tr>\n<tr>\n<td>               \u0095 audio: 1x jack 3.5 mm hd audio + micro<\/td>\n<\/tr>\n<tr>\n<td>\u0095 ventiladores<\/td>\n<\/tr>\n<tr>\n<td>               \u0095 trasero: 2x 120 mm<\/td>\n<\/tr>\n<tr>\n<td>               \u0095 otros: lateral 3x 120 mm<\/td>\n<\/tr>\n<tr>\n<td>\u0095 ventiladores pre instalados<\/td>\n<\/tr>\n<tr>\n<td>               \u0095 trasero: 2x 120 mm<\/td>\n<\/tr>\n<tr>\n<td>               \u0095 otros: lateral 3x 120 mm<\/td>\n<\/tr>\n<tr>\n<td>\u0095 informacion de ventiladores pre instalados<\/td>\n<\/tr>\n<tr>\n<td>               \u0095 velocidad: 1200 rpm<\/td>\n<\/tr>\n<tr>\n<td>               \u0095 flujo de aire: 36 cfm<\/td>\n<\/tr>\n<tr>\n<td>               \u0095 presion de aire: 0.72 mmh2o<\/td>\n<\/tr>\n<tr>\n<td>               \u0095 ruido: 20 db<\/td>\n<\/tr>\n<tr>\n<td>               \u0095 tipo de iluminacion: argb<\/td>\n<\/tr>\n<tr>\n<td>               \u0095 alimentacion: 5 v and #9107;<\/td>\n<\/tr>\n<tr>\n<td>               \u0095 tipo de control: switch y sync m\/b<\/td>\n<\/tr>\n<tr>\n<td>\u0095 radiador: lateral: 360 mm<\/td>\n<\/tr>\n<tr>\n<td>\u0095 tolerancias<\/td>\n<\/tr>\n<tr>\n<td>               \u0095 enfriamiento cpu torre: 165 mm<\/td>\n<\/tr>\n<tr>\n<td>               \u0095 tarjetas graficas: 380 mm<\/td>\n<\/tr>\n<tr>\n<td>\u0095 cableado: detras de mb: 90 mm<\/td>\n<\/tr>\n<tr>\n<td>\u0095 fuente de poder<\/td>\n<\/tr>\n<tr>\n<td>               \u0095 tipo: atx<\/td>\n<\/tr>\n<tr>\n<td>               \u0095 ubicacion: dual chamber<\/td>\n<\/tr>\n<tr>\n<td>\u0095 accesorios: kit de armado<\/td>\n<\/tr>\n<tr>\n<td>\u0095 boton de reset: si<\/td>\n<\/tr>\n<tr>\n<td>\u0095 boton de encendido: si<\/td>\n<\/tr>\n<tr>\n<td>\u0095 led hdd: si<\/td>\n<\/tr>\n<\/table>\n","protected":false},"excerpt":{"rendered":"<p>Bracket vertical para lucir tu poder. Con espacio para tarjetas gr\u00e1ficas de. Hasta 380 mm y un bracket para montaje. Vertical inclu\u00eddo, el tank expert curve 7800. Est\u00e1 listo para lo \u00faltimo en gaming. El gabinete incluye bracket para instalar la motherboard en vertical y. Darle m\u00e1xima visibilidad a tu tarjeta gr\u00e1fica. Porque en cada partida. El poder tambi\u00e9n se muestra \u0097y tu gpu merece estar en primera fila. Expansi\u00f3n sin. L\u00edmites. Compatible con. Motherboards atx. Micro-atx y mini-itx. Este gabinete se adapta a. Cualquier configuraci\u00f3n. Y te permite llevar tu pc al. Siguiente nivel. Soporte para gpus. De gran tama\u00f1o. Con espacio para tarjetas gr\u00e1ficas de. Hasta 380 mm y un bracket para montaje. Vertical inclu\u00eddo, el tank expert curve 7800. Est\u00e1 listo para lo \u00faltimo en gaming.*cable extensi\u00f3n pcie no inclu\u00eddo. Ventilaci\u00f3n de precisi\u00f3n. Su dise\u00f1o con hasta 8 ventiladores argb ( 5. Preinstalados) y soporte para m\u00faltiples. Radiadores garantiza m\u00e1xima disipaci\u00f3n de. Calor en sesiones largas de juego. Los ventiladores laterales con aspas inversas. Optimizan el flujo de aire dentro del gabinete. Asegurando una disipaci\u00f3n t\u00e9rmica eficiente. Compatibilidad. Con enfriamiento. L\u00edquido. Soporta radiadores de hasta 360 mm. Permitiendo configuraciones avanzadas. Para un rendimiento t\u00e9rmico inigualable. *enfriamiento l\u00edquido no inclu\u00eddo. Dual chamber para. M\u00e1xima eficiencia. El dise\u00f1o de doble c\u00e1mara separa los componentes. Principales para optimizar el flujo de aire, reducir la. Temperatura y lograr una gesti\u00f3n de cables limpia. Y profesional. Adem\u00e1s, esta estructura permite ubicar la. Fuente de poder, organizar el almacenamiento y mantener. Todo en orden sin comprometer el rendimiento.<\/p>\n","protected":false},"featured_media":259288,"comment_status":"open","ping_status":"open","template":"","meta":[],"product_cat":[1674,1676],"product_tag":[2097],"acf":[],"yoast_head":"<!-- This site is optimized with the Yoast SEO plugin v21.7 - https:\/\/yoast.com\/wordpress\/plugins\/seo\/ -->\n<title>[ Balam Rush ] &#129351; Br-941563 Gabinete Gamer Tank Expert Curve 7800 \/ Media Torre \/ Atx - Micro Ax - Itx \/ Cristal Templado \/ Soporte P\/ Tarjeta De Video \/ Dual Chamber \/ Ventiladores Argb \/ Blanco \/<\/title>\n<meta name=\"description\" content=\"Compra Br-941563 Gabinete Gamer Tank Expert Curve 7800 \/ Media Torre \/ Atx - Micro Ax - Itx \/ Cristal Templado \/ Soporte P\/ Tarjeta De Video \/ Dual Chamber \/ Ventiladores Argb \/ Blanco \/ + Env\u00edo a domicilio + Pago seguro + Garant\u00eda\" \/>\n<meta name=\"robots\" content=\"index, follow, max-snippet:-1, max-image-preview:large, max-video-preview:-1\" \/>\n<link rel=\"canonical\" href=\"https:\/\/compuviper.mx\/tienda\/producto\/balam-rush-br-941563-gabinete-gamer-tank-expert-curve-7800-media-torre-atx-micro-ax-itx-cristal-templado-soporte-p-tarjeta-de-video-dual-chamber-ventiladores-argb-blanco\/\" \/>\n<meta property=\"og:locale\" content=\"es_MX\" \/>\n<meta property=\"og:type\" content=\"article\" \/>\n<meta property=\"og:title\" content=\"[ Balam Rush ] &#129351; Br-941563 Gabinete Gamer Tank Expert Curve 7800 \/ Media Torre \/ Atx - Micro Ax - Itx \/ Cristal Templado \/ Soporte P\/ Tarjeta De Video \/ Dual Chamber \/ Ventiladores Argb \/ Blanco \/\" \/>\n<meta property=\"og:description\" content=\"Compra Br-941563 Gabinete Gamer Tank Expert Curve 7800 \/ Media Torre \/ Atx - Micro Ax - Itx \/ Cristal Templado \/ Soporte P\/ Tarjeta De Video \/ Dual Chamber \/ Ventiladores Argb \/ Blanco \/ + Env\u00edo a domicilio + Pago seguro + Garant\u00eda\" \/>\n<meta property=\"og:url\" content=\"https:\/\/compuviper.mx\/tienda\/producto\/balam-rush-br-941563-gabinete-gamer-tank-expert-curve-7800-media-torre-atx-micro-ax-itx-cristal-templado-soporte-p-tarjeta-de-video-dual-chamber-ventiladores-argb-blanco\/\" \/>\n<meta property=\"og:site_name\" content=\"Compuviper\" \/>\n<meta property=\"article:publisher\" content=\"https:\/\/www.facebook.com\/compuviper\" \/>\n<meta property=\"og:image\" content=\"https:\/\/compuviper.mx\/tienda\/wp-content\/uploads\/2025\/10\/Gabinete-gamer-balam-rush-tank-expert-curve-7800-media-torre-atx-micro-ax-itx-cristal-templado-soporte-p-tarjeta-de-video-dual-chamber-ventiladores-argb-blanco-br-941563.jpg\" \/>\n\t<meta property=\"og:image:width\" content=\"200\" \/>\n\t<meta property=\"og:image:height\" content=\"200\" \/>\n\t<meta property=\"og:image:type\" content=\"image\/jpeg\" \/>\n<meta name=\"twitter:card\" content=\"summary_large_image\" \/>\n<meta name=\"twitter:label1\" content=\"Precio\" \/>\n\t<meta name=\"twitter:data1\" content=\"&#36;2,645 &#36;2,248 con IVA\" \/>\n\t<meta name=\"twitter:label2\" content=\"Availability\" \/>\n\t<meta name=\"twitter:data2\" content=\"On backorder\" \/>\n<script type=\"application\/ld+json\" class=\"yoast-schema-graph\">{\"@context\":\"https:\/\/schema.org\",\"@graph\":[{\"@type\":\"WebPage\",\"@id\":\"https:\/\/compuviper.mx\/tienda\/producto\/balam-rush-br-941563-gabinete-gamer-tank-expert-curve-7800-media-torre-atx-micro-ax-itx-cristal-templado-soporte-p-tarjeta-de-video-dual-chamber-ventiladores-argb-blanco\/\",\"url\":\"https:\/\/compuviper.mx\/tienda\/producto\/balam-rush-br-941563-gabinete-gamer-tank-expert-curve-7800-media-torre-atx-micro-ax-itx-cristal-templado-soporte-p-tarjeta-de-video-dual-chamber-ventiladores-argb-blanco\/\",\"name\":\"[ Balam Rush ] &#129351; Br-941563 Gabinete Gamer Tank Expert Curve 7800 \/ Media Torre \/ Atx - Micro Ax - Itx \/ Cristal Templado \/ Soporte P\/ Tarjeta De Video \/ Dual Chamber \/ Ventiladores Argb \/ Blanco \/\",\"isPartOf\":{\"@id\":\"https:\/\/compuviper.mx\/tienda\/#website\"},\"datePublished\":\"2026-04-17T06:12:04+00:00\",\"dateModified\":\"2026-04-17T06:12:04+00:00\",\"description\":\"Compra Br-941563 Gabinete Gamer Tank Expert Curve 7800 \/ Media Torre \/ Atx - Micro Ax - Itx \/ Cristal Templado \/ Soporte P\/ Tarjeta De Video \/ Dual Chamber \/ Ventiladores Argb \/ Blanco \/ + Env\u00edo a domicilio + Pago seguro + Garant\u00eda\",\"breadcrumb\":{\"@id\":\"https:\/\/compuviper.mx\/tienda\/producto\/balam-rush-br-941563-gabinete-gamer-tank-expert-curve-7800-media-torre-atx-micro-ax-itx-cristal-templado-soporte-p-tarjeta-de-video-dual-chamber-ventiladores-argb-blanco\/#breadcrumb\"},\"inLanguage\":\"es-MX\",\"potentialAction\":[{\"@type\":\"ReadAction\",\"target\":[\"https:\/\/compuviper.mx\/tienda\/producto\/balam-rush-br-941563-gabinete-gamer-tank-expert-curve-7800-media-torre-atx-micro-ax-itx-cristal-templado-soporte-p-tarjeta-de-video-dual-chamber-ventiladores-argb-blanco\/\"]}]},{\"@type\":\"BreadcrumbList\",\"@id\":\"https:\/\/compuviper.mx\/tienda\/producto\/balam-rush-br-941563-gabinete-gamer-tank-expert-curve-7800-media-torre-atx-micro-ax-itx-cristal-templado-soporte-p-tarjeta-de-video-dual-chamber-ventiladores-argb-blanco\/#breadcrumb\",\"itemListElement\":[{\"@type\":\"ListItem\",\"position\":1,\"name\":\"Inicio\",\"item\":\"https:\/\/compuviper.mx\/tienda\/\"},{\"@type\":\"ListItem\",\"position\":2,\"name\":\"Productos\",\"item\":\"https:\/\/compuviper.mx\/tienda\/productos\/\"},{\"@type\":\"ListItem\",\"position\":3,\"name\":\"Gabinetes\",\"item\":\"https:\/\/compuviper.mx\/tienda\/categoria-producto\/gabinetes\/\"},{\"@type\":\"ListItem\",\"position\":4,\"name\":\"Media Torre\",\"item\":\"https:\/\/compuviper.mx\/tienda\/categoria-producto\/gabinetes\/media-torre\/\"},{\"@type\":\"ListItem\",\"position\":5,\"name\":\"Balam Rush Br-941563 Gabinete Gamer Tank Expert Curve 7800 \/ Media Torre \/ Atx &#8211; Micro Ax &#8211; Itx \/ Cristal Templado \/ Soporte P\/ Tarjeta De Video \/ Dual Chamber \/ Ventiladores Argb \/ Blanco \/\"}]},{\"@type\":\"WebSite\",\"@id\":\"https:\/\/compuviper.mx\/tienda\/#website\",\"url\":\"https:\/\/compuviper.mx\/tienda\/\",\"name\":\"Compuviper\",\"description\":\"Proveedor de Computadoras, Laptops, Servidores, Monitores, Puntos de Venta, Teclados,   Impresoras, T\u00f3ner, C\u00e1maras de Seguridad y m\u00e1s en tu tienda en l\u00ednea\",\"publisher\":{\"@id\":\"https:\/\/compuviper.mx\/tienda\/#organization\"},\"potentialAction\":[{\"@type\":\"SearchAction\",\"target\":{\"@type\":\"EntryPoint\",\"urlTemplate\":\"https:\/\/compuviper.mx\/tienda\/?s={search_term_string}\"},\"query-input\":\"required name=search_term_string\"}],\"inLanguage\":\"es-MX\"},{\"@type\":\"Organization\",\"@id\":\"https:\/\/compuviper.mx\/tienda\/#organization\",\"name\":\"Compuviper\",\"url\":\"https:\/\/compuviper.mx\/tienda\/\",\"logo\":{\"@type\":\"ImageObject\",\"inLanguage\":\"es-MX\",\"@id\":\"https:\/\/compuviper.mx\/tienda\/#\/schema\/logo\/image\/\",\"url\":\"https:\/\/compuviper.mx\/tienda\/wp-content\/uploads\/2021\/08\/Logo-Compuviper-10.png\",\"contentUrl\":\"https:\/\/compuviper.mx\/tienda\/wp-content\/uploads\/2021\/08\/Logo-Compuviper-10.png\",\"width\":1000,\"height\":500,\"caption\":\"Compuviper\"},\"image\":{\"@id\":\"https:\/\/compuviper.mx\/tienda\/#\/schema\/logo\/image\/\"},\"sameAs\":[\"https:\/\/www.facebook.com\/compuviper\",\"https:\/\/www.youtube.com\/channel\/UCf73dERp9Y3cfOq7q8BhLjA?view_as=subscriber\"]}]}<\/script>\n<meta property=\"product:brand\" content=\"Balam Rush\" \/>\n<meta property=\"product:price:amount\" content=\"2248\" \/>\n<meta property=\"product:price:currency\" content=\"MXN\" \/>\n<meta property=\"og:availability\" content=\"backorder\" \/>\n<meta property=\"product:availability\" content=\"available for order\" \/>\n<meta property=\"product:retailer_item_id\" content=\"BR-941563\" \/>\n<meta property=\"product:condition\" content=\"new\" \/>\n<!-- \/ Yoast SEO plugin. -->","yoast_head_json":{"title":"[ Balam Rush ] &#129351; Br-941563 Gabinete Gamer Tank Expert Curve 7800 \/ Media Torre \/ Atx - Micro Ax - Itx \/ Cristal Templado \/ Soporte P\/ Tarjeta De Video \/ Dual Chamber \/ Ventiladores Argb \/ Blanco \/","description":"Compra Br-941563 Gabinete Gamer Tank Expert Curve 7800 \/ Media Torre \/ Atx - Micro Ax - Itx \/ Cristal Templado \/ Soporte P\/ Tarjeta De Video \/ Dual Chamber \/ Ventiladores Argb \/ Blanco \/ + Env\u00edo a domicilio + Pago seguro + Garant\u00eda","robots":{"index":"index","follow":"follow","max-snippet":"max-snippet:-1","max-image-preview":"max-image-preview:large","max-video-preview":"max-video-preview:-1"},"canonical":"https:\/\/compuviper.mx\/tienda\/producto\/balam-rush-br-941563-gabinete-gamer-tank-expert-curve-7800-media-torre-atx-micro-ax-itx-cristal-templado-soporte-p-tarjeta-de-video-dual-chamber-ventiladores-argb-blanco\/","og_locale":"es_MX","og_type":"article","og_title":"[ Balam Rush ] &#129351; Br-941563 Gabinete Gamer Tank Expert Curve 7800 \/ Media Torre \/ Atx - Micro Ax - Itx \/ Cristal Templado \/ Soporte P\/ Tarjeta De Video \/ Dual Chamber \/ Ventiladores Argb \/ Blanco \/","og_description":"Compra Br-941563 Gabinete Gamer Tank Expert Curve 7800 \/ Media Torre \/ Atx - Micro Ax - Itx \/ Cristal Templado \/ Soporte P\/ Tarjeta De Video \/ Dual Chamber \/ Ventiladores Argb \/ Blanco \/ + Env\u00edo a domicilio + Pago seguro + Garant\u00eda","og_url":"https:\/\/compuviper.mx\/tienda\/producto\/balam-rush-br-941563-gabinete-gamer-tank-expert-curve-7800-media-torre-atx-micro-ax-itx-cristal-templado-soporte-p-tarjeta-de-video-dual-chamber-ventiladores-argb-blanco\/","og_site_name":"Compuviper","article_publisher":"https:\/\/www.facebook.com\/compuviper","og_image":[{"width":200,"height":200,"url":"https:\/\/compuviper.mx\/tienda\/wp-content\/uploads\/2025\/10\/Gabinete-gamer-balam-rush-tank-expert-curve-7800-media-torre-atx-micro-ax-itx-cristal-templado-soporte-p-tarjeta-de-video-dual-chamber-ventiladores-argb-blanco-br-941563.jpg","type":"image\/jpeg"}],"twitter_card":"summary_large_image","twitter_misc":{"Precio":"&#36;2,645 &#36;2,248 con IVA","Availability":"On backorder"},"schema":{"@context":"https:\/\/schema.org","@graph":[{"@type":"WebPage","@id":"https:\/\/compuviper.mx\/tienda\/producto\/balam-rush-br-941563-gabinete-gamer-tank-expert-curve-7800-media-torre-atx-micro-ax-itx-cristal-templado-soporte-p-tarjeta-de-video-dual-chamber-ventiladores-argb-blanco\/","url":"https:\/\/compuviper.mx\/tienda\/producto\/balam-rush-br-941563-gabinete-gamer-tank-expert-curve-7800-media-torre-atx-micro-ax-itx-cristal-templado-soporte-p-tarjeta-de-video-dual-chamber-ventiladores-argb-blanco\/","name":"[ Balam Rush ] &#129351; Br-941563 Gabinete Gamer Tank Expert Curve 7800 \/ Media Torre \/ Atx - Micro Ax - Itx \/ Cristal Templado \/ Soporte P\/ Tarjeta De Video \/ Dual Chamber \/ Ventiladores Argb \/ Blanco \/","isPartOf":{"@id":"https:\/\/compuviper.mx\/tienda\/#website"},"datePublished":"2026-04-17T06:12:04+00:00","dateModified":"2026-04-17T06:12:04+00:00","description":"Compra Br-941563 Gabinete Gamer Tank Expert Curve 7800 \/ Media Torre \/ Atx - Micro Ax - Itx \/ Cristal Templado \/ Soporte P\/ Tarjeta De Video \/ Dual Chamber \/ Ventiladores Argb \/ Blanco \/ + Env\u00edo a domicilio + Pago seguro + Garant\u00eda","breadcrumb":{"@id":"https:\/\/compuviper.mx\/tienda\/producto\/balam-rush-br-941563-gabinete-gamer-tank-expert-curve-7800-media-torre-atx-micro-ax-itx-cristal-templado-soporte-p-tarjeta-de-video-dual-chamber-ventiladores-argb-blanco\/#breadcrumb"},"inLanguage":"es-MX","potentialAction":[{"@type":"ReadAction","target":["https:\/\/compuviper.mx\/tienda\/producto\/balam-rush-br-941563-gabinete-gamer-tank-expert-curve-7800-media-torre-atx-micro-ax-itx-cristal-templado-soporte-p-tarjeta-de-video-dual-chamber-ventiladores-argb-blanco\/"]}]},{"@type":"BreadcrumbList","@id":"https:\/\/compuviper.mx\/tienda\/producto\/balam-rush-br-941563-gabinete-gamer-tank-expert-curve-7800-media-torre-atx-micro-ax-itx-cristal-templado-soporte-p-tarjeta-de-video-dual-chamber-ventiladores-argb-blanco\/#breadcrumb","itemListElement":[{"@type":"ListItem","position":1,"name":"Inicio","item":"https:\/\/compuviper.mx\/tienda\/"},{"@type":"ListItem","position":2,"name":"Productos","item":"https:\/\/compuviper.mx\/tienda\/productos\/"},{"@type":"ListItem","position":3,"name":"Gabinetes","item":"https:\/\/compuviper.mx\/tienda\/categoria-producto\/gabinetes\/"},{"@type":"ListItem","position":4,"name":"Media Torre","item":"https:\/\/compuviper.mx\/tienda\/categoria-producto\/gabinetes\/media-torre\/"},{"@type":"ListItem","position":5,"name":"Balam Rush Br-941563 Gabinete Gamer Tank Expert Curve 7800 \/ Media Torre \/ Atx &#8211; Micro Ax &#8211; Itx \/ Cristal Templado \/ Soporte P\/ Tarjeta De Video \/ Dual Chamber \/ Ventiladores Argb \/ Blanco \/"}]},{"@type":"WebSite","@id":"https:\/\/compuviper.mx\/tienda\/#website","url":"https:\/\/compuviper.mx\/tienda\/","name":"Compuviper","description":"Proveedor de Computadoras, Laptops, Servidores, Monitores, Puntos de Venta, Teclados,   Impresoras, T\u00f3ner, C\u00e1maras de Seguridad y m\u00e1s en tu tienda en l\u00ednea","publisher":{"@id":"https:\/\/compuviper.mx\/tienda\/#organization"},"potentialAction":[{"@type":"SearchAction","target":{"@type":"EntryPoint","urlTemplate":"https:\/\/compuviper.mx\/tienda\/?s={search_term_string}"},"query-input":"required name=search_term_string"}],"inLanguage":"es-MX"},{"@type":"Organization","@id":"https:\/\/compuviper.mx\/tienda\/#organization","name":"Compuviper","url":"https:\/\/compuviper.mx\/tienda\/","logo":{"@type":"ImageObject","inLanguage":"es-MX","@id":"https:\/\/compuviper.mx\/tienda\/#\/schema\/logo\/image\/","url":"https:\/\/compuviper.mx\/tienda\/wp-content\/uploads\/2021\/08\/Logo-Compuviper-10.png","contentUrl":"https:\/\/compuviper.mx\/tienda\/wp-content\/uploads\/2021\/08\/Logo-Compuviper-10.png","width":1000,"height":500,"caption":"Compuviper"},"image":{"@id":"https:\/\/compuviper.mx\/tienda\/#\/schema\/logo\/image\/"},"sameAs":["https:\/\/www.facebook.com\/compuviper","https:\/\/www.youtube.com\/channel\/UCf73dERp9Y3cfOq7q8BhLjA?view_as=subscriber"]}]},"product_brand":"Balam Rush","product_price_amount":"2248","product_price_currency":"MXN","og_availability":"backorder","product_availability":"available for order","product_retailer_item_id":"BR-941563","product_condition":"new"},"_links":{"self":[{"href":"https:\/\/compuviper.mx\/tienda\/wp-json\/wp\/v2\/product\/253733"}],"collection":[{"href":"https:\/\/compuviper.mx\/tienda\/wp-json\/wp\/v2\/product"}],"about":[{"href":"https:\/\/compuviper.mx\/tienda\/wp-json\/wp\/v2\/types\/product"}],"replies":[{"embeddable":true,"href":"https:\/\/compuviper.mx\/tienda\/wp-json\/wp\/v2\/comments?post=253733"}],"wp:featuredmedia":[{"embeddable":true,"href":"https:\/\/compuviper.mx\/tienda\/wp-json\/wp\/v2\/media\/259288"}],"wp:attachment":[{"href":"https:\/\/compuviper.mx\/tienda\/wp-json\/wp\/v2\/media?parent=253733"}],"wp:term":[{"taxonomy":"product_cat","embeddable":true,"href":"https:\/\/compuviper.mx\/tienda\/wp-json\/wp\/v2\/product_cat?post=253733"},{"taxonomy":"product_tag","embeddable":true,"href":"https:\/\/compuviper.mx\/tienda\/wp-json\/wp\/v2\/product_tag?post=253733"}],"curies":[{"name":"wp","href":"https:\/\/api.w.org\/{rel}","templated":true}]}}