{"id":253659,"date":"2026-04-02T01:27:53","date_gmt":"2026-04-02T07:27:53","guid":{"rendered":"https:\/\/compuviper.mx\/tienda\/producto\/dell-act1250_u7arl321t4060tiwhs_1w-pc-gamer-alienware-act1250-intel-ultra-7-265f-32-gb-216-gb-1-tb-ssd-nvme-nvidia-geforce-4060-it-8-gb-win-11-home-negro-1-year-carry-in-service-1\/"},"modified":"2026-04-02T01:27:54","modified_gmt":"2026-04-02T07:27:54","slug":"dell-act1250_u7arl321t4060tiwhs_1w-pc-gamer-alienware-act1250-intel-ultra-7-265f-32-gb-216-gb-1-tb-ssd-nvme-nvidia-geforce-4060-it-8-gb-win-11-home-negro-1-year-carry-in-service-1-year-complete-care","status":"publish","type":"product","link":"https:\/\/compuviper.mx\/tienda\/producto\/dell-act1250_u7arl321t4060tiwhs_1w-pc-gamer-alienware-act1250-intel-ultra-7-265f-32-gb-216-gb-1-tb-ssd-nvme-nvidia-geforce-4060-it-8-gb-win-11-home-negro-1-year-carry-in-service-1-year-complete-care\/","title":{"rendered":"Dell Act1250_u7arl321t4060tiwhs_1w Pc Gamer  Alienware Act1250 Intel Ultra 7 265f 32 Gb 216 Gb 1 Tb Ssd Nvme Nvidia Geforce 4060 It 8 Gb Win 11 Home Negro 1 Year Carry In Service 1 Year Complete Care"},"content":{"rendered":"<table class=\"descripcion\">\n<tr>\n<td>Pc gamer dell alienware act1250<\/td>\n<\/tr>\n<tr>\n<td>Procesador: intel ultra 7 265f<\/td>\n<\/tr>\n<tr>\n<td>Memoria ram: 32 gb 216 gb ddr5<\/td>\n<\/tr>\n<tr>\n<td>Almacenamiento: 1 tb nvme m.2 pcie ssd<\/td>\n<\/tr>\n<tr>\n<td>Tarjeta grafica: nvidia geforce 4060 it 8 gb gddr6<\/td>\n<\/tr>\n<tr>\n<td>Sistema operativo: windows 11 home single lenguage<\/td>\n<\/tr>\n<tr>\n<td>Wi-fi y bluetooth<\/td>\n<\/tr>\n<tr>\n<td>Teclado kb 216<\/td>\n<\/tr>\n<tr>\n<td>Fuente de 500w. enfriamiento por aire<\/td>\n<\/tr>\n<tr>\n<td>Color: negro<\/td>\n<\/tr>\n<tr>\n<td>Garantia: 1 year carry in service  1 year complete care<\/td>\n<\/tr>\n<\/table>\n","protected":false},"excerpt":{"rendered":"<p>El alienware aurora act1250 es un sobremesa de juegos diseado para ofrecer una experiencia de juego y computacin sin precedentes. Se enfoca en combinar la potencia bruta con soluciones trmicas avanzadas para un funcionamiento silencioso y eficiente, incluso bajo las cargas m\u00e1s intensas.<\/p>\n","protected":false},"featured_media":260503,"comment_status":"open","ping_status":"open","template":"","meta":[],"product_cat":[1971,1979],"product_tag":[1537],"acf":[],"yoast_head":"<!-- This site is optimized with the Yoast SEO plugin v21.7 - https:\/\/yoast.com\/wordpress\/plugins\/seo\/ -->\n<title>[ Dell ] &#129351; Act1250_u7arl321t4060tiwhs_1w Pc Gamer Alienware Act1250 Intel Ultra 7 265f 32 Gb 216 Gb 1 Tb Ssd Nvme Nvidia Geforce 4060 It 8 Gb Win 11 Home Negro 1 Year Carry In Service 1 Year Complete Care<\/title>\n<meta name=\"description\" content=\"Compra Act1250_u7arl321t4060tiwhs_1w Pc Gamer Alienware Act1250 Intel Ultra 7 265f 32 Gb 216 Gb 1 Tb Ssd Nvme Nvidia Geforce 4060 It 8 Gb Win 11 Home Negro 1 Year Carry In Service 1 Year Complete Care + Env\u00edo a domicilio + Pago seguro + Garant\u00eda\" \/>\n<meta name=\"robots\" content=\"index, follow, max-snippet:-1, max-image-preview:large, max-video-preview:-1\" \/>\n<link rel=\"canonical\" href=\"https:\/\/compuviper.mx\/tienda\/producto\/dell-act1250_u7arl321t4060tiwhs_1w-pc-gamer-alienware-act1250-intel-ultra-7-265f-32-gb-216-gb-1-tb-ssd-nvme-nvidia-geforce-4060-it-8-gb-win-11-home-negro-1-year-carry-in-service-1-year-complete-care\/\" \/>\n<meta property=\"og:locale\" content=\"es_MX\" \/>\n<meta property=\"og:type\" content=\"article\" \/>\n<meta property=\"og:title\" content=\"[ Dell ] &#129351; Act1250_u7arl321t4060tiwhs_1w Pc Gamer Alienware Act1250 Intel Ultra 7 265f 32 Gb 216 Gb 1 Tb Ssd Nvme Nvidia Geforce 4060 It 8 Gb Win 11 Home Negro 1 Year Carry In Service 1 Year Complete Care\" \/>\n<meta property=\"og:description\" content=\"Compra Act1250_u7arl321t4060tiwhs_1w Pc Gamer Alienware Act1250 Intel Ultra 7 265f 32 Gb 216 Gb 1 Tb Ssd Nvme Nvidia Geforce 4060 It 8 Gb Win 11 Home Negro 1 Year Carry In Service 1 Year Complete Care + Env\u00edo a domicilio + Pago seguro + Garant\u00eda\" \/>\n<meta property=\"og:url\" content=\"https:\/\/compuviper.mx\/tienda\/producto\/dell-act1250_u7arl321t4060tiwhs_1w-pc-gamer-alienware-act1250-intel-ultra-7-265f-32-gb-216-gb-1-tb-ssd-nvme-nvidia-geforce-4060-it-8-gb-win-11-home-negro-1-year-carry-in-service-1-year-complete-care\/\" \/>\n<meta property=\"og:site_name\" content=\"Compuviper\" \/>\n<meta property=\"article:publisher\" content=\"https:\/\/www.facebook.com\/compuviper\" \/>\n<meta property=\"article:modified_time\" content=\"2026-04-02T07:27:54+00:00\" \/>\n<meta property=\"og:image\" content=\"https:\/\/compuviper.mx\/tienda\/wp-content\/uploads\/2025\/10\/Pc-gamer-dell-alienware-act1250-intel-ultra-7-265f-32-gb-216-gb-1-tb-ssd-nvme-nvidia-geforce-4060-it-8-gb-win-11-home-negro-1-year-carry-in-service-1-year-complete-care.jpg\" \/>\n\t<meta property=\"og:image:width\" content=\"200\" \/>\n\t<meta property=\"og:image:height\" content=\"200\" \/>\n\t<meta property=\"og:image:type\" content=\"image\/jpeg\" \/>\n<meta name=\"twitter:card\" content=\"summary_large_image\" \/>\n<meta name=\"twitter:label1\" content=\"Precio\" \/>\n\t<meta name=\"twitter:data1\" content=\"&#36;37,355 &#36;36,303 con IVA\" \/>\n\t<meta name=\"twitter:label2\" content=\"Availability\" \/>\n\t<meta name=\"twitter:data2\" content=\"In stock\" \/>\n<script type=\"application\/ld+json\" class=\"yoast-schema-graph\">{\"@context\":\"https:\/\/schema.org\",\"@graph\":[{\"@type\":\"WebPage\",\"@id\":\"https:\/\/compuviper.mx\/tienda\/producto\/dell-act1250_u7arl321t4060tiwhs_1w-pc-gamer-alienware-act1250-intel-ultra-7-265f-32-gb-216-gb-1-tb-ssd-nvme-nvidia-geforce-4060-it-8-gb-win-11-home-negro-1-year-carry-in-service-1-year-complete-care\/\",\"url\":\"https:\/\/compuviper.mx\/tienda\/producto\/dell-act1250_u7arl321t4060tiwhs_1w-pc-gamer-alienware-act1250-intel-ultra-7-265f-32-gb-216-gb-1-tb-ssd-nvme-nvidia-geforce-4060-it-8-gb-win-11-home-negro-1-year-carry-in-service-1-year-complete-care\/\",\"name\":\"[ Dell ] &#129351; Act1250_u7arl321t4060tiwhs_1w Pc Gamer Alienware Act1250 Intel Ultra 7 265f 32 Gb 216 Gb 1 Tb Ssd Nvme Nvidia Geforce 4060 It 8 Gb Win 11 Home Negro 1 Year Carry In Service 1 Year Complete Care\",\"isPartOf\":{\"@id\":\"https:\/\/compuviper.mx\/tienda\/#website\"},\"datePublished\":\"2026-04-02T07:27:53+00:00\",\"dateModified\":\"2026-04-02T07:27:54+00:00\",\"description\":\"Compra Act1250_u7arl321t4060tiwhs_1w Pc Gamer Alienware Act1250 Intel Ultra 7 265f 32 Gb 216 Gb 1 Tb Ssd Nvme Nvidia Geforce 4060 It 8 Gb Win 11 Home Negro 1 Year Carry In Service 1 Year Complete Care + Env\u00edo a domicilio + Pago seguro + Garant\u00eda\",\"breadcrumb\":{\"@id\":\"https:\/\/compuviper.mx\/tienda\/producto\/dell-act1250_u7arl321t4060tiwhs_1w-pc-gamer-alienware-act1250-intel-ultra-7-265f-32-gb-216-gb-1-tb-ssd-nvme-nvidia-geforce-4060-it-8-gb-win-11-home-negro-1-year-carry-in-service-1-year-complete-care\/#breadcrumb\"},\"inLanguage\":\"es-MX\",\"potentialAction\":[{\"@type\":\"ReadAction\",\"target\":[\"https:\/\/compuviper.mx\/tienda\/producto\/dell-act1250_u7arl321t4060tiwhs_1w-pc-gamer-alienware-act1250-intel-ultra-7-265f-32-gb-216-gb-1-tb-ssd-nvme-nvidia-geforce-4060-it-8-gb-win-11-home-negro-1-year-carry-in-service-1-year-complete-care\/\"]}]},{\"@type\":\"BreadcrumbList\",\"@id\":\"https:\/\/compuviper.mx\/tienda\/producto\/dell-act1250_u7arl321t4060tiwhs_1w-pc-gamer-alienware-act1250-intel-ultra-7-265f-32-gb-216-gb-1-tb-ssd-nvme-nvidia-geforce-4060-it-8-gb-win-11-home-negro-1-year-carry-in-service-1-year-complete-care\/#breadcrumb\",\"itemListElement\":[{\"@type\":\"ListItem\",\"position\":1,\"name\":\"Inicio\",\"item\":\"https:\/\/compuviper.mx\/tienda\/\"},{\"@type\":\"ListItem\",\"position\":2,\"name\":\"Productos\",\"item\":\"https:\/\/compuviper.mx\/tienda\/productos\/\"},{\"@type\":\"ListItem\",\"position\":3,\"name\":\"Computadoras\",\"item\":\"https:\/\/compuviper.mx\/tienda\/categoria-producto\/computadoras\/\"},{\"@type\":\"ListItem\",\"position\":4,\"name\":\"Desktop Gamers\",\"item\":\"https:\/\/compuviper.mx\/tienda\/categoria-producto\/computadoras\/desktop-gamers\/\"},{\"@type\":\"ListItem\",\"position\":5,\"name\":\"Dell Act1250_u7arl321t4060tiwhs_1w Pc Gamer Alienware Act1250 Intel Ultra 7 265f 32 Gb 216 Gb 1 Tb Ssd Nvme Nvidia Geforce 4060 It 8 Gb Win 11 Home Negro 1 Year Carry In Service 1 Year Complete Care\"}]},{\"@type\":\"WebSite\",\"@id\":\"https:\/\/compuviper.mx\/tienda\/#website\",\"url\":\"https:\/\/compuviper.mx\/tienda\/\",\"name\":\"Compuviper\",\"description\":\"Proveedor de Computadoras, Laptops, Servidores, Monitores, Puntos de Venta, Teclados,   Impresoras, T\u00f3ner, C\u00e1maras de Seguridad y m\u00e1s en tu tienda en l\u00ednea\",\"publisher\":{\"@id\":\"https:\/\/compuviper.mx\/tienda\/#organization\"},\"potentialAction\":[{\"@type\":\"SearchAction\",\"target\":{\"@type\":\"EntryPoint\",\"urlTemplate\":\"https:\/\/compuviper.mx\/tienda\/?s={search_term_string}\"},\"query-input\":\"required name=search_term_string\"}],\"inLanguage\":\"es-MX\"},{\"@type\":\"Organization\",\"@id\":\"https:\/\/compuviper.mx\/tienda\/#organization\",\"name\":\"Compuviper\",\"url\":\"https:\/\/compuviper.mx\/tienda\/\",\"logo\":{\"@type\":\"ImageObject\",\"inLanguage\":\"es-MX\",\"@id\":\"https:\/\/compuviper.mx\/tienda\/#\/schema\/logo\/image\/\",\"url\":\"https:\/\/compuviper.mx\/tienda\/wp-content\/uploads\/2021\/08\/Logo-Compuviper-10.png\",\"contentUrl\":\"https:\/\/compuviper.mx\/tienda\/wp-content\/uploads\/2021\/08\/Logo-Compuviper-10.png\",\"width\":1000,\"height\":500,\"caption\":\"Compuviper\"},\"image\":{\"@id\":\"https:\/\/compuviper.mx\/tienda\/#\/schema\/logo\/image\/\"},\"sameAs\":[\"https:\/\/www.facebook.com\/compuviper\",\"https:\/\/www.youtube.com\/channel\/UCf73dERp9Y3cfOq7q8BhLjA?view_as=subscriber\"]}]}<\/script>\n<meta property=\"product:brand\" content=\"DELL\" \/>\n<meta property=\"product:price:amount\" content=\"36303\" \/>\n<meta property=\"product:price:currency\" content=\"MXN\" \/>\n<meta property=\"og:availability\" content=\"instock\" \/>\n<meta property=\"product:availability\" content=\"instock\" \/>\n<meta property=\"product:retailer_item_id\" content=\"ACT1250_U7ARL321T4060TIWHS_1W\" \/>\n<meta property=\"product:condition\" content=\"new\" \/>\n<!-- \/ Yoast SEO plugin. -->","yoast_head_json":{"title":"[ Dell ] &#129351; Act1250_u7arl321t4060tiwhs_1w Pc Gamer Alienware Act1250 Intel Ultra 7 265f 32 Gb 216 Gb 1 Tb Ssd Nvme Nvidia Geforce 4060 It 8 Gb Win 11 Home Negro 1 Year Carry In Service 1 Year Complete Care","description":"Compra Act1250_u7arl321t4060tiwhs_1w Pc Gamer Alienware Act1250 Intel Ultra 7 265f 32 Gb 216 Gb 1 Tb Ssd Nvme Nvidia Geforce 4060 It 8 Gb Win 11 Home Negro 1 Year Carry In Service 1 Year Complete Care + Env\u00edo a domicilio + Pago seguro + Garant\u00eda","robots":{"index":"index","follow":"follow","max-snippet":"max-snippet:-1","max-image-preview":"max-image-preview:large","max-video-preview":"max-video-preview:-1"},"canonical":"https:\/\/compuviper.mx\/tienda\/producto\/dell-act1250_u7arl321t4060tiwhs_1w-pc-gamer-alienware-act1250-intel-ultra-7-265f-32-gb-216-gb-1-tb-ssd-nvme-nvidia-geforce-4060-it-8-gb-win-11-home-negro-1-year-carry-in-service-1-year-complete-care\/","og_locale":"es_MX","og_type":"article","og_title":"[ Dell ] &#129351; Act1250_u7arl321t4060tiwhs_1w Pc Gamer Alienware Act1250 Intel Ultra 7 265f 32 Gb 216 Gb 1 Tb Ssd Nvme Nvidia Geforce 4060 It 8 Gb Win 11 Home Negro 1 Year Carry In Service 1 Year Complete Care","og_description":"Compra Act1250_u7arl321t4060tiwhs_1w Pc Gamer Alienware Act1250 Intel Ultra 7 265f 32 Gb 216 Gb 1 Tb Ssd Nvme Nvidia Geforce 4060 It 8 Gb Win 11 Home Negro 1 Year Carry In Service 1 Year Complete Care + Env\u00edo a domicilio + Pago seguro + Garant\u00eda","og_url":"https:\/\/compuviper.mx\/tienda\/producto\/dell-act1250_u7arl321t4060tiwhs_1w-pc-gamer-alienware-act1250-intel-ultra-7-265f-32-gb-216-gb-1-tb-ssd-nvme-nvidia-geforce-4060-it-8-gb-win-11-home-negro-1-year-carry-in-service-1-year-complete-care\/","og_site_name":"Compuviper","article_publisher":"https:\/\/www.facebook.com\/compuviper","article_modified_time":"2026-04-02T07:27:54+00:00","og_image":[{"width":200,"height":200,"url":"https:\/\/compuviper.mx\/tienda\/wp-content\/uploads\/2025\/10\/Pc-gamer-dell-alienware-act1250-intel-ultra-7-265f-32-gb-216-gb-1-tb-ssd-nvme-nvidia-geforce-4060-it-8-gb-win-11-home-negro-1-year-carry-in-service-1-year-complete-care.jpg","type":"image\/jpeg"}],"twitter_card":"summary_large_image","twitter_misc":{"Precio":"&#36;37,355 &#36;36,303 con IVA","Availability":"In stock"},"schema":{"@context":"https:\/\/schema.org","@graph":[{"@type":"WebPage","@id":"https:\/\/compuviper.mx\/tienda\/producto\/dell-act1250_u7arl321t4060tiwhs_1w-pc-gamer-alienware-act1250-intel-ultra-7-265f-32-gb-216-gb-1-tb-ssd-nvme-nvidia-geforce-4060-it-8-gb-win-11-home-negro-1-year-carry-in-service-1-year-complete-care\/","url":"https:\/\/compuviper.mx\/tienda\/producto\/dell-act1250_u7arl321t4060tiwhs_1w-pc-gamer-alienware-act1250-intel-ultra-7-265f-32-gb-216-gb-1-tb-ssd-nvme-nvidia-geforce-4060-it-8-gb-win-11-home-negro-1-year-carry-in-service-1-year-complete-care\/","name":"[ Dell ] &#129351; Act1250_u7arl321t4060tiwhs_1w Pc Gamer Alienware Act1250 Intel Ultra 7 265f 32 Gb 216 Gb 1 Tb Ssd Nvme Nvidia Geforce 4060 It 8 Gb Win 11 Home Negro 1 Year Carry In Service 1 Year Complete Care","isPartOf":{"@id":"https:\/\/compuviper.mx\/tienda\/#website"},"datePublished":"2026-04-02T07:27:53+00:00","dateModified":"2026-04-02T07:27:54+00:00","description":"Compra Act1250_u7arl321t4060tiwhs_1w Pc Gamer Alienware Act1250 Intel Ultra 7 265f 32 Gb 216 Gb 1 Tb Ssd Nvme Nvidia Geforce 4060 It 8 Gb Win 11 Home Negro 1 Year Carry In Service 1 Year Complete Care + Env\u00edo a domicilio + Pago seguro + Garant\u00eda","breadcrumb":{"@id":"https:\/\/compuviper.mx\/tienda\/producto\/dell-act1250_u7arl321t4060tiwhs_1w-pc-gamer-alienware-act1250-intel-ultra-7-265f-32-gb-216-gb-1-tb-ssd-nvme-nvidia-geforce-4060-it-8-gb-win-11-home-negro-1-year-carry-in-service-1-year-complete-care\/#breadcrumb"},"inLanguage":"es-MX","potentialAction":[{"@type":"ReadAction","target":["https:\/\/compuviper.mx\/tienda\/producto\/dell-act1250_u7arl321t4060tiwhs_1w-pc-gamer-alienware-act1250-intel-ultra-7-265f-32-gb-216-gb-1-tb-ssd-nvme-nvidia-geforce-4060-it-8-gb-win-11-home-negro-1-year-carry-in-service-1-year-complete-care\/"]}]},{"@type":"BreadcrumbList","@id":"https:\/\/compuviper.mx\/tienda\/producto\/dell-act1250_u7arl321t4060tiwhs_1w-pc-gamer-alienware-act1250-intel-ultra-7-265f-32-gb-216-gb-1-tb-ssd-nvme-nvidia-geforce-4060-it-8-gb-win-11-home-negro-1-year-carry-in-service-1-year-complete-care\/#breadcrumb","itemListElement":[{"@type":"ListItem","position":1,"name":"Inicio","item":"https:\/\/compuviper.mx\/tienda\/"},{"@type":"ListItem","position":2,"name":"Productos","item":"https:\/\/compuviper.mx\/tienda\/productos\/"},{"@type":"ListItem","position":3,"name":"Computadoras","item":"https:\/\/compuviper.mx\/tienda\/categoria-producto\/computadoras\/"},{"@type":"ListItem","position":4,"name":"Desktop Gamers","item":"https:\/\/compuviper.mx\/tienda\/categoria-producto\/computadoras\/desktop-gamers\/"},{"@type":"ListItem","position":5,"name":"Dell Act1250_u7arl321t4060tiwhs_1w Pc Gamer Alienware Act1250 Intel Ultra 7 265f 32 Gb 216 Gb 1 Tb Ssd Nvme Nvidia Geforce 4060 It 8 Gb Win 11 Home Negro 1 Year Carry In Service 1 Year Complete Care"}]},{"@type":"WebSite","@id":"https:\/\/compuviper.mx\/tienda\/#website","url":"https:\/\/compuviper.mx\/tienda\/","name":"Compuviper","description":"Proveedor de Computadoras, Laptops, Servidores, Monitores, Puntos de Venta, Teclados,   Impresoras, T\u00f3ner, C\u00e1maras de Seguridad y m\u00e1s en tu tienda en l\u00ednea","publisher":{"@id":"https:\/\/compuviper.mx\/tienda\/#organization"},"potentialAction":[{"@type":"SearchAction","target":{"@type":"EntryPoint","urlTemplate":"https:\/\/compuviper.mx\/tienda\/?s={search_term_string}"},"query-input":"required name=search_term_string"}],"inLanguage":"es-MX"},{"@type":"Organization","@id":"https:\/\/compuviper.mx\/tienda\/#organization","name":"Compuviper","url":"https:\/\/compuviper.mx\/tienda\/","logo":{"@type":"ImageObject","inLanguage":"es-MX","@id":"https:\/\/compuviper.mx\/tienda\/#\/schema\/logo\/image\/","url":"https:\/\/compuviper.mx\/tienda\/wp-content\/uploads\/2021\/08\/Logo-Compuviper-10.png","contentUrl":"https:\/\/compuviper.mx\/tienda\/wp-content\/uploads\/2021\/08\/Logo-Compuviper-10.png","width":1000,"height":500,"caption":"Compuviper"},"image":{"@id":"https:\/\/compuviper.mx\/tienda\/#\/schema\/logo\/image\/"},"sameAs":["https:\/\/www.facebook.com\/compuviper","https:\/\/www.youtube.com\/channel\/UCf73dERp9Y3cfOq7q8BhLjA?view_as=subscriber"]}]},"product_brand":"DELL","product_price_amount":"36303","product_price_currency":"MXN","og_availability":"instock","product_availability":"instock","product_retailer_item_id":"ACT1250_U7ARL321T4060TIWHS_1W","product_condition":"new"},"_links":{"self":[{"href":"https:\/\/compuviper.mx\/tienda\/wp-json\/wp\/v2\/product\/253659"}],"collection":[{"href":"https:\/\/compuviper.mx\/tienda\/wp-json\/wp\/v2\/product"}],"about":[{"href":"https:\/\/compuviper.mx\/tienda\/wp-json\/wp\/v2\/types\/product"}],"replies":[{"embeddable":true,"href":"https:\/\/compuviper.mx\/tienda\/wp-json\/wp\/v2\/comments?post=253659"}],"wp:featuredmedia":[{"embeddable":true,"href":"https:\/\/compuviper.mx\/tienda\/wp-json\/wp\/v2\/media\/260503"}],"wp:attachment":[{"href":"https:\/\/compuviper.mx\/tienda\/wp-json\/wp\/v2\/media?parent=253659"}],"wp:term":[{"taxonomy":"product_cat","embeddable":true,"href":"https:\/\/compuviper.mx\/tienda\/wp-json\/wp\/v2\/product_cat?post=253659"},{"taxonomy":"product_tag","embeddable":true,"href":"https:\/\/compuviper.mx\/tienda\/wp-json\/wp\/v2\/product_tag?post=253659"}],"curies":[{"name":"wp","href":"https:\/\/api.w.org\/{rel}","templated":true}]}}