{"id":253656,"date":"2026-04-14T01:14:36","date_gmt":"2026-04-14T07:14:36","guid":{"rendered":"https:\/\/compuviper.mx\/tienda\/producto\/dell-jmf3d-laptop-15-dc15255-amd-ryzen-5-7520u-8gb-512gb-ssd-m-2-15-6-pulgadas-fhd-win-11-home-silver-garantia-1-year-carry-in-service-sns-la\/"},"modified":"2026-04-14T01:14:37","modified_gmt":"2026-04-14T07:14:37","slug":"dell-jmf3d-laptop-15-dc15255-amd-ryzen-5-7520u-8gb-512gb-ssd-m-2-15-6-pulgadas-fhd-win-11-home-silver-garantia-1-year-carry-in-service-sns-la","status":"publish","type":"product","link":"https:\/\/compuviper.mx\/tienda\/producto\/dell-jmf3d-laptop-15-dc15255-amd-ryzen-5-7520u-8gb-512gb-ssd-m-2-15-6-pulgadas-fhd-win-11-home-silver-garantia-1-year-carry-in-service-sns-la\/","title":{"rendered":"Dell Jmf3d Laptop  15 Dc15255 Amd Ryzen 5 7520u 8gb 512gb Ssd M.2 15.6 Pulgadas Fhd Win 11 Home Silver Garantia 1 Year Carry-in Service Sns-la"},"content":{"rendered":"<table class=\"descripcion\">\n<tr>\n<td>Laptop dell 15 dc15255<\/td>\n<\/tr>\n<tr>\n<td>Procesador: amd ryzen 5 7520u<\/td>\n<\/tr>\n<tr>\n<td>Ram: 8gb lpddr5 5500 mt\/s<\/td>\n<\/tr>\n<tr>\n<td>Almacenamiento: 512gb qlc cl25 m.2 ssd<\/td>\n<\/tr>\n<tr>\n<td>Pantalla 15.6 pulgadas fhd<\/td>\n<\/tr>\n<tr>\n<td>Sistema operativo: win 11 home<\/td>\n<\/tr>\n<tr>\n<td>Color: silver<\/td>\n<\/tr>\n<tr>\n<td>Garantia 1 year carry-in service sns-la | jmf3d<\/td>\n<\/tr>\n<\/table>\n","protected":false},"excerpt":{"rendered":"<p>La nueva dell 15 es tu compa\u00f1era ideal para el d\u00eda a d\u00eda. Dise\u00f1ada pensando en la productividad y el entretenimiento, esta laptop de 15 pulgadas ofrece un equilibrio perfecto entre rendimiento fiable y accesibilidad. Disfruta de tus tareas diarias, navega por la web, gestiona tus correos y reproduce contenido multimedia con fluidez gracias a sus procesadores eficientes. Su pantalla de 15.6 pulgadas te brinda un espacio amplio para trabajar y ver tus pel\u00edculas favoritas con comodidad. Adem\u00e1s, su dise\u00f1o pr\u00e1ctico y duradero la convierte en una opci\u00f3n inteligente para estudiantes, profesionales y usuarios dom\u00e9sticos que buscan una experiencia inform\u00e1tica sencilla y eficaz.<\/p>\n","protected":false},"featured_media":260324,"comment_status":"open","ping_status":"open","template":"","meta":[],"product_cat":[1886,1887],"product_tag":[1537],"acf":[],"yoast_head":"<!-- This site is optimized with the Yoast SEO plugin v21.7 - https:\/\/yoast.com\/wordpress\/plugins\/seo\/ -->\n<title>[ Dell ] &#129351; Jmf3d Laptop 15 Dc15255 Amd Ryzen 5 7520u 8gb 512gb Ssd M.2 15.6 Pulgadas Fhd Win 11 Home Silver Garantia 1 Year Carry-in Service Sns-la<\/title>\n<meta name=\"description\" content=\"Compra Jmf3d Laptop 15 Dc15255 Amd Ryzen 5 7520u 8gb 512gb Ssd M.2 15.6 Pulgadas Fhd Win 11 Home Silver Garantia 1 Year Carry-in Service Sns-la + Env\u00edo a domicilio + Pago seguro + Garant\u00eda\" \/>\n<meta name=\"robots\" content=\"index, follow, max-snippet:-1, max-image-preview:large, max-video-preview:-1\" \/>\n<link rel=\"canonical\" href=\"https:\/\/compuviper.mx\/tienda\/producto\/dell-jmf3d-laptop-15-dc15255-amd-ryzen-5-7520u-8gb-512gb-ssd-m-2-15-6-pulgadas-fhd-win-11-home-silver-garantia-1-year-carry-in-service-sns-la\/\" \/>\n<meta property=\"og:locale\" content=\"es_MX\" \/>\n<meta property=\"og:type\" content=\"article\" \/>\n<meta property=\"og:title\" content=\"[ Dell ] &#129351; Jmf3d Laptop 15 Dc15255 Amd Ryzen 5 7520u 8gb 512gb Ssd M.2 15.6 Pulgadas Fhd Win 11 Home Silver Garantia 1 Year Carry-in Service Sns-la\" \/>\n<meta property=\"og:description\" content=\"Compra Jmf3d Laptop 15 Dc15255 Amd Ryzen 5 7520u 8gb 512gb Ssd M.2 15.6 Pulgadas Fhd Win 11 Home Silver Garantia 1 Year Carry-in Service Sns-la + Env\u00edo a domicilio + Pago seguro + Garant\u00eda\" \/>\n<meta property=\"og:url\" content=\"https:\/\/compuviper.mx\/tienda\/producto\/dell-jmf3d-laptop-15-dc15255-amd-ryzen-5-7520u-8gb-512gb-ssd-m-2-15-6-pulgadas-fhd-win-11-home-silver-garantia-1-year-carry-in-service-sns-la\/\" \/>\n<meta property=\"og:site_name\" content=\"Compuviper\" \/>\n<meta property=\"article:publisher\" content=\"https:\/\/www.facebook.com\/compuviper\" \/>\n<meta property=\"article:modified_time\" content=\"2026-04-14T07:14:37+00:00\" \/>\n<meta property=\"og:image\" content=\"https:\/\/compuviper.mx\/tienda\/wp-content\/uploads\/2025\/10\/Laptop-dell-15-dc15255-amd-ryzen-5-7520u-8gb-512gb-ssd-m.2-15.6-pulgadas-fhd-win-11-home-silver-garantia-1-year-carry-in-service-sns-la-jmf3d.jpg\" \/>\n\t<meta property=\"og:image:width\" content=\"200\" \/>\n\t<meta property=\"og:image:height\" content=\"200\" \/>\n\t<meta property=\"og:image:type\" content=\"image\/jpeg\" \/>\n<meta name=\"twitter:card\" content=\"summary_large_image\" \/>\n<meta name=\"twitter:label1\" content=\"Precio\" \/>\n\t<meta name=\"twitter:data1\" content=\"&#36;11,405 &#36;9,907 con IVA\" \/>\n\t<meta name=\"twitter:label2\" content=\"Availability\" \/>\n\t<meta name=\"twitter:data2\" content=\"In stock\" \/>\n<script type=\"application\/ld+json\" class=\"yoast-schema-graph\">{\"@context\":\"https:\/\/schema.org\",\"@graph\":[{\"@type\":\"WebPage\",\"@id\":\"https:\/\/compuviper.mx\/tienda\/producto\/dell-jmf3d-laptop-15-dc15255-amd-ryzen-5-7520u-8gb-512gb-ssd-m-2-15-6-pulgadas-fhd-win-11-home-silver-garantia-1-year-carry-in-service-sns-la\/\",\"url\":\"https:\/\/compuviper.mx\/tienda\/producto\/dell-jmf3d-laptop-15-dc15255-amd-ryzen-5-7520u-8gb-512gb-ssd-m-2-15-6-pulgadas-fhd-win-11-home-silver-garantia-1-year-carry-in-service-sns-la\/\",\"name\":\"[ Dell ] &#129351; Jmf3d Laptop 15 Dc15255 Amd Ryzen 5 7520u 8gb 512gb Ssd M.2 15.6 Pulgadas Fhd Win 11 Home Silver Garantia 1 Year Carry-in Service Sns-la\",\"isPartOf\":{\"@id\":\"https:\/\/compuviper.mx\/tienda\/#website\"},\"datePublished\":\"2026-04-14T07:14:36+00:00\",\"dateModified\":\"2026-04-14T07:14:37+00:00\",\"description\":\"Compra Jmf3d Laptop 15 Dc15255 Amd Ryzen 5 7520u 8gb 512gb Ssd M.2 15.6 Pulgadas Fhd Win 11 Home Silver Garantia 1 Year Carry-in Service Sns-la + Env\u00edo a domicilio + Pago seguro + Garant\u00eda\",\"breadcrumb\":{\"@id\":\"https:\/\/compuviper.mx\/tienda\/producto\/dell-jmf3d-laptop-15-dc15255-amd-ryzen-5-7520u-8gb-512gb-ssd-m-2-15-6-pulgadas-fhd-win-11-home-silver-garantia-1-year-carry-in-service-sns-la\/#breadcrumb\"},\"inLanguage\":\"es-MX\",\"potentialAction\":[{\"@type\":\"ReadAction\",\"target\":[\"https:\/\/compuviper.mx\/tienda\/producto\/dell-jmf3d-laptop-15-dc15255-amd-ryzen-5-7520u-8gb-512gb-ssd-m-2-15-6-pulgadas-fhd-win-11-home-silver-garantia-1-year-carry-in-service-sns-la\/\"]}]},{\"@type\":\"BreadcrumbList\",\"@id\":\"https:\/\/compuviper.mx\/tienda\/producto\/dell-jmf3d-laptop-15-dc15255-amd-ryzen-5-7520u-8gb-512gb-ssd-m-2-15-6-pulgadas-fhd-win-11-home-silver-garantia-1-year-carry-in-service-sns-la\/#breadcrumb\",\"itemListElement\":[{\"@type\":\"ListItem\",\"position\":1,\"name\":\"Inicio\",\"item\":\"https:\/\/compuviper.mx\/tienda\/\"},{\"@type\":\"ListItem\",\"position\":2,\"name\":\"Productos\",\"item\":\"https:\/\/compuviper.mx\/tienda\/productos\/\"},{\"@type\":\"ListItem\",\"position\":3,\"name\":\"Laptops\",\"item\":\"https:\/\/compuviper.mx\/tienda\/categoria-producto\/laptops\/\"},{\"@type\":\"ListItem\",\"position\":4,\"name\":\"Notebook\",\"item\":\"https:\/\/compuviper.mx\/tienda\/categoria-producto\/laptops\/notebook-laptops\/\"},{\"@type\":\"ListItem\",\"position\":5,\"name\":\"Dell Jmf3d Laptop 15 Dc15255 Amd Ryzen 5 7520u 8gb 512gb Ssd M.2 15.6 Pulgadas Fhd Win 11 Home Silver Garantia 1 Year Carry-in Service Sns-la\"}]},{\"@type\":\"WebSite\",\"@id\":\"https:\/\/compuviper.mx\/tienda\/#website\",\"url\":\"https:\/\/compuviper.mx\/tienda\/\",\"name\":\"Compuviper\",\"description\":\"Proveedor de Computadoras, Laptops, Servidores, Monitores, Puntos de Venta, Teclados,   Impresoras, T\u00f3ner, C\u00e1maras de Seguridad y m\u00e1s en tu tienda en l\u00ednea\",\"publisher\":{\"@id\":\"https:\/\/compuviper.mx\/tienda\/#organization\"},\"potentialAction\":[{\"@type\":\"SearchAction\",\"target\":{\"@type\":\"EntryPoint\",\"urlTemplate\":\"https:\/\/compuviper.mx\/tienda\/?s={search_term_string}\"},\"query-input\":\"required name=search_term_string\"}],\"inLanguage\":\"es-MX\"},{\"@type\":\"Organization\",\"@id\":\"https:\/\/compuviper.mx\/tienda\/#organization\",\"name\":\"Compuviper\",\"url\":\"https:\/\/compuviper.mx\/tienda\/\",\"logo\":{\"@type\":\"ImageObject\",\"inLanguage\":\"es-MX\",\"@id\":\"https:\/\/compuviper.mx\/tienda\/#\/schema\/logo\/image\/\",\"url\":\"https:\/\/compuviper.mx\/tienda\/wp-content\/uploads\/2021\/08\/Logo-Compuviper-10.png\",\"contentUrl\":\"https:\/\/compuviper.mx\/tienda\/wp-content\/uploads\/2021\/08\/Logo-Compuviper-10.png\",\"width\":1000,\"height\":500,\"caption\":\"Compuviper\"},\"image\":{\"@id\":\"https:\/\/compuviper.mx\/tienda\/#\/schema\/logo\/image\/\"},\"sameAs\":[\"https:\/\/www.facebook.com\/compuviper\",\"https:\/\/www.youtube.com\/channel\/UCf73dERp9Y3cfOq7q8BhLjA?view_as=subscriber\"]}]}<\/script>\n<meta property=\"product:brand\" content=\"DELL\" \/>\n<meta property=\"product:price:amount\" content=\"9907\" \/>\n<meta property=\"product:price:currency\" content=\"MXN\" \/>\n<meta property=\"og:availability\" content=\"instock\" \/>\n<meta property=\"product:availability\" content=\"instock\" \/>\n<meta property=\"product:retailer_item_id\" content=\"JMF3D\" \/>\n<meta property=\"product:condition\" content=\"new\" \/>\n<!-- \/ Yoast SEO plugin. -->","yoast_head_json":{"title":"[ Dell ] &#129351; Jmf3d Laptop 15 Dc15255 Amd Ryzen 5 7520u 8gb 512gb Ssd M.2 15.6 Pulgadas Fhd Win 11 Home Silver Garantia 1 Year Carry-in Service Sns-la","description":"Compra Jmf3d Laptop 15 Dc15255 Amd Ryzen 5 7520u 8gb 512gb Ssd M.2 15.6 Pulgadas Fhd Win 11 Home Silver Garantia 1 Year Carry-in Service Sns-la + Env\u00edo a domicilio + Pago seguro + Garant\u00eda","robots":{"index":"index","follow":"follow","max-snippet":"max-snippet:-1","max-image-preview":"max-image-preview:large","max-video-preview":"max-video-preview:-1"},"canonical":"https:\/\/compuviper.mx\/tienda\/producto\/dell-jmf3d-laptop-15-dc15255-amd-ryzen-5-7520u-8gb-512gb-ssd-m-2-15-6-pulgadas-fhd-win-11-home-silver-garantia-1-year-carry-in-service-sns-la\/","og_locale":"es_MX","og_type":"article","og_title":"[ Dell ] &#129351; Jmf3d Laptop 15 Dc15255 Amd Ryzen 5 7520u 8gb 512gb Ssd M.2 15.6 Pulgadas Fhd Win 11 Home Silver Garantia 1 Year Carry-in Service Sns-la","og_description":"Compra Jmf3d Laptop 15 Dc15255 Amd Ryzen 5 7520u 8gb 512gb Ssd M.2 15.6 Pulgadas Fhd Win 11 Home Silver Garantia 1 Year Carry-in Service Sns-la + Env\u00edo a domicilio + Pago seguro + Garant\u00eda","og_url":"https:\/\/compuviper.mx\/tienda\/producto\/dell-jmf3d-laptop-15-dc15255-amd-ryzen-5-7520u-8gb-512gb-ssd-m-2-15-6-pulgadas-fhd-win-11-home-silver-garantia-1-year-carry-in-service-sns-la\/","og_site_name":"Compuviper","article_publisher":"https:\/\/www.facebook.com\/compuviper","article_modified_time":"2026-04-14T07:14:37+00:00","og_image":[{"width":200,"height":200,"url":"https:\/\/compuviper.mx\/tienda\/wp-content\/uploads\/2025\/10\/Laptop-dell-15-dc15255-amd-ryzen-5-7520u-8gb-512gb-ssd-m.2-15.6-pulgadas-fhd-win-11-home-silver-garantia-1-year-carry-in-service-sns-la-jmf3d.jpg","type":"image\/jpeg"}],"twitter_card":"summary_large_image","twitter_misc":{"Precio":"&#36;11,405 &#36;9,907 con IVA","Availability":"In stock"},"schema":{"@context":"https:\/\/schema.org","@graph":[{"@type":"WebPage","@id":"https:\/\/compuviper.mx\/tienda\/producto\/dell-jmf3d-laptop-15-dc15255-amd-ryzen-5-7520u-8gb-512gb-ssd-m-2-15-6-pulgadas-fhd-win-11-home-silver-garantia-1-year-carry-in-service-sns-la\/","url":"https:\/\/compuviper.mx\/tienda\/producto\/dell-jmf3d-laptop-15-dc15255-amd-ryzen-5-7520u-8gb-512gb-ssd-m-2-15-6-pulgadas-fhd-win-11-home-silver-garantia-1-year-carry-in-service-sns-la\/","name":"[ Dell ] &#129351; Jmf3d Laptop 15 Dc15255 Amd Ryzen 5 7520u 8gb 512gb Ssd M.2 15.6 Pulgadas Fhd Win 11 Home Silver Garantia 1 Year Carry-in Service Sns-la","isPartOf":{"@id":"https:\/\/compuviper.mx\/tienda\/#website"},"datePublished":"2026-04-14T07:14:36+00:00","dateModified":"2026-04-14T07:14:37+00:00","description":"Compra Jmf3d Laptop 15 Dc15255 Amd Ryzen 5 7520u 8gb 512gb Ssd M.2 15.6 Pulgadas Fhd Win 11 Home Silver Garantia 1 Year Carry-in Service Sns-la + Env\u00edo a domicilio + Pago seguro + Garant\u00eda","breadcrumb":{"@id":"https:\/\/compuviper.mx\/tienda\/producto\/dell-jmf3d-laptop-15-dc15255-amd-ryzen-5-7520u-8gb-512gb-ssd-m-2-15-6-pulgadas-fhd-win-11-home-silver-garantia-1-year-carry-in-service-sns-la\/#breadcrumb"},"inLanguage":"es-MX","potentialAction":[{"@type":"ReadAction","target":["https:\/\/compuviper.mx\/tienda\/producto\/dell-jmf3d-laptop-15-dc15255-amd-ryzen-5-7520u-8gb-512gb-ssd-m-2-15-6-pulgadas-fhd-win-11-home-silver-garantia-1-year-carry-in-service-sns-la\/"]}]},{"@type":"BreadcrumbList","@id":"https:\/\/compuviper.mx\/tienda\/producto\/dell-jmf3d-laptop-15-dc15255-amd-ryzen-5-7520u-8gb-512gb-ssd-m-2-15-6-pulgadas-fhd-win-11-home-silver-garantia-1-year-carry-in-service-sns-la\/#breadcrumb","itemListElement":[{"@type":"ListItem","position":1,"name":"Inicio","item":"https:\/\/compuviper.mx\/tienda\/"},{"@type":"ListItem","position":2,"name":"Productos","item":"https:\/\/compuviper.mx\/tienda\/productos\/"},{"@type":"ListItem","position":3,"name":"Laptops","item":"https:\/\/compuviper.mx\/tienda\/categoria-producto\/laptops\/"},{"@type":"ListItem","position":4,"name":"Notebook","item":"https:\/\/compuviper.mx\/tienda\/categoria-producto\/laptops\/notebook-laptops\/"},{"@type":"ListItem","position":5,"name":"Dell Jmf3d Laptop 15 Dc15255 Amd Ryzen 5 7520u 8gb 512gb Ssd M.2 15.6 Pulgadas Fhd Win 11 Home Silver Garantia 1 Year Carry-in Service Sns-la"}]},{"@type":"WebSite","@id":"https:\/\/compuviper.mx\/tienda\/#website","url":"https:\/\/compuviper.mx\/tienda\/","name":"Compuviper","description":"Proveedor de Computadoras, Laptops, Servidores, Monitores, Puntos de Venta, Teclados,   Impresoras, T\u00f3ner, C\u00e1maras de Seguridad y m\u00e1s en tu tienda en l\u00ednea","publisher":{"@id":"https:\/\/compuviper.mx\/tienda\/#organization"},"potentialAction":[{"@type":"SearchAction","target":{"@type":"EntryPoint","urlTemplate":"https:\/\/compuviper.mx\/tienda\/?s={search_term_string}"},"query-input":"required name=search_term_string"}],"inLanguage":"es-MX"},{"@type":"Organization","@id":"https:\/\/compuviper.mx\/tienda\/#organization","name":"Compuviper","url":"https:\/\/compuviper.mx\/tienda\/","logo":{"@type":"ImageObject","inLanguage":"es-MX","@id":"https:\/\/compuviper.mx\/tienda\/#\/schema\/logo\/image\/","url":"https:\/\/compuviper.mx\/tienda\/wp-content\/uploads\/2021\/08\/Logo-Compuviper-10.png","contentUrl":"https:\/\/compuviper.mx\/tienda\/wp-content\/uploads\/2021\/08\/Logo-Compuviper-10.png","width":1000,"height":500,"caption":"Compuviper"},"image":{"@id":"https:\/\/compuviper.mx\/tienda\/#\/schema\/logo\/image\/"},"sameAs":["https:\/\/www.facebook.com\/compuviper","https:\/\/www.youtube.com\/channel\/UCf73dERp9Y3cfOq7q8BhLjA?view_as=subscriber"]}]},"product_brand":"DELL","product_price_amount":"9907","product_price_currency":"MXN","og_availability":"instock","product_availability":"instock","product_retailer_item_id":"JMF3D","product_condition":"new"},"_links":{"self":[{"href":"https:\/\/compuviper.mx\/tienda\/wp-json\/wp\/v2\/product\/253656"}],"collection":[{"href":"https:\/\/compuviper.mx\/tienda\/wp-json\/wp\/v2\/product"}],"about":[{"href":"https:\/\/compuviper.mx\/tienda\/wp-json\/wp\/v2\/types\/product"}],"replies":[{"embeddable":true,"href":"https:\/\/compuviper.mx\/tienda\/wp-json\/wp\/v2\/comments?post=253656"}],"wp:featuredmedia":[{"embeddable":true,"href":"https:\/\/compuviper.mx\/tienda\/wp-json\/wp\/v2\/media\/260324"}],"wp:attachment":[{"href":"https:\/\/compuviper.mx\/tienda\/wp-json\/wp\/v2\/media?parent=253656"}],"wp:term":[{"taxonomy":"product_cat","embeddable":true,"href":"https:\/\/compuviper.mx\/tienda\/wp-json\/wp\/v2\/product_cat?post=253656"},{"taxonomy":"product_tag","embeddable":true,"href":"https:\/\/compuviper.mx\/tienda\/wp-json\/wp\/v2\/product_tag?post=253656"}],"curies":[{"name":"wp","href":"https:\/\/api.w.org\/{rel}","templated":true}]}}