{"id":253652,"date":"2026-04-09T01:23:18","date_gmt":"2026-04-09T07:23:18","guid":{"rendered":"https:\/\/compuviper.mx\/tienda\/producto\/dell-0y8rm-laptop-15-dc15250-intel-core-i7-1355u-16gb-1x16-gb-512gb-m-2-ssd-15-6-fhd-win-11-home-silver-1-year-carry-in-service-sns-la\/"},"modified":"2026-04-09T01:23:18","modified_gmt":"2026-04-09T07:23:18","slug":"dell-0y8rm-laptop-15-dc15250-intel-core-i7-1355u-16gb-1x16-gb-512gb-m-2-ssd-15-6-fhd-win-11-home-silver-1-year-carry-in-service-sns-la","status":"publish","type":"product","link":"https:\/\/compuviper.mx\/tienda\/producto\/dell-0y8rm-laptop-15-dc15250-intel-core-i7-1355u-16gb-1x16-gb-512gb-m-2-ssd-15-6-fhd-win-11-home-silver-1-year-carry-in-service-sns-la\/","title":{"rendered":"Dell 0y8rm Laptop  15 Dc15250 Intel Core I7-1355u 16gb 1&#215;16 Gb 512gb M.2 Ssd 15.6 Fhd Win 11 Home Silver 1 Year Carry-in Service Sns-la"},"content":{"rendered":"<table class=\"descripcion\">\n<tr>\n<td>Laptop dell 15 dc15250<\/td>\n<\/tr>\n<tr>\n<td>Procesador: intel core i7-1355u 10 cores<\/td>\n<\/tr>\n<tr>\n<td>Ram: 16gb (1&#215;16 gb)<\/td>\n<\/tr>\n<tr>\n<td>Almacenamiento: 512gb qlc clase 25 m.2 ssd<\/td>\n<\/tr>\n<tr>\n<td>Pantalla de 15.6 fhd no touch, 1920 x 1080 , 120 hz ips antireflejo<\/td>\n<\/tr>\n<tr>\n<td>Sistema operativo: windows 11 home  single lenguage<\/td>\n<\/tr>\n<tr>\n<td>Color: silver<\/td>\n<\/tr>\n<tr>\n<td>Bateria de 4 celdas<\/td>\n<\/tr>\n<tr>\n<td>Teclado en espa\u00f1ol<\/td>\n<\/tr>\n<tr>\n<td>1 year carry-in service sns-la | 0y8rm<\/td>\n<\/tr>\n<\/table>\n","protected":false},"excerpt":{"rendered":"<p>Dell 15: tu compa\u00f1ero ideal para productividad y entretenimiento. Presentamos la nueva dell 15, la laptop dise\u00f1ada para mantener tu ritmo y potenciar cada d\u00eda. Equipada para ofrecer un equilibrio perfecto entre rendimiento, dise\u00f1o y precio, es la opci\u00f3n inteligente para estudiantes, profesionales y familias que buscan una experiencia inform\u00e1tica fluida y confiable. Con su vibrante pantalla de 15 pulgadas, disfruta de tus pel\u00edculas favoritas, trabaja en tus proyectos o navega por la web con una claridad impresionante. Su dise\u00f1o moderno y elegante la convierte en el centro de atenci\u00f3n, mientras que su construcci\u00f3n robusta garantiza durabilidad para el ajetreo diario.<\/p>\n","protected":false},"featured_media":260320,"comment_status":"open","ping_status":"open","template":"","meta":[],"product_cat":[1886,1887],"product_tag":[1537],"acf":[],"yoast_head":"<!-- This site is optimized with the Yoast SEO plugin v21.7 - https:\/\/yoast.com\/wordpress\/plugins\/seo\/ -->\n<title>[ Dell ] &#129351; 0y8rm Laptop 15 Dc15250 Intel Core I7-1355u 16gb 1x16 Gb 512gb M.2 Ssd 15.6 Fhd Win 11 Home Silver 1 Year Carry-in Service Sns-la<\/title>\n<meta name=\"description\" content=\"Compra 0y8rm Laptop 15 Dc15250 Intel Core I7-1355u 16gb 1x16 Gb 512gb M.2 Ssd 15.6 Fhd Win 11 Home Silver 1 Year Carry-in Service Sns-la + Env\u00edo a domicilio + Pago seguro + Garant\u00eda\" \/>\n<meta name=\"robots\" content=\"index, follow, max-snippet:-1, max-image-preview:large, max-video-preview:-1\" \/>\n<link rel=\"canonical\" href=\"https:\/\/compuviper.mx\/tienda\/producto\/dell-0y8rm-laptop-15-dc15250-intel-core-i7-1355u-16gb-1x16-gb-512gb-m-2-ssd-15-6-fhd-win-11-home-silver-1-year-carry-in-service-sns-la\/\" \/>\n<meta property=\"og:locale\" content=\"es_MX\" \/>\n<meta property=\"og:type\" content=\"article\" \/>\n<meta property=\"og:title\" content=\"[ Dell ] &#129351; 0y8rm Laptop 15 Dc15250 Intel Core I7-1355u 16gb 1x16 Gb 512gb M.2 Ssd 15.6 Fhd Win 11 Home Silver 1 Year Carry-in Service Sns-la\" \/>\n<meta property=\"og:description\" content=\"Compra 0y8rm Laptop 15 Dc15250 Intel Core I7-1355u 16gb 1x16 Gb 512gb M.2 Ssd 15.6 Fhd Win 11 Home Silver 1 Year Carry-in Service Sns-la + Env\u00edo a domicilio + Pago seguro + Garant\u00eda\" \/>\n<meta property=\"og:url\" content=\"https:\/\/compuviper.mx\/tienda\/producto\/dell-0y8rm-laptop-15-dc15250-intel-core-i7-1355u-16gb-1x16-gb-512gb-m-2-ssd-15-6-fhd-win-11-home-silver-1-year-carry-in-service-sns-la\/\" \/>\n<meta property=\"og:site_name\" content=\"Compuviper\" \/>\n<meta property=\"article:publisher\" content=\"https:\/\/www.facebook.com\/compuviper\" \/>\n<meta property=\"og:image\" content=\"https:\/\/compuviper.mx\/tienda\/wp-content\/uploads\/2025\/10\/Laptop-dell-15-dc15250-intel-core-i7-1355u-16gb-1x16-gb-512gb-m.2-ssd-15.6-fhd-win-11-home-silver-1-year-carry-in-service-sns-la-0y8rm.jpg\" \/>\n\t<meta property=\"og:image:width\" content=\"200\" \/>\n\t<meta property=\"og:image:height\" content=\"200\" \/>\n\t<meta property=\"og:image:type\" content=\"image\/jpeg\" \/>\n<meta name=\"twitter:card\" content=\"summary_large_image\" \/>\n<meta name=\"twitter:label1\" content=\"Precio\" \/>\n\t<meta name=\"twitter:data1\" content=\"&#36;15,294 con IVA\" \/>\n\t<meta name=\"twitter:label2\" content=\"Availability\" \/>\n\t<meta name=\"twitter:data2\" content=\"In stock\" \/>\n<script type=\"application\/ld+json\" class=\"yoast-schema-graph\">{\"@context\":\"https:\/\/schema.org\",\"@graph\":[{\"@type\":\"WebPage\",\"@id\":\"https:\/\/compuviper.mx\/tienda\/producto\/dell-0y8rm-laptop-15-dc15250-intel-core-i7-1355u-16gb-1x16-gb-512gb-m-2-ssd-15-6-fhd-win-11-home-silver-1-year-carry-in-service-sns-la\/\",\"url\":\"https:\/\/compuviper.mx\/tienda\/producto\/dell-0y8rm-laptop-15-dc15250-intel-core-i7-1355u-16gb-1x16-gb-512gb-m-2-ssd-15-6-fhd-win-11-home-silver-1-year-carry-in-service-sns-la\/\",\"name\":\"[ Dell ] &#129351; 0y8rm Laptop 15 Dc15250 Intel Core I7-1355u 16gb 1x16 Gb 512gb M.2 Ssd 15.6 Fhd Win 11 Home Silver 1 Year Carry-in Service Sns-la\",\"isPartOf\":{\"@id\":\"https:\/\/compuviper.mx\/tienda\/#website\"},\"datePublished\":\"2026-04-09T07:23:18+00:00\",\"dateModified\":\"2026-04-09T07:23:18+00:00\",\"description\":\"Compra 0y8rm Laptop 15 Dc15250 Intel Core I7-1355u 16gb 1x16 Gb 512gb M.2 Ssd 15.6 Fhd Win 11 Home Silver 1 Year Carry-in Service Sns-la + Env\u00edo a domicilio + Pago seguro + Garant\u00eda\",\"breadcrumb\":{\"@id\":\"https:\/\/compuviper.mx\/tienda\/producto\/dell-0y8rm-laptop-15-dc15250-intel-core-i7-1355u-16gb-1x16-gb-512gb-m-2-ssd-15-6-fhd-win-11-home-silver-1-year-carry-in-service-sns-la\/#breadcrumb\"},\"inLanguage\":\"es-MX\",\"potentialAction\":[{\"@type\":\"ReadAction\",\"target\":[\"https:\/\/compuviper.mx\/tienda\/producto\/dell-0y8rm-laptop-15-dc15250-intel-core-i7-1355u-16gb-1x16-gb-512gb-m-2-ssd-15-6-fhd-win-11-home-silver-1-year-carry-in-service-sns-la\/\"]}]},{\"@type\":\"BreadcrumbList\",\"@id\":\"https:\/\/compuviper.mx\/tienda\/producto\/dell-0y8rm-laptop-15-dc15250-intel-core-i7-1355u-16gb-1x16-gb-512gb-m-2-ssd-15-6-fhd-win-11-home-silver-1-year-carry-in-service-sns-la\/#breadcrumb\",\"itemListElement\":[{\"@type\":\"ListItem\",\"position\":1,\"name\":\"Inicio\",\"item\":\"https:\/\/compuviper.mx\/tienda\/\"},{\"@type\":\"ListItem\",\"position\":2,\"name\":\"Productos\",\"item\":\"https:\/\/compuviper.mx\/tienda\/productos\/\"},{\"@type\":\"ListItem\",\"position\":3,\"name\":\"Laptops\",\"item\":\"https:\/\/compuviper.mx\/tienda\/categoria-producto\/laptops\/\"},{\"@type\":\"ListItem\",\"position\":4,\"name\":\"Notebook\",\"item\":\"https:\/\/compuviper.mx\/tienda\/categoria-producto\/laptops\/notebook-laptops\/\"},{\"@type\":\"ListItem\",\"position\":5,\"name\":\"Dell 0y8rm Laptop 15 Dc15250 Intel Core I7-1355u 16gb 1&#215;16 Gb 512gb M.2 Ssd 15.6 Fhd Win 11 Home Silver 1 Year Carry-in Service Sns-la\"}]},{\"@type\":\"WebSite\",\"@id\":\"https:\/\/compuviper.mx\/tienda\/#website\",\"url\":\"https:\/\/compuviper.mx\/tienda\/\",\"name\":\"Compuviper\",\"description\":\"Proveedor de Computadoras, Laptops, Servidores, Monitores, Puntos de Venta, Teclados,   Impresoras, T\u00f3ner, C\u00e1maras de Seguridad y m\u00e1s en tu tienda en l\u00ednea\",\"publisher\":{\"@id\":\"https:\/\/compuviper.mx\/tienda\/#organization\"},\"potentialAction\":[{\"@type\":\"SearchAction\",\"target\":{\"@type\":\"EntryPoint\",\"urlTemplate\":\"https:\/\/compuviper.mx\/tienda\/?s={search_term_string}\"},\"query-input\":\"required name=search_term_string\"}],\"inLanguage\":\"es-MX\"},{\"@type\":\"Organization\",\"@id\":\"https:\/\/compuviper.mx\/tienda\/#organization\",\"name\":\"Compuviper\",\"url\":\"https:\/\/compuviper.mx\/tienda\/\",\"logo\":{\"@type\":\"ImageObject\",\"inLanguage\":\"es-MX\",\"@id\":\"https:\/\/compuviper.mx\/tienda\/#\/schema\/logo\/image\/\",\"url\":\"https:\/\/compuviper.mx\/tienda\/wp-content\/uploads\/2021\/08\/Logo-Compuviper-10.png\",\"contentUrl\":\"https:\/\/compuviper.mx\/tienda\/wp-content\/uploads\/2021\/08\/Logo-Compuviper-10.png\",\"width\":1000,\"height\":500,\"caption\":\"Compuviper\"},\"image\":{\"@id\":\"https:\/\/compuviper.mx\/tienda\/#\/schema\/logo\/image\/\"},\"sameAs\":[\"https:\/\/www.facebook.com\/compuviper\",\"https:\/\/www.youtube.com\/channel\/UCf73dERp9Y3cfOq7q8BhLjA?view_as=subscriber\"]}]}<\/script>\n<meta property=\"product:brand\" content=\"DELL\" \/>\n<meta property=\"product:price:amount\" content=\"15294\" \/>\n<meta property=\"product:price:currency\" content=\"MXN\" \/>\n<meta property=\"og:availability\" content=\"instock\" \/>\n<meta property=\"product:availability\" content=\"instock\" \/>\n<meta property=\"product:retailer_item_id\" content=\"0Y8RM\" \/>\n<meta property=\"product:condition\" content=\"new\" \/>\n<!-- \/ Yoast SEO plugin. -->","yoast_head_json":{"title":"[ Dell ] &#129351; 0y8rm Laptop 15 Dc15250 Intel Core I7-1355u 16gb 1x16 Gb 512gb M.2 Ssd 15.6 Fhd Win 11 Home Silver 1 Year Carry-in Service Sns-la","description":"Compra 0y8rm Laptop 15 Dc15250 Intel Core I7-1355u 16gb 1x16 Gb 512gb M.2 Ssd 15.6 Fhd Win 11 Home Silver 1 Year Carry-in Service Sns-la + Env\u00edo a domicilio + Pago seguro + Garant\u00eda","robots":{"index":"index","follow":"follow","max-snippet":"max-snippet:-1","max-image-preview":"max-image-preview:large","max-video-preview":"max-video-preview:-1"},"canonical":"https:\/\/compuviper.mx\/tienda\/producto\/dell-0y8rm-laptop-15-dc15250-intel-core-i7-1355u-16gb-1x16-gb-512gb-m-2-ssd-15-6-fhd-win-11-home-silver-1-year-carry-in-service-sns-la\/","og_locale":"es_MX","og_type":"article","og_title":"[ Dell ] &#129351; 0y8rm Laptop 15 Dc15250 Intel Core I7-1355u 16gb 1x16 Gb 512gb M.2 Ssd 15.6 Fhd Win 11 Home Silver 1 Year Carry-in Service Sns-la","og_description":"Compra 0y8rm Laptop 15 Dc15250 Intel Core I7-1355u 16gb 1x16 Gb 512gb M.2 Ssd 15.6 Fhd Win 11 Home Silver 1 Year Carry-in Service Sns-la + Env\u00edo a domicilio + Pago seguro + Garant\u00eda","og_url":"https:\/\/compuviper.mx\/tienda\/producto\/dell-0y8rm-laptop-15-dc15250-intel-core-i7-1355u-16gb-1x16-gb-512gb-m-2-ssd-15-6-fhd-win-11-home-silver-1-year-carry-in-service-sns-la\/","og_site_name":"Compuviper","article_publisher":"https:\/\/www.facebook.com\/compuviper","og_image":[{"width":200,"height":200,"url":"https:\/\/compuviper.mx\/tienda\/wp-content\/uploads\/2025\/10\/Laptop-dell-15-dc15250-intel-core-i7-1355u-16gb-1x16-gb-512gb-m.2-ssd-15.6-fhd-win-11-home-silver-1-year-carry-in-service-sns-la-0y8rm.jpg","type":"image\/jpeg"}],"twitter_card":"summary_large_image","twitter_misc":{"Precio":"&#36;15,294 con IVA","Availability":"In stock"},"schema":{"@context":"https:\/\/schema.org","@graph":[{"@type":"WebPage","@id":"https:\/\/compuviper.mx\/tienda\/producto\/dell-0y8rm-laptop-15-dc15250-intel-core-i7-1355u-16gb-1x16-gb-512gb-m-2-ssd-15-6-fhd-win-11-home-silver-1-year-carry-in-service-sns-la\/","url":"https:\/\/compuviper.mx\/tienda\/producto\/dell-0y8rm-laptop-15-dc15250-intel-core-i7-1355u-16gb-1x16-gb-512gb-m-2-ssd-15-6-fhd-win-11-home-silver-1-year-carry-in-service-sns-la\/","name":"[ Dell ] &#129351; 0y8rm Laptop 15 Dc15250 Intel Core I7-1355u 16gb 1x16 Gb 512gb M.2 Ssd 15.6 Fhd Win 11 Home Silver 1 Year Carry-in Service Sns-la","isPartOf":{"@id":"https:\/\/compuviper.mx\/tienda\/#website"},"datePublished":"2026-04-09T07:23:18+00:00","dateModified":"2026-04-09T07:23:18+00:00","description":"Compra 0y8rm Laptop 15 Dc15250 Intel Core I7-1355u 16gb 1x16 Gb 512gb M.2 Ssd 15.6 Fhd Win 11 Home Silver 1 Year Carry-in Service Sns-la + Env\u00edo a domicilio + Pago seguro + Garant\u00eda","breadcrumb":{"@id":"https:\/\/compuviper.mx\/tienda\/producto\/dell-0y8rm-laptop-15-dc15250-intel-core-i7-1355u-16gb-1x16-gb-512gb-m-2-ssd-15-6-fhd-win-11-home-silver-1-year-carry-in-service-sns-la\/#breadcrumb"},"inLanguage":"es-MX","potentialAction":[{"@type":"ReadAction","target":["https:\/\/compuviper.mx\/tienda\/producto\/dell-0y8rm-laptop-15-dc15250-intel-core-i7-1355u-16gb-1x16-gb-512gb-m-2-ssd-15-6-fhd-win-11-home-silver-1-year-carry-in-service-sns-la\/"]}]},{"@type":"BreadcrumbList","@id":"https:\/\/compuviper.mx\/tienda\/producto\/dell-0y8rm-laptop-15-dc15250-intel-core-i7-1355u-16gb-1x16-gb-512gb-m-2-ssd-15-6-fhd-win-11-home-silver-1-year-carry-in-service-sns-la\/#breadcrumb","itemListElement":[{"@type":"ListItem","position":1,"name":"Inicio","item":"https:\/\/compuviper.mx\/tienda\/"},{"@type":"ListItem","position":2,"name":"Productos","item":"https:\/\/compuviper.mx\/tienda\/productos\/"},{"@type":"ListItem","position":3,"name":"Laptops","item":"https:\/\/compuviper.mx\/tienda\/categoria-producto\/laptops\/"},{"@type":"ListItem","position":4,"name":"Notebook","item":"https:\/\/compuviper.mx\/tienda\/categoria-producto\/laptops\/notebook-laptops\/"},{"@type":"ListItem","position":5,"name":"Dell 0y8rm Laptop 15 Dc15250 Intel Core I7-1355u 16gb 1&#215;16 Gb 512gb M.2 Ssd 15.6 Fhd Win 11 Home Silver 1 Year Carry-in Service Sns-la"}]},{"@type":"WebSite","@id":"https:\/\/compuviper.mx\/tienda\/#website","url":"https:\/\/compuviper.mx\/tienda\/","name":"Compuviper","description":"Proveedor de Computadoras, Laptops, Servidores, Monitores, Puntos de Venta, Teclados,   Impresoras, T\u00f3ner, C\u00e1maras de Seguridad y m\u00e1s en tu tienda en l\u00ednea","publisher":{"@id":"https:\/\/compuviper.mx\/tienda\/#organization"},"potentialAction":[{"@type":"SearchAction","target":{"@type":"EntryPoint","urlTemplate":"https:\/\/compuviper.mx\/tienda\/?s={search_term_string}"},"query-input":"required name=search_term_string"}],"inLanguage":"es-MX"},{"@type":"Organization","@id":"https:\/\/compuviper.mx\/tienda\/#organization","name":"Compuviper","url":"https:\/\/compuviper.mx\/tienda\/","logo":{"@type":"ImageObject","inLanguage":"es-MX","@id":"https:\/\/compuviper.mx\/tienda\/#\/schema\/logo\/image\/","url":"https:\/\/compuviper.mx\/tienda\/wp-content\/uploads\/2021\/08\/Logo-Compuviper-10.png","contentUrl":"https:\/\/compuviper.mx\/tienda\/wp-content\/uploads\/2021\/08\/Logo-Compuviper-10.png","width":1000,"height":500,"caption":"Compuviper"},"image":{"@id":"https:\/\/compuviper.mx\/tienda\/#\/schema\/logo\/image\/"},"sameAs":["https:\/\/www.facebook.com\/compuviper","https:\/\/www.youtube.com\/channel\/UCf73dERp9Y3cfOq7q8BhLjA?view_as=subscriber"]}]},"product_brand":"DELL","product_price_amount":"15294","product_price_currency":"MXN","og_availability":"instock","product_availability":"instock","product_retailer_item_id":"0Y8RM","product_condition":"new"},"_links":{"self":[{"href":"https:\/\/compuviper.mx\/tienda\/wp-json\/wp\/v2\/product\/253652"}],"collection":[{"href":"https:\/\/compuviper.mx\/tienda\/wp-json\/wp\/v2\/product"}],"about":[{"href":"https:\/\/compuviper.mx\/tienda\/wp-json\/wp\/v2\/types\/product"}],"replies":[{"embeddable":true,"href":"https:\/\/compuviper.mx\/tienda\/wp-json\/wp\/v2\/comments?post=253652"}],"wp:featuredmedia":[{"embeddable":true,"href":"https:\/\/compuviper.mx\/tienda\/wp-json\/wp\/v2\/media\/260320"}],"wp:attachment":[{"href":"https:\/\/compuviper.mx\/tienda\/wp-json\/wp\/v2\/media?parent=253652"}],"wp:term":[{"taxonomy":"product_cat","embeddable":true,"href":"https:\/\/compuviper.mx\/tienda\/wp-json\/wp\/v2\/product_cat?post=253652"},{"taxonomy":"product_tag","embeddable":true,"href":"https:\/\/compuviper.mx\/tienda\/wp-json\/wp\/v2\/product_tag?post=253652"}],"curies":[{"name":"wp","href":"https:\/\/api.w.org\/{rel}","templated":true}]}}