{"id":253650,"date":"2026-04-16T01:13:02","date_gmt":"2026-04-16T07:13:02","guid":{"rendered":"https:\/\/compuviper.mx\/tienda\/producto\/dell-ac16250_i5rplr165124050whs_1y-laptop-gamer-alienware-m16-aurora-ac16250-intel-core-5-210h-16gb-2-x-8-gb-512-gb-m-2-nvme-rtx-4050-6gb-win-11-home-16-pulgadas-black\/"},"modified":"2026-04-16T01:13:02","modified_gmt":"2026-04-16T07:13:02","slug":"dell-ac16250_i5rplr165124050whs_1y-laptop-gamer-alienware-m16-aurora-ac16250-intel-core-5-210h-16gb-2-x-8-gb-512-gb-m-2-nvme-rtx-4050-6gb-win-11-home-16-pulgadas-black","status":"publish","type":"product","link":"https:\/\/compuviper.mx\/tienda\/producto\/dell-ac16250_i5rplr165124050whs_1y-laptop-gamer-alienware-m16-aurora-ac16250-intel-core-5-210h-16gb-2-x-8-gb-512-gb-m-2-nvme-rtx-4050-6gb-win-11-home-16-pulgadas-black\/","title":{"rendered":"Dell Ac16250_i5rplr165124050whs_1y Laptop  Gamer Alienware M16 Aurora Ac16250 Intel Core 5-210h 16gb 2 X 8 Gb, 512 Gb M.2 Nvme Rtx 4050 6gb Win 11 Home 16 Pulgadas Black"},"content":{"rendered":"<table class=\"descripcion\">\n<tr>\n<td>Laptop dell gamer alienware ac16250<\/td>\n<\/tr>\n<tr>\n<td>Procesador: intel core 5 210h series 2<\/td>\n<\/tr>\n<tr>\n<td>Memoria ram; 16gb 2 x 8 gb<\/td>\n<\/tr>\n<tr>\n<td>Almacenamiento: 512 gb m.2 nvme clase 35<\/td>\n<\/tr>\n<tr>\n<td>Tarjeta de video: nvidia rtx 4050 6gb gddr6<\/td>\n<\/tr>\n<tr>\n<td>Sistema operativo: windows 11 home single lenguage<\/td>\n<\/tr>\n<tr>\n<td>Pantalla: 16 qhd  2560 x 1600 120 hz 300 nits confort view plus<\/td>\n<\/tr>\n<tr>\n<td>Color: black<\/td>\n<\/tr>\n<tr>\n<td>Bateria: 3 celdas<\/td>\n<\/tr>\n<\/table>\n","protected":false},"excerpt":{"rendered":"<p>Laptop gamer ac16250: potencia brutal para juegos. La laptop gamer alienware m16 aurora ac16250, una m\u00e1quina de juegos de alto rendimiento diseada para la inmersin total y un rendimiento excepcional. Rendimiento puro y sin distracciones. La alienware m16 aurora ac16250 est\u00e1 hecha para jugadores que exigen lo m\u00e1ximo. Combina componentes de ltima generacin con un diseo optimizado para asegurar una experiencia de juego fluida e inmersiva.<\/p>\n","protected":false},"featured_media":260318,"comment_status":"open","ping_status":"open","template":"","meta":[],"product_cat":[1886,1891],"product_tag":[1537],"acf":[],"yoast_head":"<!-- This site is optimized with the Yoast SEO plugin v21.7 - https:\/\/yoast.com\/wordpress\/plugins\/seo\/ -->\n<title>[ Dell ] &#129351; Ac16250_i5rplr165124050whs_1y Laptop Gamer Alienware M16 Aurora Ac16250 Intel Core 5-210h 16gb 2 X 8 Gb, 512 Gb M.2 Nvme Rtx 4050 6gb Win 11 Home 16 Pulgadas Black<\/title>\n<meta name=\"description\" content=\"Compra Ac16250_i5rplr165124050whs_1y Laptop Gamer Alienware M16 Aurora Ac16250 Intel Core 5-210h 16gb 2 X 8 Gb, 512 Gb M.2 Nvme Rtx 4050 6gb Win 11 Home 16 Pulgadas Black + Env\u00edo a domicilio + Pago seguro + Garant\u00eda\" \/>\n<meta name=\"robots\" content=\"index, follow, max-snippet:-1, max-image-preview:large, max-video-preview:-1\" \/>\n<link rel=\"canonical\" href=\"https:\/\/compuviper.mx\/tienda\/producto\/dell-ac16250_i5rplr165124050whs_1y-laptop-gamer-alienware-m16-aurora-ac16250-intel-core-5-210h-16gb-2-x-8-gb-512-gb-m-2-nvme-rtx-4050-6gb-win-11-home-16-pulgadas-black\/\" \/>\n<meta property=\"og:locale\" content=\"es_MX\" \/>\n<meta property=\"og:type\" content=\"article\" \/>\n<meta property=\"og:title\" content=\"[ Dell ] &#129351; Ac16250_i5rplr165124050whs_1y Laptop Gamer Alienware M16 Aurora Ac16250 Intel Core 5-210h 16gb 2 X 8 Gb, 512 Gb M.2 Nvme Rtx 4050 6gb Win 11 Home 16 Pulgadas Black\" \/>\n<meta property=\"og:description\" content=\"Compra Ac16250_i5rplr165124050whs_1y Laptop Gamer Alienware M16 Aurora Ac16250 Intel Core 5-210h 16gb 2 X 8 Gb, 512 Gb M.2 Nvme Rtx 4050 6gb Win 11 Home 16 Pulgadas Black + Env\u00edo a domicilio + Pago seguro + Garant\u00eda\" \/>\n<meta property=\"og:url\" content=\"https:\/\/compuviper.mx\/tienda\/producto\/dell-ac16250_i5rplr165124050whs_1y-laptop-gamer-alienware-m16-aurora-ac16250-intel-core-5-210h-16gb-2-x-8-gb-512-gb-m-2-nvme-rtx-4050-6gb-win-11-home-16-pulgadas-black\/\" \/>\n<meta property=\"og:site_name\" content=\"Compuviper\" \/>\n<meta property=\"article:publisher\" content=\"https:\/\/www.facebook.com\/compuviper\" \/>\n<meta property=\"og:image\" content=\"https:\/\/compuviper.mx\/tienda\/wp-content\/uploads\/2025\/10\/Laptop-dell-gamer-alienware-m16-aurora-ac16250-intel-core-5-210h-16gb-2-x-8-gb-512-gb-m.2-nvme-rtx-4050-6gb-win-11-home-16-pulgadas-black.jpg\" \/>\n\t<meta property=\"og:image:width\" content=\"200\" \/>\n\t<meta property=\"og:image:height\" content=\"200\" \/>\n\t<meta property=\"og:image:type\" content=\"image\/jpeg\" \/>\n<meta name=\"twitter:card\" content=\"summary_large_image\" \/>\n<meta name=\"twitter:label1\" content=\"Precio\" \/>\n\t<meta name=\"twitter:data1\" content=\"&#36;25,760 &#36;23,088 con IVA\" \/>\n\t<meta name=\"twitter:label2\" content=\"Availability\" \/>\n\t<meta name=\"twitter:data2\" content=\"In stock\" \/>\n<script type=\"application\/ld+json\" class=\"yoast-schema-graph\">{\"@context\":\"https:\/\/schema.org\",\"@graph\":[{\"@type\":\"WebPage\",\"@id\":\"https:\/\/compuviper.mx\/tienda\/producto\/dell-ac16250_i5rplr165124050whs_1y-laptop-gamer-alienware-m16-aurora-ac16250-intel-core-5-210h-16gb-2-x-8-gb-512-gb-m-2-nvme-rtx-4050-6gb-win-11-home-16-pulgadas-black\/\",\"url\":\"https:\/\/compuviper.mx\/tienda\/producto\/dell-ac16250_i5rplr165124050whs_1y-laptop-gamer-alienware-m16-aurora-ac16250-intel-core-5-210h-16gb-2-x-8-gb-512-gb-m-2-nvme-rtx-4050-6gb-win-11-home-16-pulgadas-black\/\",\"name\":\"[ Dell ] &#129351; Ac16250_i5rplr165124050whs_1y Laptop Gamer Alienware M16 Aurora Ac16250 Intel Core 5-210h 16gb 2 X 8 Gb, 512 Gb M.2 Nvme Rtx 4050 6gb Win 11 Home 16 Pulgadas Black\",\"isPartOf\":{\"@id\":\"https:\/\/compuviper.mx\/tienda\/#website\"},\"datePublished\":\"2026-04-16T07:13:02+00:00\",\"dateModified\":\"2026-04-16T07:13:02+00:00\",\"description\":\"Compra Ac16250_i5rplr165124050whs_1y Laptop Gamer Alienware M16 Aurora Ac16250 Intel Core 5-210h 16gb 2 X 8 Gb, 512 Gb M.2 Nvme Rtx 4050 6gb Win 11 Home 16 Pulgadas Black + Env\u00edo a domicilio + Pago seguro + Garant\u00eda\",\"breadcrumb\":{\"@id\":\"https:\/\/compuviper.mx\/tienda\/producto\/dell-ac16250_i5rplr165124050whs_1y-laptop-gamer-alienware-m16-aurora-ac16250-intel-core-5-210h-16gb-2-x-8-gb-512-gb-m-2-nvme-rtx-4050-6gb-win-11-home-16-pulgadas-black\/#breadcrumb\"},\"inLanguage\":\"es-MX\",\"potentialAction\":[{\"@type\":\"ReadAction\",\"target\":[\"https:\/\/compuviper.mx\/tienda\/producto\/dell-ac16250_i5rplr165124050whs_1y-laptop-gamer-alienware-m16-aurora-ac16250-intel-core-5-210h-16gb-2-x-8-gb-512-gb-m-2-nvme-rtx-4050-6gb-win-11-home-16-pulgadas-black\/\"]}]},{\"@type\":\"BreadcrumbList\",\"@id\":\"https:\/\/compuviper.mx\/tienda\/producto\/dell-ac16250_i5rplr165124050whs_1y-laptop-gamer-alienware-m16-aurora-ac16250-intel-core-5-210h-16gb-2-x-8-gb-512-gb-m-2-nvme-rtx-4050-6gb-win-11-home-16-pulgadas-black\/#breadcrumb\",\"itemListElement\":[{\"@type\":\"ListItem\",\"position\":1,\"name\":\"Inicio\",\"item\":\"https:\/\/compuviper.mx\/tienda\/\"},{\"@type\":\"ListItem\",\"position\":2,\"name\":\"Productos\",\"item\":\"https:\/\/compuviper.mx\/tienda\/productos\/\"},{\"@type\":\"ListItem\",\"position\":3,\"name\":\"Laptops\",\"item\":\"https:\/\/compuviper.mx\/tienda\/categoria-producto\/laptops\/\"},{\"@type\":\"ListItem\",\"position\":4,\"name\":\"Gaming\",\"item\":\"https:\/\/compuviper.mx\/tienda\/categoria-producto\/laptops\/gaming-laptops\/\"},{\"@type\":\"ListItem\",\"position\":5,\"name\":\"Dell Ac16250_i5rplr165124050whs_1y Laptop Gamer Alienware M16 Aurora Ac16250 Intel Core 5-210h 16gb 2 X 8 Gb, 512 Gb M.2 Nvme Rtx 4050 6gb Win 11 Home 16 Pulgadas Black\"}]},{\"@type\":\"WebSite\",\"@id\":\"https:\/\/compuviper.mx\/tienda\/#website\",\"url\":\"https:\/\/compuviper.mx\/tienda\/\",\"name\":\"Compuviper\",\"description\":\"Proveedor de Computadoras, Laptops, Servidores, Monitores, Puntos de Venta, Teclados,   Impresoras, T\u00f3ner, C\u00e1maras de Seguridad y m\u00e1s en tu tienda en l\u00ednea\",\"publisher\":{\"@id\":\"https:\/\/compuviper.mx\/tienda\/#organization\"},\"potentialAction\":[{\"@type\":\"SearchAction\",\"target\":{\"@type\":\"EntryPoint\",\"urlTemplate\":\"https:\/\/compuviper.mx\/tienda\/?s={search_term_string}\"},\"query-input\":\"required name=search_term_string\"}],\"inLanguage\":\"es-MX\"},{\"@type\":\"Organization\",\"@id\":\"https:\/\/compuviper.mx\/tienda\/#organization\",\"name\":\"Compuviper\",\"url\":\"https:\/\/compuviper.mx\/tienda\/\",\"logo\":{\"@type\":\"ImageObject\",\"inLanguage\":\"es-MX\",\"@id\":\"https:\/\/compuviper.mx\/tienda\/#\/schema\/logo\/image\/\",\"url\":\"https:\/\/compuviper.mx\/tienda\/wp-content\/uploads\/2021\/08\/Logo-Compuviper-10.png\",\"contentUrl\":\"https:\/\/compuviper.mx\/tienda\/wp-content\/uploads\/2021\/08\/Logo-Compuviper-10.png\",\"width\":1000,\"height\":500,\"caption\":\"Compuviper\"},\"image\":{\"@id\":\"https:\/\/compuviper.mx\/tienda\/#\/schema\/logo\/image\/\"},\"sameAs\":[\"https:\/\/www.facebook.com\/compuviper\",\"https:\/\/www.youtube.com\/channel\/UCf73dERp9Y3cfOq7q8BhLjA?view_as=subscriber\"]}]}<\/script>\n<meta property=\"product:brand\" content=\"DELL\" \/>\n<meta property=\"product:price:amount\" content=\"23088\" \/>\n<meta property=\"product:price:currency\" content=\"MXN\" \/>\n<meta property=\"og:availability\" content=\"instock\" \/>\n<meta property=\"product:availability\" content=\"instock\" \/>\n<meta property=\"product:retailer_item_id\" content=\"AC16250_I5RPLR165124050WHS_1Y\" \/>\n<meta property=\"product:condition\" content=\"new\" \/>\n<!-- \/ Yoast SEO plugin. -->","yoast_head_json":{"title":"[ Dell ] &#129351; Ac16250_i5rplr165124050whs_1y Laptop Gamer Alienware M16 Aurora Ac16250 Intel Core 5-210h 16gb 2 X 8 Gb, 512 Gb M.2 Nvme Rtx 4050 6gb Win 11 Home 16 Pulgadas Black","description":"Compra Ac16250_i5rplr165124050whs_1y Laptop Gamer Alienware M16 Aurora Ac16250 Intel Core 5-210h 16gb 2 X 8 Gb, 512 Gb M.2 Nvme Rtx 4050 6gb Win 11 Home 16 Pulgadas Black + Env\u00edo a domicilio + Pago seguro + Garant\u00eda","robots":{"index":"index","follow":"follow","max-snippet":"max-snippet:-1","max-image-preview":"max-image-preview:large","max-video-preview":"max-video-preview:-1"},"canonical":"https:\/\/compuviper.mx\/tienda\/producto\/dell-ac16250_i5rplr165124050whs_1y-laptop-gamer-alienware-m16-aurora-ac16250-intel-core-5-210h-16gb-2-x-8-gb-512-gb-m-2-nvme-rtx-4050-6gb-win-11-home-16-pulgadas-black\/","og_locale":"es_MX","og_type":"article","og_title":"[ Dell ] &#129351; Ac16250_i5rplr165124050whs_1y Laptop Gamer Alienware M16 Aurora Ac16250 Intel Core 5-210h 16gb 2 X 8 Gb, 512 Gb M.2 Nvme Rtx 4050 6gb Win 11 Home 16 Pulgadas Black","og_description":"Compra Ac16250_i5rplr165124050whs_1y Laptop Gamer Alienware M16 Aurora Ac16250 Intel Core 5-210h 16gb 2 X 8 Gb, 512 Gb M.2 Nvme Rtx 4050 6gb Win 11 Home 16 Pulgadas Black + Env\u00edo a domicilio + Pago seguro + Garant\u00eda","og_url":"https:\/\/compuviper.mx\/tienda\/producto\/dell-ac16250_i5rplr165124050whs_1y-laptop-gamer-alienware-m16-aurora-ac16250-intel-core-5-210h-16gb-2-x-8-gb-512-gb-m-2-nvme-rtx-4050-6gb-win-11-home-16-pulgadas-black\/","og_site_name":"Compuviper","article_publisher":"https:\/\/www.facebook.com\/compuviper","og_image":[{"width":200,"height":200,"url":"https:\/\/compuviper.mx\/tienda\/wp-content\/uploads\/2025\/10\/Laptop-dell-gamer-alienware-m16-aurora-ac16250-intel-core-5-210h-16gb-2-x-8-gb-512-gb-m.2-nvme-rtx-4050-6gb-win-11-home-16-pulgadas-black.jpg","type":"image\/jpeg"}],"twitter_card":"summary_large_image","twitter_misc":{"Precio":"&#36;25,760 &#36;23,088 con IVA","Availability":"In stock"},"schema":{"@context":"https:\/\/schema.org","@graph":[{"@type":"WebPage","@id":"https:\/\/compuviper.mx\/tienda\/producto\/dell-ac16250_i5rplr165124050whs_1y-laptop-gamer-alienware-m16-aurora-ac16250-intel-core-5-210h-16gb-2-x-8-gb-512-gb-m-2-nvme-rtx-4050-6gb-win-11-home-16-pulgadas-black\/","url":"https:\/\/compuviper.mx\/tienda\/producto\/dell-ac16250_i5rplr165124050whs_1y-laptop-gamer-alienware-m16-aurora-ac16250-intel-core-5-210h-16gb-2-x-8-gb-512-gb-m-2-nvme-rtx-4050-6gb-win-11-home-16-pulgadas-black\/","name":"[ Dell ] &#129351; Ac16250_i5rplr165124050whs_1y Laptop Gamer Alienware M16 Aurora Ac16250 Intel Core 5-210h 16gb 2 X 8 Gb, 512 Gb M.2 Nvme Rtx 4050 6gb Win 11 Home 16 Pulgadas Black","isPartOf":{"@id":"https:\/\/compuviper.mx\/tienda\/#website"},"datePublished":"2026-04-16T07:13:02+00:00","dateModified":"2026-04-16T07:13:02+00:00","description":"Compra Ac16250_i5rplr165124050whs_1y Laptop Gamer Alienware M16 Aurora Ac16250 Intel Core 5-210h 16gb 2 X 8 Gb, 512 Gb M.2 Nvme Rtx 4050 6gb Win 11 Home 16 Pulgadas Black + Env\u00edo a domicilio + Pago seguro + Garant\u00eda","breadcrumb":{"@id":"https:\/\/compuviper.mx\/tienda\/producto\/dell-ac16250_i5rplr165124050whs_1y-laptop-gamer-alienware-m16-aurora-ac16250-intel-core-5-210h-16gb-2-x-8-gb-512-gb-m-2-nvme-rtx-4050-6gb-win-11-home-16-pulgadas-black\/#breadcrumb"},"inLanguage":"es-MX","potentialAction":[{"@type":"ReadAction","target":["https:\/\/compuviper.mx\/tienda\/producto\/dell-ac16250_i5rplr165124050whs_1y-laptop-gamer-alienware-m16-aurora-ac16250-intel-core-5-210h-16gb-2-x-8-gb-512-gb-m-2-nvme-rtx-4050-6gb-win-11-home-16-pulgadas-black\/"]}]},{"@type":"BreadcrumbList","@id":"https:\/\/compuviper.mx\/tienda\/producto\/dell-ac16250_i5rplr165124050whs_1y-laptop-gamer-alienware-m16-aurora-ac16250-intel-core-5-210h-16gb-2-x-8-gb-512-gb-m-2-nvme-rtx-4050-6gb-win-11-home-16-pulgadas-black\/#breadcrumb","itemListElement":[{"@type":"ListItem","position":1,"name":"Inicio","item":"https:\/\/compuviper.mx\/tienda\/"},{"@type":"ListItem","position":2,"name":"Productos","item":"https:\/\/compuviper.mx\/tienda\/productos\/"},{"@type":"ListItem","position":3,"name":"Laptops","item":"https:\/\/compuviper.mx\/tienda\/categoria-producto\/laptops\/"},{"@type":"ListItem","position":4,"name":"Gaming","item":"https:\/\/compuviper.mx\/tienda\/categoria-producto\/laptops\/gaming-laptops\/"},{"@type":"ListItem","position":5,"name":"Dell Ac16250_i5rplr165124050whs_1y Laptop Gamer Alienware M16 Aurora Ac16250 Intel Core 5-210h 16gb 2 X 8 Gb, 512 Gb M.2 Nvme Rtx 4050 6gb Win 11 Home 16 Pulgadas Black"}]},{"@type":"WebSite","@id":"https:\/\/compuviper.mx\/tienda\/#website","url":"https:\/\/compuviper.mx\/tienda\/","name":"Compuviper","description":"Proveedor de Computadoras, Laptops, Servidores, Monitores, Puntos de Venta, Teclados,   Impresoras, T\u00f3ner, C\u00e1maras de Seguridad y m\u00e1s en tu tienda en l\u00ednea","publisher":{"@id":"https:\/\/compuviper.mx\/tienda\/#organization"},"potentialAction":[{"@type":"SearchAction","target":{"@type":"EntryPoint","urlTemplate":"https:\/\/compuviper.mx\/tienda\/?s={search_term_string}"},"query-input":"required name=search_term_string"}],"inLanguage":"es-MX"},{"@type":"Organization","@id":"https:\/\/compuviper.mx\/tienda\/#organization","name":"Compuviper","url":"https:\/\/compuviper.mx\/tienda\/","logo":{"@type":"ImageObject","inLanguage":"es-MX","@id":"https:\/\/compuviper.mx\/tienda\/#\/schema\/logo\/image\/","url":"https:\/\/compuviper.mx\/tienda\/wp-content\/uploads\/2021\/08\/Logo-Compuviper-10.png","contentUrl":"https:\/\/compuviper.mx\/tienda\/wp-content\/uploads\/2021\/08\/Logo-Compuviper-10.png","width":1000,"height":500,"caption":"Compuviper"},"image":{"@id":"https:\/\/compuviper.mx\/tienda\/#\/schema\/logo\/image\/"},"sameAs":["https:\/\/www.facebook.com\/compuviper","https:\/\/www.youtube.com\/channel\/UCf73dERp9Y3cfOq7q8BhLjA?view_as=subscriber"]}]},"product_brand":"DELL","product_price_amount":"23088","product_price_currency":"MXN","og_availability":"instock","product_availability":"instock","product_retailer_item_id":"AC16250_I5RPLR165124050WHS_1Y","product_condition":"new"},"_links":{"self":[{"href":"https:\/\/compuviper.mx\/tienda\/wp-json\/wp\/v2\/product\/253650"}],"collection":[{"href":"https:\/\/compuviper.mx\/tienda\/wp-json\/wp\/v2\/product"}],"about":[{"href":"https:\/\/compuviper.mx\/tienda\/wp-json\/wp\/v2\/types\/product"}],"replies":[{"embeddable":true,"href":"https:\/\/compuviper.mx\/tienda\/wp-json\/wp\/v2\/comments?post=253650"}],"wp:featuredmedia":[{"embeddable":true,"href":"https:\/\/compuviper.mx\/tienda\/wp-json\/wp\/v2\/media\/260318"}],"wp:attachment":[{"href":"https:\/\/compuviper.mx\/tienda\/wp-json\/wp\/v2\/media?parent=253650"}],"wp:term":[{"taxonomy":"product_cat","embeddable":true,"href":"https:\/\/compuviper.mx\/tienda\/wp-json\/wp\/v2\/product_cat?post=253650"},{"taxonomy":"product_tag","embeddable":true,"href":"https:\/\/compuviper.mx\/tienda\/wp-json\/wp\/v2\/product_tag?post=253650"}],"curies":[{"name":"wp","href":"https:\/\/api.w.org\/{rel}","templated":true}]}}