{"id":253644,"date":"2026-04-10T00:46:30","date_gmt":"2026-04-10T06:46:30","guid":{"rendered":"https:\/\/compuviper.mx\/tienda\/producto\/samsung-lha15mmfrhs-za-monitor-led-the-wall-m-all-in-one-136-2k-serie-mmf-a-pixel-pitch-1-56mm-500nits-caja-controladora-integrada-quick-build-componentes-incluidos-bocinas-integradas\/"},"modified":"2026-04-10T00:46:31","modified_gmt":"2026-04-10T06:46:31","slug":"samsung-lha15mmfrhs-za-monitor-led-the-wall-m-all-in-one-136-2k-serie-mmf-a-pixel-pitch-1-56mm-500nits-caja-controladora-integrada-quick-build-componentes-incluidos-bocinas-integradas","status":"publish","type":"product","link":"https:\/\/compuviper.mx\/tienda\/producto\/samsung-lha15mmfrhs-za-monitor-led-the-wall-m-all-in-one-136-2k-serie-mmf-a-pixel-pitch-1-56mm-500nits-caja-controladora-integrada-quick-build-componentes-incluidos-bocinas-integradas\/","title":{"rendered":"Samsung Lha15mmfrhs\/za Monitor Led  The Wall M All In One 136 2k, Serie Mmf-a Pixel Pitch 1.56mm, 500nits, Caja Controladora Integrada, Quick Build, Componentes Incluidos, Bocinas Integradas"},"content":{"rendered":"<table class=\"descripcion\">\n<tr>\n<td>Par\u00e1metros f\u00edsicos<\/td>\n<\/tr>\n<tr>\n<td>Distancia entre p\u00edxeles: 1,56 mm<\/td>\n<\/tr>\n<tr>\n<td>Configuraci\u00f3n de p\u00edxeles: 1 rojo, 1 verde, 1 azul<\/td>\n<\/tr>\n<tr>\n<td>Configuraci\u00f3n (l x al, por gabinete): 1920 x 1080 p\u00edxeles<\/td>\n<\/tr>\n<tr>\n<td>Tipo de diodo: led rgb con chip invertido<\/td>\n<\/tr>\n<tr>\n<td>Dimensiones (mm, l x al x p, por gabinete): 3008,7 x 1695,8 x 62,3 mm<\/td>\n<\/tr>\n<tr>\n<td>(profundidad total de 63,8 mm con soporte de pared)<\/td>\n<\/tr>\n<tr>\n<td>Dimensiones (pulgadas, diagonal x p, por gabinete): 135,5 x 2,4 pulgadas<\/td>\n<\/tr>\n<tr>\n<td>N.\u00b0 de m\u00f3dulos (an x al, por gabinete): 20 x 10<\/td>\n<\/tr>\n<tr>\n<td>Peso (por pantalla): 130 kg<\/td>\n<\/tr>\n<tr>\n<td>Par\u00e1metros \u00f3pticos<\/td>\n<\/tr>\n<tr>\n<td>Brillo (m\u00e1ximo): 500 nits<\/td>\n<\/tr>\n<tr>\n<td>Relaci\u00f3n de contraste: 10 000:1<\/td>\n<\/tr>\n<tr>\n<td>Compatibilidad con hdr: hdr10\/hdr10+\/ai picture<\/td>\n<\/tr>\n<tr>\n<td>\u00e1ngulo de visi\u00f3n horizontal 160\u00b0<\/td>\n<\/tr>\n<tr>\n<td>\u00e1ngulo de visi\u00f3n: vertical 160\u00b0<\/td>\n<\/tr>\n<tr>\n<td>Profundidad de bits: 16 bits (procesamiento interno: 20 bits)<\/td>\n<\/tr>\n<tr>\n<td>Temperatura de color: predeterminada: 6500 k \u00b1 500 k<\/td>\n<\/tr>\n<tr>\n<td>Temperatura de color: ajustable: 2800 k ~ 10 000 k<\/td>\n<\/tr>\n<tr>\n<td>Par\u00e1metros el\u00e9ctricos<\/td>\n<\/tr>\n<tr>\n<td>Velocidad de v\u00eddeo: 50\/60 hz<\/td>\n<\/tr>\n<tr>\n<td>Rango de potencia de entrada: 100-240 v ca, 50\/60 hz<\/td>\n<\/tr>\n<tr>\n<td>Consumo de energ\u00eda: m\u00e1x. 1660 w (w\/pantalla)<\/td>\n<\/tr>\n<tr>\n<td>Consumo de energ\u00eda: t\u00edpico: 620 w (w\/pantalla)<\/td>\n<\/tr>\n<tr>\n<td>Consumo de energ\u00eda: en espera: menos de 0,5 w<\/td>\n<\/tr>\n<tr>\n<td>Generaci\u00f3n de calor: m\u00e1x. 5664 btu (btu\/pantalla)<\/td>\n<\/tr>\n<tr>\n<td>Generaci\u00f3n de calor: t\u00edpico: 2116 btu (btu\/pantalla)<\/td>\n<\/tr>\n<tr>\n<td>Frecuencia de actualizaci\u00f3n: 3840 hz<\/td>\n<\/tr>\n<tr>\n<td>Frecuencia de actualizaci\u00f3n visual: no disponible<\/td>\n<\/tr>\n<tr>\n<td>Par\u00e1metros operativos: redundancia de alimentaci\u00f3n: no disponible<\/td>\n<\/tr>\n<tr>\n<td>Temperatura\/humedad de funcionamiento: 0 \u00b0c a +40 \u00b0c \/ 10 % a 80 % de humedad relativa<\/td>\n<\/tr>\n<tr>\n<td>Temperatura\/humedad de almacenamiento: -20 \u00b0c a +45 \u00b0c \/ 5 % a 95 % de humedad relativa<\/td>\n<\/tr>\n<tr>\n<td>Clasificaci\u00f3n ip: ip40 (frontal) \/ ip20 (trasero)<\/td>\n<\/tr>\n<tr>\n<td>Led tbu de por vida<\/td>\n<\/tr>\n<tr>\n<td>Conectividad \/ sonido<\/td>\n<\/tr>\n<tr>\n<td>Controlador integrado<\/td>\n<\/tr>\n<tr>\n<td>Entrada (v\u00eddeo) hdmi 2.0 (4), usb 2.0 (2)<\/td>\n<\/tr>\n<tr>\n<td>Salida de audio (miniconector est\u00e9reo) \/ earc<\/td>\n<\/tr>\n<tr>\n<td>Wi-fi \/ bluetooth o \/ o<\/td>\n<\/tr>\n<tr>\n<td>Control externo rs232c (entrada), rj45<\/td>\n<\/tr>\n<tr>\n<td>Altavoz de 10 w y 2 canales<\/td>\n<\/tr>\n<tr>\n<td>Certificaci\u00f3n<\/td>\n<\/tr>\n<tr>\n<td>Seguridad 62368-1, 60950-1<\/td>\n<\/tr>\n<tr>\n<td>Emc clase a<\/td>\n<\/tr>\n<tr>\n<td>Protecci\u00f3n ocular tuv eye comfort<\/td>\n<\/tr>\n<tr>\n<td>Servicio t\u00e9cnico frontal<\/td>\n<\/tr>\n<tr>\n<td>Almacenamiento: 16 gb (10 gb disponibles)<\/td>\n<\/tr>\n<tr>\n<td>Caracter\u00edsticas<\/td>\n<\/tr>\n<tr>\n<td>Sistema operativo: tizen 8.0<\/td>\n<\/tr>\n<tr>\n<td>Magicinfo: s\u00ed<\/td>\n<\/tr>\n<tr>\n<td>Vxt: s\u00ed (cm)<\/td>\n<\/tr>\n<tr>\n<td>Sensor de temperatura, sensor ecol\u00f3gico<\/td>\n<\/tr>\n<tr>\n<td>Otros sensores de imagen con ia<\/td>\n<\/tr>\n<tr>\n<td>Otras caracter\u00edsticas del software: espacio de trabajo, conmutaci\u00f3n y recuperaci\u00f3n autom\u00e1tica de fuente, modo de simulaci\u00f3n dicom, smartview+<\/td>\n<\/tr>\n<tr>\n<td>Accesorios (incluidos): marco decorativo, kit de marco, piezas de b\u00fafer (10 m\u00f3dulos, 1 t-con, 1 smps)<\/td>\n<\/tr>\n<tr>\n<td>Mando a distancia por infrarrojos<\/td>\n<\/tr>\n<tr>\n<td>Dimensiones de la caja (mm, an. x al. x pr.): 1850 \u00d7 2079 \u00d7 815<\/td>\n<\/tr>\n<tr>\n<td>Peso del paquete (por gabinete): 220 kg<\/td>\n<\/tr>\n<tr>\n<td>Instalaci\u00f3n especial<\/td>\n<\/tr>\n<tr>\n<td>Curva: n\/d<\/td>\n<\/tr>\n<tr>\n<td>Inclinaci\u00f3n: n\/d<\/td>\n<\/tr>\n<tr>\n<td>Rotaci\u00f3n: n\/d<\/td>\n<\/tr>\n<tr>\n<td>Forma de l: n\/d<\/td>\n<\/tr>\n<tr>\n<td>Otra instalaci\u00f3n lado a lado con kit de marco adicional<\/td>\n<\/tr>\n<\/table>\n","protected":false},"excerpt":{"rendered":"<p>Par\u00e1metros f\u00edsicos Distancia entre p\u00edxeles: 1,56 mm Configuraci\u00f3n de p\u00edxeles: 1 rojo, 1 verde, 1 azul Configuraci\u00f3n (l x al, por gabinete): 1920 x 1080 p\u00edxeles Tipo de diodo: led rgb con chip invertido Dimensiones (mm, l x al x p, por gabinete): 3008,7 x 1695,8 x 62,3 mm (profundidad total de 63,8 mm con [&hellip;]<\/p>\n","protected":false},"featured_media":259939,"comment_status":"open","ping_status":"open","template":"","meta":[],"product_cat":[1740,1741],"product_tag":[1743],"acf":[],"yoast_head":"<!-- This site is optimized with the Yoast SEO plugin v21.7 - https:\/\/yoast.com\/wordpress\/plugins\/seo\/ -->\n<title>[ Samsung ] &#129351; Lha15mmfrhs\/za Monitor Led The Wall M All In One 136 2k, Serie Mmf-a Pixel Pitch 1.56mm, 500nits, Caja Controladora Integrada, Quick Build, Componentes Incluidos, Bocinas Integradas<\/title>\n<meta name=\"description\" content=\"Compra Lha15mmfrhs\/za Monitor Led The Wall M All In One 136 2k, Serie Mmf-a Pixel Pitch 1.56mm, 500nits, Caja Controladora Integrada, Quick Build, Componentes Incluidos, Bocinas Integradas + Env\u00edo a domicilio + Pago seguro + Garant\u00eda\" \/>\n<meta name=\"robots\" content=\"index, follow, max-snippet:-1, max-image-preview:large, max-video-preview:-1\" \/>\n<link rel=\"canonical\" href=\"https:\/\/compuviper.mx\/tienda\/producto\/samsung-lha15mmfrhs-za-monitor-led-the-wall-m-all-in-one-136-2k-serie-mmf-a-pixel-pitch-1-56mm-500nits-caja-controladora-integrada-quick-build-componentes-incluidos-bocinas-integradas\/\" \/>\n<meta property=\"og:locale\" content=\"es_MX\" \/>\n<meta property=\"og:type\" content=\"article\" \/>\n<meta property=\"og:title\" content=\"[ Samsung ] &#129351; Lha15mmfrhs\/za Monitor Led The Wall M All In One 136 2k, Serie Mmf-a Pixel Pitch 1.56mm, 500nits, Caja Controladora Integrada, Quick Build, Componentes Incluidos, Bocinas Integradas\" \/>\n<meta property=\"og:description\" content=\"Compra Lha15mmfrhs\/za Monitor Led The Wall M All In One 136 2k, Serie Mmf-a Pixel Pitch 1.56mm, 500nits, Caja Controladora Integrada, Quick Build, Componentes Incluidos, Bocinas Integradas + Env\u00edo a domicilio + Pago seguro + Garant\u00eda\" \/>\n<meta property=\"og:url\" content=\"https:\/\/compuviper.mx\/tienda\/producto\/samsung-lha15mmfrhs-za-monitor-led-the-wall-m-all-in-one-136-2k-serie-mmf-a-pixel-pitch-1-56mm-500nits-caja-controladora-integrada-quick-build-componentes-incluidos-bocinas-integradas\/\" \/>\n<meta property=\"og:site_name\" content=\"Compuviper\" \/>\n<meta property=\"article:publisher\" content=\"https:\/\/www.facebook.com\/compuviper\" \/>\n<meta property=\"article:modified_time\" content=\"2026-04-10T06:46:31+00:00\" \/>\n<meta property=\"og:image\" content=\"https:\/\/compuviper.mx\/tienda\/wp-content\/uploads\/2025\/10\/Monitor-led-samsung-the-wall-m-all-in-one-136-2k-serie-mmf-a-pixel-pitch-1.56mm-500nits-caja-controladora-integrada-quick-build-componentes-incluidos-bocinas-integradas.jpg\" \/>\n\t<meta property=\"og:image:width\" content=\"200\" \/>\n\t<meta property=\"og:image:height\" content=\"200\" \/>\n\t<meta property=\"og:image:type\" content=\"image\/jpeg\" \/>\n<meta name=\"twitter:card\" content=\"summary_large_image\" \/>\n<meta name=\"twitter:label1\" content=\"Precio\" \/>\n\t<meta name=\"twitter:data1\" content=\"&#36;623,575 con IVA\" \/>\n\t<meta name=\"twitter:label2\" content=\"Availability\" \/>\n\t<meta name=\"twitter:data2\" content=\"In stock\" \/>\n<script type=\"application\/ld+json\" class=\"yoast-schema-graph\">{\"@context\":\"https:\/\/schema.org\",\"@graph\":[{\"@type\":\"WebPage\",\"@id\":\"https:\/\/compuviper.mx\/tienda\/producto\/samsung-lha15mmfrhs-za-monitor-led-the-wall-m-all-in-one-136-2k-serie-mmf-a-pixel-pitch-1-56mm-500nits-caja-controladora-integrada-quick-build-componentes-incluidos-bocinas-integradas\/\",\"url\":\"https:\/\/compuviper.mx\/tienda\/producto\/samsung-lha15mmfrhs-za-monitor-led-the-wall-m-all-in-one-136-2k-serie-mmf-a-pixel-pitch-1-56mm-500nits-caja-controladora-integrada-quick-build-componentes-incluidos-bocinas-integradas\/\",\"name\":\"[ Samsung ] &#129351; Lha15mmfrhs\/za Monitor Led The Wall M All In One 136 2k, Serie Mmf-a Pixel Pitch 1.56mm, 500nits, Caja Controladora Integrada, Quick Build, Componentes Incluidos, Bocinas Integradas\",\"isPartOf\":{\"@id\":\"https:\/\/compuviper.mx\/tienda\/#website\"},\"datePublished\":\"2026-04-10T06:46:30+00:00\",\"dateModified\":\"2026-04-10T06:46:31+00:00\",\"description\":\"Compra Lha15mmfrhs\/za Monitor Led The Wall M All In One 136 2k, Serie Mmf-a Pixel Pitch 1.56mm, 500nits, Caja Controladora Integrada, Quick Build, Componentes Incluidos, Bocinas Integradas + Env\u00edo a domicilio + Pago seguro + Garant\u00eda\",\"breadcrumb\":{\"@id\":\"https:\/\/compuviper.mx\/tienda\/producto\/samsung-lha15mmfrhs-za-monitor-led-the-wall-m-all-in-one-136-2k-serie-mmf-a-pixel-pitch-1-56mm-500nits-caja-controladora-integrada-quick-build-componentes-incluidos-bocinas-integradas\/#breadcrumb\"},\"inLanguage\":\"es-MX\",\"potentialAction\":[{\"@type\":\"ReadAction\",\"target\":[\"https:\/\/compuviper.mx\/tienda\/producto\/samsung-lha15mmfrhs-za-monitor-led-the-wall-m-all-in-one-136-2k-serie-mmf-a-pixel-pitch-1-56mm-500nits-caja-controladora-integrada-quick-build-componentes-incluidos-bocinas-integradas\/\"]}]},{\"@type\":\"BreadcrumbList\",\"@id\":\"https:\/\/compuviper.mx\/tienda\/producto\/samsung-lha15mmfrhs-za-monitor-led-the-wall-m-all-in-one-136-2k-serie-mmf-a-pixel-pitch-1-56mm-500nits-caja-controladora-integrada-quick-build-componentes-incluidos-bocinas-integradas\/#breadcrumb\",\"itemListElement\":[{\"@type\":\"ListItem\",\"position\":1,\"name\":\"Inicio\",\"item\":\"https:\/\/compuviper.mx\/tienda\/\"},{\"@type\":\"ListItem\",\"position\":2,\"name\":\"Productos\",\"item\":\"https:\/\/compuviper.mx\/tienda\/productos\/\"},{\"@type\":\"ListItem\",\"position\":3,\"name\":\"Monitores\",\"item\":\"https:\/\/compuviper.mx\/tienda\/categoria-producto\/monitores\/\"},{\"@type\":\"ListItem\",\"position\":4,\"name\":\"Led\",\"item\":\"https:\/\/compuviper.mx\/tienda\/categoria-producto\/monitores\/led\/\"},{\"@type\":\"ListItem\",\"position\":5,\"name\":\"Samsung Lha15mmfrhs\/za Monitor Led The Wall M All In One 136 2k, Serie Mmf-a Pixel Pitch 1.56mm, 500nits, Caja Controladora Integrada, Quick Build, Componentes Incluidos, Bocinas Integradas\"}]},{\"@type\":\"WebSite\",\"@id\":\"https:\/\/compuviper.mx\/tienda\/#website\",\"url\":\"https:\/\/compuviper.mx\/tienda\/\",\"name\":\"Compuviper\",\"description\":\"Proveedor de Computadoras, Laptops, Servidores, Monitores, Puntos de Venta, Teclados,   Impresoras, T\u00f3ner, C\u00e1maras de Seguridad y m\u00e1s en tu tienda en l\u00ednea\",\"publisher\":{\"@id\":\"https:\/\/compuviper.mx\/tienda\/#organization\"},\"potentialAction\":[{\"@type\":\"SearchAction\",\"target\":{\"@type\":\"EntryPoint\",\"urlTemplate\":\"https:\/\/compuviper.mx\/tienda\/?s={search_term_string}\"},\"query-input\":\"required name=search_term_string\"}],\"inLanguage\":\"es-MX\"},{\"@type\":\"Organization\",\"@id\":\"https:\/\/compuviper.mx\/tienda\/#organization\",\"name\":\"Compuviper\",\"url\":\"https:\/\/compuviper.mx\/tienda\/\",\"logo\":{\"@type\":\"ImageObject\",\"inLanguage\":\"es-MX\",\"@id\":\"https:\/\/compuviper.mx\/tienda\/#\/schema\/logo\/image\/\",\"url\":\"https:\/\/compuviper.mx\/tienda\/wp-content\/uploads\/2021\/08\/Logo-Compuviper-10.png\",\"contentUrl\":\"https:\/\/compuviper.mx\/tienda\/wp-content\/uploads\/2021\/08\/Logo-Compuviper-10.png\",\"width\":1000,\"height\":500,\"caption\":\"Compuviper\"},\"image\":{\"@id\":\"https:\/\/compuviper.mx\/tienda\/#\/schema\/logo\/image\/\"},\"sameAs\":[\"https:\/\/www.facebook.com\/compuviper\",\"https:\/\/www.youtube.com\/channel\/UCf73dERp9Y3cfOq7q8BhLjA?view_as=subscriber\"]}]}<\/script>\n<meta property=\"product:brand\" content=\"SAMSUNG\" \/>\n<meta property=\"product:price:amount\" content=\"623575\" \/>\n<meta property=\"product:price:currency\" content=\"MXN\" \/>\n<meta property=\"og:availability\" content=\"instock\" \/>\n<meta property=\"product:availability\" content=\"instock\" \/>\n<meta property=\"product:retailer_item_id\" content=\"LHA15MMFRHS\/ZA\" \/>\n<meta property=\"product:condition\" content=\"new\" \/>\n<!-- \/ Yoast SEO plugin. -->","yoast_head_json":{"title":"[ Samsung ] &#129351; Lha15mmfrhs\/za Monitor Led The Wall M All In One 136 2k, Serie Mmf-a Pixel Pitch 1.56mm, 500nits, Caja Controladora Integrada, Quick Build, Componentes Incluidos, Bocinas Integradas","description":"Compra Lha15mmfrhs\/za Monitor Led The Wall M All In One 136 2k, Serie Mmf-a Pixel Pitch 1.56mm, 500nits, Caja Controladora Integrada, Quick Build, Componentes Incluidos, Bocinas Integradas + Env\u00edo a domicilio + Pago seguro + Garant\u00eda","robots":{"index":"index","follow":"follow","max-snippet":"max-snippet:-1","max-image-preview":"max-image-preview:large","max-video-preview":"max-video-preview:-1"},"canonical":"https:\/\/compuviper.mx\/tienda\/producto\/samsung-lha15mmfrhs-za-monitor-led-the-wall-m-all-in-one-136-2k-serie-mmf-a-pixel-pitch-1-56mm-500nits-caja-controladora-integrada-quick-build-componentes-incluidos-bocinas-integradas\/","og_locale":"es_MX","og_type":"article","og_title":"[ Samsung ] &#129351; Lha15mmfrhs\/za Monitor Led The Wall M All In One 136 2k, Serie Mmf-a Pixel Pitch 1.56mm, 500nits, Caja Controladora Integrada, Quick Build, Componentes Incluidos, Bocinas Integradas","og_description":"Compra Lha15mmfrhs\/za Monitor Led The Wall M All In One 136 2k, Serie Mmf-a Pixel Pitch 1.56mm, 500nits, Caja Controladora Integrada, Quick Build, Componentes Incluidos, Bocinas Integradas + Env\u00edo a domicilio + Pago seguro + Garant\u00eda","og_url":"https:\/\/compuviper.mx\/tienda\/producto\/samsung-lha15mmfrhs-za-monitor-led-the-wall-m-all-in-one-136-2k-serie-mmf-a-pixel-pitch-1-56mm-500nits-caja-controladora-integrada-quick-build-componentes-incluidos-bocinas-integradas\/","og_site_name":"Compuviper","article_publisher":"https:\/\/www.facebook.com\/compuviper","article_modified_time":"2026-04-10T06:46:31+00:00","og_image":[{"width":200,"height":200,"url":"https:\/\/compuviper.mx\/tienda\/wp-content\/uploads\/2025\/10\/Monitor-led-samsung-the-wall-m-all-in-one-136-2k-serie-mmf-a-pixel-pitch-1.56mm-500nits-caja-controladora-integrada-quick-build-componentes-incluidos-bocinas-integradas.jpg","type":"image\/jpeg"}],"twitter_card":"summary_large_image","twitter_misc":{"Precio":"&#36;623,575 con IVA","Availability":"In stock"},"schema":{"@context":"https:\/\/schema.org","@graph":[{"@type":"WebPage","@id":"https:\/\/compuviper.mx\/tienda\/producto\/samsung-lha15mmfrhs-za-monitor-led-the-wall-m-all-in-one-136-2k-serie-mmf-a-pixel-pitch-1-56mm-500nits-caja-controladora-integrada-quick-build-componentes-incluidos-bocinas-integradas\/","url":"https:\/\/compuviper.mx\/tienda\/producto\/samsung-lha15mmfrhs-za-monitor-led-the-wall-m-all-in-one-136-2k-serie-mmf-a-pixel-pitch-1-56mm-500nits-caja-controladora-integrada-quick-build-componentes-incluidos-bocinas-integradas\/","name":"[ Samsung ] &#129351; Lha15mmfrhs\/za Monitor Led The Wall M All In One 136 2k, Serie Mmf-a Pixel Pitch 1.56mm, 500nits, Caja Controladora Integrada, Quick Build, Componentes Incluidos, Bocinas Integradas","isPartOf":{"@id":"https:\/\/compuviper.mx\/tienda\/#website"},"datePublished":"2026-04-10T06:46:30+00:00","dateModified":"2026-04-10T06:46:31+00:00","description":"Compra Lha15mmfrhs\/za Monitor Led The Wall M All In One 136 2k, Serie Mmf-a Pixel Pitch 1.56mm, 500nits, Caja Controladora Integrada, Quick Build, Componentes Incluidos, Bocinas Integradas + Env\u00edo a domicilio + Pago seguro + Garant\u00eda","breadcrumb":{"@id":"https:\/\/compuviper.mx\/tienda\/producto\/samsung-lha15mmfrhs-za-monitor-led-the-wall-m-all-in-one-136-2k-serie-mmf-a-pixel-pitch-1-56mm-500nits-caja-controladora-integrada-quick-build-componentes-incluidos-bocinas-integradas\/#breadcrumb"},"inLanguage":"es-MX","potentialAction":[{"@type":"ReadAction","target":["https:\/\/compuviper.mx\/tienda\/producto\/samsung-lha15mmfrhs-za-monitor-led-the-wall-m-all-in-one-136-2k-serie-mmf-a-pixel-pitch-1-56mm-500nits-caja-controladora-integrada-quick-build-componentes-incluidos-bocinas-integradas\/"]}]},{"@type":"BreadcrumbList","@id":"https:\/\/compuviper.mx\/tienda\/producto\/samsung-lha15mmfrhs-za-monitor-led-the-wall-m-all-in-one-136-2k-serie-mmf-a-pixel-pitch-1-56mm-500nits-caja-controladora-integrada-quick-build-componentes-incluidos-bocinas-integradas\/#breadcrumb","itemListElement":[{"@type":"ListItem","position":1,"name":"Inicio","item":"https:\/\/compuviper.mx\/tienda\/"},{"@type":"ListItem","position":2,"name":"Productos","item":"https:\/\/compuviper.mx\/tienda\/productos\/"},{"@type":"ListItem","position":3,"name":"Monitores","item":"https:\/\/compuviper.mx\/tienda\/categoria-producto\/monitores\/"},{"@type":"ListItem","position":4,"name":"Led","item":"https:\/\/compuviper.mx\/tienda\/categoria-producto\/monitores\/led\/"},{"@type":"ListItem","position":5,"name":"Samsung Lha15mmfrhs\/za Monitor Led The Wall M All In One 136 2k, Serie Mmf-a Pixel Pitch 1.56mm, 500nits, Caja Controladora Integrada, Quick Build, Componentes Incluidos, Bocinas Integradas"}]},{"@type":"WebSite","@id":"https:\/\/compuviper.mx\/tienda\/#website","url":"https:\/\/compuviper.mx\/tienda\/","name":"Compuviper","description":"Proveedor de Computadoras, Laptops, Servidores, Monitores, Puntos de Venta, Teclados,   Impresoras, T\u00f3ner, C\u00e1maras de Seguridad y m\u00e1s en tu tienda en l\u00ednea","publisher":{"@id":"https:\/\/compuviper.mx\/tienda\/#organization"},"potentialAction":[{"@type":"SearchAction","target":{"@type":"EntryPoint","urlTemplate":"https:\/\/compuviper.mx\/tienda\/?s={search_term_string}"},"query-input":"required name=search_term_string"}],"inLanguage":"es-MX"},{"@type":"Organization","@id":"https:\/\/compuviper.mx\/tienda\/#organization","name":"Compuviper","url":"https:\/\/compuviper.mx\/tienda\/","logo":{"@type":"ImageObject","inLanguage":"es-MX","@id":"https:\/\/compuviper.mx\/tienda\/#\/schema\/logo\/image\/","url":"https:\/\/compuviper.mx\/tienda\/wp-content\/uploads\/2021\/08\/Logo-Compuviper-10.png","contentUrl":"https:\/\/compuviper.mx\/tienda\/wp-content\/uploads\/2021\/08\/Logo-Compuviper-10.png","width":1000,"height":500,"caption":"Compuviper"},"image":{"@id":"https:\/\/compuviper.mx\/tienda\/#\/schema\/logo\/image\/"},"sameAs":["https:\/\/www.facebook.com\/compuviper","https:\/\/www.youtube.com\/channel\/UCf73dERp9Y3cfOq7q8BhLjA?view_as=subscriber"]}]},"product_brand":"SAMSUNG","product_price_amount":"623575","product_price_currency":"MXN","og_availability":"instock","product_availability":"instock","product_retailer_item_id":"LHA15MMFRHS\/ZA","product_condition":"new"},"_links":{"self":[{"href":"https:\/\/compuviper.mx\/tienda\/wp-json\/wp\/v2\/product\/253644"}],"collection":[{"href":"https:\/\/compuviper.mx\/tienda\/wp-json\/wp\/v2\/product"}],"about":[{"href":"https:\/\/compuviper.mx\/tienda\/wp-json\/wp\/v2\/types\/product"}],"replies":[{"embeddable":true,"href":"https:\/\/compuviper.mx\/tienda\/wp-json\/wp\/v2\/comments?post=253644"}],"wp:featuredmedia":[{"embeddable":true,"href":"https:\/\/compuviper.mx\/tienda\/wp-json\/wp\/v2\/media\/259939"}],"wp:attachment":[{"href":"https:\/\/compuviper.mx\/tienda\/wp-json\/wp\/v2\/media?parent=253644"}],"wp:term":[{"taxonomy":"product_cat","embeddable":true,"href":"https:\/\/compuviper.mx\/tienda\/wp-json\/wp\/v2\/product_cat?post=253644"},{"taxonomy":"product_tag","embeddable":true,"href":"https:\/\/compuviper.mx\/tienda\/wp-json\/wp\/v2\/product_tag?post=253644"}],"curies":[{"name":"wp","href":"https:\/\/api.w.org\/{rel}","templated":true}]}}