{"id":253638,"date":"2026-04-16T01:55:36","date_gmt":"2026-04-16T07:55:36","guid":{"rendered":"https:\/\/compuviper.mx\/tienda\/producto\/hikvision-ds-at1000s-450-25t-servidor-de-almacenamiento-en-red-soporta-24-discos-duros-incluye-18-discos-de-25-tb-soporta-hasta-400-canales-controlador-simple\/"},"modified":"2026-04-16T01:55:37","modified_gmt":"2026-04-16T07:55:37","slug":"hikvision-ds-at1000s-450-25t-servidor-de-almacenamiento-en-red-soporta-24-discos-duros-incluye-18-discos-de-25-tb-soporta-hasta-400-canales-controlador-simple","status":"publish","type":"product","link":"https:\/\/compuviper.mx\/tienda\/producto\/hikvision-ds-at1000s-450-25t-servidor-de-almacenamiento-en-red-soporta-24-discos-duros-incluye-18-discos-de-25-tb-soporta-hasta-400-canales-controlador-simple\/","title":{"rendered":"Hikvision Ds-at1000s\/450\/25t Servidor De Almacenamiento En Red  \/ Soporta 24 Discos Duros (incluye 18 Discos De 25 Tb) \/ Soporta Hasta 400 Canales \/ Controlador Simple"},"content":{"rendered":"<table class=\"descripcion\">\n<tr>\n<td>Caracter\u00edsticas principales:<\/td>\n<\/tr>\n<tr>\n<td>Compatible con dvr \/ nvr epcom y hikvision.<\/td>\n<\/tr>\n<tr>\n<td>Compatible con sistemas de hik-central (no requiere licencias adicionales para grabar).<\/td>\n<\/tr>\n<tr>\n<td>Soporta compresi\u00f3n h.265+ \/ h.265 \/ h.264.<\/td>\n<\/tr>\n<tr>\n<td>Soporta hasta 24 hdd internos de hasta 25 tb c \/ u sata.<\/td>\n<\/tr>\n<tr>\n<td>Incluye 18 hdd de 25tb<\/td>\n<\/tr>\n<tr>\n<td>Soporta hot swap.<\/td>\n<\/tr>\n<tr>\n<td>Controlador sencillo (64 bit procesador multi-core).<\/td>\n<\/tr>\n<tr>\n<td>Cuenta con fuente de alimentaci\u00f3n redundante.<\/td>\n<\/tr>\n<tr>\n<td>Puede grabar hasta 400 c\u00e1maras ip (usando 2 mbps por c\u00e1mara).<\/td>\n<\/tr>\n<tr>\n<td>Soporta arreglo raid5, raid6, iraid.<\/td>\n<\/tr>\n<tr>\n<td>Caracter\u00edsticas f\u00edsicas y el\u00e9ctricas:<\/td>\n<\/tr>\n<tr>\n<td>Dimensiones: 484 mm x 684 mm x 174 mm.<\/td>\n<\/tr>\n<tr>\n<td>Peso: 40 kg (sin hdd).<\/td>\n<\/tr>\n<tr>\n<td>Ocupa 4u de rack (19&#8243;).<\/td>\n<\/tr>\n<tr>\n<td>Alimentaci\u00f3n: 550 w.<\/td>\n<\/tr>\n<tr>\n<td>Garant\u00eda: 3 a\u00f1os.<\/td>\n<\/tr>\n<\/table>\n","protected":false},"excerpt":{"rendered":"<p>El sistema de almacenamiento de la serie ds-at1000s es un producto con gran capacidad y dise\u00f1o de alta densidad,en comparaci\u00f3n con producto de almacenamiento general, el ds-at1000s reduce el total costo hasta un 20%. La tecnolog\u00eda iraid realiza una gesti\u00f3n intensiva del espacio de almacenamiento y los datos, y protege la seguridad de los datos de la subestructura. La tecnolog\u00eda de almacenamiento jer\u00e1rquico mejora el rendimiento de la b\u00fasqueda de datos por al menos 10 veces. La sustituci\u00f3n peri\u00f3dica del disco duro garantiza la disponibilidad del producto.<\/p>\n","protected":false},"featured_media":260759,"comment_status":"open","ping_status":"open","template":"","meta":[],"product_cat":[1803,1804],"product_tag":[1595],"acf":[],"yoast_head":"<!-- This site is optimized with the Yoast SEO plugin v21.7 - https:\/\/yoast.com\/wordpress\/plugins\/seo\/ -->\n<title>[ Hikvision ] &#129351; Ds-at1000s\/450\/25t Servidor De Almacenamiento En Red \/ Soporta 24 Discos Duros (incluye 18 Discos De 25 Tb) \/ Soporta Hasta 400 Canales \/ Controlador Simple<\/title>\n<meta name=\"description\" content=\"Compra Ds-at1000s\/450\/25t Servidor De Almacenamiento En Red \/ Soporta 24 Discos Duros (incluye 18 Discos De 25 Tb) \/ Soporta Hasta 400 Canales \/ Controlador Simple + Env\u00edo a domicilio + Pago seguro + Garant\u00eda\" \/>\n<meta name=\"robots\" content=\"index, follow, max-snippet:-1, max-image-preview:large, max-video-preview:-1\" \/>\n<link rel=\"canonical\" href=\"https:\/\/compuviper.mx\/tienda\/producto\/hikvision-ds-at1000s-450-25t-servidor-de-almacenamiento-en-red-soporta-24-discos-duros-incluye-18-discos-de-25-tb-soporta-hasta-400-canales-controlador-simple\/\" \/>\n<meta property=\"og:locale\" content=\"es_MX\" \/>\n<meta property=\"og:type\" content=\"article\" \/>\n<meta property=\"og:title\" content=\"[ Hikvision ] &#129351; Ds-at1000s\/450\/25t Servidor De Almacenamiento En Red \/ Soporta 24 Discos Duros (incluye 18 Discos De 25 Tb) \/ Soporta Hasta 400 Canales \/ Controlador Simple\" \/>\n<meta property=\"og:description\" content=\"Compra Ds-at1000s\/450\/25t Servidor De Almacenamiento En Red \/ Soporta 24 Discos Duros (incluye 18 Discos De 25 Tb) \/ Soporta Hasta 400 Canales \/ Controlador Simple + Env\u00edo a domicilio + Pago seguro + Garant\u00eda\" \/>\n<meta property=\"og:url\" content=\"https:\/\/compuviper.mx\/tienda\/producto\/hikvision-ds-at1000s-450-25t-servidor-de-almacenamiento-en-red-soporta-24-discos-duros-incluye-18-discos-de-25-tb-soporta-hasta-400-canales-controlador-simple\/\" \/>\n<meta property=\"og:site_name\" content=\"Compuviper\" \/>\n<meta property=\"article:publisher\" content=\"https:\/\/www.facebook.com\/compuviper\" \/>\n<meta property=\"article:modified_time\" content=\"2026-04-16T07:55:37+00:00\" \/>\n<meta property=\"og:image\" content=\"https:\/\/compuviper.mx\/tienda\/wp-content\/uploads\/2025\/10\/Servidor-de-almacenamiento-en-red-hikvision-soporta-24-discos-duros-incluye-18-discos-de-25-tb-soporta-hasta-400-canales-controlador-simple.jpg\" \/>\n\t<meta property=\"og:image:width\" content=\"200\" \/>\n\t<meta property=\"og:image:height\" content=\"200\" \/>\n\t<meta property=\"og:image:type\" content=\"image\/jpeg\" \/>\n<meta name=\"twitter:card\" content=\"summary_large_image\" \/>\n<meta name=\"twitter:label1\" content=\"Precio\" \/>\n\t<meta name=\"twitter:data1\" content=\"&#36;529,184 con IVA\" \/>\n\t<meta name=\"twitter:label2\" content=\"Availability\" \/>\n\t<meta name=\"twitter:data2\" content=\"On backorder\" \/>\n<script type=\"application\/ld+json\" class=\"yoast-schema-graph\">{\"@context\":\"https:\/\/schema.org\",\"@graph\":[{\"@type\":\"WebPage\",\"@id\":\"https:\/\/compuviper.mx\/tienda\/producto\/hikvision-ds-at1000s-450-25t-servidor-de-almacenamiento-en-red-soporta-24-discos-duros-incluye-18-discos-de-25-tb-soporta-hasta-400-canales-controlador-simple\/\",\"url\":\"https:\/\/compuviper.mx\/tienda\/producto\/hikvision-ds-at1000s-450-25t-servidor-de-almacenamiento-en-red-soporta-24-discos-duros-incluye-18-discos-de-25-tb-soporta-hasta-400-canales-controlador-simple\/\",\"name\":\"[ Hikvision ] &#129351; Ds-at1000s\/450\/25t Servidor De Almacenamiento En Red \/ Soporta 24 Discos Duros (incluye 18 Discos De 25 Tb) \/ Soporta Hasta 400 Canales \/ Controlador Simple\",\"isPartOf\":{\"@id\":\"https:\/\/compuviper.mx\/tienda\/#website\"},\"datePublished\":\"2026-04-16T07:55:36+00:00\",\"dateModified\":\"2026-04-16T07:55:37+00:00\",\"description\":\"Compra Ds-at1000s\/450\/25t Servidor De Almacenamiento En Red \/ Soporta 24 Discos Duros (incluye 18 Discos De 25 Tb) \/ Soporta Hasta 400 Canales \/ Controlador Simple + Env\u00edo a domicilio + Pago seguro + Garant\u00eda\",\"breadcrumb\":{\"@id\":\"https:\/\/compuviper.mx\/tienda\/producto\/hikvision-ds-at1000s-450-25t-servidor-de-almacenamiento-en-red-soporta-24-discos-duros-incluye-18-discos-de-25-tb-soporta-hasta-400-canales-controlador-simple\/#breadcrumb\"},\"inLanguage\":\"es-MX\",\"potentialAction\":[{\"@type\":\"ReadAction\",\"target\":[\"https:\/\/compuviper.mx\/tienda\/producto\/hikvision-ds-at1000s-450-25t-servidor-de-almacenamiento-en-red-soporta-24-discos-duros-incluye-18-discos-de-25-tb-soporta-hasta-400-canales-controlador-simple\/\"]}]},{\"@type\":\"BreadcrumbList\",\"@id\":\"https:\/\/compuviper.mx\/tienda\/producto\/hikvision-ds-at1000s-450-25t-servidor-de-almacenamiento-en-red-soporta-24-discos-duros-incluye-18-discos-de-25-tb-soporta-hasta-400-canales-controlador-simple\/#breadcrumb\",\"itemListElement\":[{\"@type\":\"ListItem\",\"position\":1,\"name\":\"Inicio\",\"item\":\"https:\/\/compuviper.mx\/tienda\/\"},{\"@type\":\"ListItem\",\"position\":2,\"name\":\"Productos\",\"item\":\"https:\/\/compuviper.mx\/tienda\/productos\/\"},{\"@type\":\"ListItem\",\"position\":3,\"name\":\"Almacenamiento\",\"item\":\"https:\/\/compuviper.mx\/tienda\/categoria-producto\/almacenamiento\/\"},{\"@type\":\"ListItem\",\"position\":4,\"name\":\"Sistema De Almacenamiento\",\"item\":\"https:\/\/compuviper.mx\/tienda\/categoria-producto\/almacenamiento\/sistema-de-almacenamiento\/\"},{\"@type\":\"ListItem\",\"position\":5,\"name\":\"Hikvision Ds-at1000s\/450\/25t Servidor De Almacenamiento En Red \/ Soporta 24 Discos Duros (incluye 18 Discos De 25 Tb) \/ Soporta Hasta 400 Canales \/ Controlador Simple\"}]},{\"@type\":\"WebSite\",\"@id\":\"https:\/\/compuviper.mx\/tienda\/#website\",\"url\":\"https:\/\/compuviper.mx\/tienda\/\",\"name\":\"Compuviper\",\"description\":\"Proveedor de Computadoras, Laptops, Servidores, Monitores, Puntos de Venta, Teclados,   Impresoras, T\u00f3ner, C\u00e1maras de Seguridad y m\u00e1s en tu tienda en l\u00ednea\",\"publisher\":{\"@id\":\"https:\/\/compuviper.mx\/tienda\/#organization\"},\"potentialAction\":[{\"@type\":\"SearchAction\",\"target\":{\"@type\":\"EntryPoint\",\"urlTemplate\":\"https:\/\/compuviper.mx\/tienda\/?s={search_term_string}\"},\"query-input\":\"required name=search_term_string\"}],\"inLanguage\":\"es-MX\"},{\"@type\":\"Organization\",\"@id\":\"https:\/\/compuviper.mx\/tienda\/#organization\",\"name\":\"Compuviper\",\"url\":\"https:\/\/compuviper.mx\/tienda\/\",\"logo\":{\"@type\":\"ImageObject\",\"inLanguage\":\"es-MX\",\"@id\":\"https:\/\/compuviper.mx\/tienda\/#\/schema\/logo\/image\/\",\"url\":\"https:\/\/compuviper.mx\/tienda\/wp-content\/uploads\/2021\/08\/Logo-Compuviper-10.png\",\"contentUrl\":\"https:\/\/compuviper.mx\/tienda\/wp-content\/uploads\/2021\/08\/Logo-Compuviper-10.png\",\"width\":1000,\"height\":500,\"caption\":\"Compuviper\"},\"image\":{\"@id\":\"https:\/\/compuviper.mx\/tienda\/#\/schema\/logo\/image\/\"},\"sameAs\":[\"https:\/\/www.facebook.com\/compuviper\",\"https:\/\/www.youtube.com\/channel\/UCf73dERp9Y3cfOq7q8BhLjA?view_as=subscriber\"]}]}<\/script>\n<meta property=\"product:brand\" content=\"HIKVISION\" \/>\n<meta property=\"product:price:amount\" content=\"529184\" \/>\n<meta property=\"product:price:currency\" content=\"MXN\" \/>\n<meta property=\"og:availability\" content=\"backorder\" \/>\n<meta property=\"product:availability\" content=\"available for order\" \/>\n<meta property=\"product:retailer_item_id\" content=\"DS-AT1000S\/450\/25T\" \/>\n<meta property=\"product:condition\" content=\"new\" \/>\n<!-- \/ Yoast SEO plugin. -->","yoast_head_json":{"title":"[ Hikvision ] &#129351; Ds-at1000s\/450\/25t Servidor De Almacenamiento En Red \/ Soporta 24 Discos Duros (incluye 18 Discos De 25 Tb) \/ Soporta Hasta 400 Canales \/ Controlador Simple","description":"Compra Ds-at1000s\/450\/25t Servidor De Almacenamiento En Red \/ Soporta 24 Discos Duros (incluye 18 Discos De 25 Tb) \/ Soporta Hasta 400 Canales \/ Controlador Simple + Env\u00edo a domicilio + Pago seguro + Garant\u00eda","robots":{"index":"index","follow":"follow","max-snippet":"max-snippet:-1","max-image-preview":"max-image-preview:large","max-video-preview":"max-video-preview:-1"},"canonical":"https:\/\/compuviper.mx\/tienda\/producto\/hikvision-ds-at1000s-450-25t-servidor-de-almacenamiento-en-red-soporta-24-discos-duros-incluye-18-discos-de-25-tb-soporta-hasta-400-canales-controlador-simple\/","og_locale":"es_MX","og_type":"article","og_title":"[ Hikvision ] &#129351; Ds-at1000s\/450\/25t Servidor De Almacenamiento En Red \/ Soporta 24 Discos Duros (incluye 18 Discos De 25 Tb) \/ Soporta Hasta 400 Canales \/ Controlador Simple","og_description":"Compra Ds-at1000s\/450\/25t Servidor De Almacenamiento En Red \/ Soporta 24 Discos Duros (incluye 18 Discos De 25 Tb) \/ Soporta Hasta 400 Canales \/ Controlador Simple + Env\u00edo a domicilio + Pago seguro + Garant\u00eda","og_url":"https:\/\/compuviper.mx\/tienda\/producto\/hikvision-ds-at1000s-450-25t-servidor-de-almacenamiento-en-red-soporta-24-discos-duros-incluye-18-discos-de-25-tb-soporta-hasta-400-canales-controlador-simple\/","og_site_name":"Compuviper","article_publisher":"https:\/\/www.facebook.com\/compuviper","article_modified_time":"2026-04-16T07:55:37+00:00","og_image":[{"width":200,"height":200,"url":"https:\/\/compuviper.mx\/tienda\/wp-content\/uploads\/2025\/10\/Servidor-de-almacenamiento-en-red-hikvision-soporta-24-discos-duros-incluye-18-discos-de-25-tb-soporta-hasta-400-canales-controlador-simple.jpg","type":"image\/jpeg"}],"twitter_card":"summary_large_image","twitter_misc":{"Precio":"&#36;529,184 con IVA","Availability":"On backorder"},"schema":{"@context":"https:\/\/schema.org","@graph":[{"@type":"WebPage","@id":"https:\/\/compuviper.mx\/tienda\/producto\/hikvision-ds-at1000s-450-25t-servidor-de-almacenamiento-en-red-soporta-24-discos-duros-incluye-18-discos-de-25-tb-soporta-hasta-400-canales-controlador-simple\/","url":"https:\/\/compuviper.mx\/tienda\/producto\/hikvision-ds-at1000s-450-25t-servidor-de-almacenamiento-en-red-soporta-24-discos-duros-incluye-18-discos-de-25-tb-soporta-hasta-400-canales-controlador-simple\/","name":"[ Hikvision ] &#129351; Ds-at1000s\/450\/25t Servidor De Almacenamiento En Red \/ Soporta 24 Discos Duros (incluye 18 Discos De 25 Tb) \/ Soporta Hasta 400 Canales \/ Controlador Simple","isPartOf":{"@id":"https:\/\/compuviper.mx\/tienda\/#website"},"datePublished":"2026-04-16T07:55:36+00:00","dateModified":"2026-04-16T07:55:37+00:00","description":"Compra Ds-at1000s\/450\/25t Servidor De Almacenamiento En Red \/ Soporta 24 Discos Duros (incluye 18 Discos De 25 Tb) \/ Soporta Hasta 400 Canales \/ Controlador Simple + Env\u00edo a domicilio + Pago seguro + Garant\u00eda","breadcrumb":{"@id":"https:\/\/compuviper.mx\/tienda\/producto\/hikvision-ds-at1000s-450-25t-servidor-de-almacenamiento-en-red-soporta-24-discos-duros-incluye-18-discos-de-25-tb-soporta-hasta-400-canales-controlador-simple\/#breadcrumb"},"inLanguage":"es-MX","potentialAction":[{"@type":"ReadAction","target":["https:\/\/compuviper.mx\/tienda\/producto\/hikvision-ds-at1000s-450-25t-servidor-de-almacenamiento-en-red-soporta-24-discos-duros-incluye-18-discos-de-25-tb-soporta-hasta-400-canales-controlador-simple\/"]}]},{"@type":"BreadcrumbList","@id":"https:\/\/compuviper.mx\/tienda\/producto\/hikvision-ds-at1000s-450-25t-servidor-de-almacenamiento-en-red-soporta-24-discos-duros-incluye-18-discos-de-25-tb-soporta-hasta-400-canales-controlador-simple\/#breadcrumb","itemListElement":[{"@type":"ListItem","position":1,"name":"Inicio","item":"https:\/\/compuviper.mx\/tienda\/"},{"@type":"ListItem","position":2,"name":"Productos","item":"https:\/\/compuviper.mx\/tienda\/productos\/"},{"@type":"ListItem","position":3,"name":"Almacenamiento","item":"https:\/\/compuviper.mx\/tienda\/categoria-producto\/almacenamiento\/"},{"@type":"ListItem","position":4,"name":"Sistema De Almacenamiento","item":"https:\/\/compuviper.mx\/tienda\/categoria-producto\/almacenamiento\/sistema-de-almacenamiento\/"},{"@type":"ListItem","position":5,"name":"Hikvision Ds-at1000s\/450\/25t Servidor De Almacenamiento En Red \/ Soporta 24 Discos Duros (incluye 18 Discos De 25 Tb) \/ Soporta Hasta 400 Canales \/ Controlador Simple"}]},{"@type":"WebSite","@id":"https:\/\/compuviper.mx\/tienda\/#website","url":"https:\/\/compuviper.mx\/tienda\/","name":"Compuviper","description":"Proveedor de Computadoras, Laptops, Servidores, Monitores, Puntos de Venta, Teclados,   Impresoras, T\u00f3ner, C\u00e1maras de Seguridad y m\u00e1s en tu tienda en l\u00ednea","publisher":{"@id":"https:\/\/compuviper.mx\/tienda\/#organization"},"potentialAction":[{"@type":"SearchAction","target":{"@type":"EntryPoint","urlTemplate":"https:\/\/compuviper.mx\/tienda\/?s={search_term_string}"},"query-input":"required name=search_term_string"}],"inLanguage":"es-MX"},{"@type":"Organization","@id":"https:\/\/compuviper.mx\/tienda\/#organization","name":"Compuviper","url":"https:\/\/compuviper.mx\/tienda\/","logo":{"@type":"ImageObject","inLanguage":"es-MX","@id":"https:\/\/compuviper.mx\/tienda\/#\/schema\/logo\/image\/","url":"https:\/\/compuviper.mx\/tienda\/wp-content\/uploads\/2021\/08\/Logo-Compuviper-10.png","contentUrl":"https:\/\/compuviper.mx\/tienda\/wp-content\/uploads\/2021\/08\/Logo-Compuviper-10.png","width":1000,"height":500,"caption":"Compuviper"},"image":{"@id":"https:\/\/compuviper.mx\/tienda\/#\/schema\/logo\/image\/"},"sameAs":["https:\/\/www.facebook.com\/compuviper","https:\/\/www.youtube.com\/channel\/UCf73dERp9Y3cfOq7q8BhLjA?view_as=subscriber"]}]},"product_brand":"HIKVISION","product_price_amount":"529184","product_price_currency":"MXN","og_availability":"backorder","product_availability":"available for order","product_retailer_item_id":"DS-AT1000S\/450\/25T","product_condition":"new"},"_links":{"self":[{"href":"https:\/\/compuviper.mx\/tienda\/wp-json\/wp\/v2\/product\/253638"}],"collection":[{"href":"https:\/\/compuviper.mx\/tienda\/wp-json\/wp\/v2\/product"}],"about":[{"href":"https:\/\/compuviper.mx\/tienda\/wp-json\/wp\/v2\/types\/product"}],"replies":[{"embeddable":true,"href":"https:\/\/compuviper.mx\/tienda\/wp-json\/wp\/v2\/comments?post=253638"}],"wp:featuredmedia":[{"embeddable":true,"href":"https:\/\/compuviper.mx\/tienda\/wp-json\/wp\/v2\/media\/260759"}],"wp:attachment":[{"href":"https:\/\/compuviper.mx\/tienda\/wp-json\/wp\/v2\/media?parent=253638"}],"wp:term":[{"taxonomy":"product_cat","embeddable":true,"href":"https:\/\/compuviper.mx\/tienda\/wp-json\/wp\/v2\/product_cat?post=253638"},{"taxonomy":"product_tag","embeddable":true,"href":"https:\/\/compuviper.mx\/tienda\/wp-json\/wp\/v2\/product_tag?post=253638"}],"curies":[{"name":"wp","href":"https:\/\/api.w.org\/{rel}","templated":true}]}}