{"id":253617,"date":"2026-04-23T00:15:40","date_gmt":"2026-04-23T06:15:40","guid":{"rendered":"https:\/\/compuviper.mx\/tienda\/producto\/dahua-dh-sd3d216nb-gny-camara-ip-ptz-sd3d216nb-gny-2-mp-wizsense-16x-de-zoom-optico-80-mts-de-ir-deteccin-de-vehiculos-y-humanos-smd-3-0-ip66-smart-h-265-ranura-para-msd-wdr-real-de120d\/"},"modified":"2026-04-23T00:15:40","modified_gmt":"2026-04-23T06:15:40","slug":"dahua-dh-sd3d216nb-gny-camara-ip-ptz-sd3d216nb-gny-2-mp-wizsense-16x-de-zoom-optico-80-mts-de-ir-deteccin-de-vehiculos-y-humanos-smd-3-0-ip66-smart-h-265-ranura-para-msd-wdr-real-de120d","status":"publish","type":"product","link":"https:\/\/compuviper.mx\/tienda\/producto\/dahua-dh-sd3d216nb-gny-camara-ip-ptz-sd3d216nb-gny-2-mp-wizsense-16x-de-zoom-optico-80-mts-de-ir-deteccin-de-vehiculos-y-humanos-smd-3-0-ip66-smart-h-265-ranura-para-msd-wdr-real-de120d\/","title":{"rendered":"Dahua Dh-sd3d216nb-gny Camara Ip Ptz\/ \/ Sd3d216nb-gny\/ 2 Mp\/ Wizsense\/ 16x De Zoom Optico\/ 80 Mts De Ir\/ Detecci?n De Vehiculos Y Humanos\/ Smd 3.0\/ Ip66\/ Smart H.265+\/ Ranura Para Msd\/ Wdr Real De120db"},"content":{"rendered":"<table class=\"descripcion\">\n<tr>\n<td>Especificaciones t\u00e9cnicas<\/td>\n<\/tr>\n<tr>\n<td>\u0095 fuente de alimentaci\u00f3n: 12 vcc, 2 a \u00b1 10 % poe+ (802.3at)<\/td>\n<\/tr>\n<tr>\n<td>\u0095 consumo de energ\u00eda: b\u00e1sico: 8w<\/td>\n<\/tr>\n<tr>\n<td>\u0095 temperatura de funcionamiento: \u0096 30 \u00b0c a +60 \u00b0c<\/td>\n<\/tr>\n<tr>\n<td>\u0095 humedad de funcionamiento:  and #8804;95%<\/td>\n<\/tr>\n<tr>\n<td>\u0095 dimensiones del producto: 240 mm \u00d7  and #934;151,5 mm<\/td>\n<\/tr>\n<tr>\n<td>\u0095 peso neto: 1,5 kg<\/td>\n<\/tr>\n<tr>\n<td>Incluye<\/td>\n<\/tr>\n<tr>\n<td>\u0095 x1 c\u00e1mara dh-sd3d216nb-gny<\/td>\n<\/tr>\n<tr>\n<td>\u0095 x1 soporte para montaje en pared<\/td>\n<\/tr>\n<tr>\n<td>\u0095 x1 manual de usuario<\/td>\n<\/tr>\n<tr>\n<td>\u0095 x1 p\u00f3liza de garant\u00eda<\/td>\n<\/tr>\n<tr>\n<td>Caracter\u00edsticas principales<\/td>\n<\/tr>\n<tr>\n<td>\u0095 resolucion: m\u00e1x. 25\/30 fps@1080p<\/td>\n<\/tr>\n<tr>\n<td>\u0095 tecnolog\u00eda: starlight<\/td>\n<\/tr>\n<tr>\n<td>\u0095 zoom \u00f3ptico: 16x cmos de 1\/2,8 y 2 megap\u00edxeles<\/td>\n<\/tr>\n<tr>\n<td>\u0095 iluminaci\u00f3n: distancia ir de hasta 80 m<\/td>\n<\/tr>\n<tr>\n<td>\u0095 funciones: ivs (detecci\u00f3n de personas\/veh\u00edculos)<\/td>\n<\/tr>\n<tr>\n<td>\u0095 smd 3.0<\/td>\n<\/tr>\n<\/table>\n","protected":false},"excerpt":{"rendered":"<p>Informaci\u00f3n general. La dahua dh-sd3d216nb-gny es una c\u00e1mara de vigilancia ip ptz de alto rendimiento, ideal para aplicaciones de seguridad que requieren monitoreo en tiempo real y detecci\u00f3n de alta precisi\u00f3n. Con un sensor de 2 megap\u00edxeles y zoom \u00f3ptico de 16x, captura detalles incluso a largas distancias. La visi\u00f3n nocturna con ir de hasta 80 metros garantiza seguridad constante, mientras la tecnolog\u00eda de codificaci\u00f3n h.265 permite eficiencia en almacenamiento y ancho de banda. Con smd3.0, mejora la detecci\u00f3n de humanos y veh\u00edculos, evitando falsas alarmas y optimizando la precisi\u00f3n en situaciones de seguridad exigentes. ***nota: no cuenta con la funci\u00f3n tour.***<\/p>\n","protected":false},"featured_media":259435,"comment_status":"open","ping_status":"open","template":"","meta":[],"product_cat":[1681,1608],"product_tag":[1555],"acf":[],"yoast_head":"<!-- This site is optimized with the Yoast SEO plugin v21.7 - https:\/\/yoast.com\/wordpress\/plugins\/seo\/ -->\n<title>[ Dahua ] &#129351; Dh-sd3d216nb-gny Camara Ip Ptz\/ \/ Sd3d216nb-gny\/ 2 Mp\/ Wizsense\/ 16x De Zoom Optico\/ 80 Mts De Ir\/ Detecci\u00f3n De Vehiculos Y Humanos\/ Smd 3.0\/ Ip66\/ Smart H.265+\/ Ranura Para Msd\/ Wdr Real De120db<\/title>\n<meta name=\"description\" content=\"Compra Dh-sd3d216nb-gny Camara Ip Ptz\/ \/ Sd3d216nb-gny\/ 2 Mp\/ Wizsense\/ 16x De Zoom Optico\/ 80 Mts De Ir\/ Detecci\u00f3n De Vehiculos Y Humanos\/ Smd 3.0\/ Ip66\/ Smart H.265+\/ Ranura Para Msd\/ Wdr Real De120db + Env\u00edo a domicilio + Pago seguro + Garant\u00eda\" \/>\n<meta name=\"robots\" content=\"index, follow, max-snippet:-1, max-image-preview:large, max-video-preview:-1\" \/>\n<link rel=\"canonical\" href=\"https:\/\/compuviper.mx\/tienda\/producto\/dahua-dh-sd3d216nb-gny-camara-ip-ptz-sd3d216nb-gny-2-mp-wizsense-16x-de-zoom-optico-80-mts-de-ir-deteccin-de-vehiculos-y-humanos-smd-3-0-ip66-smart-h-265-ranura-para-msd-wdr-real-de120d\/\" \/>\n<meta property=\"og:locale\" content=\"es_MX\" \/>\n<meta property=\"og:type\" content=\"article\" \/>\n<meta property=\"og:title\" content=\"[ Dahua ] &#129351; Dh-sd3d216nb-gny Camara Ip Ptz\/ \/ Sd3d216nb-gny\/ 2 Mp\/ Wizsense\/ 16x De Zoom Optico\/ 80 Mts De Ir\/ Detecci\u00f3n De Vehiculos Y Humanos\/ Smd 3.0\/ Ip66\/ Smart H.265+\/ Ranura Para Msd\/ Wdr Real De120db\" \/>\n<meta property=\"og:description\" content=\"Compra Dh-sd3d216nb-gny Camara Ip Ptz\/ \/ Sd3d216nb-gny\/ 2 Mp\/ Wizsense\/ 16x De Zoom Optico\/ 80 Mts De Ir\/ Detecci\u00f3n De Vehiculos Y Humanos\/ Smd 3.0\/ Ip66\/ Smart H.265+\/ Ranura Para Msd\/ Wdr Real De120db + Env\u00edo a domicilio + Pago seguro + Garant\u00eda\" \/>\n<meta property=\"og:url\" content=\"https:\/\/compuviper.mx\/tienda\/producto\/dahua-dh-sd3d216nb-gny-camara-ip-ptz-sd3d216nb-gny-2-mp-wizsense-16x-de-zoom-optico-80-mts-de-ir-deteccin-de-vehiculos-y-humanos-smd-3-0-ip66-smart-h-265-ranura-para-msd-wdr-real-de120d\/\" \/>\n<meta property=\"og:site_name\" content=\"Compuviper\" \/>\n<meta property=\"article:publisher\" content=\"https:\/\/www.facebook.com\/compuviper\" \/>\n<meta property=\"og:image\" content=\"https:\/\/compuviper.mx\/tienda\/wp-content\/uploads\/2025\/10\/Camara-ip-ptz-dahua-sd3d216nb-gny-2-mp-wizsense-16x-de-zoom-optico-80-mts-de-ir-deteccion-de-vehiculos-y-humanos-smd-3.0-ip66-smart-h.265-ranura-para-msd-wdr-real-de120db.jpg\" \/>\n\t<meta property=\"og:image:width\" content=\"200\" \/>\n\t<meta property=\"og:image:height\" content=\"200\" \/>\n\t<meta property=\"og:image:type\" content=\"image\/jpeg\" \/>\n<meta name=\"twitter:card\" content=\"summary_large_image\" \/>\n<meta name=\"twitter:label1\" content=\"Precio\" \/>\n\t<meta name=\"twitter:data1\" content=\"&#36;3,296 con IVA\" \/>\n\t<meta name=\"twitter:label2\" content=\"Availability\" \/>\n\t<meta name=\"twitter:data2\" content=\"Out of stock\" \/>\n<script type=\"application\/ld+json\" class=\"yoast-schema-graph\">{\"@context\":\"https:\/\/schema.org\",\"@graph\":[{\"@type\":\"WebPage\",\"@id\":\"https:\/\/compuviper.mx\/tienda\/producto\/dahua-dh-sd3d216nb-gny-camara-ip-ptz-sd3d216nb-gny-2-mp-wizsense-16x-de-zoom-optico-80-mts-de-ir-deteccin-de-vehiculos-y-humanos-smd-3-0-ip66-smart-h-265-ranura-para-msd-wdr-real-de120d\/\",\"url\":\"https:\/\/compuviper.mx\/tienda\/producto\/dahua-dh-sd3d216nb-gny-camara-ip-ptz-sd3d216nb-gny-2-mp-wizsense-16x-de-zoom-optico-80-mts-de-ir-deteccin-de-vehiculos-y-humanos-smd-3-0-ip66-smart-h-265-ranura-para-msd-wdr-real-de120d\/\",\"name\":\"[ Dahua ] &#129351; Dh-sd3d216nb-gny Camara Ip Ptz\/ \/ Sd3d216nb-gny\/ 2 Mp\/ Wizsense\/ 16x De Zoom Optico\/ 80 Mts De Ir\/ Detecci\u00f3n De Vehiculos Y Humanos\/ Smd 3.0\/ Ip66\/ Smart H.265+\/ Ranura Para Msd\/ Wdr Real De120db\",\"isPartOf\":{\"@id\":\"https:\/\/compuviper.mx\/tienda\/#website\"},\"datePublished\":\"2026-04-23T06:15:40+00:00\",\"dateModified\":\"2026-04-23T06:15:40+00:00\",\"description\":\"Compra Dh-sd3d216nb-gny Camara Ip Ptz\/ \/ Sd3d216nb-gny\/ 2 Mp\/ Wizsense\/ 16x De Zoom Optico\/ 80 Mts De Ir\/ Detecci\u00f3n De Vehiculos Y Humanos\/ Smd 3.0\/ Ip66\/ Smart H.265+\/ Ranura Para Msd\/ Wdr Real De120db + Env\u00edo a domicilio + Pago seguro + Garant\u00eda\",\"breadcrumb\":{\"@id\":\"https:\/\/compuviper.mx\/tienda\/producto\/dahua-dh-sd3d216nb-gny-camara-ip-ptz-sd3d216nb-gny-2-mp-wizsense-16x-de-zoom-optico-80-mts-de-ir-deteccin-de-vehiculos-y-humanos-smd-3-0-ip66-smart-h-265-ranura-para-msd-wdr-real-de120d\/#breadcrumb\"},\"inLanguage\":\"es-MX\",\"potentialAction\":[{\"@type\":\"ReadAction\",\"target\":[\"https:\/\/compuviper.mx\/tienda\/producto\/dahua-dh-sd3d216nb-gny-camara-ip-ptz-sd3d216nb-gny-2-mp-wizsense-16x-de-zoom-optico-80-mts-de-ir-deteccin-de-vehiculos-y-humanos-smd-3-0-ip66-smart-h-265-ranura-para-msd-wdr-real-de120d\/\"]}]},{\"@type\":\"BreadcrumbList\",\"@id\":\"https:\/\/compuviper.mx\/tienda\/producto\/dahua-dh-sd3d216nb-gny-camara-ip-ptz-sd3d216nb-gny-2-mp-wizsense-16x-de-zoom-optico-80-mts-de-ir-deteccin-de-vehiculos-y-humanos-smd-3-0-ip66-smart-h-265-ranura-para-msd-wdr-real-de120d\/#breadcrumb\",\"itemListElement\":[{\"@type\":\"ListItem\",\"position\":1,\"name\":\"Inicio\",\"item\":\"https:\/\/compuviper.mx\/tienda\/\"},{\"@type\":\"ListItem\",\"position\":2,\"name\":\"Productos\",\"item\":\"https:\/\/compuviper.mx\/tienda\/productos\/\"},{\"@type\":\"ListItem\",\"position\":3,\"name\":\"Camaras\",\"item\":\"https:\/\/compuviper.mx\/tienda\/categoria-producto\/camaras-2\/\"},{\"@type\":\"ListItem\",\"position\":4,\"name\":\"Camara De Videovigilancia\",\"item\":\"https:\/\/compuviper.mx\/tienda\/categoria-producto\/camaras-2\/camara-de-videovigilancia\/\"},{\"@type\":\"ListItem\",\"position\":5,\"name\":\"Dahua Dh-sd3d216nb-gny Camara Ip Ptz\/ \/ Sd3d216nb-gny\/ 2 Mp\/ Wizsense\/ 16x De Zoom Optico\/ 80 Mts De Ir\/ Detecci?n De Vehiculos Y Humanos\/ Smd 3.0\/ Ip66\/ Smart H.265+\/ Ranura Para Msd\/ Wdr Real De120db\"}]},{\"@type\":\"WebSite\",\"@id\":\"https:\/\/compuviper.mx\/tienda\/#website\",\"url\":\"https:\/\/compuviper.mx\/tienda\/\",\"name\":\"Compuviper\",\"description\":\"Proveedor de Computadoras, Laptops, Servidores, Monitores, Puntos de Venta, Teclados,   Impresoras, T\u00f3ner, C\u00e1maras de Seguridad y m\u00e1s en tu tienda en l\u00ednea\",\"publisher\":{\"@id\":\"https:\/\/compuviper.mx\/tienda\/#organization\"},\"potentialAction\":[{\"@type\":\"SearchAction\",\"target\":{\"@type\":\"EntryPoint\",\"urlTemplate\":\"https:\/\/compuviper.mx\/tienda\/?s={search_term_string}\"},\"query-input\":\"required name=search_term_string\"}],\"inLanguage\":\"es-MX\"},{\"@type\":\"Organization\",\"@id\":\"https:\/\/compuviper.mx\/tienda\/#organization\",\"name\":\"Compuviper\",\"url\":\"https:\/\/compuviper.mx\/tienda\/\",\"logo\":{\"@type\":\"ImageObject\",\"inLanguage\":\"es-MX\",\"@id\":\"https:\/\/compuviper.mx\/tienda\/#\/schema\/logo\/image\/\",\"url\":\"https:\/\/compuviper.mx\/tienda\/wp-content\/uploads\/2021\/08\/Logo-Compuviper-10.png\",\"contentUrl\":\"https:\/\/compuviper.mx\/tienda\/wp-content\/uploads\/2021\/08\/Logo-Compuviper-10.png\",\"width\":1000,\"height\":500,\"caption\":\"Compuviper\"},\"image\":{\"@id\":\"https:\/\/compuviper.mx\/tienda\/#\/schema\/logo\/image\/\"},\"sameAs\":[\"https:\/\/www.facebook.com\/compuviper\",\"https:\/\/www.youtube.com\/channel\/UCf73dERp9Y3cfOq7q8BhLjA?view_as=subscriber\"]}]}<\/script>\n<meta property=\"product:brand\" content=\"DAHUA\" \/>\n<meta property=\"product:price:amount\" content=\"3296\" \/>\n<meta property=\"product:price:currency\" content=\"MXN\" \/>\n<meta property=\"og:availability\" content=\"out of stock\" \/>\n<meta property=\"product:availability\" content=\"out of stock\" \/>\n<meta property=\"product:retailer_item_id\" content=\"DH-SD3D216NB-GNY\" \/>\n<meta property=\"product:condition\" content=\"new\" \/>\n<!-- \/ Yoast SEO plugin. -->","yoast_head_json":{"title":"[ Dahua ] &#129351; Dh-sd3d216nb-gny Camara Ip Ptz\/ \/ Sd3d216nb-gny\/ 2 Mp\/ Wizsense\/ 16x De Zoom Optico\/ 80 Mts De Ir\/ Detecci\u00f3n De Vehiculos Y Humanos\/ Smd 3.0\/ Ip66\/ Smart H.265+\/ Ranura Para Msd\/ Wdr Real De120db","description":"Compra Dh-sd3d216nb-gny Camara Ip Ptz\/ \/ Sd3d216nb-gny\/ 2 Mp\/ Wizsense\/ 16x De Zoom Optico\/ 80 Mts De Ir\/ Detecci\u00f3n De Vehiculos Y Humanos\/ Smd 3.0\/ Ip66\/ Smart H.265+\/ Ranura Para Msd\/ Wdr Real De120db + Env\u00edo a domicilio + Pago seguro + Garant\u00eda","robots":{"index":"index","follow":"follow","max-snippet":"max-snippet:-1","max-image-preview":"max-image-preview:large","max-video-preview":"max-video-preview:-1"},"canonical":"https:\/\/compuviper.mx\/tienda\/producto\/dahua-dh-sd3d216nb-gny-camara-ip-ptz-sd3d216nb-gny-2-mp-wizsense-16x-de-zoom-optico-80-mts-de-ir-deteccin-de-vehiculos-y-humanos-smd-3-0-ip66-smart-h-265-ranura-para-msd-wdr-real-de120d\/","og_locale":"es_MX","og_type":"article","og_title":"[ Dahua ] &#129351; Dh-sd3d216nb-gny Camara Ip Ptz\/ \/ Sd3d216nb-gny\/ 2 Mp\/ Wizsense\/ 16x De Zoom Optico\/ 80 Mts De Ir\/ Detecci\u00f3n De Vehiculos Y Humanos\/ Smd 3.0\/ Ip66\/ Smart H.265+\/ Ranura Para Msd\/ Wdr Real De120db","og_description":"Compra Dh-sd3d216nb-gny Camara Ip Ptz\/ \/ Sd3d216nb-gny\/ 2 Mp\/ Wizsense\/ 16x De Zoom Optico\/ 80 Mts De Ir\/ Detecci\u00f3n De Vehiculos Y Humanos\/ Smd 3.0\/ Ip66\/ Smart H.265+\/ Ranura Para Msd\/ Wdr Real De120db + Env\u00edo a domicilio + Pago seguro + Garant\u00eda","og_url":"https:\/\/compuviper.mx\/tienda\/producto\/dahua-dh-sd3d216nb-gny-camara-ip-ptz-sd3d216nb-gny-2-mp-wizsense-16x-de-zoom-optico-80-mts-de-ir-deteccin-de-vehiculos-y-humanos-smd-3-0-ip66-smart-h-265-ranura-para-msd-wdr-real-de120d\/","og_site_name":"Compuviper","article_publisher":"https:\/\/www.facebook.com\/compuviper","og_image":[{"width":200,"height":200,"url":"https:\/\/compuviper.mx\/tienda\/wp-content\/uploads\/2025\/10\/Camara-ip-ptz-dahua-sd3d216nb-gny-2-mp-wizsense-16x-de-zoom-optico-80-mts-de-ir-deteccion-de-vehiculos-y-humanos-smd-3.0-ip66-smart-h.265-ranura-para-msd-wdr-real-de120db.jpg","type":"image\/jpeg"}],"twitter_card":"summary_large_image","twitter_misc":{"Precio":"&#36;3,296 con IVA","Availability":"Out of stock"},"schema":{"@context":"https:\/\/schema.org","@graph":[{"@type":"WebPage","@id":"https:\/\/compuviper.mx\/tienda\/producto\/dahua-dh-sd3d216nb-gny-camara-ip-ptz-sd3d216nb-gny-2-mp-wizsense-16x-de-zoom-optico-80-mts-de-ir-deteccin-de-vehiculos-y-humanos-smd-3-0-ip66-smart-h-265-ranura-para-msd-wdr-real-de120d\/","url":"https:\/\/compuviper.mx\/tienda\/producto\/dahua-dh-sd3d216nb-gny-camara-ip-ptz-sd3d216nb-gny-2-mp-wizsense-16x-de-zoom-optico-80-mts-de-ir-deteccin-de-vehiculos-y-humanos-smd-3-0-ip66-smart-h-265-ranura-para-msd-wdr-real-de120d\/","name":"[ Dahua ] &#129351; Dh-sd3d216nb-gny Camara Ip Ptz\/ \/ Sd3d216nb-gny\/ 2 Mp\/ Wizsense\/ 16x De Zoom Optico\/ 80 Mts De Ir\/ Detecci\u00f3n De Vehiculos Y Humanos\/ Smd 3.0\/ Ip66\/ Smart H.265+\/ Ranura Para Msd\/ Wdr Real De120db","isPartOf":{"@id":"https:\/\/compuviper.mx\/tienda\/#website"},"datePublished":"2026-04-23T06:15:40+00:00","dateModified":"2026-04-23T06:15:40+00:00","description":"Compra Dh-sd3d216nb-gny Camara Ip Ptz\/ \/ Sd3d216nb-gny\/ 2 Mp\/ Wizsense\/ 16x De Zoom Optico\/ 80 Mts De Ir\/ Detecci\u00f3n De Vehiculos Y Humanos\/ Smd 3.0\/ Ip66\/ Smart H.265+\/ Ranura Para Msd\/ Wdr Real De120db + Env\u00edo a domicilio + Pago seguro + Garant\u00eda","breadcrumb":{"@id":"https:\/\/compuviper.mx\/tienda\/producto\/dahua-dh-sd3d216nb-gny-camara-ip-ptz-sd3d216nb-gny-2-mp-wizsense-16x-de-zoom-optico-80-mts-de-ir-deteccin-de-vehiculos-y-humanos-smd-3-0-ip66-smart-h-265-ranura-para-msd-wdr-real-de120d\/#breadcrumb"},"inLanguage":"es-MX","potentialAction":[{"@type":"ReadAction","target":["https:\/\/compuviper.mx\/tienda\/producto\/dahua-dh-sd3d216nb-gny-camara-ip-ptz-sd3d216nb-gny-2-mp-wizsense-16x-de-zoom-optico-80-mts-de-ir-deteccin-de-vehiculos-y-humanos-smd-3-0-ip66-smart-h-265-ranura-para-msd-wdr-real-de120d\/"]}]},{"@type":"BreadcrumbList","@id":"https:\/\/compuviper.mx\/tienda\/producto\/dahua-dh-sd3d216nb-gny-camara-ip-ptz-sd3d216nb-gny-2-mp-wizsense-16x-de-zoom-optico-80-mts-de-ir-deteccin-de-vehiculos-y-humanos-smd-3-0-ip66-smart-h-265-ranura-para-msd-wdr-real-de120d\/#breadcrumb","itemListElement":[{"@type":"ListItem","position":1,"name":"Inicio","item":"https:\/\/compuviper.mx\/tienda\/"},{"@type":"ListItem","position":2,"name":"Productos","item":"https:\/\/compuviper.mx\/tienda\/productos\/"},{"@type":"ListItem","position":3,"name":"Camaras","item":"https:\/\/compuviper.mx\/tienda\/categoria-producto\/camaras-2\/"},{"@type":"ListItem","position":4,"name":"Camara De Videovigilancia","item":"https:\/\/compuviper.mx\/tienda\/categoria-producto\/camaras-2\/camara-de-videovigilancia\/"},{"@type":"ListItem","position":5,"name":"Dahua Dh-sd3d216nb-gny Camara Ip Ptz\/ \/ Sd3d216nb-gny\/ 2 Mp\/ Wizsense\/ 16x De Zoom Optico\/ 80 Mts De Ir\/ Detecci?n De Vehiculos Y Humanos\/ Smd 3.0\/ Ip66\/ Smart H.265+\/ Ranura Para Msd\/ Wdr Real De120db"}]},{"@type":"WebSite","@id":"https:\/\/compuviper.mx\/tienda\/#website","url":"https:\/\/compuviper.mx\/tienda\/","name":"Compuviper","description":"Proveedor de Computadoras, Laptops, Servidores, Monitores, Puntos de Venta, Teclados,   Impresoras, T\u00f3ner, C\u00e1maras de Seguridad y m\u00e1s en tu tienda en l\u00ednea","publisher":{"@id":"https:\/\/compuviper.mx\/tienda\/#organization"},"potentialAction":[{"@type":"SearchAction","target":{"@type":"EntryPoint","urlTemplate":"https:\/\/compuviper.mx\/tienda\/?s={search_term_string}"},"query-input":"required name=search_term_string"}],"inLanguage":"es-MX"},{"@type":"Organization","@id":"https:\/\/compuviper.mx\/tienda\/#organization","name":"Compuviper","url":"https:\/\/compuviper.mx\/tienda\/","logo":{"@type":"ImageObject","inLanguage":"es-MX","@id":"https:\/\/compuviper.mx\/tienda\/#\/schema\/logo\/image\/","url":"https:\/\/compuviper.mx\/tienda\/wp-content\/uploads\/2021\/08\/Logo-Compuviper-10.png","contentUrl":"https:\/\/compuviper.mx\/tienda\/wp-content\/uploads\/2021\/08\/Logo-Compuviper-10.png","width":1000,"height":500,"caption":"Compuviper"},"image":{"@id":"https:\/\/compuviper.mx\/tienda\/#\/schema\/logo\/image\/"},"sameAs":["https:\/\/www.facebook.com\/compuviper","https:\/\/www.youtube.com\/channel\/UCf73dERp9Y3cfOq7q8BhLjA?view_as=subscriber"]}]},"product_brand":"DAHUA","product_price_amount":"3296","product_price_currency":"MXN","og_availability":"out of stock","product_availability":"out of stock","product_retailer_item_id":"DH-SD3D216NB-GNY","product_condition":"new"},"_links":{"self":[{"href":"https:\/\/compuviper.mx\/tienda\/wp-json\/wp\/v2\/product\/253617"}],"collection":[{"href":"https:\/\/compuviper.mx\/tienda\/wp-json\/wp\/v2\/product"}],"about":[{"href":"https:\/\/compuviper.mx\/tienda\/wp-json\/wp\/v2\/types\/product"}],"replies":[{"embeddable":true,"href":"https:\/\/compuviper.mx\/tienda\/wp-json\/wp\/v2\/comments?post=253617"}],"wp:featuredmedia":[{"embeddable":true,"href":"https:\/\/compuviper.mx\/tienda\/wp-json\/wp\/v2\/media\/259435"}],"wp:attachment":[{"href":"https:\/\/compuviper.mx\/tienda\/wp-json\/wp\/v2\/media?parent=253617"}],"wp:term":[{"taxonomy":"product_cat","embeddable":true,"href":"https:\/\/compuviper.mx\/tienda\/wp-json\/wp\/v2\/product_cat?post=253617"},{"taxonomy":"product_tag","embeddable":true,"href":"https:\/\/compuviper.mx\/tienda\/wp-json\/wp\/v2\/product_tag?post=253617"}],"curies":[{"name":"wp","href":"https:\/\/api.w.org\/{rel}","templated":true}]}}