{"id":253596,"date":"2026-04-25T01:08:58","date_gmt":"2026-04-25T07:08:58","guid":{"rendered":"https:\/\/compuviper.mx\/tienda\/producto\/dell-3000190953980-1-laptop-precision-workstation-5690-intel-core-ultra-9-185h-32gb-512gb-1-tb-nvidia-rtx-2000-8gb-16-win-11-pro\/"},"modified":"2026-04-25T01:08:59","modified_gmt":"2026-04-25T07:08:59","slug":"dell-3000190953980-1-laptop-precision-workstation-5690-intel-core-ultra-9-185h-32gb-512gb-1tb-nvidia-rtx-2000-8gb-16-win-11-pro","status":"publish","type":"product","link":"https:\/\/compuviper.mx\/tienda\/producto\/dell-3000190953980-1-laptop-precision-workstation-5690-intel-core-ultra-9-185h-32gb-512gb-1tb-nvidia-rtx-2000-8gb-16-win-11-pro\/","title":{"rendered":"Dell 3000190953980.1 Laptop  Precision Workstation 5690 Intel Core Ultra 9 185h 32gb, 512gb + 1tb Nvidia Rtx 2000 8gb 16 Win 11 Pro"},"content":{"rendered":"<table class=\"descripcion\">\n<tr>\n<td>Procesador intel\u00ae core\u0099 ultra 9 185h, vpro\u00ae enterprise (16 n\u00facleos, hasta 5,1 ghz, 45 w) 379-bfpn 1<\/td>\n<\/tr>\n<tr>\n<td>Sistema operativo windows 11 pro, ingl\u00e9s, espa\u00f1ol, franc\u00e9s y portugu\u00e9s de brasil 619-arse 1<\/td>\n<\/tr>\n<tr>\n<td>Microsoft office active microsoft 365 para una prueba de 30 d\u00edas 658-bcsb 1<\/td>\n<\/tr>\n<tr>\n<td>Tarjeta de v\u00eddeo nvidia\u00ae rtx\u0099 2000 ada, gddr6 de 8 gb 490-bjyv 1<\/td>\n<\/tr>\n<tr>\n<td>Memoria 32 gb, lpddr5x, 7467 mt\/s 370-bbtg 1<\/td>\n<\/tr>\n<tr>\n<td>Disco duro ssd m.2 2280 de 512 gb, nvme pcie de 4.\u00aa generaci\u00f3n, class 40 400-bqym 1<\/td>\n<\/tr>\n<tr>\n<td>Pantalla pantalla fhd+ no t\u00e1ctil de 16 and #8243;, 1920 x 1200, 60 hz, 500 nits, ips, dci-p3 del 100 %, baja emisi\u00f3n de luz azul, c\u00e1mara ir y micr\u00f3fono<\/td>\n<\/tr>\n<\/table>\n","protected":false},"excerpt":{"rendered":"<p>3 a\u00f1os de servicio prosupport in situ al siguiente d\u00eda laboral despu\u00e9s del diagn\u00f3stico remoto con soporte de hardware y software<\/p>\n","protected":false},"featured_media":260312,"comment_status":"open","ping_status":"open","template":"","meta":[],"product_cat":[1886,1889],"product_tag":[1537],"acf":[],"yoast_head":"<!-- This site is optimized with the Yoast SEO plugin v21.7 - https:\/\/yoast.com\/wordpress\/plugins\/seo\/ -->\n<title>[ Dell ] &#129351; 3000190953980.1 Laptop Precision Workstation 5690 Intel Core Ultra 9 185h 32gb, 512gb + 1tb Nvidia Rtx 2000 8gb 16 Win 11 Pro<\/title>\n<meta name=\"description\" content=\"Compra 3000190953980.1 Laptop Precision Workstation 5690 Intel Core Ultra 9 185h 32gb, 512gb + 1tb Nvidia Rtx 2000 8gb 16 Win 11 Pro + Env\u00edo a domicilio + Pago seguro + Garant\u00eda\" \/>\n<meta name=\"robots\" content=\"index, follow, max-snippet:-1, max-image-preview:large, max-video-preview:-1\" \/>\n<link rel=\"canonical\" href=\"https:\/\/compuviper.mx\/tienda\/producto\/dell-3000190953980-1-laptop-precision-workstation-5690-intel-core-ultra-9-185h-32gb-512gb-1tb-nvidia-rtx-2000-8gb-16-win-11-pro\/\" \/>\n<meta property=\"og:locale\" content=\"es_MX\" \/>\n<meta property=\"og:type\" content=\"article\" \/>\n<meta property=\"og:title\" content=\"[ Dell ] &#129351; 3000190953980.1 Laptop Precision Workstation 5690 Intel Core Ultra 9 185h 32gb, 512gb + 1tb Nvidia Rtx 2000 8gb 16 Win 11 Pro\" \/>\n<meta property=\"og:description\" content=\"Compra 3000190953980.1 Laptop Precision Workstation 5690 Intel Core Ultra 9 185h 32gb, 512gb + 1tb Nvidia Rtx 2000 8gb 16 Win 11 Pro + Env\u00edo a domicilio + Pago seguro + Garant\u00eda\" \/>\n<meta property=\"og:url\" content=\"https:\/\/compuviper.mx\/tienda\/producto\/dell-3000190953980-1-laptop-precision-workstation-5690-intel-core-ultra-9-185h-32gb-512gb-1tb-nvidia-rtx-2000-8gb-16-win-11-pro\/\" \/>\n<meta property=\"og:site_name\" content=\"Compuviper\" \/>\n<meta property=\"article:publisher\" content=\"https:\/\/www.facebook.com\/compuviper\" \/>\n<meta property=\"article:modified_time\" content=\"2026-04-25T07:08:59+00:00\" \/>\n<meta property=\"og:image\" content=\"https:\/\/compuviper.mx\/tienda\/wp-content\/uploads\/2025\/10\/Laptop-dell-precision-workstation-5690-intel-core-ultra-9-185h-32gb-512gb-1tb-nvidia-rtx-2000-8gb-16-win-11-pro-3000190953980.1.jpg\" \/>\n\t<meta property=\"og:image:width\" content=\"200\" \/>\n\t<meta property=\"og:image:height\" content=\"200\" \/>\n\t<meta property=\"og:image:type\" content=\"image\/jpeg\" \/>\n<meta name=\"twitter:card\" content=\"summary_large_image\" \/>\n<meta name=\"twitter:label1\" content=\"Precio\" \/>\n\t<meta name=\"twitter:data1\" content=\"&#36;62,656 &#36;61,159 con IVA\" \/>\n\t<meta name=\"twitter:label2\" content=\"Availability\" \/>\n\t<meta name=\"twitter:data2\" content=\"In stock\" \/>\n<script type=\"application\/ld+json\" class=\"yoast-schema-graph\">{\"@context\":\"https:\/\/schema.org\",\"@graph\":[{\"@type\":\"WebPage\",\"@id\":\"https:\/\/compuviper.mx\/tienda\/producto\/dell-3000190953980-1-laptop-precision-workstation-5690-intel-core-ultra-9-185h-32gb-512gb-1tb-nvidia-rtx-2000-8gb-16-win-11-pro\/\",\"url\":\"https:\/\/compuviper.mx\/tienda\/producto\/dell-3000190953980-1-laptop-precision-workstation-5690-intel-core-ultra-9-185h-32gb-512gb-1tb-nvidia-rtx-2000-8gb-16-win-11-pro\/\",\"name\":\"[ Dell ] &#129351; 3000190953980.1 Laptop Precision Workstation 5690 Intel Core Ultra 9 185h 32gb, 512gb + 1tb Nvidia Rtx 2000 8gb 16 Win 11 Pro\",\"isPartOf\":{\"@id\":\"https:\/\/compuviper.mx\/tienda\/#website\"},\"datePublished\":\"2026-04-25T07:08:58+00:00\",\"dateModified\":\"2026-04-25T07:08:59+00:00\",\"description\":\"Compra 3000190953980.1 Laptop Precision Workstation 5690 Intel Core Ultra 9 185h 32gb, 512gb + 1tb Nvidia Rtx 2000 8gb 16 Win 11 Pro + Env\u00edo a domicilio + Pago seguro + Garant\u00eda\",\"breadcrumb\":{\"@id\":\"https:\/\/compuviper.mx\/tienda\/producto\/dell-3000190953980-1-laptop-precision-workstation-5690-intel-core-ultra-9-185h-32gb-512gb-1tb-nvidia-rtx-2000-8gb-16-win-11-pro\/#breadcrumb\"},\"inLanguage\":\"es-MX\",\"potentialAction\":[{\"@type\":\"ReadAction\",\"target\":[\"https:\/\/compuviper.mx\/tienda\/producto\/dell-3000190953980-1-laptop-precision-workstation-5690-intel-core-ultra-9-185h-32gb-512gb-1tb-nvidia-rtx-2000-8gb-16-win-11-pro\/\"]}]},{\"@type\":\"BreadcrumbList\",\"@id\":\"https:\/\/compuviper.mx\/tienda\/producto\/dell-3000190953980-1-laptop-precision-workstation-5690-intel-core-ultra-9-185h-32gb-512gb-1tb-nvidia-rtx-2000-8gb-16-win-11-pro\/#breadcrumb\",\"itemListElement\":[{\"@type\":\"ListItem\",\"position\":1,\"name\":\"Inicio\",\"item\":\"https:\/\/compuviper.mx\/tienda\/\"},{\"@type\":\"ListItem\",\"position\":2,\"name\":\"Productos\",\"item\":\"https:\/\/compuviper.mx\/tienda\/productos\/\"},{\"@type\":\"ListItem\",\"position\":3,\"name\":\"Laptops\",\"item\":\"https:\/\/compuviper.mx\/tienda\/categoria-producto\/laptops\/\"},{\"@type\":\"ListItem\",\"position\":4,\"name\":\"Workstation\",\"item\":\"https:\/\/compuviper.mx\/tienda\/categoria-producto\/laptops\/workstation-laptops\/\"},{\"@type\":\"ListItem\",\"position\":5,\"name\":\"Dell 3000190953980.1 Laptop Precision Workstation 5690 Intel Core Ultra 9 185h 32gb, 512gb + 1tb Nvidia Rtx 2000 8gb 16 Win 11 Pro\"}]},{\"@type\":\"WebSite\",\"@id\":\"https:\/\/compuviper.mx\/tienda\/#website\",\"url\":\"https:\/\/compuviper.mx\/tienda\/\",\"name\":\"Compuviper\",\"description\":\"Proveedor de Computadoras, Laptops, Servidores, Monitores, Puntos de Venta, Teclados,   Impresoras, T\u00f3ner, C\u00e1maras de Seguridad y m\u00e1s en tu tienda en l\u00ednea\",\"publisher\":{\"@id\":\"https:\/\/compuviper.mx\/tienda\/#organization\"},\"potentialAction\":[{\"@type\":\"SearchAction\",\"target\":{\"@type\":\"EntryPoint\",\"urlTemplate\":\"https:\/\/compuviper.mx\/tienda\/?s={search_term_string}\"},\"query-input\":\"required name=search_term_string\"}],\"inLanguage\":\"es-MX\"},{\"@type\":\"Organization\",\"@id\":\"https:\/\/compuviper.mx\/tienda\/#organization\",\"name\":\"Compuviper\",\"url\":\"https:\/\/compuviper.mx\/tienda\/\",\"logo\":{\"@type\":\"ImageObject\",\"inLanguage\":\"es-MX\",\"@id\":\"https:\/\/compuviper.mx\/tienda\/#\/schema\/logo\/image\/\",\"url\":\"https:\/\/compuviper.mx\/tienda\/wp-content\/uploads\/2021\/08\/Logo-Compuviper-10.png\",\"contentUrl\":\"https:\/\/compuviper.mx\/tienda\/wp-content\/uploads\/2021\/08\/Logo-Compuviper-10.png\",\"width\":1000,\"height\":500,\"caption\":\"Compuviper\"},\"image\":{\"@id\":\"https:\/\/compuviper.mx\/tienda\/#\/schema\/logo\/image\/\"},\"sameAs\":[\"https:\/\/www.facebook.com\/compuviper\",\"https:\/\/www.youtube.com\/channel\/UCf73dERp9Y3cfOq7q8BhLjA?view_as=subscriber\"]}]}<\/script>\n<meta property=\"product:brand\" content=\"DELL\" \/>\n<meta property=\"product:price:amount\" content=\"61159\" \/>\n<meta property=\"product:price:currency\" content=\"MXN\" \/>\n<meta property=\"og:availability\" content=\"instock\" \/>\n<meta property=\"product:availability\" content=\"instock\" \/>\n<meta property=\"product:retailer_item_id\" content=\"3000190953980.1\" \/>\n<meta property=\"product:condition\" content=\"new\" \/>\n<!-- \/ Yoast SEO plugin. -->","yoast_head_json":{"title":"[ Dell ] &#129351; 3000190953980.1 Laptop Precision Workstation 5690 Intel Core Ultra 9 185h 32gb, 512gb + 1tb Nvidia Rtx 2000 8gb 16 Win 11 Pro","description":"Compra 3000190953980.1 Laptop Precision Workstation 5690 Intel Core Ultra 9 185h 32gb, 512gb + 1tb Nvidia Rtx 2000 8gb 16 Win 11 Pro + Env\u00edo a domicilio + Pago seguro + Garant\u00eda","robots":{"index":"index","follow":"follow","max-snippet":"max-snippet:-1","max-image-preview":"max-image-preview:large","max-video-preview":"max-video-preview:-1"},"canonical":"https:\/\/compuviper.mx\/tienda\/producto\/dell-3000190953980-1-laptop-precision-workstation-5690-intel-core-ultra-9-185h-32gb-512gb-1tb-nvidia-rtx-2000-8gb-16-win-11-pro\/","og_locale":"es_MX","og_type":"article","og_title":"[ Dell ] &#129351; 3000190953980.1 Laptop Precision Workstation 5690 Intel Core Ultra 9 185h 32gb, 512gb + 1tb Nvidia Rtx 2000 8gb 16 Win 11 Pro","og_description":"Compra 3000190953980.1 Laptop Precision Workstation 5690 Intel Core Ultra 9 185h 32gb, 512gb + 1tb Nvidia Rtx 2000 8gb 16 Win 11 Pro + Env\u00edo a domicilio + Pago seguro + Garant\u00eda","og_url":"https:\/\/compuviper.mx\/tienda\/producto\/dell-3000190953980-1-laptop-precision-workstation-5690-intel-core-ultra-9-185h-32gb-512gb-1tb-nvidia-rtx-2000-8gb-16-win-11-pro\/","og_site_name":"Compuviper","article_publisher":"https:\/\/www.facebook.com\/compuviper","article_modified_time":"2026-04-25T07:08:59+00:00","og_image":[{"width":200,"height":200,"url":"https:\/\/compuviper.mx\/tienda\/wp-content\/uploads\/2025\/10\/Laptop-dell-precision-workstation-5690-intel-core-ultra-9-185h-32gb-512gb-1tb-nvidia-rtx-2000-8gb-16-win-11-pro-3000190953980.1.jpg","type":"image\/jpeg"}],"twitter_card":"summary_large_image","twitter_misc":{"Precio":"&#36;62,656 &#36;61,159 con IVA","Availability":"In stock"},"schema":{"@context":"https:\/\/schema.org","@graph":[{"@type":"WebPage","@id":"https:\/\/compuviper.mx\/tienda\/producto\/dell-3000190953980-1-laptop-precision-workstation-5690-intel-core-ultra-9-185h-32gb-512gb-1tb-nvidia-rtx-2000-8gb-16-win-11-pro\/","url":"https:\/\/compuviper.mx\/tienda\/producto\/dell-3000190953980-1-laptop-precision-workstation-5690-intel-core-ultra-9-185h-32gb-512gb-1tb-nvidia-rtx-2000-8gb-16-win-11-pro\/","name":"[ Dell ] &#129351; 3000190953980.1 Laptop Precision Workstation 5690 Intel Core Ultra 9 185h 32gb, 512gb + 1tb Nvidia Rtx 2000 8gb 16 Win 11 Pro","isPartOf":{"@id":"https:\/\/compuviper.mx\/tienda\/#website"},"datePublished":"2026-04-25T07:08:58+00:00","dateModified":"2026-04-25T07:08:59+00:00","description":"Compra 3000190953980.1 Laptop Precision Workstation 5690 Intel Core Ultra 9 185h 32gb, 512gb + 1tb Nvidia Rtx 2000 8gb 16 Win 11 Pro + Env\u00edo a domicilio + Pago seguro + Garant\u00eda","breadcrumb":{"@id":"https:\/\/compuviper.mx\/tienda\/producto\/dell-3000190953980-1-laptop-precision-workstation-5690-intel-core-ultra-9-185h-32gb-512gb-1tb-nvidia-rtx-2000-8gb-16-win-11-pro\/#breadcrumb"},"inLanguage":"es-MX","potentialAction":[{"@type":"ReadAction","target":["https:\/\/compuviper.mx\/tienda\/producto\/dell-3000190953980-1-laptop-precision-workstation-5690-intel-core-ultra-9-185h-32gb-512gb-1tb-nvidia-rtx-2000-8gb-16-win-11-pro\/"]}]},{"@type":"BreadcrumbList","@id":"https:\/\/compuviper.mx\/tienda\/producto\/dell-3000190953980-1-laptop-precision-workstation-5690-intel-core-ultra-9-185h-32gb-512gb-1tb-nvidia-rtx-2000-8gb-16-win-11-pro\/#breadcrumb","itemListElement":[{"@type":"ListItem","position":1,"name":"Inicio","item":"https:\/\/compuviper.mx\/tienda\/"},{"@type":"ListItem","position":2,"name":"Productos","item":"https:\/\/compuviper.mx\/tienda\/productos\/"},{"@type":"ListItem","position":3,"name":"Laptops","item":"https:\/\/compuviper.mx\/tienda\/categoria-producto\/laptops\/"},{"@type":"ListItem","position":4,"name":"Workstation","item":"https:\/\/compuviper.mx\/tienda\/categoria-producto\/laptops\/workstation-laptops\/"},{"@type":"ListItem","position":5,"name":"Dell 3000190953980.1 Laptop Precision Workstation 5690 Intel Core Ultra 9 185h 32gb, 512gb + 1tb Nvidia Rtx 2000 8gb 16 Win 11 Pro"}]},{"@type":"WebSite","@id":"https:\/\/compuviper.mx\/tienda\/#website","url":"https:\/\/compuviper.mx\/tienda\/","name":"Compuviper","description":"Proveedor de Computadoras, Laptops, Servidores, Monitores, Puntos de Venta, Teclados,   Impresoras, T\u00f3ner, C\u00e1maras de Seguridad y m\u00e1s en tu tienda en l\u00ednea","publisher":{"@id":"https:\/\/compuviper.mx\/tienda\/#organization"},"potentialAction":[{"@type":"SearchAction","target":{"@type":"EntryPoint","urlTemplate":"https:\/\/compuviper.mx\/tienda\/?s={search_term_string}"},"query-input":"required name=search_term_string"}],"inLanguage":"es-MX"},{"@type":"Organization","@id":"https:\/\/compuviper.mx\/tienda\/#organization","name":"Compuviper","url":"https:\/\/compuviper.mx\/tienda\/","logo":{"@type":"ImageObject","inLanguage":"es-MX","@id":"https:\/\/compuviper.mx\/tienda\/#\/schema\/logo\/image\/","url":"https:\/\/compuviper.mx\/tienda\/wp-content\/uploads\/2021\/08\/Logo-Compuviper-10.png","contentUrl":"https:\/\/compuviper.mx\/tienda\/wp-content\/uploads\/2021\/08\/Logo-Compuviper-10.png","width":1000,"height":500,"caption":"Compuviper"},"image":{"@id":"https:\/\/compuviper.mx\/tienda\/#\/schema\/logo\/image\/"},"sameAs":["https:\/\/www.facebook.com\/compuviper","https:\/\/www.youtube.com\/channel\/UCf73dERp9Y3cfOq7q8BhLjA?view_as=subscriber"]}]},"product_brand":"DELL","product_price_amount":"61159","product_price_currency":"MXN","og_availability":"instock","product_availability":"instock","product_retailer_item_id":"3000190953980.1","product_condition":"new"},"_links":{"self":[{"href":"https:\/\/compuviper.mx\/tienda\/wp-json\/wp\/v2\/product\/253596"}],"collection":[{"href":"https:\/\/compuviper.mx\/tienda\/wp-json\/wp\/v2\/product"}],"about":[{"href":"https:\/\/compuviper.mx\/tienda\/wp-json\/wp\/v2\/types\/product"}],"replies":[{"embeddable":true,"href":"https:\/\/compuviper.mx\/tienda\/wp-json\/wp\/v2\/comments?post=253596"}],"wp:featuredmedia":[{"embeddable":true,"href":"https:\/\/compuviper.mx\/tienda\/wp-json\/wp\/v2\/media\/260312"}],"wp:attachment":[{"href":"https:\/\/compuviper.mx\/tienda\/wp-json\/wp\/v2\/media?parent=253596"}],"wp:term":[{"taxonomy":"product_cat","embeddable":true,"href":"https:\/\/compuviper.mx\/tienda\/wp-json\/wp\/v2\/product_cat?post=253596"},{"taxonomy":"product_tag","embeddable":true,"href":"https:\/\/compuviper.mx\/tienda\/wp-json\/wp\/v2\/product_tag?post=253596"}],"curies":[{"name":"wp","href":"https:\/\/api.w.org\/{rel}","templated":true}]}}