{"id":253541,"date":"2026-04-25T02:17:31","date_gmt":"2026-04-25T08:17:31","guid":{"rendered":"https:\/\/compuviper.mx\/tienda\/producto\/sharp-display-xp-p601q-w-videoproyector-laser-sharp-lcd-6000-lm-uhd-3840-x-2160-cont-30000001-hdmi-hdbaset-w-hdcp-v1-4-zoom-1-6x-spk-10w\/"},"modified":"2026-04-25T02:17:31","modified_gmt":"2026-04-25T08:17:31","slug":"sharp-display-xp-p601q-w-videoproyector-laser-sharp-lcd-6000-lm-uhd-3840-x-2160-cont-30000001-hdmi-hdbaset-w-hdcp-v1-4-zoom-1-6x-spk-10w","status":"publish","type":"product","link":"https:\/\/compuviper.mx\/tienda\/producto\/sharp-display-xp-p601q-w-videoproyector-laser-sharp-lcd-6000-lm-uhd-3840-x-2160-cont-30000001-hdmi-hdbaset-w-hdcp-v1-4-zoom-1-6x-spk-10w\/","title":{"rendered":"Sharp Display Xp-p601q-w Videoproyector Laser Sharp  Lcd 6000 Lm Uhd 3840 X 2160 Cont 3,000,0001 Hdmi \/ Hdbaset W-hdcp V1.4\/ Zoom 1.6x \/spk 10w"},"content":{"rendered":"<table class=\"descripcion\">\n<tr>\n<td>\u00f3ptico<\/td>\n<\/tr>\n<tr>\n<td>Tecnolog\u00eda de proyecci\u00f3n chip-1 &#8211; tecnolog\u00eda dlp\u0099<\/td>\n<\/tr>\n<tr>\n<td>Resoluci\u00f3n del panel<\/td>\n<\/tr>\n<tr>\n<td>1920 x 1080 (fhd)<\/td>\n<\/tr>\n<tr>\n<td>Resoluci\u00f3n<\/td>\n<\/tr>\n<tr>\n<td>3840 x 2160 (4k uhd)<\/td>\n<\/tr>\n<tr>\n<td>Relaci\u00f3n de aspecto 16:9<\/td>\n<\/tr>\n<tr>\n<td>Ratio de contraste 3000000:1<\/td>\n<\/tr>\n<tr>\n<td>Brillo 6000 lumen (aproximadamente 60% modo eco); en cumplimiento seg\u00fan iso21118-2020<\/td>\n<\/tr>\n<tr>\n<td>L\u00e1mpara fuente de luz l\u00e1ser<\/td>\n<\/tr>\n<tr>\n<td>Vida \u00fatil de la fuente de luz [hs] 20000 1<\/td>\n<\/tr>\n<tr>\n<td>Lentes f= 2\u00962,4, f= 18,72\u009629,59 mm<\/td>\n<\/tr>\n<tr>\n<td>Ajuste de la lente motorizado<\/td>\n<\/tr>\n<tr>\n<td>Desplazamiento de lente h:\u00b125, v:+55,-55<\/td>\n<\/tr>\n<tr>\n<td>Correcci\u00f3n de la distorsi\u00f3n trapezoidal +\/- 40\u00b0 horizontal manualmente \/ +\/- 40\u00b0 vertical manualmente<\/td>\n<\/tr>\n<tr>\n<td>Factor de proyecci\u00f3n 1.25 \u0096 2 : 1<\/td>\n<\/tr>\n<tr>\n<td>Distancia de proyecci\u00f3n [m] 1,6 \u0096 13,4<\/td>\n<\/tr>\n<tr>\n<td>Tama\u00f1o de la pantalla (diagonal) [cm] \/ [pulgadas] m\u00e1ximo: 762 \/ 300; m\u00ednimo: 152 \/ 60<\/td>\n<\/tr>\n<tr>\n<td>Zoom motorizado; x1,6<\/td>\n<\/tr>\n<tr>\n<td>Ajuste de enfoque motorizado<\/td>\n<\/tr>\n<tr>\n<td>Resoluciones soportadas<\/td>\n<\/tr>\n<tr>\n<td>3840 x 2160 (resoluci\u00f3n m\u00e1xima de entrada digital)<\/td>\n<\/tr>\n<tr>\n<td>Conectividad<\/td>\n<\/tr>\n<tr>\n<td>Digital entrada: 1 x hdbaset; 2 x hdmi\u0099 soporta hdcp<\/td>\n<\/tr>\n<tr>\n<td>Audio salida: 1 x 3,5 mm mini jack est\u00e9reo (variable)<\/td>\n<\/tr>\n<tr>\n<td>Control entrada: 1 x d-sub de 9 pines (rs-232) (macho)<\/td>\n<\/tr>\n<tr>\n<td>Lan 1 x rj45<\/td>\n<\/tr>\n<tr>\n<td>Usb 1 x tipo b (para servicio); 1x type a (usb 2.0 high speed) with 1.5a power supply<\/td>\n<\/tr>\n<tr>\n<td>Se\u00f1ales de v\u00eddeo ntsc 3,58; ntsc 4,43; pal; pal-m; pal-n; pal60; secam<\/td>\n<\/tr>\n<tr>\n<td>Mando a distancia<\/td>\n<\/tr>\n<tr>\n<td>Salida: 1 x clavija de 3,5 mm est\u00e9reo para control de la pantalla de proyecci\u00f3n<\/td>\n<\/tr>\n<tr>\n<td>Mando a distancia ajuste autom\u00e1tico; ajuste de la imagen; alimentaci\u00f3n (on &#8211; off); ampliaci\u00f3n digital continuada de recortes de imagen; control de modo eco; control para presentaci\u00f3n y mouse; correcci\u00f3n trapezoidal; elecci\u00f3n de las fuentes de entrada; funci\u00f3n de ayuda; funci\u00f3n de congelaci\u00f3n; funci\u00f3n de formato de imagen; id set; p\u00e1gina (arriba, abajo); regulaci\u00f3n de volumen; selecci\u00f3n (arriba, abajo, izquierda, derecha); supresi\u00f3n de imagen<\/td>\n<\/tr>\n<tr>\n<td>El\u00e9ctrico<\/td>\n<\/tr>\n<tr>\n<td>Alimentacion 100-240 v ac; 50 &#8211; 60 hz<\/td>\n<\/tr>\n<tr>\n<td>Consumo [w] 520 (normal) \/ 280 (eco) \/ 2 (network stand-by) \/ 0.5 (stand-by)<\/td>\n<\/tr>\n<tr>\n<td>Mec\u00e1nico<\/td>\n<\/tr>\n<tr>\n<td>Medidas (an x al x prof) [mm] 486 x 176 x 432,5 (sin pies ni lente)<\/td>\n<\/tr>\n<tr>\n<td>Peso [kg] 14,7<\/td>\n<\/tr>\n<tr>\n<td>Ruido del ventilador [db (a)] 34 \/ 36 (eco \/ normal)<\/td>\n<\/tr>\n<tr>\n<td>Versiones blanco<\/td>\n<\/tr>\n<tr>\n<td>Condiciones ambientales<\/td>\n<\/tr>\n<tr>\n<td>Temperatura ambiente de funcionamiento [\u00b0c] 0 to 45<\/td>\n<\/tr>\n<tr>\n<td>Humedad ambiental de funcionamiento [%] 10 to 85<\/td>\n<\/tr>\n<tr>\n<td>Temperatura de almacenamiento [\u00b0c] -10 to 60<\/td>\n<\/tr>\n<tr>\n<td>Humedad de almacenamiento [%] 20 to 80<\/td>\n<\/tr>\n<tr>\n<td>Ergonom\u00eda<\/td>\n<\/tr>\n<tr>\n<td>Seguridad y ergonom\u00eda ce; eac; erp; rohs; tuev type approved<\/td>\n<\/tr>\n<tr>\n<td>Altavoces [w] 2 x 10 (mono)<\/td>\n<\/tr>\n<tr>\n<td>Funciones adicionales<\/td>\n<\/tr>\n<tr>\n<td>Caracter\u00edsticas especiales 3d ready; agrandar; ajuste de formato vertical; ajuste de fuente de luz; amx beacon; bloqueo de teclado; carbon savings meter; conector de seguridad kensington; control de navegador http; correcci\u00f3n geom\u00e9trica; crestron roomview; encendido r\u00e1pido; encendido y apagado autom\u00e1tico; funci\u00f3n de ayuda; funci\u00f3n de control de id; hdbaset; inclinaci\u00f3n libre; ip5x\/ip6x rated; memoria de la lente; men\u00fa de pantalla en 21 idiomas; modelo de prueba; modo de brillo constante; naviset administrator 2; pj link; sealed engine; simulaci\u00f3n dicom; sistema de seguridad con contrase\u00f1a; tono de aviso al cambiar de fuente; unique power saving functions; visor usb<\/td>\n<\/tr>\n<tr>\n<td>Funciones ecol\u00f3gicas<\/td>\n<\/tr>\n<tr>\n<td>Materiales ecol\u00f3gicos embalaje eco; manuales para descargar<\/td>\n<\/tr>\n<tr>\n<td>Est\u00e1ndares ecol\u00f3gicos erp compatibile; rohs compatibile<\/td>\n<\/tr>\n<tr>\n<td>Garant\u00eda<\/td>\n<\/tr>\n<tr>\n<td>Proyectores 3 a\u00f1os de servicio paneuropeo<\/td>\n<\/tr>\n<tr>\n<td>Contenido<\/td>\n<\/tr>\n<tr>\n<td>Accesorios inclu\u00eddos 2x aaa batteries; cable de red (3 m); gu\u00eda de instalaci\u00f3n r\u00e1pida; mando a distancia por infrarrojo (rrmcg0002vw01); proyector; sticker de seguridad<\/td>\n<\/tr>\n<tr>\n<td>Accesorios opcionales<\/td>\n<\/tr>\n<tr>\n<td>Accesorios opcionales suspensor universal para techos (pj01ucm, pj02ucmpf)<\/td>\n<\/tr>\n<\/table>\n","protected":false},"excerpt":{"rendered":"<p>Proyector p601q 4k uhd de sharp. Cuenta con una resoluci\u00f3n de imagen muy n\u00edtida en definici\u00f3n ultra alta en 4k y un brillo de 6.000 l\u00famenes ansi, el proyector l\u00e1ser p601q de sharp brinda una calidad de imagen excepcional con una claridad perfecta, rica en detalles. Desde el legado de la calidad y la experiencia de los proyectores de nec, la nueva familia de proyecci\u00f3n de imagen dlp de la marca sharp redefine la experiencia visual en superficies grandes para las salas de reuniones, museos o para la educaci\u00f3n superior. No requiere mantenimiento durante largas 20.000 horas de funcionamiento, gracias al motor \u00f3ptico sellado y a la fuente de luz l\u00e1ser, el reemplazo de filtro y de l\u00e1mpara es obsoleto. Las posibilidades de instalaci\u00f3n profesional alcanzan el mejor alineamiento de la imagen gracias al zoom y al foco motorizados, junto al desplazamiento de lente motorizado para lograr precisi\u00f3n y claridad. Es altamente vers\u00e1til, el proyector es muy f\u00e1cil de posicionar, lo que simplifica las instalaciones y reduce los costes de ajustes. Cumple con los requisitos de gr 2, con los nuevos modelos no habr\u00e1 necesidad de tomar precauciones de seguridad prescritas, lo que garantiza un entorno operativo seguro y sin preocupaciones. Beneficios. Calidad de imagen excepcional \u0096 una experiencia de visualizaci\u00f3n completamente nueva con una resoluci\u00f3n de hasta 4k uhd sin p\u00edxeles para obtener im\u00e1genes ricas en detalles en grandes superficies. Motor \u00f3ptico con clasificaci\u00f3n ip5x \u0096 protege contra la entrada de polvo para una calidad de imagen duradera. Advanced colour sequence management \u0096 elimina los efectos del colour breaking. Instalaci\u00f3n profesional y flexible \u0096 las caracter\u00edsticas de una proyecci\u00f3n vers\u00e1til permiten una ubicaci\u00f3n simple del proyector, facilita la instalaci\u00f3n y ahorrar\u00e1 as\u00ed costes potenciales de montaje. Ya no ser\u00e1 necesario reemplazar la l\u00e1mpara \u0096 hasta 20.000 hs de operaci\u00f3n sin mantenimiento gracias a la fuente de luz l\u00e1ser.<\/p>\n","protected":false},"featured_media":258598,"comment_status":"open","ping_status":"open","template":"","meta":[],"product_cat":[1843,1846],"product_tag":[2237],"acf":[],"yoast_head":"<!-- This site is optimized with the Yoast SEO plugin v21.7 - https:\/\/yoast.com\/wordpress\/plugins\/seo\/ -->\n<title>[ Sharp Display ] &#129351; Xp-p601q-w Videoproyector Laser Sharp Lcd 6000 Lm Uhd 3840 X 2160 Cont 3,000,0001 Hdmi \/ Hdbaset W-hdcp V1.4\/ Zoom 1.6x \/spk 10w<\/title>\n<meta name=\"description\" content=\"Compra Xp-p601q-w Videoproyector Laser Sharp Lcd 6000 Lm Uhd 3840 X 2160 Cont 3,000,0001 Hdmi \/ Hdbaset W-hdcp V1.4\/ Zoom 1.6x \/spk 10w + Env\u00edo a domicilio + Pago seguro + Garant\u00eda\" \/>\n<meta name=\"robots\" content=\"index, follow, max-snippet:-1, max-image-preview:large, max-video-preview:-1\" \/>\n<link rel=\"canonical\" href=\"https:\/\/compuviper.mx\/tienda\/producto\/sharp-display-xp-p601q-w-videoproyector-laser-sharp-lcd-6000-lm-uhd-3840-x-2160-cont-30000001-hdmi-hdbaset-w-hdcp-v1-4-zoom-1-6x-spk-10w\/\" \/>\n<meta property=\"og:locale\" content=\"es_MX\" \/>\n<meta property=\"og:type\" content=\"article\" \/>\n<meta property=\"og:title\" content=\"[ Sharp Display ] &#129351; Xp-p601q-w Videoproyector Laser Sharp Lcd 6000 Lm Uhd 3840 X 2160 Cont 3,000,0001 Hdmi \/ Hdbaset W-hdcp V1.4\/ Zoom 1.6x \/spk 10w\" \/>\n<meta property=\"og:description\" content=\"Compra Xp-p601q-w Videoproyector Laser Sharp Lcd 6000 Lm Uhd 3840 X 2160 Cont 3,000,0001 Hdmi \/ Hdbaset W-hdcp V1.4\/ Zoom 1.6x \/spk 10w + Env\u00edo a domicilio + Pago seguro + Garant\u00eda\" \/>\n<meta property=\"og:url\" content=\"https:\/\/compuviper.mx\/tienda\/producto\/sharp-display-xp-p601q-w-videoproyector-laser-sharp-lcd-6000-lm-uhd-3840-x-2160-cont-30000001-hdmi-hdbaset-w-hdcp-v1-4-zoom-1-6x-spk-10w\/\" \/>\n<meta property=\"og:site_name\" content=\"Compuviper\" \/>\n<meta property=\"article:publisher\" content=\"https:\/\/www.facebook.com\/compuviper\" \/>\n<meta property=\"og:image\" content=\"https:\/\/compuviper.mx\/tienda\/wp-content\/uploads\/2025\/10\/Videoproyector-laser-sharp-xp-p601q-w-lcd-6000-lm-uhd-3840-x-2160-cont-30000001-hdmi-hdbaset-w-hdcp-v1.4-zoom-1.6x-spk-10w.jpg\" \/>\n\t<meta property=\"og:image:width\" content=\"200\" \/>\n\t<meta property=\"og:image:height\" content=\"200\" \/>\n\t<meta property=\"og:image:type\" content=\"image\/jpeg\" \/>\n<meta name=\"twitter:card\" content=\"summary_large_image\" \/>\n<meta name=\"twitter:label1\" content=\"Precio\" \/>\n\t<meta name=\"twitter:data1\" content=\"&#36;90,030 con IVA\" \/>\n\t<meta name=\"twitter:label2\" content=\"Availability\" \/>\n\t<meta name=\"twitter:data2\" content=\"On backorder\" \/>\n<script type=\"application\/ld+json\" class=\"yoast-schema-graph\">{\"@context\":\"https:\/\/schema.org\",\"@graph\":[{\"@type\":\"WebPage\",\"@id\":\"https:\/\/compuviper.mx\/tienda\/producto\/sharp-display-xp-p601q-w-videoproyector-laser-sharp-lcd-6000-lm-uhd-3840-x-2160-cont-30000001-hdmi-hdbaset-w-hdcp-v1-4-zoom-1-6x-spk-10w\/\",\"url\":\"https:\/\/compuviper.mx\/tienda\/producto\/sharp-display-xp-p601q-w-videoproyector-laser-sharp-lcd-6000-lm-uhd-3840-x-2160-cont-30000001-hdmi-hdbaset-w-hdcp-v1-4-zoom-1-6x-spk-10w\/\",\"name\":\"[ Sharp Display ] &#129351; Xp-p601q-w Videoproyector Laser Sharp Lcd 6000 Lm Uhd 3840 X 2160 Cont 3,000,0001 Hdmi \/ Hdbaset W-hdcp V1.4\/ Zoom 1.6x \/spk 10w\",\"isPartOf\":{\"@id\":\"https:\/\/compuviper.mx\/tienda\/#website\"},\"datePublished\":\"2026-04-25T08:17:31+00:00\",\"dateModified\":\"2026-04-25T08:17:31+00:00\",\"description\":\"Compra Xp-p601q-w Videoproyector Laser Sharp Lcd 6000 Lm Uhd 3840 X 2160 Cont 3,000,0001 Hdmi \/ Hdbaset W-hdcp V1.4\/ Zoom 1.6x \/spk 10w + Env\u00edo a domicilio + Pago seguro + Garant\u00eda\",\"breadcrumb\":{\"@id\":\"https:\/\/compuviper.mx\/tienda\/producto\/sharp-display-xp-p601q-w-videoproyector-laser-sharp-lcd-6000-lm-uhd-3840-x-2160-cont-30000001-hdmi-hdbaset-w-hdcp-v1-4-zoom-1-6x-spk-10w\/#breadcrumb\"},\"inLanguage\":\"es-MX\",\"potentialAction\":[{\"@type\":\"ReadAction\",\"target\":[\"https:\/\/compuviper.mx\/tienda\/producto\/sharp-display-xp-p601q-w-videoproyector-laser-sharp-lcd-6000-lm-uhd-3840-x-2160-cont-30000001-hdmi-hdbaset-w-hdcp-v1-4-zoom-1-6x-spk-10w\/\"]}]},{\"@type\":\"BreadcrumbList\",\"@id\":\"https:\/\/compuviper.mx\/tienda\/producto\/sharp-display-xp-p601q-w-videoproyector-laser-sharp-lcd-6000-lm-uhd-3840-x-2160-cont-30000001-hdmi-hdbaset-w-hdcp-v1-4-zoom-1-6x-spk-10w\/#breadcrumb\",\"itemListElement\":[{\"@type\":\"ListItem\",\"position\":1,\"name\":\"Inicio\",\"item\":\"https:\/\/compuviper.mx\/tienda\/\"},{\"@type\":\"ListItem\",\"position\":2,\"name\":\"Productos\",\"item\":\"https:\/\/compuviper.mx\/tienda\/productos\/\"},{\"@type\":\"ListItem\",\"position\":3,\"name\":\"Videoproyector\",\"item\":\"https:\/\/compuviper.mx\/tienda\/categoria-producto\/videoproyector\/\"},{\"@type\":\"ListItem\",\"position\":4,\"name\":\"Profesional\",\"item\":\"https:\/\/compuviper.mx\/tienda\/categoria-producto\/videoproyector\/profesional\/\"},{\"@type\":\"ListItem\",\"position\":5,\"name\":\"Sharp Display Xp-p601q-w Videoproyector Laser Sharp Lcd 6000 Lm Uhd 3840 X 2160 Cont 3,000,0001 Hdmi \/ Hdbaset W-hdcp V1.4\/ Zoom 1.6x \/spk 10w\"}]},{\"@type\":\"WebSite\",\"@id\":\"https:\/\/compuviper.mx\/tienda\/#website\",\"url\":\"https:\/\/compuviper.mx\/tienda\/\",\"name\":\"Compuviper\",\"description\":\"Proveedor de Computadoras, Laptops, Servidores, Monitores, Puntos de Venta, Teclados,   Impresoras, T\u00f3ner, C\u00e1maras de Seguridad y m\u00e1s en tu tienda en l\u00ednea\",\"publisher\":{\"@id\":\"https:\/\/compuviper.mx\/tienda\/#organization\"},\"potentialAction\":[{\"@type\":\"SearchAction\",\"target\":{\"@type\":\"EntryPoint\",\"urlTemplate\":\"https:\/\/compuviper.mx\/tienda\/?s={search_term_string}\"},\"query-input\":\"required name=search_term_string\"}],\"inLanguage\":\"es-MX\"},{\"@type\":\"Organization\",\"@id\":\"https:\/\/compuviper.mx\/tienda\/#organization\",\"name\":\"Compuviper\",\"url\":\"https:\/\/compuviper.mx\/tienda\/\",\"logo\":{\"@type\":\"ImageObject\",\"inLanguage\":\"es-MX\",\"@id\":\"https:\/\/compuviper.mx\/tienda\/#\/schema\/logo\/image\/\",\"url\":\"https:\/\/compuviper.mx\/tienda\/wp-content\/uploads\/2021\/08\/Logo-Compuviper-10.png\",\"contentUrl\":\"https:\/\/compuviper.mx\/tienda\/wp-content\/uploads\/2021\/08\/Logo-Compuviper-10.png\",\"width\":1000,\"height\":500,\"caption\":\"Compuviper\"},\"image\":{\"@id\":\"https:\/\/compuviper.mx\/tienda\/#\/schema\/logo\/image\/\"},\"sameAs\":[\"https:\/\/www.facebook.com\/compuviper\",\"https:\/\/www.youtube.com\/channel\/UCf73dERp9Y3cfOq7q8BhLjA?view_as=subscriber\"]}]}<\/script>\n<meta property=\"product:brand\" content=\"Sharp Display\" \/>\n<meta property=\"product:price:amount\" content=\"90030\" \/>\n<meta property=\"product:price:currency\" content=\"MXN\" \/>\n<meta property=\"og:availability\" content=\"backorder\" \/>\n<meta property=\"product:availability\" content=\"available for order\" \/>\n<meta property=\"product:retailer_item_id\" content=\"XP-P601Q-W\" \/>\n<meta property=\"product:condition\" content=\"new\" \/>\n<!-- \/ Yoast SEO plugin. -->","yoast_head_json":{"title":"[ Sharp Display ] &#129351; Xp-p601q-w Videoproyector Laser Sharp Lcd 6000 Lm Uhd 3840 X 2160 Cont 3,000,0001 Hdmi \/ Hdbaset W-hdcp V1.4\/ Zoom 1.6x \/spk 10w","description":"Compra Xp-p601q-w Videoproyector Laser Sharp Lcd 6000 Lm Uhd 3840 X 2160 Cont 3,000,0001 Hdmi \/ Hdbaset W-hdcp V1.4\/ Zoom 1.6x \/spk 10w + Env\u00edo a domicilio + Pago seguro + Garant\u00eda","robots":{"index":"index","follow":"follow","max-snippet":"max-snippet:-1","max-image-preview":"max-image-preview:large","max-video-preview":"max-video-preview:-1"},"canonical":"https:\/\/compuviper.mx\/tienda\/producto\/sharp-display-xp-p601q-w-videoproyector-laser-sharp-lcd-6000-lm-uhd-3840-x-2160-cont-30000001-hdmi-hdbaset-w-hdcp-v1-4-zoom-1-6x-spk-10w\/","og_locale":"es_MX","og_type":"article","og_title":"[ Sharp Display ] &#129351; Xp-p601q-w Videoproyector Laser Sharp Lcd 6000 Lm Uhd 3840 X 2160 Cont 3,000,0001 Hdmi \/ Hdbaset W-hdcp V1.4\/ Zoom 1.6x \/spk 10w","og_description":"Compra Xp-p601q-w Videoproyector Laser Sharp Lcd 6000 Lm Uhd 3840 X 2160 Cont 3,000,0001 Hdmi \/ Hdbaset W-hdcp V1.4\/ Zoom 1.6x \/spk 10w + Env\u00edo a domicilio + Pago seguro + Garant\u00eda","og_url":"https:\/\/compuviper.mx\/tienda\/producto\/sharp-display-xp-p601q-w-videoproyector-laser-sharp-lcd-6000-lm-uhd-3840-x-2160-cont-30000001-hdmi-hdbaset-w-hdcp-v1-4-zoom-1-6x-spk-10w\/","og_site_name":"Compuviper","article_publisher":"https:\/\/www.facebook.com\/compuviper","og_image":[{"width":200,"height":200,"url":"https:\/\/compuviper.mx\/tienda\/wp-content\/uploads\/2025\/10\/Videoproyector-laser-sharp-xp-p601q-w-lcd-6000-lm-uhd-3840-x-2160-cont-30000001-hdmi-hdbaset-w-hdcp-v1.4-zoom-1.6x-spk-10w.jpg","type":"image\/jpeg"}],"twitter_card":"summary_large_image","twitter_misc":{"Precio":"&#36;90,030 con IVA","Availability":"On backorder"},"schema":{"@context":"https:\/\/schema.org","@graph":[{"@type":"WebPage","@id":"https:\/\/compuviper.mx\/tienda\/producto\/sharp-display-xp-p601q-w-videoproyector-laser-sharp-lcd-6000-lm-uhd-3840-x-2160-cont-30000001-hdmi-hdbaset-w-hdcp-v1-4-zoom-1-6x-spk-10w\/","url":"https:\/\/compuviper.mx\/tienda\/producto\/sharp-display-xp-p601q-w-videoproyector-laser-sharp-lcd-6000-lm-uhd-3840-x-2160-cont-30000001-hdmi-hdbaset-w-hdcp-v1-4-zoom-1-6x-spk-10w\/","name":"[ Sharp Display ] &#129351; Xp-p601q-w Videoproyector Laser Sharp Lcd 6000 Lm Uhd 3840 X 2160 Cont 3,000,0001 Hdmi \/ Hdbaset W-hdcp V1.4\/ Zoom 1.6x \/spk 10w","isPartOf":{"@id":"https:\/\/compuviper.mx\/tienda\/#website"},"datePublished":"2026-04-25T08:17:31+00:00","dateModified":"2026-04-25T08:17:31+00:00","description":"Compra Xp-p601q-w Videoproyector Laser Sharp Lcd 6000 Lm Uhd 3840 X 2160 Cont 3,000,0001 Hdmi \/ Hdbaset W-hdcp V1.4\/ Zoom 1.6x \/spk 10w + Env\u00edo a domicilio + Pago seguro + Garant\u00eda","breadcrumb":{"@id":"https:\/\/compuviper.mx\/tienda\/producto\/sharp-display-xp-p601q-w-videoproyector-laser-sharp-lcd-6000-lm-uhd-3840-x-2160-cont-30000001-hdmi-hdbaset-w-hdcp-v1-4-zoom-1-6x-spk-10w\/#breadcrumb"},"inLanguage":"es-MX","potentialAction":[{"@type":"ReadAction","target":["https:\/\/compuviper.mx\/tienda\/producto\/sharp-display-xp-p601q-w-videoproyector-laser-sharp-lcd-6000-lm-uhd-3840-x-2160-cont-30000001-hdmi-hdbaset-w-hdcp-v1-4-zoom-1-6x-spk-10w\/"]}]},{"@type":"BreadcrumbList","@id":"https:\/\/compuviper.mx\/tienda\/producto\/sharp-display-xp-p601q-w-videoproyector-laser-sharp-lcd-6000-lm-uhd-3840-x-2160-cont-30000001-hdmi-hdbaset-w-hdcp-v1-4-zoom-1-6x-spk-10w\/#breadcrumb","itemListElement":[{"@type":"ListItem","position":1,"name":"Inicio","item":"https:\/\/compuviper.mx\/tienda\/"},{"@type":"ListItem","position":2,"name":"Productos","item":"https:\/\/compuviper.mx\/tienda\/productos\/"},{"@type":"ListItem","position":3,"name":"Videoproyector","item":"https:\/\/compuviper.mx\/tienda\/categoria-producto\/videoproyector\/"},{"@type":"ListItem","position":4,"name":"Profesional","item":"https:\/\/compuviper.mx\/tienda\/categoria-producto\/videoproyector\/profesional\/"},{"@type":"ListItem","position":5,"name":"Sharp Display Xp-p601q-w Videoproyector Laser Sharp Lcd 6000 Lm Uhd 3840 X 2160 Cont 3,000,0001 Hdmi \/ Hdbaset W-hdcp V1.4\/ Zoom 1.6x \/spk 10w"}]},{"@type":"WebSite","@id":"https:\/\/compuviper.mx\/tienda\/#website","url":"https:\/\/compuviper.mx\/tienda\/","name":"Compuviper","description":"Proveedor de Computadoras, Laptops, Servidores, Monitores, Puntos de Venta, Teclados,   Impresoras, T\u00f3ner, C\u00e1maras de Seguridad y m\u00e1s en tu tienda en l\u00ednea","publisher":{"@id":"https:\/\/compuviper.mx\/tienda\/#organization"},"potentialAction":[{"@type":"SearchAction","target":{"@type":"EntryPoint","urlTemplate":"https:\/\/compuviper.mx\/tienda\/?s={search_term_string}"},"query-input":"required name=search_term_string"}],"inLanguage":"es-MX"},{"@type":"Organization","@id":"https:\/\/compuviper.mx\/tienda\/#organization","name":"Compuviper","url":"https:\/\/compuviper.mx\/tienda\/","logo":{"@type":"ImageObject","inLanguage":"es-MX","@id":"https:\/\/compuviper.mx\/tienda\/#\/schema\/logo\/image\/","url":"https:\/\/compuviper.mx\/tienda\/wp-content\/uploads\/2021\/08\/Logo-Compuviper-10.png","contentUrl":"https:\/\/compuviper.mx\/tienda\/wp-content\/uploads\/2021\/08\/Logo-Compuviper-10.png","width":1000,"height":500,"caption":"Compuviper"},"image":{"@id":"https:\/\/compuviper.mx\/tienda\/#\/schema\/logo\/image\/"},"sameAs":["https:\/\/www.facebook.com\/compuviper","https:\/\/www.youtube.com\/channel\/UCf73dERp9Y3cfOq7q8BhLjA?view_as=subscriber"]}]},"product_brand":"Sharp Display","product_price_amount":"90030","product_price_currency":"MXN","og_availability":"backorder","product_availability":"available for order","product_retailer_item_id":"XP-P601Q-W","product_condition":"new"},"_links":{"self":[{"href":"https:\/\/compuviper.mx\/tienda\/wp-json\/wp\/v2\/product\/253541"}],"collection":[{"href":"https:\/\/compuviper.mx\/tienda\/wp-json\/wp\/v2\/product"}],"about":[{"href":"https:\/\/compuviper.mx\/tienda\/wp-json\/wp\/v2\/types\/product"}],"replies":[{"embeddable":true,"href":"https:\/\/compuviper.mx\/tienda\/wp-json\/wp\/v2\/comments?post=253541"}],"wp:featuredmedia":[{"embeddable":true,"href":"https:\/\/compuviper.mx\/tienda\/wp-json\/wp\/v2\/media\/258598"}],"wp:attachment":[{"href":"https:\/\/compuviper.mx\/tienda\/wp-json\/wp\/v2\/media?parent=253541"}],"wp:term":[{"taxonomy":"product_cat","embeddable":true,"href":"https:\/\/compuviper.mx\/tienda\/wp-json\/wp\/v2\/product_cat?post=253541"},{"taxonomy":"product_tag","embeddable":true,"href":"https:\/\/compuviper.mx\/tienda\/wp-json\/wp\/v2\/product_tag?post=253541"}],"curies":[{"name":"wp","href":"https:\/\/api.w.org\/{rel}","templated":true}]}}