{"id":253539,"date":"2026-04-25T02:17:29","date_gmt":"2026-04-25T08:17:29","guid":{"rendered":"https:\/\/compuviper.mx\/tienda\/producto\/sharp-display-xp-m421w-w-videoproyector-laser-sharp-dlp-4200-lm-wxga-1280-x-800-cont-50-0001-hdmi-hdcp-1-4-zoom-1-3x-spk-8w\/"},"modified":"2026-04-25T02:17:30","modified_gmt":"2026-04-25T08:17:30","slug":"sharp-display-xp-m421w-w-videoproyector-laser-sharp-dlp-4200-lm-wxga-1280-x-800-cont-50-0001-hdmi-hdcp-1-4-zoom-1-3x-spk-8w","status":"publish","type":"product","link":"https:\/\/compuviper.mx\/tienda\/producto\/sharp-display-xp-m421w-w-videoproyector-laser-sharp-dlp-4200-lm-wxga-1280-x-800-cont-50-0001-hdmi-hdcp-1-4-zoom-1-3x-spk-8w\/","title":{"rendered":"Sharp Display Xp-m421w-w Videoproyector Laser Sharp  Dlp 4200 Lm Wxga (1280 X 800) Cont 50.000:1 Hdmi-hdcp 1.4 \/ Zoom 1.3x \/spk 8w"},"content":{"rendered":"<table class=\"descripcion\">\n<tr>\n<td>Especificaciones del producto<\/td>\n<\/tr>\n<tr>\n<td>Relaci\u00f3n de aspecto 16:10 (compatible con 4:3, 16:9)<\/td>\n<\/tr>\n<tr>\n<td>Resoluci\u00f3n de pantalla wxga 1280&#215;800<\/td>\n<\/tr>\n<tr>\n<td>Resoluci\u00f3n m\u00e1xima hasta wuxga (1920&#215;1200) a 60 hz a trav\u00e9s de hdmi<\/td>\n<\/tr>\n<tr>\n<td>Relaci\u00f3n de contraste (t\u00edpica) 50.000:1<\/td>\n<\/tr>\n<tr>\n<td>Rango de sincronizaci\u00f3n<\/td>\n<\/tr>\n<tr>\n<td>Horizontal (anal\u00f3gico\/digital) 15-140 khz vertical 24-120 hz<\/td>\n<\/tr>\n<tr>\n<td>Compatibilidad\/conectividad de la se\u00f1al<\/td>\n<\/tr>\n<tr>\n<td>Compatibilidad de se\u00f1ales de video sd\/hd 480i, 480p, 576i, 576p, 720p, 1080i, 1080p compatibilidad de se\u00f1al de pc vga, svga, xga, wxga, sxga, wuxga<\/td>\n<\/tr>\n<tr>\n<td>Compatibilidad de se\u00f1ales de macintosh s\u00ed control externo rs-232 (d-sub de 9 pines), infrarrojos<\/td>\n<\/tr>\n<tr>\n<td>Terminales de entrada<\/td>\n<\/tr>\n<tr>\n<td>1 hdmi (v1.4b) con hdcp (v1.4)<\/td>\n<\/tr>\n<tr>\n<td>2 hdmi (v1.4b) con hdcp (v1.4)<\/td>\n<\/tr>\n<tr>\n<td>Terminales de salida<\/td>\n<\/tr>\n<tr>\n<td>Audio:<\/td>\n<\/tr>\n<tr>\n<td>Miniconector est\u00e9reo<\/td>\n<\/tr>\n<tr>\n<td>Salida de audio:<\/td>\n<\/tr>\n<tr>\n<td>Miniconector est\u00e9reo (variable)<\/td>\n<\/tr>\n<tr>\n<td>Consumo de energ\u00eda (t\u00edpico)<\/td>\n<\/tr>\n<tr>\n<td>En 195 w \/ 150 w \/ 0,5 w modo de ahorro de energ\u00eda 0,5 w<\/td>\n<\/tr>\n<tr>\n<td>Corriente de entrada 3,5 a requisitos de energ\u00eda 100-240 v ca, 50\/60 hz<\/td>\n<\/tr>\n<tr>\n<td>Especificaciones f\u00edsicas<\/td>\n<\/tr>\n<tr>\n<td>Dimensiones (an. x al. x pr.)<\/td>\n<\/tr>\n<tr>\n<td>Producto:<\/td>\n<\/tr>\n<tr>\n<td>10,9 x 4,5 x 8,5 pulgadas \/ 278 x 115,5 x 216 mm<\/td>\n<\/tr>\n<tr>\n<td>Env\u00edo:<\/td>\n<\/tr>\n<tr>\n<td>15,8 x 6,1 x 11,0 pulgadas \/ 400 x 155 x 280 mm<\/td>\n<\/tr>\n<tr>\n<td>Peso<\/td>\n<\/tr>\n<tr>\n<td>Peso neto:<\/td>\n<\/tr>\n<tr>\n<td>6,6 libras (3,0 kg)<\/td>\n<\/tr>\n<tr>\n<td>Env\u00edo:<\/td>\n<\/tr>\n<tr>\n<td>10,2 libras (4,6 kg)<\/td>\n<\/tr>\n<tr>\n<td>Condiciones ambientales<\/td>\n<\/tr>\n<tr>\n<td>Temperatura de funcionamiento 32-104 \u00b0f \/ 0-40 \u00b0c hasta 2500 pies | 32-95 \u00b0f \/ 0-35 \u00b0c de 2500 pies a 5000 pies | 32-86 \u00b0f \/ 0-30 \u00b0c de 5000 pies a 10 000 pies humedad de funcionamiento 20 a 80 % de humedad (sin condensaci\u00f3n)<\/td>\n<\/tr>\n<tr>\n<td>Altitud de operaci\u00f3n de 0 a 3000 m (10 000 pies), 1500 m (5000 pies) o m\u00e1s necesitan configuraci\u00f3n del modo de ventilador: gran altitud temperatura de almacenamiento 14-122 \u00b0f \/ -10-50 \u00b0c<\/td>\n<\/tr>\n<tr>\n<td>Humedad de almacenamiento 20 a 80 % de humedad (sin condensaci\u00f3n) altitud de almacenamiento 0-12.000 m \/ 0-39.370 pies (sobre el nivel del mar)<\/td>\n<\/tr>\n<tr>\n<td>Garant\u00eda limitada (piezas y mano de obra)<\/td>\n<\/tr>\n<tr>\n<td>Los propietarios registrados reciben una garant\u00eda de 5 a\u00f1os en piezas y mano de obra, incluido el cambio instacare el siguiente d\u00eda h\u00e1bil.<\/td>\n<\/tr>\n<tr>\n<td>Caracter\u00edsticas adicionales<\/td>\n<\/tr>\n<tr>\n<td>Encendido autom\u00e1tico<\/td>\n<\/tr>\n<tr>\n<td>Apagado autom\u00e1tico<\/td>\n<\/tr>\n<tr>\n<td>Tecnolog\u00eda de modo eco<\/td>\n<\/tr>\n<tr>\n<td>Dise\u00f1o compacto y port\u00e1til.<\/td>\n<\/tr>\n<tr>\n<td>Hdmi dual con cec<\/td>\n<\/tr>\n<tr>\n<td>Configuraci\u00f3n sencilla<\/td>\n<\/tr>\n<tr>\n<td>\u00f3ptico<\/td>\n<\/tr>\n<tr>\n<td>Tecnolog\u00eda de visualizaci\u00f3n dmd de 0,65 tipo de l\u00e1mpara l\u00e1ser\/f\u00f3sforo<\/td>\n<\/tr>\n<tr>\n<td>Salida de luz (l\u00famenes) 4.200 l\u00famenes fuente de luz vida hasta 20.000 horas (hasta el 50% de brillo)<\/td>\n<\/tr>\n<tr>\n<td>Relaci\u00f3n de proyecci\u00f3n 1.19-1.54:1 distancia de proyecci\u00f3n 4,3 a 9,8 pies \/ 1,3 a 3 m<\/td>\n<\/tr>\n<tr>\n<td>\u00e1ngulo del proyector 0 \u0096 14,3\u00b0 teleobjetivo \/ 0 \u0096 18,3\u00b0 gran angular (a 100) lente<\/td>\n<\/tr>\n<tr>\n<td>Zoom:<\/td>\n<\/tr>\n<tr>\n<td>1.3x<\/td>\n<\/tr>\n<tr>\n<td>Enfocar:<\/td>\n<\/tr>\n<tr>\n<td>Manual<\/td>\n<\/tr>\n<tr>\n<td>N\u00famero f, fnumber:<\/td>\n<\/tr>\n<tr>\n<td>F: 2,43 ~ 2,78 \/ f = 16,90 ~ 21,61 mm<\/td>\n<\/tr>\n<tr>\n<td>Correcci\u00f3n trapezoidal manual (+\/- 30\u00b0 h\/v (vertical autom\u00e1tico))<\/td>\n<\/tr>\n<tr>\n<td>Mec\u00e1nico<\/td>\n<\/tr>\n<tr>\n<td>Orientaci\u00f3n de la instalaci\u00f3n piso\/delantero, piso\/trasero, techo\/delantero, techo\/trasero ruido del ventilador 36 db (alto brillo), 26 db (modo eco)<\/td>\n<\/tr>\n<tr>\n<td>Reglamento ee. uu.: ctuv (ul62368-1 3.\u00aa ed.) fcc parte 15 clase b, canad\u00e1: can\/csa (62368-1:19 3.\u00aa ed.) ices-003 n\u00famero 7<\/td>\n<\/tr>\n<tr>\n<td>Accesorios<\/td>\n<\/tr>\n<tr>\n<td>Incluido<\/td>\n<\/tr>\n<tr>\n<td>Control remoto, (2) pilas aaa<\/td>\n<\/tr>\n<tr>\n<td>Cable de alimentaci\u00f3n con adaptador de ca<\/td>\n<\/tr>\n<tr>\n<td>Cable hdmi<\/td>\n<\/tr>\n<tr>\n<td>Tapa de lente<\/td>\n<\/tr>\n<tr>\n<td>Opcional<\/td>\n<\/tr>\n<tr>\n<td>Soporte de techo universal (np01ucm)<\/td>\n<\/tr>\n<tr>\n<td>Estuche de transporte blando (np402case)<\/td>\n<\/tr>\n<tr>\n<td>Funciones de ajuste de la lente<\/td>\n<\/tr>\n<tr>\n<td>Enfoque manual, zoom<\/td>\n<\/tr>\n<tr>\n<td>Tama\u00f1o de pantalla admitido (m\u00e1ximo)<\/td>\n<\/tr>\n<tr>\n<td>40 &#8211; 120 pulgadas \/ 1,02 &#8211; 3,05 m<\/td>\n<\/tr>\n<\/table>\n","protected":false},"excerpt":{"rendered":"<p>Los proyectores l\u00e1ser de la serie m ofrecen las caracter\u00edsticas esenciales que necesita para presentar a su p\u00fablico de forma sencilla y fiable a un precio accesible. El sharp m421w, con 4200 l\u00famenes y resoluci\u00f3n wxga (1280 x 800), es ideal para aulas de primaria y secundaria o espacios de reuni\u00f3n peque\u00f1os que requieren una imagen n\u00edtida y visible en toda la sala. Disfrute de la comodidad de una configuraci\u00f3n r\u00e1pida con encendido y apagado directos. La serie m ofrece una soluci\u00f3n duradera, sin mantenimiento y con un bajo coste total de propiedad. Ahora es el momento de cambiar al l\u00e1ser de la serie m y disfrutar de una soluci\u00f3n de proyecci\u00f3n m\u00e1s ecol\u00f3gica y sostenible. La fuente de luz l\u00e1ser de larga duraci\u00f3n y sin necesidad de mantenimiento reduce el costo total de propiedad en comparaci\u00f3n con los proyectores basados en l\u00e1mparas. La tecnolog\u00eda dlp proporciona una soluci\u00f3n de proyecci\u00f3n sin filtros. Modo eco?. Extiende la vida \u00fatil de la fuente de luz, reduce el ruido audible y reduce el costo total de propiedad. Inicio r\u00e1pido y apagado r\u00e1pido. Permite a los usuarios comenzar a realizar presentaciones en 3 a 4 segundos y permite el apagado inmediato sin necesidad de enfriamiento despu\u00e9s del apagado para garantizar un uso eficiente de la energ\u00eda. Altavoces incorporados. Mejore la experiencia visual con un sonido superior. Dos entradas hdmi (con hdcp. Garantiza un cambio r\u00e1pido entre presentaciones y permite conexiones digitales simult\u00e1neas de fuentes de alta definici\u00f3n, como reproductores de blu-ray, decodificadores de cable, receptores de sat\u00e9lite y computadoras.<\/p>\n","protected":false},"featured_media":258596,"comment_status":"open","ping_status":"open","template":"","meta":[],"product_cat":[2013,1843],"product_tag":[2237],"acf":[],"yoast_head":"<!-- This site is optimized with the Yoast SEO plugin v21.7 - https:\/\/yoast.com\/wordpress\/plugins\/seo\/ -->\n<title>[ Sharp Display ] &#129351; Xp-m421w-w Videoproyector Laser Sharp Dlp 4200 Lm Wxga (1280 X 800) Cont 50.000:1 Hdmi-hdcp 1.4 \/ Zoom 1.3x \/spk 8w<\/title>\n<meta name=\"description\" content=\"Compra Xp-m421w-w Videoproyector Laser Sharp Dlp 4200 Lm Wxga (1280 X 800) Cont 50.000:1 Hdmi-hdcp 1.4 \/ Zoom 1.3x \/spk 8w + Env\u00edo a domicilio + Pago seguro + Garant\u00eda\" \/>\n<meta name=\"robots\" content=\"index, follow, max-snippet:-1, max-image-preview:large, max-video-preview:-1\" \/>\n<link rel=\"canonical\" href=\"https:\/\/compuviper.mx\/tienda\/producto\/sharp-display-xp-m421w-w-videoproyector-laser-sharp-dlp-4200-lm-wxga-1280-x-800-cont-50-0001-hdmi-hdcp-1-4-zoom-1-3x-spk-8w\/\" \/>\n<meta property=\"og:locale\" content=\"es_MX\" \/>\n<meta property=\"og:type\" content=\"article\" \/>\n<meta property=\"og:title\" content=\"[ Sharp Display ] &#129351; Xp-m421w-w Videoproyector Laser Sharp Dlp 4200 Lm Wxga (1280 X 800) Cont 50.000:1 Hdmi-hdcp 1.4 \/ Zoom 1.3x \/spk 8w\" \/>\n<meta property=\"og:description\" content=\"Compra Xp-m421w-w Videoproyector Laser Sharp Dlp 4200 Lm Wxga (1280 X 800) Cont 50.000:1 Hdmi-hdcp 1.4 \/ Zoom 1.3x \/spk 8w + Env\u00edo a domicilio + Pago seguro + Garant\u00eda\" \/>\n<meta property=\"og:url\" content=\"https:\/\/compuviper.mx\/tienda\/producto\/sharp-display-xp-m421w-w-videoproyector-laser-sharp-dlp-4200-lm-wxga-1280-x-800-cont-50-0001-hdmi-hdcp-1-4-zoom-1-3x-spk-8w\/\" \/>\n<meta property=\"og:site_name\" content=\"Compuviper\" \/>\n<meta property=\"article:publisher\" content=\"https:\/\/www.facebook.com\/compuviper\" \/>\n<meta property=\"article:modified_time\" content=\"2026-04-25T08:17:30+00:00\" \/>\n<meta property=\"og:image\" content=\"https:\/\/compuviper.mx\/tienda\/wp-content\/uploads\/2025\/10\/Videoproyector-laser-sharp-xp-m421w-w-dlp-4200-lm-wxga-1280-x-800-cont-50.0001-hdmi-hdcp-1.4-zoom-1.3x-spk-8w.jpg\" \/>\n\t<meta property=\"og:image:width\" content=\"200\" \/>\n\t<meta property=\"og:image:height\" content=\"200\" \/>\n\t<meta property=\"og:image:type\" content=\"image\/jpeg\" \/>\n<meta name=\"twitter:card\" content=\"summary_large_image\" \/>\n<meta name=\"twitter:label1\" content=\"Precio\" \/>\n\t<meta name=\"twitter:data1\" content=\"&#36;20,946 &#36;17,130 con IVA\" \/>\n\t<meta name=\"twitter:label2\" content=\"Availability\" \/>\n\t<meta name=\"twitter:data2\" content=\"Out of stock\" \/>\n<script type=\"application\/ld+json\" class=\"yoast-schema-graph\">{\"@context\":\"https:\/\/schema.org\",\"@graph\":[{\"@type\":\"WebPage\",\"@id\":\"https:\/\/compuviper.mx\/tienda\/producto\/sharp-display-xp-m421w-w-videoproyector-laser-sharp-dlp-4200-lm-wxga-1280-x-800-cont-50-0001-hdmi-hdcp-1-4-zoom-1-3x-spk-8w\/\",\"url\":\"https:\/\/compuviper.mx\/tienda\/producto\/sharp-display-xp-m421w-w-videoproyector-laser-sharp-dlp-4200-lm-wxga-1280-x-800-cont-50-0001-hdmi-hdcp-1-4-zoom-1-3x-spk-8w\/\",\"name\":\"[ Sharp Display ] &#129351; Xp-m421w-w Videoproyector Laser Sharp Dlp 4200 Lm Wxga (1280 X 800) Cont 50.000:1 Hdmi-hdcp 1.4 \/ Zoom 1.3x \/spk 8w\",\"isPartOf\":{\"@id\":\"https:\/\/compuviper.mx\/tienda\/#website\"},\"datePublished\":\"2026-04-25T08:17:29+00:00\",\"dateModified\":\"2026-04-25T08:17:30+00:00\",\"description\":\"Compra Xp-m421w-w Videoproyector Laser Sharp Dlp 4200 Lm Wxga (1280 X 800) Cont 50.000:1 Hdmi-hdcp 1.4 \/ Zoom 1.3x \/spk 8w + Env\u00edo a domicilio + Pago seguro + Garant\u00eda\",\"breadcrumb\":{\"@id\":\"https:\/\/compuviper.mx\/tienda\/producto\/sharp-display-xp-m421w-w-videoproyector-laser-sharp-dlp-4200-lm-wxga-1280-x-800-cont-50-0001-hdmi-hdcp-1-4-zoom-1-3x-spk-8w\/#breadcrumb\"},\"inLanguage\":\"es-MX\",\"potentialAction\":[{\"@type\":\"ReadAction\",\"target\":[\"https:\/\/compuviper.mx\/tienda\/producto\/sharp-display-xp-m421w-w-videoproyector-laser-sharp-dlp-4200-lm-wxga-1280-x-800-cont-50-0001-hdmi-hdcp-1-4-zoom-1-3x-spk-8w\/\"]}]},{\"@type\":\"BreadcrumbList\",\"@id\":\"https:\/\/compuviper.mx\/tienda\/producto\/sharp-display-xp-m421w-w-videoproyector-laser-sharp-dlp-4200-lm-wxga-1280-x-800-cont-50-0001-hdmi-hdcp-1-4-zoom-1-3x-spk-8w\/#breadcrumb\",\"itemListElement\":[{\"@type\":\"ListItem\",\"position\":1,\"name\":\"Inicio\",\"item\":\"https:\/\/compuviper.mx\/tienda\/\"},{\"@type\":\"ListItem\",\"position\":2,\"name\":\"Productos\",\"item\":\"https:\/\/compuviper.mx\/tienda\/productos\/\"},{\"@type\":\"ListItem\",\"position\":3,\"name\":\"Videoproyector\",\"item\":\"https:\/\/compuviper.mx\/tienda\/categoria-producto\/videoproyector\/\"},{\"@type\":\"ListItem\",\"position\":4,\"name\":\"Sin Categor\u00eda\",\"item\":\"https:\/\/compuviper.mx\/tienda\/categoria-producto\/videoproyector\/sin-categoria-videoproyector\/\"},{\"@type\":\"ListItem\",\"position\":5,\"name\":\"Sharp Display Xp-m421w-w Videoproyector Laser Sharp Dlp 4200 Lm Wxga (1280 X 800) Cont 50.000:1 Hdmi-hdcp 1.4 \/ Zoom 1.3x \/spk 8w\"}]},{\"@type\":\"WebSite\",\"@id\":\"https:\/\/compuviper.mx\/tienda\/#website\",\"url\":\"https:\/\/compuviper.mx\/tienda\/\",\"name\":\"Compuviper\",\"description\":\"Proveedor de Computadoras, Laptops, Servidores, Monitores, Puntos de Venta, Teclados,   Impresoras, T\u00f3ner, C\u00e1maras de Seguridad y m\u00e1s en tu tienda en l\u00ednea\",\"publisher\":{\"@id\":\"https:\/\/compuviper.mx\/tienda\/#organization\"},\"potentialAction\":[{\"@type\":\"SearchAction\",\"target\":{\"@type\":\"EntryPoint\",\"urlTemplate\":\"https:\/\/compuviper.mx\/tienda\/?s={search_term_string}\"},\"query-input\":\"required name=search_term_string\"}],\"inLanguage\":\"es-MX\"},{\"@type\":\"Organization\",\"@id\":\"https:\/\/compuviper.mx\/tienda\/#organization\",\"name\":\"Compuviper\",\"url\":\"https:\/\/compuviper.mx\/tienda\/\",\"logo\":{\"@type\":\"ImageObject\",\"inLanguage\":\"es-MX\",\"@id\":\"https:\/\/compuviper.mx\/tienda\/#\/schema\/logo\/image\/\",\"url\":\"https:\/\/compuviper.mx\/tienda\/wp-content\/uploads\/2021\/08\/Logo-Compuviper-10.png\",\"contentUrl\":\"https:\/\/compuviper.mx\/tienda\/wp-content\/uploads\/2021\/08\/Logo-Compuviper-10.png\",\"width\":1000,\"height\":500,\"caption\":\"Compuviper\"},\"image\":{\"@id\":\"https:\/\/compuviper.mx\/tienda\/#\/schema\/logo\/image\/\"},\"sameAs\":[\"https:\/\/www.facebook.com\/compuviper\",\"https:\/\/www.youtube.com\/channel\/UCf73dERp9Y3cfOq7q8BhLjA?view_as=subscriber\"]}]}<\/script>\n<meta property=\"product:brand\" content=\"Sharp Display\" \/>\n<meta property=\"product:price:amount\" content=\"17130\" \/>\n<meta property=\"product:price:currency\" content=\"MXN\" \/>\n<meta property=\"og:availability\" content=\"out of stock\" \/>\n<meta property=\"product:availability\" content=\"out of stock\" \/>\n<meta property=\"product:retailer_item_id\" content=\"XP-M421W-W\" \/>\n<meta property=\"product:condition\" content=\"new\" \/>\n<!-- \/ Yoast SEO plugin. -->","yoast_head_json":{"title":"[ Sharp Display ] &#129351; Xp-m421w-w Videoproyector Laser Sharp Dlp 4200 Lm Wxga (1280 X 800) Cont 50.000:1 Hdmi-hdcp 1.4 \/ Zoom 1.3x \/spk 8w","description":"Compra Xp-m421w-w Videoproyector Laser Sharp Dlp 4200 Lm Wxga (1280 X 800) Cont 50.000:1 Hdmi-hdcp 1.4 \/ Zoom 1.3x \/spk 8w + Env\u00edo a domicilio + Pago seguro + Garant\u00eda","robots":{"index":"index","follow":"follow","max-snippet":"max-snippet:-1","max-image-preview":"max-image-preview:large","max-video-preview":"max-video-preview:-1"},"canonical":"https:\/\/compuviper.mx\/tienda\/producto\/sharp-display-xp-m421w-w-videoproyector-laser-sharp-dlp-4200-lm-wxga-1280-x-800-cont-50-0001-hdmi-hdcp-1-4-zoom-1-3x-spk-8w\/","og_locale":"es_MX","og_type":"article","og_title":"[ Sharp Display ] &#129351; Xp-m421w-w Videoproyector Laser Sharp Dlp 4200 Lm Wxga (1280 X 800) Cont 50.000:1 Hdmi-hdcp 1.4 \/ Zoom 1.3x \/spk 8w","og_description":"Compra Xp-m421w-w Videoproyector Laser Sharp Dlp 4200 Lm Wxga (1280 X 800) Cont 50.000:1 Hdmi-hdcp 1.4 \/ Zoom 1.3x \/spk 8w + Env\u00edo a domicilio + Pago seguro + Garant\u00eda","og_url":"https:\/\/compuviper.mx\/tienda\/producto\/sharp-display-xp-m421w-w-videoproyector-laser-sharp-dlp-4200-lm-wxga-1280-x-800-cont-50-0001-hdmi-hdcp-1-4-zoom-1-3x-spk-8w\/","og_site_name":"Compuviper","article_publisher":"https:\/\/www.facebook.com\/compuviper","article_modified_time":"2026-04-25T08:17:30+00:00","og_image":[{"width":200,"height":200,"url":"https:\/\/compuviper.mx\/tienda\/wp-content\/uploads\/2025\/10\/Videoproyector-laser-sharp-xp-m421w-w-dlp-4200-lm-wxga-1280-x-800-cont-50.0001-hdmi-hdcp-1.4-zoom-1.3x-spk-8w.jpg","type":"image\/jpeg"}],"twitter_card":"summary_large_image","twitter_misc":{"Precio":"&#36;20,946 &#36;17,130 con IVA","Availability":"Out of stock"},"schema":{"@context":"https:\/\/schema.org","@graph":[{"@type":"WebPage","@id":"https:\/\/compuviper.mx\/tienda\/producto\/sharp-display-xp-m421w-w-videoproyector-laser-sharp-dlp-4200-lm-wxga-1280-x-800-cont-50-0001-hdmi-hdcp-1-4-zoom-1-3x-spk-8w\/","url":"https:\/\/compuviper.mx\/tienda\/producto\/sharp-display-xp-m421w-w-videoproyector-laser-sharp-dlp-4200-lm-wxga-1280-x-800-cont-50-0001-hdmi-hdcp-1-4-zoom-1-3x-spk-8w\/","name":"[ Sharp Display ] &#129351; Xp-m421w-w Videoproyector Laser Sharp Dlp 4200 Lm Wxga (1280 X 800) Cont 50.000:1 Hdmi-hdcp 1.4 \/ Zoom 1.3x \/spk 8w","isPartOf":{"@id":"https:\/\/compuviper.mx\/tienda\/#website"},"datePublished":"2026-04-25T08:17:29+00:00","dateModified":"2026-04-25T08:17:30+00:00","description":"Compra Xp-m421w-w Videoproyector Laser Sharp Dlp 4200 Lm Wxga (1280 X 800) Cont 50.000:1 Hdmi-hdcp 1.4 \/ Zoom 1.3x \/spk 8w + Env\u00edo a domicilio + Pago seguro + Garant\u00eda","breadcrumb":{"@id":"https:\/\/compuviper.mx\/tienda\/producto\/sharp-display-xp-m421w-w-videoproyector-laser-sharp-dlp-4200-lm-wxga-1280-x-800-cont-50-0001-hdmi-hdcp-1-4-zoom-1-3x-spk-8w\/#breadcrumb"},"inLanguage":"es-MX","potentialAction":[{"@type":"ReadAction","target":["https:\/\/compuviper.mx\/tienda\/producto\/sharp-display-xp-m421w-w-videoproyector-laser-sharp-dlp-4200-lm-wxga-1280-x-800-cont-50-0001-hdmi-hdcp-1-4-zoom-1-3x-spk-8w\/"]}]},{"@type":"BreadcrumbList","@id":"https:\/\/compuviper.mx\/tienda\/producto\/sharp-display-xp-m421w-w-videoproyector-laser-sharp-dlp-4200-lm-wxga-1280-x-800-cont-50-0001-hdmi-hdcp-1-4-zoom-1-3x-spk-8w\/#breadcrumb","itemListElement":[{"@type":"ListItem","position":1,"name":"Inicio","item":"https:\/\/compuviper.mx\/tienda\/"},{"@type":"ListItem","position":2,"name":"Productos","item":"https:\/\/compuviper.mx\/tienda\/productos\/"},{"@type":"ListItem","position":3,"name":"Videoproyector","item":"https:\/\/compuviper.mx\/tienda\/categoria-producto\/videoproyector\/"},{"@type":"ListItem","position":4,"name":"Sin Categor\u00eda","item":"https:\/\/compuviper.mx\/tienda\/categoria-producto\/videoproyector\/sin-categoria-videoproyector\/"},{"@type":"ListItem","position":5,"name":"Sharp Display Xp-m421w-w Videoproyector Laser Sharp Dlp 4200 Lm Wxga (1280 X 800) Cont 50.000:1 Hdmi-hdcp 1.4 \/ Zoom 1.3x \/spk 8w"}]},{"@type":"WebSite","@id":"https:\/\/compuviper.mx\/tienda\/#website","url":"https:\/\/compuviper.mx\/tienda\/","name":"Compuviper","description":"Proveedor de Computadoras, Laptops, Servidores, Monitores, Puntos de Venta, Teclados,   Impresoras, T\u00f3ner, C\u00e1maras de Seguridad y m\u00e1s en tu tienda en l\u00ednea","publisher":{"@id":"https:\/\/compuviper.mx\/tienda\/#organization"},"potentialAction":[{"@type":"SearchAction","target":{"@type":"EntryPoint","urlTemplate":"https:\/\/compuviper.mx\/tienda\/?s={search_term_string}"},"query-input":"required name=search_term_string"}],"inLanguage":"es-MX"},{"@type":"Organization","@id":"https:\/\/compuviper.mx\/tienda\/#organization","name":"Compuviper","url":"https:\/\/compuviper.mx\/tienda\/","logo":{"@type":"ImageObject","inLanguage":"es-MX","@id":"https:\/\/compuviper.mx\/tienda\/#\/schema\/logo\/image\/","url":"https:\/\/compuviper.mx\/tienda\/wp-content\/uploads\/2021\/08\/Logo-Compuviper-10.png","contentUrl":"https:\/\/compuviper.mx\/tienda\/wp-content\/uploads\/2021\/08\/Logo-Compuviper-10.png","width":1000,"height":500,"caption":"Compuviper"},"image":{"@id":"https:\/\/compuviper.mx\/tienda\/#\/schema\/logo\/image\/"},"sameAs":["https:\/\/www.facebook.com\/compuviper","https:\/\/www.youtube.com\/channel\/UCf73dERp9Y3cfOq7q8BhLjA?view_as=subscriber"]}]},"product_brand":"Sharp Display","product_price_amount":"17130","product_price_currency":"MXN","og_availability":"out of stock","product_availability":"out of stock","product_retailer_item_id":"XP-M421W-W","product_condition":"new"},"_links":{"self":[{"href":"https:\/\/compuviper.mx\/tienda\/wp-json\/wp\/v2\/product\/253539"}],"collection":[{"href":"https:\/\/compuviper.mx\/tienda\/wp-json\/wp\/v2\/product"}],"about":[{"href":"https:\/\/compuviper.mx\/tienda\/wp-json\/wp\/v2\/types\/product"}],"replies":[{"embeddable":true,"href":"https:\/\/compuviper.mx\/tienda\/wp-json\/wp\/v2\/comments?post=253539"}],"wp:featuredmedia":[{"embeddable":true,"href":"https:\/\/compuviper.mx\/tienda\/wp-json\/wp\/v2\/media\/258596"}],"wp:attachment":[{"href":"https:\/\/compuviper.mx\/tienda\/wp-json\/wp\/v2\/media?parent=253539"}],"wp:term":[{"taxonomy":"product_cat","embeddable":true,"href":"https:\/\/compuviper.mx\/tienda\/wp-json\/wp\/v2\/product_cat?post=253539"},{"taxonomy":"product_tag","embeddable":true,"href":"https:\/\/compuviper.mx\/tienda\/wp-json\/wp\/v2\/product_tag?post=253539"}],"curies":[{"name":"wp","href":"https:\/\/api.w.org\/{rel}","templated":true}]}}