{"id":253501,"date":"2026-04-23T00:15:39","date_gmt":"2026-04-23T06:15:39","guid":{"rendered":"https:\/\/compuviper.mx\/tienda\/producto\/dahua-dh-p3b-pv-camara-ip-pt-wifi-de-3-mp-con-audio-bidireccional-microfono-y-altavoz-sirena-de-110-db-wifi-6-deteccion-de-personas-y-vehiculos-ip65-y-ranura-microsd\/"},"modified":"2026-04-23T00:15:39","modified_gmt":"2026-04-23T06:15:39","slug":"dahua-dh-p3b-pv-camara-ip-pt-wifi-de-3-mp-con-audio-bidireccional-microfono-y-altavoz-sirena-de-110-db-wifi-6-deteccion-de-personas-y-vehiculos-ip65-y-ranura-microsd","status":"publish","type":"product","link":"https:\/\/compuviper.mx\/tienda\/producto\/dahua-dh-p3b-pv-camara-ip-pt-wifi-de-3-mp-con-audio-bidireccional-microfono-y-altavoz-sirena-de-110-db-wifi-6-deteccion-de-personas-y-vehiculos-ip65-y-ranura-microsd\/","title":{"rendered":"Dahua Dh-p3b-pv Camara Ip\/ \/ \/ Pt Wifi De 3 Mp Con Audio Bidireccional (microfono Y Altavoz), Sirena De 110 Db, Wifi 6, Deteccion De Personas Y Vehiculos, Ip65 Y Ranura Microsd"},"content":{"rendered":"<table class=\"descripcion\">\n<tr>\n<td>Especificaciones tecnicas<\/td>\n<\/tr>\n<tr>\n<td>\u0095 resolucion: 3m (2304 x 1296)<\/td>\n<\/tr>\n<tr>\n<td>\u0095 distancia de iluminacion: 30mts (ir y luz blanca)<\/td>\n<\/tr>\n<tr>\n<td>\u0095 material: plastico<\/td>\n<\/tr>\n<tr>\n<td>\u0095 dimensiones: 116 mm \u00d7 138 mm \u00d7 139 mm<\/td>\n<\/tr>\n<tr>\n<td>\u0095 peso: 425 g<\/td>\n<\/tr>\n<tr>\n<td>\u0095 temperatura de trabajo: -20 \u00b0c+ 50\u00b0c<\/td>\n<\/tr>\n<tr>\n<td>\u0095 humedad de trabajo:  95 %<\/td>\n<\/tr>\n<tr>\n<td>\u0095 alimentacion: 12 vcc<\/td>\n<\/tr>\n<tr>\n<td>\u0095 consumo de energia: 1.56 w; max. 4.56 w (luz calida, h.265)<\/td>\n<\/tr>\n<tr>\n<td>Incluye<\/td>\n<\/tr>\n<tr>\n<td>\u0095 1x camara dh-p3n-pv<\/td>\n<\/tr>\n<tr>\n<td>\u0095 1x tornillos de fijacion<\/td>\n<\/tr>\n<tr>\n<td>\u0095 1x adaptador de corriente<\/td>\n<\/tr>\n<tr>\n<td>\u0095 1x manual de usuario<\/td>\n<\/tr>\n<tr>\n<td>\u0095 1x poliza de garantia<\/td>\n<\/tr>\n<tr>\n<td>\u0095 1x base de montaje<\/td>\n<\/tr>\n<\/table>\n","protected":false},"excerpt":{"rendered":"<p>Informacion general. La camara dahua dh-p3b-pv ofrece alta resolucion de 3 megapixeles y tecnologia avanzada para una vigilancia eficaz. Sus caracteristicas principales incluyen audio bidireccional con microfono y altavoz integrados, una sirena de 110db para disuasion, conectividad wifi para una conexion rapida y estable, y deteccion inteligente de personas y vehiculos. Con resistencia ip65 al polvo y agua, y una ranura para microsd de hasta 256gb, es ideal para la seguridad en hogares, oficinas y tiendas, proporcionando imagenes claras y comunicaciones en tiempo real bajo diversas condiciones climaticas. Caracteristicas principales. \u0095 deteccion inteligente de humanos y vehiculos: minimiza falsas alarmas con ia avanzada. \u0095 conversacion bidireccional: comunicacion clara con microfono y altavoz integrados. \u0095 alarma de luz y sonido integrada: activa una alarma para disuadir intrusos. \u0095 conectividad wifi: conexion inalambrica simplificada. \u0095 compatibilidad bluetooth: configuracion rapida con dispositivos inteligentes. \u0095 compresion h.265: reduce el uso de ancho de banda y almacenamiento. \u0095 ranura para microsd: soporta tarjetas de hasta 256 gb para almacenamiento local. \u0095 seguimiento automatico: seguimiento automatico de objetivos. \u0095 vista 360\u00b0: monitoreo de 360\u00b0 sin puntos ciegos. \u0095 patrulla preestablecida: vigila los lugares que te importan con regularidad. \u0095 vision nocturna superior: iluminacion ir y blanca con tres modos para una excelente. \u0095 visibilidad en la oscuridad. Dmss. Dmss es una aplicacion movil desarrollada por dahua technology para la gestion remota de la camara, ofreciendo visualizacion en tiempo real, notificaciones push, control de audio bidireccional, y opciones de grabacion y reproduccion . Permite ajustar configuraciones de la camara de manera remota, soporta la gestion de m\u00faltiples dispositivos, y garantiza seguridad y privacidad con cifrado de datos. Disponible para ios y android, facilita la configuracion inicial y proporciona una experiencia de vigilancia completa y facil de usar.<\/p>\n","protected":false},"featured_media":259432,"comment_status":"open","ping_status":"open","template":"","meta":[],"product_cat":[1681,1608],"product_tag":[1555],"acf":[],"yoast_head":"<!-- This site is optimized with the Yoast SEO plugin v21.7 - https:\/\/yoast.com\/wordpress\/plugins\/seo\/ -->\n<title>[ Dahua ] &#129351; Dh-p3b-pv Camara Ip\/ \/ \/ Pt Wifi De 3 Mp Con Audio Bidireccional (microfono Y Altavoz), Sirena De 110 Db, Wifi 6, Deteccion De Personas Y Vehiculos, Ip65 Y Ranura Microsd<\/title>\n<meta name=\"description\" content=\"Compra Dh-p3b-pv Camara Ip\/ \/ \/ Pt Wifi De 3 Mp Con Audio Bidireccional (microfono Y Altavoz), Sirena De 110 Db, Wifi 6, Deteccion De Personas Y Vehiculos, Ip65 Y Ranura Microsd + Env\u00edo a domicilio + Pago seguro + Garant\u00eda\" \/>\n<meta name=\"robots\" content=\"index, follow, max-snippet:-1, max-image-preview:large, max-video-preview:-1\" \/>\n<link rel=\"canonical\" href=\"https:\/\/compuviper.mx\/tienda\/producto\/dahua-dh-p3b-pv-camara-ip-pt-wifi-de-3-mp-con-audio-bidireccional-microfono-y-altavoz-sirena-de-110-db-wifi-6-deteccion-de-personas-y-vehiculos-ip65-y-ranura-microsd\/\" \/>\n<meta property=\"og:locale\" content=\"es_MX\" \/>\n<meta property=\"og:type\" content=\"article\" \/>\n<meta property=\"og:title\" content=\"[ Dahua ] &#129351; Dh-p3b-pv Camara Ip\/ \/ \/ Pt Wifi De 3 Mp Con Audio Bidireccional (microfono Y Altavoz), Sirena De 110 Db, Wifi 6, Deteccion De Personas Y Vehiculos, Ip65 Y Ranura Microsd\" \/>\n<meta property=\"og:description\" content=\"Compra Dh-p3b-pv Camara Ip\/ \/ \/ Pt Wifi De 3 Mp Con Audio Bidireccional (microfono Y Altavoz), Sirena De 110 Db, Wifi 6, Deteccion De Personas Y Vehiculos, Ip65 Y Ranura Microsd + Env\u00edo a domicilio + Pago seguro + Garant\u00eda\" \/>\n<meta property=\"og:url\" content=\"https:\/\/compuviper.mx\/tienda\/producto\/dahua-dh-p3b-pv-camara-ip-pt-wifi-de-3-mp-con-audio-bidireccional-microfono-y-altavoz-sirena-de-110-db-wifi-6-deteccion-de-personas-y-vehiculos-ip65-y-ranura-microsd\/\" \/>\n<meta property=\"og:site_name\" content=\"Compuviper\" \/>\n<meta property=\"article:publisher\" content=\"https:\/\/www.facebook.com\/compuviper\" \/>\n<meta property=\"og:image\" content=\"https:\/\/compuviper.mx\/tienda\/wp-content\/uploads\/2025\/10\/Camara-ip-dahua-dh-p3b-pv-pt-wifi-de-3-mp-con-audio-bidireccional-microfono-y-altavoz-sirena-de-110-db-wifi-6-deteccion-de-personas-y-vehiculos-ip65-y-ranura-microsd.jpg\" \/>\n\t<meta property=\"og:image:width\" content=\"200\" \/>\n\t<meta property=\"og:image:height\" content=\"200\" \/>\n\t<meta property=\"og:image:type\" content=\"image\/jpeg\" \/>\n<meta name=\"twitter:card\" content=\"summary_large_image\" \/>\n<meta name=\"twitter:label1\" content=\"Precio\" \/>\n\t<meta name=\"twitter:data1\" content=\"&#36;690 con IVA\" \/>\n\t<meta name=\"twitter:label2\" content=\"Availability\" \/>\n\t<meta name=\"twitter:data2\" content=\"Out of stock\" \/>\n<script type=\"application\/ld+json\" class=\"yoast-schema-graph\">{\"@context\":\"https:\/\/schema.org\",\"@graph\":[{\"@type\":\"WebPage\",\"@id\":\"https:\/\/compuviper.mx\/tienda\/producto\/dahua-dh-p3b-pv-camara-ip-pt-wifi-de-3-mp-con-audio-bidireccional-microfono-y-altavoz-sirena-de-110-db-wifi-6-deteccion-de-personas-y-vehiculos-ip65-y-ranura-microsd\/\",\"url\":\"https:\/\/compuviper.mx\/tienda\/producto\/dahua-dh-p3b-pv-camara-ip-pt-wifi-de-3-mp-con-audio-bidireccional-microfono-y-altavoz-sirena-de-110-db-wifi-6-deteccion-de-personas-y-vehiculos-ip65-y-ranura-microsd\/\",\"name\":\"[ Dahua ] &#129351; Dh-p3b-pv Camara Ip\/ \/ \/ Pt Wifi De 3 Mp Con Audio Bidireccional (microfono Y Altavoz), Sirena De 110 Db, Wifi 6, Deteccion De Personas Y Vehiculos, Ip65 Y Ranura Microsd\",\"isPartOf\":{\"@id\":\"https:\/\/compuviper.mx\/tienda\/#website\"},\"datePublished\":\"2026-04-23T06:15:39+00:00\",\"dateModified\":\"2026-04-23T06:15:39+00:00\",\"description\":\"Compra Dh-p3b-pv Camara Ip\/ \/ \/ Pt Wifi De 3 Mp Con Audio Bidireccional (microfono Y Altavoz), Sirena De 110 Db, Wifi 6, Deteccion De Personas Y Vehiculos, Ip65 Y Ranura Microsd + Env\u00edo a domicilio + Pago seguro + Garant\u00eda\",\"breadcrumb\":{\"@id\":\"https:\/\/compuviper.mx\/tienda\/producto\/dahua-dh-p3b-pv-camara-ip-pt-wifi-de-3-mp-con-audio-bidireccional-microfono-y-altavoz-sirena-de-110-db-wifi-6-deteccion-de-personas-y-vehiculos-ip65-y-ranura-microsd\/#breadcrumb\"},\"inLanguage\":\"es-MX\",\"potentialAction\":[{\"@type\":\"ReadAction\",\"target\":[\"https:\/\/compuviper.mx\/tienda\/producto\/dahua-dh-p3b-pv-camara-ip-pt-wifi-de-3-mp-con-audio-bidireccional-microfono-y-altavoz-sirena-de-110-db-wifi-6-deteccion-de-personas-y-vehiculos-ip65-y-ranura-microsd\/\"]}]},{\"@type\":\"BreadcrumbList\",\"@id\":\"https:\/\/compuviper.mx\/tienda\/producto\/dahua-dh-p3b-pv-camara-ip-pt-wifi-de-3-mp-con-audio-bidireccional-microfono-y-altavoz-sirena-de-110-db-wifi-6-deteccion-de-personas-y-vehiculos-ip65-y-ranura-microsd\/#breadcrumb\",\"itemListElement\":[{\"@type\":\"ListItem\",\"position\":1,\"name\":\"Inicio\",\"item\":\"https:\/\/compuviper.mx\/tienda\/\"},{\"@type\":\"ListItem\",\"position\":2,\"name\":\"Productos\",\"item\":\"https:\/\/compuviper.mx\/tienda\/productos\/\"},{\"@type\":\"ListItem\",\"position\":3,\"name\":\"Camaras\",\"item\":\"https:\/\/compuviper.mx\/tienda\/categoria-producto\/camaras-2\/\"},{\"@type\":\"ListItem\",\"position\":4,\"name\":\"Camara De Videovigilancia\",\"item\":\"https:\/\/compuviper.mx\/tienda\/categoria-producto\/camaras-2\/camara-de-videovigilancia\/\"},{\"@type\":\"ListItem\",\"position\":5,\"name\":\"Dahua Dh-p3b-pv Camara Ip\/ \/ \/ Pt Wifi De 3 Mp Con Audio Bidireccional (microfono Y Altavoz), Sirena De 110 Db, Wifi 6, Deteccion De Personas Y Vehiculos, Ip65 Y Ranura Microsd\"}]},{\"@type\":\"WebSite\",\"@id\":\"https:\/\/compuviper.mx\/tienda\/#website\",\"url\":\"https:\/\/compuviper.mx\/tienda\/\",\"name\":\"Compuviper\",\"description\":\"Proveedor de Computadoras, Laptops, Servidores, Monitores, Puntos de Venta, Teclados,   Impresoras, T\u00f3ner, C\u00e1maras de Seguridad y m\u00e1s en tu tienda en l\u00ednea\",\"publisher\":{\"@id\":\"https:\/\/compuviper.mx\/tienda\/#organization\"},\"potentialAction\":[{\"@type\":\"SearchAction\",\"target\":{\"@type\":\"EntryPoint\",\"urlTemplate\":\"https:\/\/compuviper.mx\/tienda\/?s={search_term_string}\"},\"query-input\":\"required name=search_term_string\"}],\"inLanguage\":\"es-MX\"},{\"@type\":\"Organization\",\"@id\":\"https:\/\/compuviper.mx\/tienda\/#organization\",\"name\":\"Compuviper\",\"url\":\"https:\/\/compuviper.mx\/tienda\/\",\"logo\":{\"@type\":\"ImageObject\",\"inLanguage\":\"es-MX\",\"@id\":\"https:\/\/compuviper.mx\/tienda\/#\/schema\/logo\/image\/\",\"url\":\"https:\/\/compuviper.mx\/tienda\/wp-content\/uploads\/2021\/08\/Logo-Compuviper-10.png\",\"contentUrl\":\"https:\/\/compuviper.mx\/tienda\/wp-content\/uploads\/2021\/08\/Logo-Compuviper-10.png\",\"width\":1000,\"height\":500,\"caption\":\"Compuviper\"},\"image\":{\"@id\":\"https:\/\/compuviper.mx\/tienda\/#\/schema\/logo\/image\/\"},\"sameAs\":[\"https:\/\/www.facebook.com\/compuviper\",\"https:\/\/www.youtube.com\/channel\/UCf73dERp9Y3cfOq7q8BhLjA?view_as=subscriber\"]}]}<\/script>\n<meta property=\"product:brand\" content=\"DAHUA\" \/>\n<meta property=\"product:price:amount\" content=\"690\" \/>\n<meta property=\"product:price:currency\" content=\"MXN\" \/>\n<meta property=\"og:availability\" content=\"out of stock\" \/>\n<meta property=\"product:availability\" content=\"out of stock\" \/>\n<meta property=\"product:retailer_item_id\" content=\"DH-P3B-PV\" \/>\n<meta property=\"product:condition\" content=\"new\" \/>\n<!-- \/ Yoast SEO plugin. -->","yoast_head_json":{"title":"[ Dahua ] &#129351; Dh-p3b-pv Camara Ip\/ \/ \/ Pt Wifi De 3 Mp Con Audio Bidireccional (microfono Y Altavoz), Sirena De 110 Db, Wifi 6, Deteccion De Personas Y Vehiculos, Ip65 Y Ranura Microsd","description":"Compra Dh-p3b-pv Camara Ip\/ \/ \/ Pt Wifi De 3 Mp Con Audio Bidireccional (microfono Y Altavoz), Sirena De 110 Db, Wifi 6, Deteccion De Personas Y Vehiculos, Ip65 Y Ranura Microsd + Env\u00edo a domicilio + Pago seguro + Garant\u00eda","robots":{"index":"index","follow":"follow","max-snippet":"max-snippet:-1","max-image-preview":"max-image-preview:large","max-video-preview":"max-video-preview:-1"},"canonical":"https:\/\/compuviper.mx\/tienda\/producto\/dahua-dh-p3b-pv-camara-ip-pt-wifi-de-3-mp-con-audio-bidireccional-microfono-y-altavoz-sirena-de-110-db-wifi-6-deteccion-de-personas-y-vehiculos-ip65-y-ranura-microsd\/","og_locale":"es_MX","og_type":"article","og_title":"[ Dahua ] &#129351; Dh-p3b-pv Camara Ip\/ \/ \/ Pt Wifi De 3 Mp Con Audio Bidireccional (microfono Y Altavoz), Sirena De 110 Db, Wifi 6, Deteccion De Personas Y Vehiculos, Ip65 Y Ranura Microsd","og_description":"Compra Dh-p3b-pv Camara Ip\/ \/ \/ Pt Wifi De 3 Mp Con Audio Bidireccional (microfono Y Altavoz), Sirena De 110 Db, Wifi 6, Deteccion De Personas Y Vehiculos, Ip65 Y Ranura Microsd + Env\u00edo a domicilio + Pago seguro + Garant\u00eda","og_url":"https:\/\/compuviper.mx\/tienda\/producto\/dahua-dh-p3b-pv-camara-ip-pt-wifi-de-3-mp-con-audio-bidireccional-microfono-y-altavoz-sirena-de-110-db-wifi-6-deteccion-de-personas-y-vehiculos-ip65-y-ranura-microsd\/","og_site_name":"Compuviper","article_publisher":"https:\/\/www.facebook.com\/compuviper","og_image":[{"width":200,"height":200,"url":"https:\/\/compuviper.mx\/tienda\/wp-content\/uploads\/2025\/10\/Camara-ip-dahua-dh-p3b-pv-pt-wifi-de-3-mp-con-audio-bidireccional-microfono-y-altavoz-sirena-de-110-db-wifi-6-deteccion-de-personas-y-vehiculos-ip65-y-ranura-microsd.jpg","type":"image\/jpeg"}],"twitter_card":"summary_large_image","twitter_misc":{"Precio":"&#36;690 con IVA","Availability":"Out of stock"},"schema":{"@context":"https:\/\/schema.org","@graph":[{"@type":"WebPage","@id":"https:\/\/compuviper.mx\/tienda\/producto\/dahua-dh-p3b-pv-camara-ip-pt-wifi-de-3-mp-con-audio-bidireccional-microfono-y-altavoz-sirena-de-110-db-wifi-6-deteccion-de-personas-y-vehiculos-ip65-y-ranura-microsd\/","url":"https:\/\/compuviper.mx\/tienda\/producto\/dahua-dh-p3b-pv-camara-ip-pt-wifi-de-3-mp-con-audio-bidireccional-microfono-y-altavoz-sirena-de-110-db-wifi-6-deteccion-de-personas-y-vehiculos-ip65-y-ranura-microsd\/","name":"[ Dahua ] &#129351; Dh-p3b-pv Camara Ip\/ \/ \/ Pt Wifi De 3 Mp Con Audio Bidireccional (microfono Y Altavoz), Sirena De 110 Db, Wifi 6, Deteccion De Personas Y Vehiculos, Ip65 Y Ranura Microsd","isPartOf":{"@id":"https:\/\/compuviper.mx\/tienda\/#website"},"datePublished":"2026-04-23T06:15:39+00:00","dateModified":"2026-04-23T06:15:39+00:00","description":"Compra Dh-p3b-pv Camara Ip\/ \/ \/ Pt Wifi De 3 Mp Con Audio Bidireccional (microfono Y Altavoz), Sirena De 110 Db, Wifi 6, Deteccion De Personas Y Vehiculos, Ip65 Y Ranura Microsd + Env\u00edo a domicilio + Pago seguro + Garant\u00eda","breadcrumb":{"@id":"https:\/\/compuviper.mx\/tienda\/producto\/dahua-dh-p3b-pv-camara-ip-pt-wifi-de-3-mp-con-audio-bidireccional-microfono-y-altavoz-sirena-de-110-db-wifi-6-deteccion-de-personas-y-vehiculos-ip65-y-ranura-microsd\/#breadcrumb"},"inLanguage":"es-MX","potentialAction":[{"@type":"ReadAction","target":["https:\/\/compuviper.mx\/tienda\/producto\/dahua-dh-p3b-pv-camara-ip-pt-wifi-de-3-mp-con-audio-bidireccional-microfono-y-altavoz-sirena-de-110-db-wifi-6-deteccion-de-personas-y-vehiculos-ip65-y-ranura-microsd\/"]}]},{"@type":"BreadcrumbList","@id":"https:\/\/compuviper.mx\/tienda\/producto\/dahua-dh-p3b-pv-camara-ip-pt-wifi-de-3-mp-con-audio-bidireccional-microfono-y-altavoz-sirena-de-110-db-wifi-6-deteccion-de-personas-y-vehiculos-ip65-y-ranura-microsd\/#breadcrumb","itemListElement":[{"@type":"ListItem","position":1,"name":"Inicio","item":"https:\/\/compuviper.mx\/tienda\/"},{"@type":"ListItem","position":2,"name":"Productos","item":"https:\/\/compuviper.mx\/tienda\/productos\/"},{"@type":"ListItem","position":3,"name":"Camaras","item":"https:\/\/compuviper.mx\/tienda\/categoria-producto\/camaras-2\/"},{"@type":"ListItem","position":4,"name":"Camara De Videovigilancia","item":"https:\/\/compuviper.mx\/tienda\/categoria-producto\/camaras-2\/camara-de-videovigilancia\/"},{"@type":"ListItem","position":5,"name":"Dahua Dh-p3b-pv Camara Ip\/ \/ \/ Pt Wifi De 3 Mp Con Audio Bidireccional (microfono Y Altavoz), Sirena De 110 Db, Wifi 6, Deteccion De Personas Y Vehiculos, Ip65 Y Ranura Microsd"}]},{"@type":"WebSite","@id":"https:\/\/compuviper.mx\/tienda\/#website","url":"https:\/\/compuviper.mx\/tienda\/","name":"Compuviper","description":"Proveedor de Computadoras, Laptops, Servidores, Monitores, Puntos de Venta, Teclados,   Impresoras, T\u00f3ner, C\u00e1maras de Seguridad y m\u00e1s en tu tienda en l\u00ednea","publisher":{"@id":"https:\/\/compuviper.mx\/tienda\/#organization"},"potentialAction":[{"@type":"SearchAction","target":{"@type":"EntryPoint","urlTemplate":"https:\/\/compuviper.mx\/tienda\/?s={search_term_string}"},"query-input":"required name=search_term_string"}],"inLanguage":"es-MX"},{"@type":"Organization","@id":"https:\/\/compuviper.mx\/tienda\/#organization","name":"Compuviper","url":"https:\/\/compuviper.mx\/tienda\/","logo":{"@type":"ImageObject","inLanguage":"es-MX","@id":"https:\/\/compuviper.mx\/tienda\/#\/schema\/logo\/image\/","url":"https:\/\/compuviper.mx\/tienda\/wp-content\/uploads\/2021\/08\/Logo-Compuviper-10.png","contentUrl":"https:\/\/compuviper.mx\/tienda\/wp-content\/uploads\/2021\/08\/Logo-Compuviper-10.png","width":1000,"height":500,"caption":"Compuviper"},"image":{"@id":"https:\/\/compuviper.mx\/tienda\/#\/schema\/logo\/image\/"},"sameAs":["https:\/\/www.facebook.com\/compuviper","https:\/\/www.youtube.com\/channel\/UCf73dERp9Y3cfOq7q8BhLjA?view_as=subscriber"]}]},"product_brand":"DAHUA","product_price_amount":"690","product_price_currency":"MXN","og_availability":"out of stock","product_availability":"out of stock","product_retailer_item_id":"DH-P3B-PV","product_condition":"new"},"_links":{"self":[{"href":"https:\/\/compuviper.mx\/tienda\/wp-json\/wp\/v2\/product\/253501"}],"collection":[{"href":"https:\/\/compuviper.mx\/tienda\/wp-json\/wp\/v2\/product"}],"about":[{"href":"https:\/\/compuviper.mx\/tienda\/wp-json\/wp\/v2\/types\/product"}],"replies":[{"embeddable":true,"href":"https:\/\/compuviper.mx\/tienda\/wp-json\/wp\/v2\/comments?post=253501"}],"wp:featuredmedia":[{"embeddable":true,"href":"https:\/\/compuviper.mx\/tienda\/wp-json\/wp\/v2\/media\/259432"}],"wp:attachment":[{"href":"https:\/\/compuviper.mx\/tienda\/wp-json\/wp\/v2\/media?parent=253501"}],"wp:term":[{"taxonomy":"product_cat","embeddable":true,"href":"https:\/\/compuviper.mx\/tienda\/wp-json\/wp\/v2\/product_cat?post=253501"},{"taxonomy":"product_tag","embeddable":true,"href":"https:\/\/compuviper.mx\/tienda\/wp-json\/wp\/v2\/product_tag?post=253501"}],"curies":[{"name":"wp","href":"https:\/\/api.w.org\/{rel}","templated":true}]}}