{"id":253464,"date":"2026-05-06T01:22:06","date_gmt":"2026-05-06T07:22:06","guid":{"rendered":"https:\/\/compuviper.mx\/tienda\/producto\/hikvision-ds-96128ni-h16r-nvr-32-megapixel-8k-128-canales-ip-16-bahas-de-disco-duro-4-puertos-de-red-soporta-raid-con-hot-swap-fuente-redundante-nvr-de-alto-desempeo\/"},"modified":"2026-05-06T01:22:06","modified_gmt":"2026-05-06T07:22:06","slug":"hikvision-ds-96128ni-h16r-nvr-32-megapixel-8k-128-canales-ip-16-bahas-de-disco-duro-4-puertos-de-red-soporta-raid-con-hot-swap-fuente-redundante-nvr-de-alto-desempeo","status":"publish","type":"product","link":"https:\/\/compuviper.mx\/tienda\/producto\/hikvision-ds-96128ni-h16r-nvr-32-megapixel-8k-128-canales-ip-16-bahas-de-disco-duro-4-puertos-de-red-soporta-raid-con-hot-swap-fuente-redundante-nvr-de-alto-desempeo\/","title":{"rendered":"Hikvision Ds-96128ni-h16r Nvr 32 Megapixel (8k) \/ 128 Canales Ip \/ 16 Bah?as De Disco Duro \/ 4 Puertos De Red \/ Soporta Raid Con Hot Swap \/ Fuente Redundante \/ Nvr De Alto Desempe?o"},"content":{"rendered":"<table class=\"descripcion\">\n<tr>\n<td>Compresi\u00f3n de video: h.265+\/h.265\/h.264+\/h.264,soporta 16 hdds de hasta 20 tb,arreglo raid 0,1,5,6,10 con hot swap,tecnolog\u00eda anr para c\u00e1maras ip hikvision<\/td>\n<\/tr>\n<\/table>\n","protected":false},"excerpt":{"rendered":"<p>Acusense (filtro de falsas alarmas):con tecnolog\u00eda acusense podemos evitar falsas alarmas como movimiento de \u00e1rboles, animales,al activar la tecnolog\u00eda acusense solo detecta cuerpo humano y veh\u00edculos para detectar realmente eventos importantes y as\u00ed eliminar falsas alarmas,soporta hasta 128 canales con acusense utilizando c\u00e1maras: ds-2cd2xx7g2 \/ ds-2cd2xx3g2 \/ ids-2cd7 \/ ds-2cd3xxg2 \/ ds-2cd3xx7g2 (que soporte acusense),soporta hasta 128 canales con la tecnolog\u00eda acusense lite (humano y veh\u00edculo pero con detecci\u00f3n de movimiento, no anal\u00edticos) usando c\u00e1maras ds-2cd1xx3g2 y ds-2cd1xx3g7g2 (que soporte acusense lite),heat map (mapa de calor):usando c\u00e1maras fisheye o domos ip que soporten la anal\u00edtica de calor para poder realizar an\u00e1lisis del movimiento seg\u00fan el escenario por medio de pixeles (paleta de colores), eso nos permite tomar una decisi\u00f3n de los movimientos m\u00e1s frecuentes seg\u00fan el escenario,people counting (conteo de personas):usando c\u00e1maras ip con anal\u00edtica de conteo de personas (base de datos) podemos realizar un conteo de de personas por medio de la captura facial, esto hace que nos permita tener una efectividad mayor para evitar posibles duplicaciones. Podemos tener diferentes tipos de an\u00e1lisis como entrada, salida y duplicados (varias veces entran y salen). Podemos tener excepciones de rostros que no cuenten por ser miembros o personas dentro del mismo local,anpr (lectura de placas): usando c\u00e1maras con anal\u00edtica de anpr podemos tener lectura de placas (base de datos) y podemos tener tambien diferentes caracter\u00edsticas del autom\u00f3vil como tipo del veh\u00edculo, color, tama\u00f1o.<\/p>\n","protected":false},"featured_media":260422,"comment_status":"open","ping_status":"open","template":"","meta":[],"product_cat":[1689,1768],"product_tag":[1595],"acf":[],"yoast_head":"<!-- This site is optimized with the Yoast SEO plugin v21.7 - https:\/\/yoast.com\/wordpress\/plugins\/seo\/ -->\n<title>[ Hikvision ] &#129351; Ds-96128ni-h16r Nvr 32 Megapixel (8k) \/ 128 Canales Ip \/ 16 Bah\u00edas De Disco Duro \/ 4 Puertos De Red \/ Soporta Raid Con Hot Swap \/ Fuente Redundante \/ Nvr De Alto Desempe\u00f1o<\/title>\n<meta name=\"description\" content=\"Compra Ds-96128ni-h16r Nvr 32 Megapixel (8k) \/ 128 Canales Ip \/ 16 Bah\u00edas De Disco Duro \/ 4 Puertos De Red \/ Soporta Raid Con Hot Swap \/ Fuente Redundante \/ Nvr De Alto Desempe\u00f1o + Env\u00edo a domicilio + Pago seguro + Garant\u00eda\" \/>\n<meta name=\"robots\" content=\"index, follow, max-snippet:-1, max-image-preview:large, max-video-preview:-1\" \/>\n<link rel=\"canonical\" href=\"https:\/\/compuviper.mx\/tienda\/producto\/hikvision-ds-96128ni-h16r-nvr-32-megapixel-8k-128-canales-ip-16-bahas-de-disco-duro-4-puertos-de-red-soporta-raid-con-hot-swap-fuente-redundante-nvr-de-alto-desempeo\/\" \/>\n<meta property=\"og:locale\" content=\"es_MX\" \/>\n<meta property=\"og:type\" content=\"article\" \/>\n<meta property=\"og:title\" content=\"[ Hikvision ] &#129351; Ds-96128ni-h16r Nvr 32 Megapixel (8k) \/ 128 Canales Ip \/ 16 Bah\u00edas De Disco Duro \/ 4 Puertos De Red \/ Soporta Raid Con Hot Swap \/ Fuente Redundante \/ Nvr De Alto Desempe\u00f1o\" \/>\n<meta property=\"og:description\" content=\"Compra Ds-96128ni-h16r Nvr 32 Megapixel (8k) \/ 128 Canales Ip \/ 16 Bah\u00edas De Disco Duro \/ 4 Puertos De Red \/ Soporta Raid Con Hot Swap \/ Fuente Redundante \/ Nvr De Alto Desempe\u00f1o + Env\u00edo a domicilio + Pago seguro + Garant\u00eda\" \/>\n<meta property=\"og:url\" content=\"https:\/\/compuviper.mx\/tienda\/producto\/hikvision-ds-96128ni-h16r-nvr-32-megapixel-8k-128-canales-ip-16-bahas-de-disco-duro-4-puertos-de-red-soporta-raid-con-hot-swap-fuente-redundante-nvr-de-alto-desempeo\/\" \/>\n<meta property=\"og:site_name\" content=\"Compuviper\" \/>\n<meta property=\"article:publisher\" content=\"https:\/\/www.facebook.com\/compuviper\" \/>\n<meta property=\"og:image\" content=\"https:\/\/compuviper.mx\/tienda\/wp-content\/uploads\/2025\/10\/Nvr-32-megapixel-8khikvision-128-canales-ip-16-bahias-de-disco-duro-4-puertos-de-red-soporta-raid-con-hot-swap-fuente-redundante-nvr-de-alto-desempeno.jpg\" \/>\n\t<meta property=\"og:image:width\" content=\"200\" \/>\n\t<meta property=\"og:image:height\" content=\"200\" \/>\n\t<meta property=\"og:image:type\" content=\"image\/jpeg\" \/>\n<meta name=\"twitter:card\" content=\"summary_large_image\" \/>\n<meta name=\"twitter:label1\" content=\"Precio\" \/>\n\t<meta name=\"twitter:data1\" content=\"&#36;108,813 con IVA\" \/>\n\t<meta name=\"twitter:label2\" content=\"Availability\" \/>\n\t<meta name=\"twitter:data2\" content=\"On backorder\" \/>\n<script type=\"application\/ld+json\" class=\"yoast-schema-graph\">{\"@context\":\"https:\/\/schema.org\",\"@graph\":[{\"@type\":\"WebPage\",\"@id\":\"https:\/\/compuviper.mx\/tienda\/producto\/hikvision-ds-96128ni-h16r-nvr-32-megapixel-8k-128-canales-ip-16-bahas-de-disco-duro-4-puertos-de-red-soporta-raid-con-hot-swap-fuente-redundante-nvr-de-alto-desempeo\/\",\"url\":\"https:\/\/compuviper.mx\/tienda\/producto\/hikvision-ds-96128ni-h16r-nvr-32-megapixel-8k-128-canales-ip-16-bahas-de-disco-duro-4-puertos-de-red-soporta-raid-con-hot-swap-fuente-redundante-nvr-de-alto-desempeo\/\",\"name\":\"[ Hikvision ] &#129351; Ds-96128ni-h16r Nvr 32 Megapixel (8k) \/ 128 Canales Ip \/ 16 Bah\u00edas De Disco Duro \/ 4 Puertos De Red \/ Soporta Raid Con Hot Swap \/ Fuente Redundante \/ Nvr De Alto Desempe\u00f1o\",\"isPartOf\":{\"@id\":\"https:\/\/compuviper.mx\/tienda\/#website\"},\"datePublished\":\"2026-05-06T07:22:06+00:00\",\"dateModified\":\"2026-05-06T07:22:06+00:00\",\"description\":\"Compra Ds-96128ni-h16r Nvr 32 Megapixel (8k) \/ 128 Canales Ip \/ 16 Bah\u00edas De Disco Duro \/ 4 Puertos De Red \/ Soporta Raid Con Hot Swap \/ Fuente Redundante \/ Nvr De Alto Desempe\u00f1o + Env\u00edo a domicilio + Pago seguro + Garant\u00eda\",\"breadcrumb\":{\"@id\":\"https:\/\/compuviper.mx\/tienda\/producto\/hikvision-ds-96128ni-h16r-nvr-32-megapixel-8k-128-canales-ip-16-bahas-de-disco-duro-4-puertos-de-red-soporta-raid-con-hot-swap-fuente-redundante-nvr-de-alto-desempeo\/#breadcrumb\"},\"inLanguage\":\"es-MX\",\"potentialAction\":[{\"@type\":\"ReadAction\",\"target\":[\"https:\/\/compuviper.mx\/tienda\/producto\/hikvision-ds-96128ni-h16r-nvr-32-megapixel-8k-128-canales-ip-16-bahas-de-disco-duro-4-puertos-de-red-soporta-raid-con-hot-swap-fuente-redundante-nvr-de-alto-desempeo\/\"]}]},{\"@type\":\"BreadcrumbList\",\"@id\":\"https:\/\/compuviper.mx\/tienda\/producto\/hikvision-ds-96128ni-h16r-nvr-32-megapixel-8k-128-canales-ip-16-bahas-de-disco-duro-4-puertos-de-red-soporta-raid-con-hot-swap-fuente-redundante-nvr-de-alto-desempeo\/#breadcrumb\",\"itemListElement\":[{\"@type\":\"ListItem\",\"position\":1,\"name\":\"Inicio\",\"item\":\"https:\/\/compuviper.mx\/tienda\/\"},{\"@type\":\"ListItem\",\"position\":2,\"name\":\"Productos\",\"item\":\"https:\/\/compuviper.mx\/tienda\/productos\/\"},{\"@type\":\"ListItem\",\"position\":3,\"name\":\"Videograbadores\",\"item\":\"https:\/\/compuviper.mx\/tienda\/categoria-producto\/videograbadores\/\"},{\"@type\":\"ListItem\",\"position\":4,\"name\":\"Nvr\",\"item\":\"https:\/\/compuviper.mx\/tienda\/categoria-producto\/videograbadores\/nvr\/\"},{\"@type\":\"ListItem\",\"position\":5,\"name\":\"Hikvision Ds-96128ni-h16r Nvr 32 Megapixel (8k) \/ 128 Canales Ip \/ 16 Bah?as De Disco Duro \/ 4 Puertos De Red \/ Soporta Raid Con Hot Swap \/ Fuente Redundante \/ Nvr De Alto Desempe?o\"}]},{\"@type\":\"WebSite\",\"@id\":\"https:\/\/compuviper.mx\/tienda\/#website\",\"url\":\"https:\/\/compuviper.mx\/tienda\/\",\"name\":\"Compuviper\",\"description\":\"Proveedor de Computadoras, Laptops, Servidores, Monitores, Puntos de Venta, Teclados,   Impresoras, T\u00f3ner, C\u00e1maras de Seguridad y m\u00e1s en tu tienda en l\u00ednea\",\"publisher\":{\"@id\":\"https:\/\/compuviper.mx\/tienda\/#organization\"},\"potentialAction\":[{\"@type\":\"SearchAction\",\"target\":{\"@type\":\"EntryPoint\",\"urlTemplate\":\"https:\/\/compuviper.mx\/tienda\/?s={search_term_string}\"},\"query-input\":\"required name=search_term_string\"}],\"inLanguage\":\"es-MX\"},{\"@type\":\"Organization\",\"@id\":\"https:\/\/compuviper.mx\/tienda\/#organization\",\"name\":\"Compuviper\",\"url\":\"https:\/\/compuviper.mx\/tienda\/\",\"logo\":{\"@type\":\"ImageObject\",\"inLanguage\":\"es-MX\",\"@id\":\"https:\/\/compuviper.mx\/tienda\/#\/schema\/logo\/image\/\",\"url\":\"https:\/\/compuviper.mx\/tienda\/wp-content\/uploads\/2021\/08\/Logo-Compuviper-10.png\",\"contentUrl\":\"https:\/\/compuviper.mx\/tienda\/wp-content\/uploads\/2021\/08\/Logo-Compuviper-10.png\",\"width\":1000,\"height\":500,\"caption\":\"Compuviper\"},\"image\":{\"@id\":\"https:\/\/compuviper.mx\/tienda\/#\/schema\/logo\/image\/\"},\"sameAs\":[\"https:\/\/www.facebook.com\/compuviper\",\"https:\/\/www.youtube.com\/channel\/UCf73dERp9Y3cfOq7q8BhLjA?view_as=subscriber\"]}]}<\/script>\n<meta property=\"product:brand\" content=\"HIKVISION\" \/>\n<meta property=\"product:price:amount\" content=\"108813\" \/>\n<meta property=\"product:price:currency\" content=\"MXN\" \/>\n<meta property=\"og:availability\" content=\"backorder\" \/>\n<meta property=\"product:availability\" content=\"available for order\" \/>\n<meta property=\"product:retailer_item_id\" content=\"DS-96128NI-H16R\" \/>\n<meta property=\"product:condition\" content=\"new\" \/>\n<!-- \/ Yoast SEO plugin. -->","yoast_head_json":{"title":"[ Hikvision ] &#129351; Ds-96128ni-h16r Nvr 32 Megapixel (8k) \/ 128 Canales Ip \/ 16 Bah\u00edas De Disco Duro \/ 4 Puertos De Red \/ Soporta Raid Con Hot Swap \/ Fuente Redundante \/ Nvr De Alto Desempe\u00f1o","description":"Compra Ds-96128ni-h16r Nvr 32 Megapixel (8k) \/ 128 Canales Ip \/ 16 Bah\u00edas De Disco Duro \/ 4 Puertos De Red \/ Soporta Raid Con Hot Swap \/ Fuente Redundante \/ Nvr De Alto Desempe\u00f1o + Env\u00edo a domicilio + Pago seguro + Garant\u00eda","robots":{"index":"index","follow":"follow","max-snippet":"max-snippet:-1","max-image-preview":"max-image-preview:large","max-video-preview":"max-video-preview:-1"},"canonical":"https:\/\/compuviper.mx\/tienda\/producto\/hikvision-ds-96128ni-h16r-nvr-32-megapixel-8k-128-canales-ip-16-bahas-de-disco-duro-4-puertos-de-red-soporta-raid-con-hot-swap-fuente-redundante-nvr-de-alto-desempeo\/","og_locale":"es_MX","og_type":"article","og_title":"[ Hikvision ] &#129351; Ds-96128ni-h16r Nvr 32 Megapixel (8k) \/ 128 Canales Ip \/ 16 Bah\u00edas De Disco Duro \/ 4 Puertos De Red \/ Soporta Raid Con Hot Swap \/ Fuente Redundante \/ Nvr De Alto Desempe\u00f1o","og_description":"Compra Ds-96128ni-h16r Nvr 32 Megapixel (8k) \/ 128 Canales Ip \/ 16 Bah\u00edas De Disco Duro \/ 4 Puertos De Red \/ Soporta Raid Con Hot Swap \/ Fuente Redundante \/ Nvr De Alto Desempe\u00f1o + Env\u00edo a domicilio + Pago seguro + Garant\u00eda","og_url":"https:\/\/compuviper.mx\/tienda\/producto\/hikvision-ds-96128ni-h16r-nvr-32-megapixel-8k-128-canales-ip-16-bahas-de-disco-duro-4-puertos-de-red-soporta-raid-con-hot-swap-fuente-redundante-nvr-de-alto-desempeo\/","og_site_name":"Compuviper","article_publisher":"https:\/\/www.facebook.com\/compuviper","og_image":[{"width":200,"height":200,"url":"https:\/\/compuviper.mx\/tienda\/wp-content\/uploads\/2025\/10\/Nvr-32-megapixel-8khikvision-128-canales-ip-16-bahias-de-disco-duro-4-puertos-de-red-soporta-raid-con-hot-swap-fuente-redundante-nvr-de-alto-desempeno.jpg","type":"image\/jpeg"}],"twitter_card":"summary_large_image","twitter_misc":{"Precio":"&#36;108,813 con IVA","Availability":"On backorder"},"schema":{"@context":"https:\/\/schema.org","@graph":[{"@type":"WebPage","@id":"https:\/\/compuviper.mx\/tienda\/producto\/hikvision-ds-96128ni-h16r-nvr-32-megapixel-8k-128-canales-ip-16-bahas-de-disco-duro-4-puertos-de-red-soporta-raid-con-hot-swap-fuente-redundante-nvr-de-alto-desempeo\/","url":"https:\/\/compuviper.mx\/tienda\/producto\/hikvision-ds-96128ni-h16r-nvr-32-megapixel-8k-128-canales-ip-16-bahas-de-disco-duro-4-puertos-de-red-soporta-raid-con-hot-swap-fuente-redundante-nvr-de-alto-desempeo\/","name":"[ Hikvision ] &#129351; Ds-96128ni-h16r Nvr 32 Megapixel (8k) \/ 128 Canales Ip \/ 16 Bah\u00edas De Disco Duro \/ 4 Puertos De Red \/ Soporta Raid Con Hot Swap \/ Fuente Redundante \/ Nvr De Alto Desempe\u00f1o","isPartOf":{"@id":"https:\/\/compuviper.mx\/tienda\/#website"},"datePublished":"2026-05-06T07:22:06+00:00","dateModified":"2026-05-06T07:22:06+00:00","description":"Compra Ds-96128ni-h16r Nvr 32 Megapixel (8k) \/ 128 Canales Ip \/ 16 Bah\u00edas De Disco Duro \/ 4 Puertos De Red \/ Soporta Raid Con Hot Swap \/ Fuente Redundante \/ Nvr De Alto Desempe\u00f1o + Env\u00edo a domicilio + Pago seguro + Garant\u00eda","breadcrumb":{"@id":"https:\/\/compuviper.mx\/tienda\/producto\/hikvision-ds-96128ni-h16r-nvr-32-megapixel-8k-128-canales-ip-16-bahas-de-disco-duro-4-puertos-de-red-soporta-raid-con-hot-swap-fuente-redundante-nvr-de-alto-desempeo\/#breadcrumb"},"inLanguage":"es-MX","potentialAction":[{"@type":"ReadAction","target":["https:\/\/compuviper.mx\/tienda\/producto\/hikvision-ds-96128ni-h16r-nvr-32-megapixel-8k-128-canales-ip-16-bahas-de-disco-duro-4-puertos-de-red-soporta-raid-con-hot-swap-fuente-redundante-nvr-de-alto-desempeo\/"]}]},{"@type":"BreadcrumbList","@id":"https:\/\/compuviper.mx\/tienda\/producto\/hikvision-ds-96128ni-h16r-nvr-32-megapixel-8k-128-canales-ip-16-bahas-de-disco-duro-4-puertos-de-red-soporta-raid-con-hot-swap-fuente-redundante-nvr-de-alto-desempeo\/#breadcrumb","itemListElement":[{"@type":"ListItem","position":1,"name":"Inicio","item":"https:\/\/compuviper.mx\/tienda\/"},{"@type":"ListItem","position":2,"name":"Productos","item":"https:\/\/compuviper.mx\/tienda\/productos\/"},{"@type":"ListItem","position":3,"name":"Videograbadores","item":"https:\/\/compuviper.mx\/tienda\/categoria-producto\/videograbadores\/"},{"@type":"ListItem","position":4,"name":"Nvr","item":"https:\/\/compuviper.mx\/tienda\/categoria-producto\/videograbadores\/nvr\/"},{"@type":"ListItem","position":5,"name":"Hikvision Ds-96128ni-h16r Nvr 32 Megapixel (8k) \/ 128 Canales Ip \/ 16 Bah?as De Disco Duro \/ 4 Puertos De Red \/ Soporta Raid Con Hot Swap \/ Fuente Redundante \/ Nvr De Alto Desempe?o"}]},{"@type":"WebSite","@id":"https:\/\/compuviper.mx\/tienda\/#website","url":"https:\/\/compuviper.mx\/tienda\/","name":"Compuviper","description":"Proveedor de Computadoras, Laptops, Servidores, Monitores, Puntos de Venta, Teclados,   Impresoras, T\u00f3ner, C\u00e1maras de Seguridad y m\u00e1s en tu tienda en l\u00ednea","publisher":{"@id":"https:\/\/compuviper.mx\/tienda\/#organization"},"potentialAction":[{"@type":"SearchAction","target":{"@type":"EntryPoint","urlTemplate":"https:\/\/compuviper.mx\/tienda\/?s={search_term_string}"},"query-input":"required name=search_term_string"}],"inLanguage":"es-MX"},{"@type":"Organization","@id":"https:\/\/compuviper.mx\/tienda\/#organization","name":"Compuviper","url":"https:\/\/compuviper.mx\/tienda\/","logo":{"@type":"ImageObject","inLanguage":"es-MX","@id":"https:\/\/compuviper.mx\/tienda\/#\/schema\/logo\/image\/","url":"https:\/\/compuviper.mx\/tienda\/wp-content\/uploads\/2021\/08\/Logo-Compuviper-10.png","contentUrl":"https:\/\/compuviper.mx\/tienda\/wp-content\/uploads\/2021\/08\/Logo-Compuviper-10.png","width":1000,"height":500,"caption":"Compuviper"},"image":{"@id":"https:\/\/compuviper.mx\/tienda\/#\/schema\/logo\/image\/"},"sameAs":["https:\/\/www.facebook.com\/compuviper","https:\/\/www.youtube.com\/channel\/UCf73dERp9Y3cfOq7q8BhLjA?view_as=subscriber"]}]},"product_brand":"HIKVISION","product_price_amount":"108813","product_price_currency":"MXN","og_availability":"backorder","product_availability":"available for order","product_retailer_item_id":"DS-96128NI-H16R","product_condition":"new"},"_links":{"self":[{"href":"https:\/\/compuviper.mx\/tienda\/wp-json\/wp\/v2\/product\/253464"}],"collection":[{"href":"https:\/\/compuviper.mx\/tienda\/wp-json\/wp\/v2\/product"}],"about":[{"href":"https:\/\/compuviper.mx\/tienda\/wp-json\/wp\/v2\/types\/product"}],"replies":[{"embeddable":true,"href":"https:\/\/compuviper.mx\/tienda\/wp-json\/wp\/v2\/comments?post=253464"}],"wp:featuredmedia":[{"embeddable":true,"href":"https:\/\/compuviper.mx\/tienda\/wp-json\/wp\/v2\/media\/260422"}],"wp:attachment":[{"href":"https:\/\/compuviper.mx\/tienda\/wp-json\/wp\/v2\/media?parent=253464"}],"wp:term":[{"taxonomy":"product_cat","embeddable":true,"href":"https:\/\/compuviper.mx\/tienda\/wp-json\/wp\/v2\/product_cat?post=253464"},{"taxonomy":"product_tag","embeddable":true,"href":"https:\/\/compuviper.mx\/tienda\/wp-json\/wp\/v2\/product_tag?post=253464"}],"curies":[{"name":"wp","href":"https:\/\/api.w.org\/{rel}","templated":true}]}}