{"id":253444,"date":"2026-04-18T00:21:02","date_gmt":"2026-04-18T06:21:02","guid":{"rendered":"https:\/\/compuviper.mx\/tienda\/producto\/ezviz-cs-bc2-mini-cmara-ip-inalmbrica-con-batera-recargable-cero-cables-2-megapxel-uso-en-interior-grabacin-en-la-nube-base-magntica-para-adherirla-a-superficies-metlicas\/"},"modified":"2026-04-18T00:21:03","modified_gmt":"2026-04-18T06:21:03","slug":"ezviz-cs-bc26941545610641-mini-cmara-ip-inalmbrica-con-batera-recargable-cero-cables-2-megapxel-uso-en-interior-grabacin-en-la-nube-base-magntica-para-adherirla-a-superficies-metlic","status":"publish","type":"product","link":"https:\/\/compuviper.mx\/tienda\/producto\/ezviz-cs-bc26941545610641-mini-cmara-ip-inalmbrica-con-batera-recargable-cero-cables-2-megapxel-uso-en-interior-grabacin-en-la-nube-base-magntica-para-adherirla-a-superficies-metlic\/","title":{"rendered":"Ezviz Cs-bc2,6941545610641 Mini C?mara Ip  Inal?mbrica Con Bater?a Recargable (cero Cables) \/ 2 Megap?xel \/ Uso En Interior \/ Grabaci?n En La Nube \/ Base Magn?tica Para Adherirla A Superficies Met?licas"},"content":{"rendered":"<table class=\"descripcion\">\n<tr>\n<td>Resoluci\u00f3n full hd 1920 x 1080 p\u00edxeles,audio bidireccional con micr\u00f3fono y bocina integrados,compresi\u00f3n eficiente h.264 y h.265,wifi 2.4 ghz para conectividad confiable<\/td>\n<\/tr>\n<\/table>\n","protected":false},"excerpt":{"rendered":"<p>Detecci\u00f3n de movimiento,5 mts ir (visi\u00f3n nocturna),compresi\u00f3n: h.264, h.265,wifi 2.4 ghz,memoria micro sd de hasta 256gb (no incluida),alertas de voz personalizables,detecci\u00f3n humana,uso en interior.<\/p>\n","protected":false},"featured_media":259431,"comment_status":"open","ping_status":"open","template":"","meta":[],"product_cat":[1608,1681],"product_tag":[2123],"acf":[],"yoast_head":"<!-- This site is optimized with the Yoast SEO plugin v21.7 - https:\/\/yoast.com\/wordpress\/plugins\/seo\/ -->\n<title>[ Ezviz ] &#129351; Cs-bc2,6941545610641 Mini C\u00e1mara Ip Inal\u00e1mbrica Con Bater\u00eda Recargable (cero Cables) \/ 2 Megap\u00edxel \/ Uso En Interior \/ Grabaci\u00f3n En La Nube \/ Base Magn\u00e9tica Para Adherirla A Superficies Met\u00e1licas<\/title>\n<meta name=\"description\" content=\"Compra Cs-bc2,6941545610641 Mini C\u00e1mara Ip Inal\u00e1mbrica Con Bater\u00eda Recargable (cero Cables) \/ 2 Megap\u00edxel \/ Uso En Interior \/ Grabaci\u00f3n En La Nube \/ Base Magn\u00e9tica Para Adherirla A Superficies Met\u00e1licas + Env\u00edo a domicilio + Pago seguro + Garant\u00eda\" \/>\n<meta name=\"robots\" content=\"index, follow, max-snippet:-1, max-image-preview:large, max-video-preview:-1\" \/>\n<link rel=\"canonical\" href=\"https:\/\/compuviper.mx\/tienda\/producto\/ezviz-cs-bc26941545610641-mini-cmara-ip-inalmbrica-con-batera-recargable-cero-cables-2-megapxel-uso-en-interior-grabacin-en-la-nube-base-magntica-para-adherirla-a-superficies-metlic\/\" \/>\n<meta property=\"og:locale\" content=\"es_MX\" \/>\n<meta property=\"og:type\" content=\"article\" \/>\n<meta property=\"og:title\" content=\"[ Ezviz ] &#129351; Cs-bc2,6941545610641 Mini C\u00e1mara Ip Inal\u00e1mbrica Con Bater\u00eda Recargable (cero Cables) \/ 2 Megap\u00edxel \/ Uso En Interior \/ Grabaci\u00f3n En La Nube \/ Base Magn\u00e9tica Para Adherirla A Superficies Met\u00e1licas\" \/>\n<meta property=\"og:description\" content=\"Compra Cs-bc2,6941545610641 Mini C\u00e1mara Ip Inal\u00e1mbrica Con Bater\u00eda Recargable (cero Cables) \/ 2 Megap\u00edxel \/ Uso En Interior \/ Grabaci\u00f3n En La Nube \/ Base Magn\u00e9tica Para Adherirla A Superficies Met\u00e1licas + Env\u00edo a domicilio + Pago seguro + Garant\u00eda\" \/>\n<meta property=\"og:url\" content=\"https:\/\/compuviper.mx\/tienda\/producto\/ezviz-cs-bc26941545610641-mini-cmara-ip-inalmbrica-con-batera-recargable-cero-cables-2-megapxel-uso-en-interior-grabacin-en-la-nube-base-magntica-para-adherirla-a-superficies-metlic\/\" \/>\n<meta property=\"og:site_name\" content=\"Compuviper\" \/>\n<meta property=\"article:publisher\" content=\"https:\/\/www.facebook.com\/compuviper\" \/>\n<meta property=\"article:modified_time\" content=\"2026-04-18T06:21:03+00:00\" \/>\n<meta property=\"og:image\" content=\"https:\/\/compuviper.mx\/tienda\/wp-content\/uploads\/2025\/10\/Mini-camara-ip-ezviz-inalambrica-con-bateria-recargable-cero-cables-2-megapixel-uso-en-interior-grabacion-en-la-nube-base-magnetica-para-adherirla-a-superficies-metalicas.jpg\" \/>\n\t<meta property=\"og:image:width\" content=\"200\" \/>\n\t<meta property=\"og:image:height\" content=\"200\" \/>\n\t<meta property=\"og:image:type\" content=\"image\/jpeg\" \/>\n<meta name=\"twitter:card\" content=\"summary_large_image\" \/>\n<meta name=\"twitter:label1\" content=\"Precio\" \/>\n\t<meta name=\"twitter:data1\" content=\"&#36;1,221 con IVA\" \/>\n\t<meta name=\"twitter:label2\" content=\"Availability\" \/>\n\t<meta name=\"twitter:data2\" content=\"On backorder\" \/>\n<script type=\"application\/ld+json\" class=\"yoast-schema-graph\">{\"@context\":\"https:\/\/schema.org\",\"@graph\":[{\"@type\":\"WebPage\",\"@id\":\"https:\/\/compuviper.mx\/tienda\/producto\/ezviz-cs-bc26941545610641-mini-cmara-ip-inalmbrica-con-batera-recargable-cero-cables-2-megapxel-uso-en-interior-grabacin-en-la-nube-base-magntica-para-adherirla-a-superficies-metlic\/\",\"url\":\"https:\/\/compuviper.mx\/tienda\/producto\/ezviz-cs-bc26941545610641-mini-cmara-ip-inalmbrica-con-batera-recargable-cero-cables-2-megapxel-uso-en-interior-grabacin-en-la-nube-base-magntica-para-adherirla-a-superficies-metlic\/\",\"name\":\"[ Ezviz ] &#129351; Cs-bc2,6941545610641 Mini C\u00e1mara Ip Inal\u00e1mbrica Con Bater\u00eda Recargable (cero Cables) \/ 2 Megap\u00edxel \/ Uso En Interior \/ Grabaci\u00f3n En La Nube \/ Base Magn\u00e9tica Para Adherirla A Superficies Met\u00e1licas\",\"isPartOf\":{\"@id\":\"https:\/\/compuviper.mx\/tienda\/#website\"},\"datePublished\":\"2026-04-18T06:21:02+00:00\",\"dateModified\":\"2026-04-18T06:21:03+00:00\",\"description\":\"Compra Cs-bc2,6941545610641 Mini C\u00e1mara Ip Inal\u00e1mbrica Con Bater\u00eda Recargable (cero Cables) \/ 2 Megap\u00edxel \/ Uso En Interior \/ Grabaci\u00f3n En La Nube \/ Base Magn\u00e9tica Para Adherirla A Superficies Met\u00e1licas + Env\u00edo a domicilio + Pago seguro + Garant\u00eda\",\"breadcrumb\":{\"@id\":\"https:\/\/compuviper.mx\/tienda\/producto\/ezviz-cs-bc26941545610641-mini-cmara-ip-inalmbrica-con-batera-recargable-cero-cables-2-megapxel-uso-en-interior-grabacin-en-la-nube-base-magntica-para-adherirla-a-superficies-metlic\/#breadcrumb\"},\"inLanguage\":\"es-MX\",\"potentialAction\":[{\"@type\":\"ReadAction\",\"target\":[\"https:\/\/compuviper.mx\/tienda\/producto\/ezviz-cs-bc26941545610641-mini-cmara-ip-inalmbrica-con-batera-recargable-cero-cables-2-megapxel-uso-en-interior-grabacin-en-la-nube-base-magntica-para-adherirla-a-superficies-metlic\/\"]}]},{\"@type\":\"BreadcrumbList\",\"@id\":\"https:\/\/compuviper.mx\/tienda\/producto\/ezviz-cs-bc26941545610641-mini-cmara-ip-inalmbrica-con-batera-recargable-cero-cables-2-megapxel-uso-en-interior-grabacin-en-la-nube-base-magntica-para-adherirla-a-superficies-metlic\/#breadcrumb\",\"itemListElement\":[{\"@type\":\"ListItem\",\"position\":1,\"name\":\"Inicio\",\"item\":\"https:\/\/compuviper.mx\/tienda\/\"},{\"@type\":\"ListItem\",\"position\":2,\"name\":\"Productos\",\"item\":\"https:\/\/compuviper.mx\/tienda\/productos\/\"},{\"@type\":\"ListItem\",\"position\":3,\"name\":\"Camaras\",\"item\":\"https:\/\/compuviper.mx\/tienda\/categoria-producto\/camaras-2\/\"},{\"@type\":\"ListItem\",\"position\":4,\"name\":\"Camara De Videovigilancia\",\"item\":\"https:\/\/compuviper.mx\/tienda\/categoria-producto\/camaras-2\/camara-de-videovigilancia\/\"},{\"@type\":\"ListItem\",\"position\":5,\"name\":\"Ezviz Cs-bc2,6941545610641 Mini C?mara Ip Inal?mbrica Con Bater?a Recargable (cero Cables) \/ 2 Megap?xel \/ Uso En Interior \/ Grabaci?n En La Nube \/ Base Magn?tica Para Adherirla A Superficies Met?licas\"}]},{\"@type\":\"WebSite\",\"@id\":\"https:\/\/compuviper.mx\/tienda\/#website\",\"url\":\"https:\/\/compuviper.mx\/tienda\/\",\"name\":\"Compuviper\",\"description\":\"Proveedor de Computadoras, Laptops, Servidores, Monitores, Puntos de Venta, Teclados,   Impresoras, T\u00f3ner, C\u00e1maras de Seguridad y m\u00e1s en tu tienda en l\u00ednea\",\"publisher\":{\"@id\":\"https:\/\/compuviper.mx\/tienda\/#organization\"},\"potentialAction\":[{\"@type\":\"SearchAction\",\"target\":{\"@type\":\"EntryPoint\",\"urlTemplate\":\"https:\/\/compuviper.mx\/tienda\/?s={search_term_string}\"},\"query-input\":\"required name=search_term_string\"}],\"inLanguage\":\"es-MX\"},{\"@type\":\"Organization\",\"@id\":\"https:\/\/compuviper.mx\/tienda\/#organization\",\"name\":\"Compuviper\",\"url\":\"https:\/\/compuviper.mx\/tienda\/\",\"logo\":{\"@type\":\"ImageObject\",\"inLanguage\":\"es-MX\",\"@id\":\"https:\/\/compuviper.mx\/tienda\/#\/schema\/logo\/image\/\",\"url\":\"https:\/\/compuviper.mx\/tienda\/wp-content\/uploads\/2021\/08\/Logo-Compuviper-10.png\",\"contentUrl\":\"https:\/\/compuviper.mx\/tienda\/wp-content\/uploads\/2021\/08\/Logo-Compuviper-10.png\",\"width\":1000,\"height\":500,\"caption\":\"Compuviper\"},\"image\":{\"@id\":\"https:\/\/compuviper.mx\/tienda\/#\/schema\/logo\/image\/\"},\"sameAs\":[\"https:\/\/www.facebook.com\/compuviper\",\"https:\/\/www.youtube.com\/channel\/UCf73dERp9Y3cfOq7q8BhLjA?view_as=subscriber\"]}]}<\/script>\n<meta property=\"product:brand\" content=\"Ezviz\" \/>\n<meta property=\"product:price:amount\" content=\"1221\" \/>\n<meta property=\"product:price:currency\" content=\"MXN\" \/>\n<meta property=\"og:availability\" content=\"backorder\" \/>\n<meta property=\"product:availability\" content=\"available for order\" \/>\n<meta property=\"product:retailer_item_id\" content=\"CS-BC2,6941545610641\" \/>\n<meta property=\"product:condition\" content=\"new\" \/>\n<!-- \/ Yoast SEO plugin. -->","yoast_head_json":{"title":"[ Ezviz ] &#129351; Cs-bc2,6941545610641 Mini C\u00e1mara Ip Inal\u00e1mbrica Con Bater\u00eda Recargable (cero Cables) \/ 2 Megap\u00edxel \/ Uso En Interior \/ Grabaci\u00f3n En La Nube \/ Base Magn\u00e9tica Para Adherirla A Superficies Met\u00e1licas","description":"Compra Cs-bc2,6941545610641 Mini C\u00e1mara Ip Inal\u00e1mbrica Con Bater\u00eda Recargable (cero Cables) \/ 2 Megap\u00edxel \/ Uso En Interior \/ Grabaci\u00f3n En La Nube \/ Base Magn\u00e9tica Para Adherirla A Superficies Met\u00e1licas + Env\u00edo a domicilio + Pago seguro + Garant\u00eda","robots":{"index":"index","follow":"follow","max-snippet":"max-snippet:-1","max-image-preview":"max-image-preview:large","max-video-preview":"max-video-preview:-1"},"canonical":"https:\/\/compuviper.mx\/tienda\/producto\/ezviz-cs-bc26941545610641-mini-cmara-ip-inalmbrica-con-batera-recargable-cero-cables-2-megapxel-uso-en-interior-grabacin-en-la-nube-base-magntica-para-adherirla-a-superficies-metlic\/","og_locale":"es_MX","og_type":"article","og_title":"[ Ezviz ] &#129351; Cs-bc2,6941545610641 Mini C\u00e1mara Ip Inal\u00e1mbrica Con Bater\u00eda Recargable (cero Cables) \/ 2 Megap\u00edxel \/ Uso En Interior \/ Grabaci\u00f3n En La Nube \/ Base Magn\u00e9tica Para Adherirla A Superficies Met\u00e1licas","og_description":"Compra Cs-bc2,6941545610641 Mini C\u00e1mara Ip Inal\u00e1mbrica Con Bater\u00eda Recargable (cero Cables) \/ 2 Megap\u00edxel \/ Uso En Interior \/ Grabaci\u00f3n En La Nube \/ Base Magn\u00e9tica Para Adherirla A Superficies Met\u00e1licas + Env\u00edo a domicilio + Pago seguro + Garant\u00eda","og_url":"https:\/\/compuviper.mx\/tienda\/producto\/ezviz-cs-bc26941545610641-mini-cmara-ip-inalmbrica-con-batera-recargable-cero-cables-2-megapxel-uso-en-interior-grabacin-en-la-nube-base-magntica-para-adherirla-a-superficies-metlic\/","og_site_name":"Compuviper","article_publisher":"https:\/\/www.facebook.com\/compuviper","article_modified_time":"2026-04-18T06:21:03+00:00","og_image":[{"width":200,"height":200,"url":"https:\/\/compuviper.mx\/tienda\/wp-content\/uploads\/2025\/10\/Mini-camara-ip-ezviz-inalambrica-con-bateria-recargable-cero-cables-2-megapixel-uso-en-interior-grabacion-en-la-nube-base-magnetica-para-adherirla-a-superficies-metalicas.jpg","type":"image\/jpeg"}],"twitter_card":"summary_large_image","twitter_misc":{"Precio":"&#36;1,221 con IVA","Availability":"On backorder"},"schema":{"@context":"https:\/\/schema.org","@graph":[{"@type":"WebPage","@id":"https:\/\/compuviper.mx\/tienda\/producto\/ezviz-cs-bc26941545610641-mini-cmara-ip-inalmbrica-con-batera-recargable-cero-cables-2-megapxel-uso-en-interior-grabacin-en-la-nube-base-magntica-para-adherirla-a-superficies-metlic\/","url":"https:\/\/compuviper.mx\/tienda\/producto\/ezviz-cs-bc26941545610641-mini-cmara-ip-inalmbrica-con-batera-recargable-cero-cables-2-megapxel-uso-en-interior-grabacin-en-la-nube-base-magntica-para-adherirla-a-superficies-metlic\/","name":"[ Ezviz ] &#129351; Cs-bc2,6941545610641 Mini C\u00e1mara Ip Inal\u00e1mbrica Con Bater\u00eda Recargable (cero Cables) \/ 2 Megap\u00edxel \/ Uso En Interior \/ Grabaci\u00f3n En La Nube \/ Base Magn\u00e9tica Para Adherirla A Superficies Met\u00e1licas","isPartOf":{"@id":"https:\/\/compuviper.mx\/tienda\/#website"},"datePublished":"2026-04-18T06:21:02+00:00","dateModified":"2026-04-18T06:21:03+00:00","description":"Compra Cs-bc2,6941545610641 Mini C\u00e1mara Ip Inal\u00e1mbrica Con Bater\u00eda Recargable (cero Cables) \/ 2 Megap\u00edxel \/ Uso En Interior \/ Grabaci\u00f3n En La Nube \/ Base Magn\u00e9tica Para Adherirla A Superficies Met\u00e1licas + Env\u00edo a domicilio + Pago seguro + Garant\u00eda","breadcrumb":{"@id":"https:\/\/compuviper.mx\/tienda\/producto\/ezviz-cs-bc26941545610641-mini-cmara-ip-inalmbrica-con-batera-recargable-cero-cables-2-megapxel-uso-en-interior-grabacin-en-la-nube-base-magntica-para-adherirla-a-superficies-metlic\/#breadcrumb"},"inLanguage":"es-MX","potentialAction":[{"@type":"ReadAction","target":["https:\/\/compuviper.mx\/tienda\/producto\/ezviz-cs-bc26941545610641-mini-cmara-ip-inalmbrica-con-batera-recargable-cero-cables-2-megapxel-uso-en-interior-grabacin-en-la-nube-base-magntica-para-adherirla-a-superficies-metlic\/"]}]},{"@type":"BreadcrumbList","@id":"https:\/\/compuviper.mx\/tienda\/producto\/ezviz-cs-bc26941545610641-mini-cmara-ip-inalmbrica-con-batera-recargable-cero-cables-2-megapxel-uso-en-interior-grabacin-en-la-nube-base-magntica-para-adherirla-a-superficies-metlic\/#breadcrumb","itemListElement":[{"@type":"ListItem","position":1,"name":"Inicio","item":"https:\/\/compuviper.mx\/tienda\/"},{"@type":"ListItem","position":2,"name":"Productos","item":"https:\/\/compuviper.mx\/tienda\/productos\/"},{"@type":"ListItem","position":3,"name":"Camaras","item":"https:\/\/compuviper.mx\/tienda\/categoria-producto\/camaras-2\/"},{"@type":"ListItem","position":4,"name":"Camara De Videovigilancia","item":"https:\/\/compuviper.mx\/tienda\/categoria-producto\/camaras-2\/camara-de-videovigilancia\/"},{"@type":"ListItem","position":5,"name":"Ezviz Cs-bc2,6941545610641 Mini C?mara Ip Inal?mbrica Con Bater?a Recargable (cero Cables) \/ 2 Megap?xel \/ Uso En Interior \/ Grabaci?n En La Nube \/ Base Magn?tica Para Adherirla A Superficies Met?licas"}]},{"@type":"WebSite","@id":"https:\/\/compuviper.mx\/tienda\/#website","url":"https:\/\/compuviper.mx\/tienda\/","name":"Compuviper","description":"Proveedor de Computadoras, Laptops, Servidores, Monitores, Puntos de Venta, Teclados,   Impresoras, T\u00f3ner, C\u00e1maras de Seguridad y m\u00e1s en tu tienda en l\u00ednea","publisher":{"@id":"https:\/\/compuviper.mx\/tienda\/#organization"},"potentialAction":[{"@type":"SearchAction","target":{"@type":"EntryPoint","urlTemplate":"https:\/\/compuviper.mx\/tienda\/?s={search_term_string}"},"query-input":"required name=search_term_string"}],"inLanguage":"es-MX"},{"@type":"Organization","@id":"https:\/\/compuviper.mx\/tienda\/#organization","name":"Compuviper","url":"https:\/\/compuviper.mx\/tienda\/","logo":{"@type":"ImageObject","inLanguage":"es-MX","@id":"https:\/\/compuviper.mx\/tienda\/#\/schema\/logo\/image\/","url":"https:\/\/compuviper.mx\/tienda\/wp-content\/uploads\/2021\/08\/Logo-Compuviper-10.png","contentUrl":"https:\/\/compuviper.mx\/tienda\/wp-content\/uploads\/2021\/08\/Logo-Compuviper-10.png","width":1000,"height":500,"caption":"Compuviper"},"image":{"@id":"https:\/\/compuviper.mx\/tienda\/#\/schema\/logo\/image\/"},"sameAs":["https:\/\/www.facebook.com\/compuviper","https:\/\/www.youtube.com\/channel\/UCf73dERp9Y3cfOq7q8BhLjA?view_as=subscriber"]}]},"product_brand":"Ezviz","product_price_amount":"1221","product_price_currency":"MXN","og_availability":"backorder","product_availability":"available for order","product_retailer_item_id":"CS-BC2,6941545610641","product_condition":"new"},"_links":{"self":[{"href":"https:\/\/compuviper.mx\/tienda\/wp-json\/wp\/v2\/product\/253444"}],"collection":[{"href":"https:\/\/compuviper.mx\/tienda\/wp-json\/wp\/v2\/product"}],"about":[{"href":"https:\/\/compuviper.mx\/tienda\/wp-json\/wp\/v2\/types\/product"}],"replies":[{"embeddable":true,"href":"https:\/\/compuviper.mx\/tienda\/wp-json\/wp\/v2\/comments?post=253444"}],"wp:featuredmedia":[{"embeddable":true,"href":"https:\/\/compuviper.mx\/tienda\/wp-json\/wp\/v2\/media\/259431"}],"wp:attachment":[{"href":"https:\/\/compuviper.mx\/tienda\/wp-json\/wp\/v2\/media?parent=253444"}],"wp:term":[{"taxonomy":"product_cat","embeddable":true,"href":"https:\/\/compuviper.mx\/tienda\/wp-json\/wp\/v2\/product_cat?post=253444"},{"taxonomy":"product_tag","embeddable":true,"href":"https:\/\/compuviper.mx\/tienda\/wp-json\/wp\/v2\/product_tag?post=253444"}],"curies":[{"name":"wp","href":"https:\/\/api.w.org\/{rel}","templated":true}]}}