{"id":253388,"date":"2026-04-23T00:15:37","date_gmt":"2026-04-23T06:15:37","guid":{"rendered":"https:\/\/compuviper.mx\/tienda\/producto\/hikvision-ids-2cd7a46g0-izhsyc-bala-ip-4-megapixel-lente-mot-2-8-a-12-mm-wdr-140-db-anticorrosin-darkfighter-ip67-ik10-50-mts-ir-exir-deteccin-facial-bsqueda-por-atributos-p\/"},"modified":"2026-04-23T00:15:37","modified_gmt":"2026-04-23T06:15:37","slug":"hikvision-ids-2cd7a46g0-izhsyc-bala-ip-4-megapixel-lente-mot-2-8-a-12-mm-wdr-140-db-anticorrosin-darkfighter-ip67-ik10-50-mts-ir-exir-deteccin-facial-bsqueda-por-atributos-prot","status":"publish","type":"product","link":"https:\/\/compuviper.mx\/tienda\/producto\/hikvision-ids-2cd7a46g0-izhsyc-bala-ip-4-megapixel-lente-mot-2-8-a-12-mm-wdr-140-db-anticorrosin-darkfighter-ip67-ik10-50-mts-ir-exir-deteccin-facial-bsqueda-por-atributos-prot\/","title":{"rendered":"Hikvision Ids-2cd7a46g0-izhsy(c) Bala Ip 4 Megapixel  \/ Lente Mot. 2.8 A 12 Mm \/ Wdr 140 Db \/ Anticorrosin \/ Darkfighter \/ Ip67 \/ Ik10 \/ 50 Mts Ir Exir \/ Deteccin Facial \/ Bsqueda Por Atributos \/ Proteccin Perimetral \/"},"content":{"rendered":"<table class=\"descripcion\">\n<tr>\n<td>Compresi\u00f3n de video: h.265+ \/ h.265 \/ h.264+ \/ h.264,lente motorizado: 2.8 a 12 mm (114.5\u00b0 a 41.8\u00b0),velocidad del shutter: 1 s a 100.000 s, soporta slow shutter,iluminaci\u00f3n m\u00ednima darkfighter \u00e2\u0098\u00bd :0.001 lux @(f1.2,agc on),distancia de ir: 30 mts ir exir,1 puerto de red: 10 \/ 100 \/ 1000 mbps,soporta micro sd de hasta 256 gb (no incluida),resoluci\u00f3n m\u00e1xima: 60hz: 30fps (2560 \u00d7 1440, 1920 \u00d7 1080, 1280 \u00d7 720),funciones: wdr real 140 db \/ blc \/ hlc \/ 3d dnr \/ defog \/ eis,protocolos: onvif (profile s, profile g, profile t) \/ isapi \/ sdk \/ isup<\/td>\n<\/tr>\n<\/table>\n","protected":false},"excerpt":{"rendered":"<p>Las c\u00e1maras de reconocimiento facial hikvision admiten la detecci\u00f3n, captura, reconocimiento y an\u00e1lisis de caracter\u00edsticas de rostros humanos al mismo tiempo,lista de alarmas en funci\u00f3n del resultado de la comparaci\u00f3n,3 bibliotecas de caras con 90,000 caras en total<\/p>\n","protected":false},"featured_media":259428,"comment_status":"open","ping_status":"open","template":"","meta":[],"product_cat":[1608,1681],"product_tag":[1595],"acf":[],"yoast_head":"<!-- This site is optimized with the Yoast SEO plugin v21.7 - https:\/\/yoast.com\/wordpress\/plugins\/seo\/ -->\n<title>[ Hikvision ] &#129351; Ids-2cd7a46g0-izhsy(c) Bala Ip 4 Megapixel \/ Lente Mot. 2.8 A 12 Mm \/ Wdr 140 Db \/ Anticorrosin \/ Darkfighter \/ Ip67 \/ Ik10 \/ 50 Mts Ir Exir \/ Deteccin Facial \/ Bsqueda Por Atributos \/ Proteccin Perimetral \/<\/title>\n<meta name=\"description\" content=\"Compra Ids-2cd7a46g0-izhsy(c) Bala Ip 4 Megapixel \/ Lente Mot. 2.8 A 12 Mm \/ Wdr 140 Db \/ Anticorrosin \/ Darkfighter \/ Ip67 \/ Ik10 \/ 50 Mts Ir Exir \/ Deteccin Facial \/ Bsqueda Por Atributos \/ Proteccin Perimetral \/ + Env\u00edo a domicilio + Pago seguro + Garant\u00eda\" \/>\n<meta name=\"robots\" content=\"index, follow, max-snippet:-1, max-image-preview:large, max-video-preview:-1\" \/>\n<link rel=\"canonical\" href=\"https:\/\/compuviper.mx\/tienda\/producto\/hikvision-ids-2cd7a46g0-izhsyc-bala-ip-4-megapixel-lente-mot-2-8-a-12-mm-wdr-140-db-anticorrosin-darkfighter-ip67-ik10-50-mts-ir-exir-deteccin-facial-bsqueda-por-atributos-prot\/\" \/>\n<meta property=\"og:locale\" content=\"es_MX\" \/>\n<meta property=\"og:type\" content=\"article\" \/>\n<meta property=\"og:title\" content=\"[ Hikvision ] &#129351; Ids-2cd7a46g0-izhsy(c) Bala Ip 4 Megapixel \/ Lente Mot. 2.8 A 12 Mm \/ Wdr 140 Db \/ Anticorrosin \/ Darkfighter \/ Ip67 \/ Ik10 \/ 50 Mts Ir Exir \/ Deteccin Facial \/ Bsqueda Por Atributos \/ Proteccin Perimetral \/\" \/>\n<meta property=\"og:description\" content=\"Compra Ids-2cd7a46g0-izhsy(c) Bala Ip 4 Megapixel \/ Lente Mot. 2.8 A 12 Mm \/ Wdr 140 Db \/ Anticorrosin \/ Darkfighter \/ Ip67 \/ Ik10 \/ 50 Mts Ir Exir \/ Deteccin Facial \/ Bsqueda Por Atributos \/ Proteccin Perimetral \/ + Env\u00edo a domicilio + Pago seguro + Garant\u00eda\" \/>\n<meta property=\"og:url\" content=\"https:\/\/compuviper.mx\/tienda\/producto\/hikvision-ids-2cd7a46g0-izhsyc-bala-ip-4-megapixel-lente-mot-2-8-a-12-mm-wdr-140-db-anticorrosin-darkfighter-ip67-ik10-50-mts-ir-exir-deteccin-facial-bsqueda-por-atributos-prot\/\" \/>\n<meta property=\"og:site_name\" content=\"Compuviper\" \/>\n<meta property=\"article:publisher\" content=\"https:\/\/www.facebook.com\/compuviper\" \/>\n<meta property=\"og:image\" content=\"https:\/\/compuviper.mx\/tienda\/wp-content\/uploads\/2025\/10\/Bala-ip-4-megapixel-hikvision-lente-mot.-2.8-a-12-mm-wdr-140-db-anticorrosin-darkfighter-ip67-ik10-50-mts-ir-exir-deteccin-facial-bsqueda-por-atributos-proteccin-perimetral.jpg\" \/>\n\t<meta property=\"og:image:width\" content=\"200\" \/>\n\t<meta property=\"og:image:height\" content=\"200\" \/>\n\t<meta property=\"og:image:type\" content=\"image\/jpeg\" \/>\n<meta name=\"twitter:card\" content=\"summary_large_image\" \/>\n<meta name=\"twitter:label1\" content=\"Precio\" \/>\n\t<meta name=\"twitter:data1\" content=\"&#36;13,706 con IVA\" \/>\n\t<meta name=\"twitter:label2\" content=\"Availability\" \/>\n\t<meta name=\"twitter:data2\" content=\"On backorder\" \/>\n<script type=\"application\/ld+json\" class=\"yoast-schema-graph\">{\"@context\":\"https:\/\/schema.org\",\"@graph\":[{\"@type\":\"WebPage\",\"@id\":\"https:\/\/compuviper.mx\/tienda\/producto\/hikvision-ids-2cd7a46g0-izhsyc-bala-ip-4-megapixel-lente-mot-2-8-a-12-mm-wdr-140-db-anticorrosin-darkfighter-ip67-ik10-50-mts-ir-exir-deteccin-facial-bsqueda-por-atributos-prot\/\",\"url\":\"https:\/\/compuviper.mx\/tienda\/producto\/hikvision-ids-2cd7a46g0-izhsyc-bala-ip-4-megapixel-lente-mot-2-8-a-12-mm-wdr-140-db-anticorrosin-darkfighter-ip67-ik10-50-mts-ir-exir-deteccin-facial-bsqueda-por-atributos-prot\/\",\"name\":\"[ Hikvision ] &#129351; Ids-2cd7a46g0-izhsy(c) Bala Ip 4 Megapixel \/ Lente Mot. 2.8 A 12 Mm \/ Wdr 140 Db \/ Anticorrosin \/ Darkfighter \/ Ip67 \/ Ik10 \/ 50 Mts Ir Exir \/ Deteccin Facial \/ Bsqueda Por Atributos \/ Proteccin Perimetral \/\",\"isPartOf\":{\"@id\":\"https:\/\/compuviper.mx\/tienda\/#website\"},\"datePublished\":\"2026-04-23T06:15:37+00:00\",\"dateModified\":\"2026-04-23T06:15:37+00:00\",\"description\":\"Compra Ids-2cd7a46g0-izhsy(c) Bala Ip 4 Megapixel \/ Lente Mot. 2.8 A 12 Mm \/ Wdr 140 Db \/ Anticorrosin \/ Darkfighter \/ Ip67 \/ Ik10 \/ 50 Mts Ir Exir \/ Deteccin Facial \/ Bsqueda Por Atributos \/ Proteccin Perimetral \/ + Env\u00edo a domicilio + Pago seguro + Garant\u00eda\",\"breadcrumb\":{\"@id\":\"https:\/\/compuviper.mx\/tienda\/producto\/hikvision-ids-2cd7a46g0-izhsyc-bala-ip-4-megapixel-lente-mot-2-8-a-12-mm-wdr-140-db-anticorrosin-darkfighter-ip67-ik10-50-mts-ir-exir-deteccin-facial-bsqueda-por-atributos-prot\/#breadcrumb\"},\"inLanguage\":\"es-MX\",\"potentialAction\":[{\"@type\":\"ReadAction\",\"target\":[\"https:\/\/compuviper.mx\/tienda\/producto\/hikvision-ids-2cd7a46g0-izhsyc-bala-ip-4-megapixel-lente-mot-2-8-a-12-mm-wdr-140-db-anticorrosin-darkfighter-ip67-ik10-50-mts-ir-exir-deteccin-facial-bsqueda-por-atributos-prot\/\"]}]},{\"@type\":\"BreadcrumbList\",\"@id\":\"https:\/\/compuviper.mx\/tienda\/producto\/hikvision-ids-2cd7a46g0-izhsyc-bala-ip-4-megapixel-lente-mot-2-8-a-12-mm-wdr-140-db-anticorrosin-darkfighter-ip67-ik10-50-mts-ir-exir-deteccin-facial-bsqueda-por-atributos-prot\/#breadcrumb\",\"itemListElement\":[{\"@type\":\"ListItem\",\"position\":1,\"name\":\"Inicio\",\"item\":\"https:\/\/compuviper.mx\/tienda\/\"},{\"@type\":\"ListItem\",\"position\":2,\"name\":\"Productos\",\"item\":\"https:\/\/compuviper.mx\/tienda\/productos\/\"},{\"@type\":\"ListItem\",\"position\":3,\"name\":\"Camaras\",\"item\":\"https:\/\/compuviper.mx\/tienda\/categoria-producto\/camaras-2\/\"},{\"@type\":\"ListItem\",\"position\":4,\"name\":\"Camara De Videovigilancia\",\"item\":\"https:\/\/compuviper.mx\/tienda\/categoria-producto\/camaras-2\/camara-de-videovigilancia\/\"},{\"@type\":\"ListItem\",\"position\":5,\"name\":\"Hikvision Ids-2cd7a46g0-izhsy(c) Bala Ip 4 Megapixel \/ Lente Mot. 2.8 A 12 Mm \/ Wdr 140 Db \/ Anticorrosin \/ Darkfighter \/ Ip67 \/ Ik10 \/ 50 Mts Ir Exir \/ Deteccin Facial \/ Bsqueda Por Atributos \/ Proteccin Perimetral \/\"}]},{\"@type\":\"WebSite\",\"@id\":\"https:\/\/compuviper.mx\/tienda\/#website\",\"url\":\"https:\/\/compuviper.mx\/tienda\/\",\"name\":\"Compuviper\",\"description\":\"Proveedor de Computadoras, Laptops, Servidores, Monitores, Puntos de Venta, Teclados,   Impresoras, T\u00f3ner, C\u00e1maras de Seguridad y m\u00e1s en tu tienda en l\u00ednea\",\"publisher\":{\"@id\":\"https:\/\/compuviper.mx\/tienda\/#organization\"},\"potentialAction\":[{\"@type\":\"SearchAction\",\"target\":{\"@type\":\"EntryPoint\",\"urlTemplate\":\"https:\/\/compuviper.mx\/tienda\/?s={search_term_string}\"},\"query-input\":\"required name=search_term_string\"}],\"inLanguage\":\"es-MX\"},{\"@type\":\"Organization\",\"@id\":\"https:\/\/compuviper.mx\/tienda\/#organization\",\"name\":\"Compuviper\",\"url\":\"https:\/\/compuviper.mx\/tienda\/\",\"logo\":{\"@type\":\"ImageObject\",\"inLanguage\":\"es-MX\",\"@id\":\"https:\/\/compuviper.mx\/tienda\/#\/schema\/logo\/image\/\",\"url\":\"https:\/\/compuviper.mx\/tienda\/wp-content\/uploads\/2021\/08\/Logo-Compuviper-10.png\",\"contentUrl\":\"https:\/\/compuviper.mx\/tienda\/wp-content\/uploads\/2021\/08\/Logo-Compuviper-10.png\",\"width\":1000,\"height\":500,\"caption\":\"Compuviper\"},\"image\":{\"@id\":\"https:\/\/compuviper.mx\/tienda\/#\/schema\/logo\/image\/\"},\"sameAs\":[\"https:\/\/www.facebook.com\/compuviper\",\"https:\/\/www.youtube.com\/channel\/UCf73dERp9Y3cfOq7q8BhLjA?view_as=subscriber\"]}]}<\/script>\n<meta property=\"product:brand\" content=\"HIKVISION\" \/>\n<meta property=\"product:price:amount\" content=\"13706\" \/>\n<meta property=\"product:price:currency\" content=\"MXN\" \/>\n<meta property=\"og:availability\" content=\"backorder\" \/>\n<meta property=\"product:availability\" content=\"available for order\" \/>\n<meta property=\"product:retailer_item_id\" content=\"IDS-2CD7A46G0-IZHSY(C)\" \/>\n<meta property=\"product:condition\" content=\"new\" \/>\n<!-- \/ Yoast SEO plugin. -->","yoast_head_json":{"title":"[ Hikvision ] &#129351; Ids-2cd7a46g0-izhsy(c) Bala Ip 4 Megapixel \/ Lente Mot. 2.8 A 12 Mm \/ Wdr 140 Db \/ Anticorrosin \/ Darkfighter \/ Ip67 \/ Ik10 \/ 50 Mts Ir Exir \/ Deteccin Facial \/ Bsqueda Por Atributos \/ Proteccin Perimetral \/","description":"Compra Ids-2cd7a46g0-izhsy(c) Bala Ip 4 Megapixel \/ Lente Mot. 2.8 A 12 Mm \/ Wdr 140 Db \/ Anticorrosin \/ Darkfighter \/ Ip67 \/ Ik10 \/ 50 Mts Ir Exir \/ Deteccin Facial \/ Bsqueda Por Atributos \/ Proteccin Perimetral \/ + Env\u00edo a domicilio + Pago seguro + Garant\u00eda","robots":{"index":"index","follow":"follow","max-snippet":"max-snippet:-1","max-image-preview":"max-image-preview:large","max-video-preview":"max-video-preview:-1"},"canonical":"https:\/\/compuviper.mx\/tienda\/producto\/hikvision-ids-2cd7a46g0-izhsyc-bala-ip-4-megapixel-lente-mot-2-8-a-12-mm-wdr-140-db-anticorrosin-darkfighter-ip67-ik10-50-mts-ir-exir-deteccin-facial-bsqueda-por-atributos-prot\/","og_locale":"es_MX","og_type":"article","og_title":"[ Hikvision ] &#129351; Ids-2cd7a46g0-izhsy(c) Bala Ip 4 Megapixel \/ Lente Mot. 2.8 A 12 Mm \/ Wdr 140 Db \/ Anticorrosin \/ Darkfighter \/ Ip67 \/ Ik10 \/ 50 Mts Ir Exir \/ Deteccin Facial \/ Bsqueda Por Atributos \/ Proteccin Perimetral \/","og_description":"Compra Ids-2cd7a46g0-izhsy(c) Bala Ip 4 Megapixel \/ Lente Mot. 2.8 A 12 Mm \/ Wdr 140 Db \/ Anticorrosin \/ Darkfighter \/ Ip67 \/ Ik10 \/ 50 Mts Ir Exir \/ Deteccin Facial \/ Bsqueda Por Atributos \/ Proteccin Perimetral \/ + Env\u00edo a domicilio + Pago seguro + Garant\u00eda","og_url":"https:\/\/compuviper.mx\/tienda\/producto\/hikvision-ids-2cd7a46g0-izhsyc-bala-ip-4-megapixel-lente-mot-2-8-a-12-mm-wdr-140-db-anticorrosin-darkfighter-ip67-ik10-50-mts-ir-exir-deteccin-facial-bsqueda-por-atributos-prot\/","og_site_name":"Compuviper","article_publisher":"https:\/\/www.facebook.com\/compuviper","og_image":[{"width":200,"height":200,"url":"https:\/\/compuviper.mx\/tienda\/wp-content\/uploads\/2025\/10\/Bala-ip-4-megapixel-hikvision-lente-mot.-2.8-a-12-mm-wdr-140-db-anticorrosin-darkfighter-ip67-ik10-50-mts-ir-exir-deteccin-facial-bsqueda-por-atributos-proteccin-perimetral.jpg","type":"image\/jpeg"}],"twitter_card":"summary_large_image","twitter_misc":{"Precio":"&#36;13,706 con IVA","Availability":"On backorder"},"schema":{"@context":"https:\/\/schema.org","@graph":[{"@type":"WebPage","@id":"https:\/\/compuviper.mx\/tienda\/producto\/hikvision-ids-2cd7a46g0-izhsyc-bala-ip-4-megapixel-lente-mot-2-8-a-12-mm-wdr-140-db-anticorrosin-darkfighter-ip67-ik10-50-mts-ir-exir-deteccin-facial-bsqueda-por-atributos-prot\/","url":"https:\/\/compuviper.mx\/tienda\/producto\/hikvision-ids-2cd7a46g0-izhsyc-bala-ip-4-megapixel-lente-mot-2-8-a-12-mm-wdr-140-db-anticorrosin-darkfighter-ip67-ik10-50-mts-ir-exir-deteccin-facial-bsqueda-por-atributos-prot\/","name":"[ Hikvision ] &#129351; Ids-2cd7a46g0-izhsy(c) Bala Ip 4 Megapixel \/ Lente Mot. 2.8 A 12 Mm \/ Wdr 140 Db \/ Anticorrosin \/ Darkfighter \/ Ip67 \/ Ik10 \/ 50 Mts Ir Exir \/ Deteccin Facial \/ Bsqueda Por Atributos \/ Proteccin Perimetral \/","isPartOf":{"@id":"https:\/\/compuviper.mx\/tienda\/#website"},"datePublished":"2026-04-23T06:15:37+00:00","dateModified":"2026-04-23T06:15:37+00:00","description":"Compra Ids-2cd7a46g0-izhsy(c) Bala Ip 4 Megapixel \/ Lente Mot. 2.8 A 12 Mm \/ Wdr 140 Db \/ Anticorrosin \/ Darkfighter \/ Ip67 \/ Ik10 \/ 50 Mts Ir Exir \/ Deteccin Facial \/ Bsqueda Por Atributos \/ Proteccin Perimetral \/ + Env\u00edo a domicilio + Pago seguro + Garant\u00eda","breadcrumb":{"@id":"https:\/\/compuviper.mx\/tienda\/producto\/hikvision-ids-2cd7a46g0-izhsyc-bala-ip-4-megapixel-lente-mot-2-8-a-12-mm-wdr-140-db-anticorrosin-darkfighter-ip67-ik10-50-mts-ir-exir-deteccin-facial-bsqueda-por-atributos-prot\/#breadcrumb"},"inLanguage":"es-MX","potentialAction":[{"@type":"ReadAction","target":["https:\/\/compuviper.mx\/tienda\/producto\/hikvision-ids-2cd7a46g0-izhsyc-bala-ip-4-megapixel-lente-mot-2-8-a-12-mm-wdr-140-db-anticorrosin-darkfighter-ip67-ik10-50-mts-ir-exir-deteccin-facial-bsqueda-por-atributos-prot\/"]}]},{"@type":"BreadcrumbList","@id":"https:\/\/compuviper.mx\/tienda\/producto\/hikvision-ids-2cd7a46g0-izhsyc-bala-ip-4-megapixel-lente-mot-2-8-a-12-mm-wdr-140-db-anticorrosin-darkfighter-ip67-ik10-50-mts-ir-exir-deteccin-facial-bsqueda-por-atributos-prot\/#breadcrumb","itemListElement":[{"@type":"ListItem","position":1,"name":"Inicio","item":"https:\/\/compuviper.mx\/tienda\/"},{"@type":"ListItem","position":2,"name":"Productos","item":"https:\/\/compuviper.mx\/tienda\/productos\/"},{"@type":"ListItem","position":3,"name":"Camaras","item":"https:\/\/compuviper.mx\/tienda\/categoria-producto\/camaras-2\/"},{"@type":"ListItem","position":4,"name":"Camara De Videovigilancia","item":"https:\/\/compuviper.mx\/tienda\/categoria-producto\/camaras-2\/camara-de-videovigilancia\/"},{"@type":"ListItem","position":5,"name":"Hikvision Ids-2cd7a46g0-izhsy(c) Bala Ip 4 Megapixel \/ Lente Mot. 2.8 A 12 Mm \/ Wdr 140 Db \/ Anticorrosin \/ Darkfighter \/ Ip67 \/ Ik10 \/ 50 Mts Ir Exir \/ Deteccin Facial \/ Bsqueda Por Atributos \/ Proteccin Perimetral \/"}]},{"@type":"WebSite","@id":"https:\/\/compuviper.mx\/tienda\/#website","url":"https:\/\/compuviper.mx\/tienda\/","name":"Compuviper","description":"Proveedor de Computadoras, Laptops, Servidores, Monitores, Puntos de Venta, Teclados,   Impresoras, T\u00f3ner, C\u00e1maras de Seguridad y m\u00e1s en tu tienda en l\u00ednea","publisher":{"@id":"https:\/\/compuviper.mx\/tienda\/#organization"},"potentialAction":[{"@type":"SearchAction","target":{"@type":"EntryPoint","urlTemplate":"https:\/\/compuviper.mx\/tienda\/?s={search_term_string}"},"query-input":"required name=search_term_string"}],"inLanguage":"es-MX"},{"@type":"Organization","@id":"https:\/\/compuviper.mx\/tienda\/#organization","name":"Compuviper","url":"https:\/\/compuviper.mx\/tienda\/","logo":{"@type":"ImageObject","inLanguage":"es-MX","@id":"https:\/\/compuviper.mx\/tienda\/#\/schema\/logo\/image\/","url":"https:\/\/compuviper.mx\/tienda\/wp-content\/uploads\/2021\/08\/Logo-Compuviper-10.png","contentUrl":"https:\/\/compuviper.mx\/tienda\/wp-content\/uploads\/2021\/08\/Logo-Compuviper-10.png","width":1000,"height":500,"caption":"Compuviper"},"image":{"@id":"https:\/\/compuviper.mx\/tienda\/#\/schema\/logo\/image\/"},"sameAs":["https:\/\/www.facebook.com\/compuviper","https:\/\/www.youtube.com\/channel\/UCf73dERp9Y3cfOq7q8BhLjA?view_as=subscriber"]}]},"product_brand":"HIKVISION","product_price_amount":"13706","product_price_currency":"MXN","og_availability":"backorder","product_availability":"available for order","product_retailer_item_id":"IDS-2CD7A46G0-IZHSY(C)","product_condition":"new"},"_links":{"self":[{"href":"https:\/\/compuviper.mx\/tienda\/wp-json\/wp\/v2\/product\/253388"}],"collection":[{"href":"https:\/\/compuviper.mx\/tienda\/wp-json\/wp\/v2\/product"}],"about":[{"href":"https:\/\/compuviper.mx\/tienda\/wp-json\/wp\/v2\/types\/product"}],"replies":[{"embeddable":true,"href":"https:\/\/compuviper.mx\/tienda\/wp-json\/wp\/v2\/comments?post=253388"}],"wp:featuredmedia":[{"embeddable":true,"href":"https:\/\/compuviper.mx\/tienda\/wp-json\/wp\/v2\/media\/259428"}],"wp:attachment":[{"href":"https:\/\/compuviper.mx\/tienda\/wp-json\/wp\/v2\/media?parent=253388"}],"wp:term":[{"taxonomy":"product_cat","embeddable":true,"href":"https:\/\/compuviper.mx\/tienda\/wp-json\/wp\/v2\/product_cat?post=253388"},{"taxonomy":"product_tag","embeddable":true,"href":"https:\/\/compuviper.mx\/tienda\/wp-json\/wp\/v2\/product_tag?post=253388"}],"curies":[{"name":"wp","href":"https:\/\/api.w.org\/{rel}","templated":true}]}}