{"id":253382,"date":"2026-04-18T01:14:49","date_gmt":"2026-04-18T07:14:49","guid":{"rendered":"https:\/\/compuviper.mx\/tienda\/producto\/hewlett-packard-enterprise-s0u51a-sensor-hpe-aruba-anw-uxi-6ghz-11ax-poe\/"},"modified":"2026-04-18T01:14:50","modified_gmt":"2026-04-18T07:14:50","slug":"hewlett-packard-enterprise-s0u51a-sensor-hpe-aruba-anw-uxi-6ghz-11ax-poe","status":"publish","type":"product","link":"https:\/\/compuviper.mx\/tienda\/producto\/hewlett-packard-enterprise-s0u51a-sensor-hpe-aruba-anw-uxi-6ghz-11ax-poe\/","title":{"rendered":"Hewlett Packard Enterprise S0u51a Sensor Hpe Aruba  Anw Uxi 6ghz 11ax Poe"},"content":{"rendered":"<table class=\"descripcion\">\n<tr>\n<td>Differentiator<\/td>\n<\/tr>\n<tr>\n<td>The sensor is equipped with dual radios for monitoring tri-band operation 2.4\/5\/6 ghz, and comes with differentiated features like<\/td>\n<\/tr>\n<tr>\n<td>Uxi wi-fi 6e sensor monitors wi-fi 6e and previous generation network environments.<\/td>\n<\/tr>\n<tr>\n<td>Off-band monitoring, client monitoring , and enhanced wi-fi environment analysis.<\/td>\n<\/tr>\n<tr>\n<td>The new sensor also displays snr, qbss, and client count.<\/td>\n<\/tr>\n<tr>\n<td>The off-band monitoring feature enables comparison of different bssids in an ssid, providing a detailed view about wi-fi environment.<\/td>\n<\/tr>\n<tr>\n<td>Input voltage<\/td>\n<\/tr>\n<tr>\n<td>802.3af power over ethernet (poe)<\/td>\n<\/tr>\n<tr>\n<td>Ac power adapter (r3t90a)<\/td>\n<\/tr>\n<tr>\n<td>Regulatory<\/td>\n<\/tr>\n<tr>\n<td>Low voltage directive 2014\/35\/eu<\/td>\n<\/tr>\n<tr>\n<td>Ul\/iec\/en 62368<\/td>\n<\/tr>\n<tr>\n<td>Fcc id: s0u51a: q9dasin0305<\/td>\n<\/tr>\n<tr>\n<td>Rmn (regulatory model number): ux-g6e rmn: asin0305<\/td>\n<\/tr>\n<tr>\n<td>Wi-fi antenna<\/td>\n<\/tr>\n<tr>\n<td>Dual radio 802.11a\/b\/g\/n\/ac\/ax 2.4 ghz, 5 ghz  and  6 ghz with two spatial streams<\/td>\n<\/tr>\n<tr>\n<td>Bluetooth low energy (ble5.1) radio<\/td>\n<\/tr>\n<tr>\n<td>Low power indoor (lpi) supported for 6ghz<\/td>\n<\/tr>\n<tr>\n<td>Connectivity, standard<\/td>\n<\/tr>\n<tr>\n<td>Dual radio 802.11a\/b\/g\/n\/ac\/ax 2.4ghz, 5ghz  and  6ghz with two spatial streams<\/td>\n<\/tr>\n<tr>\n<td>Gigabit ethernet 10\/100\/1,000<\/td>\n<\/tr>\n<tr>\n<td>Bluetooth low energy (ble5.1) radio<\/td>\n<\/tr>\n<tr>\n<td>Ports<\/td>\n<\/tr>\n<tr>\n<td>10\/100\/1000base-t, rj-45<\/td>\n<\/tr>\n<tr>\n<td>Mounting<\/td>\n<\/tr>\n<tr>\n<td>Mount must be drilled on<\/td>\n<\/tr>\n<tr>\n<td>Power consumption<\/td>\n<\/tr>\n<tr>\n<td>12w<\/td>\n<\/tr>\n<tr>\n<td>Warranty<\/td>\n<\/tr>\n<tr>\n<td>1-year replacement warranty with 10-day shipment. see the warranty duration.<\/td>\n<\/tr>\n<tr>\n<td>Notes:<\/td>\n<\/tr>\n<tr>\n<td>Software support included with subscription<\/td>\n<\/tr>\n<tr>\n<td>Hardware support through foundational care<\/td>\n<\/tr>\n<tr>\n<td>Product dimensions (imperial)<\/td>\n<\/tr>\n<tr>\n<td>2.3 x 4 x 10.4 in<\/td>\n<\/tr>\n<tr>\n<td>Weight<\/td>\n<\/tr>\n<tr>\n<td>1.5 lb<\/td>\n<\/tr>\n<\/table>\n","protected":false},"excerpt":{"rendered":"<p>Hpe aruba networking user experience insight 6ghz 11ax poe powered sensor without psu (s0u51a. Hpe aruba networking user experience insight uxi es una solucin de supervisin de la experiencia digital que valida el estado de la red, el rendimiento de las aplicaciones y soluciona los problemas que afectan a la experiencia diaria del usuario. Proporciona observabilidad las 24 horas del da, los 7 das de la semana en el rendimiento de la red y las aplicaciones desde una perspectiva perifrica, lo que permite a las organizaciones utilizar una solucin inteligente de garanta de red para comprender el estado de la red y el rendimiento de las aplicaciones y mitigar los problemas de conectividad antes de que afecten a los usuarios finales y afecten la productividad en el lugar de trabajo. Ideal para entornos de campus y sucursales, hpe aruba networking uxi se compone de sensores de hardware, agentes y panel de control alojado en la nube. Los sensores se despliegan cerca de los usuarios finales y los agentes se instalan en los dispositivos de los usuarios finales, estos sensores y agentes ejecutan pruebas sintticas para proporcionar un anlisis de datos enriquecido en redes, aplicaciones y dispositivos de usuario.<\/p>\n","protected":false},"featured_media":260189,"comment_status":"open","ping_status":"open","template":"","meta":[],"product_cat":[1563,2070],"product_tag":[1568],"acf":[],"yoast_head":"<!-- This site is optimized with the Yoast SEO plugin v21.7 - https:\/\/yoast.com\/wordpress\/plugins\/seo\/ -->\n<title>[ Hewlett Packard Enterprise ] &#129351; S0u51a Sensor Hpe Aruba Anw Uxi 6ghz 11ax Poe<\/title>\n<meta name=\"description\" content=\"Compra S0u51a Sensor Hpe Aruba Anw Uxi 6ghz 11ax Poe + Env\u00edo a domicilio + Pago seguro + Garant\u00eda\" \/>\n<meta name=\"robots\" content=\"index, follow, max-snippet:-1, max-image-preview:large, max-video-preview:-1\" \/>\n<link rel=\"canonical\" href=\"https:\/\/compuviper.mx\/tienda\/producto\/hewlett-packard-enterprise-s0u51a-sensor-hpe-aruba-anw-uxi-6ghz-11ax-poe\/\" \/>\n<meta property=\"og:locale\" content=\"es_MX\" \/>\n<meta property=\"og:type\" content=\"article\" \/>\n<meta property=\"og:title\" content=\"[ Hewlett Packard Enterprise ] &#129351; S0u51a Sensor Hpe Aruba Anw Uxi 6ghz 11ax Poe\" \/>\n<meta property=\"og:description\" content=\"Compra S0u51a Sensor Hpe Aruba Anw Uxi 6ghz 11ax Poe + Env\u00edo a domicilio + Pago seguro + Garant\u00eda\" \/>\n<meta property=\"og:url\" content=\"https:\/\/compuviper.mx\/tienda\/producto\/hewlett-packard-enterprise-s0u51a-sensor-hpe-aruba-anw-uxi-6ghz-11ax-poe\/\" \/>\n<meta property=\"og:site_name\" content=\"Compuviper\" \/>\n<meta property=\"article:publisher\" content=\"https:\/\/www.facebook.com\/compuviper\" \/>\n<meta property=\"article:modified_time\" content=\"2026-04-18T07:14:50+00:00\" \/>\n<meta property=\"og:image\" content=\"https:\/\/compuviper.mx\/tienda\/wp-content\/uploads\/2025\/10\/Sensor-hpe-aruba-s0u51a-anw-uxi-6ghz-11ax-poe.jpg\" \/>\n\t<meta property=\"og:image:width\" content=\"200\" \/>\n\t<meta property=\"og:image:height\" content=\"200\" \/>\n\t<meta property=\"og:image:type\" content=\"image\/jpeg\" \/>\n<meta name=\"twitter:card\" content=\"summary_large_image\" \/>\n<meta name=\"twitter:label1\" content=\"Precio\" \/>\n\t<meta name=\"twitter:data1\" content=\"&#36;10,828 con IVA\" \/>\n\t<meta name=\"twitter:label2\" content=\"Availability\" \/>\n\t<meta name=\"twitter:data2\" content=\"On backorder\" \/>\n<script type=\"application\/ld+json\" class=\"yoast-schema-graph\">{\"@context\":\"https:\/\/schema.org\",\"@graph\":[{\"@type\":\"WebPage\",\"@id\":\"https:\/\/compuviper.mx\/tienda\/producto\/hewlett-packard-enterprise-s0u51a-sensor-hpe-aruba-anw-uxi-6ghz-11ax-poe\/\",\"url\":\"https:\/\/compuviper.mx\/tienda\/producto\/hewlett-packard-enterprise-s0u51a-sensor-hpe-aruba-anw-uxi-6ghz-11ax-poe\/\",\"name\":\"[ Hewlett Packard Enterprise ] &#129351; S0u51a Sensor Hpe Aruba Anw Uxi 6ghz 11ax Poe\",\"isPartOf\":{\"@id\":\"https:\/\/compuviper.mx\/tienda\/#website\"},\"datePublished\":\"2026-04-18T07:14:49+00:00\",\"dateModified\":\"2026-04-18T07:14:50+00:00\",\"description\":\"Compra S0u51a Sensor Hpe Aruba Anw Uxi 6ghz 11ax Poe + Env\u00edo a domicilio + Pago seguro + Garant\u00eda\",\"breadcrumb\":{\"@id\":\"https:\/\/compuviper.mx\/tienda\/producto\/hewlett-packard-enterprise-s0u51a-sensor-hpe-aruba-anw-uxi-6ghz-11ax-poe\/#breadcrumb\"},\"inLanguage\":\"es-MX\",\"potentialAction\":[{\"@type\":\"ReadAction\",\"target\":[\"https:\/\/compuviper.mx\/tienda\/producto\/hewlett-packard-enterprise-s0u51a-sensor-hpe-aruba-anw-uxi-6ghz-11ax-poe\/\"]}]},{\"@type\":\"BreadcrumbList\",\"@id\":\"https:\/\/compuviper.mx\/tienda\/producto\/hewlett-packard-enterprise-s0u51a-sensor-hpe-aruba-anw-uxi-6ghz-11ax-poe\/#breadcrumb\",\"itemListElement\":[{\"@type\":\"ListItem\",\"position\":1,\"name\":\"Inicio\",\"item\":\"https:\/\/compuviper.mx\/tienda\/\"},{\"@type\":\"ListItem\",\"position\":2,\"name\":\"Productos\",\"item\":\"https:\/\/compuviper.mx\/tienda\/productos\/\"},{\"@type\":\"ListItem\",\"position\":3,\"name\":\"Redes\",\"item\":\"https:\/\/compuviper.mx\/tienda\/categoria-producto\/redes\/\"},{\"@type\":\"ListItem\",\"position\":4,\"name\":\"Monitoreo\",\"item\":\"https:\/\/compuviper.mx\/tienda\/categoria-producto\/redes\/monitoreo\/\"},{\"@type\":\"ListItem\",\"position\":5,\"name\":\"Hewlett Packard Enterprise S0u51a Sensor Hpe Aruba Anw Uxi 6ghz 11ax Poe\"}]},{\"@type\":\"WebSite\",\"@id\":\"https:\/\/compuviper.mx\/tienda\/#website\",\"url\":\"https:\/\/compuviper.mx\/tienda\/\",\"name\":\"Compuviper\",\"description\":\"Proveedor de Computadoras, Laptops, Servidores, Monitores, Puntos de Venta, Teclados,   Impresoras, T\u00f3ner, C\u00e1maras de Seguridad y m\u00e1s en tu tienda en l\u00ednea\",\"publisher\":{\"@id\":\"https:\/\/compuviper.mx\/tienda\/#organization\"},\"potentialAction\":[{\"@type\":\"SearchAction\",\"target\":{\"@type\":\"EntryPoint\",\"urlTemplate\":\"https:\/\/compuviper.mx\/tienda\/?s={search_term_string}\"},\"query-input\":\"required name=search_term_string\"}],\"inLanguage\":\"es-MX\"},{\"@type\":\"Organization\",\"@id\":\"https:\/\/compuviper.mx\/tienda\/#organization\",\"name\":\"Compuviper\",\"url\":\"https:\/\/compuviper.mx\/tienda\/\",\"logo\":{\"@type\":\"ImageObject\",\"inLanguage\":\"es-MX\",\"@id\":\"https:\/\/compuviper.mx\/tienda\/#\/schema\/logo\/image\/\",\"url\":\"https:\/\/compuviper.mx\/tienda\/wp-content\/uploads\/2021\/08\/Logo-Compuviper-10.png\",\"contentUrl\":\"https:\/\/compuviper.mx\/tienda\/wp-content\/uploads\/2021\/08\/Logo-Compuviper-10.png\",\"width\":1000,\"height\":500,\"caption\":\"Compuviper\"},\"image\":{\"@id\":\"https:\/\/compuviper.mx\/tienda\/#\/schema\/logo\/image\/\"},\"sameAs\":[\"https:\/\/www.facebook.com\/compuviper\",\"https:\/\/www.youtube.com\/channel\/UCf73dERp9Y3cfOq7q8BhLjA?view_as=subscriber\"]}]}<\/script>\n<meta property=\"product:brand\" content=\"HEWLETT PACKARD ENTERPRISE\" \/>\n<meta property=\"product:price:amount\" content=\"10828\" \/>\n<meta property=\"product:price:currency\" content=\"MXN\" \/>\n<meta property=\"og:availability\" content=\"backorder\" \/>\n<meta property=\"product:availability\" content=\"available for order\" \/>\n<meta property=\"product:retailer_item_id\" content=\"S0U51A\" \/>\n<meta property=\"product:condition\" content=\"new\" \/>\n<!-- \/ Yoast SEO plugin. -->","yoast_head_json":{"title":"[ Hewlett Packard Enterprise ] &#129351; S0u51a Sensor Hpe Aruba Anw Uxi 6ghz 11ax Poe","description":"Compra S0u51a Sensor Hpe Aruba Anw Uxi 6ghz 11ax Poe + Env\u00edo a domicilio + Pago seguro + Garant\u00eda","robots":{"index":"index","follow":"follow","max-snippet":"max-snippet:-1","max-image-preview":"max-image-preview:large","max-video-preview":"max-video-preview:-1"},"canonical":"https:\/\/compuviper.mx\/tienda\/producto\/hewlett-packard-enterprise-s0u51a-sensor-hpe-aruba-anw-uxi-6ghz-11ax-poe\/","og_locale":"es_MX","og_type":"article","og_title":"[ Hewlett Packard Enterprise ] &#129351; S0u51a Sensor Hpe Aruba Anw Uxi 6ghz 11ax Poe","og_description":"Compra S0u51a Sensor Hpe Aruba Anw Uxi 6ghz 11ax Poe + Env\u00edo a domicilio + Pago seguro + Garant\u00eda","og_url":"https:\/\/compuviper.mx\/tienda\/producto\/hewlett-packard-enterprise-s0u51a-sensor-hpe-aruba-anw-uxi-6ghz-11ax-poe\/","og_site_name":"Compuviper","article_publisher":"https:\/\/www.facebook.com\/compuviper","article_modified_time":"2026-04-18T07:14:50+00:00","og_image":[{"width":200,"height":200,"url":"https:\/\/compuviper.mx\/tienda\/wp-content\/uploads\/2025\/10\/Sensor-hpe-aruba-s0u51a-anw-uxi-6ghz-11ax-poe.jpg","type":"image\/jpeg"}],"twitter_card":"summary_large_image","twitter_misc":{"Precio":"&#36;10,828 con IVA","Availability":"On backorder"},"schema":{"@context":"https:\/\/schema.org","@graph":[{"@type":"WebPage","@id":"https:\/\/compuviper.mx\/tienda\/producto\/hewlett-packard-enterprise-s0u51a-sensor-hpe-aruba-anw-uxi-6ghz-11ax-poe\/","url":"https:\/\/compuviper.mx\/tienda\/producto\/hewlett-packard-enterprise-s0u51a-sensor-hpe-aruba-anw-uxi-6ghz-11ax-poe\/","name":"[ Hewlett Packard Enterprise ] &#129351; S0u51a Sensor Hpe Aruba Anw Uxi 6ghz 11ax Poe","isPartOf":{"@id":"https:\/\/compuviper.mx\/tienda\/#website"},"datePublished":"2026-04-18T07:14:49+00:00","dateModified":"2026-04-18T07:14:50+00:00","description":"Compra S0u51a Sensor Hpe Aruba Anw Uxi 6ghz 11ax Poe + Env\u00edo a domicilio + Pago seguro + Garant\u00eda","breadcrumb":{"@id":"https:\/\/compuviper.mx\/tienda\/producto\/hewlett-packard-enterprise-s0u51a-sensor-hpe-aruba-anw-uxi-6ghz-11ax-poe\/#breadcrumb"},"inLanguage":"es-MX","potentialAction":[{"@type":"ReadAction","target":["https:\/\/compuviper.mx\/tienda\/producto\/hewlett-packard-enterprise-s0u51a-sensor-hpe-aruba-anw-uxi-6ghz-11ax-poe\/"]}]},{"@type":"BreadcrumbList","@id":"https:\/\/compuviper.mx\/tienda\/producto\/hewlett-packard-enterprise-s0u51a-sensor-hpe-aruba-anw-uxi-6ghz-11ax-poe\/#breadcrumb","itemListElement":[{"@type":"ListItem","position":1,"name":"Inicio","item":"https:\/\/compuviper.mx\/tienda\/"},{"@type":"ListItem","position":2,"name":"Productos","item":"https:\/\/compuviper.mx\/tienda\/productos\/"},{"@type":"ListItem","position":3,"name":"Redes","item":"https:\/\/compuviper.mx\/tienda\/categoria-producto\/redes\/"},{"@type":"ListItem","position":4,"name":"Monitoreo","item":"https:\/\/compuviper.mx\/tienda\/categoria-producto\/redes\/monitoreo\/"},{"@type":"ListItem","position":5,"name":"Hewlett Packard Enterprise S0u51a Sensor Hpe Aruba Anw Uxi 6ghz 11ax Poe"}]},{"@type":"WebSite","@id":"https:\/\/compuviper.mx\/tienda\/#website","url":"https:\/\/compuviper.mx\/tienda\/","name":"Compuviper","description":"Proveedor de Computadoras, Laptops, Servidores, Monitores, Puntos de Venta, Teclados,   Impresoras, T\u00f3ner, C\u00e1maras de Seguridad y m\u00e1s en tu tienda en l\u00ednea","publisher":{"@id":"https:\/\/compuviper.mx\/tienda\/#organization"},"potentialAction":[{"@type":"SearchAction","target":{"@type":"EntryPoint","urlTemplate":"https:\/\/compuviper.mx\/tienda\/?s={search_term_string}"},"query-input":"required name=search_term_string"}],"inLanguage":"es-MX"},{"@type":"Organization","@id":"https:\/\/compuviper.mx\/tienda\/#organization","name":"Compuviper","url":"https:\/\/compuviper.mx\/tienda\/","logo":{"@type":"ImageObject","inLanguage":"es-MX","@id":"https:\/\/compuviper.mx\/tienda\/#\/schema\/logo\/image\/","url":"https:\/\/compuviper.mx\/tienda\/wp-content\/uploads\/2021\/08\/Logo-Compuviper-10.png","contentUrl":"https:\/\/compuviper.mx\/tienda\/wp-content\/uploads\/2021\/08\/Logo-Compuviper-10.png","width":1000,"height":500,"caption":"Compuviper"},"image":{"@id":"https:\/\/compuviper.mx\/tienda\/#\/schema\/logo\/image\/"},"sameAs":["https:\/\/www.facebook.com\/compuviper","https:\/\/www.youtube.com\/channel\/UCf73dERp9Y3cfOq7q8BhLjA?view_as=subscriber"]}]},"product_brand":"HEWLETT PACKARD ENTERPRISE","product_price_amount":"10828","product_price_currency":"MXN","og_availability":"backorder","product_availability":"available for order","product_retailer_item_id":"S0U51A","product_condition":"new"},"_links":{"self":[{"href":"https:\/\/compuviper.mx\/tienda\/wp-json\/wp\/v2\/product\/253382"}],"collection":[{"href":"https:\/\/compuviper.mx\/tienda\/wp-json\/wp\/v2\/product"}],"about":[{"href":"https:\/\/compuviper.mx\/tienda\/wp-json\/wp\/v2\/types\/product"}],"replies":[{"embeddable":true,"href":"https:\/\/compuviper.mx\/tienda\/wp-json\/wp\/v2\/comments?post=253382"}],"wp:featuredmedia":[{"embeddable":true,"href":"https:\/\/compuviper.mx\/tienda\/wp-json\/wp\/v2\/media\/260189"}],"wp:attachment":[{"href":"https:\/\/compuviper.mx\/tienda\/wp-json\/wp\/v2\/media?parent=253382"}],"wp:term":[{"taxonomy":"product_cat","embeddable":true,"href":"https:\/\/compuviper.mx\/tienda\/wp-json\/wp\/v2\/product_cat?post=253382"},{"taxonomy":"product_tag","embeddable":true,"href":"https:\/\/compuviper.mx\/tienda\/wp-json\/wp\/v2\/product_tag?post=253382"}],"curies":[{"name":"wp","href":"https:\/\/api.w.org\/{rel}","templated":true}]}}