{"id":253255,"date":"2026-04-02T00:38:44","date_gmt":"2026-04-02T06:38:44","guid":{"rendered":"https:\/\/compuviper.mx\/tienda\/producto\/seagate-stjr2000400-unidad-de-estado-solido-ssd-externo-expansion-de-almacenamiento-gaming-2tb-para-xbox-x-s\/"},"modified":"2026-04-02T00:38:44","modified_gmt":"2026-04-02T06:38:44","slug":"seagate-stjr2000400-tarjeta-de-expansion-externo-ssd-almacenamiento-gaming-2tb-para-xbox-x-s","status":"publish","type":"product","link":"https:\/\/compuviper.mx\/tienda\/producto\/seagate-stjr2000400-tarjeta-de-expansion-externo-ssd-almacenamiento-gaming-2tb-para-xbox-x-s\/","title":{"rendered":"Seagate Stjr2000400 Tarjeta De Expansion Externo Ssd  Almacenamiento Gaming 2tb Para Xbox X\/s"},"content":{"rendered":"<table class=\"descripcion\">\n<tr>\n<td>Especificaciones<\/td>\n<\/tr>\n<tr>\n<td>2 tb<\/td>\n<\/tr>\n<tr>\n<td>Modelo<\/td>\n<\/tr>\n<tr>\n<td>Stjr2000400<\/td>\n<\/tr>\n<tr>\n<td>C\u00f3digo upc<\/td>\n<\/tr>\n<tr>\n<td>763649170311<\/td>\n<\/tr>\n<tr>\n<td>C\u00f3digo ean<\/td>\n<\/tr>\n<tr>\n<td>8719706042550<\/td>\n<\/tr>\n<tr>\n<td>Rescue data recovery services para la recuperaci\u00f3n de datos<\/td>\n<\/tr>\n<tr>\n<td>3<\/td>\n<\/tr>\n<tr>\n<td>Garant\u00eda limitada (a\u00f1os)<\/td>\n<\/tr>\n<tr>\n<td>3<\/td>\n<\/tr>\n<tr>\n<td>Requisitos del sistema<\/td>\n<\/tr>\n<tr>\n<td>Xbox\u00ae series x o xbox series s<\/td>\n<\/tr>\n<tr>\n<td>Material incluido<\/td>\n<\/tr>\n<tr>\n<td>Tarjeta de expansi\u00f3n de almacenamiento de seagate\u00ae para xbox series x|s<\/td>\n<\/tr>\n<tr>\n<td>Cubierta protectora<\/td>\n<\/tr>\n<tr>\n<td>Gu\u00eda de inicio r\u00e1pido<\/td>\n<\/tr>\n<tr>\n<td>Dimensiones del producto<\/td>\n<\/tr>\n<tr>\n<td>Longitud (mm\/pulg.)7,8 mm\/0,307 pulg.<\/td>\n<\/tr>\n<tr>\n<td>Anchura (mm\/pulg.)31,6 mm\/1,244 pulg.<\/td>\n<\/tr>\n<tr>\n<td>Altura (mm\/pulg.)52,95 mm\/2,084 pulg.<\/td>\n<\/tr>\n<tr>\n<td>Peso (kg\/lb)0,03 kg\/0,066 lb<\/td>\n<\/tr>\n<tr>\n<td>Dimensiones del producto en caja<\/td>\n<\/tr>\n<tr>\n<td>Longitud (mm\/pulg.)50,8 mm\/2 pulg.<\/td>\n<\/tr>\n<tr>\n<td>Anchura (mm\/pulg.)76,2 mm\/3 pulg.<\/td>\n<\/tr>\n<tr>\n<td>Altura (mm\/pulg.)139,7 mm\/5,5 pulg.<\/td>\n<\/tr>\n<tr>\n<td>Peso (kg\/lb)0,073 kg\/0,1609 lb<\/td>\n<\/tr>\n<\/table>\n","protected":false},"excerpt":{"rendered":"<p>Aumente al instante la capacidad de la experiencia de juego m\u00e1s poderosa creada por xbox con la tarjeta de expansi\u00f3n de almacenamiento de seagate\u00ae para xbox series x|s. Al ser totalmente compatible con xbox\u00ae velocity architecture. Podr\u00e1 experimentar tiempos de carga m\u00e1s r\u00e1pidos y mundos m\u00e1s din\u00e1micos con un rendimiento mejorado<\/p>\n","protected":false},"featured_media":253256,"comment_status":"open","ping_status":"open","template":"","meta":[],"product_cat":[1703,1708],"product_tag":[1710],"acf":[],"yoast_head":"<!-- This site is optimized with the Yoast SEO plugin v21.7 - https:\/\/yoast.com\/wordpress\/plugins\/seo\/ -->\n<title>[ Seagate ] &#129351; Stjr2000400 Tarjeta De Expansion Externo Ssd Almacenamiento Gaming 2tb Para Xbox X\/s<\/title>\n<meta name=\"description\" content=\"Compra Stjr2000400 Tarjeta De Expansion Externo Ssd Almacenamiento Gaming 2tb Para Xbox X\/s + Env\u00edo a domicilio + Pago seguro + Garant\u00eda\" \/>\n<meta name=\"robots\" content=\"index, follow, max-snippet:-1, max-image-preview:large, max-video-preview:-1\" \/>\n<link rel=\"canonical\" href=\"https:\/\/compuviper.mx\/tienda\/producto\/seagate-stjr2000400-tarjeta-de-expansion-externo-ssd-almacenamiento-gaming-2tb-para-xbox-x-s\/\" \/>\n<meta property=\"og:locale\" content=\"es_MX\" \/>\n<meta property=\"og:type\" content=\"article\" \/>\n<meta property=\"og:title\" content=\"[ Seagate ] &#129351; Stjr2000400 Tarjeta De Expansion Externo Ssd Almacenamiento Gaming 2tb Para Xbox X\/s\" \/>\n<meta property=\"og:description\" content=\"Compra Stjr2000400 Tarjeta De Expansion Externo Ssd Almacenamiento Gaming 2tb Para Xbox X\/s + Env\u00edo a domicilio + Pago seguro + Garant\u00eda\" \/>\n<meta property=\"og:url\" content=\"https:\/\/compuviper.mx\/tienda\/producto\/seagate-stjr2000400-tarjeta-de-expansion-externo-ssd-almacenamiento-gaming-2tb-para-xbox-x-s\/\" \/>\n<meta property=\"og:site_name\" content=\"Compuviper\" \/>\n<meta property=\"article:publisher\" content=\"https:\/\/www.facebook.com\/compuviper\" \/>\n<meta property=\"og:image\" content=\"https:\/\/compuviper.mx\/tienda\/wp-content\/uploads\/2025\/06\/Unidad-de-estado-solido-ssd-externo-seagate-expansion-de-almacenamiento-gaming-2tb-para-xbox-xs.jpg\" \/>\n\t<meta property=\"og:image:width\" content=\"200\" \/>\n\t<meta property=\"og:image:height\" content=\"200\" \/>\n\t<meta property=\"og:image:type\" content=\"image\/jpeg\" \/>\n<meta name=\"twitter:card\" content=\"summary_large_image\" \/>\n<meta name=\"twitter:label1\" content=\"Precio\" \/>\n\t<meta name=\"twitter:data1\" content=\"&#36;4,546 &#36;4,449 con IVA\" \/>\n\t<meta name=\"twitter:label2\" content=\"Availability\" \/>\n\t<meta name=\"twitter:data2\" content=\"In stock\" \/>\n<script type=\"application\/ld+json\" class=\"yoast-schema-graph\">{\"@context\":\"https:\/\/schema.org\",\"@graph\":[{\"@type\":\"WebPage\",\"@id\":\"https:\/\/compuviper.mx\/tienda\/producto\/seagate-stjr2000400-tarjeta-de-expansion-externo-ssd-almacenamiento-gaming-2tb-para-xbox-x-s\/\",\"url\":\"https:\/\/compuviper.mx\/tienda\/producto\/seagate-stjr2000400-tarjeta-de-expansion-externo-ssd-almacenamiento-gaming-2tb-para-xbox-x-s\/\",\"name\":\"[ Seagate ] &#129351; Stjr2000400 Tarjeta De Expansion Externo Ssd Almacenamiento Gaming 2tb Para Xbox X\/s\",\"isPartOf\":{\"@id\":\"https:\/\/compuviper.mx\/tienda\/#website\"},\"datePublished\":\"2026-04-02T06:38:44+00:00\",\"dateModified\":\"2026-04-02T06:38:44+00:00\",\"description\":\"Compra Stjr2000400 Tarjeta De Expansion Externo Ssd Almacenamiento Gaming 2tb Para Xbox X\/s + Env\u00edo a domicilio + Pago seguro + Garant\u00eda\",\"breadcrumb\":{\"@id\":\"https:\/\/compuviper.mx\/tienda\/producto\/seagate-stjr2000400-tarjeta-de-expansion-externo-ssd-almacenamiento-gaming-2tb-para-xbox-x-s\/#breadcrumb\"},\"inLanguage\":\"es-MX\",\"potentialAction\":[{\"@type\":\"ReadAction\",\"target\":[\"https:\/\/compuviper.mx\/tienda\/producto\/seagate-stjr2000400-tarjeta-de-expansion-externo-ssd-almacenamiento-gaming-2tb-para-xbox-x-s\/\"]}]},{\"@type\":\"BreadcrumbList\",\"@id\":\"https:\/\/compuviper.mx\/tienda\/producto\/seagate-stjr2000400-tarjeta-de-expansion-externo-ssd-almacenamiento-gaming-2tb-para-xbox-x-s\/#breadcrumb\",\"itemListElement\":[{\"@type\":\"ListItem\",\"position\":1,\"name\":\"Inicio\",\"item\":\"https:\/\/compuviper.mx\/tienda\/\"},{\"@type\":\"ListItem\",\"position\":2,\"name\":\"Productos\",\"item\":\"https:\/\/compuviper.mx\/tienda\/productos\/\"},{\"@type\":\"ListItem\",\"position\":3,\"name\":\"Discos Duros\",\"item\":\"https:\/\/compuviper.mx\/tienda\/categoria-producto\/discos-duros\/\"},{\"@type\":\"ListItem\",\"position\":4,\"name\":\"Unidad De Estado Solido\",\"item\":\"https:\/\/compuviper.mx\/tienda\/categoria-producto\/discos-duros\/unidad-de-estado-solido\/\"},{\"@type\":\"ListItem\",\"position\":5,\"name\":\"Seagate Stjr2000400 Tarjeta De Expansion Externo Ssd Almacenamiento Gaming 2tb Para Xbox X\/s\"}]},{\"@type\":\"WebSite\",\"@id\":\"https:\/\/compuviper.mx\/tienda\/#website\",\"url\":\"https:\/\/compuviper.mx\/tienda\/\",\"name\":\"Compuviper\",\"description\":\"Proveedor de Computadoras, Laptops, Servidores, Monitores, Puntos de Venta, Teclados,   Impresoras, T\u00f3ner, C\u00e1maras de Seguridad y m\u00e1s en tu tienda en l\u00ednea\",\"publisher\":{\"@id\":\"https:\/\/compuviper.mx\/tienda\/#organization\"},\"potentialAction\":[{\"@type\":\"SearchAction\",\"target\":{\"@type\":\"EntryPoint\",\"urlTemplate\":\"https:\/\/compuviper.mx\/tienda\/?s={search_term_string}\"},\"query-input\":\"required name=search_term_string\"}],\"inLanguage\":\"es-MX\"},{\"@type\":\"Organization\",\"@id\":\"https:\/\/compuviper.mx\/tienda\/#organization\",\"name\":\"Compuviper\",\"url\":\"https:\/\/compuviper.mx\/tienda\/\",\"logo\":{\"@type\":\"ImageObject\",\"inLanguage\":\"es-MX\",\"@id\":\"https:\/\/compuviper.mx\/tienda\/#\/schema\/logo\/image\/\",\"url\":\"https:\/\/compuviper.mx\/tienda\/wp-content\/uploads\/2021\/08\/Logo-Compuviper-10.png\",\"contentUrl\":\"https:\/\/compuviper.mx\/tienda\/wp-content\/uploads\/2021\/08\/Logo-Compuviper-10.png\",\"width\":1000,\"height\":500,\"caption\":\"Compuviper\"},\"image\":{\"@id\":\"https:\/\/compuviper.mx\/tienda\/#\/schema\/logo\/image\/\"},\"sameAs\":[\"https:\/\/www.facebook.com\/compuviper\",\"https:\/\/www.youtube.com\/channel\/UCf73dERp9Y3cfOq7q8BhLjA?view_as=subscriber\"]}]}<\/script>\n<meta property=\"product:brand\" content=\"SEAGATE\" \/>\n<meta property=\"product:price:amount\" content=\"4449\" \/>\n<meta property=\"product:price:currency\" content=\"MXN\" \/>\n<meta property=\"og:availability\" content=\"instock\" \/>\n<meta property=\"product:availability\" content=\"instock\" \/>\n<meta property=\"product:retailer_item_id\" content=\"STJR2000400\" \/>\n<meta property=\"product:condition\" content=\"new\" \/>\n<!-- \/ Yoast SEO plugin. -->","yoast_head_json":{"title":"[ Seagate ] &#129351; Stjr2000400 Tarjeta De Expansion Externo Ssd Almacenamiento Gaming 2tb Para Xbox X\/s","description":"Compra Stjr2000400 Tarjeta De Expansion Externo Ssd Almacenamiento Gaming 2tb Para Xbox X\/s + Env\u00edo a domicilio + Pago seguro + Garant\u00eda","robots":{"index":"index","follow":"follow","max-snippet":"max-snippet:-1","max-image-preview":"max-image-preview:large","max-video-preview":"max-video-preview:-1"},"canonical":"https:\/\/compuviper.mx\/tienda\/producto\/seagate-stjr2000400-tarjeta-de-expansion-externo-ssd-almacenamiento-gaming-2tb-para-xbox-x-s\/","og_locale":"es_MX","og_type":"article","og_title":"[ Seagate ] &#129351; Stjr2000400 Tarjeta De Expansion Externo Ssd Almacenamiento Gaming 2tb Para Xbox X\/s","og_description":"Compra Stjr2000400 Tarjeta De Expansion Externo Ssd Almacenamiento Gaming 2tb Para Xbox X\/s + Env\u00edo a domicilio + Pago seguro + Garant\u00eda","og_url":"https:\/\/compuviper.mx\/tienda\/producto\/seagate-stjr2000400-tarjeta-de-expansion-externo-ssd-almacenamiento-gaming-2tb-para-xbox-x-s\/","og_site_name":"Compuviper","article_publisher":"https:\/\/www.facebook.com\/compuviper","og_image":[{"width":200,"height":200,"url":"https:\/\/compuviper.mx\/tienda\/wp-content\/uploads\/2025\/06\/Unidad-de-estado-solido-ssd-externo-seagate-expansion-de-almacenamiento-gaming-2tb-para-xbox-xs.jpg","type":"image\/jpeg"}],"twitter_card":"summary_large_image","twitter_misc":{"Precio":"&#36;4,546 &#36;4,449 con IVA","Availability":"In stock"},"schema":{"@context":"https:\/\/schema.org","@graph":[{"@type":"WebPage","@id":"https:\/\/compuviper.mx\/tienda\/producto\/seagate-stjr2000400-tarjeta-de-expansion-externo-ssd-almacenamiento-gaming-2tb-para-xbox-x-s\/","url":"https:\/\/compuviper.mx\/tienda\/producto\/seagate-stjr2000400-tarjeta-de-expansion-externo-ssd-almacenamiento-gaming-2tb-para-xbox-x-s\/","name":"[ Seagate ] &#129351; Stjr2000400 Tarjeta De Expansion Externo Ssd Almacenamiento Gaming 2tb Para Xbox X\/s","isPartOf":{"@id":"https:\/\/compuviper.mx\/tienda\/#website"},"datePublished":"2026-04-02T06:38:44+00:00","dateModified":"2026-04-02T06:38:44+00:00","description":"Compra Stjr2000400 Tarjeta De Expansion Externo Ssd Almacenamiento Gaming 2tb Para Xbox X\/s + Env\u00edo a domicilio + Pago seguro + Garant\u00eda","breadcrumb":{"@id":"https:\/\/compuviper.mx\/tienda\/producto\/seagate-stjr2000400-tarjeta-de-expansion-externo-ssd-almacenamiento-gaming-2tb-para-xbox-x-s\/#breadcrumb"},"inLanguage":"es-MX","potentialAction":[{"@type":"ReadAction","target":["https:\/\/compuviper.mx\/tienda\/producto\/seagate-stjr2000400-tarjeta-de-expansion-externo-ssd-almacenamiento-gaming-2tb-para-xbox-x-s\/"]}]},{"@type":"BreadcrumbList","@id":"https:\/\/compuviper.mx\/tienda\/producto\/seagate-stjr2000400-tarjeta-de-expansion-externo-ssd-almacenamiento-gaming-2tb-para-xbox-x-s\/#breadcrumb","itemListElement":[{"@type":"ListItem","position":1,"name":"Inicio","item":"https:\/\/compuviper.mx\/tienda\/"},{"@type":"ListItem","position":2,"name":"Productos","item":"https:\/\/compuviper.mx\/tienda\/productos\/"},{"@type":"ListItem","position":3,"name":"Discos Duros","item":"https:\/\/compuviper.mx\/tienda\/categoria-producto\/discos-duros\/"},{"@type":"ListItem","position":4,"name":"Unidad De Estado Solido","item":"https:\/\/compuviper.mx\/tienda\/categoria-producto\/discos-duros\/unidad-de-estado-solido\/"},{"@type":"ListItem","position":5,"name":"Seagate Stjr2000400 Tarjeta De Expansion Externo Ssd Almacenamiento Gaming 2tb Para Xbox X\/s"}]},{"@type":"WebSite","@id":"https:\/\/compuviper.mx\/tienda\/#website","url":"https:\/\/compuviper.mx\/tienda\/","name":"Compuviper","description":"Proveedor de Computadoras, Laptops, Servidores, Monitores, Puntos de Venta, Teclados,   Impresoras, T\u00f3ner, C\u00e1maras de Seguridad y m\u00e1s en tu tienda en l\u00ednea","publisher":{"@id":"https:\/\/compuviper.mx\/tienda\/#organization"},"potentialAction":[{"@type":"SearchAction","target":{"@type":"EntryPoint","urlTemplate":"https:\/\/compuviper.mx\/tienda\/?s={search_term_string}"},"query-input":"required name=search_term_string"}],"inLanguage":"es-MX"},{"@type":"Organization","@id":"https:\/\/compuviper.mx\/tienda\/#organization","name":"Compuviper","url":"https:\/\/compuviper.mx\/tienda\/","logo":{"@type":"ImageObject","inLanguage":"es-MX","@id":"https:\/\/compuviper.mx\/tienda\/#\/schema\/logo\/image\/","url":"https:\/\/compuviper.mx\/tienda\/wp-content\/uploads\/2021\/08\/Logo-Compuviper-10.png","contentUrl":"https:\/\/compuviper.mx\/tienda\/wp-content\/uploads\/2021\/08\/Logo-Compuviper-10.png","width":1000,"height":500,"caption":"Compuviper"},"image":{"@id":"https:\/\/compuviper.mx\/tienda\/#\/schema\/logo\/image\/"},"sameAs":["https:\/\/www.facebook.com\/compuviper","https:\/\/www.youtube.com\/channel\/UCf73dERp9Y3cfOq7q8BhLjA?view_as=subscriber"]}]},"product_brand":"SEAGATE","product_price_amount":"4449","product_price_currency":"MXN","og_availability":"instock","product_availability":"instock","product_retailer_item_id":"STJR2000400","product_condition":"new"},"_links":{"self":[{"href":"https:\/\/compuviper.mx\/tienda\/wp-json\/wp\/v2\/product\/253255"}],"collection":[{"href":"https:\/\/compuviper.mx\/tienda\/wp-json\/wp\/v2\/product"}],"about":[{"href":"https:\/\/compuviper.mx\/tienda\/wp-json\/wp\/v2\/types\/product"}],"replies":[{"embeddable":true,"href":"https:\/\/compuviper.mx\/tienda\/wp-json\/wp\/v2\/comments?post=253255"}],"wp:featuredmedia":[{"embeddable":true,"href":"https:\/\/compuviper.mx\/tienda\/wp-json\/wp\/v2\/media\/253256"}],"wp:attachment":[{"href":"https:\/\/compuviper.mx\/tienda\/wp-json\/wp\/v2\/media?parent=253255"}],"wp:term":[{"taxonomy":"product_cat","embeddable":true,"href":"https:\/\/compuviper.mx\/tienda\/wp-json\/wp\/v2\/product_cat?post=253255"},{"taxonomy":"product_tag","embeddable":true,"href":"https:\/\/compuviper.mx\/tienda\/wp-json\/wp\/v2\/product_tag?post=253255"}],"curies":[{"name":"wp","href":"https:\/\/api.w.org\/{rel}","templated":true}]}}