{"id":253249,"date":"2026-04-02T00:38:28","date_gmt":"2026-04-02T06:38:28","guid":{"rendered":"https:\/\/compuviper.mx\/tienda\/producto\/seagate-st8000ve001-disco-duro-interno-skyhawk-ai-8tb-3-5-escritorio-sata3-6gb-s-256mb-7200rpm-video-vigilancia-24x7-dvr-y-nvr-1-16-bahias-1-64-cam\/"},"modified":"2026-04-03T00:00:11","modified_gmt":"2026-04-03T06:00:11","slug":"seagate-st8000ve001-disco-duro-interno-skyhawk-ai-8tb-3-5-escritorio-sata3-6gb-s-256mb-7200rpm-video-vigilancia-24x7-dvr-y-nvr-1-16-bahias-1-64-cam","status":"publish","type":"product","link":"https:\/\/compuviper.mx\/tienda\/producto\/seagate-st8000ve001-disco-duro-interno-skyhawk-ai-8tb-3-5-escritorio-sata3-6gb-s-256mb-7200rpm-video-vigilancia-24x7-dvr-y-nvr-1-16-bahias-1-64-cam\/","title":{"rendered":"Seagate St8000ve001 Disco Duro Interno  Skyhawk Ai 8tb 3.5 Escritorio Sata3 6gb\/s 256mb 7200rpm Video Vigilancia 24&#215;7 Dvr Y Nvr 1-16 Bahias 1-64 Cam"},"content":{"rendered":"<table class=\"descripcion\">\n<tr>\n<td>Especificaciones 8 tb<\/td>\n<\/tr>\n<tr>\n<td>Capacidad 8 tb<\/td>\n<\/tr>\n<tr>\n<td>N\u00fameros de modelo est\u00e1ndar st8000ve001<\/td>\n<\/tr>\n<tr>\n<td>Interfaz sata a 6 gb\/s<\/td>\n<\/tr>\n<tr>\n<td>Tecnolog\u00eda de grabaci\u00f3n cmr<\/td>\n<\/tr>\n<tr>\n<td>Dise\u00f1o de la unidad aire<\/td>\n<\/tr>\n<tr>\n<td>Caracter\u00edsticas y rendimiento<\/td>\n<\/tr>\n<tr>\n<td>Bah\u00edas para unidades admitidas m\u00e1s de 16<\/td>\n<\/tr>\n<tr>\n<td>Canales de ia 32<\/td>\n<\/tr>\n<tr>\n<td>Captura de eventos por segundo en tiempo real de ia<\/td>\n<\/tr>\n<tr>\n<td>1,2 hasta 120<\/td>\n<\/tr>\n<tr>\n<td>Comparaci\u00f3n de eventos por segundo en tiempo real de ia<\/td>\n<\/tr>\n<tr>\n<td>1,2 hasta 96<\/td>\n<\/tr>\n<tr>\n<td>C\u00e1maras hd admitidas<\/td>\n<\/tr>\n<tr>\n<td>3 hasta 64<\/td>\n<\/tr>\n<tr>\n<td>Sensores de rv s\u00ed<\/td>\n<\/tr>\n<tr>\n<td>M\u00e1x. velocidad de transferencia sostenida od (mb\/s) 235mb\/s<\/td>\n<\/tr>\n<tr>\n<td>Cach\u00e9 (mb) 256<\/td>\n<\/tr>\n<tr>\n<td>Fiabilidad\/integridad de datos<\/td>\n<\/tr>\n<tr>\n<td>Resistente al deterioro s\u00ed<\/td>\n<\/tr>\n<tr>\n<td>Ciclos de carga\/descarga 300.000<\/td>\n<\/tr>\n<tr>\n<td>Tasa de errores de lectura no recuperables, m\u00e1xima 1 por 10e15<\/td>\n<\/tr>\n<tr>\n<td>Horas de funcionamiento por a\u00f1o 8.760<\/td>\n<\/tr>\n<tr>\n<td>L\u00edmite de carga de trabajo (wrl)<\/td>\n<\/tr>\n<tr>\n<td>4 550<\/td>\n<\/tr>\n<tr>\n<td>Tiempo medio entre fallos (horas) 2.000.000 h.<\/td>\n<\/tr>\n<tr>\n<td>Garant\u00eda, limitada (a\u00f1os)<\/td>\n<\/tr>\n<tr>\n<td>5 3<\/td>\n<\/tr>\n<tr>\n<td>Servicios de recuperaci\u00f3n de datos rescue<\/td>\n<\/tr>\n<tr>\n<td>6<\/td>\n<\/tr>\n<tr>\n<td>(a\u00f1os) 3<\/td>\n<\/tr>\n<tr>\n<td>Administraci\u00f3n de energ\u00eda<\/td>\n<\/tr>\n<tr>\n<td>Corriente de inicio, t\u00edpica (12 v, a) 1,8<\/td>\n<\/tr>\n<tr>\n<td>Consumo de energ\u00eda promedio en funcionamiento (w) 8,73 w<\/td>\n<\/tr>\n<tr>\n<td>Media en reposo (w) 7,5 w<\/td>\n<\/tr>\n<tr>\n<td>Modo en espera\/en suspensi\u00f3n, t\u00edpico (w) 0,96\/0,96<\/td>\n<\/tr>\n<tr>\n<td>Tolerancia del voltaje (5 v) +10 % \/ -5 %<\/td>\n<\/tr>\n<tr>\n<td>Tolerancia del voltaje (12 v) \u00b110 %<\/td>\n<\/tr>\n<tr>\n<td>Informaci\u00f3n medioambiental\/temperatura<\/td>\n<\/tr>\n<tr>\n<td>En funcionamiento (ambiente, m\u00edn. \u00b0c) 5<\/td>\n<\/tr>\n<tr>\n<td>En funcionamiento (carcasa de la unidad, \u00b0c m\u00e1x.)<\/td>\n<\/tr>\n<tr>\n<td>7 70<\/td>\n<\/tr>\n<tr>\n<td>No en funcionamiento (ambiente, \u00b0c m\u00edn.) -40<\/td>\n<\/tr>\n<tr>\n<td>Informaci\u00f3n f\u00edsica<\/td>\n<\/tr>\n<tr>\n<td>Altura (mm\/pulg, m\u00e1x.) 26,11 mm\/1,028 pulg.<\/td>\n<\/tr>\n<tr>\n<td>Anchura (mm\/pulg., m\u00e1x.) 101,85 mm\/4,01 pulg.<\/td>\n<\/tr>\n<tr>\n<td>Profundidad (mm\/pulg., m\u00e1x.) 146,99 mm\/5,787 pulg.<\/td>\n<\/tr>\n<tr>\n<td>Peso (g\/lb, t\u00edpico) 716 g\/1,579 lb<\/td>\n<\/tr>\n<tr>\n<td>Cantidad de unidades por embalaje 20<\/td>\n<\/tr>\n<tr>\n<td>Embalajes por pal\u00e9 \/ embalajes por capa 40\/8<\/td>\n<\/tr>\n<\/table>\n","protected":false},"excerpt":{"rendered":"<p>Skyhawk saca partido de la amplia experiencia de seagate en el dise\u00f1o de unidades dise\u00f1adas especficamente para operaciones de vigilancia. Usos idneos. Grabadores de video en red nvr. Sistemas dvr de vigilancia<\/p>\n","protected":false},"featured_media":253250,"comment_status":"open","ping_status":"open","template":"","meta":[],"product_cat":[1703,1706],"product_tag":[1710],"acf":[],"yoast_head":"<!-- This site is optimized with the Yoast SEO plugin v21.7 - https:\/\/yoast.com\/wordpress\/plugins\/seo\/ -->\n<title>[ Seagate ] &#129351; St8000ve001 Disco Duro Interno Skyhawk Ai 8tb 3.5 Escritorio Sata3 6gb\/s 256mb 7200rpm Video Vigilancia 24x7 Dvr Y Nvr 1-16 Bahias 1-64 Cam<\/title>\n<meta name=\"description\" content=\"Compra St8000ve001 Disco Duro Interno Skyhawk Ai 8tb 3.5 Escritorio Sata3 6gb\/s 256mb 7200rpm Video Vigilancia 24x7 Dvr Y Nvr 1-16 Bahias 1-64 Cam + Env\u00edo a domicilio + Pago seguro + Garant\u00eda\" \/>\n<meta name=\"robots\" content=\"index, follow, max-snippet:-1, max-image-preview:large, max-video-preview:-1\" \/>\n<link rel=\"canonical\" href=\"https:\/\/compuviper.mx\/tienda\/producto\/seagate-st8000ve001-disco-duro-interno-skyhawk-ai-8tb-3-5-escritorio-sata3-6gb-s-256mb-7200rpm-video-vigilancia-24x7-dvr-y-nvr-1-16-bahias-1-64-cam\/\" \/>\n<meta property=\"og:locale\" content=\"es_MX\" \/>\n<meta property=\"og:type\" content=\"article\" \/>\n<meta property=\"og:title\" content=\"[ Seagate ] &#129351; St8000ve001 Disco Duro Interno Skyhawk Ai 8tb 3.5 Escritorio Sata3 6gb\/s 256mb 7200rpm Video Vigilancia 24x7 Dvr Y Nvr 1-16 Bahias 1-64 Cam\" \/>\n<meta property=\"og:description\" content=\"Compra St8000ve001 Disco Duro Interno Skyhawk Ai 8tb 3.5 Escritorio Sata3 6gb\/s 256mb 7200rpm Video Vigilancia 24x7 Dvr Y Nvr 1-16 Bahias 1-64 Cam + Env\u00edo a domicilio + Pago seguro + Garant\u00eda\" \/>\n<meta property=\"og:url\" content=\"https:\/\/compuviper.mx\/tienda\/producto\/seagate-st8000ve001-disco-duro-interno-skyhawk-ai-8tb-3-5-escritorio-sata3-6gb-s-256mb-7200rpm-video-vigilancia-24x7-dvr-y-nvr-1-16-bahias-1-64-cam\/\" \/>\n<meta property=\"og:site_name\" content=\"Compuviper\" \/>\n<meta property=\"article:publisher\" content=\"https:\/\/www.facebook.com\/compuviper\" \/>\n<meta property=\"article:modified_time\" content=\"2026-04-03T06:00:11+00:00\" \/>\n<meta property=\"og:image\" content=\"https:\/\/compuviper.mx\/tienda\/wp-content\/uploads\/2025\/06\/Disco-duro-interno-seagate-skyhawk-ai-8tb-3.5-escritorio-sata3-6gbs-256mb-7200rpm-video-vigilancia-24x7-dvr-y-nvr-1-16-bahias-1-64-cam.jpg\" \/>\n\t<meta property=\"og:image:width\" content=\"200\" \/>\n\t<meta property=\"og:image:height\" content=\"200\" \/>\n\t<meta property=\"og:image:type\" content=\"image\/jpeg\" \/>\n<meta name=\"twitter:card\" content=\"summary_large_image\" \/>\n<meta name=\"twitter:label1\" content=\"Precio\" \/>\n\t<meta name=\"twitter:data1\" content=\"&#36;3,769 con IVA\" \/>\n\t<meta name=\"twitter:label2\" content=\"Availability\" \/>\n\t<meta name=\"twitter:data2\" content=\"Out of stock\" \/>\n<script type=\"application\/ld+json\" class=\"yoast-schema-graph\">{\"@context\":\"https:\/\/schema.org\",\"@graph\":[{\"@type\":\"WebPage\",\"@id\":\"https:\/\/compuviper.mx\/tienda\/producto\/seagate-st8000ve001-disco-duro-interno-skyhawk-ai-8tb-3-5-escritorio-sata3-6gb-s-256mb-7200rpm-video-vigilancia-24x7-dvr-y-nvr-1-16-bahias-1-64-cam\/\",\"url\":\"https:\/\/compuviper.mx\/tienda\/producto\/seagate-st8000ve001-disco-duro-interno-skyhawk-ai-8tb-3-5-escritorio-sata3-6gb-s-256mb-7200rpm-video-vigilancia-24x7-dvr-y-nvr-1-16-bahias-1-64-cam\/\",\"name\":\"[ Seagate ] &#129351; St8000ve001 Disco Duro Interno Skyhawk Ai 8tb 3.5 Escritorio Sata3 6gb\/s 256mb 7200rpm Video Vigilancia 24x7 Dvr Y Nvr 1-16 Bahias 1-64 Cam\",\"isPartOf\":{\"@id\":\"https:\/\/compuviper.mx\/tienda\/#website\"},\"datePublished\":\"2026-04-02T06:38:28+00:00\",\"dateModified\":\"2026-04-03T06:00:11+00:00\",\"description\":\"Compra St8000ve001 Disco Duro Interno Skyhawk Ai 8tb 3.5 Escritorio Sata3 6gb\/s 256mb 7200rpm Video Vigilancia 24x7 Dvr Y Nvr 1-16 Bahias 1-64 Cam + Env\u00edo a domicilio + Pago seguro + Garant\u00eda\",\"breadcrumb\":{\"@id\":\"https:\/\/compuviper.mx\/tienda\/producto\/seagate-st8000ve001-disco-duro-interno-skyhawk-ai-8tb-3-5-escritorio-sata3-6gb-s-256mb-7200rpm-video-vigilancia-24x7-dvr-y-nvr-1-16-bahias-1-64-cam\/#breadcrumb\"},\"inLanguage\":\"es-MX\",\"potentialAction\":[{\"@type\":\"ReadAction\",\"target\":[\"https:\/\/compuviper.mx\/tienda\/producto\/seagate-st8000ve001-disco-duro-interno-skyhawk-ai-8tb-3-5-escritorio-sata3-6gb-s-256mb-7200rpm-video-vigilancia-24x7-dvr-y-nvr-1-16-bahias-1-64-cam\/\"]}]},{\"@type\":\"BreadcrumbList\",\"@id\":\"https:\/\/compuviper.mx\/tienda\/producto\/seagate-st8000ve001-disco-duro-interno-skyhawk-ai-8tb-3-5-escritorio-sata3-6gb-s-256mb-7200rpm-video-vigilancia-24x7-dvr-y-nvr-1-16-bahias-1-64-cam\/#breadcrumb\",\"itemListElement\":[{\"@type\":\"ListItem\",\"position\":1,\"name\":\"Inicio\",\"item\":\"https:\/\/compuviper.mx\/tienda\/\"},{\"@type\":\"ListItem\",\"position\":2,\"name\":\"Productos\",\"item\":\"https:\/\/compuviper.mx\/tienda\/productos\/\"},{\"@type\":\"ListItem\",\"position\":3,\"name\":\"Discos Duros\",\"item\":\"https:\/\/compuviper.mx\/tienda\/categoria-producto\/discos-duros\/\"},{\"@type\":\"ListItem\",\"position\":4,\"name\":\"Disco Duro\",\"item\":\"https:\/\/compuviper.mx\/tienda\/categoria-producto\/discos-duros\/disco-duro\/\"},{\"@type\":\"ListItem\",\"position\":5,\"name\":\"Seagate St8000ve001 Disco Duro Interno Skyhawk Ai 8tb 3.5 Escritorio Sata3 6gb\/s 256mb 7200rpm Video Vigilancia 24&#215;7 Dvr Y Nvr 1-16 Bahias 1-64 Cam\"}]},{\"@type\":\"WebSite\",\"@id\":\"https:\/\/compuviper.mx\/tienda\/#website\",\"url\":\"https:\/\/compuviper.mx\/tienda\/\",\"name\":\"Compuviper\",\"description\":\"Proveedor de Computadoras, Laptops, Servidores, Monitores, Puntos de Venta, Teclados,   Impresoras, T\u00f3ner, C\u00e1maras de Seguridad y m\u00e1s en tu tienda en l\u00ednea\",\"publisher\":{\"@id\":\"https:\/\/compuviper.mx\/tienda\/#organization\"},\"potentialAction\":[{\"@type\":\"SearchAction\",\"target\":{\"@type\":\"EntryPoint\",\"urlTemplate\":\"https:\/\/compuviper.mx\/tienda\/?s={search_term_string}\"},\"query-input\":\"required name=search_term_string\"}],\"inLanguage\":\"es-MX\"},{\"@type\":\"Organization\",\"@id\":\"https:\/\/compuviper.mx\/tienda\/#organization\",\"name\":\"Compuviper\",\"url\":\"https:\/\/compuviper.mx\/tienda\/\",\"logo\":{\"@type\":\"ImageObject\",\"inLanguage\":\"es-MX\",\"@id\":\"https:\/\/compuviper.mx\/tienda\/#\/schema\/logo\/image\/\",\"url\":\"https:\/\/compuviper.mx\/tienda\/wp-content\/uploads\/2021\/08\/Logo-Compuviper-10.png\",\"contentUrl\":\"https:\/\/compuviper.mx\/tienda\/wp-content\/uploads\/2021\/08\/Logo-Compuviper-10.png\",\"width\":1000,\"height\":500,\"caption\":\"Compuviper\"},\"image\":{\"@id\":\"https:\/\/compuviper.mx\/tienda\/#\/schema\/logo\/image\/\"},\"sameAs\":[\"https:\/\/www.facebook.com\/compuviper\",\"https:\/\/www.youtube.com\/channel\/UCf73dERp9Y3cfOq7q8BhLjA?view_as=subscriber\"]}]}<\/script>\n<meta property=\"product:brand\" content=\"SEAGATE\" \/>\n<meta property=\"product:price:amount\" content=\"3769\" \/>\n<meta property=\"product:price:currency\" content=\"MXN\" \/>\n<meta property=\"og:availability\" content=\"out of stock\" \/>\n<meta property=\"product:availability\" content=\"out of stock\" \/>\n<meta property=\"product:retailer_item_id\" content=\"ST8000VE001\" \/>\n<meta property=\"product:condition\" content=\"new\" \/>\n<!-- \/ Yoast SEO plugin. -->","yoast_head_json":{"title":"[ Seagate ] &#129351; St8000ve001 Disco Duro Interno Skyhawk Ai 8tb 3.5 Escritorio Sata3 6gb\/s 256mb 7200rpm Video Vigilancia 24x7 Dvr Y Nvr 1-16 Bahias 1-64 Cam","description":"Compra St8000ve001 Disco Duro Interno Skyhawk Ai 8tb 3.5 Escritorio Sata3 6gb\/s 256mb 7200rpm Video Vigilancia 24x7 Dvr Y Nvr 1-16 Bahias 1-64 Cam + Env\u00edo a domicilio + Pago seguro + Garant\u00eda","robots":{"index":"index","follow":"follow","max-snippet":"max-snippet:-1","max-image-preview":"max-image-preview:large","max-video-preview":"max-video-preview:-1"},"canonical":"https:\/\/compuviper.mx\/tienda\/producto\/seagate-st8000ve001-disco-duro-interno-skyhawk-ai-8tb-3-5-escritorio-sata3-6gb-s-256mb-7200rpm-video-vigilancia-24x7-dvr-y-nvr-1-16-bahias-1-64-cam\/","og_locale":"es_MX","og_type":"article","og_title":"[ Seagate ] &#129351; St8000ve001 Disco Duro Interno Skyhawk Ai 8tb 3.5 Escritorio Sata3 6gb\/s 256mb 7200rpm Video Vigilancia 24x7 Dvr Y Nvr 1-16 Bahias 1-64 Cam","og_description":"Compra St8000ve001 Disco Duro Interno Skyhawk Ai 8tb 3.5 Escritorio Sata3 6gb\/s 256mb 7200rpm Video Vigilancia 24x7 Dvr Y Nvr 1-16 Bahias 1-64 Cam + Env\u00edo a domicilio + Pago seguro + Garant\u00eda","og_url":"https:\/\/compuviper.mx\/tienda\/producto\/seagate-st8000ve001-disco-duro-interno-skyhawk-ai-8tb-3-5-escritorio-sata3-6gb-s-256mb-7200rpm-video-vigilancia-24x7-dvr-y-nvr-1-16-bahias-1-64-cam\/","og_site_name":"Compuviper","article_publisher":"https:\/\/www.facebook.com\/compuviper","article_modified_time":"2026-04-03T06:00:11+00:00","og_image":[{"width":200,"height":200,"url":"https:\/\/compuviper.mx\/tienda\/wp-content\/uploads\/2025\/06\/Disco-duro-interno-seagate-skyhawk-ai-8tb-3.5-escritorio-sata3-6gbs-256mb-7200rpm-video-vigilancia-24x7-dvr-y-nvr-1-16-bahias-1-64-cam.jpg","type":"image\/jpeg"}],"twitter_card":"summary_large_image","twitter_misc":{"Precio":"&#36;3,769 con IVA","Availability":"Out of stock"},"schema":{"@context":"https:\/\/schema.org","@graph":[{"@type":"WebPage","@id":"https:\/\/compuviper.mx\/tienda\/producto\/seagate-st8000ve001-disco-duro-interno-skyhawk-ai-8tb-3-5-escritorio-sata3-6gb-s-256mb-7200rpm-video-vigilancia-24x7-dvr-y-nvr-1-16-bahias-1-64-cam\/","url":"https:\/\/compuviper.mx\/tienda\/producto\/seagate-st8000ve001-disco-duro-interno-skyhawk-ai-8tb-3-5-escritorio-sata3-6gb-s-256mb-7200rpm-video-vigilancia-24x7-dvr-y-nvr-1-16-bahias-1-64-cam\/","name":"[ Seagate ] &#129351; St8000ve001 Disco Duro Interno Skyhawk Ai 8tb 3.5 Escritorio Sata3 6gb\/s 256mb 7200rpm Video Vigilancia 24x7 Dvr Y Nvr 1-16 Bahias 1-64 Cam","isPartOf":{"@id":"https:\/\/compuviper.mx\/tienda\/#website"},"datePublished":"2026-04-02T06:38:28+00:00","dateModified":"2026-04-03T06:00:11+00:00","description":"Compra St8000ve001 Disco Duro Interno Skyhawk Ai 8tb 3.5 Escritorio Sata3 6gb\/s 256mb 7200rpm Video Vigilancia 24x7 Dvr Y Nvr 1-16 Bahias 1-64 Cam + Env\u00edo a domicilio + Pago seguro + Garant\u00eda","breadcrumb":{"@id":"https:\/\/compuviper.mx\/tienda\/producto\/seagate-st8000ve001-disco-duro-interno-skyhawk-ai-8tb-3-5-escritorio-sata3-6gb-s-256mb-7200rpm-video-vigilancia-24x7-dvr-y-nvr-1-16-bahias-1-64-cam\/#breadcrumb"},"inLanguage":"es-MX","potentialAction":[{"@type":"ReadAction","target":["https:\/\/compuviper.mx\/tienda\/producto\/seagate-st8000ve001-disco-duro-interno-skyhawk-ai-8tb-3-5-escritorio-sata3-6gb-s-256mb-7200rpm-video-vigilancia-24x7-dvr-y-nvr-1-16-bahias-1-64-cam\/"]}]},{"@type":"BreadcrumbList","@id":"https:\/\/compuviper.mx\/tienda\/producto\/seagate-st8000ve001-disco-duro-interno-skyhawk-ai-8tb-3-5-escritorio-sata3-6gb-s-256mb-7200rpm-video-vigilancia-24x7-dvr-y-nvr-1-16-bahias-1-64-cam\/#breadcrumb","itemListElement":[{"@type":"ListItem","position":1,"name":"Inicio","item":"https:\/\/compuviper.mx\/tienda\/"},{"@type":"ListItem","position":2,"name":"Productos","item":"https:\/\/compuviper.mx\/tienda\/productos\/"},{"@type":"ListItem","position":3,"name":"Discos Duros","item":"https:\/\/compuviper.mx\/tienda\/categoria-producto\/discos-duros\/"},{"@type":"ListItem","position":4,"name":"Disco Duro","item":"https:\/\/compuviper.mx\/tienda\/categoria-producto\/discos-duros\/disco-duro\/"},{"@type":"ListItem","position":5,"name":"Seagate St8000ve001 Disco Duro Interno Skyhawk Ai 8tb 3.5 Escritorio Sata3 6gb\/s 256mb 7200rpm Video Vigilancia 24&#215;7 Dvr Y Nvr 1-16 Bahias 1-64 Cam"}]},{"@type":"WebSite","@id":"https:\/\/compuviper.mx\/tienda\/#website","url":"https:\/\/compuviper.mx\/tienda\/","name":"Compuviper","description":"Proveedor de Computadoras, Laptops, Servidores, Monitores, Puntos de Venta, Teclados,   Impresoras, T\u00f3ner, C\u00e1maras de Seguridad y m\u00e1s en tu tienda en l\u00ednea","publisher":{"@id":"https:\/\/compuviper.mx\/tienda\/#organization"},"potentialAction":[{"@type":"SearchAction","target":{"@type":"EntryPoint","urlTemplate":"https:\/\/compuviper.mx\/tienda\/?s={search_term_string}"},"query-input":"required name=search_term_string"}],"inLanguage":"es-MX"},{"@type":"Organization","@id":"https:\/\/compuviper.mx\/tienda\/#organization","name":"Compuviper","url":"https:\/\/compuviper.mx\/tienda\/","logo":{"@type":"ImageObject","inLanguage":"es-MX","@id":"https:\/\/compuviper.mx\/tienda\/#\/schema\/logo\/image\/","url":"https:\/\/compuviper.mx\/tienda\/wp-content\/uploads\/2021\/08\/Logo-Compuviper-10.png","contentUrl":"https:\/\/compuviper.mx\/tienda\/wp-content\/uploads\/2021\/08\/Logo-Compuviper-10.png","width":1000,"height":500,"caption":"Compuviper"},"image":{"@id":"https:\/\/compuviper.mx\/tienda\/#\/schema\/logo\/image\/"},"sameAs":["https:\/\/www.facebook.com\/compuviper","https:\/\/www.youtube.com\/channel\/UCf73dERp9Y3cfOq7q8BhLjA?view_as=subscriber"]}]},"product_brand":"SEAGATE","product_price_amount":"3769","product_price_currency":"MXN","og_availability":"out of stock","product_availability":"out of stock","product_retailer_item_id":"ST8000VE001","product_condition":"new"},"_links":{"self":[{"href":"https:\/\/compuviper.mx\/tienda\/wp-json\/wp\/v2\/product\/253249"}],"collection":[{"href":"https:\/\/compuviper.mx\/tienda\/wp-json\/wp\/v2\/product"}],"about":[{"href":"https:\/\/compuviper.mx\/tienda\/wp-json\/wp\/v2\/types\/product"}],"replies":[{"embeddable":true,"href":"https:\/\/compuviper.mx\/tienda\/wp-json\/wp\/v2\/comments?post=253249"}],"wp:featuredmedia":[{"embeddable":true,"href":"https:\/\/compuviper.mx\/tienda\/wp-json\/wp\/v2\/media\/253250"}],"wp:attachment":[{"href":"https:\/\/compuviper.mx\/tienda\/wp-json\/wp\/v2\/media?parent=253249"}],"wp:term":[{"taxonomy":"product_cat","embeddable":true,"href":"https:\/\/compuviper.mx\/tienda\/wp-json\/wp\/v2\/product_cat?post=253249"},{"taxonomy":"product_tag","embeddable":true,"href":"https:\/\/compuviper.mx\/tienda\/wp-json\/wp\/v2\/product_tag?post=253249"}],"curies":[{"name":"wp","href":"https:\/\/api.w.org\/{rel}","templated":true}]}}