{"id":253209,"date":"2026-04-02T02:07:18","date_gmt":"2026-04-02T08:07:18","guid":{"rendered":"https:\/\/compuviper.mx\/tienda\/producto\/acteck-ac-935869-bocinas-dynamic-exact-bs630-para-escritorio-indicador-de-led-sonido-estereo-inalambrica-bluetooth-5-0-aux-3-5-mm-usb-20-w-negro\/"},"modified":"2026-04-02T02:07:18","modified_gmt":"2026-04-02T08:07:18","slug":"acteck-ac-935869-bocinas-dynamic-exact-bs630-para-escritorio-indicador-de-led-sonido-estereo-inalambrica-bluetooth-5-0-aux-3-5-mm-usb-20-w-60-hz-20-khz-negro","status":"publish","type":"product","link":"https:\/\/compuviper.mx\/tienda\/producto\/acteck-ac-935869-bocinas-dynamic-exact-bs630-para-escritorio-indicador-de-led-sonido-estereo-inalambrica-bluetooth-5-0-aux-3-5-mm-usb-20-w-60-hz-20-khz-negro\/","title":{"rendered":"Acteck Ac-935869 Bocinas  Dynamic Exact Bs630 \/ Para Escritorio \/ Indicador De Led \/ Sonido Estereo \/ Inalambrica \/ Bluetooth 5.0- Aux 3.5 Mm &#8211; Usb \/ 20 W \/ 60 Hz &#8211; 20 Khz \/ Negro \/"},"content":{"rendered":"<table class=\"descripcion\">\n<tr>\n<td>Informacion tecnica:<\/td>\n<\/tr>\n<tr>\n<td>Especificaciones<\/td>\n<\/tr>\n<tr>\n<td>Nombre: bocinas  bluetooth<\/td>\n<\/tr>\n<tr>\n<td>Modelo: ac-935869<\/td>\n<\/tr>\n<tr>\n<td>Color: negro<\/td>\n<\/tr>\n<tr>\n<td>Conectividad<\/td>\n<\/tr>\n<tr>\n<td>Tipo  &#8211;  bluetooth 5.0, aux 3.5 mm y usb<\/td>\n<\/tr>\n<tr>\n<td>Modo: inalambrica<\/td>\n<\/tr>\n<tr>\n<td>Tipo &#8211; estereo<\/td>\n<\/tr>\n<tr>\n<td>Sonido:<\/td>\n<\/tr>\n<tr>\n<td>Canales: 2.0<\/td>\n<\/tr>\n<tr>\n<td>Potencia rms: 20 w<\/td>\n<\/tr>\n<tr>\n<td>Frecuencia de respuesta:  60 hz &#8211; 20 khz<\/td>\n<\/tr>\n<tr>\n<td>Interfaz<\/td>\n<\/tr>\n<tr>\n<td>Impedancia 4  and #937;<\/td>\n<\/tr>\n<tr>\n<td>Alimentaci\u00f3n  21 vcc  1.5 a<\/td>\n<\/tr>\n<tr>\n<td>Adaptador: 100 &#8211; 240 vc.   50\/ 60 hz<\/td>\n<\/tr>\n<tr>\n<td>Control de volumen:  botones<\/td>\n<\/tr>\n<tr>\n<td>Material: abs<\/td>\n<\/tr>\n<tr>\n<td>Dimensiones: 14 cm x 10.2 cm x 17.8 cm<\/td>\n<\/tr>\n<tr>\n<td>Informacion empaque<\/td>\n<\/tr>\n<tr>\n<td>Ean-13:  7506215935869<\/td>\n<\/tr>\n<tr>\n<td>Dimensiones 30 cm x 21 cm x 14.7 cm<\/td>\n<\/tr>\n<tr>\n<td>Peso:  1.4 kg<\/td>\n<\/tr>\n<tr>\n<td>Garant\u00eda 1 a\u00f1o<\/td>\n<\/tr>\n<\/table>\n","protected":false},"excerpt":{"rendered":"<p>Bocinas acteck dynamic exact bs630 \/ para escritorio \/ indicador de led \/ sonido estereo \/ inalambrica \/ bluetooth 5.0, aux 3-5 mm, usb \/ 20 w \/ negro\/ ac-935869<\/p>\n","protected":false},"featured_media":260902,"comment_status":"open","ping_status":"open","template":"","meta":[],"product_cat":[1817,2168],"product_tag":[1582],"acf":[],"yoast_head":"<!-- This site is optimized with the Yoast SEO plugin v21.7 - https:\/\/yoast.com\/wordpress\/plugins\/seo\/ -->\n<title>[ Acteck ] &#129351; Ac-935869 Bocinas Dynamic Exact Bs630 \/ Para Escritorio \/ Indicador De Led \/ Sonido Estereo \/ Inalambrica \/ Bluetooth 5.0- Aux 3.5 Mm - Usb \/ 20 W \/ 60 Hz - 20 Khz \/ Negro \/<\/title>\n<meta name=\"description\" content=\"Compra Ac-935869 Bocinas Dynamic Exact Bs630 \/ Para Escritorio \/ Indicador De Led \/ Sonido Estereo \/ Inalambrica \/ Bluetooth 5.0- Aux 3.5 Mm - Usb \/ 20 W \/ 60 Hz - 20 Khz \/ Negro \/ + Env\u00edo a domicilio + Pago seguro + Garant\u00eda\" \/>\n<meta name=\"robots\" content=\"index, follow, max-snippet:-1, max-image-preview:large, max-video-preview:-1\" \/>\n<link rel=\"canonical\" href=\"https:\/\/compuviper.mx\/tienda\/producto\/acteck-ac-935869-bocinas-dynamic-exact-bs630-para-escritorio-indicador-de-led-sonido-estereo-inalambrica-bluetooth-5-0-aux-3-5-mm-usb-20-w-60-hz-20-khz-negro\/\" \/>\n<meta property=\"og:locale\" content=\"es_MX\" \/>\n<meta property=\"og:type\" content=\"article\" \/>\n<meta property=\"og:title\" content=\"[ Acteck ] &#129351; Ac-935869 Bocinas Dynamic Exact Bs630 \/ Para Escritorio \/ Indicador De Led \/ Sonido Estereo \/ Inalambrica \/ Bluetooth 5.0- Aux 3.5 Mm - Usb \/ 20 W \/ 60 Hz - 20 Khz \/ Negro \/\" \/>\n<meta property=\"og:description\" content=\"Compra Ac-935869 Bocinas Dynamic Exact Bs630 \/ Para Escritorio \/ Indicador De Led \/ Sonido Estereo \/ Inalambrica \/ Bluetooth 5.0- Aux 3.5 Mm - Usb \/ 20 W \/ 60 Hz - 20 Khz \/ Negro \/ + Env\u00edo a domicilio + Pago seguro + Garant\u00eda\" \/>\n<meta property=\"og:url\" content=\"https:\/\/compuviper.mx\/tienda\/producto\/acteck-ac-935869-bocinas-dynamic-exact-bs630-para-escritorio-indicador-de-led-sonido-estereo-inalambrica-bluetooth-5-0-aux-3-5-mm-usb-20-w-60-hz-20-khz-negro\/\" \/>\n<meta property=\"og:site_name\" content=\"Compuviper\" \/>\n<meta property=\"article:publisher\" content=\"https:\/\/www.facebook.com\/compuviper\" \/>\n<meta property=\"og:image\" content=\"https:\/\/compuviper.mx\/tienda\/wp-content\/uploads\/2025\/10\/Bocinas-acteck-dynamic-exact-bs630-para-escritorio-indicador-de-led-sonido-estereo-inalambrica-bluetooth-5.0-aux-3.5-mm-usb-20-w-60-hz-20-khz-negro-ac-935869.jpg\" \/>\n\t<meta property=\"og:image:width\" content=\"200\" \/>\n\t<meta property=\"og:image:height\" content=\"200\" \/>\n\t<meta property=\"og:image:type\" content=\"image\/jpeg\" \/>\n<meta name=\"twitter:card\" content=\"summary_large_image\" \/>\n<meta name=\"twitter:label1\" content=\"Precio\" \/>\n\t<meta name=\"twitter:data1\" content=\"&#36;1,046 con IVA\" \/>\n\t<meta name=\"twitter:label2\" content=\"Availability\" \/>\n\t<meta name=\"twitter:data2\" content=\"On backorder\" \/>\n<script type=\"application\/ld+json\" class=\"yoast-schema-graph\">{\"@context\":\"https:\/\/schema.org\",\"@graph\":[{\"@type\":\"WebPage\",\"@id\":\"https:\/\/compuviper.mx\/tienda\/producto\/acteck-ac-935869-bocinas-dynamic-exact-bs630-para-escritorio-indicador-de-led-sonido-estereo-inalambrica-bluetooth-5-0-aux-3-5-mm-usb-20-w-60-hz-20-khz-negro\/\",\"url\":\"https:\/\/compuviper.mx\/tienda\/producto\/acteck-ac-935869-bocinas-dynamic-exact-bs630-para-escritorio-indicador-de-led-sonido-estereo-inalambrica-bluetooth-5-0-aux-3-5-mm-usb-20-w-60-hz-20-khz-negro\/\",\"name\":\"[ Acteck ] &#129351; Ac-935869 Bocinas Dynamic Exact Bs630 \/ Para Escritorio \/ Indicador De Led \/ Sonido Estereo \/ Inalambrica \/ Bluetooth 5.0- Aux 3.5 Mm - Usb \/ 20 W \/ 60 Hz - 20 Khz \/ Negro \/\",\"isPartOf\":{\"@id\":\"https:\/\/compuviper.mx\/tienda\/#website\"},\"datePublished\":\"2026-04-02T08:07:18+00:00\",\"dateModified\":\"2026-04-02T08:07:18+00:00\",\"description\":\"Compra Ac-935869 Bocinas Dynamic Exact Bs630 \/ Para Escritorio \/ Indicador De Led \/ Sonido Estereo \/ Inalambrica \/ Bluetooth 5.0- Aux 3.5 Mm - Usb \/ 20 W \/ 60 Hz - 20 Khz \/ Negro \/ + Env\u00edo a domicilio + Pago seguro + Garant\u00eda\",\"breadcrumb\":{\"@id\":\"https:\/\/compuviper.mx\/tienda\/producto\/acteck-ac-935869-bocinas-dynamic-exact-bs630-para-escritorio-indicador-de-led-sonido-estereo-inalambrica-bluetooth-5-0-aux-3-5-mm-usb-20-w-60-hz-20-khz-negro\/#breadcrumb\"},\"inLanguage\":\"es-MX\",\"potentialAction\":[{\"@type\":\"ReadAction\",\"target\":[\"https:\/\/compuviper.mx\/tienda\/producto\/acteck-ac-935869-bocinas-dynamic-exact-bs630-para-escritorio-indicador-de-led-sonido-estereo-inalambrica-bluetooth-5-0-aux-3-5-mm-usb-20-w-60-hz-20-khz-negro\/\"]}]},{\"@type\":\"BreadcrumbList\",\"@id\":\"https:\/\/compuviper.mx\/tienda\/producto\/acteck-ac-935869-bocinas-dynamic-exact-bs630-para-escritorio-indicador-de-led-sonido-estereo-inalambrica-bluetooth-5-0-aux-3-5-mm-usb-20-w-60-hz-20-khz-negro\/#breadcrumb\",\"itemListElement\":[{\"@type\":\"ListItem\",\"position\":1,\"name\":\"Inicio\",\"item\":\"https:\/\/compuviper.mx\/tienda\/\"},{\"@type\":\"ListItem\",\"position\":2,\"name\":\"Productos\",\"item\":\"https:\/\/compuviper.mx\/tienda\/productos\/\"},{\"@type\":\"ListItem\",\"position\":3,\"name\":\"Bocinas\",\"item\":\"https:\/\/compuviper.mx\/tienda\/categoria-producto\/bocinas\/\"},{\"@type\":\"ListItem\",\"position\":4,\"name\":\"Sin Categor\u00eda\",\"item\":\"https:\/\/compuviper.mx\/tienda\/categoria-producto\/bocinas\/sin-categoria-bocinas\/\"},{\"@type\":\"ListItem\",\"position\":5,\"name\":\"Acteck Ac-935869 Bocinas Dynamic Exact Bs630 \/ Para Escritorio \/ Indicador De Led \/ Sonido Estereo \/ Inalambrica \/ Bluetooth 5.0- Aux 3.5 Mm &#8211; Usb \/ 20 W \/ 60 Hz &#8211; 20 Khz \/ Negro \/\"}]},{\"@type\":\"WebSite\",\"@id\":\"https:\/\/compuviper.mx\/tienda\/#website\",\"url\":\"https:\/\/compuviper.mx\/tienda\/\",\"name\":\"Compuviper\",\"description\":\"Proveedor de Computadoras, Laptops, Servidores, Monitores, Puntos de Venta, Teclados,   Impresoras, T\u00f3ner, C\u00e1maras de Seguridad y m\u00e1s en tu tienda en l\u00ednea\",\"publisher\":{\"@id\":\"https:\/\/compuviper.mx\/tienda\/#organization\"},\"potentialAction\":[{\"@type\":\"SearchAction\",\"target\":{\"@type\":\"EntryPoint\",\"urlTemplate\":\"https:\/\/compuviper.mx\/tienda\/?s={search_term_string}\"},\"query-input\":\"required name=search_term_string\"}],\"inLanguage\":\"es-MX\"},{\"@type\":\"Organization\",\"@id\":\"https:\/\/compuviper.mx\/tienda\/#organization\",\"name\":\"Compuviper\",\"url\":\"https:\/\/compuviper.mx\/tienda\/\",\"logo\":{\"@type\":\"ImageObject\",\"inLanguage\":\"es-MX\",\"@id\":\"https:\/\/compuviper.mx\/tienda\/#\/schema\/logo\/image\/\",\"url\":\"https:\/\/compuviper.mx\/tienda\/wp-content\/uploads\/2021\/08\/Logo-Compuviper-10.png\",\"contentUrl\":\"https:\/\/compuviper.mx\/tienda\/wp-content\/uploads\/2021\/08\/Logo-Compuviper-10.png\",\"width\":1000,\"height\":500,\"caption\":\"Compuviper\"},\"image\":{\"@id\":\"https:\/\/compuviper.mx\/tienda\/#\/schema\/logo\/image\/\"},\"sameAs\":[\"https:\/\/www.facebook.com\/compuviper\",\"https:\/\/www.youtube.com\/channel\/UCf73dERp9Y3cfOq7q8BhLjA?view_as=subscriber\"]}]}<\/script>\n<meta property=\"product:brand\" content=\"ACTECK\" \/>\n<meta property=\"product:price:amount\" content=\"1046\" \/>\n<meta property=\"product:price:currency\" content=\"MXN\" \/>\n<meta property=\"og:availability\" content=\"backorder\" \/>\n<meta property=\"product:availability\" content=\"available for order\" \/>\n<meta property=\"product:retailer_item_id\" content=\"AC-935869\" \/>\n<meta property=\"product:condition\" content=\"new\" \/>\n<!-- \/ Yoast SEO plugin. -->","yoast_head_json":{"title":"[ Acteck ] &#129351; Ac-935869 Bocinas Dynamic Exact Bs630 \/ Para Escritorio \/ Indicador De Led \/ Sonido Estereo \/ Inalambrica \/ Bluetooth 5.0- Aux 3.5 Mm - Usb \/ 20 W \/ 60 Hz - 20 Khz \/ Negro \/","description":"Compra Ac-935869 Bocinas Dynamic Exact Bs630 \/ Para Escritorio \/ Indicador De Led \/ Sonido Estereo \/ Inalambrica \/ Bluetooth 5.0- Aux 3.5 Mm - Usb \/ 20 W \/ 60 Hz - 20 Khz \/ Negro \/ + Env\u00edo a domicilio + Pago seguro + Garant\u00eda","robots":{"index":"index","follow":"follow","max-snippet":"max-snippet:-1","max-image-preview":"max-image-preview:large","max-video-preview":"max-video-preview:-1"},"canonical":"https:\/\/compuviper.mx\/tienda\/producto\/acteck-ac-935869-bocinas-dynamic-exact-bs630-para-escritorio-indicador-de-led-sonido-estereo-inalambrica-bluetooth-5-0-aux-3-5-mm-usb-20-w-60-hz-20-khz-negro\/","og_locale":"es_MX","og_type":"article","og_title":"[ Acteck ] &#129351; Ac-935869 Bocinas Dynamic Exact Bs630 \/ Para Escritorio \/ Indicador De Led \/ Sonido Estereo \/ Inalambrica \/ Bluetooth 5.0- Aux 3.5 Mm - Usb \/ 20 W \/ 60 Hz - 20 Khz \/ Negro \/","og_description":"Compra Ac-935869 Bocinas Dynamic Exact Bs630 \/ Para Escritorio \/ Indicador De Led \/ Sonido Estereo \/ Inalambrica \/ Bluetooth 5.0- Aux 3.5 Mm - Usb \/ 20 W \/ 60 Hz - 20 Khz \/ Negro \/ + Env\u00edo a domicilio + Pago seguro + Garant\u00eda","og_url":"https:\/\/compuviper.mx\/tienda\/producto\/acteck-ac-935869-bocinas-dynamic-exact-bs630-para-escritorio-indicador-de-led-sonido-estereo-inalambrica-bluetooth-5-0-aux-3-5-mm-usb-20-w-60-hz-20-khz-negro\/","og_site_name":"Compuviper","article_publisher":"https:\/\/www.facebook.com\/compuviper","og_image":[{"width":200,"height":200,"url":"https:\/\/compuviper.mx\/tienda\/wp-content\/uploads\/2025\/10\/Bocinas-acteck-dynamic-exact-bs630-para-escritorio-indicador-de-led-sonido-estereo-inalambrica-bluetooth-5.0-aux-3.5-mm-usb-20-w-60-hz-20-khz-negro-ac-935869.jpg","type":"image\/jpeg"}],"twitter_card":"summary_large_image","twitter_misc":{"Precio":"&#36;1,046 con IVA","Availability":"On backorder"},"schema":{"@context":"https:\/\/schema.org","@graph":[{"@type":"WebPage","@id":"https:\/\/compuviper.mx\/tienda\/producto\/acteck-ac-935869-bocinas-dynamic-exact-bs630-para-escritorio-indicador-de-led-sonido-estereo-inalambrica-bluetooth-5-0-aux-3-5-mm-usb-20-w-60-hz-20-khz-negro\/","url":"https:\/\/compuviper.mx\/tienda\/producto\/acteck-ac-935869-bocinas-dynamic-exact-bs630-para-escritorio-indicador-de-led-sonido-estereo-inalambrica-bluetooth-5-0-aux-3-5-mm-usb-20-w-60-hz-20-khz-negro\/","name":"[ Acteck ] &#129351; Ac-935869 Bocinas Dynamic Exact Bs630 \/ Para Escritorio \/ Indicador De Led \/ Sonido Estereo \/ Inalambrica \/ Bluetooth 5.0- Aux 3.5 Mm - Usb \/ 20 W \/ 60 Hz - 20 Khz \/ Negro \/","isPartOf":{"@id":"https:\/\/compuviper.mx\/tienda\/#website"},"datePublished":"2026-04-02T08:07:18+00:00","dateModified":"2026-04-02T08:07:18+00:00","description":"Compra Ac-935869 Bocinas Dynamic Exact Bs630 \/ Para Escritorio \/ Indicador De Led \/ Sonido Estereo \/ Inalambrica \/ Bluetooth 5.0- Aux 3.5 Mm - Usb \/ 20 W \/ 60 Hz - 20 Khz \/ Negro \/ + Env\u00edo a domicilio + Pago seguro + Garant\u00eda","breadcrumb":{"@id":"https:\/\/compuviper.mx\/tienda\/producto\/acteck-ac-935869-bocinas-dynamic-exact-bs630-para-escritorio-indicador-de-led-sonido-estereo-inalambrica-bluetooth-5-0-aux-3-5-mm-usb-20-w-60-hz-20-khz-negro\/#breadcrumb"},"inLanguage":"es-MX","potentialAction":[{"@type":"ReadAction","target":["https:\/\/compuviper.mx\/tienda\/producto\/acteck-ac-935869-bocinas-dynamic-exact-bs630-para-escritorio-indicador-de-led-sonido-estereo-inalambrica-bluetooth-5-0-aux-3-5-mm-usb-20-w-60-hz-20-khz-negro\/"]}]},{"@type":"BreadcrumbList","@id":"https:\/\/compuviper.mx\/tienda\/producto\/acteck-ac-935869-bocinas-dynamic-exact-bs630-para-escritorio-indicador-de-led-sonido-estereo-inalambrica-bluetooth-5-0-aux-3-5-mm-usb-20-w-60-hz-20-khz-negro\/#breadcrumb","itemListElement":[{"@type":"ListItem","position":1,"name":"Inicio","item":"https:\/\/compuviper.mx\/tienda\/"},{"@type":"ListItem","position":2,"name":"Productos","item":"https:\/\/compuviper.mx\/tienda\/productos\/"},{"@type":"ListItem","position":3,"name":"Bocinas","item":"https:\/\/compuviper.mx\/tienda\/categoria-producto\/bocinas\/"},{"@type":"ListItem","position":4,"name":"Sin Categor\u00eda","item":"https:\/\/compuviper.mx\/tienda\/categoria-producto\/bocinas\/sin-categoria-bocinas\/"},{"@type":"ListItem","position":5,"name":"Acteck Ac-935869 Bocinas Dynamic Exact Bs630 \/ Para Escritorio \/ Indicador De Led \/ Sonido Estereo \/ Inalambrica \/ Bluetooth 5.0- Aux 3.5 Mm &#8211; Usb \/ 20 W \/ 60 Hz &#8211; 20 Khz \/ Negro \/"}]},{"@type":"WebSite","@id":"https:\/\/compuviper.mx\/tienda\/#website","url":"https:\/\/compuviper.mx\/tienda\/","name":"Compuviper","description":"Proveedor de Computadoras, Laptops, Servidores, Monitores, Puntos de Venta, Teclados,   Impresoras, T\u00f3ner, C\u00e1maras de Seguridad y m\u00e1s en tu tienda en l\u00ednea","publisher":{"@id":"https:\/\/compuviper.mx\/tienda\/#organization"},"potentialAction":[{"@type":"SearchAction","target":{"@type":"EntryPoint","urlTemplate":"https:\/\/compuviper.mx\/tienda\/?s={search_term_string}"},"query-input":"required name=search_term_string"}],"inLanguage":"es-MX"},{"@type":"Organization","@id":"https:\/\/compuviper.mx\/tienda\/#organization","name":"Compuviper","url":"https:\/\/compuviper.mx\/tienda\/","logo":{"@type":"ImageObject","inLanguage":"es-MX","@id":"https:\/\/compuviper.mx\/tienda\/#\/schema\/logo\/image\/","url":"https:\/\/compuviper.mx\/tienda\/wp-content\/uploads\/2021\/08\/Logo-Compuviper-10.png","contentUrl":"https:\/\/compuviper.mx\/tienda\/wp-content\/uploads\/2021\/08\/Logo-Compuviper-10.png","width":1000,"height":500,"caption":"Compuviper"},"image":{"@id":"https:\/\/compuviper.mx\/tienda\/#\/schema\/logo\/image\/"},"sameAs":["https:\/\/www.facebook.com\/compuviper","https:\/\/www.youtube.com\/channel\/UCf73dERp9Y3cfOq7q8BhLjA?view_as=subscriber"]}]},"product_brand":"ACTECK","product_price_amount":"1046","product_price_currency":"MXN","og_availability":"backorder","product_availability":"available for order","product_retailer_item_id":"AC-935869","product_condition":"new"},"_links":{"self":[{"href":"https:\/\/compuviper.mx\/tienda\/wp-json\/wp\/v2\/product\/253209"}],"collection":[{"href":"https:\/\/compuviper.mx\/tienda\/wp-json\/wp\/v2\/product"}],"about":[{"href":"https:\/\/compuviper.mx\/tienda\/wp-json\/wp\/v2\/types\/product"}],"replies":[{"embeddable":true,"href":"https:\/\/compuviper.mx\/tienda\/wp-json\/wp\/v2\/comments?post=253209"}],"wp:featuredmedia":[{"embeddable":true,"href":"https:\/\/compuviper.mx\/tienda\/wp-json\/wp\/v2\/media\/260902"}],"wp:attachment":[{"href":"https:\/\/compuviper.mx\/tienda\/wp-json\/wp\/v2\/media?parent=253209"}],"wp:term":[{"taxonomy":"product_cat","embeddable":true,"href":"https:\/\/compuviper.mx\/tienda\/wp-json\/wp\/v2\/product_cat?post=253209"},{"taxonomy":"product_tag","embeddable":true,"href":"https:\/\/compuviper.mx\/tienda\/wp-json\/wp\/v2\/product_tag?post=253209"}],"curies":[{"name":"wp","href":"https:\/\/api.w.org\/{rel}","templated":true}]}}