{"id":253208,"date":"2026-04-02T02:07:17","date_gmt":"2026-04-02T08:07:17","guid":{"rendered":"https:\/\/compuviper.mx\/tienda\/producto\/acteck-ac-940832-bocinas-dynamic-exact-mini-s-pro-bs495-rca-usb-2-0-3-5-mm-bluetooth-5-3-60-w-sonido-envolvente-y-potente-subwoofer-elite-blanco\/"},"modified":"2026-04-02T02:07:17","modified_gmt":"2026-04-02T08:07:17","slug":"acteck-ac-940832-bocinas-dynamic-exact-mini-s-pro-bs495-rca-usb-2-0-3-5-mm-bluetooth-5-3-60-w-300-hz-18-khz-80-db-85-db-sonido-envolvente-y-potente-subwoofer-negro","status":"publish","type":"product","link":"https:\/\/compuviper.mx\/tienda\/producto\/acteck-ac-940832-bocinas-dynamic-exact-mini-s-pro-bs495-rca-usb-2-0-3-5-mm-bluetooth-5-3-60-w-300-hz-18-khz-80-db-85-db-sonido-envolvente-y-potente-subwoofer-negro\/","title":{"rendered":"Acteck Ac-940832 Bocinas  Dynamic Exact Mini S-pro Bs495 \/ Rca &#8211; Usb 2.0 &#8211; 3.5 Mm &#8211; Bluetooth 5.3 \/ 60 W \/ 300 Hz &#8211; 18 Khz \/ 80 Db &#8211; 85 Db \/ Sonido Envolvente Y Potente \/ Subwoofer \/ Negro \/"},"content":{"rendered":"<table class=\"descripcion\">\n<tr>\n<td>Informacion tecnica:<\/td>\n<\/tr>\n<tr>\n<td>Especificaciones<\/td>\n<\/tr>\n<tr>\n<td>Nombre: bocinas<\/td>\n<\/tr>\n<tr>\n<td>Modelo: ac-940832<\/td>\n<\/tr>\n<tr>\n<td>Color: blanco<\/td>\n<\/tr>\n<tr>\n<td>Material: mdf + plastico<\/td>\n<\/tr>\n<tr>\n<td>Dimensiones: 10 x 12 x 17 cm \/ 1.5 x 25.5 x 21.5 cm<\/td>\n<\/tr>\n<tr>\n<td>Conectividad<\/td>\n<\/tr>\n<tr>\n<td>Rca &#8211; usb 2.0, 3.5 mm &#8211; bluetooth v 5.3<\/td>\n<\/tr>\n<tr>\n<td>Sonido:<\/td>\n<\/tr>\n<tr>\n<td>Tipo  &#8211;  estereo<\/td>\n<\/tr>\n<tr>\n<td>Canales 2.1<\/td>\n<\/tr>\n<tr>\n<td>Potencia rms 60 w<\/td>\n<\/tr>\n<tr>\n<td>Bocinas:<\/td>\n<\/tr>\n<tr>\n<td>Tama\u00f1o:  3<\/td>\n<\/tr>\n<tr>\n<td>Frecuencia de respuesta 300 hz -18 khz<\/td>\n<\/tr>\n<tr>\n<td>Sensibilidad:  80 db \/ subwoofer  85 db<\/td>\n<\/tr>\n<tr>\n<td>Impedancia 4  and #937;<\/td>\n<\/tr>\n<tr>\n<td>Subwoofer:<\/td>\n<\/tr>\n<tr>\n<td>Tama\u00f1o: 4<\/td>\n<\/tr>\n<tr>\n<td>Frecuencia de respuesta 50 hz -300 khz<\/td>\n<\/tr>\n<tr>\n<td>Impedancia 4  and #937;<\/td>\n<\/tr>\n<tr>\n<td>Alimentaci\u00f3n 110 &#8211; 240 vc.   50\/ 60 hzsc. 2 a<\/td>\n<\/tr>\n<tr>\n<td>Informaci\u00f3n de empaque<\/td>\n<\/tr>\n<tr>\n<td>Ean-13: 7506215940832<\/td>\n<\/tr>\n<tr>\n<td>Dimensiones 29 cm x 25.5 cm x 22.5 cm<\/td>\n<\/tr>\n<tr>\n<td>Peso:  5.5 kg<\/td>\n<\/tr>\n<tr>\n<td>Garant\u00eda 1 a\u00f1o<\/td>\n<\/tr>\n<\/table>\n","protected":false},"excerpt":{"rendered":"<p>Bocinas acteck dynamic exact mini s-pro bs495 \/ rca &#8211; usb 2.0, 3.5 mm &#8211; bluetooth 5.3 \/ 60 w \/ sonido envolvente y potente \/ subwoofer \/elite blanco \/ ac-940832<\/p>\n","protected":false},"featured_media":260901,"comment_status":"open","ping_status":"open","template":"","meta":[],"product_cat":[1817,2168],"product_tag":[1582],"acf":[],"yoast_head":"<!-- This site is optimized with the Yoast SEO plugin v21.7 - https:\/\/yoast.com\/wordpress\/plugins\/seo\/ -->\n<title>[ Acteck ] &#129351; Ac-940832 Bocinas Dynamic Exact Mini S-pro Bs495 \/ Rca - Usb 2.0 - 3.5 Mm - Bluetooth 5.3 \/ 60 W \/ 300 Hz - 18 Khz \/ 80 Db - 85 Db \/ Sonido Envolvente Y Potente \/ Subwoofer \/ Negro \/<\/title>\n<meta name=\"description\" content=\"Compra Ac-940832 Bocinas Dynamic Exact Mini S-pro Bs495 \/ Rca - Usb 2.0 - 3.5 Mm - Bluetooth 5.3 \/ 60 W \/ 300 Hz - 18 Khz \/ 80 Db - 85 Db \/ Sonido Envolvente Y Potente \/ Subwoofer \/ Negro \/ + Env\u00edo a domicilio + Pago seguro + Garant\u00eda\" \/>\n<meta name=\"robots\" content=\"index, follow, max-snippet:-1, max-image-preview:large, max-video-preview:-1\" \/>\n<link rel=\"canonical\" href=\"https:\/\/compuviper.mx\/tienda\/producto\/acteck-ac-940832-bocinas-dynamic-exact-mini-s-pro-bs495-rca-usb-2-0-3-5-mm-bluetooth-5-3-60-w-300-hz-18-khz-80-db-85-db-sonido-envolvente-y-potente-subwoofer-negro\/\" \/>\n<meta property=\"og:locale\" content=\"es_MX\" \/>\n<meta property=\"og:type\" content=\"article\" \/>\n<meta property=\"og:title\" content=\"[ Acteck ] &#129351; Ac-940832 Bocinas Dynamic Exact Mini S-pro Bs495 \/ Rca - Usb 2.0 - 3.5 Mm - Bluetooth 5.3 \/ 60 W \/ 300 Hz - 18 Khz \/ 80 Db - 85 Db \/ Sonido Envolvente Y Potente \/ Subwoofer \/ Negro \/\" \/>\n<meta property=\"og:description\" content=\"Compra Ac-940832 Bocinas Dynamic Exact Mini S-pro Bs495 \/ Rca - Usb 2.0 - 3.5 Mm - Bluetooth 5.3 \/ 60 W \/ 300 Hz - 18 Khz \/ 80 Db - 85 Db \/ Sonido Envolvente Y Potente \/ Subwoofer \/ Negro \/ + Env\u00edo a domicilio + Pago seguro + Garant\u00eda\" \/>\n<meta property=\"og:url\" content=\"https:\/\/compuviper.mx\/tienda\/producto\/acteck-ac-940832-bocinas-dynamic-exact-mini-s-pro-bs495-rca-usb-2-0-3-5-mm-bluetooth-5-3-60-w-300-hz-18-khz-80-db-85-db-sonido-envolvente-y-potente-subwoofer-negro\/\" \/>\n<meta property=\"og:site_name\" content=\"Compuviper\" \/>\n<meta property=\"article:publisher\" content=\"https:\/\/www.facebook.com\/compuviper\" \/>\n<meta property=\"og:image\" content=\"https:\/\/compuviper.mx\/tienda\/wp-content\/uploads\/2025\/10\/Bocinas-acteck-dynamic-exact-mini-s-pro-bs495-rca-usb-2.0-3.5-mm-bluetooth-5.3-60-w-300-hz-18-khz-80-db-85-db-sonido-envolvente-y-potente-subwoofer-negro-ac-940832.jpg\" \/>\n\t<meta property=\"og:image:width\" content=\"200\" \/>\n\t<meta property=\"og:image:height\" content=\"200\" \/>\n\t<meta property=\"og:image:type\" content=\"image\/jpeg\" \/>\n<meta name=\"twitter:card\" content=\"summary_large_image\" \/>\n<meta name=\"twitter:label1\" content=\"Precio\" \/>\n\t<meta name=\"twitter:data1\" content=\"&#36;1,233 &#36;1,048 con IVA\" \/>\n\t<meta name=\"twitter:label2\" content=\"Availability\" \/>\n\t<meta name=\"twitter:data2\" content=\"On backorder\" \/>\n<script type=\"application\/ld+json\" class=\"yoast-schema-graph\">{\"@context\":\"https:\/\/schema.org\",\"@graph\":[{\"@type\":\"WebPage\",\"@id\":\"https:\/\/compuviper.mx\/tienda\/producto\/acteck-ac-940832-bocinas-dynamic-exact-mini-s-pro-bs495-rca-usb-2-0-3-5-mm-bluetooth-5-3-60-w-300-hz-18-khz-80-db-85-db-sonido-envolvente-y-potente-subwoofer-negro\/\",\"url\":\"https:\/\/compuviper.mx\/tienda\/producto\/acteck-ac-940832-bocinas-dynamic-exact-mini-s-pro-bs495-rca-usb-2-0-3-5-mm-bluetooth-5-3-60-w-300-hz-18-khz-80-db-85-db-sonido-envolvente-y-potente-subwoofer-negro\/\",\"name\":\"[ Acteck ] &#129351; Ac-940832 Bocinas Dynamic Exact Mini S-pro Bs495 \/ Rca - Usb 2.0 - 3.5 Mm - Bluetooth 5.3 \/ 60 W \/ 300 Hz - 18 Khz \/ 80 Db - 85 Db \/ Sonido Envolvente Y Potente \/ Subwoofer \/ Negro \/\",\"isPartOf\":{\"@id\":\"https:\/\/compuviper.mx\/tienda\/#website\"},\"datePublished\":\"2026-04-02T08:07:17+00:00\",\"dateModified\":\"2026-04-02T08:07:17+00:00\",\"description\":\"Compra Ac-940832 Bocinas Dynamic Exact Mini S-pro Bs495 \/ Rca - Usb 2.0 - 3.5 Mm - Bluetooth 5.3 \/ 60 W \/ 300 Hz - 18 Khz \/ 80 Db - 85 Db \/ Sonido Envolvente Y Potente \/ Subwoofer \/ Negro \/ + Env\u00edo a domicilio + Pago seguro + Garant\u00eda\",\"breadcrumb\":{\"@id\":\"https:\/\/compuviper.mx\/tienda\/producto\/acteck-ac-940832-bocinas-dynamic-exact-mini-s-pro-bs495-rca-usb-2-0-3-5-mm-bluetooth-5-3-60-w-300-hz-18-khz-80-db-85-db-sonido-envolvente-y-potente-subwoofer-negro\/#breadcrumb\"},\"inLanguage\":\"es-MX\",\"potentialAction\":[{\"@type\":\"ReadAction\",\"target\":[\"https:\/\/compuviper.mx\/tienda\/producto\/acteck-ac-940832-bocinas-dynamic-exact-mini-s-pro-bs495-rca-usb-2-0-3-5-mm-bluetooth-5-3-60-w-300-hz-18-khz-80-db-85-db-sonido-envolvente-y-potente-subwoofer-negro\/\"]}]},{\"@type\":\"BreadcrumbList\",\"@id\":\"https:\/\/compuviper.mx\/tienda\/producto\/acteck-ac-940832-bocinas-dynamic-exact-mini-s-pro-bs495-rca-usb-2-0-3-5-mm-bluetooth-5-3-60-w-300-hz-18-khz-80-db-85-db-sonido-envolvente-y-potente-subwoofer-negro\/#breadcrumb\",\"itemListElement\":[{\"@type\":\"ListItem\",\"position\":1,\"name\":\"Inicio\",\"item\":\"https:\/\/compuviper.mx\/tienda\/\"},{\"@type\":\"ListItem\",\"position\":2,\"name\":\"Productos\",\"item\":\"https:\/\/compuviper.mx\/tienda\/productos\/\"},{\"@type\":\"ListItem\",\"position\":3,\"name\":\"Bocinas\",\"item\":\"https:\/\/compuviper.mx\/tienda\/categoria-producto\/bocinas\/\"},{\"@type\":\"ListItem\",\"position\":4,\"name\":\"Sin Categor\u00eda\",\"item\":\"https:\/\/compuviper.mx\/tienda\/categoria-producto\/bocinas\/sin-categoria-bocinas\/\"},{\"@type\":\"ListItem\",\"position\":5,\"name\":\"Acteck Ac-940832 Bocinas Dynamic Exact Mini S-pro Bs495 \/ Rca &#8211; Usb 2.0 &#8211; 3.5 Mm &#8211; Bluetooth 5.3 \/ 60 W \/ 300 Hz &#8211; 18 Khz \/ 80 Db &#8211; 85 Db \/ Sonido Envolvente Y Potente \/ Subwoofer \/ Negro \/\"}]},{\"@type\":\"WebSite\",\"@id\":\"https:\/\/compuviper.mx\/tienda\/#website\",\"url\":\"https:\/\/compuviper.mx\/tienda\/\",\"name\":\"Compuviper\",\"description\":\"Proveedor de Computadoras, Laptops, Servidores, Monitores, Puntos de Venta, Teclados,   Impresoras, T\u00f3ner, C\u00e1maras de Seguridad y m\u00e1s en tu tienda en l\u00ednea\",\"publisher\":{\"@id\":\"https:\/\/compuviper.mx\/tienda\/#organization\"},\"potentialAction\":[{\"@type\":\"SearchAction\",\"target\":{\"@type\":\"EntryPoint\",\"urlTemplate\":\"https:\/\/compuviper.mx\/tienda\/?s={search_term_string}\"},\"query-input\":\"required name=search_term_string\"}],\"inLanguage\":\"es-MX\"},{\"@type\":\"Organization\",\"@id\":\"https:\/\/compuviper.mx\/tienda\/#organization\",\"name\":\"Compuviper\",\"url\":\"https:\/\/compuviper.mx\/tienda\/\",\"logo\":{\"@type\":\"ImageObject\",\"inLanguage\":\"es-MX\",\"@id\":\"https:\/\/compuviper.mx\/tienda\/#\/schema\/logo\/image\/\",\"url\":\"https:\/\/compuviper.mx\/tienda\/wp-content\/uploads\/2021\/08\/Logo-Compuviper-10.png\",\"contentUrl\":\"https:\/\/compuviper.mx\/tienda\/wp-content\/uploads\/2021\/08\/Logo-Compuviper-10.png\",\"width\":1000,\"height\":500,\"caption\":\"Compuviper\"},\"image\":{\"@id\":\"https:\/\/compuviper.mx\/tienda\/#\/schema\/logo\/image\/\"},\"sameAs\":[\"https:\/\/www.facebook.com\/compuviper\",\"https:\/\/www.youtube.com\/channel\/UCf73dERp9Y3cfOq7q8BhLjA?view_as=subscriber\"]}]}<\/script>\n<meta property=\"product:brand\" content=\"ACTECK\" \/>\n<meta property=\"product:price:amount\" content=\"1048\" \/>\n<meta property=\"product:price:currency\" content=\"MXN\" \/>\n<meta property=\"og:availability\" content=\"backorder\" \/>\n<meta property=\"product:availability\" content=\"available for order\" \/>\n<meta property=\"product:retailer_item_id\" content=\"AC-940832\" \/>\n<meta property=\"product:condition\" content=\"new\" \/>\n<!-- \/ Yoast SEO plugin. -->","yoast_head_json":{"title":"[ Acteck ] &#129351; Ac-940832 Bocinas Dynamic Exact Mini S-pro Bs495 \/ Rca - Usb 2.0 - 3.5 Mm - Bluetooth 5.3 \/ 60 W \/ 300 Hz - 18 Khz \/ 80 Db - 85 Db \/ Sonido Envolvente Y Potente \/ Subwoofer \/ Negro \/","description":"Compra Ac-940832 Bocinas Dynamic Exact Mini S-pro Bs495 \/ Rca - Usb 2.0 - 3.5 Mm - Bluetooth 5.3 \/ 60 W \/ 300 Hz - 18 Khz \/ 80 Db - 85 Db \/ Sonido Envolvente Y Potente \/ Subwoofer \/ Negro \/ + Env\u00edo a domicilio + Pago seguro + Garant\u00eda","robots":{"index":"index","follow":"follow","max-snippet":"max-snippet:-1","max-image-preview":"max-image-preview:large","max-video-preview":"max-video-preview:-1"},"canonical":"https:\/\/compuviper.mx\/tienda\/producto\/acteck-ac-940832-bocinas-dynamic-exact-mini-s-pro-bs495-rca-usb-2-0-3-5-mm-bluetooth-5-3-60-w-300-hz-18-khz-80-db-85-db-sonido-envolvente-y-potente-subwoofer-negro\/","og_locale":"es_MX","og_type":"article","og_title":"[ Acteck ] &#129351; Ac-940832 Bocinas Dynamic Exact Mini S-pro Bs495 \/ Rca - Usb 2.0 - 3.5 Mm - Bluetooth 5.3 \/ 60 W \/ 300 Hz - 18 Khz \/ 80 Db - 85 Db \/ Sonido Envolvente Y Potente \/ Subwoofer \/ Negro \/","og_description":"Compra Ac-940832 Bocinas Dynamic Exact Mini S-pro Bs495 \/ Rca - Usb 2.0 - 3.5 Mm - Bluetooth 5.3 \/ 60 W \/ 300 Hz - 18 Khz \/ 80 Db - 85 Db \/ Sonido Envolvente Y Potente \/ Subwoofer \/ Negro \/ + Env\u00edo a domicilio + Pago seguro + Garant\u00eda","og_url":"https:\/\/compuviper.mx\/tienda\/producto\/acteck-ac-940832-bocinas-dynamic-exact-mini-s-pro-bs495-rca-usb-2-0-3-5-mm-bluetooth-5-3-60-w-300-hz-18-khz-80-db-85-db-sonido-envolvente-y-potente-subwoofer-negro\/","og_site_name":"Compuviper","article_publisher":"https:\/\/www.facebook.com\/compuviper","og_image":[{"width":200,"height":200,"url":"https:\/\/compuviper.mx\/tienda\/wp-content\/uploads\/2025\/10\/Bocinas-acteck-dynamic-exact-mini-s-pro-bs495-rca-usb-2.0-3.5-mm-bluetooth-5.3-60-w-300-hz-18-khz-80-db-85-db-sonido-envolvente-y-potente-subwoofer-negro-ac-940832.jpg","type":"image\/jpeg"}],"twitter_card":"summary_large_image","twitter_misc":{"Precio":"&#36;1,233 &#36;1,048 con IVA","Availability":"On backorder"},"schema":{"@context":"https:\/\/schema.org","@graph":[{"@type":"WebPage","@id":"https:\/\/compuviper.mx\/tienda\/producto\/acteck-ac-940832-bocinas-dynamic-exact-mini-s-pro-bs495-rca-usb-2-0-3-5-mm-bluetooth-5-3-60-w-300-hz-18-khz-80-db-85-db-sonido-envolvente-y-potente-subwoofer-negro\/","url":"https:\/\/compuviper.mx\/tienda\/producto\/acteck-ac-940832-bocinas-dynamic-exact-mini-s-pro-bs495-rca-usb-2-0-3-5-mm-bluetooth-5-3-60-w-300-hz-18-khz-80-db-85-db-sonido-envolvente-y-potente-subwoofer-negro\/","name":"[ Acteck ] &#129351; Ac-940832 Bocinas Dynamic Exact Mini S-pro Bs495 \/ Rca - Usb 2.0 - 3.5 Mm - Bluetooth 5.3 \/ 60 W \/ 300 Hz - 18 Khz \/ 80 Db - 85 Db \/ Sonido Envolvente Y Potente \/ Subwoofer \/ Negro \/","isPartOf":{"@id":"https:\/\/compuviper.mx\/tienda\/#website"},"datePublished":"2026-04-02T08:07:17+00:00","dateModified":"2026-04-02T08:07:17+00:00","description":"Compra Ac-940832 Bocinas Dynamic Exact Mini S-pro Bs495 \/ Rca - Usb 2.0 - 3.5 Mm - Bluetooth 5.3 \/ 60 W \/ 300 Hz - 18 Khz \/ 80 Db - 85 Db \/ Sonido Envolvente Y Potente \/ Subwoofer \/ Negro \/ + Env\u00edo a domicilio + Pago seguro + Garant\u00eda","breadcrumb":{"@id":"https:\/\/compuviper.mx\/tienda\/producto\/acteck-ac-940832-bocinas-dynamic-exact-mini-s-pro-bs495-rca-usb-2-0-3-5-mm-bluetooth-5-3-60-w-300-hz-18-khz-80-db-85-db-sonido-envolvente-y-potente-subwoofer-negro\/#breadcrumb"},"inLanguage":"es-MX","potentialAction":[{"@type":"ReadAction","target":["https:\/\/compuviper.mx\/tienda\/producto\/acteck-ac-940832-bocinas-dynamic-exact-mini-s-pro-bs495-rca-usb-2-0-3-5-mm-bluetooth-5-3-60-w-300-hz-18-khz-80-db-85-db-sonido-envolvente-y-potente-subwoofer-negro\/"]}]},{"@type":"BreadcrumbList","@id":"https:\/\/compuviper.mx\/tienda\/producto\/acteck-ac-940832-bocinas-dynamic-exact-mini-s-pro-bs495-rca-usb-2-0-3-5-mm-bluetooth-5-3-60-w-300-hz-18-khz-80-db-85-db-sonido-envolvente-y-potente-subwoofer-negro\/#breadcrumb","itemListElement":[{"@type":"ListItem","position":1,"name":"Inicio","item":"https:\/\/compuviper.mx\/tienda\/"},{"@type":"ListItem","position":2,"name":"Productos","item":"https:\/\/compuviper.mx\/tienda\/productos\/"},{"@type":"ListItem","position":3,"name":"Bocinas","item":"https:\/\/compuviper.mx\/tienda\/categoria-producto\/bocinas\/"},{"@type":"ListItem","position":4,"name":"Sin Categor\u00eda","item":"https:\/\/compuviper.mx\/tienda\/categoria-producto\/bocinas\/sin-categoria-bocinas\/"},{"@type":"ListItem","position":5,"name":"Acteck Ac-940832 Bocinas Dynamic Exact Mini S-pro Bs495 \/ Rca &#8211; Usb 2.0 &#8211; 3.5 Mm &#8211; Bluetooth 5.3 \/ 60 W \/ 300 Hz &#8211; 18 Khz \/ 80 Db &#8211; 85 Db \/ Sonido Envolvente Y Potente \/ Subwoofer \/ Negro \/"}]},{"@type":"WebSite","@id":"https:\/\/compuviper.mx\/tienda\/#website","url":"https:\/\/compuviper.mx\/tienda\/","name":"Compuviper","description":"Proveedor de Computadoras, Laptops, Servidores, Monitores, Puntos de Venta, Teclados,   Impresoras, T\u00f3ner, C\u00e1maras de Seguridad y m\u00e1s en tu tienda en l\u00ednea","publisher":{"@id":"https:\/\/compuviper.mx\/tienda\/#organization"},"potentialAction":[{"@type":"SearchAction","target":{"@type":"EntryPoint","urlTemplate":"https:\/\/compuviper.mx\/tienda\/?s={search_term_string}"},"query-input":"required name=search_term_string"}],"inLanguage":"es-MX"},{"@type":"Organization","@id":"https:\/\/compuviper.mx\/tienda\/#organization","name":"Compuviper","url":"https:\/\/compuviper.mx\/tienda\/","logo":{"@type":"ImageObject","inLanguage":"es-MX","@id":"https:\/\/compuviper.mx\/tienda\/#\/schema\/logo\/image\/","url":"https:\/\/compuviper.mx\/tienda\/wp-content\/uploads\/2021\/08\/Logo-Compuviper-10.png","contentUrl":"https:\/\/compuviper.mx\/tienda\/wp-content\/uploads\/2021\/08\/Logo-Compuviper-10.png","width":1000,"height":500,"caption":"Compuviper"},"image":{"@id":"https:\/\/compuviper.mx\/tienda\/#\/schema\/logo\/image\/"},"sameAs":["https:\/\/www.facebook.com\/compuviper","https:\/\/www.youtube.com\/channel\/UCf73dERp9Y3cfOq7q8BhLjA?view_as=subscriber"]}]},"product_brand":"ACTECK","product_price_amount":"1048","product_price_currency":"MXN","og_availability":"backorder","product_availability":"available for order","product_retailer_item_id":"AC-940832","product_condition":"new"},"_links":{"self":[{"href":"https:\/\/compuviper.mx\/tienda\/wp-json\/wp\/v2\/product\/253208"}],"collection":[{"href":"https:\/\/compuviper.mx\/tienda\/wp-json\/wp\/v2\/product"}],"about":[{"href":"https:\/\/compuviper.mx\/tienda\/wp-json\/wp\/v2\/types\/product"}],"replies":[{"embeddable":true,"href":"https:\/\/compuviper.mx\/tienda\/wp-json\/wp\/v2\/comments?post=253208"}],"wp:featuredmedia":[{"embeddable":true,"href":"https:\/\/compuviper.mx\/tienda\/wp-json\/wp\/v2\/media\/260901"}],"wp:attachment":[{"href":"https:\/\/compuviper.mx\/tienda\/wp-json\/wp\/v2\/media?parent=253208"}],"wp:term":[{"taxonomy":"product_cat","embeddable":true,"href":"https:\/\/compuviper.mx\/tienda\/wp-json\/wp\/v2\/product_cat?post=253208"},{"taxonomy":"product_tag","embeddable":true,"href":"https:\/\/compuviper.mx\/tienda\/wp-json\/wp\/v2\/product_tag?post=253208"}],"curies":[{"name":"wp","href":"https:\/\/api.w.org\/{rel}","templated":true}]}}