{"id":253084,"date":"2026-04-18T01:14:52","date_gmt":"2026-04-18T07:14:52","guid":{"rendered":"https:\/\/compuviper.mx\/tienda\/producto\/dahua-dh-as5500-48gt4xf-600-switch-de-48-puertos-poe-gigabit-administrable-capa-3-600w-totales-poe-and-hi-poe-4-puertos-sfp-10gbps-capacidad-de-switching-176-gbps\/"},"modified":"2026-04-18T01:14:52","modified_gmt":"2026-04-18T07:14:52","slug":"dahua-dh-as5500-48gt4xf-600-switch-de-48-puertos-poe-gigabit-administrable-capa-3-600w-totales-poe-and-hi-poe-4-puertos-sfp-10gbps-capacidad-de-switching-176-gbps","status":"publish","type":"product","link":"https:\/\/compuviper.mx\/tienda\/producto\/dahua-dh-as5500-48gt4xf-600-switch-de-48-puertos-poe-gigabit-administrable-capa-3-600w-totales-poe-and-hi-poe-4-puertos-sfp-10gbps-capacidad-de-switching-176-gbps\/","title":{"rendered":"Dahua Dh-as5500-48gt4xf-600 Switch\/ \/  De 48 Puertos Poe Gigabit\/ Administrable Capa 3\/ 600w Totales\/ Poe  And  Hi-poe\/ 4 Puertos Sfp 10gbps\/ Capacidad De Switching 176 Gbps"},"content":{"rendered":"<table class=\"descripcion\">\n<tr>\n<td>Especificaciones tecnicas<\/td>\n<\/tr>\n<tr>\n<td>\u0095 material: fabricado en chapa<\/td>\n<\/tr>\n<tr>\n<td>\u0095 temperatura de funcionamiento admitida: \u00965 \u00b0c a +45 \u00b0c<\/td>\n<\/tr>\n<tr>\n<td>\u0095 proteccion contra rayos 1kv<\/td>\n<\/tr>\n<tr>\n<td>\u0095 fuente de alimentacion dual interna: 100\u0096240 vca, 50\/60 hz, 6 a<\/td>\n<\/tr>\n<tr>\n<td>\u0095 dimensiones: 440 mm \u00d7 460 mm \u00d7 43,6 mm<\/td>\n<\/tr>\n<tr>\n<td>\u0095 potencia maxima total 600w<\/td>\n<\/tr>\n<tr>\n<td>\u0095 admite protocolos poe ieee 802.3af; ieee802.3at<\/td>\n<\/tr>\n<\/table>\n","protected":false},"excerpt":{"rendered":"<p>Informacion general. La serie de conmutadores dahua as5500 son conmutadores gigabit ethernet de alto rendimiento con funciones l2 y l2+ completas, calidad de servicio (qos) de nivel empresarial, control de seguridad mejorado y un conjunto de funciones de isp. Caracteristicas principales. Marco resiliente inteligente 2 (irf2. Irf2 es la tecnologia de apilamiento utilizada junto con los puertos de repuesto del panel. Ofrece la flexibilidad de apilar distancias mas largas, como cientos de metros a traves de edificios o varios kilometros entre sitios, utilizando transceptores de largo alcance. Conectividad a nivel empresarial. Para la conectividad, se ofrecen modelos fijos de 1u que son ideales para sucursales o entornos empresariales pequenos y grandes. Cada conmutador incluye cuatro enlaces ascendentes integrados de 10 gbe de alta velocidad para una transmision sin bloqueo. Los modelos poe pueden transportar hasta 600 w para alimentar dispositivos finales. Potentes funciones l2 y l3. Esta serie admite una amplia gama de funciones l2, como vlan 802.1q, duplicacion de puertos, stp\/rstp\/mstp, protocolo de control de agregacion de enlaces y la funcion de control de flujo 802.3x. Tambien admite multiples funciones l3, incluidas ospf y rip, que abordan las demandas de servicios de agregacion y acceso empresarial<\/p>\n","protected":false},"featured_media":260194,"comment_status":"open","ping_status":"open","template":"","meta":[],"product_cat":[1563,1564],"product_tag":[1555],"acf":[],"yoast_head":"<!-- This site is optimized with the Yoast SEO plugin v21.7 - https:\/\/yoast.com\/wordpress\/plugins\/seo\/ -->\n<title>[ Dahua ] &#129351; Dh-as5500-48gt4xf-600 Switch\/ \/ De 48 Puertos Poe Gigabit\/ Administrable Capa 3\/ 600w Totales\/ Poe And Hi-poe\/ 4 Puertos Sfp 10gbps\/ Capacidad De Switching 176 Gbps<\/title>\n<meta name=\"description\" content=\"Compra Dh-as5500-48gt4xf-600 Switch\/ \/ De 48 Puertos Poe Gigabit\/ Administrable Capa 3\/ 600w Totales\/ Poe And Hi-poe\/ 4 Puertos Sfp 10gbps\/ Capacidad De Switching 176 Gbps + Env\u00edo a domicilio + Pago seguro + Garant\u00eda\" \/>\n<meta name=\"robots\" content=\"index, follow, max-snippet:-1, max-image-preview:large, max-video-preview:-1\" \/>\n<link rel=\"canonical\" href=\"https:\/\/compuviper.mx\/tienda\/producto\/dahua-dh-as5500-48gt4xf-600-switch-de-48-puertos-poe-gigabit-administrable-capa-3-600w-totales-poe-and-hi-poe-4-puertos-sfp-10gbps-capacidad-de-switching-176-gbps\/\" \/>\n<meta property=\"og:locale\" content=\"es_MX\" \/>\n<meta property=\"og:type\" content=\"article\" \/>\n<meta property=\"og:title\" content=\"[ Dahua ] &#129351; Dh-as5500-48gt4xf-600 Switch\/ \/ De 48 Puertos Poe Gigabit\/ Administrable Capa 3\/ 600w Totales\/ Poe And Hi-poe\/ 4 Puertos Sfp 10gbps\/ Capacidad De Switching 176 Gbps\" \/>\n<meta property=\"og:description\" content=\"Compra Dh-as5500-48gt4xf-600 Switch\/ \/ De 48 Puertos Poe Gigabit\/ Administrable Capa 3\/ 600w Totales\/ Poe And Hi-poe\/ 4 Puertos Sfp 10gbps\/ Capacidad De Switching 176 Gbps + Env\u00edo a domicilio + Pago seguro + Garant\u00eda\" \/>\n<meta property=\"og:url\" content=\"https:\/\/compuviper.mx\/tienda\/producto\/dahua-dh-as5500-48gt4xf-600-switch-de-48-puertos-poe-gigabit-administrable-capa-3-600w-totales-poe-and-hi-poe-4-puertos-sfp-10gbps-capacidad-de-switching-176-gbps\/\" \/>\n<meta property=\"og:site_name\" content=\"Compuviper\" \/>\n<meta property=\"article:publisher\" content=\"https:\/\/www.facebook.com\/compuviper\" \/>\n<meta property=\"og:image\" content=\"https:\/\/compuviper.mx\/tienda\/wp-content\/uploads\/2025\/10\/Switch-dahua-dh-as5500-48gt4xf-600-de-48-puertos-poe-gigabit-administrable-capa-3-600w-totales-poe-and-hi-poe-4-puertos-sfp-10gbps-capacidad-de-switching-176-gbps.jpg\" \/>\n\t<meta property=\"og:image:width\" content=\"200\" \/>\n\t<meta property=\"og:image:height\" content=\"200\" \/>\n\t<meta property=\"og:image:type\" content=\"image\/jpeg\" \/>\n<meta name=\"twitter:card\" content=\"summary_large_image\" \/>\n<meta name=\"twitter:label1\" content=\"Precio\" \/>\n\t<meta name=\"twitter:data1\" content=\"&#36;51,659 con IVA\" \/>\n\t<meta name=\"twitter:label2\" content=\"Availability\" \/>\n\t<meta name=\"twitter:data2\" content=\"On backorder\" \/>\n<script type=\"application\/ld+json\" class=\"yoast-schema-graph\">{\"@context\":\"https:\/\/schema.org\",\"@graph\":[{\"@type\":\"WebPage\",\"@id\":\"https:\/\/compuviper.mx\/tienda\/producto\/dahua-dh-as5500-48gt4xf-600-switch-de-48-puertos-poe-gigabit-administrable-capa-3-600w-totales-poe-and-hi-poe-4-puertos-sfp-10gbps-capacidad-de-switching-176-gbps\/\",\"url\":\"https:\/\/compuviper.mx\/tienda\/producto\/dahua-dh-as5500-48gt4xf-600-switch-de-48-puertos-poe-gigabit-administrable-capa-3-600w-totales-poe-and-hi-poe-4-puertos-sfp-10gbps-capacidad-de-switching-176-gbps\/\",\"name\":\"[ Dahua ] &#129351; Dh-as5500-48gt4xf-600 Switch\/ \/ De 48 Puertos Poe Gigabit\/ Administrable Capa 3\/ 600w Totales\/ Poe And Hi-poe\/ 4 Puertos Sfp 10gbps\/ Capacidad De Switching 176 Gbps\",\"isPartOf\":{\"@id\":\"https:\/\/compuviper.mx\/tienda\/#website\"},\"datePublished\":\"2026-04-18T07:14:52+00:00\",\"dateModified\":\"2026-04-18T07:14:52+00:00\",\"description\":\"Compra Dh-as5500-48gt4xf-600 Switch\/ \/ De 48 Puertos Poe Gigabit\/ Administrable Capa 3\/ 600w Totales\/ Poe And Hi-poe\/ 4 Puertos Sfp 10gbps\/ Capacidad De Switching 176 Gbps + Env\u00edo a domicilio + Pago seguro + Garant\u00eda\",\"breadcrumb\":{\"@id\":\"https:\/\/compuviper.mx\/tienda\/producto\/dahua-dh-as5500-48gt4xf-600-switch-de-48-puertos-poe-gigabit-administrable-capa-3-600w-totales-poe-and-hi-poe-4-puertos-sfp-10gbps-capacidad-de-switching-176-gbps\/#breadcrumb\"},\"inLanguage\":\"es-MX\",\"potentialAction\":[{\"@type\":\"ReadAction\",\"target\":[\"https:\/\/compuviper.mx\/tienda\/producto\/dahua-dh-as5500-48gt4xf-600-switch-de-48-puertos-poe-gigabit-administrable-capa-3-600w-totales-poe-and-hi-poe-4-puertos-sfp-10gbps-capacidad-de-switching-176-gbps\/\"]}]},{\"@type\":\"BreadcrumbList\",\"@id\":\"https:\/\/compuviper.mx\/tienda\/producto\/dahua-dh-as5500-48gt4xf-600-switch-de-48-puertos-poe-gigabit-administrable-capa-3-600w-totales-poe-and-hi-poe-4-puertos-sfp-10gbps-capacidad-de-switching-176-gbps\/#breadcrumb\",\"itemListElement\":[{\"@type\":\"ListItem\",\"position\":1,\"name\":\"Inicio\",\"item\":\"https:\/\/compuviper.mx\/tienda\/\"},{\"@type\":\"ListItem\",\"position\":2,\"name\":\"Productos\",\"item\":\"https:\/\/compuviper.mx\/tienda\/productos\/\"},{\"@type\":\"ListItem\",\"position\":3,\"name\":\"Redes\",\"item\":\"https:\/\/compuviper.mx\/tienda\/categoria-producto\/redes\/\"},{\"@type\":\"ListItem\",\"position\":4,\"name\":\"Switch\",\"item\":\"https:\/\/compuviper.mx\/tienda\/categoria-producto\/redes\/switch\/\"},{\"@type\":\"ListItem\",\"position\":5,\"name\":\"Dahua Dh-as5500-48gt4xf-600 Switch\/ \/ De 48 Puertos Poe Gigabit\/ Administrable Capa 3\/ 600w Totales\/ Poe And Hi-poe\/ 4 Puertos Sfp 10gbps\/ Capacidad De Switching 176 Gbps\"}]},{\"@type\":\"WebSite\",\"@id\":\"https:\/\/compuviper.mx\/tienda\/#website\",\"url\":\"https:\/\/compuviper.mx\/tienda\/\",\"name\":\"Compuviper\",\"description\":\"Proveedor de Computadoras, Laptops, Servidores, Monitores, Puntos de Venta, Teclados,   Impresoras, T\u00f3ner, C\u00e1maras de Seguridad y m\u00e1s en tu tienda en l\u00ednea\",\"publisher\":{\"@id\":\"https:\/\/compuviper.mx\/tienda\/#organization\"},\"potentialAction\":[{\"@type\":\"SearchAction\",\"target\":{\"@type\":\"EntryPoint\",\"urlTemplate\":\"https:\/\/compuviper.mx\/tienda\/?s={search_term_string}\"},\"query-input\":\"required name=search_term_string\"}],\"inLanguage\":\"es-MX\"},{\"@type\":\"Organization\",\"@id\":\"https:\/\/compuviper.mx\/tienda\/#organization\",\"name\":\"Compuviper\",\"url\":\"https:\/\/compuviper.mx\/tienda\/\",\"logo\":{\"@type\":\"ImageObject\",\"inLanguage\":\"es-MX\",\"@id\":\"https:\/\/compuviper.mx\/tienda\/#\/schema\/logo\/image\/\",\"url\":\"https:\/\/compuviper.mx\/tienda\/wp-content\/uploads\/2021\/08\/Logo-Compuviper-10.png\",\"contentUrl\":\"https:\/\/compuviper.mx\/tienda\/wp-content\/uploads\/2021\/08\/Logo-Compuviper-10.png\",\"width\":1000,\"height\":500,\"caption\":\"Compuviper\"},\"image\":{\"@id\":\"https:\/\/compuviper.mx\/tienda\/#\/schema\/logo\/image\/\"},\"sameAs\":[\"https:\/\/www.facebook.com\/compuviper\",\"https:\/\/www.youtube.com\/channel\/UCf73dERp9Y3cfOq7q8BhLjA?view_as=subscriber\"]}]}<\/script>\n<meta property=\"product:brand\" content=\"DAHUA\" \/>\n<meta property=\"product:price:amount\" content=\"51659\" \/>\n<meta property=\"product:price:currency\" content=\"MXN\" \/>\n<meta property=\"og:availability\" content=\"backorder\" \/>\n<meta property=\"product:availability\" content=\"available for order\" \/>\n<meta property=\"product:retailer_item_id\" content=\"DH-AS5500-48GT4XF-600\" \/>\n<meta property=\"product:condition\" content=\"new\" \/>\n<!-- \/ Yoast SEO plugin. -->","yoast_head_json":{"title":"[ Dahua ] &#129351; Dh-as5500-48gt4xf-600 Switch\/ \/ De 48 Puertos Poe Gigabit\/ Administrable Capa 3\/ 600w Totales\/ Poe And Hi-poe\/ 4 Puertos Sfp 10gbps\/ Capacidad De Switching 176 Gbps","description":"Compra Dh-as5500-48gt4xf-600 Switch\/ \/ De 48 Puertos Poe Gigabit\/ Administrable Capa 3\/ 600w Totales\/ Poe And Hi-poe\/ 4 Puertos Sfp 10gbps\/ Capacidad De Switching 176 Gbps + Env\u00edo a domicilio + Pago seguro + Garant\u00eda","robots":{"index":"index","follow":"follow","max-snippet":"max-snippet:-1","max-image-preview":"max-image-preview:large","max-video-preview":"max-video-preview:-1"},"canonical":"https:\/\/compuviper.mx\/tienda\/producto\/dahua-dh-as5500-48gt4xf-600-switch-de-48-puertos-poe-gigabit-administrable-capa-3-600w-totales-poe-and-hi-poe-4-puertos-sfp-10gbps-capacidad-de-switching-176-gbps\/","og_locale":"es_MX","og_type":"article","og_title":"[ Dahua ] &#129351; Dh-as5500-48gt4xf-600 Switch\/ \/ De 48 Puertos Poe Gigabit\/ Administrable Capa 3\/ 600w Totales\/ Poe And Hi-poe\/ 4 Puertos Sfp 10gbps\/ Capacidad De Switching 176 Gbps","og_description":"Compra Dh-as5500-48gt4xf-600 Switch\/ \/ De 48 Puertos Poe Gigabit\/ Administrable Capa 3\/ 600w Totales\/ Poe And Hi-poe\/ 4 Puertos Sfp 10gbps\/ Capacidad De Switching 176 Gbps + Env\u00edo a domicilio + Pago seguro + Garant\u00eda","og_url":"https:\/\/compuviper.mx\/tienda\/producto\/dahua-dh-as5500-48gt4xf-600-switch-de-48-puertos-poe-gigabit-administrable-capa-3-600w-totales-poe-and-hi-poe-4-puertos-sfp-10gbps-capacidad-de-switching-176-gbps\/","og_site_name":"Compuviper","article_publisher":"https:\/\/www.facebook.com\/compuviper","og_image":[{"width":200,"height":200,"url":"https:\/\/compuviper.mx\/tienda\/wp-content\/uploads\/2025\/10\/Switch-dahua-dh-as5500-48gt4xf-600-de-48-puertos-poe-gigabit-administrable-capa-3-600w-totales-poe-and-hi-poe-4-puertos-sfp-10gbps-capacidad-de-switching-176-gbps.jpg","type":"image\/jpeg"}],"twitter_card":"summary_large_image","twitter_misc":{"Precio":"&#36;51,659 con IVA","Availability":"On backorder"},"schema":{"@context":"https:\/\/schema.org","@graph":[{"@type":"WebPage","@id":"https:\/\/compuviper.mx\/tienda\/producto\/dahua-dh-as5500-48gt4xf-600-switch-de-48-puertos-poe-gigabit-administrable-capa-3-600w-totales-poe-and-hi-poe-4-puertos-sfp-10gbps-capacidad-de-switching-176-gbps\/","url":"https:\/\/compuviper.mx\/tienda\/producto\/dahua-dh-as5500-48gt4xf-600-switch-de-48-puertos-poe-gigabit-administrable-capa-3-600w-totales-poe-and-hi-poe-4-puertos-sfp-10gbps-capacidad-de-switching-176-gbps\/","name":"[ Dahua ] &#129351; Dh-as5500-48gt4xf-600 Switch\/ \/ De 48 Puertos Poe Gigabit\/ Administrable Capa 3\/ 600w Totales\/ Poe And Hi-poe\/ 4 Puertos Sfp 10gbps\/ Capacidad De Switching 176 Gbps","isPartOf":{"@id":"https:\/\/compuviper.mx\/tienda\/#website"},"datePublished":"2026-04-18T07:14:52+00:00","dateModified":"2026-04-18T07:14:52+00:00","description":"Compra Dh-as5500-48gt4xf-600 Switch\/ \/ De 48 Puertos Poe Gigabit\/ Administrable Capa 3\/ 600w Totales\/ Poe And Hi-poe\/ 4 Puertos Sfp 10gbps\/ Capacidad De Switching 176 Gbps + Env\u00edo a domicilio + Pago seguro + Garant\u00eda","breadcrumb":{"@id":"https:\/\/compuviper.mx\/tienda\/producto\/dahua-dh-as5500-48gt4xf-600-switch-de-48-puertos-poe-gigabit-administrable-capa-3-600w-totales-poe-and-hi-poe-4-puertos-sfp-10gbps-capacidad-de-switching-176-gbps\/#breadcrumb"},"inLanguage":"es-MX","potentialAction":[{"@type":"ReadAction","target":["https:\/\/compuviper.mx\/tienda\/producto\/dahua-dh-as5500-48gt4xf-600-switch-de-48-puertos-poe-gigabit-administrable-capa-3-600w-totales-poe-and-hi-poe-4-puertos-sfp-10gbps-capacidad-de-switching-176-gbps\/"]}]},{"@type":"BreadcrumbList","@id":"https:\/\/compuviper.mx\/tienda\/producto\/dahua-dh-as5500-48gt4xf-600-switch-de-48-puertos-poe-gigabit-administrable-capa-3-600w-totales-poe-and-hi-poe-4-puertos-sfp-10gbps-capacidad-de-switching-176-gbps\/#breadcrumb","itemListElement":[{"@type":"ListItem","position":1,"name":"Inicio","item":"https:\/\/compuviper.mx\/tienda\/"},{"@type":"ListItem","position":2,"name":"Productos","item":"https:\/\/compuviper.mx\/tienda\/productos\/"},{"@type":"ListItem","position":3,"name":"Redes","item":"https:\/\/compuviper.mx\/tienda\/categoria-producto\/redes\/"},{"@type":"ListItem","position":4,"name":"Switch","item":"https:\/\/compuviper.mx\/tienda\/categoria-producto\/redes\/switch\/"},{"@type":"ListItem","position":5,"name":"Dahua Dh-as5500-48gt4xf-600 Switch\/ \/ De 48 Puertos Poe Gigabit\/ Administrable Capa 3\/ 600w Totales\/ Poe And Hi-poe\/ 4 Puertos Sfp 10gbps\/ Capacidad De Switching 176 Gbps"}]},{"@type":"WebSite","@id":"https:\/\/compuviper.mx\/tienda\/#website","url":"https:\/\/compuviper.mx\/tienda\/","name":"Compuviper","description":"Proveedor de Computadoras, Laptops, Servidores, Monitores, Puntos de Venta, Teclados,   Impresoras, T\u00f3ner, C\u00e1maras de Seguridad y m\u00e1s en tu tienda en l\u00ednea","publisher":{"@id":"https:\/\/compuviper.mx\/tienda\/#organization"},"potentialAction":[{"@type":"SearchAction","target":{"@type":"EntryPoint","urlTemplate":"https:\/\/compuviper.mx\/tienda\/?s={search_term_string}"},"query-input":"required name=search_term_string"}],"inLanguage":"es-MX"},{"@type":"Organization","@id":"https:\/\/compuviper.mx\/tienda\/#organization","name":"Compuviper","url":"https:\/\/compuviper.mx\/tienda\/","logo":{"@type":"ImageObject","inLanguage":"es-MX","@id":"https:\/\/compuviper.mx\/tienda\/#\/schema\/logo\/image\/","url":"https:\/\/compuviper.mx\/tienda\/wp-content\/uploads\/2021\/08\/Logo-Compuviper-10.png","contentUrl":"https:\/\/compuviper.mx\/tienda\/wp-content\/uploads\/2021\/08\/Logo-Compuviper-10.png","width":1000,"height":500,"caption":"Compuviper"},"image":{"@id":"https:\/\/compuviper.mx\/tienda\/#\/schema\/logo\/image\/"},"sameAs":["https:\/\/www.facebook.com\/compuviper","https:\/\/www.youtube.com\/channel\/UCf73dERp9Y3cfOq7q8BhLjA?view_as=subscriber"]}]},"product_brand":"DAHUA","product_price_amount":"51659","product_price_currency":"MXN","og_availability":"backorder","product_availability":"available for order","product_retailer_item_id":"DH-AS5500-48GT4XF-600","product_condition":"new"},"_links":{"self":[{"href":"https:\/\/compuviper.mx\/tienda\/wp-json\/wp\/v2\/product\/253084"}],"collection":[{"href":"https:\/\/compuviper.mx\/tienda\/wp-json\/wp\/v2\/product"}],"about":[{"href":"https:\/\/compuviper.mx\/tienda\/wp-json\/wp\/v2\/types\/product"}],"replies":[{"embeddable":true,"href":"https:\/\/compuviper.mx\/tienda\/wp-json\/wp\/v2\/comments?post=253084"}],"wp:featuredmedia":[{"embeddable":true,"href":"https:\/\/compuviper.mx\/tienda\/wp-json\/wp\/v2\/media\/260194"}],"wp:attachment":[{"href":"https:\/\/compuviper.mx\/tienda\/wp-json\/wp\/v2\/media?parent=253084"}],"wp:term":[{"taxonomy":"product_cat","embeddable":true,"href":"https:\/\/compuviper.mx\/tienda\/wp-json\/wp\/v2\/product_cat?post=253084"},{"taxonomy":"product_tag","embeddable":true,"href":"https:\/\/compuviper.mx\/tienda\/wp-json\/wp\/v2\/product_tag?post=253084"}],"curies":[{"name":"wp","href":"https:\/\/api.w.org\/{rel}","templated":true}]}}