{"id":253006,"date":"2026-04-07T00:28:50","date_gmt":"2026-04-07T06:28:50","guid":{"rendered":"https:\/\/compuviper.mx\/tienda\/producto\/koblenz-7516-usb-r-no-break-ups-7516-usb-r-750-va-450-w-interactivo-monofasico-120-v-4-nema-5-15-r-respaldo-y-2-nema-5-15-r-con-supresion-de-sobretension-garantia-2-aos-incluyendo-bateria\/"},"modified":"2026-04-07T00:28:50","modified_gmt":"2026-04-07T06:28:50","slug":"koblenz-7516-usb-r-no-break-ups-7516-usb-r-750-va-450-w-interactivo-monofasico-120-v-4-nema-5-15-r-respaldo-y-2-nema-5-15-r-con-supresion-de-sobretension-garantia-2-aos-incluyendo-bateria","status":"publish","type":"product","link":"https:\/\/compuviper.mx\/tienda\/producto\/koblenz-7516-usb-r-no-break-ups-7516-usb-r-750-va-450-w-interactivo-monofasico-120-v-4-nema-5-15-r-respaldo-y-2-nema-5-15-r-con-supresion-de-sobretension-garantia-2-aos-incluyendo-bateria\/","title":{"rendered":"Koblenz 7516 Usb\/r No Break Ups  7516 Usb R \/ 750 Va \/ 450 W \/ Interactivo Monofasico 120 V \/ 4 Nema 5-15 R Respaldo Y 2 Nema 5-15 R Con Supresion De Sobretension \/ Garantia 2 A?os Incluyendo Bateria"},"content":{"rendered":"<table class=\"descripcion\">\n<tr>\n<td>El no break koblenz 7516 usbr es un dispositivo de protecci\u00f3n el\u00e9ctrica que cuenta con una capacidad de potencia de salida (va) de 750 va y una potencia m\u00e1xima de salida de 450 w. su topolog\u00eda ups se basa en la l\u00ednea interactiva, lo que significa que utiliza su bater\u00eda para estabilizar el voltaje cuando hay fluctuaciones en la corriente el\u00e9ctrica.<\/td>\n<\/tr>\n<\/table>\n","protected":false},"excerpt":{"rendered":"<p>Ups con 750 va \/ 450 w de capacidad que te permiten conectar computadoras, pantallas, consolas, m\u00f3dems, etc. Y mantenerlos protegidos y funcionando sin importar que haya apagones o cortes de energia. Ideal para hogares y oficinas al contar con capacidad para proteger y mantener funcionando pantallas de 25 a 52 pulgadas, consolas de videojuegos, m\u00f3dems, impresoras, pcs, bocinas, etc.<\/p>\n","protected":false},"featured_media":259584,"comment_status":"open","ping_status":"open","template":"","meta":[],"product_cat":[1508,1691],"product_tag":[1577],"acf":[],"yoast_head":"<!-- This site is optimized with the Yoast SEO plugin v21.7 - https:\/\/yoast.com\/wordpress\/plugins\/seo\/ -->\n<title>[ Koblenz ] &#129351; 7516 Usb\/r No Break Ups 7516 Usb R \/ 750 Va \/ 450 W \/ Interactivo Monofasico 120 V \/ 4 Nema 5-15 R Respaldo Y 2 Nema 5-15 R Con Supresion De Sobretension \/ Garantia 2 A\u00f1os Incluyendo Bateria<\/title>\n<meta name=\"description\" content=\"Compra 7516 Usb\/r No Break Ups 7516 Usb R \/ 750 Va \/ 450 W \/ Interactivo Monofasico 120 V \/ 4 Nema 5-15 R Respaldo Y 2 Nema 5-15 R Con Supresion De Sobretension \/ Garantia 2 A\u00f1os Incluyendo Bateria + Env\u00edo a domicilio + Pago seguro + Garant\u00eda\" \/>\n<meta name=\"robots\" content=\"index, follow, max-snippet:-1, max-image-preview:large, max-video-preview:-1\" \/>\n<link rel=\"canonical\" href=\"https:\/\/compuviper.mx\/tienda\/producto\/koblenz-7516-usb-r-no-break-ups-7516-usb-r-750-va-450-w-interactivo-monofasico-120-v-4-nema-5-15-r-respaldo-y-2-nema-5-15-r-con-supresion-de-sobretension-garantia-2-aos-incluyendo-bateria\/\" \/>\n<meta property=\"og:locale\" content=\"es_MX\" \/>\n<meta property=\"og:type\" content=\"article\" \/>\n<meta property=\"og:title\" content=\"[ Koblenz ] &#129351; 7516 Usb\/r No Break Ups 7516 Usb R \/ 750 Va \/ 450 W \/ Interactivo Monofasico 120 V \/ 4 Nema 5-15 R Respaldo Y 2 Nema 5-15 R Con Supresion De Sobretension \/ Garantia 2 A\u00f1os Incluyendo Bateria\" \/>\n<meta property=\"og:description\" content=\"Compra 7516 Usb\/r No Break Ups 7516 Usb R \/ 750 Va \/ 450 W \/ Interactivo Monofasico 120 V \/ 4 Nema 5-15 R Respaldo Y 2 Nema 5-15 R Con Supresion De Sobretension \/ Garantia 2 A\u00f1os Incluyendo Bateria + Env\u00edo a domicilio + Pago seguro + Garant\u00eda\" \/>\n<meta property=\"og:url\" content=\"https:\/\/compuviper.mx\/tienda\/producto\/koblenz-7516-usb-r-no-break-ups-7516-usb-r-750-va-450-w-interactivo-monofasico-120-v-4-nema-5-15-r-respaldo-y-2-nema-5-15-r-con-supresion-de-sobretension-garantia-2-aos-incluyendo-bateria\/\" \/>\n<meta property=\"og:site_name\" content=\"Compuviper\" \/>\n<meta property=\"article:publisher\" content=\"https:\/\/www.facebook.com\/compuviper\" \/>\n<meta property=\"og:image\" content=\"https:\/\/compuviper.mx\/tienda\/wp-content\/uploads\/2025\/10\/No-break-ups-koblenz-7516-usb-r-750-va-450-w-interactivo-monofasico-120-v-4-nema-5-15-r-respaldo-y-2-nema-5-15-r-con-supresion-de-sobretension-garantia-2-anos-incluyendo-bateria.jpg\" \/>\n\t<meta property=\"og:image:width\" content=\"200\" \/>\n\t<meta property=\"og:image:height\" content=\"200\" \/>\n\t<meta property=\"og:image:type\" content=\"image\/jpeg\" \/>\n<meta name=\"twitter:card\" content=\"summary_large_image\" \/>\n<meta name=\"twitter:label1\" content=\"Precio\" \/>\n\t<meta name=\"twitter:data1\" content=\"&#36;1,672 &#36;1,605 con IVA\" \/>\n\t<meta name=\"twitter:label2\" content=\"Availability\" \/>\n\t<meta name=\"twitter:data2\" content=\"Out of stock\" \/>\n<script type=\"application\/ld+json\" class=\"yoast-schema-graph\">{\"@context\":\"https:\/\/schema.org\",\"@graph\":[{\"@type\":\"WebPage\",\"@id\":\"https:\/\/compuviper.mx\/tienda\/producto\/koblenz-7516-usb-r-no-break-ups-7516-usb-r-750-va-450-w-interactivo-monofasico-120-v-4-nema-5-15-r-respaldo-y-2-nema-5-15-r-con-supresion-de-sobretension-garantia-2-aos-incluyendo-bateria\/\",\"url\":\"https:\/\/compuviper.mx\/tienda\/producto\/koblenz-7516-usb-r-no-break-ups-7516-usb-r-750-va-450-w-interactivo-monofasico-120-v-4-nema-5-15-r-respaldo-y-2-nema-5-15-r-con-supresion-de-sobretension-garantia-2-aos-incluyendo-bateria\/\",\"name\":\"[ Koblenz ] &#129351; 7516 Usb\/r No Break Ups 7516 Usb R \/ 750 Va \/ 450 W \/ Interactivo Monofasico 120 V \/ 4 Nema 5-15 R Respaldo Y 2 Nema 5-15 R Con Supresion De Sobretension \/ Garantia 2 A\u00f1os Incluyendo Bateria\",\"isPartOf\":{\"@id\":\"https:\/\/compuviper.mx\/tienda\/#website\"},\"datePublished\":\"2026-04-07T06:28:50+00:00\",\"dateModified\":\"2026-04-07T06:28:50+00:00\",\"description\":\"Compra 7516 Usb\/r No Break Ups 7516 Usb R \/ 750 Va \/ 450 W \/ Interactivo Monofasico 120 V \/ 4 Nema 5-15 R Respaldo Y 2 Nema 5-15 R Con Supresion De Sobretension \/ Garantia 2 A\u00f1os Incluyendo Bateria + Env\u00edo a domicilio + Pago seguro + Garant\u00eda\",\"breadcrumb\":{\"@id\":\"https:\/\/compuviper.mx\/tienda\/producto\/koblenz-7516-usb-r-no-break-ups-7516-usb-r-750-va-450-w-interactivo-monofasico-120-v-4-nema-5-15-r-respaldo-y-2-nema-5-15-r-con-supresion-de-sobretension-garantia-2-aos-incluyendo-bateria\/#breadcrumb\"},\"inLanguage\":\"es-MX\",\"potentialAction\":[{\"@type\":\"ReadAction\",\"target\":[\"https:\/\/compuviper.mx\/tienda\/producto\/koblenz-7516-usb-r-no-break-ups-7516-usb-r-750-va-450-w-interactivo-monofasico-120-v-4-nema-5-15-r-respaldo-y-2-nema-5-15-r-con-supresion-de-sobretension-garantia-2-aos-incluyendo-bateria\/\"]}]},{\"@type\":\"BreadcrumbList\",\"@id\":\"https:\/\/compuviper.mx\/tienda\/producto\/koblenz-7516-usb-r-no-break-ups-7516-usb-r-750-va-450-w-interactivo-monofasico-120-v-4-nema-5-15-r-respaldo-y-2-nema-5-15-r-con-supresion-de-sobretension-garantia-2-aos-incluyendo-bateria\/#breadcrumb\",\"itemListElement\":[{\"@type\":\"ListItem\",\"position\":1,\"name\":\"Inicio\",\"item\":\"https:\/\/compuviper.mx\/tienda\/\"},{\"@type\":\"ListItem\",\"position\":2,\"name\":\"Productos\",\"item\":\"https:\/\/compuviper.mx\/tienda\/productos\/\"},{\"@type\":\"ListItem\",\"position\":3,\"name\":\"Energia\",\"item\":\"https:\/\/compuviper.mx\/tienda\/categoria-producto\/energia\/\"},{\"@type\":\"ListItem\",\"position\":4,\"name\":\"No Break\",\"item\":\"https:\/\/compuviper.mx\/tienda\/categoria-producto\/energia\/no-break\/\"},{\"@type\":\"ListItem\",\"position\":5,\"name\":\"Koblenz 7516 Usb\/r No Break Ups 7516 Usb R \/ 750 Va \/ 450 W \/ Interactivo Monofasico 120 V \/ 4 Nema 5-15 R Respaldo Y 2 Nema 5-15 R Con Supresion De Sobretension \/ Garantia 2 A?os Incluyendo Bateria\"}]},{\"@type\":\"WebSite\",\"@id\":\"https:\/\/compuviper.mx\/tienda\/#website\",\"url\":\"https:\/\/compuviper.mx\/tienda\/\",\"name\":\"Compuviper\",\"description\":\"Proveedor de Computadoras, Laptops, Servidores, Monitores, Puntos de Venta, Teclados,   Impresoras, T\u00f3ner, C\u00e1maras de Seguridad y m\u00e1s en tu tienda en l\u00ednea\",\"publisher\":{\"@id\":\"https:\/\/compuviper.mx\/tienda\/#organization\"},\"potentialAction\":[{\"@type\":\"SearchAction\",\"target\":{\"@type\":\"EntryPoint\",\"urlTemplate\":\"https:\/\/compuviper.mx\/tienda\/?s={search_term_string}\"},\"query-input\":\"required name=search_term_string\"}],\"inLanguage\":\"es-MX\"},{\"@type\":\"Organization\",\"@id\":\"https:\/\/compuviper.mx\/tienda\/#organization\",\"name\":\"Compuviper\",\"url\":\"https:\/\/compuviper.mx\/tienda\/\",\"logo\":{\"@type\":\"ImageObject\",\"inLanguage\":\"es-MX\",\"@id\":\"https:\/\/compuviper.mx\/tienda\/#\/schema\/logo\/image\/\",\"url\":\"https:\/\/compuviper.mx\/tienda\/wp-content\/uploads\/2021\/08\/Logo-Compuviper-10.png\",\"contentUrl\":\"https:\/\/compuviper.mx\/tienda\/wp-content\/uploads\/2021\/08\/Logo-Compuviper-10.png\",\"width\":1000,\"height\":500,\"caption\":\"Compuviper\"},\"image\":{\"@id\":\"https:\/\/compuviper.mx\/tienda\/#\/schema\/logo\/image\/\"},\"sameAs\":[\"https:\/\/www.facebook.com\/compuviper\",\"https:\/\/www.youtube.com\/channel\/UCf73dERp9Y3cfOq7q8BhLjA?view_as=subscriber\"]}]}<\/script>\n<meta property=\"product:brand\" content=\"KOBLENZ\" \/>\n<meta property=\"product:price:amount\" content=\"1605\" \/>\n<meta property=\"product:price:currency\" content=\"MXN\" \/>\n<meta property=\"og:availability\" content=\"out of stock\" \/>\n<meta property=\"product:availability\" content=\"out of stock\" \/>\n<meta property=\"product:retailer_item_id\" content=\"7516 USB\/R\" \/>\n<meta property=\"product:condition\" content=\"new\" \/>\n<!-- \/ Yoast SEO plugin. -->","yoast_head_json":{"title":"[ Koblenz ] &#129351; 7516 Usb\/r No Break Ups 7516 Usb R \/ 750 Va \/ 450 W \/ Interactivo Monofasico 120 V \/ 4 Nema 5-15 R Respaldo Y 2 Nema 5-15 R Con Supresion De Sobretension \/ Garantia 2 A\u00f1os Incluyendo Bateria","description":"Compra 7516 Usb\/r No Break Ups 7516 Usb R \/ 750 Va \/ 450 W \/ Interactivo Monofasico 120 V \/ 4 Nema 5-15 R Respaldo Y 2 Nema 5-15 R Con Supresion De Sobretension \/ Garantia 2 A\u00f1os Incluyendo Bateria + Env\u00edo a domicilio + Pago seguro + Garant\u00eda","robots":{"index":"index","follow":"follow","max-snippet":"max-snippet:-1","max-image-preview":"max-image-preview:large","max-video-preview":"max-video-preview:-1"},"canonical":"https:\/\/compuviper.mx\/tienda\/producto\/koblenz-7516-usb-r-no-break-ups-7516-usb-r-750-va-450-w-interactivo-monofasico-120-v-4-nema-5-15-r-respaldo-y-2-nema-5-15-r-con-supresion-de-sobretension-garantia-2-aos-incluyendo-bateria\/","og_locale":"es_MX","og_type":"article","og_title":"[ Koblenz ] &#129351; 7516 Usb\/r No Break Ups 7516 Usb R \/ 750 Va \/ 450 W \/ Interactivo Monofasico 120 V \/ 4 Nema 5-15 R Respaldo Y 2 Nema 5-15 R Con Supresion De Sobretension \/ Garantia 2 A\u00f1os Incluyendo Bateria","og_description":"Compra 7516 Usb\/r No Break Ups 7516 Usb R \/ 750 Va \/ 450 W \/ Interactivo Monofasico 120 V \/ 4 Nema 5-15 R Respaldo Y 2 Nema 5-15 R Con Supresion De Sobretension \/ Garantia 2 A\u00f1os Incluyendo Bateria + Env\u00edo a domicilio + Pago seguro + Garant\u00eda","og_url":"https:\/\/compuviper.mx\/tienda\/producto\/koblenz-7516-usb-r-no-break-ups-7516-usb-r-750-va-450-w-interactivo-monofasico-120-v-4-nema-5-15-r-respaldo-y-2-nema-5-15-r-con-supresion-de-sobretension-garantia-2-aos-incluyendo-bateria\/","og_site_name":"Compuviper","article_publisher":"https:\/\/www.facebook.com\/compuviper","og_image":[{"width":200,"height":200,"url":"https:\/\/compuviper.mx\/tienda\/wp-content\/uploads\/2025\/10\/No-break-ups-koblenz-7516-usb-r-750-va-450-w-interactivo-monofasico-120-v-4-nema-5-15-r-respaldo-y-2-nema-5-15-r-con-supresion-de-sobretension-garantia-2-anos-incluyendo-bateria.jpg","type":"image\/jpeg"}],"twitter_card":"summary_large_image","twitter_misc":{"Precio":"&#36;1,672 &#36;1,605 con IVA","Availability":"Out of stock"},"schema":{"@context":"https:\/\/schema.org","@graph":[{"@type":"WebPage","@id":"https:\/\/compuviper.mx\/tienda\/producto\/koblenz-7516-usb-r-no-break-ups-7516-usb-r-750-va-450-w-interactivo-monofasico-120-v-4-nema-5-15-r-respaldo-y-2-nema-5-15-r-con-supresion-de-sobretension-garantia-2-aos-incluyendo-bateria\/","url":"https:\/\/compuviper.mx\/tienda\/producto\/koblenz-7516-usb-r-no-break-ups-7516-usb-r-750-va-450-w-interactivo-monofasico-120-v-4-nema-5-15-r-respaldo-y-2-nema-5-15-r-con-supresion-de-sobretension-garantia-2-aos-incluyendo-bateria\/","name":"[ Koblenz ] &#129351; 7516 Usb\/r No Break Ups 7516 Usb R \/ 750 Va \/ 450 W \/ Interactivo Monofasico 120 V \/ 4 Nema 5-15 R Respaldo Y 2 Nema 5-15 R Con Supresion De Sobretension \/ Garantia 2 A\u00f1os Incluyendo Bateria","isPartOf":{"@id":"https:\/\/compuviper.mx\/tienda\/#website"},"datePublished":"2026-04-07T06:28:50+00:00","dateModified":"2026-04-07T06:28:50+00:00","description":"Compra 7516 Usb\/r No Break Ups 7516 Usb R \/ 750 Va \/ 450 W \/ Interactivo Monofasico 120 V \/ 4 Nema 5-15 R Respaldo Y 2 Nema 5-15 R Con Supresion De Sobretension \/ Garantia 2 A\u00f1os Incluyendo Bateria + Env\u00edo a domicilio + Pago seguro + Garant\u00eda","breadcrumb":{"@id":"https:\/\/compuviper.mx\/tienda\/producto\/koblenz-7516-usb-r-no-break-ups-7516-usb-r-750-va-450-w-interactivo-monofasico-120-v-4-nema-5-15-r-respaldo-y-2-nema-5-15-r-con-supresion-de-sobretension-garantia-2-aos-incluyendo-bateria\/#breadcrumb"},"inLanguage":"es-MX","potentialAction":[{"@type":"ReadAction","target":["https:\/\/compuviper.mx\/tienda\/producto\/koblenz-7516-usb-r-no-break-ups-7516-usb-r-750-va-450-w-interactivo-monofasico-120-v-4-nema-5-15-r-respaldo-y-2-nema-5-15-r-con-supresion-de-sobretension-garantia-2-aos-incluyendo-bateria\/"]}]},{"@type":"BreadcrumbList","@id":"https:\/\/compuviper.mx\/tienda\/producto\/koblenz-7516-usb-r-no-break-ups-7516-usb-r-750-va-450-w-interactivo-monofasico-120-v-4-nema-5-15-r-respaldo-y-2-nema-5-15-r-con-supresion-de-sobretension-garantia-2-aos-incluyendo-bateria\/#breadcrumb","itemListElement":[{"@type":"ListItem","position":1,"name":"Inicio","item":"https:\/\/compuviper.mx\/tienda\/"},{"@type":"ListItem","position":2,"name":"Productos","item":"https:\/\/compuviper.mx\/tienda\/productos\/"},{"@type":"ListItem","position":3,"name":"Energia","item":"https:\/\/compuviper.mx\/tienda\/categoria-producto\/energia\/"},{"@type":"ListItem","position":4,"name":"No Break","item":"https:\/\/compuviper.mx\/tienda\/categoria-producto\/energia\/no-break\/"},{"@type":"ListItem","position":5,"name":"Koblenz 7516 Usb\/r No Break Ups 7516 Usb R \/ 750 Va \/ 450 W \/ Interactivo Monofasico 120 V \/ 4 Nema 5-15 R Respaldo Y 2 Nema 5-15 R Con Supresion De Sobretension \/ Garantia 2 A?os Incluyendo Bateria"}]},{"@type":"WebSite","@id":"https:\/\/compuviper.mx\/tienda\/#website","url":"https:\/\/compuviper.mx\/tienda\/","name":"Compuviper","description":"Proveedor de Computadoras, Laptops, Servidores, Monitores, Puntos de Venta, Teclados,   Impresoras, T\u00f3ner, C\u00e1maras de Seguridad y m\u00e1s en tu tienda en l\u00ednea","publisher":{"@id":"https:\/\/compuviper.mx\/tienda\/#organization"},"potentialAction":[{"@type":"SearchAction","target":{"@type":"EntryPoint","urlTemplate":"https:\/\/compuviper.mx\/tienda\/?s={search_term_string}"},"query-input":"required name=search_term_string"}],"inLanguage":"es-MX"},{"@type":"Organization","@id":"https:\/\/compuviper.mx\/tienda\/#organization","name":"Compuviper","url":"https:\/\/compuviper.mx\/tienda\/","logo":{"@type":"ImageObject","inLanguage":"es-MX","@id":"https:\/\/compuviper.mx\/tienda\/#\/schema\/logo\/image\/","url":"https:\/\/compuviper.mx\/tienda\/wp-content\/uploads\/2021\/08\/Logo-Compuviper-10.png","contentUrl":"https:\/\/compuviper.mx\/tienda\/wp-content\/uploads\/2021\/08\/Logo-Compuviper-10.png","width":1000,"height":500,"caption":"Compuviper"},"image":{"@id":"https:\/\/compuviper.mx\/tienda\/#\/schema\/logo\/image\/"},"sameAs":["https:\/\/www.facebook.com\/compuviper","https:\/\/www.youtube.com\/channel\/UCf73dERp9Y3cfOq7q8BhLjA?view_as=subscriber"]}]},"product_brand":"KOBLENZ","product_price_amount":"1605","product_price_currency":"MXN","og_availability":"out of stock","product_availability":"out of stock","product_retailer_item_id":"7516 USB\/R","product_condition":"new"},"_links":{"self":[{"href":"https:\/\/compuviper.mx\/tienda\/wp-json\/wp\/v2\/product\/253006"}],"collection":[{"href":"https:\/\/compuviper.mx\/tienda\/wp-json\/wp\/v2\/product"}],"about":[{"href":"https:\/\/compuviper.mx\/tienda\/wp-json\/wp\/v2\/types\/product"}],"replies":[{"embeddable":true,"href":"https:\/\/compuviper.mx\/tienda\/wp-json\/wp\/v2\/comments?post=253006"}],"wp:featuredmedia":[{"embeddable":true,"href":"https:\/\/compuviper.mx\/tienda\/wp-json\/wp\/v2\/media\/259584"}],"wp:attachment":[{"href":"https:\/\/compuviper.mx\/tienda\/wp-json\/wp\/v2\/media?parent=253006"}],"wp:term":[{"taxonomy":"product_cat","embeddable":true,"href":"https:\/\/compuviper.mx\/tienda\/wp-json\/wp\/v2\/product_cat?post=253006"},{"taxonomy":"product_tag","embeddable":true,"href":"https:\/\/compuviper.mx\/tienda\/wp-json\/wp\/v2\/product_tag?post=253006"}],"curies":[{"name":"wp","href":"https:\/\/api.w.org\/{rel}","templated":true}]}}