{"id":253003,"date":"2026-04-10T23:56:03","date_gmt":"2026-04-11T05:56:03","guid":{"rendered":"https:\/\/compuviper.mx\/tienda\/producto\/silimex-geltech-120g-gel-limpiador-y-protector-antiestatico\/"},"modified":"2026-04-10T23:56:04","modified_gmt":"2026-04-11T05:56:04","slug":"silimex-geltech-120-gr-geltech-120g-gel-limpiador-y-protector-antiestatico","status":"publish","type":"product","link":"https:\/\/compuviper.mx\/tienda\/producto\/silimex-geltech-120-gr-geltech-120g-gel-limpiador-y-protector-antiestatico\/","title":{"rendered":"Silimex Geltech 120 Gr Geltech 120g. Gel Limpiador Y Protector Antiestatico"},"content":{"rendered":"<table class=\"descripcion\">\n<tr>\n<td>Geltech<\/td>\n<\/tr>\n<tr>\n<td>Gel limpiador y protector antiestatico de uso externo, especialmente para los equipos de computo, audio, video y telefonia<\/td>\n<\/tr>\n<tr>\n<td>Limpiador en gel para smart phones.<\/td>\n<\/tr>\n<tr>\n<td>Caractersticas:<\/td>\n<\/tr>\n<tr>\n<td>&#8211; limpia y protege las superficies.<\/td>\n<\/tr>\n<tr>\n<td>&#8211; no escurre.<\/td>\n<\/tr>\n<tr>\n<td>&#8211; antibacterial.<\/td>\n<\/tr>\n<tr>\n<td>Presentacin:<\/td>\n<\/tr>\n<tr>\n<td>120 g.<\/td>\n<\/tr>\n<tr>\n<td>Medidas:<\/td>\n<\/tr>\n<tr>\n<td>&#8211; alto: 8.5 cm.<\/td>\n<\/tr>\n<tr>\n<td>&#8211; di\u00e1metro: 4 cm.<\/td>\n<\/tr>\n<tr>\n<td>Datos tcnicos:<\/td>\n<\/tr>\n<tr>\n<td>&#8211; ph: 7.45<\/td>\n<\/tr>\n<tr>\n<td>&#8211; densidad: 0.96 g\/ml<\/td>\n<\/tr>\n<tr>\n<td>&#8211; solubilidad en agua: soluble<\/td>\n<\/tr>\n<tr>\n<td>&#8211; punto de iflamabilidad: n\/d<\/td>\n<\/tr>\n<tr>\n<td>&#8211; almacenamiento: almacenarse en lugares frescos, no mayor a una temperatura de 50\u00b0c.<\/td>\n<\/tr>\n<tr>\n<td>&#8211; apariencia: gel<\/td>\n<\/tr>\n<tr>\n<td>&#8211; conductividad: 0 \u00b5s<\/td>\n<\/tr>\n<tr>\n<td>&#8211; color: azul<\/td>\n<\/tr>\n<tr>\n<td>&#8211; aroma: naranja<\/td>\n<\/tr>\n<tr>\n<td>Usos y aplicaciones:<\/td>\n<\/tr>\n<tr>\n<td>Producto exclusivo para limpiar y desinfectar smart phones, controles remotos, controles de videojuegos y todo tipo de gabinetes de equipos electrnicos.<\/td>\n<\/tr>\n<\/table>\n","protected":false},"excerpt":{"rendered":"<p>Geltech Gel limpiador y protector antiestatico de uso externo, especialmente para los equipos de computo, audio, video y telefonia Limpiador en gel para smart phones. Caractersticas: &#8211; limpia y protege las superficies. &#8211; no escurre. &#8211; antibacterial. Presentacin: 120 g. Medidas: &#8211; alto: 8.5 cm. &#8211; di\u00e1metro: 4 cm. Datos tcnicos: &#8211; ph: 7.45 &#8211; [&hellip;]<\/p>\n","protected":false},"featured_media":253111,"comment_status":"open","ping_status":"open","template":"","meta":[],"product_cat":[1641,1619],"product_tag":[1621],"acf":[],"yoast_head":"<!-- This site is optimized with the Yoast SEO plugin v21.7 - https:\/\/yoast.com\/wordpress\/plugins\/seo\/ -->\n<title>[ Silimex ] &#129351; Geltech 120 Gr Geltech 120g. Gel Limpiador Y Protector Antiestatico<\/title>\n<meta name=\"description\" content=\"Compra Geltech 120 Gr Geltech 120g. Gel Limpiador Y Protector Antiestatico + Env\u00edo a domicilio + Pago seguro + Garant\u00eda\" \/>\n<meta name=\"robots\" content=\"index, follow, max-snippet:-1, max-image-preview:large, max-video-preview:-1\" \/>\n<link rel=\"canonical\" href=\"https:\/\/compuviper.mx\/tienda\/producto\/silimex-geltech-120-gr-geltech-120g-gel-limpiador-y-protector-antiestatico\/\" \/>\n<meta property=\"og:locale\" content=\"es_MX\" \/>\n<meta property=\"og:type\" content=\"article\" \/>\n<meta property=\"og:title\" content=\"[ Silimex ] &#129351; Geltech 120 Gr Geltech 120g. Gel Limpiador Y Protector Antiestatico\" \/>\n<meta property=\"og:description\" content=\"Compra Geltech 120 Gr Geltech 120g. Gel Limpiador Y Protector Antiestatico + Env\u00edo a domicilio + Pago seguro + Garant\u00eda\" \/>\n<meta property=\"og:url\" content=\"https:\/\/compuviper.mx\/tienda\/producto\/silimex-geltech-120-gr-geltech-120g-gel-limpiador-y-protector-antiestatico\/\" \/>\n<meta property=\"og:site_name\" content=\"Compuviper\" \/>\n<meta property=\"article:publisher\" content=\"https:\/\/www.facebook.com\/compuviper\" \/>\n<meta property=\"article:modified_time\" content=\"2026-04-11T05:56:04+00:00\" \/>\n<meta property=\"og:image\" content=\"https:\/\/compuviper.mx\/tienda\/wp-content\/uploads\/2025\/05\/Geltech-120g.-gel-limpiador-y-protector-antiestatico-silimex.jpg\" \/>\n\t<meta property=\"og:image:width\" content=\"200\" \/>\n\t<meta property=\"og:image:height\" content=\"200\" \/>\n\t<meta property=\"og:image:type\" content=\"image\/jpeg\" \/>\n<meta name=\"twitter:card\" content=\"summary_large_image\" \/>\n<meta name=\"twitter:label1\" content=\"Precio\" \/>\n\t<meta name=\"twitter:data1\" content=\"&#36;76 con IVA\" \/>\n\t<meta name=\"twitter:label2\" content=\"Availability\" \/>\n\t<meta name=\"twitter:data2\" content=\"In stock\" \/>\n<script type=\"application\/ld+json\" class=\"yoast-schema-graph\">{\"@context\":\"https:\/\/schema.org\",\"@graph\":[{\"@type\":\"WebPage\",\"@id\":\"https:\/\/compuviper.mx\/tienda\/producto\/silimex-geltech-120-gr-geltech-120g-gel-limpiador-y-protector-antiestatico\/\",\"url\":\"https:\/\/compuviper.mx\/tienda\/producto\/silimex-geltech-120-gr-geltech-120g-gel-limpiador-y-protector-antiestatico\/\",\"name\":\"[ Silimex ] &#129351; Geltech 120 Gr Geltech 120g. Gel Limpiador Y Protector Antiestatico\",\"isPartOf\":{\"@id\":\"https:\/\/compuviper.mx\/tienda\/#website\"},\"datePublished\":\"2026-04-11T05:56:03+00:00\",\"dateModified\":\"2026-04-11T05:56:04+00:00\",\"description\":\"Compra Geltech 120 Gr Geltech 120g. Gel Limpiador Y Protector Antiestatico + Env\u00edo a domicilio + Pago seguro + Garant\u00eda\",\"breadcrumb\":{\"@id\":\"https:\/\/compuviper.mx\/tienda\/producto\/silimex-geltech-120-gr-geltech-120g-gel-limpiador-y-protector-antiestatico\/#breadcrumb\"},\"inLanguage\":\"es-MX\",\"potentialAction\":[{\"@type\":\"ReadAction\",\"target\":[\"https:\/\/compuviper.mx\/tienda\/producto\/silimex-geltech-120-gr-geltech-120g-gel-limpiador-y-protector-antiestatico\/\"]}]},{\"@type\":\"BreadcrumbList\",\"@id\":\"https:\/\/compuviper.mx\/tienda\/producto\/silimex-geltech-120-gr-geltech-120g-gel-limpiador-y-protector-antiestatico\/#breadcrumb\",\"itemListElement\":[{\"@type\":\"ListItem\",\"position\":1,\"name\":\"Inicio\",\"item\":\"https:\/\/compuviper.mx\/tienda\/\"},{\"@type\":\"ListItem\",\"position\":2,\"name\":\"Productos\",\"item\":\"https:\/\/compuviper.mx\/tienda\/productos\/\"},{\"@type\":\"ListItem\",\"position\":3,\"name\":\"Productos De Limpieza\",\"item\":\"https:\/\/compuviper.mx\/tienda\/categoria-producto\/productos-de-limpieza\/\"},{\"@type\":\"ListItem\",\"position\":4,\"name\":\"Lubricantes\",\"item\":\"https:\/\/compuviper.mx\/tienda\/categoria-producto\/productos-de-limpieza\/lubricantes\/\"},{\"@type\":\"ListItem\",\"position\":5,\"name\":\"Silimex Geltech 120 Gr Geltech 120g. Gel Limpiador Y Protector Antiestatico\"}]},{\"@type\":\"WebSite\",\"@id\":\"https:\/\/compuviper.mx\/tienda\/#website\",\"url\":\"https:\/\/compuviper.mx\/tienda\/\",\"name\":\"Compuviper\",\"description\":\"Proveedor de Computadoras, Laptops, Servidores, Monitores, Puntos de Venta, Teclados,   Impresoras, T\u00f3ner, C\u00e1maras de Seguridad y m\u00e1s en tu tienda en l\u00ednea\",\"publisher\":{\"@id\":\"https:\/\/compuviper.mx\/tienda\/#organization\"},\"potentialAction\":[{\"@type\":\"SearchAction\",\"target\":{\"@type\":\"EntryPoint\",\"urlTemplate\":\"https:\/\/compuviper.mx\/tienda\/?s={search_term_string}\"},\"query-input\":\"required name=search_term_string\"}],\"inLanguage\":\"es-MX\"},{\"@type\":\"Organization\",\"@id\":\"https:\/\/compuviper.mx\/tienda\/#organization\",\"name\":\"Compuviper\",\"url\":\"https:\/\/compuviper.mx\/tienda\/\",\"logo\":{\"@type\":\"ImageObject\",\"inLanguage\":\"es-MX\",\"@id\":\"https:\/\/compuviper.mx\/tienda\/#\/schema\/logo\/image\/\",\"url\":\"https:\/\/compuviper.mx\/tienda\/wp-content\/uploads\/2021\/08\/Logo-Compuviper-10.png\",\"contentUrl\":\"https:\/\/compuviper.mx\/tienda\/wp-content\/uploads\/2021\/08\/Logo-Compuviper-10.png\",\"width\":1000,\"height\":500,\"caption\":\"Compuviper\"},\"image\":{\"@id\":\"https:\/\/compuviper.mx\/tienda\/#\/schema\/logo\/image\/\"},\"sameAs\":[\"https:\/\/www.facebook.com\/compuviper\",\"https:\/\/www.youtube.com\/channel\/UCf73dERp9Y3cfOq7q8BhLjA?view_as=subscriber\"]}]}<\/script>\n<meta property=\"product:brand\" content=\"SILIMEX\" \/>\n<meta property=\"product:price:amount\" content=\"76\" \/>\n<meta property=\"product:price:currency\" content=\"MXN\" \/>\n<meta property=\"og:availability\" content=\"instock\" \/>\n<meta property=\"product:availability\" content=\"instock\" \/>\n<meta property=\"product:retailer_item_id\" content=\"GELTECH 120 GR\" \/>\n<meta property=\"product:condition\" content=\"new\" \/>\n<!-- \/ Yoast SEO plugin. -->","yoast_head_json":{"title":"[ Silimex ] &#129351; Geltech 120 Gr Geltech 120g. Gel Limpiador Y Protector Antiestatico","description":"Compra Geltech 120 Gr Geltech 120g. Gel Limpiador Y Protector Antiestatico + Env\u00edo a domicilio + Pago seguro + Garant\u00eda","robots":{"index":"index","follow":"follow","max-snippet":"max-snippet:-1","max-image-preview":"max-image-preview:large","max-video-preview":"max-video-preview:-1"},"canonical":"https:\/\/compuviper.mx\/tienda\/producto\/silimex-geltech-120-gr-geltech-120g-gel-limpiador-y-protector-antiestatico\/","og_locale":"es_MX","og_type":"article","og_title":"[ Silimex ] &#129351; Geltech 120 Gr Geltech 120g. Gel Limpiador Y Protector Antiestatico","og_description":"Compra Geltech 120 Gr Geltech 120g. Gel Limpiador Y Protector Antiestatico + Env\u00edo a domicilio + Pago seguro + Garant\u00eda","og_url":"https:\/\/compuviper.mx\/tienda\/producto\/silimex-geltech-120-gr-geltech-120g-gel-limpiador-y-protector-antiestatico\/","og_site_name":"Compuviper","article_publisher":"https:\/\/www.facebook.com\/compuviper","article_modified_time":"2026-04-11T05:56:04+00:00","og_image":[{"width":200,"height":200,"url":"https:\/\/compuviper.mx\/tienda\/wp-content\/uploads\/2025\/05\/Geltech-120g.-gel-limpiador-y-protector-antiestatico-silimex.jpg","type":"image\/jpeg"}],"twitter_card":"summary_large_image","twitter_misc":{"Precio":"&#36;76 con IVA","Availability":"In stock"},"schema":{"@context":"https:\/\/schema.org","@graph":[{"@type":"WebPage","@id":"https:\/\/compuviper.mx\/tienda\/producto\/silimex-geltech-120-gr-geltech-120g-gel-limpiador-y-protector-antiestatico\/","url":"https:\/\/compuviper.mx\/tienda\/producto\/silimex-geltech-120-gr-geltech-120g-gel-limpiador-y-protector-antiestatico\/","name":"[ Silimex ] &#129351; Geltech 120 Gr Geltech 120g. Gel Limpiador Y Protector Antiestatico","isPartOf":{"@id":"https:\/\/compuviper.mx\/tienda\/#website"},"datePublished":"2026-04-11T05:56:03+00:00","dateModified":"2026-04-11T05:56:04+00:00","description":"Compra Geltech 120 Gr Geltech 120g. Gel Limpiador Y Protector Antiestatico + Env\u00edo a domicilio + Pago seguro + Garant\u00eda","breadcrumb":{"@id":"https:\/\/compuviper.mx\/tienda\/producto\/silimex-geltech-120-gr-geltech-120g-gel-limpiador-y-protector-antiestatico\/#breadcrumb"},"inLanguage":"es-MX","potentialAction":[{"@type":"ReadAction","target":["https:\/\/compuviper.mx\/tienda\/producto\/silimex-geltech-120-gr-geltech-120g-gel-limpiador-y-protector-antiestatico\/"]}]},{"@type":"BreadcrumbList","@id":"https:\/\/compuviper.mx\/tienda\/producto\/silimex-geltech-120-gr-geltech-120g-gel-limpiador-y-protector-antiestatico\/#breadcrumb","itemListElement":[{"@type":"ListItem","position":1,"name":"Inicio","item":"https:\/\/compuviper.mx\/tienda\/"},{"@type":"ListItem","position":2,"name":"Productos","item":"https:\/\/compuviper.mx\/tienda\/productos\/"},{"@type":"ListItem","position":3,"name":"Productos De Limpieza","item":"https:\/\/compuviper.mx\/tienda\/categoria-producto\/productos-de-limpieza\/"},{"@type":"ListItem","position":4,"name":"Lubricantes","item":"https:\/\/compuviper.mx\/tienda\/categoria-producto\/productos-de-limpieza\/lubricantes\/"},{"@type":"ListItem","position":5,"name":"Silimex Geltech 120 Gr Geltech 120g. Gel Limpiador Y Protector Antiestatico"}]},{"@type":"WebSite","@id":"https:\/\/compuviper.mx\/tienda\/#website","url":"https:\/\/compuviper.mx\/tienda\/","name":"Compuviper","description":"Proveedor de Computadoras, Laptops, Servidores, Monitores, Puntos de Venta, Teclados,   Impresoras, T\u00f3ner, C\u00e1maras de Seguridad y m\u00e1s en tu tienda en l\u00ednea","publisher":{"@id":"https:\/\/compuviper.mx\/tienda\/#organization"},"potentialAction":[{"@type":"SearchAction","target":{"@type":"EntryPoint","urlTemplate":"https:\/\/compuviper.mx\/tienda\/?s={search_term_string}"},"query-input":"required name=search_term_string"}],"inLanguage":"es-MX"},{"@type":"Organization","@id":"https:\/\/compuviper.mx\/tienda\/#organization","name":"Compuviper","url":"https:\/\/compuviper.mx\/tienda\/","logo":{"@type":"ImageObject","inLanguage":"es-MX","@id":"https:\/\/compuviper.mx\/tienda\/#\/schema\/logo\/image\/","url":"https:\/\/compuviper.mx\/tienda\/wp-content\/uploads\/2021\/08\/Logo-Compuviper-10.png","contentUrl":"https:\/\/compuviper.mx\/tienda\/wp-content\/uploads\/2021\/08\/Logo-Compuviper-10.png","width":1000,"height":500,"caption":"Compuviper"},"image":{"@id":"https:\/\/compuviper.mx\/tienda\/#\/schema\/logo\/image\/"},"sameAs":["https:\/\/www.facebook.com\/compuviper","https:\/\/www.youtube.com\/channel\/UCf73dERp9Y3cfOq7q8BhLjA?view_as=subscriber"]}]},"product_brand":"SILIMEX","product_price_amount":"76","product_price_currency":"MXN","og_availability":"instock","product_availability":"instock","product_retailer_item_id":"GELTECH 120 GR","product_condition":"new"},"_links":{"self":[{"href":"https:\/\/compuviper.mx\/tienda\/wp-json\/wp\/v2\/product\/253003"}],"collection":[{"href":"https:\/\/compuviper.mx\/tienda\/wp-json\/wp\/v2\/product"}],"about":[{"href":"https:\/\/compuviper.mx\/tienda\/wp-json\/wp\/v2\/types\/product"}],"replies":[{"embeddable":true,"href":"https:\/\/compuviper.mx\/tienda\/wp-json\/wp\/v2\/comments?post=253003"}],"wp:featuredmedia":[{"embeddable":true,"href":"https:\/\/compuviper.mx\/tienda\/wp-json\/wp\/v2\/media\/253111"}],"wp:attachment":[{"href":"https:\/\/compuviper.mx\/tienda\/wp-json\/wp\/v2\/media?parent=253003"}],"wp:term":[{"taxonomy":"product_cat","embeddable":true,"href":"https:\/\/compuviper.mx\/tienda\/wp-json\/wp\/v2\/product_cat?post=253003"},{"taxonomy":"product_tag","embeddable":true,"href":"https:\/\/compuviper.mx\/tienda\/wp-json\/wp\/v2\/product_tag?post=253003"}],"curies":[{"name":"wp","href":"https:\/\/api.w.org\/{rel}","templated":true}]}}