{"id":252999,"date":"2026-04-11T01:59:27","date_gmt":"2026-04-11T07:59:27","guid":{"rendered":"https:\/\/compuviper.mx\/tienda\/producto\/hewlett-packard-enterprise-p75341-dm5-servidor-hpe-proliant-ml350-gen11-4410y-2-ghz-12c-1p-64-gb-r-8-sff-mr408i-o-ssd-2x960gb-y-fuente-redundante-2x800w-la\/"},"modified":"2026-04-11T01:59:27","modified_gmt":"2026-04-11T07:59:27","slug":"hewlett-packard-enterprise-p75341-dm5-servidor-hpe-proliant-ml350-gen11-4410y-2-ghz-12c-1p-64-gb-r-8-sff-mr408i-o-ssd-2x960gb-y-fuente-redundante-2x800w-la","status":"publish","type":"product","link":"https:\/\/compuviper.mx\/tienda\/producto\/hewlett-packard-enterprise-p75341-dm5-servidor-hpe-proliant-ml350-gen11-4410y-2-ghz-12c-1p-64-gb-r-8-sff-mr408i-o-ssd-2x960gb-y-fuente-redundante-2x800w-la\/","title":{"rendered":"Hewlett Packard Enterprise P75341-dm5 Servidor Hpe Proliant Ml350 Gen11 4410y 2 Ghz 12c 1p 64 Gb-r 8 Sff Mr408i-o Ssd 2x960gb Y Fuente Redundante 2x800w La"},"content":{"rendered":"<table class=\"descripcion\">\n<tr>\n<td>N\u00facleo de procesador disponible<\/td>\n<\/tr>\n<tr>\n<td>12 n\u00facleos<\/td>\n<\/tr>\n<tr>\n<td>Cach\u00e9 de procesador<\/td>\n<\/tr>\n<tr>\n<td>30 mb de l3<\/td>\n<\/tr>\n<tr>\n<td>Procesador<\/td>\n<\/tr>\n<tr>\n<td>Intel\u00ae xeon\u00ae silver 4410y (12 n\u00facleos, 2,00 ghz, 30 mb l3, 150 w)<\/td>\n<\/tr>\n<tr>\n<td>N\u00famero de procesador<\/td>\n<\/tr>\n<tr>\n<td>1 procesador incluido<\/td>\n<\/tr>\n<tr>\n<td>Velocidad del procesador<\/td>\n<\/tr>\n<tr>\n<td>2 ghz<\/td>\n<\/tr>\n<tr>\n<td>Tipo de memoria<\/td>\n<\/tr>\n<tr>\n<td>Hpe smart memory ddr5<\/td>\n<\/tr>\n<tr>\n<td>Unidades incluidas<\/td>\n<\/tr>\n<tr>\n<td>2 ssd sata de 960 gb<\/td>\n<\/tr>\n<tr>\n<td>Tipo de unidad \u00f3ptica<\/td>\n<\/tr>\n<tr>\n<td>Opcional. ning\u00fan env\u00edo es est\u00e1ndar.<\/td>\n<\/tr>\n<tr>\n<td>Seguridad f\u00edsica<\/td>\n<\/tr>\n<tr>\n<td>Compatibilidad con arranque seguro uefi e inicio seguro. compatibilidad con intel\u00ae software guard extensions (sgx). ra\u00edz de confianza de silicio inmutable. compatible con tpm (m\u00f3dulo de plataforma segura) 2.0. caracter\u00edstica de cierre con llave en bisel frontal, cable de intrusi\u00f3n (incluido), ranura para candado y compatible con ranura de cierre kensington.<\/td>\n<\/tr>\n<tr>\n<td>Administraci\u00f3n de infraestructura<\/td>\n<\/tr>\n<tr>\n<td>Hpe ilo standard con aprovisionamiento inteligente (integrado), hpe oneview standard (requiere descarga)<\/td>\n<\/tr>\n<tr>\n<td>Hpe ilo advanced y hpe oneview advanced (requieren licencias), y hpe compute ops management.<\/td>\n<\/tr>\n<tr>\n<td>Tipo de fuente de alimentaci\u00f3n<\/td>\n<\/tr>\n<tr>\n<td>2 kits de fuente de alimentaci\u00f3n hpe platinum hot-plug con ranura flexible y bajo contenido en hal\u00f3genos de 800 w<\/td>\n<\/tr>\n<tr>\n<td>Ranuras de expansi\u00f3n<\/td>\n<\/tr>\n<tr>\n<td>Por defecto con 4 ranuras pcie 5.0 x8. consulta las especificaciones r\u00e1pidas para m\u00e1s informaci\u00f3n.<\/td>\n<\/tr>\n<tr>\n<td>Controlador de red<\/td>\n<\/tr>\n<tr>\n<td>Adaptador broadcom bcm5719 ethernet 1 gb 4 puertos base-t ocp3 para hpe<\/td>\n<\/tr>\n<tr>\n<td>Controlador de almacenamiento<\/td>\n<\/tr>\n<tr>\n<td>Controlador de almacenamiento hpe mr408i-o gen11 x8 canales 4 gb cach\u00e9 ocp spdm<\/td>\n<\/tr>\n<tr>\n<td>Caracter\u00edsticas de los ventiladores del sistema<\/td>\n<\/tr>\n<tr>\n<td>Por defecto con 3 ventiladores est\u00e1ndar, sin hot-plug. el kit de ventilador para cpu secundario opcional (p47902-b21) y el kit de ventilador redundante (p47219-b21) ofrecen refrigeraci\u00f3n avanzada y funcionalidad de redundancia en configuraciones m\u00e1s avanzadas.<\/td>\n<\/tr>\n<tr>\n<td>Factor de forma<\/td>\n<\/tr>\n<tr>\n<td>Torre 4u<\/td>\n<\/tr>\n<tr>\n<td>Garant\u00eda<\/td>\n<\/tr>\n<tr>\n<td>3\/3\/3: la garant\u00eda del servidor incluye tres a\u00f1os de garant\u00eda en piezas, tres a\u00f1os de mano de obra y tres a\u00f1os de cobertura de soporte a domicilio. la informaci\u00f3n adicional referente al soporte t\u00e9cnico y a la garant\u00eda limitada en todo el mundo est\u00e1 disponible en: https:\/\/support.hpe.com\/hpsc\/wc\/public\/home. coberturas adicionales de servicio y soporte t\u00e9cnico de hpe para los productos que pueden adquirirse en cada pa\u00eds o regi\u00f3n. para obtener informaci\u00f3n sobre la disponibilidad de actualizaciones del servicio y su coste, consulta el sitio web de hpe en https:\/\/www.hpe.com\/support.<\/td>\n<\/tr>\n<\/table>\n","protected":false},"excerpt":{"rendered":"<p>El hpe proliant ml350 gen11 es un potente servidor de torre 2p con un chasis en bastidor opcional para diversos entornos. Asimismo, ofrece un rendimiento inform\u00e1tico excepcional, seguridad, fiabilidad y capacidad de expansi\u00f3n.<\/p>\n","protected":false},"featured_media":260792,"comment_status":"open","ping_status":"open","template":"","meta":[],"product_cat":[1808,1810],"product_tag":[1568],"acf":[],"yoast_head":"<!-- This site is optimized with the Yoast SEO plugin v21.7 - https:\/\/yoast.com\/wordpress\/plugins\/seo\/ -->\n<title>[ Hewlett Packard Enterprise ] &#129351; P75341-dm5 Servidor Hpe Proliant Ml350 Gen11 4410y 2 Ghz 12c 1p 64 Gb-r 8 Sff Mr408i-o Ssd 2x960gb Y Fuente Redundante 2x800w La<\/title>\n<meta name=\"description\" content=\"Compra P75341-dm5 Servidor Hpe Proliant Ml350 Gen11 4410y 2 Ghz 12c 1p 64 Gb-r 8 Sff Mr408i-o Ssd 2x960gb Y Fuente Redundante 2x800w La + Env\u00edo a domicilio + Pago seguro + Garant\u00eda\" \/>\n<meta name=\"robots\" content=\"index, follow, max-snippet:-1, max-image-preview:large, max-video-preview:-1\" \/>\n<link rel=\"canonical\" href=\"https:\/\/compuviper.mx\/tienda\/producto\/hewlett-packard-enterprise-p75341-dm5-servidor-hpe-proliant-ml350-gen11-4410y-2-ghz-12c-1p-64-gb-r-8-sff-mr408i-o-ssd-2x960gb-y-fuente-redundante-2x800w-la\/\" \/>\n<meta property=\"og:locale\" content=\"es_MX\" \/>\n<meta property=\"og:type\" content=\"article\" \/>\n<meta property=\"og:title\" content=\"[ Hewlett Packard Enterprise ] &#129351; P75341-dm5 Servidor Hpe Proliant Ml350 Gen11 4410y 2 Ghz 12c 1p 64 Gb-r 8 Sff Mr408i-o Ssd 2x960gb Y Fuente Redundante 2x800w La\" \/>\n<meta property=\"og:description\" content=\"Compra P75341-dm5 Servidor Hpe Proliant Ml350 Gen11 4410y 2 Ghz 12c 1p 64 Gb-r 8 Sff Mr408i-o Ssd 2x960gb Y Fuente Redundante 2x800w La + Env\u00edo a domicilio + Pago seguro + Garant\u00eda\" \/>\n<meta property=\"og:url\" content=\"https:\/\/compuviper.mx\/tienda\/producto\/hewlett-packard-enterprise-p75341-dm5-servidor-hpe-proliant-ml350-gen11-4410y-2-ghz-12c-1p-64-gb-r-8-sff-mr408i-o-ssd-2x960gb-y-fuente-redundante-2x800w-la\/\" \/>\n<meta property=\"og:site_name\" content=\"Compuviper\" \/>\n<meta property=\"article:publisher\" content=\"https:\/\/www.facebook.com\/compuviper\" \/>\n<meta property=\"og:image\" content=\"https:\/\/compuviper.mx\/tienda\/wp-content\/uploads\/2025\/10\/Servidor-hpe-proliant-ml350-gen11-4410y-2-ghz-12c-1p-64-gb-r-8-sff-mr408i-o-ssd-2x960gb-y-fuente-redundante-2x800w-la.jpg\" \/>\n\t<meta property=\"og:image:width\" content=\"200\" \/>\n\t<meta property=\"og:image:height\" content=\"200\" \/>\n\t<meta property=\"og:image:type\" content=\"image\/jpeg\" \/>\n<meta name=\"twitter:card\" content=\"summary_large_image\" \/>\n<meta name=\"twitter:label1\" content=\"Precio\" \/>\n\t<meta name=\"twitter:data1\" content=\"&#36;140,880 &#36;82,633 con IVA\" \/>\n\t<meta name=\"twitter:label2\" content=\"Availability\" \/>\n\t<meta name=\"twitter:data2\" content=\"In stock\" \/>\n<script type=\"application\/ld+json\" class=\"yoast-schema-graph\">{\"@context\":\"https:\/\/schema.org\",\"@graph\":[{\"@type\":\"WebPage\",\"@id\":\"https:\/\/compuviper.mx\/tienda\/producto\/hewlett-packard-enterprise-p75341-dm5-servidor-hpe-proliant-ml350-gen11-4410y-2-ghz-12c-1p-64-gb-r-8-sff-mr408i-o-ssd-2x960gb-y-fuente-redundante-2x800w-la\/\",\"url\":\"https:\/\/compuviper.mx\/tienda\/producto\/hewlett-packard-enterprise-p75341-dm5-servidor-hpe-proliant-ml350-gen11-4410y-2-ghz-12c-1p-64-gb-r-8-sff-mr408i-o-ssd-2x960gb-y-fuente-redundante-2x800w-la\/\",\"name\":\"[ Hewlett Packard Enterprise ] &#129351; P75341-dm5 Servidor Hpe Proliant Ml350 Gen11 4410y 2 Ghz 12c 1p 64 Gb-r 8 Sff Mr408i-o Ssd 2x960gb Y Fuente Redundante 2x800w La\",\"isPartOf\":{\"@id\":\"https:\/\/compuviper.mx\/tienda\/#website\"},\"datePublished\":\"2026-04-11T07:59:27+00:00\",\"dateModified\":\"2026-04-11T07:59:27+00:00\",\"description\":\"Compra P75341-dm5 Servidor Hpe Proliant Ml350 Gen11 4410y 2 Ghz 12c 1p 64 Gb-r 8 Sff Mr408i-o Ssd 2x960gb Y Fuente Redundante 2x800w La + Env\u00edo a domicilio + Pago seguro + Garant\u00eda\",\"breadcrumb\":{\"@id\":\"https:\/\/compuviper.mx\/tienda\/producto\/hewlett-packard-enterprise-p75341-dm5-servidor-hpe-proliant-ml350-gen11-4410y-2-ghz-12c-1p-64-gb-r-8-sff-mr408i-o-ssd-2x960gb-y-fuente-redundante-2x800w-la\/#breadcrumb\"},\"inLanguage\":\"es-MX\",\"potentialAction\":[{\"@type\":\"ReadAction\",\"target\":[\"https:\/\/compuviper.mx\/tienda\/producto\/hewlett-packard-enterprise-p75341-dm5-servidor-hpe-proliant-ml350-gen11-4410y-2-ghz-12c-1p-64-gb-r-8-sff-mr408i-o-ssd-2x960gb-y-fuente-redundante-2x800w-la\/\"]}]},{\"@type\":\"BreadcrumbList\",\"@id\":\"https:\/\/compuviper.mx\/tienda\/producto\/hewlett-packard-enterprise-p75341-dm5-servidor-hpe-proliant-ml350-gen11-4410y-2-ghz-12c-1p-64-gb-r-8-sff-mr408i-o-ssd-2x960gb-y-fuente-redundante-2x800w-la\/#breadcrumb\",\"itemListElement\":[{\"@type\":\"ListItem\",\"position\":1,\"name\":\"Inicio\",\"item\":\"https:\/\/compuviper.mx\/tienda\/\"},{\"@type\":\"ListItem\",\"position\":2,\"name\":\"Productos\",\"item\":\"https:\/\/compuviper.mx\/tienda\/productos\/\"},{\"@type\":\"ListItem\",\"position\":3,\"name\":\"Servidores\",\"item\":\"https:\/\/compuviper.mx\/tienda\/categoria-producto\/servidores-2\/\"},{\"@type\":\"ListItem\",\"position\":4,\"name\":\"Torre (ml)\",\"item\":\"https:\/\/compuviper.mx\/tienda\/categoria-producto\/servidores-2\/torre-ml\/\"},{\"@type\":\"ListItem\",\"position\":5,\"name\":\"Hewlett Packard Enterprise P75341-dm5 Servidor Hpe Proliant Ml350 Gen11 4410y 2 Ghz 12c 1p 64 Gb-r 8 Sff Mr408i-o Ssd 2x960gb Y Fuente Redundante 2x800w La\"}]},{\"@type\":\"WebSite\",\"@id\":\"https:\/\/compuviper.mx\/tienda\/#website\",\"url\":\"https:\/\/compuviper.mx\/tienda\/\",\"name\":\"Compuviper\",\"description\":\"Proveedor de Computadoras, Laptops, Servidores, Monitores, Puntos de Venta, Teclados,   Impresoras, T\u00f3ner, C\u00e1maras de Seguridad y m\u00e1s en tu tienda en l\u00ednea\",\"publisher\":{\"@id\":\"https:\/\/compuviper.mx\/tienda\/#organization\"},\"potentialAction\":[{\"@type\":\"SearchAction\",\"target\":{\"@type\":\"EntryPoint\",\"urlTemplate\":\"https:\/\/compuviper.mx\/tienda\/?s={search_term_string}\"},\"query-input\":\"required name=search_term_string\"}],\"inLanguage\":\"es-MX\"},{\"@type\":\"Organization\",\"@id\":\"https:\/\/compuviper.mx\/tienda\/#organization\",\"name\":\"Compuviper\",\"url\":\"https:\/\/compuviper.mx\/tienda\/\",\"logo\":{\"@type\":\"ImageObject\",\"inLanguage\":\"es-MX\",\"@id\":\"https:\/\/compuviper.mx\/tienda\/#\/schema\/logo\/image\/\",\"url\":\"https:\/\/compuviper.mx\/tienda\/wp-content\/uploads\/2021\/08\/Logo-Compuviper-10.png\",\"contentUrl\":\"https:\/\/compuviper.mx\/tienda\/wp-content\/uploads\/2021\/08\/Logo-Compuviper-10.png\",\"width\":1000,\"height\":500,\"caption\":\"Compuviper\"},\"image\":{\"@id\":\"https:\/\/compuviper.mx\/tienda\/#\/schema\/logo\/image\/\"},\"sameAs\":[\"https:\/\/www.facebook.com\/compuviper\",\"https:\/\/www.youtube.com\/channel\/UCf73dERp9Y3cfOq7q8BhLjA?view_as=subscriber\"]}]}<\/script>\n<meta property=\"product:brand\" content=\"HEWLETT PACKARD ENTERPRISE\" \/>\n<meta property=\"product:price:amount\" content=\"82633\" \/>\n<meta property=\"product:price:currency\" content=\"MXN\" \/>\n<meta property=\"og:availability\" content=\"instock\" \/>\n<meta property=\"product:availability\" content=\"instock\" \/>\n<meta property=\"product:retailer_item_id\" content=\"P75341-DM5\" \/>\n<meta property=\"product:condition\" content=\"new\" \/>\n<!-- \/ Yoast SEO plugin. -->","yoast_head_json":{"title":"[ Hewlett Packard Enterprise ] &#129351; P75341-dm5 Servidor Hpe Proliant Ml350 Gen11 4410y 2 Ghz 12c 1p 64 Gb-r 8 Sff Mr408i-o Ssd 2x960gb Y Fuente Redundante 2x800w La","description":"Compra P75341-dm5 Servidor Hpe Proliant Ml350 Gen11 4410y 2 Ghz 12c 1p 64 Gb-r 8 Sff Mr408i-o Ssd 2x960gb Y Fuente Redundante 2x800w La + Env\u00edo a domicilio + Pago seguro + Garant\u00eda","robots":{"index":"index","follow":"follow","max-snippet":"max-snippet:-1","max-image-preview":"max-image-preview:large","max-video-preview":"max-video-preview:-1"},"canonical":"https:\/\/compuviper.mx\/tienda\/producto\/hewlett-packard-enterprise-p75341-dm5-servidor-hpe-proliant-ml350-gen11-4410y-2-ghz-12c-1p-64-gb-r-8-sff-mr408i-o-ssd-2x960gb-y-fuente-redundante-2x800w-la\/","og_locale":"es_MX","og_type":"article","og_title":"[ Hewlett Packard Enterprise ] &#129351; P75341-dm5 Servidor Hpe Proliant Ml350 Gen11 4410y 2 Ghz 12c 1p 64 Gb-r 8 Sff Mr408i-o Ssd 2x960gb Y Fuente Redundante 2x800w La","og_description":"Compra P75341-dm5 Servidor Hpe Proliant Ml350 Gen11 4410y 2 Ghz 12c 1p 64 Gb-r 8 Sff Mr408i-o Ssd 2x960gb Y Fuente Redundante 2x800w La + Env\u00edo a domicilio + Pago seguro + Garant\u00eda","og_url":"https:\/\/compuviper.mx\/tienda\/producto\/hewlett-packard-enterprise-p75341-dm5-servidor-hpe-proliant-ml350-gen11-4410y-2-ghz-12c-1p-64-gb-r-8-sff-mr408i-o-ssd-2x960gb-y-fuente-redundante-2x800w-la\/","og_site_name":"Compuviper","article_publisher":"https:\/\/www.facebook.com\/compuviper","og_image":[{"width":200,"height":200,"url":"https:\/\/compuviper.mx\/tienda\/wp-content\/uploads\/2025\/10\/Servidor-hpe-proliant-ml350-gen11-4410y-2-ghz-12c-1p-64-gb-r-8-sff-mr408i-o-ssd-2x960gb-y-fuente-redundante-2x800w-la.jpg","type":"image\/jpeg"}],"twitter_card":"summary_large_image","twitter_misc":{"Precio":"&#36;140,880 &#36;82,633 con IVA","Availability":"In stock"},"schema":{"@context":"https:\/\/schema.org","@graph":[{"@type":"WebPage","@id":"https:\/\/compuviper.mx\/tienda\/producto\/hewlett-packard-enterprise-p75341-dm5-servidor-hpe-proliant-ml350-gen11-4410y-2-ghz-12c-1p-64-gb-r-8-sff-mr408i-o-ssd-2x960gb-y-fuente-redundante-2x800w-la\/","url":"https:\/\/compuviper.mx\/tienda\/producto\/hewlett-packard-enterprise-p75341-dm5-servidor-hpe-proliant-ml350-gen11-4410y-2-ghz-12c-1p-64-gb-r-8-sff-mr408i-o-ssd-2x960gb-y-fuente-redundante-2x800w-la\/","name":"[ Hewlett Packard Enterprise ] &#129351; P75341-dm5 Servidor Hpe Proliant Ml350 Gen11 4410y 2 Ghz 12c 1p 64 Gb-r 8 Sff Mr408i-o Ssd 2x960gb Y Fuente Redundante 2x800w La","isPartOf":{"@id":"https:\/\/compuviper.mx\/tienda\/#website"},"datePublished":"2026-04-11T07:59:27+00:00","dateModified":"2026-04-11T07:59:27+00:00","description":"Compra P75341-dm5 Servidor Hpe Proliant Ml350 Gen11 4410y 2 Ghz 12c 1p 64 Gb-r 8 Sff Mr408i-o Ssd 2x960gb Y Fuente Redundante 2x800w La + Env\u00edo a domicilio + Pago seguro + Garant\u00eda","breadcrumb":{"@id":"https:\/\/compuviper.mx\/tienda\/producto\/hewlett-packard-enterprise-p75341-dm5-servidor-hpe-proliant-ml350-gen11-4410y-2-ghz-12c-1p-64-gb-r-8-sff-mr408i-o-ssd-2x960gb-y-fuente-redundante-2x800w-la\/#breadcrumb"},"inLanguage":"es-MX","potentialAction":[{"@type":"ReadAction","target":["https:\/\/compuviper.mx\/tienda\/producto\/hewlett-packard-enterprise-p75341-dm5-servidor-hpe-proliant-ml350-gen11-4410y-2-ghz-12c-1p-64-gb-r-8-sff-mr408i-o-ssd-2x960gb-y-fuente-redundante-2x800w-la\/"]}]},{"@type":"BreadcrumbList","@id":"https:\/\/compuviper.mx\/tienda\/producto\/hewlett-packard-enterprise-p75341-dm5-servidor-hpe-proliant-ml350-gen11-4410y-2-ghz-12c-1p-64-gb-r-8-sff-mr408i-o-ssd-2x960gb-y-fuente-redundante-2x800w-la\/#breadcrumb","itemListElement":[{"@type":"ListItem","position":1,"name":"Inicio","item":"https:\/\/compuviper.mx\/tienda\/"},{"@type":"ListItem","position":2,"name":"Productos","item":"https:\/\/compuviper.mx\/tienda\/productos\/"},{"@type":"ListItem","position":3,"name":"Servidores","item":"https:\/\/compuviper.mx\/tienda\/categoria-producto\/servidores-2\/"},{"@type":"ListItem","position":4,"name":"Torre (ml)","item":"https:\/\/compuviper.mx\/tienda\/categoria-producto\/servidores-2\/torre-ml\/"},{"@type":"ListItem","position":5,"name":"Hewlett Packard Enterprise P75341-dm5 Servidor Hpe Proliant Ml350 Gen11 4410y 2 Ghz 12c 1p 64 Gb-r 8 Sff Mr408i-o Ssd 2x960gb Y Fuente Redundante 2x800w La"}]},{"@type":"WebSite","@id":"https:\/\/compuviper.mx\/tienda\/#website","url":"https:\/\/compuviper.mx\/tienda\/","name":"Compuviper","description":"Proveedor de Computadoras, Laptops, Servidores, Monitores, Puntos de Venta, Teclados,   Impresoras, T\u00f3ner, C\u00e1maras de Seguridad y m\u00e1s en tu tienda en l\u00ednea","publisher":{"@id":"https:\/\/compuviper.mx\/tienda\/#organization"},"potentialAction":[{"@type":"SearchAction","target":{"@type":"EntryPoint","urlTemplate":"https:\/\/compuviper.mx\/tienda\/?s={search_term_string}"},"query-input":"required name=search_term_string"}],"inLanguage":"es-MX"},{"@type":"Organization","@id":"https:\/\/compuviper.mx\/tienda\/#organization","name":"Compuviper","url":"https:\/\/compuviper.mx\/tienda\/","logo":{"@type":"ImageObject","inLanguage":"es-MX","@id":"https:\/\/compuviper.mx\/tienda\/#\/schema\/logo\/image\/","url":"https:\/\/compuviper.mx\/tienda\/wp-content\/uploads\/2021\/08\/Logo-Compuviper-10.png","contentUrl":"https:\/\/compuviper.mx\/tienda\/wp-content\/uploads\/2021\/08\/Logo-Compuviper-10.png","width":1000,"height":500,"caption":"Compuviper"},"image":{"@id":"https:\/\/compuviper.mx\/tienda\/#\/schema\/logo\/image\/"},"sameAs":["https:\/\/www.facebook.com\/compuviper","https:\/\/www.youtube.com\/channel\/UCf73dERp9Y3cfOq7q8BhLjA?view_as=subscriber"]}]},"product_brand":"HEWLETT PACKARD ENTERPRISE","product_price_amount":"82633","product_price_currency":"MXN","og_availability":"instock","product_availability":"instock","product_retailer_item_id":"P75341-DM5","product_condition":"new"},"_links":{"self":[{"href":"https:\/\/compuviper.mx\/tienda\/wp-json\/wp\/v2\/product\/252999"}],"collection":[{"href":"https:\/\/compuviper.mx\/tienda\/wp-json\/wp\/v2\/product"}],"about":[{"href":"https:\/\/compuviper.mx\/tienda\/wp-json\/wp\/v2\/types\/product"}],"replies":[{"embeddable":true,"href":"https:\/\/compuviper.mx\/tienda\/wp-json\/wp\/v2\/comments?post=252999"}],"wp:featuredmedia":[{"embeddable":true,"href":"https:\/\/compuviper.mx\/tienda\/wp-json\/wp\/v2\/media\/260792"}],"wp:attachment":[{"href":"https:\/\/compuviper.mx\/tienda\/wp-json\/wp\/v2\/media?parent=252999"}],"wp:term":[{"taxonomy":"product_cat","embeddable":true,"href":"https:\/\/compuviper.mx\/tienda\/wp-json\/wp\/v2\/product_cat?post=252999"},{"taxonomy":"product_tag","embeddable":true,"href":"https:\/\/compuviper.mx\/tienda\/wp-json\/wp\/v2\/product_tag?post=252999"}],"curies":[{"name":"wp","href":"https:\/\/api.w.org\/{rel}","templated":true}]}}