{"id":252954,"date":"2026-04-18T01:14:48","date_gmt":"2026-04-18T07:14:48","guid":{"rendered":"https:\/\/compuviper.mx\/tienda\/producto\/hewlett-packard-enterprise-r8q68a-switch-hpe-aruba-6200m-24g-cl4-poe-4sfp-sw-2\/"},"modified":"2026-04-18T01:14:48","modified_gmt":"2026-04-18T07:14:48","slug":"hewlett-packard-enterprise-r8q68a-switch-hpe-aruba-6200m-24g-cl4-poe-4sfp-sw-2","status":"publish","type":"product","link":"https:\/\/compuviper.mx\/tienda\/producto\/hewlett-packard-enterprise-r8q68a-switch-hpe-aruba-6200m-24g-cl4-poe-4sfp-sw-2\/","title":{"rendered":"Hewlett Packard Enterprise R8q68a Switch Hpe Aruba  6200m 24g Cl4 Poe 4sfp+ Sw"},"content":{"rendered":"<table class=\"descripcion\">\n<tr>\n<td>24x ports 10\/100\/1000base-t class 4 poe ports, supporting up to 30w per port<\/td>\n<\/tr>\n<tr>\n<td>4x 1g\/10g sfp ports 2x lrm<\/td>\n<\/tr>\n<tr>\n<td>2x lrm\/macsec 256<\/td>\n<\/tr>\n<tr>\n<td>Supports poe standards ieee 802.3af, 802.3at<\/td>\n<\/tr>\n<tr>\n<td>1x rj-45 console port 1x usb-c console port<\/td>\n<\/tr>\n<tr>\n<td>1x oobm<\/td>\n<\/tr>\n<tr>\n<td>1x usb type-a host port<\/td>\n<\/tr>\n<tr>\n<td>2 field-replaceable, hot-swappable power supply slots, 1 power supply required ordered separately supports psu jl086a jl087a<\/td>\n<\/tr>\n<tr>\n<td>Switch has two fan tray slots<\/td>\n<\/tr>\n<tr>\n<td>Switch includes one fan tray. fan trays are field replaceable and hot- swappable.<\/td>\n<\/tr>\n<tr>\n<td>Ports<\/td>\n<\/tr>\n<tr>\n<td>24x ports 10\/100\/1000base-t class 4 poe ports, supporting up to 30w per port<\/td>\n<\/tr>\n<tr>\n<td>4x 1g\/10g sfp ports 2x lrm<\/td>\n<\/tr>\n<tr>\n<td>2x lrm\/macsec 256<\/td>\n<\/tr>\n<tr>\n<td>Supports poe standards ieee 802.3af, 802.3at<\/td>\n<\/tr>\n<tr>\n<td>1x rj-45 console port<\/td>\n<\/tr>\n<tr>\n<td>1x usb-c console port<\/td>\n<\/tr>\n<tr>\n<td>1x oobm<\/td>\n<\/tr>\n<tr>\n<td>1x usb type-a host port<\/td>\n<\/tr>\n<tr>\n<td>Memory and processor<\/td>\n<\/tr>\n<tr>\n<td>Cpu: quad core arm cortex\u0099 a72 at 1.8 ghz<\/td>\n<\/tr>\n<tr>\n<td>Memory and flash: 8 gb ddr4 16 gb emmc<\/td>\n<\/tr>\n<tr>\n<td>Latency<\/td>\n<\/tr>\n<tr>\n<td>1 gbps: 2.28  and 956;sec<\/td>\n<\/tr>\n<tr>\n<td>10 gbps: 1.46  and 956;sec<\/td>\n<\/tr>\n<tr>\n<td>Throughput<\/td>\n<\/tr>\n<tr>\n<td>Up to 95.2 mpps<\/td>\n<\/tr>\n<tr>\n<td>Routing\/switching capacity<\/td>\n<\/tr>\n<tr>\n<td>128 gbps<\/td>\n<\/tr>\n<tr>\n<td>Poe capability<\/td>\n<\/tr>\n<tr>\n<td>740w<\/td>\n<\/tr>\n<tr>\n<td>Stacking capabilities<\/td>\n<\/tr>\n<tr>\n<td>8 members<\/td>\n<\/tr>\n<tr>\n<td>Power supply name<\/td>\n<\/tr>\n<tr>\n<td>2 field-replaceable, hotswappable power supply slots<\/td>\n<\/tr>\n<tr>\n<td>1 minimum power supply required ordered separately<\/td>\n<\/tr>\n<tr>\n<td>Supported psus<\/td>\n<\/tr>\n<tr>\n<td>Jl086a<\/td>\n<\/tr>\n<tr>\n<td>Jl087a<\/td>\n<\/tr>\n<tr>\n<td>Max poe power: 740w<\/td>\n<\/tr>\n<tr>\n<td>Input voltage<\/td>\n<\/tr>\n<tr>\n<td>100v-120v\/200v-240v<\/td>\n<\/tr>\n<tr>\n<td>Power consumption<\/td>\n<\/tr>\n<tr>\n<td>76w at 230 vac<\/td>\n<\/tr>\n<tr>\n<td>Product dimensions imperial<\/td>\n<\/tr>\n<tr>\n<td>1.73 x 17.42 x 15.11 in<\/td>\n<\/tr>\n<tr>\n<td>Weight<\/td>\n<\/tr>\n<tr>\n<td>13.25 lbs<\/td>\n<\/tr>\n<\/table>\n","protected":false},"excerpt":{"rendered":"<p>Aos-cx &#8211; a modern software system. The hpe aruba networking cx 6200 switch series is based on aos-cx, a modern, database-driven operating system that automates and simplifies many critical and complex network tasks. A built-in time series database enables customers and developers to utilize software scripts for historical troubleshooting, as well as analysis of past trends. This helps predict and avoid future problems due to scale, security, and performance bottlenecks. Easy access to all network state information allows unique visibility and analytics. Our aos-cx software also includes aruba network analytics engine nae and support for aruba netedit. Because aos-cx is built on a modular linux architecture with a stateful database, our operating system provides the following unique capabilities. Easy access to all network state information allows unique visibility and analytics. Rest apis and python scripting for fine-grained programmability of network tasks. A micro-services architecture that enables full integration with other workflow systems and services. Continuous telemetry data with websocket subscriptions for event driven automation. Continual state synchronization that provides superior fault tolerance and high availability. All software processes communicate with the database rather than each other, ensuring near real-time state and resiliency and allowing individual software modules to be independently upgraded for higher availability.<\/p>\n","protected":false},"featured_media":260186,"comment_status":"open","ping_status":"open","template":"","meta":[],"product_cat":[1563,1564],"product_tag":[1568],"acf":[],"yoast_head":"<!-- This site is optimized with the Yoast SEO plugin v21.7 - https:\/\/yoast.com\/wordpress\/plugins\/seo\/ -->\n<title>[ Hewlett Packard Enterprise ] &#129351; R8q68a Switch Hpe Aruba 6200m 24g Cl4 Poe 4sfp+ Sw<\/title>\n<meta name=\"description\" content=\"Compra R8q68a Switch Hpe Aruba 6200m 24g Cl4 Poe 4sfp+ Sw + Env\u00edo a domicilio + Pago seguro + Garant\u00eda\" \/>\n<meta name=\"robots\" content=\"index, follow, max-snippet:-1, max-image-preview:large, max-video-preview:-1\" \/>\n<link rel=\"canonical\" href=\"https:\/\/compuviper.mx\/tienda\/producto\/hewlett-packard-enterprise-r8q68a-switch-hpe-aruba-6200m-24g-cl4-poe-4sfp-sw-2\/\" \/>\n<meta property=\"og:locale\" content=\"es_MX\" \/>\n<meta property=\"og:type\" content=\"article\" \/>\n<meta property=\"og:title\" content=\"[ Hewlett Packard Enterprise ] &#129351; R8q68a Switch Hpe Aruba 6200m 24g Cl4 Poe 4sfp+ Sw\" \/>\n<meta property=\"og:description\" content=\"Compra R8q68a Switch Hpe Aruba 6200m 24g Cl4 Poe 4sfp+ Sw + Env\u00edo a domicilio + Pago seguro + Garant\u00eda\" \/>\n<meta property=\"og:url\" content=\"https:\/\/compuviper.mx\/tienda\/producto\/hewlett-packard-enterprise-r8q68a-switch-hpe-aruba-6200m-24g-cl4-poe-4sfp-sw-2\/\" \/>\n<meta property=\"og:site_name\" content=\"Compuviper\" \/>\n<meta property=\"article:publisher\" content=\"https:\/\/www.facebook.com\/compuviper\" \/>\n<meta property=\"og:image\" content=\"https:\/\/compuviper.mx\/tienda\/wp-content\/uploads\/2025\/10\/Switch-hpe-aruba-r8q68a-6200m-24g-cl4-poe-4sfp-sw.jpg\" \/>\n\t<meta property=\"og:image:width\" content=\"200\" \/>\n\t<meta property=\"og:image:height\" content=\"200\" \/>\n\t<meta property=\"og:image:type\" content=\"image\/jpeg\" \/>\n<meta name=\"twitter:card\" content=\"summary_large_image\" \/>\n<meta name=\"twitter:label1\" content=\"Precio\" \/>\n\t<meta name=\"twitter:data1\" content=\"&#36;69,931 &#36;47,667 con IVA\" \/>\n\t<meta name=\"twitter:label2\" content=\"Availability\" \/>\n\t<meta name=\"twitter:data2\" content=\"On backorder\" \/>\n<script type=\"application\/ld+json\" class=\"yoast-schema-graph\">{\"@context\":\"https:\/\/schema.org\",\"@graph\":[{\"@type\":\"WebPage\",\"@id\":\"https:\/\/compuviper.mx\/tienda\/producto\/hewlett-packard-enterprise-r8q68a-switch-hpe-aruba-6200m-24g-cl4-poe-4sfp-sw-2\/\",\"url\":\"https:\/\/compuviper.mx\/tienda\/producto\/hewlett-packard-enterprise-r8q68a-switch-hpe-aruba-6200m-24g-cl4-poe-4sfp-sw-2\/\",\"name\":\"[ Hewlett Packard Enterprise ] &#129351; R8q68a Switch Hpe Aruba 6200m 24g Cl4 Poe 4sfp+ Sw\",\"isPartOf\":{\"@id\":\"https:\/\/compuviper.mx\/tienda\/#website\"},\"datePublished\":\"2026-04-18T07:14:48+00:00\",\"dateModified\":\"2026-04-18T07:14:48+00:00\",\"description\":\"Compra R8q68a Switch Hpe Aruba 6200m 24g Cl4 Poe 4sfp+ Sw + Env\u00edo a domicilio + Pago seguro + Garant\u00eda\",\"breadcrumb\":{\"@id\":\"https:\/\/compuviper.mx\/tienda\/producto\/hewlett-packard-enterprise-r8q68a-switch-hpe-aruba-6200m-24g-cl4-poe-4sfp-sw-2\/#breadcrumb\"},\"inLanguage\":\"es-MX\",\"potentialAction\":[{\"@type\":\"ReadAction\",\"target\":[\"https:\/\/compuviper.mx\/tienda\/producto\/hewlett-packard-enterprise-r8q68a-switch-hpe-aruba-6200m-24g-cl4-poe-4sfp-sw-2\/\"]}]},{\"@type\":\"BreadcrumbList\",\"@id\":\"https:\/\/compuviper.mx\/tienda\/producto\/hewlett-packard-enterprise-r8q68a-switch-hpe-aruba-6200m-24g-cl4-poe-4sfp-sw-2\/#breadcrumb\",\"itemListElement\":[{\"@type\":\"ListItem\",\"position\":1,\"name\":\"Inicio\",\"item\":\"https:\/\/compuviper.mx\/tienda\/\"},{\"@type\":\"ListItem\",\"position\":2,\"name\":\"Productos\",\"item\":\"https:\/\/compuviper.mx\/tienda\/productos\/\"},{\"@type\":\"ListItem\",\"position\":3,\"name\":\"Redes\",\"item\":\"https:\/\/compuviper.mx\/tienda\/categoria-producto\/redes\/\"},{\"@type\":\"ListItem\",\"position\":4,\"name\":\"Switch\",\"item\":\"https:\/\/compuviper.mx\/tienda\/categoria-producto\/redes\/switch\/\"},{\"@type\":\"ListItem\",\"position\":5,\"name\":\"Hewlett Packard Enterprise R8q68a Switch Hpe Aruba 6200m 24g Cl4 Poe 4sfp+ Sw\"}]},{\"@type\":\"WebSite\",\"@id\":\"https:\/\/compuviper.mx\/tienda\/#website\",\"url\":\"https:\/\/compuviper.mx\/tienda\/\",\"name\":\"Compuviper\",\"description\":\"Proveedor de Computadoras, Laptops, Servidores, Monitores, Puntos de Venta, Teclados,   Impresoras, T\u00f3ner, C\u00e1maras de Seguridad y m\u00e1s en tu tienda en l\u00ednea\",\"publisher\":{\"@id\":\"https:\/\/compuviper.mx\/tienda\/#organization\"},\"potentialAction\":[{\"@type\":\"SearchAction\",\"target\":{\"@type\":\"EntryPoint\",\"urlTemplate\":\"https:\/\/compuviper.mx\/tienda\/?s={search_term_string}\"},\"query-input\":\"required name=search_term_string\"}],\"inLanguage\":\"es-MX\"},{\"@type\":\"Organization\",\"@id\":\"https:\/\/compuviper.mx\/tienda\/#organization\",\"name\":\"Compuviper\",\"url\":\"https:\/\/compuviper.mx\/tienda\/\",\"logo\":{\"@type\":\"ImageObject\",\"inLanguage\":\"es-MX\",\"@id\":\"https:\/\/compuviper.mx\/tienda\/#\/schema\/logo\/image\/\",\"url\":\"https:\/\/compuviper.mx\/tienda\/wp-content\/uploads\/2021\/08\/Logo-Compuviper-10.png\",\"contentUrl\":\"https:\/\/compuviper.mx\/tienda\/wp-content\/uploads\/2021\/08\/Logo-Compuviper-10.png\",\"width\":1000,\"height\":500,\"caption\":\"Compuviper\"},\"image\":{\"@id\":\"https:\/\/compuviper.mx\/tienda\/#\/schema\/logo\/image\/\"},\"sameAs\":[\"https:\/\/www.facebook.com\/compuviper\",\"https:\/\/www.youtube.com\/channel\/UCf73dERp9Y3cfOq7q8BhLjA?view_as=subscriber\"]}]}<\/script>\n<meta property=\"product:brand\" content=\"HEWLETT PACKARD ENTERPRISE\" \/>\n<meta property=\"product:price:amount\" content=\"47667\" \/>\n<meta property=\"product:price:currency\" content=\"MXN\" \/>\n<meta property=\"og:availability\" content=\"backorder\" \/>\n<meta property=\"product:availability\" content=\"available for order\" \/>\n<meta property=\"product:retailer_item_id\" content=\"R8Q68A\" \/>\n<meta property=\"product:condition\" content=\"new\" \/>\n<!-- \/ Yoast SEO plugin. -->","yoast_head_json":{"title":"[ Hewlett Packard Enterprise ] &#129351; R8q68a Switch Hpe Aruba 6200m 24g Cl4 Poe 4sfp+ Sw","description":"Compra R8q68a Switch Hpe Aruba 6200m 24g Cl4 Poe 4sfp+ Sw + Env\u00edo a domicilio + Pago seguro + Garant\u00eda","robots":{"index":"index","follow":"follow","max-snippet":"max-snippet:-1","max-image-preview":"max-image-preview:large","max-video-preview":"max-video-preview:-1"},"canonical":"https:\/\/compuviper.mx\/tienda\/producto\/hewlett-packard-enterprise-r8q68a-switch-hpe-aruba-6200m-24g-cl4-poe-4sfp-sw-2\/","og_locale":"es_MX","og_type":"article","og_title":"[ Hewlett Packard Enterprise ] &#129351; R8q68a Switch Hpe Aruba 6200m 24g Cl4 Poe 4sfp+ Sw","og_description":"Compra R8q68a Switch Hpe Aruba 6200m 24g Cl4 Poe 4sfp+ Sw + Env\u00edo a domicilio + Pago seguro + Garant\u00eda","og_url":"https:\/\/compuviper.mx\/tienda\/producto\/hewlett-packard-enterprise-r8q68a-switch-hpe-aruba-6200m-24g-cl4-poe-4sfp-sw-2\/","og_site_name":"Compuviper","article_publisher":"https:\/\/www.facebook.com\/compuviper","og_image":[{"width":200,"height":200,"url":"https:\/\/compuviper.mx\/tienda\/wp-content\/uploads\/2025\/10\/Switch-hpe-aruba-r8q68a-6200m-24g-cl4-poe-4sfp-sw.jpg","type":"image\/jpeg"}],"twitter_card":"summary_large_image","twitter_misc":{"Precio":"&#36;69,931 &#36;47,667 con IVA","Availability":"On backorder"},"schema":{"@context":"https:\/\/schema.org","@graph":[{"@type":"WebPage","@id":"https:\/\/compuviper.mx\/tienda\/producto\/hewlett-packard-enterprise-r8q68a-switch-hpe-aruba-6200m-24g-cl4-poe-4sfp-sw-2\/","url":"https:\/\/compuviper.mx\/tienda\/producto\/hewlett-packard-enterprise-r8q68a-switch-hpe-aruba-6200m-24g-cl4-poe-4sfp-sw-2\/","name":"[ Hewlett Packard Enterprise ] &#129351; R8q68a Switch Hpe Aruba 6200m 24g Cl4 Poe 4sfp+ Sw","isPartOf":{"@id":"https:\/\/compuviper.mx\/tienda\/#website"},"datePublished":"2026-04-18T07:14:48+00:00","dateModified":"2026-04-18T07:14:48+00:00","description":"Compra R8q68a Switch Hpe Aruba 6200m 24g Cl4 Poe 4sfp+ Sw + Env\u00edo a domicilio + Pago seguro + Garant\u00eda","breadcrumb":{"@id":"https:\/\/compuviper.mx\/tienda\/producto\/hewlett-packard-enterprise-r8q68a-switch-hpe-aruba-6200m-24g-cl4-poe-4sfp-sw-2\/#breadcrumb"},"inLanguage":"es-MX","potentialAction":[{"@type":"ReadAction","target":["https:\/\/compuviper.mx\/tienda\/producto\/hewlett-packard-enterprise-r8q68a-switch-hpe-aruba-6200m-24g-cl4-poe-4sfp-sw-2\/"]}]},{"@type":"BreadcrumbList","@id":"https:\/\/compuviper.mx\/tienda\/producto\/hewlett-packard-enterprise-r8q68a-switch-hpe-aruba-6200m-24g-cl4-poe-4sfp-sw-2\/#breadcrumb","itemListElement":[{"@type":"ListItem","position":1,"name":"Inicio","item":"https:\/\/compuviper.mx\/tienda\/"},{"@type":"ListItem","position":2,"name":"Productos","item":"https:\/\/compuviper.mx\/tienda\/productos\/"},{"@type":"ListItem","position":3,"name":"Redes","item":"https:\/\/compuviper.mx\/tienda\/categoria-producto\/redes\/"},{"@type":"ListItem","position":4,"name":"Switch","item":"https:\/\/compuviper.mx\/tienda\/categoria-producto\/redes\/switch\/"},{"@type":"ListItem","position":5,"name":"Hewlett Packard Enterprise R8q68a Switch Hpe Aruba 6200m 24g Cl4 Poe 4sfp+ Sw"}]},{"@type":"WebSite","@id":"https:\/\/compuviper.mx\/tienda\/#website","url":"https:\/\/compuviper.mx\/tienda\/","name":"Compuviper","description":"Proveedor de Computadoras, Laptops, Servidores, Monitores, Puntos de Venta, Teclados,   Impresoras, T\u00f3ner, C\u00e1maras de Seguridad y m\u00e1s en tu tienda en l\u00ednea","publisher":{"@id":"https:\/\/compuviper.mx\/tienda\/#organization"},"potentialAction":[{"@type":"SearchAction","target":{"@type":"EntryPoint","urlTemplate":"https:\/\/compuviper.mx\/tienda\/?s={search_term_string}"},"query-input":"required name=search_term_string"}],"inLanguage":"es-MX"},{"@type":"Organization","@id":"https:\/\/compuviper.mx\/tienda\/#organization","name":"Compuviper","url":"https:\/\/compuviper.mx\/tienda\/","logo":{"@type":"ImageObject","inLanguage":"es-MX","@id":"https:\/\/compuviper.mx\/tienda\/#\/schema\/logo\/image\/","url":"https:\/\/compuviper.mx\/tienda\/wp-content\/uploads\/2021\/08\/Logo-Compuviper-10.png","contentUrl":"https:\/\/compuviper.mx\/tienda\/wp-content\/uploads\/2021\/08\/Logo-Compuviper-10.png","width":1000,"height":500,"caption":"Compuviper"},"image":{"@id":"https:\/\/compuviper.mx\/tienda\/#\/schema\/logo\/image\/"},"sameAs":["https:\/\/www.facebook.com\/compuviper","https:\/\/www.youtube.com\/channel\/UCf73dERp9Y3cfOq7q8BhLjA?view_as=subscriber"]}]},"product_brand":"HEWLETT PACKARD ENTERPRISE","product_price_amount":"47667","product_price_currency":"MXN","og_availability":"backorder","product_availability":"available for order","product_retailer_item_id":"R8Q68A","product_condition":"new"},"_links":{"self":[{"href":"https:\/\/compuviper.mx\/tienda\/wp-json\/wp\/v2\/product\/252954"}],"collection":[{"href":"https:\/\/compuviper.mx\/tienda\/wp-json\/wp\/v2\/product"}],"about":[{"href":"https:\/\/compuviper.mx\/tienda\/wp-json\/wp\/v2\/types\/product"}],"replies":[{"embeddable":true,"href":"https:\/\/compuviper.mx\/tienda\/wp-json\/wp\/v2\/comments?post=252954"}],"wp:featuredmedia":[{"embeddable":true,"href":"https:\/\/compuviper.mx\/tienda\/wp-json\/wp\/v2\/media\/260186"}],"wp:attachment":[{"href":"https:\/\/compuviper.mx\/tienda\/wp-json\/wp\/v2\/media?parent=252954"}],"wp:term":[{"taxonomy":"product_cat","embeddable":true,"href":"https:\/\/compuviper.mx\/tienda\/wp-json\/wp\/v2\/product_cat?post=252954"},{"taxonomy":"product_tag","embeddable":true,"href":"https:\/\/compuviper.mx\/tienda\/wp-json\/wp\/v2\/product_tag?post=252954"}],"curies":[{"name":"wp","href":"https:\/\/api.w.org\/{rel}","templated":true}]}}