{"id":252909,"date":"2026-04-18T01:14:49","date_gmt":"2026-04-18T07:14:49","guid":{"rendered":"https:\/\/compuviper.mx\/tienda\/producto\/hewlett-packard-enterprise-r9y04a-switch-hpe-aruba-anw-6100-48g-cl4-4sfp-740w-2\/"},"modified":"2026-04-18T01:14:49","modified_gmt":"2026-04-18T07:14:49","slug":"hewlett-packard-enterprise-r9y04a-switch-hpe-aruba-anw-6100-48g-cl4-4sfp-740w-2","status":"publish","type":"product","link":"https:\/\/compuviper.mx\/tienda\/producto\/hewlett-packard-enterprise-r9y04a-switch-hpe-aruba-anw-6100-48g-cl4-4sfp-740w-2\/","title":{"rendered":"Hewlett Packard Enterprise R9y04a Switch Hpe Aruba  Anw 6100 48g Cl4 4sfp+ 740w"},"content":{"rendered":"<table class=\"descripcion\">\n<tr>\n<td>Diferenciador<\/td>\n<\/tr>\n<tr>\n<td>48 puertos 10\/100\/1000base-t puertos<\/td>\n<\/tr>\n<tr>\n<td>Poe de clase 4 4 puertos sfp 1\/10g compatible con los estndares poe ieee 802.3af, 802.3at<\/td>\n<\/tr>\n<tr>\n<td>1 puerto<\/td>\n<\/tr>\n<tr>\n<td>De consola usb-c 1 puerto<\/td>\n<\/tr>\n<tr>\n<td>Host usb tipo a fuente de alimentacin fija hasta 740 w de alimentacin<\/td>\n<\/tr>\n<tr>\n<td>Poe de clase 4 ventiladores fijos<\/td>\n<\/tr>\n<tr>\n<td>Puertos<\/td>\n<\/tr>\n<tr>\n<td>48 puertos 10\/100\/1000base-t clase 4 puertos poe<\/td>\n<\/tr>\n<tr>\n<td>Compatibles con los estndares poe ieee 802.3af, 802.3at<\/td>\n<\/tr>\n<tr>\n<td>Memoria y procesador<\/td>\n<\/tr>\n<tr>\n<td>Dual core arm cortex a9 @ 1016 mhz<\/td>\n<\/tr>\n<tr>\n<td>4 gb ddr3, mximo, segn modelo<\/td>\n<\/tr>\n<tr>\n<td>16 gb emmc<\/td>\n<\/tr>\n<tr>\n<td>Latencia<\/td>\n<\/tr>\n<tr>\n<td>1 gbps: 1,9  and 956;seg , 10 gbps: 1,8  and 956;seg<\/td>\n<\/tr>\n<tr>\n<td>Rendimiento<\/td>\n<\/tr>\n<tr>\n<td>98.6 mpps<\/td>\n<\/tr>\n<tr>\n<td>Capacidad de conmutacin<\/td>\n<\/tr>\n<tr>\n<td>176 gbps<\/td>\n<\/tr>\n<tr>\n<td>Capacidad poe<\/td>\n<\/tr>\n<tr>\n<td>740 w de poe de clase 4<\/td>\n<\/tr>\n<tr>\n<td>Voltaje de entrada<\/td>\n<\/tr>\n<tr>\n<td>100-127 vca \/ 200-240 vca<\/td>\n<\/tr>\n<tr>\n<td>Consumo de energa<\/td>\n<\/tr>\n<tr>\n<td>Potencia mxima sin poe: 49,7 w<\/td>\n<\/tr>\n<tr>\n<td>Potencia mxima con poe: 890 w<\/td>\n<\/tr>\n<\/table>\n","protected":false},"excerpt":{"rendered":"<p>Serie de conmutadores hpe aruba networking cx 6100. La serie de conmutadores hpe aruba networking cx 6100 es una familia moderna de conmutadores de acceso de nivel bsico ideales para sucursales empresariales y redes de pymes. Optimizados para un acceso confiable, simple y seguro, los conmutadores de la serie hpe aruba networking cx 6100 brindan una conveniente solucin de acceso por cable para redes que admiten aplicaciones de iot, mviles y en la nube. La serie de conmutadores hpe aruba networking cx 6100 se basa en la arquitectura aruba asic con el sistema operativo programable aos-cx utilizado en todo el portafolio de hpe aruba networking cx para una experiencia de operador ms consistente y eficiente. Esta serie de conmutadores de capa 2 totalmente administrados tiene convenientes enlaces ascendentes de alta velocidad incorporados con hasta 370 w de poe para admitir dispositivos iot como cmaras de seguridad y puntos de acceso inalmbricos, e incluye un modelo compacto y sin ventilador ideal para usar en espacios de trabajo silenciosos. La serie de conmutadores hpe aruba networking cx 6100 admite opciones de administracin que incluyen gui web, cli, aruba central local y basado en la nube, para que pueda elegir la mejor opcin para sus necesidades actuales con flexibilidad para cambiar sin reemplazar el hardware. Con seguridad de acceso mejorada, priorizacin del trfico y compatibilidad con ipv6, la serie de conmutadores hpe aruba networking cx 6100 tambin simplifica la propiedad y brinda tranquilidad con el software del conmutador integrado sin necesidad de suscripcin para habilitarlo y una garanta limitada de por vida.<\/p>\n","protected":false},"featured_media":260188,"comment_status":"open","ping_status":"open","template":"","meta":[],"product_cat":[1563,1564],"product_tag":[1568],"acf":[],"yoast_head":"<!-- This site is optimized with the Yoast SEO plugin v21.7 - https:\/\/yoast.com\/wordpress\/plugins\/seo\/ -->\n<title>[ Hewlett Packard Enterprise ] &#129351; R9y04a Switch Hpe Aruba Anw 6100 48g Cl4 4sfp+ 740w<\/title>\n<meta name=\"description\" content=\"Compra R9y04a Switch Hpe Aruba Anw 6100 48g Cl4 4sfp+ 740w + Env\u00edo a domicilio + Pago seguro + Garant\u00eda\" \/>\n<meta name=\"robots\" content=\"index, follow, max-snippet:-1, max-image-preview:large, max-video-preview:-1\" \/>\n<link rel=\"canonical\" href=\"https:\/\/compuviper.mx\/tienda\/producto\/hewlett-packard-enterprise-r9y04a-switch-hpe-aruba-anw-6100-48g-cl4-4sfp-740w-2\/\" \/>\n<meta property=\"og:locale\" content=\"es_MX\" \/>\n<meta property=\"og:type\" content=\"article\" \/>\n<meta property=\"og:title\" content=\"[ Hewlett Packard Enterprise ] &#129351; R9y04a Switch Hpe Aruba Anw 6100 48g Cl4 4sfp+ 740w\" \/>\n<meta property=\"og:description\" content=\"Compra R9y04a Switch Hpe Aruba Anw 6100 48g Cl4 4sfp+ 740w + Env\u00edo a domicilio + Pago seguro + Garant\u00eda\" \/>\n<meta property=\"og:url\" content=\"https:\/\/compuviper.mx\/tienda\/producto\/hewlett-packard-enterprise-r9y04a-switch-hpe-aruba-anw-6100-48g-cl4-4sfp-740w-2\/\" \/>\n<meta property=\"og:site_name\" content=\"Compuviper\" \/>\n<meta property=\"article:publisher\" content=\"https:\/\/www.facebook.com\/compuviper\" \/>\n<meta property=\"og:image\" content=\"https:\/\/compuviper.mx\/tienda\/wp-content\/uploads\/2025\/10\/Switch-hpe-aruba-r9y04a-anw-6100-48g-cl4-4sfp-740w.jpg\" \/>\n\t<meta property=\"og:image:width\" content=\"200\" \/>\n\t<meta property=\"og:image:height\" content=\"200\" \/>\n\t<meta property=\"og:image:type\" content=\"image\/jpeg\" \/>\n<meta name=\"twitter:card\" content=\"summary_large_image\" \/>\n<meta name=\"twitter:label1\" content=\"Precio\" \/>\n\t<meta name=\"twitter:data1\" content=\"&#36;130,410 con IVA\" \/>\n\t<meta name=\"twitter:label2\" content=\"Availability\" \/>\n\t<meta name=\"twitter:data2\" content=\"On backorder\" \/>\n<script type=\"application\/ld+json\" class=\"yoast-schema-graph\">{\"@context\":\"https:\/\/schema.org\",\"@graph\":[{\"@type\":\"WebPage\",\"@id\":\"https:\/\/compuviper.mx\/tienda\/producto\/hewlett-packard-enterprise-r9y04a-switch-hpe-aruba-anw-6100-48g-cl4-4sfp-740w-2\/\",\"url\":\"https:\/\/compuviper.mx\/tienda\/producto\/hewlett-packard-enterprise-r9y04a-switch-hpe-aruba-anw-6100-48g-cl4-4sfp-740w-2\/\",\"name\":\"[ Hewlett Packard Enterprise ] &#129351; R9y04a Switch Hpe Aruba Anw 6100 48g Cl4 4sfp+ 740w\",\"isPartOf\":{\"@id\":\"https:\/\/compuviper.mx\/tienda\/#website\"},\"datePublished\":\"2026-04-18T07:14:49+00:00\",\"dateModified\":\"2026-04-18T07:14:49+00:00\",\"description\":\"Compra R9y04a Switch Hpe Aruba Anw 6100 48g Cl4 4sfp+ 740w + Env\u00edo a domicilio + Pago seguro + Garant\u00eda\",\"breadcrumb\":{\"@id\":\"https:\/\/compuviper.mx\/tienda\/producto\/hewlett-packard-enterprise-r9y04a-switch-hpe-aruba-anw-6100-48g-cl4-4sfp-740w-2\/#breadcrumb\"},\"inLanguage\":\"es-MX\",\"potentialAction\":[{\"@type\":\"ReadAction\",\"target\":[\"https:\/\/compuviper.mx\/tienda\/producto\/hewlett-packard-enterprise-r9y04a-switch-hpe-aruba-anw-6100-48g-cl4-4sfp-740w-2\/\"]}]},{\"@type\":\"BreadcrumbList\",\"@id\":\"https:\/\/compuviper.mx\/tienda\/producto\/hewlett-packard-enterprise-r9y04a-switch-hpe-aruba-anw-6100-48g-cl4-4sfp-740w-2\/#breadcrumb\",\"itemListElement\":[{\"@type\":\"ListItem\",\"position\":1,\"name\":\"Inicio\",\"item\":\"https:\/\/compuviper.mx\/tienda\/\"},{\"@type\":\"ListItem\",\"position\":2,\"name\":\"Productos\",\"item\":\"https:\/\/compuviper.mx\/tienda\/productos\/\"},{\"@type\":\"ListItem\",\"position\":3,\"name\":\"Redes\",\"item\":\"https:\/\/compuviper.mx\/tienda\/categoria-producto\/redes\/\"},{\"@type\":\"ListItem\",\"position\":4,\"name\":\"Switch\",\"item\":\"https:\/\/compuviper.mx\/tienda\/categoria-producto\/redes\/switch\/\"},{\"@type\":\"ListItem\",\"position\":5,\"name\":\"Hewlett Packard Enterprise R9y04a Switch Hpe Aruba Anw 6100 48g Cl4 4sfp+ 740w\"}]},{\"@type\":\"WebSite\",\"@id\":\"https:\/\/compuviper.mx\/tienda\/#website\",\"url\":\"https:\/\/compuviper.mx\/tienda\/\",\"name\":\"Compuviper\",\"description\":\"Proveedor de Computadoras, Laptops, Servidores, Monitores, Puntos de Venta, Teclados,   Impresoras, T\u00f3ner, C\u00e1maras de Seguridad y m\u00e1s en tu tienda en l\u00ednea\",\"publisher\":{\"@id\":\"https:\/\/compuviper.mx\/tienda\/#organization\"},\"potentialAction\":[{\"@type\":\"SearchAction\",\"target\":{\"@type\":\"EntryPoint\",\"urlTemplate\":\"https:\/\/compuviper.mx\/tienda\/?s={search_term_string}\"},\"query-input\":\"required name=search_term_string\"}],\"inLanguage\":\"es-MX\"},{\"@type\":\"Organization\",\"@id\":\"https:\/\/compuviper.mx\/tienda\/#organization\",\"name\":\"Compuviper\",\"url\":\"https:\/\/compuviper.mx\/tienda\/\",\"logo\":{\"@type\":\"ImageObject\",\"inLanguage\":\"es-MX\",\"@id\":\"https:\/\/compuviper.mx\/tienda\/#\/schema\/logo\/image\/\",\"url\":\"https:\/\/compuviper.mx\/tienda\/wp-content\/uploads\/2021\/08\/Logo-Compuviper-10.png\",\"contentUrl\":\"https:\/\/compuviper.mx\/tienda\/wp-content\/uploads\/2021\/08\/Logo-Compuviper-10.png\",\"width\":1000,\"height\":500,\"caption\":\"Compuviper\"},\"image\":{\"@id\":\"https:\/\/compuviper.mx\/tienda\/#\/schema\/logo\/image\/\"},\"sameAs\":[\"https:\/\/www.facebook.com\/compuviper\",\"https:\/\/www.youtube.com\/channel\/UCf73dERp9Y3cfOq7q8BhLjA?view_as=subscriber\"]}]}<\/script>\n<meta property=\"product:brand\" content=\"HEWLETT PACKARD ENTERPRISE\" \/>\n<meta property=\"product:price:amount\" content=\"130410\" \/>\n<meta property=\"product:price:currency\" content=\"MXN\" \/>\n<meta property=\"og:availability\" content=\"backorder\" \/>\n<meta property=\"product:availability\" content=\"available for order\" \/>\n<meta property=\"product:retailer_item_id\" content=\"R9Y04A\" \/>\n<meta property=\"product:condition\" content=\"new\" \/>\n<!-- \/ Yoast SEO plugin. -->","yoast_head_json":{"title":"[ Hewlett Packard Enterprise ] &#129351; R9y04a Switch Hpe Aruba Anw 6100 48g Cl4 4sfp+ 740w","description":"Compra R9y04a Switch Hpe Aruba Anw 6100 48g Cl4 4sfp+ 740w + Env\u00edo a domicilio + Pago seguro + Garant\u00eda","robots":{"index":"index","follow":"follow","max-snippet":"max-snippet:-1","max-image-preview":"max-image-preview:large","max-video-preview":"max-video-preview:-1"},"canonical":"https:\/\/compuviper.mx\/tienda\/producto\/hewlett-packard-enterprise-r9y04a-switch-hpe-aruba-anw-6100-48g-cl4-4sfp-740w-2\/","og_locale":"es_MX","og_type":"article","og_title":"[ Hewlett Packard Enterprise ] &#129351; R9y04a Switch Hpe Aruba Anw 6100 48g Cl4 4sfp+ 740w","og_description":"Compra R9y04a Switch Hpe Aruba Anw 6100 48g Cl4 4sfp+ 740w + Env\u00edo a domicilio + Pago seguro + Garant\u00eda","og_url":"https:\/\/compuviper.mx\/tienda\/producto\/hewlett-packard-enterprise-r9y04a-switch-hpe-aruba-anw-6100-48g-cl4-4sfp-740w-2\/","og_site_name":"Compuviper","article_publisher":"https:\/\/www.facebook.com\/compuviper","og_image":[{"width":200,"height":200,"url":"https:\/\/compuviper.mx\/tienda\/wp-content\/uploads\/2025\/10\/Switch-hpe-aruba-r9y04a-anw-6100-48g-cl4-4sfp-740w.jpg","type":"image\/jpeg"}],"twitter_card":"summary_large_image","twitter_misc":{"Precio":"&#36;130,410 con IVA","Availability":"On backorder"},"schema":{"@context":"https:\/\/schema.org","@graph":[{"@type":"WebPage","@id":"https:\/\/compuviper.mx\/tienda\/producto\/hewlett-packard-enterprise-r9y04a-switch-hpe-aruba-anw-6100-48g-cl4-4sfp-740w-2\/","url":"https:\/\/compuviper.mx\/tienda\/producto\/hewlett-packard-enterprise-r9y04a-switch-hpe-aruba-anw-6100-48g-cl4-4sfp-740w-2\/","name":"[ Hewlett Packard Enterprise ] &#129351; R9y04a Switch Hpe Aruba Anw 6100 48g Cl4 4sfp+ 740w","isPartOf":{"@id":"https:\/\/compuviper.mx\/tienda\/#website"},"datePublished":"2026-04-18T07:14:49+00:00","dateModified":"2026-04-18T07:14:49+00:00","description":"Compra R9y04a Switch Hpe Aruba Anw 6100 48g Cl4 4sfp+ 740w + Env\u00edo a domicilio + Pago seguro + Garant\u00eda","breadcrumb":{"@id":"https:\/\/compuviper.mx\/tienda\/producto\/hewlett-packard-enterprise-r9y04a-switch-hpe-aruba-anw-6100-48g-cl4-4sfp-740w-2\/#breadcrumb"},"inLanguage":"es-MX","potentialAction":[{"@type":"ReadAction","target":["https:\/\/compuviper.mx\/tienda\/producto\/hewlett-packard-enterprise-r9y04a-switch-hpe-aruba-anw-6100-48g-cl4-4sfp-740w-2\/"]}]},{"@type":"BreadcrumbList","@id":"https:\/\/compuviper.mx\/tienda\/producto\/hewlett-packard-enterprise-r9y04a-switch-hpe-aruba-anw-6100-48g-cl4-4sfp-740w-2\/#breadcrumb","itemListElement":[{"@type":"ListItem","position":1,"name":"Inicio","item":"https:\/\/compuviper.mx\/tienda\/"},{"@type":"ListItem","position":2,"name":"Productos","item":"https:\/\/compuviper.mx\/tienda\/productos\/"},{"@type":"ListItem","position":3,"name":"Redes","item":"https:\/\/compuviper.mx\/tienda\/categoria-producto\/redes\/"},{"@type":"ListItem","position":4,"name":"Switch","item":"https:\/\/compuviper.mx\/tienda\/categoria-producto\/redes\/switch\/"},{"@type":"ListItem","position":5,"name":"Hewlett Packard Enterprise R9y04a Switch Hpe Aruba Anw 6100 48g Cl4 4sfp+ 740w"}]},{"@type":"WebSite","@id":"https:\/\/compuviper.mx\/tienda\/#website","url":"https:\/\/compuviper.mx\/tienda\/","name":"Compuviper","description":"Proveedor de Computadoras, Laptops, Servidores, Monitores, Puntos de Venta, Teclados,   Impresoras, T\u00f3ner, C\u00e1maras de Seguridad y m\u00e1s en tu tienda en l\u00ednea","publisher":{"@id":"https:\/\/compuviper.mx\/tienda\/#organization"},"potentialAction":[{"@type":"SearchAction","target":{"@type":"EntryPoint","urlTemplate":"https:\/\/compuviper.mx\/tienda\/?s={search_term_string}"},"query-input":"required name=search_term_string"}],"inLanguage":"es-MX"},{"@type":"Organization","@id":"https:\/\/compuviper.mx\/tienda\/#organization","name":"Compuviper","url":"https:\/\/compuviper.mx\/tienda\/","logo":{"@type":"ImageObject","inLanguage":"es-MX","@id":"https:\/\/compuviper.mx\/tienda\/#\/schema\/logo\/image\/","url":"https:\/\/compuviper.mx\/tienda\/wp-content\/uploads\/2021\/08\/Logo-Compuviper-10.png","contentUrl":"https:\/\/compuviper.mx\/tienda\/wp-content\/uploads\/2021\/08\/Logo-Compuviper-10.png","width":1000,"height":500,"caption":"Compuviper"},"image":{"@id":"https:\/\/compuviper.mx\/tienda\/#\/schema\/logo\/image\/"},"sameAs":["https:\/\/www.facebook.com\/compuviper","https:\/\/www.youtube.com\/channel\/UCf73dERp9Y3cfOq7q8BhLjA?view_as=subscriber"]}]},"product_brand":"HEWLETT PACKARD ENTERPRISE","product_price_amount":"130410","product_price_currency":"MXN","og_availability":"backorder","product_availability":"available for order","product_retailer_item_id":"R9Y04A","product_condition":"new"},"_links":{"self":[{"href":"https:\/\/compuviper.mx\/tienda\/wp-json\/wp\/v2\/product\/252909"}],"collection":[{"href":"https:\/\/compuviper.mx\/tienda\/wp-json\/wp\/v2\/product"}],"about":[{"href":"https:\/\/compuviper.mx\/tienda\/wp-json\/wp\/v2\/types\/product"}],"replies":[{"embeddable":true,"href":"https:\/\/compuviper.mx\/tienda\/wp-json\/wp\/v2\/comments?post=252909"}],"wp:featuredmedia":[{"embeddable":true,"href":"https:\/\/compuviper.mx\/tienda\/wp-json\/wp\/v2\/media\/260188"}],"wp:attachment":[{"href":"https:\/\/compuviper.mx\/tienda\/wp-json\/wp\/v2\/media?parent=252909"}],"wp:term":[{"taxonomy":"product_cat","embeddable":true,"href":"https:\/\/compuviper.mx\/tienda\/wp-json\/wp\/v2\/product_cat?post=252909"},{"taxonomy":"product_tag","embeddable":true,"href":"https:\/\/compuviper.mx\/tienda\/wp-json\/wp\/v2\/product_tag?post=252909"}],"curies":[{"name":"wp","href":"https:\/\/api.w.org\/{rel}","templated":true}]}}