{"id":252908,"date":"2026-04-18T01:14:48","date_gmt":"2026-04-18T07:14:48","guid":{"rendered":"https:\/\/compuviper.mx\/tienda\/producto\/hewlett-packard-enterprise-r8q72a-switch-hpe-aruba-6200f-12g-cl4-2g-2sfp-139w-2\/"},"modified":"2026-04-18T01:14:49","modified_gmt":"2026-04-18T07:14:49","slug":"hewlett-packard-enterprise-r8q72a-switch-hpe-aruba-6200f-12g-cl4-2g-2sfp-139w-2","status":"publish","type":"product","link":"https:\/\/compuviper.mx\/tienda\/producto\/hewlett-packard-enterprise-r8q72a-switch-hpe-aruba-6200f-12g-cl4-2g-2sfp-139w-2\/","title":{"rendered":"Hewlett Packard Enterprise R8q72a Switch Hpe Aruba  6200f 12g Cl4 2g\/2sfp+ 139w"},"content":{"rendered":"<table class=\"descripcion\">\n<tr>\n<td>Diferenciador<\/td>\n<\/tr>\n<tr>\n<td>12 puertos 10\/100\/1000base-t puertos poe de clase 4, que admiten hasta 30 w por puerto<\/td>\n<\/tr>\n<tr>\n<td>2 puertos<\/td>\n<\/tr>\n<tr>\n<td>100m\/1g 2 puertos<\/td>\n<\/tr>\n<tr>\n<td>Sfp de 1g\/10g phyless<\/td>\n<\/tr>\n<tr>\n<td>Es compatible con los estndares poe ieee 802.3af, 802.3at<\/td>\n<\/tr>\n<tr>\n<td>1 puerto<\/td>\n<\/tr>\n<tr>\n<td>De consola rj-45 1 puerto<\/td>\n<\/tr>\n<tr>\n<td>De consola usb-c 1 oobm<\/td>\n<\/tr>\n<tr>\n<td>1 puerto<\/td>\n<\/tr>\n<tr>\n<td>De host usb tipo a fuente de alimentacin fija hasta 139 w de alimentacin<\/td>\n<\/tr>\n<tr>\n<td>Poe de clase 4 sin ventilador<\/td>\n<\/tr>\n<tr>\n<td>Puertos<\/td>\n<\/tr>\n<tr>\n<td>12 puertos 10\/100\/1000base-t puertos poe de clase 4, que admiten hasta 30 w por puerto<\/td>\n<\/tr>\n<tr>\n<td>2 puertos<\/td>\n<\/tr>\n<tr>\n<td>Sfp de 1 g\/10 g phy-less<\/td>\n<\/tr>\n<tr>\n<td>2 puertos<\/td>\n<\/tr>\n<tr>\n<td>De 1 gbe compatible con los estndares poe ieee 802.3af, 802.3at<\/td>\n<\/tr>\n<tr>\n<td>1 puerto<\/td>\n<\/tr>\n<tr>\n<td>De consola rj-45 1 puerto de consola usb-c 1 oobm<\/td>\n<\/tr>\n<tr>\n<td>1 puerto de host usb tipo a<\/td>\n<\/tr>\n<tr>\n<td>Memoria y procesador<\/td>\n<\/tr>\n<tr>\n<td>Quad core arm cortex\u0099 a72 @ 1.2 ghz<\/td>\n<\/tr>\n<tr>\n<td>Latencia<\/td>\n<\/tr>\n<tr>\n<td>1 gbps: 2,28  and 956;seg<\/td>\n<\/tr>\n<tr>\n<td>10 gbps: 1,46  and 956;seg<\/td>\n<\/tr>\n<tr>\n<td>Rendimiento<\/td>\n<\/tr>\n<tr>\n<td>Hasta 45,1 mpps<\/td>\n<\/tr>\n<tr>\n<td>Capacidad de enrutamiento\/conmutacin<\/td>\n<\/tr>\n<tr>\n<td>68 gbps<\/td>\n<\/tr>\n<tr>\n<td>Capacidad poe<\/td>\n<\/tr>\n<tr>\n<td>139w<\/td>\n<\/tr>\n<tr>\n<td>Capacidades de apilamiento<\/td>\n<\/tr>\n<tr>\n<td>8 miembros<\/td>\n<\/tr>\n<tr>\n<td>Nombre de la fuente de alimentacin<\/td>\n<\/tr>\n<tr>\n<td>Fuente<\/td>\n<\/tr>\n<tr>\n<td>De alimentacin fija hasta 139 w de alimentacin poe de clase 4<\/td>\n<\/tr>\n<tr>\n<td>Voltaje de entrada<\/td>\n<\/tr>\n<tr>\n<td>100v-120v\/200v-240v<\/td>\n<\/tr>\n<tr>\n<td>Consumo de energa<\/td>\n<\/tr>\n<tr>\n<td>170 w a 230 vca<\/td>\n<\/tr>\n<tr>\n<td>Dimensiones del producto imperial<\/td>\n<\/tr>\n<tr>\n<td>1,73 x 17,42 x 12,81 pulgadas<\/td>\n<\/tr>\n<tr>\n<td>Peso<\/td>\n<\/tr>\n<tr>\n<td>11.22 libras<\/td>\n<\/tr>\n<\/table>\n","protected":false},"excerpt":{"rendered":"<p>Serie de conmutadores hpe aruba networking cx 6200. La serie de conmutadores hpe aruba networking cx 6200 es una familia de conmutadores de acceso apilables de prxima generacin ideal para sucursales empresariales, campus y redes de pymes. Creados para una eficiencia operativa innovadora con anlisis y automatizacin integrados, los conmutadores hpe aruba networking cx 6200 switch series brindan una solucin de capa de acceso de clase empresarial que es simple y segura. Construidos desde cero con una combinacin de hardware, software y herramientas de anlisis y automatizacin de ltima generacin, los conmutadores apilables hpe aruba networking cx serie 6200 forman parte de la cartera de conmutadores hpe aruba networking cx. Al combinar un sistema operativo moderno y totalmente programable con aruba network analytics engine, hpe aruba networking cx 6200 brinda capacidades de monitoreo y solucin de problemas lderes en la industria a la capa de acceso. Una potente arquitectura aruba gen7 asic ofrece rendimiento confiable y soporte de funciones de clase empresarial con programabilidad flexible para las aplicaciones del maana. La serie de conmutadores hpe aruba networking cx 6200 est diseada para una implementacin sencilla mediante la intuitiva aplicacin mvil aruba cx que acelera la instalacin, configuracin y apilamiento de hasta 8 conmutadores. La serie de conmutadores hpe aruba networking cx 6200 incluye conmutadores fijos cx 6200f y modulares cx 6200m con enlaces ascendentes de alta velocidad integrados y de 740 w a 1440 w de poe para alimentar dispositivos iot como cmaras de seguridad y los ltimos puntos de acceso inalmbricos. Los conmutadores modulares y flexibles ofrecen mayor resiliencia y redundancia con fuentes de alimentacin y ventiladores intercambiables en caliente. Aruba dynamic segmentation extiende la capacidad fundamental de polticas inalmbricas basadas en roles de aruba a los conmutadores cableados de aruba. Lo que esto significa es que se puede disfrutar de la misma seguridad, experiencia de usuario y gestin de ti simplificada en toda la red. Independientemente de cmo se conectan los usuarios y los dispositivos de iot, se aplican polticas coherentes en las redes cableadas e inalmbricas, manteniendo el trfico seguro y separado.<\/p>\n","protected":false},"featured_media":260187,"comment_status":"open","ping_status":"open","template":"","meta":[],"product_cat":[1563,1564],"product_tag":[1568],"acf":[],"yoast_head":"<!-- This site is optimized with the Yoast SEO plugin v21.7 - https:\/\/yoast.com\/wordpress\/plugins\/seo\/ -->\n<title>[ Hewlett Packard Enterprise ] &#129351; R8q72a Switch Hpe Aruba 6200f 12g Cl4 2g\/2sfp+ 139w<\/title>\n<meta name=\"description\" content=\"Compra R8q72a Switch Hpe Aruba 6200f 12g Cl4 2g\/2sfp+ 139w + Env\u00edo a domicilio + Pago seguro + Garant\u00eda\" \/>\n<meta name=\"robots\" content=\"index, follow, max-snippet:-1, max-image-preview:large, max-video-preview:-1\" \/>\n<link rel=\"canonical\" href=\"https:\/\/compuviper.mx\/tienda\/producto\/hewlett-packard-enterprise-r8q72a-switch-hpe-aruba-6200f-12g-cl4-2g-2sfp-139w-2\/\" \/>\n<meta property=\"og:locale\" content=\"es_MX\" \/>\n<meta property=\"og:type\" content=\"article\" \/>\n<meta property=\"og:title\" content=\"[ Hewlett Packard Enterprise ] &#129351; R8q72a Switch Hpe Aruba 6200f 12g Cl4 2g\/2sfp+ 139w\" \/>\n<meta property=\"og:description\" content=\"Compra R8q72a Switch Hpe Aruba 6200f 12g Cl4 2g\/2sfp+ 139w + Env\u00edo a domicilio + Pago seguro + Garant\u00eda\" \/>\n<meta property=\"og:url\" content=\"https:\/\/compuviper.mx\/tienda\/producto\/hewlett-packard-enterprise-r8q72a-switch-hpe-aruba-6200f-12g-cl4-2g-2sfp-139w-2\/\" \/>\n<meta property=\"og:site_name\" content=\"Compuviper\" \/>\n<meta property=\"article:publisher\" content=\"https:\/\/www.facebook.com\/compuviper\" \/>\n<meta property=\"article:modified_time\" content=\"2026-04-18T07:14:49+00:00\" \/>\n<meta property=\"og:image\" content=\"https:\/\/compuviper.mx\/tienda\/wp-content\/uploads\/2025\/10\/Switch-hpe-aruba-r8q72a-6200f-12g-cl4-2g2sfp-139w.jpg\" \/>\n\t<meta property=\"og:image:width\" content=\"200\" \/>\n\t<meta property=\"og:image:height\" content=\"200\" \/>\n\t<meta property=\"og:image:type\" content=\"image\/jpeg\" \/>\n<meta name=\"twitter:card\" content=\"summary_large_image\" \/>\n<meta name=\"twitter:label1\" content=\"Precio\" \/>\n\t<meta name=\"twitter:data1\" content=\"&#36;26,878 &#36;23,671 con IVA\" \/>\n\t<meta name=\"twitter:label2\" content=\"Availability\" \/>\n\t<meta name=\"twitter:data2\" content=\"In stock\" \/>\n<script type=\"application\/ld+json\" class=\"yoast-schema-graph\">{\"@context\":\"https:\/\/schema.org\",\"@graph\":[{\"@type\":\"WebPage\",\"@id\":\"https:\/\/compuviper.mx\/tienda\/producto\/hewlett-packard-enterprise-r8q72a-switch-hpe-aruba-6200f-12g-cl4-2g-2sfp-139w-2\/\",\"url\":\"https:\/\/compuviper.mx\/tienda\/producto\/hewlett-packard-enterprise-r8q72a-switch-hpe-aruba-6200f-12g-cl4-2g-2sfp-139w-2\/\",\"name\":\"[ Hewlett Packard Enterprise ] &#129351; R8q72a Switch Hpe Aruba 6200f 12g Cl4 2g\/2sfp+ 139w\",\"isPartOf\":{\"@id\":\"https:\/\/compuviper.mx\/tienda\/#website\"},\"datePublished\":\"2026-04-18T07:14:48+00:00\",\"dateModified\":\"2026-04-18T07:14:49+00:00\",\"description\":\"Compra R8q72a Switch Hpe Aruba 6200f 12g Cl4 2g\/2sfp+ 139w + Env\u00edo a domicilio + Pago seguro + Garant\u00eda\",\"breadcrumb\":{\"@id\":\"https:\/\/compuviper.mx\/tienda\/producto\/hewlett-packard-enterprise-r8q72a-switch-hpe-aruba-6200f-12g-cl4-2g-2sfp-139w-2\/#breadcrumb\"},\"inLanguage\":\"es-MX\",\"potentialAction\":[{\"@type\":\"ReadAction\",\"target\":[\"https:\/\/compuviper.mx\/tienda\/producto\/hewlett-packard-enterprise-r8q72a-switch-hpe-aruba-6200f-12g-cl4-2g-2sfp-139w-2\/\"]}]},{\"@type\":\"BreadcrumbList\",\"@id\":\"https:\/\/compuviper.mx\/tienda\/producto\/hewlett-packard-enterprise-r8q72a-switch-hpe-aruba-6200f-12g-cl4-2g-2sfp-139w-2\/#breadcrumb\",\"itemListElement\":[{\"@type\":\"ListItem\",\"position\":1,\"name\":\"Inicio\",\"item\":\"https:\/\/compuviper.mx\/tienda\/\"},{\"@type\":\"ListItem\",\"position\":2,\"name\":\"Productos\",\"item\":\"https:\/\/compuviper.mx\/tienda\/productos\/\"},{\"@type\":\"ListItem\",\"position\":3,\"name\":\"Redes\",\"item\":\"https:\/\/compuviper.mx\/tienda\/categoria-producto\/redes\/\"},{\"@type\":\"ListItem\",\"position\":4,\"name\":\"Switch\",\"item\":\"https:\/\/compuviper.mx\/tienda\/categoria-producto\/redes\/switch\/\"},{\"@type\":\"ListItem\",\"position\":5,\"name\":\"Hewlett Packard Enterprise R8q72a Switch Hpe Aruba 6200f 12g Cl4 2g\/2sfp+ 139w\"}]},{\"@type\":\"WebSite\",\"@id\":\"https:\/\/compuviper.mx\/tienda\/#website\",\"url\":\"https:\/\/compuviper.mx\/tienda\/\",\"name\":\"Compuviper\",\"description\":\"Proveedor de Computadoras, Laptops, Servidores, Monitores, Puntos de Venta, Teclados,   Impresoras, T\u00f3ner, C\u00e1maras de Seguridad y m\u00e1s en tu tienda en l\u00ednea\",\"publisher\":{\"@id\":\"https:\/\/compuviper.mx\/tienda\/#organization\"},\"potentialAction\":[{\"@type\":\"SearchAction\",\"target\":{\"@type\":\"EntryPoint\",\"urlTemplate\":\"https:\/\/compuviper.mx\/tienda\/?s={search_term_string}\"},\"query-input\":\"required name=search_term_string\"}],\"inLanguage\":\"es-MX\"},{\"@type\":\"Organization\",\"@id\":\"https:\/\/compuviper.mx\/tienda\/#organization\",\"name\":\"Compuviper\",\"url\":\"https:\/\/compuviper.mx\/tienda\/\",\"logo\":{\"@type\":\"ImageObject\",\"inLanguage\":\"es-MX\",\"@id\":\"https:\/\/compuviper.mx\/tienda\/#\/schema\/logo\/image\/\",\"url\":\"https:\/\/compuviper.mx\/tienda\/wp-content\/uploads\/2021\/08\/Logo-Compuviper-10.png\",\"contentUrl\":\"https:\/\/compuviper.mx\/tienda\/wp-content\/uploads\/2021\/08\/Logo-Compuviper-10.png\",\"width\":1000,\"height\":500,\"caption\":\"Compuviper\"},\"image\":{\"@id\":\"https:\/\/compuviper.mx\/tienda\/#\/schema\/logo\/image\/\"},\"sameAs\":[\"https:\/\/www.facebook.com\/compuviper\",\"https:\/\/www.youtube.com\/channel\/UCf73dERp9Y3cfOq7q8BhLjA?view_as=subscriber\"]}]}<\/script>\n<meta property=\"product:brand\" content=\"HEWLETT PACKARD ENTERPRISE\" \/>\n<meta property=\"product:price:amount\" content=\"23671\" \/>\n<meta property=\"product:price:currency\" content=\"MXN\" \/>\n<meta property=\"og:availability\" content=\"instock\" \/>\n<meta property=\"product:availability\" content=\"instock\" \/>\n<meta property=\"product:retailer_item_id\" content=\"R8Q72A\" \/>\n<meta property=\"product:condition\" content=\"new\" \/>\n<!-- \/ Yoast SEO plugin. -->","yoast_head_json":{"title":"[ Hewlett Packard Enterprise ] &#129351; R8q72a Switch Hpe Aruba 6200f 12g Cl4 2g\/2sfp+ 139w","description":"Compra R8q72a Switch Hpe Aruba 6200f 12g Cl4 2g\/2sfp+ 139w + Env\u00edo a domicilio + Pago seguro + Garant\u00eda","robots":{"index":"index","follow":"follow","max-snippet":"max-snippet:-1","max-image-preview":"max-image-preview:large","max-video-preview":"max-video-preview:-1"},"canonical":"https:\/\/compuviper.mx\/tienda\/producto\/hewlett-packard-enterprise-r8q72a-switch-hpe-aruba-6200f-12g-cl4-2g-2sfp-139w-2\/","og_locale":"es_MX","og_type":"article","og_title":"[ Hewlett Packard Enterprise ] &#129351; R8q72a Switch Hpe Aruba 6200f 12g Cl4 2g\/2sfp+ 139w","og_description":"Compra R8q72a Switch Hpe Aruba 6200f 12g Cl4 2g\/2sfp+ 139w + Env\u00edo a domicilio + Pago seguro + Garant\u00eda","og_url":"https:\/\/compuviper.mx\/tienda\/producto\/hewlett-packard-enterprise-r8q72a-switch-hpe-aruba-6200f-12g-cl4-2g-2sfp-139w-2\/","og_site_name":"Compuviper","article_publisher":"https:\/\/www.facebook.com\/compuviper","article_modified_time":"2026-04-18T07:14:49+00:00","og_image":[{"width":200,"height":200,"url":"https:\/\/compuviper.mx\/tienda\/wp-content\/uploads\/2025\/10\/Switch-hpe-aruba-r8q72a-6200f-12g-cl4-2g2sfp-139w.jpg","type":"image\/jpeg"}],"twitter_card":"summary_large_image","twitter_misc":{"Precio":"&#36;26,878 &#36;23,671 con IVA","Availability":"In stock"},"schema":{"@context":"https:\/\/schema.org","@graph":[{"@type":"WebPage","@id":"https:\/\/compuviper.mx\/tienda\/producto\/hewlett-packard-enterprise-r8q72a-switch-hpe-aruba-6200f-12g-cl4-2g-2sfp-139w-2\/","url":"https:\/\/compuviper.mx\/tienda\/producto\/hewlett-packard-enterprise-r8q72a-switch-hpe-aruba-6200f-12g-cl4-2g-2sfp-139w-2\/","name":"[ Hewlett Packard Enterprise ] &#129351; R8q72a Switch Hpe Aruba 6200f 12g Cl4 2g\/2sfp+ 139w","isPartOf":{"@id":"https:\/\/compuviper.mx\/tienda\/#website"},"datePublished":"2026-04-18T07:14:48+00:00","dateModified":"2026-04-18T07:14:49+00:00","description":"Compra R8q72a Switch Hpe Aruba 6200f 12g Cl4 2g\/2sfp+ 139w + Env\u00edo a domicilio + Pago seguro + Garant\u00eda","breadcrumb":{"@id":"https:\/\/compuviper.mx\/tienda\/producto\/hewlett-packard-enterprise-r8q72a-switch-hpe-aruba-6200f-12g-cl4-2g-2sfp-139w-2\/#breadcrumb"},"inLanguage":"es-MX","potentialAction":[{"@type":"ReadAction","target":["https:\/\/compuviper.mx\/tienda\/producto\/hewlett-packard-enterprise-r8q72a-switch-hpe-aruba-6200f-12g-cl4-2g-2sfp-139w-2\/"]}]},{"@type":"BreadcrumbList","@id":"https:\/\/compuviper.mx\/tienda\/producto\/hewlett-packard-enterprise-r8q72a-switch-hpe-aruba-6200f-12g-cl4-2g-2sfp-139w-2\/#breadcrumb","itemListElement":[{"@type":"ListItem","position":1,"name":"Inicio","item":"https:\/\/compuviper.mx\/tienda\/"},{"@type":"ListItem","position":2,"name":"Productos","item":"https:\/\/compuviper.mx\/tienda\/productos\/"},{"@type":"ListItem","position":3,"name":"Redes","item":"https:\/\/compuviper.mx\/tienda\/categoria-producto\/redes\/"},{"@type":"ListItem","position":4,"name":"Switch","item":"https:\/\/compuviper.mx\/tienda\/categoria-producto\/redes\/switch\/"},{"@type":"ListItem","position":5,"name":"Hewlett Packard Enterprise R8q72a Switch Hpe Aruba 6200f 12g Cl4 2g\/2sfp+ 139w"}]},{"@type":"WebSite","@id":"https:\/\/compuviper.mx\/tienda\/#website","url":"https:\/\/compuviper.mx\/tienda\/","name":"Compuviper","description":"Proveedor de Computadoras, Laptops, Servidores, Monitores, Puntos de Venta, Teclados,   Impresoras, T\u00f3ner, C\u00e1maras de Seguridad y m\u00e1s en tu tienda en l\u00ednea","publisher":{"@id":"https:\/\/compuviper.mx\/tienda\/#organization"},"potentialAction":[{"@type":"SearchAction","target":{"@type":"EntryPoint","urlTemplate":"https:\/\/compuviper.mx\/tienda\/?s={search_term_string}"},"query-input":"required name=search_term_string"}],"inLanguage":"es-MX"},{"@type":"Organization","@id":"https:\/\/compuviper.mx\/tienda\/#organization","name":"Compuviper","url":"https:\/\/compuviper.mx\/tienda\/","logo":{"@type":"ImageObject","inLanguage":"es-MX","@id":"https:\/\/compuviper.mx\/tienda\/#\/schema\/logo\/image\/","url":"https:\/\/compuviper.mx\/tienda\/wp-content\/uploads\/2021\/08\/Logo-Compuviper-10.png","contentUrl":"https:\/\/compuviper.mx\/tienda\/wp-content\/uploads\/2021\/08\/Logo-Compuviper-10.png","width":1000,"height":500,"caption":"Compuviper"},"image":{"@id":"https:\/\/compuviper.mx\/tienda\/#\/schema\/logo\/image\/"},"sameAs":["https:\/\/www.facebook.com\/compuviper","https:\/\/www.youtube.com\/channel\/UCf73dERp9Y3cfOq7q8BhLjA?view_as=subscriber"]}]},"product_brand":"HEWLETT PACKARD ENTERPRISE","product_price_amount":"23671","product_price_currency":"MXN","og_availability":"instock","product_availability":"instock","product_retailer_item_id":"R8Q72A","product_condition":"new"},"_links":{"self":[{"href":"https:\/\/compuviper.mx\/tienda\/wp-json\/wp\/v2\/product\/252908"}],"collection":[{"href":"https:\/\/compuviper.mx\/tienda\/wp-json\/wp\/v2\/product"}],"about":[{"href":"https:\/\/compuviper.mx\/tienda\/wp-json\/wp\/v2\/types\/product"}],"replies":[{"embeddable":true,"href":"https:\/\/compuviper.mx\/tienda\/wp-json\/wp\/v2\/comments?post=252908"}],"wp:featuredmedia":[{"embeddable":true,"href":"https:\/\/compuviper.mx\/tienda\/wp-json\/wp\/v2\/media\/260187"}],"wp:attachment":[{"href":"https:\/\/compuviper.mx\/tienda\/wp-json\/wp\/v2\/media?parent=252908"}],"wp:term":[{"taxonomy":"product_cat","embeddable":true,"href":"https:\/\/compuviper.mx\/tienda\/wp-json\/wp\/v2\/product_cat?post=252908"},{"taxonomy":"product_tag","embeddable":true,"href":"https:\/\/compuviper.mx\/tienda\/wp-json\/wp\/v2\/product_tag?post=252908"}],"curies":[{"name":"wp","href":"https:\/\/api.w.org\/{rel}","templated":true}]}}