{"id":252901,"date":"2026-04-18T01:14:44","date_gmt":"2026-04-18T07:14:44","guid":{"rendered":"https:\/\/compuviper.mx\/tienda\/producto\/hewlett-packard-enterprise-jl558a-switch-hpe-aruba-2930f-48g-poe-4sfp-48g-rj45-1ge-poe-740w-administrable-l3-2\/"},"modified":"2026-04-18T01:14:44","modified_gmt":"2026-04-18T07:14:44","slug":"hewlett-packard-enterprise-jl558a-switch-hpe-aruba-2930f-48g-poe-4sfp-48g-rj45-1ge-poe-740w-administrable-l3-2","status":"publish","type":"product","link":"https:\/\/compuviper.mx\/tienda\/producto\/hewlett-packard-enterprise-jl558a-switch-hpe-aruba-2930f-48g-poe-4sfp-48g-rj45-1ge-poe-740w-administrable-l3-2\/","title":{"rendered":"Hewlett Packard Enterprise Jl558a Switch Hpe Aruba  2930f 48g Poe 4sfp+, 48g Rj45 1ge Poe 740w Administrable L3"},"content":{"rendered":"<table class=\"descripcion\">\n<tr>\n<td>Puertos: 48 puertos rj-45 poe 10\/100\/1000 con deteccin automtica; 4 sfp 1\/10g.<\/td>\n<\/tr>\n<tr>\n<td>Puertos adicionales y slots: 1 puerto serial de consola dual-personalidad rj45 o usb micro-b.<\/td>\n<\/tr>\n<tr>\n<td>Memoria y procesador: dual core arm coretex a 1016 mhz; 1 gb de sdram ddr3; tamao de bfer para paquetes: entrada de 12,38 gb 4,5 mb \/ salida de 7,875 mb; emmc de 4 gb.<\/td>\n<\/tr>\n<tr>\n<td>Latencia: latencia de 1000 mb:   3,8 \u00b5s.; latencia de 10 gbps: 1.6 \u00b5s<\/td>\n<\/tr>\n<tr>\n<td>Velocidad: hasta 112.0 mpps.<\/td>\n<\/tr>\n<tr>\n<td>Capacidad de conmutacin: 176 gbps.<\/td>\n<\/tr>\n<tr>\n<td> tamao de la tabla de enrutamiento: 2000 entradas ipv4, 1000 entradas ipv6.<\/td>\n<\/tr>\n<tr>\n<td> tamao de la tabla de direcciones mac: 32,768 entradas.<\/td>\n<\/tr>\n<tr>\n<td>Funcin poe: 740 w poe.<\/td>\n<\/tr>\n<tr>\n<td>Funciones de gestin: gestin de redes airwave aruba; imc &#8211; intelligent management center; interfaz de lnea de comandos; explorador web; men de configuracin; gestor de snmp; telnet, rmon1; ftp; gestin fuera de banda rs-232c de serie o micro usb.<\/td>\n<\/tr>\n<tr>\n<td>Voltaje de entrada: 100 &#8211; 127 \/ 200 &#8211; 240 vca, valor nominal.<\/td>\n<\/tr>\n<tr>\n<td>Margen de temperaturas operativas: de 0 a 45\u00b0c.<\/td>\n<\/tr>\n<tr>\n<td>Intervalo de humedad en funcionamiento: de 15 a 95 sin condensacin.<\/td>\n<\/tr>\n<tr>\n<td>Consumo energtico: 980 w mximo.<\/td>\n<\/tr>\n<tr>\n<td>Disipacin del calor: 420.90 btu\/h 444.1 kj\/h.<\/td>\n<\/tr>\n<tr>\n<td>Garanta: garanta limitada de por vida: consulte www.hpe.com\/networking\/warrantysummary para obtener informacin sobre la garanta y el soporte incluidos con la compra del producto.<\/td>\n<\/tr>\n<tr>\n<td>Dimensiones mnimas p x a x l: 44,25 x 32,42 x 4,39 cm.<\/td>\n<\/tr>\n<tr>\n<td>Peso: 4.79 kg 10.56 lb.<\/td>\n<\/tr>\n<tr>\n<td>Contenido de la caja: 1 conmutador aruba 2930f 48g poe 4sfp, 1 cable de alimentacin, 1 kit de tornillos, 4 orejas de montaje, 4 patas de tope, 1 sujeta cables.<\/td>\n<\/tr>\n<\/table>\n","protected":false},"excerpt":{"rendered":"<p>El conmutador aruba 2930f est diseado para que el cliente cree espacios de trabajo digitales optimizados para usuarios mviles. Estos conmutadores de acceso de nivel 3 son fciles de implementar y gestionar gracias a las herramientas de gestin de redes y de seguridad avanzada como aruba clearpass policy manager, aruba airwave y aruba central basado en la nube. El marco de conmutacin virtual vsf proporciona sencillez y escalabilidad de apilamiento para el permetro empresarial, pymes y sucursales. La serie 2930f ofrece rendimiento y valor con compatibilidad con enrutamiento rip, acceso ospf, enlaces ascendentes de 10 gbe, hasta 740 w poe, calidad de servicio slido y no requiere licencias de software.<\/p>\n","protected":false},"featured_media":260179,"comment_status":"open","ping_status":"open","template":"","meta":[],"product_cat":[1563,1564],"product_tag":[1568],"acf":[],"yoast_head":"<!-- This site is optimized with the Yoast SEO plugin v21.7 - https:\/\/yoast.com\/wordpress\/plugins\/seo\/ -->\n<title>[ Hewlett Packard Enterprise ] &#129351; Jl558a Switch Hpe Aruba 2930f 48g Poe 4sfp+, 48g Rj45 1ge Poe 740w Administrable L3<\/title>\n<meta name=\"description\" content=\"Compra Jl558a Switch Hpe Aruba 2930f 48g Poe 4sfp+, 48g Rj45 1ge Poe 740w Administrable L3 + Env\u00edo a domicilio + Pago seguro + Garant\u00eda\" \/>\n<meta name=\"robots\" content=\"index, follow, max-snippet:-1, max-image-preview:large, max-video-preview:-1\" \/>\n<link rel=\"canonical\" href=\"https:\/\/compuviper.mx\/tienda\/producto\/hewlett-packard-enterprise-jl558a-switch-hpe-aruba-2930f-48g-poe-4sfp-48g-rj45-1ge-poe-740w-administrable-l3-2\/\" \/>\n<meta property=\"og:locale\" content=\"es_MX\" \/>\n<meta property=\"og:type\" content=\"article\" \/>\n<meta property=\"og:title\" content=\"[ Hewlett Packard Enterprise ] &#129351; Jl558a Switch Hpe Aruba 2930f 48g Poe 4sfp+, 48g Rj45 1ge Poe 740w Administrable L3\" \/>\n<meta property=\"og:description\" content=\"Compra Jl558a Switch Hpe Aruba 2930f 48g Poe 4sfp+, 48g Rj45 1ge Poe 740w Administrable L3 + Env\u00edo a domicilio + Pago seguro + Garant\u00eda\" \/>\n<meta property=\"og:url\" content=\"https:\/\/compuviper.mx\/tienda\/producto\/hewlett-packard-enterprise-jl558a-switch-hpe-aruba-2930f-48g-poe-4sfp-48g-rj45-1ge-poe-740w-administrable-l3-2\/\" \/>\n<meta property=\"og:site_name\" content=\"Compuviper\" \/>\n<meta property=\"article:publisher\" content=\"https:\/\/www.facebook.com\/compuviper\" \/>\n<meta property=\"og:image\" content=\"https:\/\/compuviper.mx\/tienda\/wp-content\/uploads\/2025\/10\/Switch-hpe-aruba-jl558a-2930f-48g-poe-4sfp-48g-rj45-1ge-poe-740w-administrable-l3.jpg\" \/>\n\t<meta property=\"og:image:width\" content=\"200\" \/>\n\t<meta property=\"og:image:height\" content=\"200\" \/>\n\t<meta property=\"og:image:type\" content=\"image\/jpeg\" \/>\n<meta name=\"twitter:card\" content=\"summary_large_image\" \/>\n<meta name=\"twitter:label1\" content=\"Precio\" \/>\n\t<meta name=\"twitter:data1\" content=\"&#36;146,373 con IVA\" \/>\n\t<meta name=\"twitter:label2\" content=\"Availability\" \/>\n\t<meta name=\"twitter:data2\" content=\"On backorder\" \/>\n<script type=\"application\/ld+json\" class=\"yoast-schema-graph\">{\"@context\":\"https:\/\/schema.org\",\"@graph\":[{\"@type\":\"WebPage\",\"@id\":\"https:\/\/compuviper.mx\/tienda\/producto\/hewlett-packard-enterprise-jl558a-switch-hpe-aruba-2930f-48g-poe-4sfp-48g-rj45-1ge-poe-740w-administrable-l3-2\/\",\"url\":\"https:\/\/compuviper.mx\/tienda\/producto\/hewlett-packard-enterprise-jl558a-switch-hpe-aruba-2930f-48g-poe-4sfp-48g-rj45-1ge-poe-740w-administrable-l3-2\/\",\"name\":\"[ Hewlett Packard Enterprise ] &#129351; Jl558a Switch Hpe Aruba 2930f 48g Poe 4sfp+, 48g Rj45 1ge Poe 740w Administrable L3\",\"isPartOf\":{\"@id\":\"https:\/\/compuviper.mx\/tienda\/#website\"},\"datePublished\":\"2026-04-18T07:14:44+00:00\",\"dateModified\":\"2026-04-18T07:14:44+00:00\",\"description\":\"Compra Jl558a Switch Hpe Aruba 2930f 48g Poe 4sfp+, 48g Rj45 1ge Poe 740w Administrable L3 + Env\u00edo a domicilio + Pago seguro + Garant\u00eda\",\"breadcrumb\":{\"@id\":\"https:\/\/compuviper.mx\/tienda\/producto\/hewlett-packard-enterprise-jl558a-switch-hpe-aruba-2930f-48g-poe-4sfp-48g-rj45-1ge-poe-740w-administrable-l3-2\/#breadcrumb\"},\"inLanguage\":\"es-MX\",\"potentialAction\":[{\"@type\":\"ReadAction\",\"target\":[\"https:\/\/compuviper.mx\/tienda\/producto\/hewlett-packard-enterprise-jl558a-switch-hpe-aruba-2930f-48g-poe-4sfp-48g-rj45-1ge-poe-740w-administrable-l3-2\/\"]}]},{\"@type\":\"BreadcrumbList\",\"@id\":\"https:\/\/compuviper.mx\/tienda\/producto\/hewlett-packard-enterprise-jl558a-switch-hpe-aruba-2930f-48g-poe-4sfp-48g-rj45-1ge-poe-740w-administrable-l3-2\/#breadcrumb\",\"itemListElement\":[{\"@type\":\"ListItem\",\"position\":1,\"name\":\"Inicio\",\"item\":\"https:\/\/compuviper.mx\/tienda\/\"},{\"@type\":\"ListItem\",\"position\":2,\"name\":\"Productos\",\"item\":\"https:\/\/compuviper.mx\/tienda\/productos\/\"},{\"@type\":\"ListItem\",\"position\":3,\"name\":\"Redes\",\"item\":\"https:\/\/compuviper.mx\/tienda\/categoria-producto\/redes\/\"},{\"@type\":\"ListItem\",\"position\":4,\"name\":\"Switch\",\"item\":\"https:\/\/compuviper.mx\/tienda\/categoria-producto\/redes\/switch\/\"},{\"@type\":\"ListItem\",\"position\":5,\"name\":\"Hewlett Packard Enterprise Jl558a Switch Hpe Aruba 2930f 48g Poe 4sfp+, 48g Rj45 1ge Poe 740w Administrable L3\"}]},{\"@type\":\"WebSite\",\"@id\":\"https:\/\/compuviper.mx\/tienda\/#website\",\"url\":\"https:\/\/compuviper.mx\/tienda\/\",\"name\":\"Compuviper\",\"description\":\"Proveedor de Computadoras, Laptops, Servidores, Monitores, Puntos de Venta, Teclados,   Impresoras, T\u00f3ner, C\u00e1maras de Seguridad y m\u00e1s en tu tienda en l\u00ednea\",\"publisher\":{\"@id\":\"https:\/\/compuviper.mx\/tienda\/#organization\"},\"potentialAction\":[{\"@type\":\"SearchAction\",\"target\":{\"@type\":\"EntryPoint\",\"urlTemplate\":\"https:\/\/compuviper.mx\/tienda\/?s={search_term_string}\"},\"query-input\":\"required name=search_term_string\"}],\"inLanguage\":\"es-MX\"},{\"@type\":\"Organization\",\"@id\":\"https:\/\/compuviper.mx\/tienda\/#organization\",\"name\":\"Compuviper\",\"url\":\"https:\/\/compuviper.mx\/tienda\/\",\"logo\":{\"@type\":\"ImageObject\",\"inLanguage\":\"es-MX\",\"@id\":\"https:\/\/compuviper.mx\/tienda\/#\/schema\/logo\/image\/\",\"url\":\"https:\/\/compuviper.mx\/tienda\/wp-content\/uploads\/2021\/08\/Logo-Compuviper-10.png\",\"contentUrl\":\"https:\/\/compuviper.mx\/tienda\/wp-content\/uploads\/2021\/08\/Logo-Compuviper-10.png\",\"width\":1000,\"height\":500,\"caption\":\"Compuviper\"},\"image\":{\"@id\":\"https:\/\/compuviper.mx\/tienda\/#\/schema\/logo\/image\/\"},\"sameAs\":[\"https:\/\/www.facebook.com\/compuviper\",\"https:\/\/www.youtube.com\/channel\/UCf73dERp9Y3cfOq7q8BhLjA?view_as=subscriber\"]}]}<\/script>\n<meta property=\"product:brand\" content=\"HEWLETT PACKARD ENTERPRISE\" \/>\n<meta property=\"product:price:amount\" content=\"146373\" \/>\n<meta property=\"product:price:currency\" content=\"MXN\" \/>\n<meta property=\"og:availability\" content=\"backorder\" \/>\n<meta property=\"product:availability\" content=\"available for order\" \/>\n<meta property=\"product:retailer_item_id\" content=\"JL558A\" \/>\n<meta property=\"product:condition\" content=\"new\" \/>\n<!-- \/ Yoast SEO plugin. -->","yoast_head_json":{"title":"[ Hewlett Packard Enterprise ] &#129351; Jl558a Switch Hpe Aruba 2930f 48g Poe 4sfp+, 48g Rj45 1ge Poe 740w Administrable L3","description":"Compra Jl558a Switch Hpe Aruba 2930f 48g Poe 4sfp+, 48g Rj45 1ge Poe 740w Administrable L3 + Env\u00edo a domicilio + Pago seguro + Garant\u00eda","robots":{"index":"index","follow":"follow","max-snippet":"max-snippet:-1","max-image-preview":"max-image-preview:large","max-video-preview":"max-video-preview:-1"},"canonical":"https:\/\/compuviper.mx\/tienda\/producto\/hewlett-packard-enterprise-jl558a-switch-hpe-aruba-2930f-48g-poe-4sfp-48g-rj45-1ge-poe-740w-administrable-l3-2\/","og_locale":"es_MX","og_type":"article","og_title":"[ Hewlett Packard Enterprise ] &#129351; Jl558a Switch Hpe Aruba 2930f 48g Poe 4sfp+, 48g Rj45 1ge Poe 740w Administrable L3","og_description":"Compra Jl558a Switch Hpe Aruba 2930f 48g Poe 4sfp+, 48g Rj45 1ge Poe 740w Administrable L3 + Env\u00edo a domicilio + Pago seguro + Garant\u00eda","og_url":"https:\/\/compuviper.mx\/tienda\/producto\/hewlett-packard-enterprise-jl558a-switch-hpe-aruba-2930f-48g-poe-4sfp-48g-rj45-1ge-poe-740w-administrable-l3-2\/","og_site_name":"Compuviper","article_publisher":"https:\/\/www.facebook.com\/compuviper","og_image":[{"width":200,"height":200,"url":"https:\/\/compuviper.mx\/tienda\/wp-content\/uploads\/2025\/10\/Switch-hpe-aruba-jl558a-2930f-48g-poe-4sfp-48g-rj45-1ge-poe-740w-administrable-l3.jpg","type":"image\/jpeg"}],"twitter_card":"summary_large_image","twitter_misc":{"Precio":"&#36;146,373 con IVA","Availability":"On backorder"},"schema":{"@context":"https:\/\/schema.org","@graph":[{"@type":"WebPage","@id":"https:\/\/compuviper.mx\/tienda\/producto\/hewlett-packard-enterprise-jl558a-switch-hpe-aruba-2930f-48g-poe-4sfp-48g-rj45-1ge-poe-740w-administrable-l3-2\/","url":"https:\/\/compuviper.mx\/tienda\/producto\/hewlett-packard-enterprise-jl558a-switch-hpe-aruba-2930f-48g-poe-4sfp-48g-rj45-1ge-poe-740w-administrable-l3-2\/","name":"[ Hewlett Packard Enterprise ] &#129351; Jl558a Switch Hpe Aruba 2930f 48g Poe 4sfp+, 48g Rj45 1ge Poe 740w Administrable L3","isPartOf":{"@id":"https:\/\/compuviper.mx\/tienda\/#website"},"datePublished":"2026-04-18T07:14:44+00:00","dateModified":"2026-04-18T07:14:44+00:00","description":"Compra Jl558a Switch Hpe Aruba 2930f 48g Poe 4sfp+, 48g Rj45 1ge Poe 740w Administrable L3 + Env\u00edo a domicilio + Pago seguro + Garant\u00eda","breadcrumb":{"@id":"https:\/\/compuviper.mx\/tienda\/producto\/hewlett-packard-enterprise-jl558a-switch-hpe-aruba-2930f-48g-poe-4sfp-48g-rj45-1ge-poe-740w-administrable-l3-2\/#breadcrumb"},"inLanguage":"es-MX","potentialAction":[{"@type":"ReadAction","target":["https:\/\/compuviper.mx\/tienda\/producto\/hewlett-packard-enterprise-jl558a-switch-hpe-aruba-2930f-48g-poe-4sfp-48g-rj45-1ge-poe-740w-administrable-l3-2\/"]}]},{"@type":"BreadcrumbList","@id":"https:\/\/compuviper.mx\/tienda\/producto\/hewlett-packard-enterprise-jl558a-switch-hpe-aruba-2930f-48g-poe-4sfp-48g-rj45-1ge-poe-740w-administrable-l3-2\/#breadcrumb","itemListElement":[{"@type":"ListItem","position":1,"name":"Inicio","item":"https:\/\/compuviper.mx\/tienda\/"},{"@type":"ListItem","position":2,"name":"Productos","item":"https:\/\/compuviper.mx\/tienda\/productos\/"},{"@type":"ListItem","position":3,"name":"Redes","item":"https:\/\/compuviper.mx\/tienda\/categoria-producto\/redes\/"},{"@type":"ListItem","position":4,"name":"Switch","item":"https:\/\/compuviper.mx\/tienda\/categoria-producto\/redes\/switch\/"},{"@type":"ListItem","position":5,"name":"Hewlett Packard Enterprise Jl558a Switch Hpe Aruba 2930f 48g Poe 4sfp+, 48g Rj45 1ge Poe 740w Administrable L3"}]},{"@type":"WebSite","@id":"https:\/\/compuviper.mx\/tienda\/#website","url":"https:\/\/compuviper.mx\/tienda\/","name":"Compuviper","description":"Proveedor de Computadoras, Laptops, Servidores, Monitores, Puntos de Venta, Teclados,   Impresoras, T\u00f3ner, C\u00e1maras de Seguridad y m\u00e1s en tu tienda en l\u00ednea","publisher":{"@id":"https:\/\/compuviper.mx\/tienda\/#organization"},"potentialAction":[{"@type":"SearchAction","target":{"@type":"EntryPoint","urlTemplate":"https:\/\/compuviper.mx\/tienda\/?s={search_term_string}"},"query-input":"required name=search_term_string"}],"inLanguage":"es-MX"},{"@type":"Organization","@id":"https:\/\/compuviper.mx\/tienda\/#organization","name":"Compuviper","url":"https:\/\/compuviper.mx\/tienda\/","logo":{"@type":"ImageObject","inLanguage":"es-MX","@id":"https:\/\/compuviper.mx\/tienda\/#\/schema\/logo\/image\/","url":"https:\/\/compuviper.mx\/tienda\/wp-content\/uploads\/2021\/08\/Logo-Compuviper-10.png","contentUrl":"https:\/\/compuviper.mx\/tienda\/wp-content\/uploads\/2021\/08\/Logo-Compuviper-10.png","width":1000,"height":500,"caption":"Compuviper"},"image":{"@id":"https:\/\/compuviper.mx\/tienda\/#\/schema\/logo\/image\/"},"sameAs":["https:\/\/www.facebook.com\/compuviper","https:\/\/www.youtube.com\/channel\/UCf73dERp9Y3cfOq7q8BhLjA?view_as=subscriber"]}]},"product_brand":"HEWLETT PACKARD ENTERPRISE","product_price_amount":"146373","product_price_currency":"MXN","og_availability":"backorder","product_availability":"available for order","product_retailer_item_id":"JL558A","product_condition":"new"},"_links":{"self":[{"href":"https:\/\/compuviper.mx\/tienda\/wp-json\/wp\/v2\/product\/252901"}],"collection":[{"href":"https:\/\/compuviper.mx\/tienda\/wp-json\/wp\/v2\/product"}],"about":[{"href":"https:\/\/compuviper.mx\/tienda\/wp-json\/wp\/v2\/types\/product"}],"replies":[{"embeddable":true,"href":"https:\/\/compuviper.mx\/tienda\/wp-json\/wp\/v2\/comments?post=252901"}],"wp:featuredmedia":[{"embeddable":true,"href":"https:\/\/compuviper.mx\/tienda\/wp-json\/wp\/v2\/media\/260179"}],"wp:attachment":[{"href":"https:\/\/compuviper.mx\/tienda\/wp-json\/wp\/v2\/media?parent=252901"}],"wp:term":[{"taxonomy":"product_cat","embeddable":true,"href":"https:\/\/compuviper.mx\/tienda\/wp-json\/wp\/v2\/product_cat?post=252901"},{"taxonomy":"product_tag","embeddable":true,"href":"https:\/\/compuviper.mx\/tienda\/wp-json\/wp\/v2\/product_tag?post=252901"}],"curies":[{"name":"wp","href":"https:\/\/api.w.org\/{rel}","templated":true}]}}