{"id":252896,"date":"2026-04-18T01:14:41","date_gmt":"2026-04-18T07:14:41","guid":{"rendered":"https:\/\/compuviper.mx\/tienda\/producto\/hewlett-packard-enterprise-jl678a-switch-hpe-aruba-6100-24g-4sfp-administrable-capa-2-2\/"},"modified":"2026-04-18T01:14:42","modified_gmt":"2026-04-18T07:14:42","slug":"hewlett-packard-enterprise-jl678a-switch-hpe-aruba-6100-24g-4sfp-administrable-capa-2-2","status":"publish","type":"product","link":"https:\/\/compuviper.mx\/tienda\/producto\/hewlett-packard-enterprise-jl678a-switch-hpe-aruba-6100-24g-4sfp-administrable-capa-2-2\/","title":{"rendered":"Hewlett Packard Enterprise Jl678a Switch Hpe Aruba 6100 24g 4sfp Administrable Capa 2"},"content":{"rendered":"<table class=\"descripcion\">\n<tr>\n<td>Puertos<\/td>\n<\/tr>\n<tr>\n<td>24 puertos 10\/100\/1000base-t 4 puertos 1g\/10g sfp<\/td>\n<\/tr>\n<tr>\n<td>Memoria y procesador<\/td>\n<\/tr>\n<tr>\n<td>Doble ncleo arm cortex a9 a 1016 mhz 4 gb ddr3, mximo, segn el modelo de 16 gb emmc<\/td>\n<\/tr>\n<tr>\n<td>Latencia<\/td>\n<\/tr>\n<tr>\n<td>1 gbps: 1,5 ?s, 10 gbps: 1,8 ?s<\/td>\n<\/tr>\n<tr>\n<td>Velocidad<\/td>\n<\/tr>\n<tr>\n<td>95,2 mpps<\/td>\n<\/tr>\n<tr>\n<td>Capacidad de switching<\/td>\n<\/tr>\n<tr>\n<td>128 gbps<\/td>\n<\/tr>\n<tr>\n<td>Voltaje de entrada<\/td>\n<\/tr>\n<tr>\n<td>100-127 v ac \/ 200-240 v ac<\/td>\n<\/tr>\n<tr>\n<td>Consumo de energa<\/td>\n<\/tr>\n<tr>\n<td>33 w<\/td>\n<\/tr>\n<tr>\n<td>Dimensiones mnimas alto x ancho x fondo<\/td>\n<\/tr>\n<tr>\n<td>4,4 x 44,2 x 20,1 cm<\/td>\n<\/tr>\n<tr>\n<td>1.73 x 17.4 x 7.92 in<\/td>\n<\/tr>\n<tr>\n<td>Peso<\/td>\n<\/tr>\n<tr>\n<td>2,6 kg<\/td>\n<\/tr>\n<tr>\n<td>5.78 lbs<\/td>\n<\/tr>\n<\/table>\n","protected":false},"excerpt":{"rendered":"<p>El conmutador aruba cx de la serie 6100 pertenece a una moderna familia de conmutadores de acceso de nivel bsico que es ideal para redes de sucursales, empresas del mercado medio y pymes. Diseados para un acceso seguro, sencillo y fiable, los conmutadores aruba cx 6100 proporcionan una prctica solucin de acceso almbrico para redes empresariales compatibles con iot, mviles y aplicaciones en la nube. Prepara tu red para las impredecibles demandas del maana con una potente arquitectura aruba asic y un programable sistema operativo aos-cx utilizado en el portfolio aruba cx con el fin de ofrecer una experiencia de operador ms eficiente y consistente. Esta serie de conmutador de nivel 2 cuenta con prcticos enlaces ascendentes integrados de alta velocidad para admitir dispositivos iot como cmaras de seguridad o puntos de acceso inalmbricos. Con una slida calidad de servicio, compatibilidad con enrutamiento esttico e ipv6, aruba cx 6100 tambin simplifica los costes al no requerir licencias de software del conmutador.<\/p>\n","protected":false},"featured_media":260174,"comment_status":"open","ping_status":"open","template":"","meta":[],"product_cat":[1563,1564],"product_tag":[1568],"acf":[],"yoast_head":"<!-- This site is optimized with the Yoast SEO plugin v21.7 - https:\/\/yoast.com\/wordpress\/plugins\/seo\/ -->\n<title>[ Hewlett Packard Enterprise ] &#129351; Jl678a Switch Hpe Aruba 6100 24g 4sfp Administrable Capa 2<\/title>\n<meta name=\"description\" content=\"Compra Jl678a Switch Hpe Aruba 6100 24g 4sfp Administrable Capa 2 + Env\u00edo a domicilio + Pago seguro + Garant\u00eda\" \/>\n<meta name=\"robots\" content=\"index, follow, max-snippet:-1, max-image-preview:large, max-video-preview:-1\" \/>\n<link rel=\"canonical\" href=\"https:\/\/compuviper.mx\/tienda\/producto\/hewlett-packard-enterprise-jl678a-switch-hpe-aruba-6100-24g-4sfp-administrable-capa-2-2\/\" \/>\n<meta property=\"og:locale\" content=\"es_MX\" \/>\n<meta property=\"og:type\" content=\"article\" \/>\n<meta property=\"og:title\" content=\"[ Hewlett Packard Enterprise ] &#129351; Jl678a Switch Hpe Aruba 6100 24g 4sfp Administrable Capa 2\" \/>\n<meta property=\"og:description\" content=\"Compra Jl678a Switch Hpe Aruba 6100 24g 4sfp Administrable Capa 2 + Env\u00edo a domicilio + Pago seguro + Garant\u00eda\" \/>\n<meta property=\"og:url\" content=\"https:\/\/compuviper.mx\/tienda\/producto\/hewlett-packard-enterprise-jl678a-switch-hpe-aruba-6100-24g-4sfp-administrable-capa-2-2\/\" \/>\n<meta property=\"og:site_name\" content=\"Compuviper\" \/>\n<meta property=\"article:publisher\" content=\"https:\/\/www.facebook.com\/compuviper\" \/>\n<meta property=\"article:modified_time\" content=\"2026-04-18T07:14:42+00:00\" \/>\n<meta property=\"og:image\" content=\"https:\/\/compuviper.mx\/tienda\/wp-content\/uploads\/2025\/10\/Switch-hpe-aruba-6100-24g-4sfp-administrable-capa-2.jpg\" \/>\n\t<meta property=\"og:image:width\" content=\"200\" \/>\n\t<meta property=\"og:image:height\" content=\"200\" \/>\n\t<meta property=\"og:image:type\" content=\"image\/jpeg\" \/>\n<meta name=\"twitter:card\" content=\"summary_large_image\" \/>\n<meta name=\"twitter:label1\" content=\"Precio\" \/>\n\t<meta name=\"twitter:data1\" content=\"&#36;31,023 con IVA\" \/>\n\t<meta name=\"twitter:label2\" content=\"Availability\" \/>\n\t<meta name=\"twitter:data2\" content=\"In stock\" \/>\n<script type=\"application\/ld+json\" class=\"yoast-schema-graph\">{\"@context\":\"https:\/\/schema.org\",\"@graph\":[{\"@type\":\"WebPage\",\"@id\":\"https:\/\/compuviper.mx\/tienda\/producto\/hewlett-packard-enterprise-jl678a-switch-hpe-aruba-6100-24g-4sfp-administrable-capa-2-2\/\",\"url\":\"https:\/\/compuviper.mx\/tienda\/producto\/hewlett-packard-enterprise-jl678a-switch-hpe-aruba-6100-24g-4sfp-administrable-capa-2-2\/\",\"name\":\"[ Hewlett Packard Enterprise ] &#129351; Jl678a Switch Hpe Aruba 6100 24g 4sfp Administrable Capa 2\",\"isPartOf\":{\"@id\":\"https:\/\/compuviper.mx\/tienda\/#website\"},\"datePublished\":\"2026-04-18T07:14:41+00:00\",\"dateModified\":\"2026-04-18T07:14:42+00:00\",\"description\":\"Compra Jl678a Switch Hpe Aruba 6100 24g 4sfp Administrable Capa 2 + Env\u00edo a domicilio + Pago seguro + Garant\u00eda\",\"breadcrumb\":{\"@id\":\"https:\/\/compuviper.mx\/tienda\/producto\/hewlett-packard-enterprise-jl678a-switch-hpe-aruba-6100-24g-4sfp-administrable-capa-2-2\/#breadcrumb\"},\"inLanguage\":\"es-MX\",\"potentialAction\":[{\"@type\":\"ReadAction\",\"target\":[\"https:\/\/compuviper.mx\/tienda\/producto\/hewlett-packard-enterprise-jl678a-switch-hpe-aruba-6100-24g-4sfp-administrable-capa-2-2\/\"]}]},{\"@type\":\"BreadcrumbList\",\"@id\":\"https:\/\/compuviper.mx\/tienda\/producto\/hewlett-packard-enterprise-jl678a-switch-hpe-aruba-6100-24g-4sfp-administrable-capa-2-2\/#breadcrumb\",\"itemListElement\":[{\"@type\":\"ListItem\",\"position\":1,\"name\":\"Inicio\",\"item\":\"https:\/\/compuviper.mx\/tienda\/\"},{\"@type\":\"ListItem\",\"position\":2,\"name\":\"Productos\",\"item\":\"https:\/\/compuviper.mx\/tienda\/productos\/\"},{\"@type\":\"ListItem\",\"position\":3,\"name\":\"Redes\",\"item\":\"https:\/\/compuviper.mx\/tienda\/categoria-producto\/redes\/\"},{\"@type\":\"ListItem\",\"position\":4,\"name\":\"Switch\",\"item\":\"https:\/\/compuviper.mx\/tienda\/categoria-producto\/redes\/switch\/\"},{\"@type\":\"ListItem\",\"position\":5,\"name\":\"Hewlett Packard Enterprise Jl678a Switch Hpe Aruba 6100 24g 4sfp Administrable Capa 2\"}]},{\"@type\":\"WebSite\",\"@id\":\"https:\/\/compuviper.mx\/tienda\/#website\",\"url\":\"https:\/\/compuviper.mx\/tienda\/\",\"name\":\"Compuviper\",\"description\":\"Proveedor de Computadoras, Laptops, Servidores, Monitores, Puntos de Venta, Teclados,   Impresoras, T\u00f3ner, C\u00e1maras de Seguridad y m\u00e1s en tu tienda en l\u00ednea\",\"publisher\":{\"@id\":\"https:\/\/compuviper.mx\/tienda\/#organization\"},\"potentialAction\":[{\"@type\":\"SearchAction\",\"target\":{\"@type\":\"EntryPoint\",\"urlTemplate\":\"https:\/\/compuviper.mx\/tienda\/?s={search_term_string}\"},\"query-input\":\"required name=search_term_string\"}],\"inLanguage\":\"es-MX\"},{\"@type\":\"Organization\",\"@id\":\"https:\/\/compuviper.mx\/tienda\/#organization\",\"name\":\"Compuviper\",\"url\":\"https:\/\/compuviper.mx\/tienda\/\",\"logo\":{\"@type\":\"ImageObject\",\"inLanguage\":\"es-MX\",\"@id\":\"https:\/\/compuviper.mx\/tienda\/#\/schema\/logo\/image\/\",\"url\":\"https:\/\/compuviper.mx\/tienda\/wp-content\/uploads\/2021\/08\/Logo-Compuviper-10.png\",\"contentUrl\":\"https:\/\/compuviper.mx\/tienda\/wp-content\/uploads\/2021\/08\/Logo-Compuviper-10.png\",\"width\":1000,\"height\":500,\"caption\":\"Compuviper\"},\"image\":{\"@id\":\"https:\/\/compuviper.mx\/tienda\/#\/schema\/logo\/image\/\"},\"sameAs\":[\"https:\/\/www.facebook.com\/compuviper\",\"https:\/\/www.youtube.com\/channel\/UCf73dERp9Y3cfOq7q8BhLjA?view_as=subscriber\"]}]}<\/script>\n<meta property=\"product:brand\" content=\"HEWLETT PACKARD ENTERPRISE\" \/>\n<meta property=\"product:price:amount\" content=\"31023\" \/>\n<meta property=\"product:price:currency\" content=\"MXN\" \/>\n<meta property=\"og:availability\" content=\"instock\" \/>\n<meta property=\"product:availability\" content=\"instock\" \/>\n<meta property=\"product:retailer_item_id\" content=\"JL678A\" \/>\n<meta property=\"product:condition\" content=\"new\" \/>\n<!-- \/ Yoast SEO plugin. -->","yoast_head_json":{"title":"[ Hewlett Packard Enterprise ] &#129351; Jl678a Switch Hpe Aruba 6100 24g 4sfp Administrable Capa 2","description":"Compra Jl678a Switch Hpe Aruba 6100 24g 4sfp Administrable Capa 2 + Env\u00edo a domicilio + Pago seguro + Garant\u00eda","robots":{"index":"index","follow":"follow","max-snippet":"max-snippet:-1","max-image-preview":"max-image-preview:large","max-video-preview":"max-video-preview:-1"},"canonical":"https:\/\/compuviper.mx\/tienda\/producto\/hewlett-packard-enterprise-jl678a-switch-hpe-aruba-6100-24g-4sfp-administrable-capa-2-2\/","og_locale":"es_MX","og_type":"article","og_title":"[ Hewlett Packard Enterprise ] &#129351; Jl678a Switch Hpe Aruba 6100 24g 4sfp Administrable Capa 2","og_description":"Compra Jl678a Switch Hpe Aruba 6100 24g 4sfp Administrable Capa 2 + Env\u00edo a domicilio + Pago seguro + Garant\u00eda","og_url":"https:\/\/compuviper.mx\/tienda\/producto\/hewlett-packard-enterprise-jl678a-switch-hpe-aruba-6100-24g-4sfp-administrable-capa-2-2\/","og_site_name":"Compuviper","article_publisher":"https:\/\/www.facebook.com\/compuviper","article_modified_time":"2026-04-18T07:14:42+00:00","og_image":[{"width":200,"height":200,"url":"https:\/\/compuviper.mx\/tienda\/wp-content\/uploads\/2025\/10\/Switch-hpe-aruba-6100-24g-4sfp-administrable-capa-2.jpg","type":"image\/jpeg"}],"twitter_card":"summary_large_image","twitter_misc":{"Precio":"&#36;31,023 con IVA","Availability":"In stock"},"schema":{"@context":"https:\/\/schema.org","@graph":[{"@type":"WebPage","@id":"https:\/\/compuviper.mx\/tienda\/producto\/hewlett-packard-enterprise-jl678a-switch-hpe-aruba-6100-24g-4sfp-administrable-capa-2-2\/","url":"https:\/\/compuviper.mx\/tienda\/producto\/hewlett-packard-enterprise-jl678a-switch-hpe-aruba-6100-24g-4sfp-administrable-capa-2-2\/","name":"[ Hewlett Packard Enterprise ] &#129351; Jl678a Switch Hpe Aruba 6100 24g 4sfp Administrable Capa 2","isPartOf":{"@id":"https:\/\/compuviper.mx\/tienda\/#website"},"datePublished":"2026-04-18T07:14:41+00:00","dateModified":"2026-04-18T07:14:42+00:00","description":"Compra Jl678a Switch Hpe Aruba 6100 24g 4sfp Administrable Capa 2 + Env\u00edo a domicilio + Pago seguro + Garant\u00eda","breadcrumb":{"@id":"https:\/\/compuviper.mx\/tienda\/producto\/hewlett-packard-enterprise-jl678a-switch-hpe-aruba-6100-24g-4sfp-administrable-capa-2-2\/#breadcrumb"},"inLanguage":"es-MX","potentialAction":[{"@type":"ReadAction","target":["https:\/\/compuviper.mx\/tienda\/producto\/hewlett-packard-enterprise-jl678a-switch-hpe-aruba-6100-24g-4sfp-administrable-capa-2-2\/"]}]},{"@type":"BreadcrumbList","@id":"https:\/\/compuviper.mx\/tienda\/producto\/hewlett-packard-enterprise-jl678a-switch-hpe-aruba-6100-24g-4sfp-administrable-capa-2-2\/#breadcrumb","itemListElement":[{"@type":"ListItem","position":1,"name":"Inicio","item":"https:\/\/compuviper.mx\/tienda\/"},{"@type":"ListItem","position":2,"name":"Productos","item":"https:\/\/compuviper.mx\/tienda\/productos\/"},{"@type":"ListItem","position":3,"name":"Redes","item":"https:\/\/compuviper.mx\/tienda\/categoria-producto\/redes\/"},{"@type":"ListItem","position":4,"name":"Switch","item":"https:\/\/compuviper.mx\/tienda\/categoria-producto\/redes\/switch\/"},{"@type":"ListItem","position":5,"name":"Hewlett Packard Enterprise Jl678a Switch Hpe Aruba 6100 24g 4sfp Administrable Capa 2"}]},{"@type":"WebSite","@id":"https:\/\/compuviper.mx\/tienda\/#website","url":"https:\/\/compuviper.mx\/tienda\/","name":"Compuviper","description":"Proveedor de Computadoras, Laptops, Servidores, Monitores, Puntos de Venta, Teclados,   Impresoras, T\u00f3ner, C\u00e1maras de Seguridad y m\u00e1s en tu tienda en l\u00ednea","publisher":{"@id":"https:\/\/compuviper.mx\/tienda\/#organization"},"potentialAction":[{"@type":"SearchAction","target":{"@type":"EntryPoint","urlTemplate":"https:\/\/compuviper.mx\/tienda\/?s={search_term_string}"},"query-input":"required name=search_term_string"}],"inLanguage":"es-MX"},{"@type":"Organization","@id":"https:\/\/compuviper.mx\/tienda\/#organization","name":"Compuviper","url":"https:\/\/compuviper.mx\/tienda\/","logo":{"@type":"ImageObject","inLanguage":"es-MX","@id":"https:\/\/compuviper.mx\/tienda\/#\/schema\/logo\/image\/","url":"https:\/\/compuviper.mx\/tienda\/wp-content\/uploads\/2021\/08\/Logo-Compuviper-10.png","contentUrl":"https:\/\/compuviper.mx\/tienda\/wp-content\/uploads\/2021\/08\/Logo-Compuviper-10.png","width":1000,"height":500,"caption":"Compuviper"},"image":{"@id":"https:\/\/compuviper.mx\/tienda\/#\/schema\/logo\/image\/"},"sameAs":["https:\/\/www.facebook.com\/compuviper","https:\/\/www.youtube.com\/channel\/UCf73dERp9Y3cfOq7q8BhLjA?view_as=subscriber"]}]},"product_brand":"HEWLETT PACKARD ENTERPRISE","product_price_amount":"31023","product_price_currency":"MXN","og_availability":"instock","product_availability":"instock","product_retailer_item_id":"JL678A","product_condition":"new"},"_links":{"self":[{"href":"https:\/\/compuviper.mx\/tienda\/wp-json\/wp\/v2\/product\/252896"}],"collection":[{"href":"https:\/\/compuviper.mx\/tienda\/wp-json\/wp\/v2\/product"}],"about":[{"href":"https:\/\/compuviper.mx\/tienda\/wp-json\/wp\/v2\/types\/product"}],"replies":[{"embeddable":true,"href":"https:\/\/compuviper.mx\/tienda\/wp-json\/wp\/v2\/comments?post=252896"}],"wp:featuredmedia":[{"embeddable":true,"href":"https:\/\/compuviper.mx\/tienda\/wp-json\/wp\/v2\/media\/260174"}],"wp:attachment":[{"href":"https:\/\/compuviper.mx\/tienda\/wp-json\/wp\/v2\/media?parent=252896"}],"wp:term":[{"taxonomy":"product_cat","embeddable":true,"href":"https:\/\/compuviper.mx\/tienda\/wp-json\/wp\/v2\/product_cat?post=252896"},{"taxonomy":"product_tag","embeddable":true,"href":"https:\/\/compuviper.mx\/tienda\/wp-json\/wp\/v2\/product_tag?post=252896"}],"curies":[{"name":"wp","href":"https:\/\/api.w.org\/{rel}","templated":true}]}}