{"id":252889,"date":"2026-04-23T00:15:36","date_gmt":"2026-04-23T06:15:36","guid":{"rendered":"https:\/\/compuviper.mx\/tienda\/producto\/dahua-dh-hac-hum3201bn-0280p-s2-camara-analoga-hac-hum3201b-p-hdcvi-pinhole-1080p-2-mp-lente-de-2-8-mm-103-grados-de-apertura-1-entrada-de-audio-wdr-blc-hlc-starlight\/"},"modified":"2026-04-23T00:15:36","modified_gmt":"2026-04-23T06:15:36","slug":"dahua-dh-hac-hum3201bn-0280p-s2-camara-analoga-hac-hum3201b-p-hdcvi-pinhole-1080p-2-mp-lente-de-2-8-mm-103-grados-de-apertura-1-entrada-de-audio-wdr-blc-hlc-starlight","status":"publish","type":"product","link":"https:\/\/compuviper.mx\/tienda\/producto\/dahua-dh-hac-hum3201bn-0280p-s2-camara-analoga-hac-hum3201b-p-hdcvi-pinhole-1080p-2-mp-lente-de-2-8-mm-103-grados-de-apertura-1-entrada-de-audio-wdr-blc-hlc-starlight\/","title":{"rendered":"Dahua Dh-hac-hum3201bn-0280p-s2 Camara Analoga\/ \/ Hac-hum3201b-p\/ Hdcvi Pinhole 1080p\/2 Mp\/ Lente De 2.8 Mm\/ 103 Grados De Apertura\/ 1 Entrada De Audio\/ Wdr\/ Blc\/ Hlc\/ Starlight"},"content":{"rendered":"<table class=\"descripcion\">\n<tr>\n<td>Especificaciones<\/td>\n<\/tr>\n<tr>\n<td>\u0095 1\/2.8  progressive scan cmos<\/td>\n<\/tr>\n<tr>\n<td>\u0095 lente fijo 2.8mm<\/td>\n<\/tr>\n<tr>\n<td>\u0095 angulo de vision:103 \u00b0<\/td>\n<\/tr>\n<tr>\n<td>\u0095 salida de video:1 vpp \/ 75  and #937; &#8211; ahd \/ hd-cvi \/ hd-tvi \/ cvbs<\/td>\n<\/tr>\n<tr>\n<td>\u0095 menu de pantalla osd: menu osd disponible a traves de la grabadora dahua<\/td>\n<\/tr>\n<tr>\n<td>\u0095 carcasa: mini, aluminio<\/td>\n<\/tr>\n<tr>\n<td>\u0095 alimentacion:12 v dc \/ 180 ma<\/td>\n<\/tr>\n<tr>\n<td>Incluye:<\/td>\n<\/tr>\n<tr>\n<td>\u0095 cable siames con salida de video<\/td>\n<\/tr>\n<tr>\n<td>\u0095 conector jack de 3.5mm hembra polarizado de 12 vcd<\/td>\n<\/tr>\n<tr>\n<td>\u0095 camara<\/td>\n<\/tr>\n<\/table>\n","protected":false},"excerpt":{"rendered":"<p>Informacion general. La camara hum3201bn-0280p-s2 hdcvi starlight presenta una alta imagen de calidad con detalles ricos incluso en entornos con poca luz extrema y es compatible con wdr verdadero de 120 db. Ofrece osd y hd \/ sd. El diseno compacto y el alto rendimiento de imagen hace que la camara hum3201bn-0280p-s2 sea una opcion ideal para el monitoreo invisible en aplicaciones que requieren una gran discrecion. Wdr 120db. La camara hum3201bn-0280p cuenta con wdr real de 120db, esta funcion se encarga de medir, compensar y ajustar la luz en la imagen captada para despues combinar los espacios de luces brillantes con los espacios de sombras que hay en una misma toma, creando un equilibrio en la imagen final. Obteniendo como resultado una imagen nitida y precisa para un mejor monitoreo. Proteccion electrica. La camara hum3201bn-0280p cuenta con un rango de tolerancia electrica de \u00b125% a la entrada de voltaje; asi mismo, cuenta con una proteccion interna de 4kv tambien a la entrada de voltaje, por lo que cuenta con una proteccion para efectos adversos de un rayo. Principales caracteristicas. \u0095 wdr &#8211; 120 db &#8211; amplio rango dinamico de la iluminacion. \u0095 3d-dnr &#8211; reduccion digital de ruido en la imagen. \u0095 f-dnr (defog) &#8211; reduccion de ruido debido a las precipitaciones. \u0095 icr &#8211; filtro mecanico de infrarrojos. \u0095 d-zoom &#8211; zoom digital &#8211; 4x. \u0095 agc &#8211; ajuste automatico de la ganancia de la imagen. \u0095 blc &#8211; compensacion de contraluz. \u0095 hlc &#8211; compensacion de alta luz (punto. \u0095 balance de blancos automatico. \u0095 mirror &#8211; imagen de espejo. \u0095 zonas de privacidad<\/p>\n","protected":false},"featured_media":259426,"comment_status":"open","ping_status":"open","template":"","meta":[],"product_cat":[1681,1608],"product_tag":[1555],"acf":[],"yoast_head":"<!-- This site is optimized with the Yoast SEO plugin v21.7 - https:\/\/yoast.com\/wordpress\/plugins\/seo\/ -->\n<title>[ Dahua ] &#129351; Dh-hac-hum3201bn-0280p-s2 Camara Analoga\/ \/ Hac-hum3201b-p\/ Hdcvi Pinhole 1080p\/2 Mp\/ Lente De 2.8 Mm\/ 103 Grados De Apertura\/ 1 Entrada De Audio\/ Wdr\/ Blc\/ Hlc\/ Starlight<\/title>\n<meta name=\"description\" content=\"Compra Dh-hac-hum3201bn-0280p-s2 Camara Analoga\/ \/ Hac-hum3201b-p\/ Hdcvi Pinhole 1080p\/2 Mp\/ Lente De 2.8 Mm\/ 103 Grados De Apertura\/ 1 Entrada De Audio\/ Wdr\/ Blc\/ Hlc\/ Starlight + Env\u00edo a domicilio + Pago seguro + Garant\u00eda\" \/>\n<meta name=\"robots\" content=\"index, follow, max-snippet:-1, max-image-preview:large, max-video-preview:-1\" \/>\n<link rel=\"canonical\" href=\"https:\/\/compuviper.mx\/tienda\/producto\/dahua-dh-hac-hum3201bn-0280p-s2-camara-analoga-hac-hum3201b-p-hdcvi-pinhole-1080p-2-mp-lente-de-2-8-mm-103-grados-de-apertura-1-entrada-de-audio-wdr-blc-hlc-starlight\/\" \/>\n<meta property=\"og:locale\" content=\"es_MX\" \/>\n<meta property=\"og:type\" content=\"article\" \/>\n<meta property=\"og:title\" content=\"[ Dahua ] &#129351; Dh-hac-hum3201bn-0280p-s2 Camara Analoga\/ \/ Hac-hum3201b-p\/ Hdcvi Pinhole 1080p\/2 Mp\/ Lente De 2.8 Mm\/ 103 Grados De Apertura\/ 1 Entrada De Audio\/ Wdr\/ Blc\/ Hlc\/ Starlight\" \/>\n<meta property=\"og:description\" content=\"Compra Dh-hac-hum3201bn-0280p-s2 Camara Analoga\/ \/ Hac-hum3201b-p\/ Hdcvi Pinhole 1080p\/2 Mp\/ Lente De 2.8 Mm\/ 103 Grados De Apertura\/ 1 Entrada De Audio\/ Wdr\/ Blc\/ Hlc\/ Starlight + Env\u00edo a domicilio + Pago seguro + Garant\u00eda\" \/>\n<meta property=\"og:url\" content=\"https:\/\/compuviper.mx\/tienda\/producto\/dahua-dh-hac-hum3201bn-0280p-s2-camara-analoga-hac-hum3201b-p-hdcvi-pinhole-1080p-2-mp-lente-de-2-8-mm-103-grados-de-apertura-1-entrada-de-audio-wdr-blc-hlc-starlight\/\" \/>\n<meta property=\"og:site_name\" content=\"Compuviper\" \/>\n<meta property=\"article:publisher\" content=\"https:\/\/www.facebook.com\/compuviper\" \/>\n<meta property=\"og:image\" content=\"https:\/\/compuviper.mx\/tienda\/wp-content\/uploads\/2025\/10\/Camara-analoga-dahua-hac-hum3201b-p-hdcvi-pinhole-1080p2-mp-lente-de-2.8-mm-103-grados-de-apertura-1-entrada-de-audio-wdr-blc-hlc-starlight.jpg\" \/>\n\t<meta property=\"og:image:width\" content=\"200\" \/>\n\t<meta property=\"og:image:height\" content=\"200\" \/>\n\t<meta property=\"og:image:type\" content=\"image\/jpeg\" \/>\n<meta name=\"twitter:card\" content=\"summary_large_image\" \/>\n<meta name=\"twitter:label1\" content=\"Precio\" \/>\n\t<meta name=\"twitter:data1\" content=\"&#36;751 con IVA\" \/>\n\t<meta name=\"twitter:label2\" content=\"Availability\" \/>\n\t<meta name=\"twitter:data2\" content=\"On backorder\" \/>\n<script type=\"application\/ld+json\" class=\"yoast-schema-graph\">{\"@context\":\"https:\/\/schema.org\",\"@graph\":[{\"@type\":\"WebPage\",\"@id\":\"https:\/\/compuviper.mx\/tienda\/producto\/dahua-dh-hac-hum3201bn-0280p-s2-camara-analoga-hac-hum3201b-p-hdcvi-pinhole-1080p-2-mp-lente-de-2-8-mm-103-grados-de-apertura-1-entrada-de-audio-wdr-blc-hlc-starlight\/\",\"url\":\"https:\/\/compuviper.mx\/tienda\/producto\/dahua-dh-hac-hum3201bn-0280p-s2-camara-analoga-hac-hum3201b-p-hdcvi-pinhole-1080p-2-mp-lente-de-2-8-mm-103-grados-de-apertura-1-entrada-de-audio-wdr-blc-hlc-starlight\/\",\"name\":\"[ Dahua ] &#129351; Dh-hac-hum3201bn-0280p-s2 Camara Analoga\/ \/ Hac-hum3201b-p\/ Hdcvi Pinhole 1080p\/2 Mp\/ Lente De 2.8 Mm\/ 103 Grados De Apertura\/ 1 Entrada De Audio\/ Wdr\/ Blc\/ Hlc\/ Starlight\",\"isPartOf\":{\"@id\":\"https:\/\/compuviper.mx\/tienda\/#website\"},\"datePublished\":\"2026-04-23T06:15:36+00:00\",\"dateModified\":\"2026-04-23T06:15:36+00:00\",\"description\":\"Compra Dh-hac-hum3201bn-0280p-s2 Camara Analoga\/ \/ Hac-hum3201b-p\/ Hdcvi Pinhole 1080p\/2 Mp\/ Lente De 2.8 Mm\/ 103 Grados De Apertura\/ 1 Entrada De Audio\/ Wdr\/ Blc\/ Hlc\/ Starlight + Env\u00edo a domicilio + Pago seguro + Garant\u00eda\",\"breadcrumb\":{\"@id\":\"https:\/\/compuviper.mx\/tienda\/producto\/dahua-dh-hac-hum3201bn-0280p-s2-camara-analoga-hac-hum3201b-p-hdcvi-pinhole-1080p-2-mp-lente-de-2-8-mm-103-grados-de-apertura-1-entrada-de-audio-wdr-blc-hlc-starlight\/#breadcrumb\"},\"inLanguage\":\"es-MX\",\"potentialAction\":[{\"@type\":\"ReadAction\",\"target\":[\"https:\/\/compuviper.mx\/tienda\/producto\/dahua-dh-hac-hum3201bn-0280p-s2-camara-analoga-hac-hum3201b-p-hdcvi-pinhole-1080p-2-mp-lente-de-2-8-mm-103-grados-de-apertura-1-entrada-de-audio-wdr-blc-hlc-starlight\/\"]}]},{\"@type\":\"BreadcrumbList\",\"@id\":\"https:\/\/compuviper.mx\/tienda\/producto\/dahua-dh-hac-hum3201bn-0280p-s2-camara-analoga-hac-hum3201b-p-hdcvi-pinhole-1080p-2-mp-lente-de-2-8-mm-103-grados-de-apertura-1-entrada-de-audio-wdr-blc-hlc-starlight\/#breadcrumb\",\"itemListElement\":[{\"@type\":\"ListItem\",\"position\":1,\"name\":\"Inicio\",\"item\":\"https:\/\/compuviper.mx\/tienda\/\"},{\"@type\":\"ListItem\",\"position\":2,\"name\":\"Productos\",\"item\":\"https:\/\/compuviper.mx\/tienda\/productos\/\"},{\"@type\":\"ListItem\",\"position\":3,\"name\":\"Camaras\",\"item\":\"https:\/\/compuviper.mx\/tienda\/categoria-producto\/camaras-2\/\"},{\"@type\":\"ListItem\",\"position\":4,\"name\":\"Camara De Videovigilancia\",\"item\":\"https:\/\/compuviper.mx\/tienda\/categoria-producto\/camaras-2\/camara-de-videovigilancia\/\"},{\"@type\":\"ListItem\",\"position\":5,\"name\":\"Dahua Dh-hac-hum3201bn-0280p-s2 Camara Analoga\/ \/ Hac-hum3201b-p\/ Hdcvi Pinhole 1080p\/2 Mp\/ Lente De 2.8 Mm\/ 103 Grados De Apertura\/ 1 Entrada De Audio\/ Wdr\/ Blc\/ Hlc\/ Starlight\"}]},{\"@type\":\"WebSite\",\"@id\":\"https:\/\/compuviper.mx\/tienda\/#website\",\"url\":\"https:\/\/compuviper.mx\/tienda\/\",\"name\":\"Compuviper\",\"description\":\"Proveedor de Computadoras, Laptops, Servidores, Monitores, Puntos de Venta, Teclados,   Impresoras, T\u00f3ner, C\u00e1maras de Seguridad y m\u00e1s en tu tienda en l\u00ednea\",\"publisher\":{\"@id\":\"https:\/\/compuviper.mx\/tienda\/#organization\"},\"potentialAction\":[{\"@type\":\"SearchAction\",\"target\":{\"@type\":\"EntryPoint\",\"urlTemplate\":\"https:\/\/compuviper.mx\/tienda\/?s={search_term_string}\"},\"query-input\":\"required name=search_term_string\"}],\"inLanguage\":\"es-MX\"},{\"@type\":\"Organization\",\"@id\":\"https:\/\/compuviper.mx\/tienda\/#organization\",\"name\":\"Compuviper\",\"url\":\"https:\/\/compuviper.mx\/tienda\/\",\"logo\":{\"@type\":\"ImageObject\",\"inLanguage\":\"es-MX\",\"@id\":\"https:\/\/compuviper.mx\/tienda\/#\/schema\/logo\/image\/\",\"url\":\"https:\/\/compuviper.mx\/tienda\/wp-content\/uploads\/2021\/08\/Logo-Compuviper-10.png\",\"contentUrl\":\"https:\/\/compuviper.mx\/tienda\/wp-content\/uploads\/2021\/08\/Logo-Compuviper-10.png\",\"width\":1000,\"height\":500,\"caption\":\"Compuviper\"},\"image\":{\"@id\":\"https:\/\/compuviper.mx\/tienda\/#\/schema\/logo\/image\/\"},\"sameAs\":[\"https:\/\/www.facebook.com\/compuviper\",\"https:\/\/www.youtube.com\/channel\/UCf73dERp9Y3cfOq7q8BhLjA?view_as=subscriber\"]}]}<\/script>\n<meta property=\"product:brand\" content=\"DAHUA\" \/>\n<meta property=\"product:price:amount\" content=\"751\" \/>\n<meta property=\"product:price:currency\" content=\"MXN\" \/>\n<meta property=\"og:availability\" content=\"backorder\" \/>\n<meta property=\"product:availability\" content=\"available for order\" \/>\n<meta property=\"product:retailer_item_id\" content=\"DH-HAC-HUM3201BN-0280P-S2\" \/>\n<meta property=\"product:condition\" content=\"new\" \/>\n<!-- \/ Yoast SEO plugin. -->","yoast_head_json":{"title":"[ Dahua ] &#129351; Dh-hac-hum3201bn-0280p-s2 Camara Analoga\/ \/ Hac-hum3201b-p\/ Hdcvi Pinhole 1080p\/2 Mp\/ Lente De 2.8 Mm\/ 103 Grados De Apertura\/ 1 Entrada De Audio\/ Wdr\/ Blc\/ Hlc\/ Starlight","description":"Compra Dh-hac-hum3201bn-0280p-s2 Camara Analoga\/ \/ Hac-hum3201b-p\/ Hdcvi Pinhole 1080p\/2 Mp\/ Lente De 2.8 Mm\/ 103 Grados De Apertura\/ 1 Entrada De Audio\/ Wdr\/ Blc\/ Hlc\/ Starlight + Env\u00edo a domicilio + Pago seguro + Garant\u00eda","robots":{"index":"index","follow":"follow","max-snippet":"max-snippet:-1","max-image-preview":"max-image-preview:large","max-video-preview":"max-video-preview:-1"},"canonical":"https:\/\/compuviper.mx\/tienda\/producto\/dahua-dh-hac-hum3201bn-0280p-s2-camara-analoga-hac-hum3201b-p-hdcvi-pinhole-1080p-2-mp-lente-de-2-8-mm-103-grados-de-apertura-1-entrada-de-audio-wdr-blc-hlc-starlight\/","og_locale":"es_MX","og_type":"article","og_title":"[ Dahua ] &#129351; Dh-hac-hum3201bn-0280p-s2 Camara Analoga\/ \/ Hac-hum3201b-p\/ Hdcvi Pinhole 1080p\/2 Mp\/ Lente De 2.8 Mm\/ 103 Grados De Apertura\/ 1 Entrada De Audio\/ Wdr\/ Blc\/ Hlc\/ Starlight","og_description":"Compra Dh-hac-hum3201bn-0280p-s2 Camara Analoga\/ \/ Hac-hum3201b-p\/ Hdcvi Pinhole 1080p\/2 Mp\/ Lente De 2.8 Mm\/ 103 Grados De Apertura\/ 1 Entrada De Audio\/ Wdr\/ Blc\/ Hlc\/ Starlight + Env\u00edo a domicilio + Pago seguro + Garant\u00eda","og_url":"https:\/\/compuviper.mx\/tienda\/producto\/dahua-dh-hac-hum3201bn-0280p-s2-camara-analoga-hac-hum3201b-p-hdcvi-pinhole-1080p-2-mp-lente-de-2-8-mm-103-grados-de-apertura-1-entrada-de-audio-wdr-blc-hlc-starlight\/","og_site_name":"Compuviper","article_publisher":"https:\/\/www.facebook.com\/compuviper","og_image":[{"width":200,"height":200,"url":"https:\/\/compuviper.mx\/tienda\/wp-content\/uploads\/2025\/10\/Camara-analoga-dahua-hac-hum3201b-p-hdcvi-pinhole-1080p2-mp-lente-de-2.8-mm-103-grados-de-apertura-1-entrada-de-audio-wdr-blc-hlc-starlight.jpg","type":"image\/jpeg"}],"twitter_card":"summary_large_image","twitter_misc":{"Precio":"&#36;751 con IVA","Availability":"On backorder"},"schema":{"@context":"https:\/\/schema.org","@graph":[{"@type":"WebPage","@id":"https:\/\/compuviper.mx\/tienda\/producto\/dahua-dh-hac-hum3201bn-0280p-s2-camara-analoga-hac-hum3201b-p-hdcvi-pinhole-1080p-2-mp-lente-de-2-8-mm-103-grados-de-apertura-1-entrada-de-audio-wdr-blc-hlc-starlight\/","url":"https:\/\/compuviper.mx\/tienda\/producto\/dahua-dh-hac-hum3201bn-0280p-s2-camara-analoga-hac-hum3201b-p-hdcvi-pinhole-1080p-2-mp-lente-de-2-8-mm-103-grados-de-apertura-1-entrada-de-audio-wdr-blc-hlc-starlight\/","name":"[ Dahua ] &#129351; Dh-hac-hum3201bn-0280p-s2 Camara Analoga\/ \/ Hac-hum3201b-p\/ Hdcvi Pinhole 1080p\/2 Mp\/ Lente De 2.8 Mm\/ 103 Grados De Apertura\/ 1 Entrada De Audio\/ Wdr\/ Blc\/ Hlc\/ Starlight","isPartOf":{"@id":"https:\/\/compuviper.mx\/tienda\/#website"},"datePublished":"2026-04-23T06:15:36+00:00","dateModified":"2026-04-23T06:15:36+00:00","description":"Compra Dh-hac-hum3201bn-0280p-s2 Camara Analoga\/ \/ Hac-hum3201b-p\/ Hdcvi Pinhole 1080p\/2 Mp\/ Lente De 2.8 Mm\/ 103 Grados De Apertura\/ 1 Entrada De Audio\/ Wdr\/ Blc\/ Hlc\/ Starlight + Env\u00edo a domicilio + Pago seguro + Garant\u00eda","breadcrumb":{"@id":"https:\/\/compuviper.mx\/tienda\/producto\/dahua-dh-hac-hum3201bn-0280p-s2-camara-analoga-hac-hum3201b-p-hdcvi-pinhole-1080p-2-mp-lente-de-2-8-mm-103-grados-de-apertura-1-entrada-de-audio-wdr-blc-hlc-starlight\/#breadcrumb"},"inLanguage":"es-MX","potentialAction":[{"@type":"ReadAction","target":["https:\/\/compuviper.mx\/tienda\/producto\/dahua-dh-hac-hum3201bn-0280p-s2-camara-analoga-hac-hum3201b-p-hdcvi-pinhole-1080p-2-mp-lente-de-2-8-mm-103-grados-de-apertura-1-entrada-de-audio-wdr-blc-hlc-starlight\/"]}]},{"@type":"BreadcrumbList","@id":"https:\/\/compuviper.mx\/tienda\/producto\/dahua-dh-hac-hum3201bn-0280p-s2-camara-analoga-hac-hum3201b-p-hdcvi-pinhole-1080p-2-mp-lente-de-2-8-mm-103-grados-de-apertura-1-entrada-de-audio-wdr-blc-hlc-starlight\/#breadcrumb","itemListElement":[{"@type":"ListItem","position":1,"name":"Inicio","item":"https:\/\/compuviper.mx\/tienda\/"},{"@type":"ListItem","position":2,"name":"Productos","item":"https:\/\/compuviper.mx\/tienda\/productos\/"},{"@type":"ListItem","position":3,"name":"Camaras","item":"https:\/\/compuviper.mx\/tienda\/categoria-producto\/camaras-2\/"},{"@type":"ListItem","position":4,"name":"Camara De Videovigilancia","item":"https:\/\/compuviper.mx\/tienda\/categoria-producto\/camaras-2\/camara-de-videovigilancia\/"},{"@type":"ListItem","position":5,"name":"Dahua Dh-hac-hum3201bn-0280p-s2 Camara Analoga\/ \/ Hac-hum3201b-p\/ Hdcvi Pinhole 1080p\/2 Mp\/ Lente De 2.8 Mm\/ 103 Grados De Apertura\/ 1 Entrada De Audio\/ Wdr\/ Blc\/ Hlc\/ Starlight"}]},{"@type":"WebSite","@id":"https:\/\/compuviper.mx\/tienda\/#website","url":"https:\/\/compuviper.mx\/tienda\/","name":"Compuviper","description":"Proveedor de Computadoras, Laptops, Servidores, Monitores, Puntos de Venta, Teclados,   Impresoras, T\u00f3ner, C\u00e1maras de Seguridad y m\u00e1s en tu tienda en l\u00ednea","publisher":{"@id":"https:\/\/compuviper.mx\/tienda\/#organization"},"potentialAction":[{"@type":"SearchAction","target":{"@type":"EntryPoint","urlTemplate":"https:\/\/compuviper.mx\/tienda\/?s={search_term_string}"},"query-input":"required name=search_term_string"}],"inLanguage":"es-MX"},{"@type":"Organization","@id":"https:\/\/compuviper.mx\/tienda\/#organization","name":"Compuviper","url":"https:\/\/compuviper.mx\/tienda\/","logo":{"@type":"ImageObject","inLanguage":"es-MX","@id":"https:\/\/compuviper.mx\/tienda\/#\/schema\/logo\/image\/","url":"https:\/\/compuviper.mx\/tienda\/wp-content\/uploads\/2021\/08\/Logo-Compuviper-10.png","contentUrl":"https:\/\/compuviper.mx\/tienda\/wp-content\/uploads\/2021\/08\/Logo-Compuviper-10.png","width":1000,"height":500,"caption":"Compuviper"},"image":{"@id":"https:\/\/compuviper.mx\/tienda\/#\/schema\/logo\/image\/"},"sameAs":["https:\/\/www.facebook.com\/compuviper","https:\/\/www.youtube.com\/channel\/UCf73dERp9Y3cfOq7q8BhLjA?view_as=subscriber"]}]},"product_brand":"DAHUA","product_price_amount":"751","product_price_currency":"MXN","og_availability":"backorder","product_availability":"available for order","product_retailer_item_id":"DH-HAC-HUM3201BN-0280P-S2","product_condition":"new"},"_links":{"self":[{"href":"https:\/\/compuviper.mx\/tienda\/wp-json\/wp\/v2\/product\/252889"}],"collection":[{"href":"https:\/\/compuviper.mx\/tienda\/wp-json\/wp\/v2\/product"}],"about":[{"href":"https:\/\/compuviper.mx\/tienda\/wp-json\/wp\/v2\/types\/product"}],"replies":[{"embeddable":true,"href":"https:\/\/compuviper.mx\/tienda\/wp-json\/wp\/v2\/comments?post=252889"}],"wp:featuredmedia":[{"embeddable":true,"href":"https:\/\/compuviper.mx\/tienda\/wp-json\/wp\/v2\/media\/259426"}],"wp:attachment":[{"href":"https:\/\/compuviper.mx\/tienda\/wp-json\/wp\/v2\/media?parent=252889"}],"wp:term":[{"taxonomy":"product_cat","embeddable":true,"href":"https:\/\/compuviper.mx\/tienda\/wp-json\/wp\/v2\/product_cat?post=252889"},{"taxonomy":"product_tag","embeddable":true,"href":"https:\/\/compuviper.mx\/tienda\/wp-json\/wp\/v2\/product_tag?post=252889"}],"curies":[{"name":"wp","href":"https:\/\/api.w.org\/{rel}","templated":true}]}}