{"id":252867,"date":"2026-04-10T02:10:35","date_gmt":"2026-04-10T08:10:35","guid":{"rendered":"https:\/\/compuviper.mx\/tienda\/producto\/kaspersky-kl1041z5afs-standard-1-dispositivo-1-ao\/"},"modified":"2026-04-10T02:10:36","modified_gmt":"2026-04-10T08:10:36","slug":"kaspersky-kl1041z5afs-standard-1-dispositivo-1-ao-fisica","status":"publish","type":"product","link":"https:\/\/compuviper.mx\/tienda\/producto\/kaspersky-kl1041z5afs-standard-1-dispositivo-1-ao-fisica\/","title":{"rendered":"Kaspersky Kl1041z5afs  Standard 1 Dispositivo 1 A?o (fisica)"},"content":{"rendered":"<table class=\"descripcion\">\n<tr>\n<td>Mejora la protecci\u00f3n con el optimizador del rendimiento del dispositivo nuestro plan de seguridad est\u00e1ndar incluye el mejor motor de ciberseguridad contra virus, malware y ransomware. tambi\u00e9n cuenta con herramientas de rendimiento para eliminar software in\u00fatil, mantener tus aplicaciones actualizadas y hacer que tus dispositivos funcionen con rapidez y fluidez. \u0095 componente de seguridad avanzado con antiphishing y firewall incluidos \u0095 herramientas de limpieza y administraci\u00f3n de aplicaciones para optimizar el rendimiento \u0095 componente de safe money para cifrar tus pagos y transacciones en l\u00ednea<\/td>\n<\/tr>\n<\/table>\n","protected":false},"excerpt":{"rendered":"<p>Para todos los dispositivos. Se requiere conexi\u00f3n a internet para activar y actualizar el producto y para acceder a algunas caracter\u00edsticas. Se debe tener una cuenta de my kaspersky para utilizar el plan. La tecnolog\u00eda de control de c\u00e1mara web y micr\u00f3fono solo funciona en computadoras. Esta funci\u00f3n est\u00e1 disponible para una serie de c\u00e1maras web compatibles. Para ver la lista completa de dispositivos compatibles, visita https:\/\/support.Kaspersky.Com\/mx\/15783#cameras (para pc) y https:\/\/support.Kaspersky.Com\/mx\/15784#cameras (para mac. Equipos de escritorio y port\u00e1tiles con windows\u00ae (sistema con procesador x86. 1500 mb de espacio libre en el disco duro. Microsoft windows 11\u00b9 home\/pro\/enterprise. Procesador: 1 ghz o superior. Memoria (ram): 1 gb (32 bits) o 2 gb (64 bits. Resoluci\u00f3n m\u00ednima de pantalla: 1024 x 768. Equipos de escritorio y port\u00e1tiles mac?. 2635 mb de espacio libre en el disco duro. Memoria (ram): 2 gb. Macos\u00ae 15. Tablets y tel\u00e9fonos con android?. Android\u0099 12 \u0096 13. Resoluci\u00f3n m\u00ednima de pantalla: 320 x 480. Iphone y ipad. Ios\u00ae 17 \u0096 18. Recuerda que no hay compatibilidad con versiones beta o preliminares de sistemas operativos nuevos. El producto \u00fanicamente es compatible con versiones finales y que el desarrollador del sistema operativo haya publicado oficialmente. Si usas windows 11\/10, es posible que tengas que descargar e instalar todos los parches disponibles para tu software de seguridad kaspersky. El producto no est\u00e1 dise\u00f1ado para funcionar con las versiones windows 11\/10 mobile\/s\/education\/iot core. Es posible que algunas funciones del producto no funcionen en sistemas operativos de 64 bits. Visita https:\/\/support.Kaspersky.Com\/mx\/15781 para obtener m\u00e1s informaci\u00f3n. En la actualidad, las funciones de kaspersky standard for android pueden tener limitaciones en ciertos dispositivos. Visita https:\/\/support.Kaspersky.Com\/help\/kaspersky\/android_knownissues\/es-mx\/195522.Htm para obtener m\u00e1s informaci\u00f3n.<\/p>\n","protected":false},"featured_media":258396,"comment_status":"open","ping_status":"open","template":"","meta":[],"product_cat":[1828,1827],"product_tag":[1829],"acf":[],"yoast_head":"<!-- This site is optimized with the Yoast SEO plugin v21.7 - https:\/\/yoast.com\/wordpress\/plugins\/seo\/ -->\n<title>[ Kaspersky ] &#129351; Kl1041z5afs Standard 1 Dispositivo 1 A\u00f1o (fisica)<\/title>\n<meta name=\"description\" content=\"Compra Kl1041z5afs Standard 1 Dispositivo 1 A\u00f1o (fisica) + Env\u00edo a domicilio + Pago seguro + Garant\u00eda\" \/>\n<meta name=\"robots\" content=\"index, follow, max-snippet:-1, max-image-preview:large, max-video-preview:-1\" \/>\n<link rel=\"canonical\" href=\"https:\/\/compuviper.mx\/tienda\/producto\/kaspersky-kl1041z5afs-standard-1-dispositivo-1-ao-fisica\/\" \/>\n<meta property=\"og:locale\" content=\"es_MX\" \/>\n<meta property=\"og:type\" content=\"article\" \/>\n<meta property=\"og:title\" content=\"[ Kaspersky ] &#129351; Kl1041z5afs Standard 1 Dispositivo 1 A\u00f1o (fisica)\" \/>\n<meta property=\"og:description\" content=\"Compra Kl1041z5afs Standard 1 Dispositivo 1 A\u00f1o (fisica) + Env\u00edo a domicilio + Pago seguro + Garant\u00eda\" \/>\n<meta property=\"og:url\" content=\"https:\/\/compuviper.mx\/tienda\/producto\/kaspersky-kl1041z5afs-standard-1-dispositivo-1-ao-fisica\/\" \/>\n<meta property=\"og:site_name\" content=\"Compuviper\" \/>\n<meta property=\"article:publisher\" content=\"https:\/\/www.facebook.com\/compuviper\" \/>\n<meta property=\"article:modified_time\" content=\"2026-04-10T08:10:36+00:00\" \/>\n<meta property=\"og:image\" content=\"https:\/\/compuviper.mx\/tienda\/wp-content\/uploads\/2025\/10\/Kaspersky-standard-1-dispositivo-1-ano.jpg\" \/>\n\t<meta property=\"og:image:width\" content=\"200\" \/>\n\t<meta property=\"og:image:height\" content=\"200\" \/>\n\t<meta property=\"og:image:type\" content=\"image\/jpeg\" \/>\n<meta name=\"twitter:card\" content=\"summary_large_image\" \/>\n<meta name=\"twitter:label1\" content=\"Precio\" \/>\n\t<meta name=\"twitter:data1\" content=\"&#36;307 con IVA\" \/>\n\t<meta name=\"twitter:label2\" content=\"Availability\" \/>\n\t<meta name=\"twitter:data2\" content=\"In stock\" \/>\n<script type=\"application\/ld+json\" class=\"yoast-schema-graph\">{\"@context\":\"https:\/\/schema.org\",\"@graph\":[{\"@type\":\"WebPage\",\"@id\":\"https:\/\/compuviper.mx\/tienda\/producto\/kaspersky-kl1041z5afs-standard-1-dispositivo-1-ao-fisica\/\",\"url\":\"https:\/\/compuviper.mx\/tienda\/producto\/kaspersky-kl1041z5afs-standard-1-dispositivo-1-ao-fisica\/\",\"name\":\"[ Kaspersky ] &#129351; Kl1041z5afs Standard 1 Dispositivo 1 A\u00f1o (fisica)\",\"isPartOf\":{\"@id\":\"https:\/\/compuviper.mx\/tienda\/#website\"},\"datePublished\":\"2026-04-10T08:10:35+00:00\",\"dateModified\":\"2026-04-10T08:10:36+00:00\",\"description\":\"Compra Kl1041z5afs Standard 1 Dispositivo 1 A\u00f1o (fisica) + Env\u00edo a domicilio + Pago seguro + Garant\u00eda\",\"breadcrumb\":{\"@id\":\"https:\/\/compuviper.mx\/tienda\/producto\/kaspersky-kl1041z5afs-standard-1-dispositivo-1-ao-fisica\/#breadcrumb\"},\"inLanguage\":\"es-MX\",\"potentialAction\":[{\"@type\":\"ReadAction\",\"target\":[\"https:\/\/compuviper.mx\/tienda\/producto\/kaspersky-kl1041z5afs-standard-1-dispositivo-1-ao-fisica\/\"]}]},{\"@type\":\"BreadcrumbList\",\"@id\":\"https:\/\/compuviper.mx\/tienda\/producto\/kaspersky-kl1041z5afs-standard-1-dispositivo-1-ao-fisica\/#breadcrumb\",\"itemListElement\":[{\"@type\":\"ListItem\",\"position\":1,\"name\":\"Inicio\",\"item\":\"https:\/\/compuviper.mx\/tienda\/\"},{\"@type\":\"ListItem\",\"position\":2,\"name\":\"Productos\",\"item\":\"https:\/\/compuviper.mx\/tienda\/productos\/\"},{\"@type\":\"ListItem\",\"position\":3,\"name\":\"Software\",\"item\":\"https:\/\/compuviper.mx\/tienda\/categoria-producto\/software\/\"},{\"@type\":\"ListItem\",\"position\":4,\"name\":\"Licenciamiento Caja\",\"item\":\"https:\/\/compuviper.mx\/tienda\/categoria-producto\/software\/licenciamiento-caja\/\"},{\"@type\":\"ListItem\",\"position\":5,\"name\":\"Kaspersky Kl1041z5afs Standard 1 Dispositivo 1 A?o (fisica)\"}]},{\"@type\":\"WebSite\",\"@id\":\"https:\/\/compuviper.mx\/tienda\/#website\",\"url\":\"https:\/\/compuviper.mx\/tienda\/\",\"name\":\"Compuviper\",\"description\":\"Proveedor de Computadoras, Laptops, Servidores, Monitores, Puntos de Venta, Teclados,   Impresoras, T\u00f3ner, C\u00e1maras de Seguridad y m\u00e1s en tu tienda en l\u00ednea\",\"publisher\":{\"@id\":\"https:\/\/compuviper.mx\/tienda\/#organization\"},\"potentialAction\":[{\"@type\":\"SearchAction\",\"target\":{\"@type\":\"EntryPoint\",\"urlTemplate\":\"https:\/\/compuviper.mx\/tienda\/?s={search_term_string}\"},\"query-input\":\"required name=search_term_string\"}],\"inLanguage\":\"es-MX\"},{\"@type\":\"Organization\",\"@id\":\"https:\/\/compuviper.mx\/tienda\/#organization\",\"name\":\"Compuviper\",\"url\":\"https:\/\/compuviper.mx\/tienda\/\",\"logo\":{\"@type\":\"ImageObject\",\"inLanguage\":\"es-MX\",\"@id\":\"https:\/\/compuviper.mx\/tienda\/#\/schema\/logo\/image\/\",\"url\":\"https:\/\/compuviper.mx\/tienda\/wp-content\/uploads\/2021\/08\/Logo-Compuviper-10.png\",\"contentUrl\":\"https:\/\/compuviper.mx\/tienda\/wp-content\/uploads\/2021\/08\/Logo-Compuviper-10.png\",\"width\":1000,\"height\":500,\"caption\":\"Compuviper\"},\"image\":{\"@id\":\"https:\/\/compuviper.mx\/tienda\/#\/schema\/logo\/image\/\"},\"sameAs\":[\"https:\/\/www.facebook.com\/compuviper\",\"https:\/\/www.youtube.com\/channel\/UCf73dERp9Y3cfOq7q8BhLjA?view_as=subscriber\"]}]}<\/script>\n<meta property=\"product:brand\" content=\"KASPERSKY\" \/>\n<meta property=\"product:price:amount\" content=\"307\" \/>\n<meta property=\"product:price:currency\" content=\"MXN\" \/>\n<meta property=\"og:availability\" content=\"instock\" \/>\n<meta property=\"product:availability\" content=\"instock\" \/>\n<meta property=\"product:retailer_item_id\" content=\"KL1041Z5AFS\" \/>\n<meta property=\"product:condition\" content=\"new\" \/>\n<!-- \/ Yoast SEO plugin. -->","yoast_head_json":{"title":"[ Kaspersky ] &#129351; Kl1041z5afs Standard 1 Dispositivo 1 A\u00f1o (fisica)","description":"Compra Kl1041z5afs Standard 1 Dispositivo 1 A\u00f1o (fisica) + Env\u00edo a domicilio + Pago seguro + Garant\u00eda","robots":{"index":"index","follow":"follow","max-snippet":"max-snippet:-1","max-image-preview":"max-image-preview:large","max-video-preview":"max-video-preview:-1"},"canonical":"https:\/\/compuviper.mx\/tienda\/producto\/kaspersky-kl1041z5afs-standard-1-dispositivo-1-ao-fisica\/","og_locale":"es_MX","og_type":"article","og_title":"[ Kaspersky ] &#129351; Kl1041z5afs Standard 1 Dispositivo 1 A\u00f1o (fisica)","og_description":"Compra Kl1041z5afs Standard 1 Dispositivo 1 A\u00f1o (fisica) + Env\u00edo a domicilio + Pago seguro + Garant\u00eda","og_url":"https:\/\/compuviper.mx\/tienda\/producto\/kaspersky-kl1041z5afs-standard-1-dispositivo-1-ao-fisica\/","og_site_name":"Compuviper","article_publisher":"https:\/\/www.facebook.com\/compuviper","article_modified_time":"2026-04-10T08:10:36+00:00","og_image":[{"width":200,"height":200,"url":"https:\/\/compuviper.mx\/tienda\/wp-content\/uploads\/2025\/10\/Kaspersky-standard-1-dispositivo-1-ano.jpg","type":"image\/jpeg"}],"twitter_card":"summary_large_image","twitter_misc":{"Precio":"&#36;307 con IVA","Availability":"In stock"},"schema":{"@context":"https:\/\/schema.org","@graph":[{"@type":"WebPage","@id":"https:\/\/compuviper.mx\/tienda\/producto\/kaspersky-kl1041z5afs-standard-1-dispositivo-1-ao-fisica\/","url":"https:\/\/compuviper.mx\/tienda\/producto\/kaspersky-kl1041z5afs-standard-1-dispositivo-1-ao-fisica\/","name":"[ Kaspersky ] &#129351; Kl1041z5afs Standard 1 Dispositivo 1 A\u00f1o (fisica)","isPartOf":{"@id":"https:\/\/compuviper.mx\/tienda\/#website"},"datePublished":"2026-04-10T08:10:35+00:00","dateModified":"2026-04-10T08:10:36+00:00","description":"Compra Kl1041z5afs Standard 1 Dispositivo 1 A\u00f1o (fisica) + Env\u00edo a domicilio + Pago seguro + Garant\u00eda","breadcrumb":{"@id":"https:\/\/compuviper.mx\/tienda\/producto\/kaspersky-kl1041z5afs-standard-1-dispositivo-1-ao-fisica\/#breadcrumb"},"inLanguage":"es-MX","potentialAction":[{"@type":"ReadAction","target":["https:\/\/compuviper.mx\/tienda\/producto\/kaspersky-kl1041z5afs-standard-1-dispositivo-1-ao-fisica\/"]}]},{"@type":"BreadcrumbList","@id":"https:\/\/compuviper.mx\/tienda\/producto\/kaspersky-kl1041z5afs-standard-1-dispositivo-1-ao-fisica\/#breadcrumb","itemListElement":[{"@type":"ListItem","position":1,"name":"Inicio","item":"https:\/\/compuviper.mx\/tienda\/"},{"@type":"ListItem","position":2,"name":"Productos","item":"https:\/\/compuviper.mx\/tienda\/productos\/"},{"@type":"ListItem","position":3,"name":"Software","item":"https:\/\/compuviper.mx\/tienda\/categoria-producto\/software\/"},{"@type":"ListItem","position":4,"name":"Licenciamiento Caja","item":"https:\/\/compuviper.mx\/tienda\/categoria-producto\/software\/licenciamiento-caja\/"},{"@type":"ListItem","position":5,"name":"Kaspersky Kl1041z5afs Standard 1 Dispositivo 1 A?o (fisica)"}]},{"@type":"WebSite","@id":"https:\/\/compuviper.mx\/tienda\/#website","url":"https:\/\/compuviper.mx\/tienda\/","name":"Compuviper","description":"Proveedor de Computadoras, Laptops, Servidores, Monitores, Puntos de Venta, Teclados,   Impresoras, T\u00f3ner, C\u00e1maras de Seguridad y m\u00e1s en tu tienda en l\u00ednea","publisher":{"@id":"https:\/\/compuviper.mx\/tienda\/#organization"},"potentialAction":[{"@type":"SearchAction","target":{"@type":"EntryPoint","urlTemplate":"https:\/\/compuviper.mx\/tienda\/?s={search_term_string}"},"query-input":"required name=search_term_string"}],"inLanguage":"es-MX"},{"@type":"Organization","@id":"https:\/\/compuviper.mx\/tienda\/#organization","name":"Compuviper","url":"https:\/\/compuviper.mx\/tienda\/","logo":{"@type":"ImageObject","inLanguage":"es-MX","@id":"https:\/\/compuviper.mx\/tienda\/#\/schema\/logo\/image\/","url":"https:\/\/compuviper.mx\/tienda\/wp-content\/uploads\/2021\/08\/Logo-Compuviper-10.png","contentUrl":"https:\/\/compuviper.mx\/tienda\/wp-content\/uploads\/2021\/08\/Logo-Compuviper-10.png","width":1000,"height":500,"caption":"Compuviper"},"image":{"@id":"https:\/\/compuviper.mx\/tienda\/#\/schema\/logo\/image\/"},"sameAs":["https:\/\/www.facebook.com\/compuviper","https:\/\/www.youtube.com\/channel\/UCf73dERp9Y3cfOq7q8BhLjA?view_as=subscriber"]}]},"product_brand":"KASPERSKY","product_price_amount":"307","product_price_currency":"MXN","og_availability":"instock","product_availability":"instock","product_retailer_item_id":"KL1041Z5AFS","product_condition":"new"},"_links":{"self":[{"href":"https:\/\/compuviper.mx\/tienda\/wp-json\/wp\/v2\/product\/252867"}],"collection":[{"href":"https:\/\/compuviper.mx\/tienda\/wp-json\/wp\/v2\/product"}],"about":[{"href":"https:\/\/compuviper.mx\/tienda\/wp-json\/wp\/v2\/types\/product"}],"replies":[{"embeddable":true,"href":"https:\/\/compuviper.mx\/tienda\/wp-json\/wp\/v2\/comments?post=252867"}],"wp:featuredmedia":[{"embeddable":true,"href":"https:\/\/compuviper.mx\/tienda\/wp-json\/wp\/v2\/media\/258396"}],"wp:attachment":[{"href":"https:\/\/compuviper.mx\/tienda\/wp-json\/wp\/v2\/media?parent=252867"}],"wp:term":[{"taxonomy":"product_cat","embeddable":true,"href":"https:\/\/compuviper.mx\/tienda\/wp-json\/wp\/v2\/product_cat?post=252867"},{"taxonomy":"product_tag","embeddable":true,"href":"https:\/\/compuviper.mx\/tienda\/wp-json\/wp\/v2\/product_tag?post=252867"}],"curies":[{"name":"wp","href":"https:\/\/api.w.org\/{rel}","templated":true}]}}