{"id":252818,"date":"2026-04-16T00:11:05","date_gmt":"2026-04-16T06:11:05","guid":{"rendered":"https:\/\/compuviper.mx\/tienda\/producto\/manhattan-715959-gabinetesdecarga-gabinete-profesional-de-carga-con-20-puertos-usb-c-360-w\/"},"modified":"2026-04-16T00:11:06","modified_gmt":"2026-04-16T06:11:06","slug":"manhattan-715959-gabinetesdecarga-gabinete-profesional-de-carga-con-20-puertos-usb-c-360-w","status":"publish","type":"product","link":"https:\/\/compuviper.mx\/tienda\/producto\/manhattan-715959-gabinetesdecarga-gabinete-profesional-de-carga-con-20-puertos-usb-c-360-w\/","title":{"rendered":"Manhattan 715959 Gabinetesdecarga\/\/\/gabinete Profesional De Carga Con 20 Puertos Usb-c &#8211; 360 W"},"content":{"rendered":"<table class=\"descripcion\">\n<tr>\n<td>Est\u00e1ndares y certificaciones<\/td>\n<\/tr>\n<tr>\n<td>Pd 3.0<\/td>\n<\/tr>\n<tr>\n<td>Ce<\/td>\n<\/tr>\n<tr>\n<td>Rohs<\/td>\n<\/tr>\n<tr>\n<td>El\u00e9ctrico:<\/td>\n<\/tr>\n<tr>\n<td>Entrada ac: 110 &#8211; 240 v; 16 a; 50 -60 hz<\/td>\n<\/tr>\n<tr>\n<td>Salida usb-c: 5 &#8211; 12 v; m\u00e1ximo 3 a; 18 w; 20 puertos de salida con 360 w en total.<\/td>\n<\/tr>\n<tr>\n<td>Ajustes de voltaje\/corriente (m\u00e1ximo):<\/td>\n<\/tr>\n<tr>\n<td>&#8211; usb-c:<\/td>\n<\/tr>\n<tr>\n<td>&#8211; 5 v \/ 3 a<\/td>\n<\/tr>\n<tr>\n<td>&#8211; 9 v \/ 2 a<\/td>\n<\/tr>\n<tr>\n<td>&#8211; 12 v \/ 1.5 a<\/td>\n<\/tr>\n<tr>\n<td>Tipo de interruptor autom\u00e1tico: mcb<\/td>\n<\/tr>\n<tr>\n<td>Hecho para tabletas y dispositivos port\u00e1tiles<\/td>\n<\/tr>\n<tr>\n<td>Caracter\u00edsticas de protecci\u00f3n<\/td>\n<\/tr>\n<tr>\n<td>Cortocircuito (scp) con modo de recuperaci\u00f3n autom\u00e1tica<\/td>\n<\/tr>\n<tr>\n<td>Sobrevoltaje (ovp) con modo de autorrecuperaci\u00f3n<\/td>\n<\/tr>\n<tr>\n<td>Sobrecorriente (ocp) \u0097 l\u00edmite de corriente: 150% (m\u00e1x.)<\/td>\n<\/tr>\n<tr>\n<td>Dise\u00f1o<\/td>\n<\/tr>\n<tr>\n<td>Bot\u00f3n on\/off<\/td>\n<\/tr>\n<tr>\n<td>Indicadores led de status<\/td>\n<\/tr>\n<tr>\n<td>Puerta doble dividida verticalmente<\/td>\n<\/tr>\n<tr>\n<td>Carcasa: 1 &#8211; 1.5 mm acero laminado en fr\u00edo<\/td>\n<\/tr>\n<tr>\n<td>Dimensiones exteriores del gabinete: 370 (prof) x 610 (an) x 345 (al) mm (14.57 x 24.02 x 13.58 pulg.)<\/td>\n<\/tr>\n<tr>\n<td>Dimensiones de la bah\u00eda (20): 264 (p) x 22 (an) x 235 (al) mm (10.39 x 0.87 x 9.25 pulg.)<\/td>\n<\/tr>\n<tr>\n<td>Longitud del cable de alimentaci\u00f3n de ca: 2 m<\/td>\n<\/tr>\n<tr>\n<td>Peso neto: 19 kg (41.89 libras)<\/td>\n<\/tr>\n<tr>\n<td>Peso bruto: 22 kg (48.5 lbs.)<\/td>\n<\/tr>\n<tr>\n<td>Ambiente de operaci\u00f3n<\/td>\n<\/tr>\n<tr>\n<td>Temperatura de funcionamiento: 0 &#8211; 45\u00b0c (32 &#8211; 113\u00b0f)<\/td>\n<\/tr>\n<tr>\n<td>Temperatura de almacenamiento: -15 &#8211; 45\u00b0c (-5 &#8211; 113\u00b0f)<\/td>\n<\/tr>\n<tr>\n<td>Humedad (sin condensaci\u00f3n): 20 &#8211; 80%<\/td>\n<\/tr>\n<tr>\n<td>Contenido del paquete<\/td>\n<\/tr>\n<tr>\n<td>Gabinete profesional de carga con 20 puertos usb-c &#8211; 360 w<\/td>\n<\/tr>\n<tr>\n<td>Cable de alimentaci\u00f3n de ca, 2 m<\/td>\n<\/tr>\n<tr>\n<td>Dos llaves de puerta<\/td>\n<\/tr>\n<tr>\n<td>Instrucciones<\/td>\n<\/tr>\n<tr>\n<td>Nota: si el gabinete no se enciende, restablezca el switch azul de fusibles ubicado en el lado derecho de la carcasa. en los modelos anteriores sin este switch, retire la tapa trasera de la carcasa para acceder a \u00e9l.<\/td>\n<\/tr>\n<\/table>\n","protected":false},"excerpt":{"rendered":"<p>Gabinete de carga: una soluci\u00f3n de carga para entornos de hosteler\u00eda, educativos y m\u00e1s. Los visitantes, hu\u00e9spedes y empleados llevan sus dispositivos m\u00f3viles a todo tipo de lugares. Ofrezca a su personal una forma segura de cargar las bater\u00edas agotadas de sus tel\u00e9fonos inteligentes o tabletas con el gabinete de carga de escritorio de 20 puertos &#8211; 360 w de manhattan. Es la soluci\u00f3n de carga ideal para restaurantes, escuelas, gimnasios, consultorios m\u00e9dicos, universidades, hoteles, agencias de alquiler de autom\u00f3viles y m\u00e1s. Carga r\u00e1pida con seguridad de dispositivo de \u00faltima generaci\u00f3n y sin cargadores de pared. Los usuarios quieren recuperar sus dispositivos m\u00f3viles r\u00e1pidamente. Gracias a la tecnolog\u00eda power delivery 3.0 en los 20 puertos usb-c, no tendr\u00e1n que esperar mucho. Con una potencia por puerto de hasta 3 a \/ 18 w, los tel\u00e9fonos inteligentes, tabletas y otros dispositivos usb estar\u00e1n listos para usar en poco tiempo. Los led montados en el frente le muestran cu\u00e1ndo una bater\u00eda est\u00e1 completamente cargada. Todos estos dispositivos costosos implican mucha responsabilidad, pero los mecanismos de seguridad de este gabinete son igual de amplios. Este gabinete de carga ofrece protecci\u00f3n contra sobrecargas, sobrecorrientes, cortocircuitos, picos de voltaje e incluso rayos. La seguridad f\u00edsica es clave. Los ladrones y los v\u00e1ndalos no tienen ninguna posibilidad contra la carcasa de metal resistente y duradera de este gabinete de carga. Ci\u00e9rrelo de forma segura con el juego de llaves de 2 piezas incluido y permita el acceso solo al personal autorizado. Su puerta dividida verticalmente requiere menos espacio para abrirse en \u00e1reas confinadas. Un ventilador incorporado y ranuras de ventilaci\u00f3n disipan el calor y mantienen todos los dispositivos frescos. Las patas de goma evitan que el gabinete se deslice sobre cualquier superficie. Organizado y vers\u00e1til. Mant\u00e9n tus dispositivos organizados en los 20 compartimentos con 264 (pr) x 22 (an) x 235 (al) mm \/ 10.39 x 0.87 x 9.25 pulgadas cada uno. Utilice la gesti\u00f3n de cables integrada en los divisores para estructurar sus cables de carga (por ejemplo, #356213 o #354868 de manhattan). Como este gabinete de carga de escritorio cuenta con puertos usb-c en lugar de tomas de ca, no necesita cargadores de pared adicionales. La entrada de ca en la parte posterior es un conector c20 que le permite reemplazar el cable de alimentaci\u00f3n incluido con otros cables seg\u00fan su regi\u00f3n. Carga r\u00e1pidamente y almacena de forma segura hasta 20 dispositivos inteligentes como tabletas, y otros dispositivos usb. Puertos de carga usb-c (pd 3.0) con potencia de hasta 3 a \/ 18 w por puerto y 360 w en total. Protecci\u00f3n contra sobrecarga, sobre corriente, cortocircuito, picos de voltaje y rayos. Carcasa de metal resistente, segura y con recubrimiento de polvo; bloqueable con dos llaves incluidas. Seguridad incorporada con fusible entre la red el\u00e9ctrica y la fuente de alimentaci\u00f3n. Compartimientos espaciosos (264 x 22 x 235 mm cada uno) con gesti\u00f3n de cables integrada en los divisores. Adecuado para el ipad\u00ae 10.9, ipad\u00ae air 11 y ipad\u00ae pro 11. Ventilador silencioso con ranuras de ventilaci\u00f3n para un flujo de aire y m\u00e1xima eficiencia de enfriamiento. Puerta doble dividida verticalmente ideal para espacios reducidos. Leds indicadores para un f\u00e1cil monitoreo. Patas de goma antideslizantes para uso en escritorio. No es apilable. Entrada de ca universal con conector c20; cable de alimentaci\u00f3n c19 a cee 7\/4 eu incluido, intercambiable para diferentes versiones regionales. Ideal para usar con cables de carga usb-c manhattan como el sku356213 o el sku354868. Tres a\u00f1os de garant\u00eda* (*preguntar el tiempo de garant\u00eda en cada pa\u00eds)<\/p>\n","protected":false},"featured_media":259287,"comment_status":"open","ping_status":"open","template":"","meta":[],"product_cat":[2167,1674],"product_tag":[1487],"acf":[],"yoast_head":"<!-- This site is optimized with the Yoast SEO plugin v21.7 - https:\/\/yoast.com\/wordpress\/plugins\/seo\/ -->\n<title>[ Manhattan ] &#129351; 715959 Gabinetesdecarga\/\/\/gabinete Profesional De Carga Con 20 Puertos Usb-c - 360 W<\/title>\n<meta name=\"description\" content=\"Compra 715959 Gabinetesdecarga\/\/\/gabinete Profesional De Carga Con 20 Puertos Usb-c - 360 W + Env\u00edo a domicilio + Pago seguro + Garant\u00eda\" \/>\n<meta name=\"robots\" content=\"index, follow, max-snippet:-1, max-image-preview:large, max-video-preview:-1\" \/>\n<link rel=\"canonical\" href=\"https:\/\/compuviper.mx\/tienda\/producto\/manhattan-715959-gabinetesdecarga-gabinete-profesional-de-carga-con-20-puertos-usb-c-360-w\/\" \/>\n<meta property=\"og:locale\" content=\"es_MX\" \/>\n<meta property=\"og:type\" content=\"article\" \/>\n<meta property=\"og:title\" content=\"[ Manhattan ] &#129351; 715959 Gabinetesdecarga\/\/\/gabinete Profesional De Carga Con 20 Puertos Usb-c - 360 W\" \/>\n<meta property=\"og:description\" content=\"Compra 715959 Gabinetesdecarga\/\/\/gabinete Profesional De Carga Con 20 Puertos Usb-c - 360 W + Env\u00edo a domicilio + Pago seguro + Garant\u00eda\" \/>\n<meta property=\"og:url\" content=\"https:\/\/compuviper.mx\/tienda\/producto\/manhattan-715959-gabinetesdecarga-gabinete-profesional-de-carga-con-20-puertos-usb-c-360-w\/\" \/>\n<meta property=\"og:site_name\" content=\"Compuviper\" \/>\n<meta property=\"article:publisher\" content=\"https:\/\/www.facebook.com\/compuviper\" \/>\n<meta property=\"article:modified_time\" content=\"2026-04-16T06:11:06+00:00\" \/>\n<meta property=\"og:image\" content=\"https:\/\/compuviper.mx\/tienda\/wp-content\/uploads\/2025\/10\/Gabinetesdecargamanhattan715959gabinete-profesional-de-carga-con-20-puertos-usb-c-360-w.jpg\" \/>\n\t<meta property=\"og:image:width\" content=\"200\" \/>\n\t<meta property=\"og:image:height\" content=\"200\" \/>\n\t<meta property=\"og:image:type\" content=\"image\/jpeg\" \/>\n<meta name=\"twitter:card\" content=\"summary_large_image\" \/>\n<meta name=\"twitter:label1\" content=\"Precio\" \/>\n\t<meta name=\"twitter:data1\" content=\"&#36;13,895 con IVA\" \/>\n\t<meta name=\"twitter:label2\" content=\"Availability\" \/>\n\t<meta name=\"twitter:data2\" content=\"Out of stock\" \/>\n<script type=\"application\/ld+json\" class=\"yoast-schema-graph\">{\"@context\":\"https:\/\/schema.org\",\"@graph\":[{\"@type\":\"WebPage\",\"@id\":\"https:\/\/compuviper.mx\/tienda\/producto\/manhattan-715959-gabinetesdecarga-gabinete-profesional-de-carga-con-20-puertos-usb-c-360-w\/\",\"url\":\"https:\/\/compuviper.mx\/tienda\/producto\/manhattan-715959-gabinetesdecarga-gabinete-profesional-de-carga-con-20-puertos-usb-c-360-w\/\",\"name\":\"[ Manhattan ] &#129351; 715959 Gabinetesdecarga\/\/\/gabinete Profesional De Carga Con 20 Puertos Usb-c - 360 W\",\"isPartOf\":{\"@id\":\"https:\/\/compuviper.mx\/tienda\/#website\"},\"datePublished\":\"2026-04-16T06:11:05+00:00\",\"dateModified\":\"2026-04-16T06:11:06+00:00\",\"description\":\"Compra 715959 Gabinetesdecarga\/\/\/gabinete Profesional De Carga Con 20 Puertos Usb-c - 360 W + Env\u00edo a domicilio + Pago seguro + Garant\u00eda\",\"breadcrumb\":{\"@id\":\"https:\/\/compuviper.mx\/tienda\/producto\/manhattan-715959-gabinetesdecarga-gabinete-profesional-de-carga-con-20-puertos-usb-c-360-w\/#breadcrumb\"},\"inLanguage\":\"es-MX\",\"potentialAction\":[{\"@type\":\"ReadAction\",\"target\":[\"https:\/\/compuviper.mx\/tienda\/producto\/manhattan-715959-gabinetesdecarga-gabinete-profesional-de-carga-con-20-puertos-usb-c-360-w\/\"]}]},{\"@type\":\"BreadcrumbList\",\"@id\":\"https:\/\/compuviper.mx\/tienda\/producto\/manhattan-715959-gabinetesdecarga-gabinete-profesional-de-carga-con-20-puertos-usb-c-360-w\/#breadcrumb\",\"itemListElement\":[{\"@type\":\"ListItem\",\"position\":1,\"name\":\"Inicio\",\"item\":\"https:\/\/compuviper.mx\/tienda\/\"},{\"@type\":\"ListItem\",\"position\":2,\"name\":\"Productos\",\"item\":\"https:\/\/compuviper.mx\/tienda\/productos\/\"},{\"@type\":\"ListItem\",\"position\":3,\"name\":\"Gabinetes\",\"item\":\"https:\/\/compuviper.mx\/tienda\/categoria-producto\/gabinetes\/\"},{\"@type\":\"ListItem\",\"position\":4,\"name\":\"Sin Categor\u00eda\",\"item\":\"https:\/\/compuviper.mx\/tienda\/categoria-producto\/gabinetes\/sin-categoria-gabinetes\/\"},{\"@type\":\"ListItem\",\"position\":5,\"name\":\"Manhattan 715959 Gabinetesdecarga\/\/\/gabinete Profesional De Carga Con 20 Puertos Usb-c &#8211; 360 W\"}]},{\"@type\":\"WebSite\",\"@id\":\"https:\/\/compuviper.mx\/tienda\/#website\",\"url\":\"https:\/\/compuviper.mx\/tienda\/\",\"name\":\"Compuviper\",\"description\":\"Proveedor de Computadoras, Laptops, Servidores, Monitores, Puntos de Venta, Teclados,   Impresoras, T\u00f3ner, C\u00e1maras de Seguridad y m\u00e1s en tu tienda en l\u00ednea\",\"publisher\":{\"@id\":\"https:\/\/compuviper.mx\/tienda\/#organization\"},\"potentialAction\":[{\"@type\":\"SearchAction\",\"target\":{\"@type\":\"EntryPoint\",\"urlTemplate\":\"https:\/\/compuviper.mx\/tienda\/?s={search_term_string}\"},\"query-input\":\"required name=search_term_string\"}],\"inLanguage\":\"es-MX\"},{\"@type\":\"Organization\",\"@id\":\"https:\/\/compuviper.mx\/tienda\/#organization\",\"name\":\"Compuviper\",\"url\":\"https:\/\/compuviper.mx\/tienda\/\",\"logo\":{\"@type\":\"ImageObject\",\"inLanguage\":\"es-MX\",\"@id\":\"https:\/\/compuviper.mx\/tienda\/#\/schema\/logo\/image\/\",\"url\":\"https:\/\/compuviper.mx\/tienda\/wp-content\/uploads\/2021\/08\/Logo-Compuviper-10.png\",\"contentUrl\":\"https:\/\/compuviper.mx\/tienda\/wp-content\/uploads\/2021\/08\/Logo-Compuviper-10.png\",\"width\":1000,\"height\":500,\"caption\":\"Compuviper\"},\"image\":{\"@id\":\"https:\/\/compuviper.mx\/tienda\/#\/schema\/logo\/image\/\"},\"sameAs\":[\"https:\/\/www.facebook.com\/compuviper\",\"https:\/\/www.youtube.com\/channel\/UCf73dERp9Y3cfOq7q8BhLjA?view_as=subscriber\"]}]}<\/script>\n<meta property=\"product:brand\" content=\"MANHATTAN\" \/>\n<meta property=\"product:price:amount\" content=\"13895\" \/>\n<meta property=\"product:price:currency\" content=\"MXN\" \/>\n<meta property=\"og:availability\" content=\"out of stock\" \/>\n<meta property=\"product:availability\" content=\"out of stock\" \/>\n<meta property=\"product:retailer_item_id\" content=\"715959\" \/>\n<meta property=\"product:condition\" content=\"new\" \/>\n<!-- \/ Yoast SEO plugin. -->","yoast_head_json":{"title":"[ Manhattan ] &#129351; 715959 Gabinetesdecarga\/\/\/gabinete Profesional De Carga Con 20 Puertos Usb-c - 360 W","description":"Compra 715959 Gabinetesdecarga\/\/\/gabinete Profesional De Carga Con 20 Puertos Usb-c - 360 W + Env\u00edo a domicilio + Pago seguro + Garant\u00eda","robots":{"index":"index","follow":"follow","max-snippet":"max-snippet:-1","max-image-preview":"max-image-preview:large","max-video-preview":"max-video-preview:-1"},"canonical":"https:\/\/compuviper.mx\/tienda\/producto\/manhattan-715959-gabinetesdecarga-gabinete-profesional-de-carga-con-20-puertos-usb-c-360-w\/","og_locale":"es_MX","og_type":"article","og_title":"[ Manhattan ] &#129351; 715959 Gabinetesdecarga\/\/\/gabinete Profesional De Carga Con 20 Puertos Usb-c - 360 W","og_description":"Compra 715959 Gabinetesdecarga\/\/\/gabinete Profesional De Carga Con 20 Puertos Usb-c - 360 W + Env\u00edo a domicilio + Pago seguro + Garant\u00eda","og_url":"https:\/\/compuviper.mx\/tienda\/producto\/manhattan-715959-gabinetesdecarga-gabinete-profesional-de-carga-con-20-puertos-usb-c-360-w\/","og_site_name":"Compuviper","article_publisher":"https:\/\/www.facebook.com\/compuviper","article_modified_time":"2026-04-16T06:11:06+00:00","og_image":[{"width":200,"height":200,"url":"https:\/\/compuviper.mx\/tienda\/wp-content\/uploads\/2025\/10\/Gabinetesdecargamanhattan715959gabinete-profesional-de-carga-con-20-puertos-usb-c-360-w.jpg","type":"image\/jpeg"}],"twitter_card":"summary_large_image","twitter_misc":{"Precio":"&#36;13,895 con IVA","Availability":"Out of stock"},"schema":{"@context":"https:\/\/schema.org","@graph":[{"@type":"WebPage","@id":"https:\/\/compuviper.mx\/tienda\/producto\/manhattan-715959-gabinetesdecarga-gabinete-profesional-de-carga-con-20-puertos-usb-c-360-w\/","url":"https:\/\/compuviper.mx\/tienda\/producto\/manhattan-715959-gabinetesdecarga-gabinete-profesional-de-carga-con-20-puertos-usb-c-360-w\/","name":"[ Manhattan ] &#129351; 715959 Gabinetesdecarga\/\/\/gabinete Profesional De Carga Con 20 Puertos Usb-c - 360 W","isPartOf":{"@id":"https:\/\/compuviper.mx\/tienda\/#website"},"datePublished":"2026-04-16T06:11:05+00:00","dateModified":"2026-04-16T06:11:06+00:00","description":"Compra 715959 Gabinetesdecarga\/\/\/gabinete Profesional De Carga Con 20 Puertos Usb-c - 360 W + Env\u00edo a domicilio + Pago seguro + Garant\u00eda","breadcrumb":{"@id":"https:\/\/compuviper.mx\/tienda\/producto\/manhattan-715959-gabinetesdecarga-gabinete-profesional-de-carga-con-20-puertos-usb-c-360-w\/#breadcrumb"},"inLanguage":"es-MX","potentialAction":[{"@type":"ReadAction","target":["https:\/\/compuviper.mx\/tienda\/producto\/manhattan-715959-gabinetesdecarga-gabinete-profesional-de-carga-con-20-puertos-usb-c-360-w\/"]}]},{"@type":"BreadcrumbList","@id":"https:\/\/compuviper.mx\/tienda\/producto\/manhattan-715959-gabinetesdecarga-gabinete-profesional-de-carga-con-20-puertos-usb-c-360-w\/#breadcrumb","itemListElement":[{"@type":"ListItem","position":1,"name":"Inicio","item":"https:\/\/compuviper.mx\/tienda\/"},{"@type":"ListItem","position":2,"name":"Productos","item":"https:\/\/compuviper.mx\/tienda\/productos\/"},{"@type":"ListItem","position":3,"name":"Gabinetes","item":"https:\/\/compuviper.mx\/tienda\/categoria-producto\/gabinetes\/"},{"@type":"ListItem","position":4,"name":"Sin Categor\u00eda","item":"https:\/\/compuviper.mx\/tienda\/categoria-producto\/gabinetes\/sin-categoria-gabinetes\/"},{"@type":"ListItem","position":5,"name":"Manhattan 715959 Gabinetesdecarga\/\/\/gabinete Profesional De Carga Con 20 Puertos Usb-c &#8211; 360 W"}]},{"@type":"WebSite","@id":"https:\/\/compuviper.mx\/tienda\/#website","url":"https:\/\/compuviper.mx\/tienda\/","name":"Compuviper","description":"Proveedor de Computadoras, Laptops, Servidores, Monitores, Puntos de Venta, Teclados,   Impresoras, T\u00f3ner, C\u00e1maras de Seguridad y m\u00e1s en tu tienda en l\u00ednea","publisher":{"@id":"https:\/\/compuviper.mx\/tienda\/#organization"},"potentialAction":[{"@type":"SearchAction","target":{"@type":"EntryPoint","urlTemplate":"https:\/\/compuviper.mx\/tienda\/?s={search_term_string}"},"query-input":"required name=search_term_string"}],"inLanguage":"es-MX"},{"@type":"Organization","@id":"https:\/\/compuviper.mx\/tienda\/#organization","name":"Compuviper","url":"https:\/\/compuviper.mx\/tienda\/","logo":{"@type":"ImageObject","inLanguage":"es-MX","@id":"https:\/\/compuviper.mx\/tienda\/#\/schema\/logo\/image\/","url":"https:\/\/compuviper.mx\/tienda\/wp-content\/uploads\/2021\/08\/Logo-Compuviper-10.png","contentUrl":"https:\/\/compuviper.mx\/tienda\/wp-content\/uploads\/2021\/08\/Logo-Compuviper-10.png","width":1000,"height":500,"caption":"Compuviper"},"image":{"@id":"https:\/\/compuviper.mx\/tienda\/#\/schema\/logo\/image\/"},"sameAs":["https:\/\/www.facebook.com\/compuviper","https:\/\/www.youtube.com\/channel\/UCf73dERp9Y3cfOq7q8BhLjA?view_as=subscriber"]}]},"product_brand":"MANHATTAN","product_price_amount":"13895","product_price_currency":"MXN","og_availability":"out of stock","product_availability":"out of stock","product_retailer_item_id":"715959","product_condition":"new"},"_links":{"self":[{"href":"https:\/\/compuviper.mx\/tienda\/wp-json\/wp\/v2\/product\/252818"}],"collection":[{"href":"https:\/\/compuviper.mx\/tienda\/wp-json\/wp\/v2\/product"}],"about":[{"href":"https:\/\/compuviper.mx\/tienda\/wp-json\/wp\/v2\/types\/product"}],"replies":[{"embeddable":true,"href":"https:\/\/compuviper.mx\/tienda\/wp-json\/wp\/v2\/comments?post=252818"}],"wp:featuredmedia":[{"embeddable":true,"href":"https:\/\/compuviper.mx\/tienda\/wp-json\/wp\/v2\/media\/259287"}],"wp:attachment":[{"href":"https:\/\/compuviper.mx\/tienda\/wp-json\/wp\/v2\/media?parent=252818"}],"wp:term":[{"taxonomy":"product_cat","embeddable":true,"href":"https:\/\/compuviper.mx\/tienda\/wp-json\/wp\/v2\/product_cat?post=252818"},{"taxonomy":"product_tag","embeddable":true,"href":"https:\/\/compuviper.mx\/tienda\/wp-json\/wp\/v2\/product_tag?post=252818"}],"curies":[{"name":"wp","href":"https:\/\/api.w.org\/{rel}","templated":true}]}}