{"id":252816,"date":"2026-04-10T23:45:32","date_gmt":"2026-04-11T05:45:32","guid":{"rendered":"https:\/\/compuviper.mx\/tienda\/producto\/manhattan-356381-cables-cable-hdmi-alta-velocidad\/"},"modified":"2026-04-10T23:45:32","modified_gmt":"2026-04-11T05:45:32","slug":"manhattan-356381-cables-cable-hdmi-alta-velocidad","status":"publish","type":"product","link":"https:\/\/compuviper.mx\/tienda\/producto\/manhattan-356381-cables-cable-hdmi-alta-velocidad\/","title":{"rendered":"Manhattan 356381 Cables\/\/\/cable Hdmi Alta Velocidad"},"content":{"rendered":"<table class=\"descripcion\">\n<tr>\n<td>Normas y certificaciones<\/td>\n<\/tr>\n<tr>\n<td>Ce<\/td>\n<\/tr>\n<tr>\n<td>Rohs<\/td>\n<\/tr>\n<tr>\n<td>\u0095reach<\/td>\n<\/tr>\n<tr>\n<td>Usb4 gen 3&#215;2<\/td>\n<\/tr>\n<tr>\n<td>Dp 3.1<\/td>\n<\/tr>\n<tr>\n<td>General<\/td>\n<\/tr>\n<tr>\n<td>Dos usb-c de 24 pines macho<\/td>\n<\/tr>\n<tr>\n<td>Doble apantallamiento: papel de aluminio y trenzado<\/td>\n<\/tr>\n<tr>\n<td>Clavijas doradas, carcasa niquelada<\/td>\n<\/tr>\n<tr>\n<td>Cable: cobre puro desnudo<\/td>\n<\/tr>\n<tr>\n<td>Funda de aluminio con alivio de tensin<\/td>\n<\/tr>\n<tr>\n<td>22\/29 awg<\/td>\n<\/tr>\n<tr>\n<td>Longitud: 2 m<\/td>\n<\/tr>\n<tr>\n<td>Di\u00e1metro exterior de 4.8 mm 0.19 pulg.<\/td>\n<\/tr>\n<tr>\n<td>Peso neto: 55 g 1.94 oz.<\/td>\n<\/tr>\n<tr>\n<td>Peso bruto: 60 g 2.12 oz.<\/td>\n<\/tr>\n<tr>\n<td>Elctrico<\/td>\n<\/tr>\n<tr>\n<td>Tensin soportada: 500.0 v cc 10 ms<\/td>\n<\/tr>\n<tr>\n<td>Resistencia de aislamiento: 100 m and 937;\/km a 20\u00b0 c 68\u00b0f<\/td>\n<\/tr>\n<tr>\n<td>Resistencia de contacto: 3  and 937; m\u00e1x.<\/td>\n<\/tr>\n<tr>\n<td>Potencia de paso soportada: 240.0 w a 48.0 v \/ 5.0 a m\u00e1x.<\/td>\n<\/tr>\n<tr>\n<td>Entorno de funcionamiento<\/td>\n<\/tr>\n<tr>\n<td>Temperatura de funcionamiento: 0 &#8211; 45\u00b0c 32 &#8211; 113\u00b0f<\/td>\n<\/tr>\n<tr>\n<td>Humedad de funcionamiento sin condensacin: 10 &#8211; 85<\/td>\n<\/tr>\n<tr>\n<td>Temperatura de almacenamiento: -10 &#8211; 70\u00b0c 14 &#8211; 158\u00b0f<\/td>\n<\/tr>\n<tr>\n<td>Humedad de almacenamiento sin condensacin: 5 &#8211; 90<\/td>\n<\/tr>\n<\/table>\n","protected":false},"excerpt":{"rendered":"<p>Cable de carga usb4 240w 40g usb-c m\/m con power delivery 3.1 para la prxima generacin de carga usb. El cable de carga usb4 tipo-c de manhattan es tu conexin preparada para el futuro, ideal para cargadores usb de alta potencia y laptops de ltima generacin. Es compatible con el est\u00e1ndar m\u00e1s reciente de usb power delivery 3.1, que introduce el extended power range epr. Los cables y dispositivos con soporte epr pueden manejar hasta 240 w 48 v \/ 5 a, lo que representa un aumento de casi 2.5 veces el lmite de 100 w 20 v \/ 5 a del standard power range spr en pd 3.0. Potencia superior y compatibilidad con cargadores antiguos. Este nivel de potencia mejorado ofrece mltiples beneficios. Dispositivos de alta gama como el macbook pro\u00ae de 16\u0094 m\u00e1s reciente o una laptop gamer moderna ya aprovechan una entrada de potencia superior a 100 w, que actualmente reciben a travs de un cargador propietario con puntas dc personalizadas. Si se pierde este cargador, reemplazarlo puede ser costoso y frustrante. El conector usb-c universal elimina este problema, permitiendo que cualquier laptop se cargue desde cualquier cargador compatible con pd 3.1, ya sea un cargador de pared, power bank o cargador port\u00e1til. Esto tambin cumple con la nueva normativa de la ue que exigir\u00e1 que todas las laptops sean compatibles con carga usb-c a partir de 2026. Adem\u00e1s, pd 3.1 es retrocompatible con pd 3.0, por lo que podr\u00e1s seguir usando cargadores de 140 w, 100 w, 65 w o inferiores. Transferencia de datos ultrarr\u00e1pida de 40 gbps y video en 8k con usb4 usb 4.0. Transfiere archivos como pelculas, msica o bibliotecas de fotos completas en segundos gracias a la velocidad de transferencia de 40 gbps. Si utilizas este cable para video por ejemplo, con una estacin de acoplamiento, podr\u00e1s disfrutar de im\u00e1genes en 8k 7680 x 4320 a 60 hz o en 4k uhd a 144 hz con dynamic hdr10, lo que garantiza colores vibrantes y un contraste perfecto. Blindaje reforzado y funda trenzada de alta resistencia con alivio de tensin flexible. Cubierta de aluminio moldeado para absorber el estrs de dobleces frecuentes sin daar el ncleo del cable. Funda trenzada que evita enredos y resiste el desgaste diario. Doble blindaje l\u00e1mina de aluminio y malla trenzada para m\u00e1xima integridad de la seal. Contactos resistentes a la corrosin que garantizan una transmisin de seal sin interferencias. Conectores usb-c reversibles, para que siempre encajen sin importar cmo los insertes. Cable usb power delivery pd 3.1 con extended power range epr que carga hasta 240 w a 48 v\/5 a, compatible con versiones anteriores de pd 3.0\/2.0\/1.0. Admite velocidades de transferencia de datos ultrarr\u00e1pidas de hasta 40 gbps. Compatible con interfaces usb4\u00ae y thunderbolt\u0099 3 \/ 4. Admite resoluciones de hasta 8k a 60 hz y 4k a 144 hz en una sola pantalla o 4k a 60 hz en salida de video de doble pantalla. Usb-c masculino a usb-c macho para conectar a puertos de dispositivos usb-c. Conjunto de chips e-marker para una entrega de energa de 240 w confiable y sin prdidas en toda la distancia. Cumple con el modo alternativo displayport 2.0 modo alt dp. Hdr10 din\u00e1mico para un contraste superior y colores brillantes. Ancho de banda ultra alto, ideal para conexin directa y sin prdidas a un monitor con interfaz usb-c. Recubrimiento trenzado y resistente a enredos con alivio de tensin. Conector con carcasa de aluminio para una mayor durabilidad. Blindaje doble de l\u00e1mina y trenzado para reducir la emi y otras fuentes de interferencia. Conectores con chapa de oro y cable de cobre puro para conexiones libres de corrosin. Diseo bidireccional: cualquiera de los conectores puede enviar energa y datos desde una fuente o recibirlos de un dispositivo. Excelente para tu computadora port\u00e1til, macbook\u00ae pro o estacin de acoplamiento actual y futura con usb-c. Carga otros dispositivos tipo-c como telfonos, tablets, consolas de juegos port\u00e1tiles y m\u00e1s. Compatible con versiones anteriores con usb 3.2 gen 1\/2, usb 3.0, usb 2.0 y usb 1.1. Tres aos de garanta. Consulte el tiempo de garanta en su ciudad o pas<\/p>\n","protected":false},"featured_media":259040,"comment_status":"open","ping_status":"open","template":"","meta":[],"product_cat":[1549,1606],"product_tag":[1487],"acf":[],"yoast_head":"<!-- This site is optimized with the Yoast SEO plugin v21.7 - https:\/\/yoast.com\/wordpress\/plugins\/seo\/ -->\n<title>[ Manhattan ] &#129351; 356381 Cables\/\/\/cable Hdmi Alta Velocidad<\/title>\n<meta name=\"description\" content=\"Compra 356381 Cables\/\/\/cable Hdmi Alta Velocidad + Env\u00edo a domicilio + Pago seguro + Garant\u00eda\" \/>\n<meta name=\"robots\" content=\"index, follow, max-snippet:-1, max-image-preview:large, max-video-preview:-1\" \/>\n<link rel=\"canonical\" href=\"https:\/\/compuviper.mx\/tienda\/producto\/manhattan-356381-cables-cable-hdmi-alta-velocidad\/\" \/>\n<meta property=\"og:locale\" content=\"es_MX\" \/>\n<meta property=\"og:type\" content=\"article\" \/>\n<meta property=\"og:title\" content=\"[ Manhattan ] &#129351; 356381 Cables\/\/\/cable Hdmi Alta Velocidad\" \/>\n<meta property=\"og:description\" content=\"Compra 356381 Cables\/\/\/cable Hdmi Alta Velocidad + Env\u00edo a domicilio + Pago seguro + Garant\u00eda\" \/>\n<meta property=\"og:url\" content=\"https:\/\/compuviper.mx\/tienda\/producto\/manhattan-356381-cables-cable-hdmi-alta-velocidad\/\" \/>\n<meta property=\"og:site_name\" content=\"Compuviper\" \/>\n<meta property=\"article:publisher\" content=\"https:\/\/www.facebook.com\/compuviper\" \/>\n<meta property=\"og:image\" content=\"https:\/\/compuviper.mx\/tienda\/wp-content\/uploads\/2025\/10\/Cablesmanhattan356381cable-hdmi-alta-velocidad.jpg\" \/>\n\t<meta property=\"og:image:width\" content=\"200\" \/>\n\t<meta property=\"og:image:height\" content=\"200\" \/>\n\t<meta property=\"og:image:type\" content=\"image\/jpeg\" \/>\n<meta name=\"twitter:card\" content=\"summary_large_image\" \/>\n<meta name=\"twitter:label1\" content=\"Precio\" \/>\n\t<meta name=\"twitter:data1\" content=\"&#36;387 con IVA\" \/>\n\t<meta name=\"twitter:label2\" content=\"Availability\" \/>\n\t<meta name=\"twitter:data2\" content=\"Out of stock\" \/>\n<script type=\"application\/ld+json\" class=\"yoast-schema-graph\">{\"@context\":\"https:\/\/schema.org\",\"@graph\":[{\"@type\":\"WebPage\",\"@id\":\"https:\/\/compuviper.mx\/tienda\/producto\/manhattan-356381-cables-cable-hdmi-alta-velocidad\/\",\"url\":\"https:\/\/compuviper.mx\/tienda\/producto\/manhattan-356381-cables-cable-hdmi-alta-velocidad\/\",\"name\":\"[ Manhattan ] &#129351; 356381 Cables\/\/\/cable Hdmi Alta Velocidad\",\"isPartOf\":{\"@id\":\"https:\/\/compuviper.mx\/tienda\/#website\"},\"datePublished\":\"2026-04-11T05:45:32+00:00\",\"dateModified\":\"2026-04-11T05:45:32+00:00\",\"description\":\"Compra 356381 Cables\/\/\/cable Hdmi Alta Velocidad + Env\u00edo a domicilio + Pago seguro + Garant\u00eda\",\"breadcrumb\":{\"@id\":\"https:\/\/compuviper.mx\/tienda\/producto\/manhattan-356381-cables-cable-hdmi-alta-velocidad\/#breadcrumb\"},\"inLanguage\":\"es-MX\",\"potentialAction\":[{\"@type\":\"ReadAction\",\"target\":[\"https:\/\/compuviper.mx\/tienda\/producto\/manhattan-356381-cables-cable-hdmi-alta-velocidad\/\"]}]},{\"@type\":\"BreadcrumbList\",\"@id\":\"https:\/\/compuviper.mx\/tienda\/producto\/manhattan-356381-cables-cable-hdmi-alta-velocidad\/#breadcrumb\",\"itemListElement\":[{\"@type\":\"ListItem\",\"position\":1,\"name\":\"Inicio\",\"item\":\"https:\/\/compuviper.mx\/tienda\/\"},{\"@type\":\"ListItem\",\"position\":2,\"name\":\"Productos\",\"item\":\"https:\/\/compuviper.mx\/tienda\/productos\/\"},{\"@type\":\"ListItem\",\"position\":3,\"name\":\"Cables\",\"item\":\"https:\/\/compuviper.mx\/tienda\/categoria-producto\/cables\/\"},{\"@type\":\"ListItem\",\"position\":4,\"name\":\"Cable Tipo C\",\"item\":\"https:\/\/compuviper.mx\/tienda\/categoria-producto\/cables\/cable-tipo-c\/\"},{\"@type\":\"ListItem\",\"position\":5,\"name\":\"Manhattan 356381 Cables\/\/\/cable Hdmi Alta Velocidad\"}]},{\"@type\":\"WebSite\",\"@id\":\"https:\/\/compuviper.mx\/tienda\/#website\",\"url\":\"https:\/\/compuviper.mx\/tienda\/\",\"name\":\"Compuviper\",\"description\":\"Proveedor de Computadoras, Laptops, Servidores, Monitores, Puntos de Venta, Teclados,   Impresoras, T\u00f3ner, C\u00e1maras de Seguridad y m\u00e1s en tu tienda en l\u00ednea\",\"publisher\":{\"@id\":\"https:\/\/compuviper.mx\/tienda\/#organization\"},\"potentialAction\":[{\"@type\":\"SearchAction\",\"target\":{\"@type\":\"EntryPoint\",\"urlTemplate\":\"https:\/\/compuviper.mx\/tienda\/?s={search_term_string}\"},\"query-input\":\"required name=search_term_string\"}],\"inLanguage\":\"es-MX\"},{\"@type\":\"Organization\",\"@id\":\"https:\/\/compuviper.mx\/tienda\/#organization\",\"name\":\"Compuviper\",\"url\":\"https:\/\/compuviper.mx\/tienda\/\",\"logo\":{\"@type\":\"ImageObject\",\"inLanguage\":\"es-MX\",\"@id\":\"https:\/\/compuviper.mx\/tienda\/#\/schema\/logo\/image\/\",\"url\":\"https:\/\/compuviper.mx\/tienda\/wp-content\/uploads\/2021\/08\/Logo-Compuviper-10.png\",\"contentUrl\":\"https:\/\/compuviper.mx\/tienda\/wp-content\/uploads\/2021\/08\/Logo-Compuviper-10.png\",\"width\":1000,\"height\":500,\"caption\":\"Compuviper\"},\"image\":{\"@id\":\"https:\/\/compuviper.mx\/tienda\/#\/schema\/logo\/image\/\"},\"sameAs\":[\"https:\/\/www.facebook.com\/compuviper\",\"https:\/\/www.youtube.com\/channel\/UCf73dERp9Y3cfOq7q8BhLjA?view_as=subscriber\"]}]}<\/script>\n<meta property=\"product:brand\" content=\"MANHATTAN\" \/>\n<meta property=\"product:price:amount\" content=\"387\" \/>\n<meta property=\"product:price:currency\" content=\"MXN\" \/>\n<meta property=\"og:availability\" content=\"out of stock\" \/>\n<meta property=\"product:availability\" content=\"out of stock\" \/>\n<meta property=\"product:retailer_item_id\" content=\"356381\" \/>\n<meta property=\"product:condition\" content=\"new\" \/>\n<!-- \/ Yoast SEO plugin. -->","yoast_head_json":{"title":"[ Manhattan ] &#129351; 356381 Cables\/\/\/cable Hdmi Alta Velocidad","description":"Compra 356381 Cables\/\/\/cable Hdmi Alta Velocidad + Env\u00edo a domicilio + Pago seguro + Garant\u00eda","robots":{"index":"index","follow":"follow","max-snippet":"max-snippet:-1","max-image-preview":"max-image-preview:large","max-video-preview":"max-video-preview:-1"},"canonical":"https:\/\/compuviper.mx\/tienda\/producto\/manhattan-356381-cables-cable-hdmi-alta-velocidad\/","og_locale":"es_MX","og_type":"article","og_title":"[ Manhattan ] &#129351; 356381 Cables\/\/\/cable Hdmi Alta Velocidad","og_description":"Compra 356381 Cables\/\/\/cable Hdmi Alta Velocidad + Env\u00edo a domicilio + Pago seguro + Garant\u00eda","og_url":"https:\/\/compuviper.mx\/tienda\/producto\/manhattan-356381-cables-cable-hdmi-alta-velocidad\/","og_site_name":"Compuviper","article_publisher":"https:\/\/www.facebook.com\/compuviper","og_image":[{"width":200,"height":200,"url":"https:\/\/compuviper.mx\/tienda\/wp-content\/uploads\/2025\/10\/Cablesmanhattan356381cable-hdmi-alta-velocidad.jpg","type":"image\/jpeg"}],"twitter_card":"summary_large_image","twitter_misc":{"Precio":"&#36;387 con IVA","Availability":"Out of stock"},"schema":{"@context":"https:\/\/schema.org","@graph":[{"@type":"WebPage","@id":"https:\/\/compuviper.mx\/tienda\/producto\/manhattan-356381-cables-cable-hdmi-alta-velocidad\/","url":"https:\/\/compuviper.mx\/tienda\/producto\/manhattan-356381-cables-cable-hdmi-alta-velocidad\/","name":"[ Manhattan ] &#129351; 356381 Cables\/\/\/cable Hdmi Alta Velocidad","isPartOf":{"@id":"https:\/\/compuviper.mx\/tienda\/#website"},"datePublished":"2026-04-11T05:45:32+00:00","dateModified":"2026-04-11T05:45:32+00:00","description":"Compra 356381 Cables\/\/\/cable Hdmi Alta Velocidad + Env\u00edo a domicilio + Pago seguro + Garant\u00eda","breadcrumb":{"@id":"https:\/\/compuviper.mx\/tienda\/producto\/manhattan-356381-cables-cable-hdmi-alta-velocidad\/#breadcrumb"},"inLanguage":"es-MX","potentialAction":[{"@type":"ReadAction","target":["https:\/\/compuviper.mx\/tienda\/producto\/manhattan-356381-cables-cable-hdmi-alta-velocidad\/"]}]},{"@type":"BreadcrumbList","@id":"https:\/\/compuviper.mx\/tienda\/producto\/manhattan-356381-cables-cable-hdmi-alta-velocidad\/#breadcrumb","itemListElement":[{"@type":"ListItem","position":1,"name":"Inicio","item":"https:\/\/compuviper.mx\/tienda\/"},{"@type":"ListItem","position":2,"name":"Productos","item":"https:\/\/compuviper.mx\/tienda\/productos\/"},{"@type":"ListItem","position":3,"name":"Cables","item":"https:\/\/compuviper.mx\/tienda\/categoria-producto\/cables\/"},{"@type":"ListItem","position":4,"name":"Cable Tipo C","item":"https:\/\/compuviper.mx\/tienda\/categoria-producto\/cables\/cable-tipo-c\/"},{"@type":"ListItem","position":5,"name":"Manhattan 356381 Cables\/\/\/cable Hdmi Alta Velocidad"}]},{"@type":"WebSite","@id":"https:\/\/compuviper.mx\/tienda\/#website","url":"https:\/\/compuviper.mx\/tienda\/","name":"Compuviper","description":"Proveedor de Computadoras, Laptops, Servidores, Monitores, Puntos de Venta, Teclados,   Impresoras, T\u00f3ner, C\u00e1maras de Seguridad y m\u00e1s en tu tienda en l\u00ednea","publisher":{"@id":"https:\/\/compuviper.mx\/tienda\/#organization"},"potentialAction":[{"@type":"SearchAction","target":{"@type":"EntryPoint","urlTemplate":"https:\/\/compuviper.mx\/tienda\/?s={search_term_string}"},"query-input":"required name=search_term_string"}],"inLanguage":"es-MX"},{"@type":"Organization","@id":"https:\/\/compuviper.mx\/tienda\/#organization","name":"Compuviper","url":"https:\/\/compuviper.mx\/tienda\/","logo":{"@type":"ImageObject","inLanguage":"es-MX","@id":"https:\/\/compuviper.mx\/tienda\/#\/schema\/logo\/image\/","url":"https:\/\/compuviper.mx\/tienda\/wp-content\/uploads\/2021\/08\/Logo-Compuviper-10.png","contentUrl":"https:\/\/compuviper.mx\/tienda\/wp-content\/uploads\/2021\/08\/Logo-Compuviper-10.png","width":1000,"height":500,"caption":"Compuviper"},"image":{"@id":"https:\/\/compuviper.mx\/tienda\/#\/schema\/logo\/image\/"},"sameAs":["https:\/\/www.facebook.com\/compuviper","https:\/\/www.youtube.com\/channel\/UCf73dERp9Y3cfOq7q8BhLjA?view_as=subscriber"]}]},"product_brand":"MANHATTAN","product_price_amount":"387","product_price_currency":"MXN","og_availability":"out of stock","product_availability":"out of stock","product_retailer_item_id":"356381","product_condition":"new"},"_links":{"self":[{"href":"https:\/\/compuviper.mx\/tienda\/wp-json\/wp\/v2\/product\/252816"}],"collection":[{"href":"https:\/\/compuviper.mx\/tienda\/wp-json\/wp\/v2\/product"}],"about":[{"href":"https:\/\/compuviper.mx\/tienda\/wp-json\/wp\/v2\/types\/product"}],"replies":[{"embeddable":true,"href":"https:\/\/compuviper.mx\/tienda\/wp-json\/wp\/v2\/comments?post=252816"}],"wp:featuredmedia":[{"embeddable":true,"href":"https:\/\/compuviper.mx\/tienda\/wp-json\/wp\/v2\/media\/259040"}],"wp:attachment":[{"href":"https:\/\/compuviper.mx\/tienda\/wp-json\/wp\/v2\/media?parent=252816"}],"wp:term":[{"taxonomy":"product_cat","embeddable":true,"href":"https:\/\/compuviper.mx\/tienda\/wp-json\/wp\/v2\/product_cat?post=252816"},{"taxonomy":"product_tag","embeddable":true,"href":"https:\/\/compuviper.mx\/tienda\/wp-json\/wp\/v2\/product_tag?post=252816"}],"curies":[{"name":"wp","href":"https:\/\/api.w.org\/{rel}","templated":true}]}}