{"id":252810,"date":"2026-04-06T23:15:23","date_gmt":"2026-04-07T05:15:23","guid":{"rendered":"https:\/\/compuviper.mx\/tienda\/producto\/intellinet-716208-rack-rack-abierto-de-19-para-montaje-en-pared-2-postes-15u\/"},"modified":"2026-04-06T23:15:24","modified_gmt":"2026-04-07T05:15:24","slug":"intellinet-716208-rack-rack-abierto-de-19-para-montaje-en-pared-2-postes-15u","status":"publish","type":"product","link":"https:\/\/compuviper.mx\/tienda\/producto\/intellinet-716208-rack-rack-abierto-de-19-para-montaje-en-pared-2-postes-15u\/","title":{"rendered":"Intellinet 716208 Rack\/\/\/rack Abierto De 19 Para Montaje En Pared, 2 Postes, 15u"},"content":{"rendered":"<table class=\"descripcion\">\n<tr>\n<td>Est\u00e1ndares and certificaciones:<\/td>\n<\/tr>\n<tr>\n<td>Rohs<\/td>\n<\/tr>\n<tr>\n<td>Ansi\/eia 310-e<\/td>\n<\/tr>\n<tr>\n<td>Iec 60297-3<\/td>\n<\/tr>\n<tr>\n<td>General:<\/td>\n<\/tr>\n<tr>\n<td>Dimensiones an x al x prof: 500 x 760 x 450 mm 17.72 x 19.69 x 29.92 in.; 15u<\/td>\n<\/tr>\n<tr>\n<td>Profundidad de instalacin utilizable: 400 mm 15.75 pulgadas<\/td>\n<\/tr>\n<tr>\n<td>Peso neto: 11.1 kg 24.47 lbs.<\/td>\n<\/tr>\n<tr>\n<td>Peso bruto: 12.7 kg 28 lbs.<\/td>\n<\/tr>\n<tr>\n<td>Carga est\u00e1tica m\u00e1xima: 30 kg 66 lbs. con el marco cerrado o 10 kg 22 lbs. con el marco abierto<\/td>\n<\/tr>\n<tr>\n<td>Material: acero con recubrimiento de polvo<\/td>\n<\/tr>\n<tr>\n<td>Color: negro ral 9004<\/td>\n<\/tr>\n<tr>\n<td>Contenido del paquete:<\/td>\n<\/tr>\n<tr>\n<td>Rack abierto de 19 para montaje en pared, 2 postes, 15u<\/td>\n<\/tr>\n<tr>\n<td>Juego de tuercas enjauladas para equipos de montaje en rack de 19 20 tornillos m6, 20 tuercas enjauladas m6, 20 arandelas de pl\u00e1stico<\/td>\n<\/tr>\n<tr>\n<td>Material de montaje tornillo autorroscante 24 x m4  8 mm, tornillo de cabeza plana 8 x m5<\/td>\n<\/tr>\n<tr>\n<td>Instrucciones de ensamblado<\/td>\n<\/tr>\n<tr>\n<td>Este producto forma parte de un grupo; la lista completa de variaciones es la siguiente:<\/td>\n<\/tr>\n<tr>\n<td>716031 &#8211; rack de montaje en pared de 4 postes con marco abierto, 6u, ensamblado<\/td>\n<\/tr>\n<tr>\n<td>716048 &#8211; rack de montaje en pared de 4 postes con marco abierto, 9u, ensamblado<\/td>\n<\/tr>\n<tr>\n<td>716055 &#8211; rack de pared de 4 postes con marco abierto, 12u, ensamblado<\/td>\n<\/tr>\n<tr>\n<td>716161 &#8211; rack de montaje en pared de 4 postes y marco abierto, 15u, ensamblado<\/td>\n<\/tr>\n<tr>\n<td>716178 &#8211; rack de marco abierto de 2 postes para montaje en pared, 6u, flat pack<\/td>\n<\/tr>\n<tr>\n<td>716185 &#8211; rack de montaje en pared de 2 postes, 9u, flat pack<\/td>\n<\/tr>\n<tr>\n<td>716192 &#8211; rack de pared de 2 postes, 12u, flat pack<\/td>\n<\/tr>\n<tr>\n<td>716208 &#8211; rack de montaje en pared de 2 postes con marco abierto, 15u, flat pack<\/td>\n<\/tr>\n<\/table>\n","protected":false},"excerpt":{"rendered":"<p>Rack de pared de marco abierto con bisagras para equipos de red y servidores. El rack de pared de 2 postes de 19 de intellinet network solutions es una forma sencilla y rentable de alojar equipos inform\u00e1ticos en entornos seguros que no requieren una solucin de rack con cerradura. Es ideal para lugares donde las soluciones de rack pequeas suelen estar dispersas en una organizacin, como en una ubicacin remota o en una sucursal. Su diseo relativamente compacto le permite colocarlo fuera del camino en un escritorio o montarlo en una pared en lugar de ocupar espacio en el suelo. Ahorro de espacio. El rack abatible de montaje en pared es perfecto para ahorrar un valioso espacio en el suelo mientras se organizan los equipos de red y de servidor de las aplicaciones de telecomunicaciones, vigilancia y audio\/vdeo en las que el espacio es escaso y no se puede utilizar un rack o armario de suelo de tamao completo. La profundidad til de 400 mm 15.75 in. Del rack permite el montaje de estantes, switches, p\u00e1neles de conexin y mucho m\u00e1s. F\u00e1cil acceso. El diseo de bastidor abierto garantiza el m\u00e1ximo flujo de aire a su equipo para un funcionamiento m\u00e1s suave y una mayor vida til. Tambin permite que tu cableado entre por todos los lados. Las bisagras del marco trasero permiten que toda la caja se abra para facilitar el intercambio de componentes y el mantenimiento. Dos pestillos mantienen el marco cerrado. Esta construccin lo convierte en una opcin inteligente como rack de centro de pruebas para equipos de servidor y de red. Acero de alta calidad. La carcasa resistente y duradera, construida con acero laminado en fro spcc de alta calidad con recubrimiento de polvo antiest\u00e1tico, soporta una capacidad de carga de hasta 30 kg 66 libras. Se enva desarmado para el ahorro de espacio y costos de transporte. El rack tambin te ayuda en el ahorro del gasto de 20 tornillos para rack y tuercas enjauladas, ideales para montar tus equipos de red, ya que se incluyen en el paquete. Marco abierto para facilitar el acceso a los equipos desde todos los lados y para obtener el m\u00e1ximo flujo de aire con una eficiente disipacin del calor. Diseo con bisagras frontales que permite que el marco se abra y as facilitar el acceso a los p\u00e1neles. Montaje en la pared para las \u00e1reas de redes con espacio limitado en el suelo. Barras de integridad\/seguridad para mayor estabilidad y resistencia a la manipulacin. Solucin sencilla y rentable; ideal para pruebas de equipos inform\u00e1ticos y para entornos seguros que no requieren un gabinete de red con cerradura. Construccin robusta y de alta calidad de acero spcc laminado en fro con recubrimiento de polvo antiest\u00e1tico. Dos postes con rieles de montaje frontal y marco giratorio reversible. Capacidad de carga m\u00e1xima de 30 kg 66 lbs. Con el marco cerrado o 10 kg 22 lbs. Con el marco abierto. Profundidad de instalacin utilizable: 400 mm 15.75 pulg. Cumple con la norma iec 60297 \/ eia 310; es compatible con todos los equipos est\u00e1ndar de 19 pulg. \/ 482.6 mm para montaje en rack. Se enva desarmado para ahorrar espacio y costos de transporte. Incluye material de montaje de 19 con 20 juegos de tuercas enjauladas. El marco se puede abrir a la izquierda o a la derecha para poder girar segn sea necesario. Tres aos de garanta pregunta el tiempo de garanta en tu pas o ciudad<\/p>\n","protected":false},"featured_media":258874,"comment_status":"open","ping_status":"open","template":"","meta":[],"product_cat":[1485,1488],"product_tag":[1489],"acf":[],"yoast_head":"<!-- This site is optimized with the Yoast SEO plugin v21.7 - https:\/\/yoast.com\/wordpress\/plugins\/seo\/ -->\n<title>[ Intellinet ] &#129351; 716208 Rack\/\/\/rack Abierto De 19 Para Montaje En Pared, 2 Postes, 15u<\/title>\n<meta name=\"description\" content=\"Compra 716208 Rack\/\/\/rack Abierto De 19 Para Montaje En Pared, 2 Postes, 15u + Env\u00edo a domicilio + Pago seguro + Garant\u00eda\" \/>\n<meta name=\"robots\" content=\"index, follow, max-snippet:-1, max-image-preview:large, max-video-preview:-1\" \/>\n<link rel=\"canonical\" href=\"https:\/\/compuviper.mx\/tienda\/producto\/intellinet-716208-rack-rack-abierto-de-19-para-montaje-en-pared-2-postes-15u\/\" \/>\n<meta property=\"og:locale\" content=\"es_MX\" \/>\n<meta property=\"og:type\" content=\"article\" \/>\n<meta property=\"og:title\" content=\"[ Intellinet ] &#129351; 716208 Rack\/\/\/rack Abierto De 19 Para Montaje En Pared, 2 Postes, 15u\" \/>\n<meta property=\"og:description\" content=\"Compra 716208 Rack\/\/\/rack Abierto De 19 Para Montaje En Pared, 2 Postes, 15u + Env\u00edo a domicilio + Pago seguro + Garant\u00eda\" \/>\n<meta property=\"og:url\" content=\"https:\/\/compuviper.mx\/tienda\/producto\/intellinet-716208-rack-rack-abierto-de-19-para-montaje-en-pared-2-postes-15u\/\" \/>\n<meta property=\"og:site_name\" content=\"Compuviper\" \/>\n<meta property=\"article:publisher\" content=\"https:\/\/www.facebook.com\/compuviper\" \/>\n<meta property=\"article:modified_time\" content=\"2026-04-07T05:15:24+00:00\" \/>\n<meta property=\"og:image\" content=\"https:\/\/compuviper.mx\/tienda\/wp-content\/uploads\/2025\/10\/Rackintellinet716208rack-abierto-de-19-para-montaje-en-pared-2-postes-15u.jpg\" \/>\n\t<meta property=\"og:image:width\" content=\"200\" \/>\n\t<meta property=\"og:image:height\" content=\"200\" \/>\n\t<meta property=\"og:image:type\" content=\"image\/jpeg\" \/>\n<meta name=\"twitter:card\" content=\"summary_large_image\" \/>\n<meta name=\"twitter:label1\" content=\"Precio\" \/>\n\t<meta name=\"twitter:data1\" content=\"&#36;2,771 con IVA\" \/>\n\t<meta name=\"twitter:label2\" content=\"Availability\" \/>\n\t<meta name=\"twitter:data2\" content=\"On backorder\" \/>\n<script type=\"application\/ld+json\" class=\"yoast-schema-graph\">{\"@context\":\"https:\/\/schema.org\",\"@graph\":[{\"@type\":\"WebPage\",\"@id\":\"https:\/\/compuviper.mx\/tienda\/producto\/intellinet-716208-rack-rack-abierto-de-19-para-montaje-en-pared-2-postes-15u\/\",\"url\":\"https:\/\/compuviper.mx\/tienda\/producto\/intellinet-716208-rack-rack-abierto-de-19-para-montaje-en-pared-2-postes-15u\/\",\"name\":\"[ Intellinet ] &#129351; 716208 Rack\/\/\/rack Abierto De 19 Para Montaje En Pared, 2 Postes, 15u\",\"isPartOf\":{\"@id\":\"https:\/\/compuviper.mx\/tienda\/#website\"},\"datePublished\":\"2026-04-07T05:15:23+00:00\",\"dateModified\":\"2026-04-07T05:15:24+00:00\",\"description\":\"Compra 716208 Rack\/\/\/rack Abierto De 19 Para Montaje En Pared, 2 Postes, 15u + Env\u00edo a domicilio + Pago seguro + Garant\u00eda\",\"breadcrumb\":{\"@id\":\"https:\/\/compuviper.mx\/tienda\/producto\/intellinet-716208-rack-rack-abierto-de-19-para-montaje-en-pared-2-postes-15u\/#breadcrumb\"},\"inLanguage\":\"es-MX\",\"potentialAction\":[{\"@type\":\"ReadAction\",\"target\":[\"https:\/\/compuviper.mx\/tienda\/producto\/intellinet-716208-rack-rack-abierto-de-19-para-montaje-en-pared-2-postes-15u\/\"]}]},{\"@type\":\"BreadcrumbList\",\"@id\":\"https:\/\/compuviper.mx\/tienda\/producto\/intellinet-716208-rack-rack-abierto-de-19-para-montaje-en-pared-2-postes-15u\/#breadcrumb\",\"itemListElement\":[{\"@type\":\"ListItem\",\"position\":1,\"name\":\"Inicio\",\"item\":\"https:\/\/compuviper.mx\/tienda\/\"},{\"@type\":\"ListItem\",\"position\":2,\"name\":\"Productos\",\"item\":\"https:\/\/compuviper.mx\/tienda\/productos\/\"},{\"@type\":\"ListItem\",\"position\":3,\"name\":\"Accesorios\",\"item\":\"https:\/\/compuviper.mx\/tienda\/categoria-producto\/accesorios\/\"},{\"@type\":\"ListItem\",\"position\":4,\"name\":\"Rack\",\"item\":\"https:\/\/compuviper.mx\/tienda\/categoria-producto\/accesorios\/rack\/\"},{\"@type\":\"ListItem\",\"position\":5,\"name\":\"Intellinet 716208 Rack\/\/\/rack Abierto De 19 Para Montaje En Pared, 2 Postes, 15u\"}]},{\"@type\":\"WebSite\",\"@id\":\"https:\/\/compuviper.mx\/tienda\/#website\",\"url\":\"https:\/\/compuviper.mx\/tienda\/\",\"name\":\"Compuviper\",\"description\":\"Proveedor de Computadoras, Laptops, Servidores, Monitores, Puntos de Venta, Teclados,   Impresoras, T\u00f3ner, C\u00e1maras de Seguridad y m\u00e1s en tu tienda en l\u00ednea\",\"publisher\":{\"@id\":\"https:\/\/compuviper.mx\/tienda\/#organization\"},\"potentialAction\":[{\"@type\":\"SearchAction\",\"target\":{\"@type\":\"EntryPoint\",\"urlTemplate\":\"https:\/\/compuviper.mx\/tienda\/?s={search_term_string}\"},\"query-input\":\"required name=search_term_string\"}],\"inLanguage\":\"es-MX\"},{\"@type\":\"Organization\",\"@id\":\"https:\/\/compuviper.mx\/tienda\/#organization\",\"name\":\"Compuviper\",\"url\":\"https:\/\/compuviper.mx\/tienda\/\",\"logo\":{\"@type\":\"ImageObject\",\"inLanguage\":\"es-MX\",\"@id\":\"https:\/\/compuviper.mx\/tienda\/#\/schema\/logo\/image\/\",\"url\":\"https:\/\/compuviper.mx\/tienda\/wp-content\/uploads\/2021\/08\/Logo-Compuviper-10.png\",\"contentUrl\":\"https:\/\/compuviper.mx\/tienda\/wp-content\/uploads\/2021\/08\/Logo-Compuviper-10.png\",\"width\":1000,\"height\":500,\"caption\":\"Compuviper\"},\"image\":{\"@id\":\"https:\/\/compuviper.mx\/tienda\/#\/schema\/logo\/image\/\"},\"sameAs\":[\"https:\/\/www.facebook.com\/compuviper\",\"https:\/\/www.youtube.com\/channel\/UCf73dERp9Y3cfOq7q8BhLjA?view_as=subscriber\"]}]}<\/script>\n<meta property=\"product:brand\" content=\"INTELLINET\" \/>\n<meta property=\"product:price:amount\" content=\"2771\" \/>\n<meta property=\"product:price:currency\" content=\"MXN\" \/>\n<meta property=\"og:availability\" content=\"backorder\" \/>\n<meta property=\"product:availability\" content=\"available for order\" \/>\n<meta property=\"product:retailer_item_id\" content=\"716208\" \/>\n<meta property=\"product:condition\" content=\"new\" \/>\n<!-- \/ Yoast SEO plugin. -->","yoast_head_json":{"title":"[ Intellinet ] &#129351; 716208 Rack\/\/\/rack Abierto De 19 Para Montaje En Pared, 2 Postes, 15u","description":"Compra 716208 Rack\/\/\/rack Abierto De 19 Para Montaje En Pared, 2 Postes, 15u + Env\u00edo a domicilio + Pago seguro + Garant\u00eda","robots":{"index":"index","follow":"follow","max-snippet":"max-snippet:-1","max-image-preview":"max-image-preview:large","max-video-preview":"max-video-preview:-1"},"canonical":"https:\/\/compuviper.mx\/tienda\/producto\/intellinet-716208-rack-rack-abierto-de-19-para-montaje-en-pared-2-postes-15u\/","og_locale":"es_MX","og_type":"article","og_title":"[ Intellinet ] &#129351; 716208 Rack\/\/\/rack Abierto De 19 Para Montaje En Pared, 2 Postes, 15u","og_description":"Compra 716208 Rack\/\/\/rack Abierto De 19 Para Montaje En Pared, 2 Postes, 15u + Env\u00edo a domicilio + Pago seguro + Garant\u00eda","og_url":"https:\/\/compuviper.mx\/tienda\/producto\/intellinet-716208-rack-rack-abierto-de-19-para-montaje-en-pared-2-postes-15u\/","og_site_name":"Compuviper","article_publisher":"https:\/\/www.facebook.com\/compuviper","article_modified_time":"2026-04-07T05:15:24+00:00","og_image":[{"width":200,"height":200,"url":"https:\/\/compuviper.mx\/tienda\/wp-content\/uploads\/2025\/10\/Rackintellinet716208rack-abierto-de-19-para-montaje-en-pared-2-postes-15u.jpg","type":"image\/jpeg"}],"twitter_card":"summary_large_image","twitter_misc":{"Precio":"&#36;2,771 con IVA","Availability":"On backorder"},"schema":{"@context":"https:\/\/schema.org","@graph":[{"@type":"WebPage","@id":"https:\/\/compuviper.mx\/tienda\/producto\/intellinet-716208-rack-rack-abierto-de-19-para-montaje-en-pared-2-postes-15u\/","url":"https:\/\/compuviper.mx\/tienda\/producto\/intellinet-716208-rack-rack-abierto-de-19-para-montaje-en-pared-2-postes-15u\/","name":"[ Intellinet ] &#129351; 716208 Rack\/\/\/rack Abierto De 19 Para Montaje En Pared, 2 Postes, 15u","isPartOf":{"@id":"https:\/\/compuviper.mx\/tienda\/#website"},"datePublished":"2026-04-07T05:15:23+00:00","dateModified":"2026-04-07T05:15:24+00:00","description":"Compra 716208 Rack\/\/\/rack Abierto De 19 Para Montaje En Pared, 2 Postes, 15u + Env\u00edo a domicilio + Pago seguro + Garant\u00eda","breadcrumb":{"@id":"https:\/\/compuviper.mx\/tienda\/producto\/intellinet-716208-rack-rack-abierto-de-19-para-montaje-en-pared-2-postes-15u\/#breadcrumb"},"inLanguage":"es-MX","potentialAction":[{"@type":"ReadAction","target":["https:\/\/compuviper.mx\/tienda\/producto\/intellinet-716208-rack-rack-abierto-de-19-para-montaje-en-pared-2-postes-15u\/"]}]},{"@type":"BreadcrumbList","@id":"https:\/\/compuviper.mx\/tienda\/producto\/intellinet-716208-rack-rack-abierto-de-19-para-montaje-en-pared-2-postes-15u\/#breadcrumb","itemListElement":[{"@type":"ListItem","position":1,"name":"Inicio","item":"https:\/\/compuviper.mx\/tienda\/"},{"@type":"ListItem","position":2,"name":"Productos","item":"https:\/\/compuviper.mx\/tienda\/productos\/"},{"@type":"ListItem","position":3,"name":"Accesorios","item":"https:\/\/compuviper.mx\/tienda\/categoria-producto\/accesorios\/"},{"@type":"ListItem","position":4,"name":"Rack","item":"https:\/\/compuviper.mx\/tienda\/categoria-producto\/accesorios\/rack\/"},{"@type":"ListItem","position":5,"name":"Intellinet 716208 Rack\/\/\/rack Abierto De 19 Para Montaje En Pared, 2 Postes, 15u"}]},{"@type":"WebSite","@id":"https:\/\/compuviper.mx\/tienda\/#website","url":"https:\/\/compuviper.mx\/tienda\/","name":"Compuviper","description":"Proveedor de Computadoras, Laptops, Servidores, Monitores, Puntos de Venta, Teclados,   Impresoras, T\u00f3ner, C\u00e1maras de Seguridad y m\u00e1s en tu tienda en l\u00ednea","publisher":{"@id":"https:\/\/compuviper.mx\/tienda\/#organization"},"potentialAction":[{"@type":"SearchAction","target":{"@type":"EntryPoint","urlTemplate":"https:\/\/compuviper.mx\/tienda\/?s={search_term_string}"},"query-input":"required name=search_term_string"}],"inLanguage":"es-MX"},{"@type":"Organization","@id":"https:\/\/compuviper.mx\/tienda\/#organization","name":"Compuviper","url":"https:\/\/compuviper.mx\/tienda\/","logo":{"@type":"ImageObject","inLanguage":"es-MX","@id":"https:\/\/compuviper.mx\/tienda\/#\/schema\/logo\/image\/","url":"https:\/\/compuviper.mx\/tienda\/wp-content\/uploads\/2021\/08\/Logo-Compuviper-10.png","contentUrl":"https:\/\/compuviper.mx\/tienda\/wp-content\/uploads\/2021\/08\/Logo-Compuviper-10.png","width":1000,"height":500,"caption":"Compuviper"},"image":{"@id":"https:\/\/compuviper.mx\/tienda\/#\/schema\/logo\/image\/"},"sameAs":["https:\/\/www.facebook.com\/compuviper","https:\/\/www.youtube.com\/channel\/UCf73dERp9Y3cfOq7q8BhLjA?view_as=subscriber"]}]},"product_brand":"INTELLINET","product_price_amount":"2771","product_price_currency":"MXN","og_availability":"backorder","product_availability":"available for order","product_retailer_item_id":"716208","product_condition":"new"},"_links":{"self":[{"href":"https:\/\/compuviper.mx\/tienda\/wp-json\/wp\/v2\/product\/252810"}],"collection":[{"href":"https:\/\/compuviper.mx\/tienda\/wp-json\/wp\/v2\/product"}],"about":[{"href":"https:\/\/compuviper.mx\/tienda\/wp-json\/wp\/v2\/types\/product"}],"replies":[{"embeddable":true,"href":"https:\/\/compuviper.mx\/tienda\/wp-json\/wp\/v2\/comments?post=252810"}],"wp:featuredmedia":[{"embeddable":true,"href":"https:\/\/compuviper.mx\/tienda\/wp-json\/wp\/v2\/media\/258874"}],"wp:attachment":[{"href":"https:\/\/compuviper.mx\/tienda\/wp-json\/wp\/v2\/media?parent=252810"}],"wp:term":[{"taxonomy":"product_cat","embeddable":true,"href":"https:\/\/compuviper.mx\/tienda\/wp-json\/wp\/v2\/product_cat?post=252810"},{"taxonomy":"product_tag","embeddable":true,"href":"https:\/\/compuviper.mx\/tienda\/wp-json\/wp\/v2\/product_tag?post=252810"}],"curies":[{"name":"wp","href":"https:\/\/api.w.org\/{rel}","templated":true}]}}