{"id":252806,"date":"2026-04-02T02:18:47","date_gmt":"2026-04-02T08:18:47","guid":{"rendered":"https:\/\/compuviper.mx\/tienda\/producto\/kaspersky-kl1042zdads-esd-plus-1-disp-1-cuenta-kpm-2-aos\/"},"modified":"2026-04-02T02:18:47","modified_gmt":"2026-04-02T08:18:47","slug":"kaspersky-kl1042zdads-esd-plus-1-disp-1-cuenta-kpm-2-aos","status":"publish","type":"product","link":"https:\/\/compuviper.mx\/tienda\/producto\/kaspersky-kl1042zdads-esd-plus-1-disp-1-cuenta-kpm-2-aos\/","title":{"rendered":"Kaspersky Kl1042zdads Esd  Plus 1 Disp 1 Cuenta Kpm 2 A?os"},"content":{"rendered":"<table class=\"descripcion\">\n<tr>\n<td>Para todos los dispositivos<\/td>\n<\/tr>\n<tr>\n<td>Se requiere conexin a internet para activar y actualizar el producto y para acceder a algunas caractersticas.<\/td>\n<\/tr>\n<tr>\n<td>Se debe tener una cuenta de my kaspersky para utilizar el plan<\/td>\n<\/tr>\n<tr>\n<td>La tecnologa de control de cmara web y micrfono solo funciona en computadoras. esta funcin est disponible para una serie de cmaras web compatibles. para ver la lista completa de dispositivos compatibles, visita https:\/\/support.kaspersky.com\/mx\/15783cameras para pc y https:\/\/support.kaspersky.com\/mx\/15784cameras para mac<\/td>\n<\/tr>\n<tr>\n<td>Equipos de escritorio y porttiles con windows\u00ae sistema con procesador x86<\/td>\n<\/tr>\n<tr>\n<td>Microsoft windows 11\u00b9 home\/pro\/enterprise<\/td>\n<\/tr>\n<tr>\n<td>Procesador: 1 ghz o superior<\/td>\n<\/tr>\n<tr>\n<td>Memoria ram: 1 gb 32 bits o 2 gb 64 bits<\/td>\n<\/tr>\n<tr>\n<td>Resolucin mnima de pantalla: 1024 x 768<\/td>\n<\/tr>\n<tr>\n<td>Equipos de escritorio y porttiles mac\u00ae<\/td>\n<\/tr>\n<tr>\n<td>2635 mb de espacio libre en el disco duro<\/td>\n<\/tr>\n<tr>\n<td>Memoria ram: 2 gb<\/td>\n<\/tr>\n<tr>\n<td>Macos\u00ae 15<\/td>\n<\/tr>\n<tr>\n<td>Tablets y telfonos con android\u00b3<\/td>\n<\/tr>\n<tr>\n<td>Android\u0099 12 \u0096 13<\/td>\n<\/tr>\n<tr>\n<td>Resolucin mnima de pantalla: 320 x 480<\/td>\n<\/tr>\n<tr>\n<td>Iphone y ipad<\/td>\n<\/tr>\n<tr>\n<td>Ios\u00ae 17 \u0096 18<\/td>\n<\/tr>\n<tr>\n<td>Recuerda que no hay compatibilidad con versiones beta o preliminares de sistemas operativos nuevos. el producto nicamente es compatible con versiones finales y que el desarrollador del sistema operativo haya publicado oficialmente.<\/td>\n<\/tr>\n<tr>\n<td>Si usas windows 11\/10, es posible que tengas que descargar e instalar todos los parches disponibles para tu software de seguridad kaspersky. el producto no est diseado para funcionar con las versiones windows 11\/10 mobile\/s\/education\/iot core.<\/td>\n<\/tr>\n<tr>\n<td>Es posible que algunas funciones del producto no funcionen en sistemas operativos de 64 bits. visita https:\/\/support.kaspersky.com\/mx\/15781 para obtener ms informacin.<\/td>\n<\/tr>\n<tr>\n<td>En la actualidad, las funciones de kaspersky standard for android pueden tener limitaciones en ciertos dispositivos. visita https:\/\/support.kaspersky.com\/help\/kaspersky\/android_knownissues\/es-mx\/195522.htm para obtener ms informacin.<\/td>\n<\/tr>\n<\/table>\n","protected":false},"excerpt":{"rendered":"<p>Integra funciones de seguridad, rendimiento y privacidad en una sola aplicacin. Como novedad para 2022, el plan de seguridad kaspersky plus incluye ciberseguridad de ltima generacin contra nuevos virus, ransomware y malware sin afectar a tu rendimiento. Tambin ofrece proteccin para pagos, administrador de contraseas y vpn ilimitada para garantizar la privacidad y seguridad de tu vida digital. Funciones de seguridad avanzadas con antiphishing y firewall incluidos. Herramientas de optimizacin del rendimiento mejoradas gracias al control del estado de los discos duros. Componente de privacidad con vpn ilimitada y administrador de contraseas<\/p>\n","protected":false},"featured_media":258376,"comment_status":"open","ping_status":"open","template":"","meta":[],"product_cat":[2004,1827],"product_tag":[1829],"acf":[],"yoast_head":"<!-- This site is optimized with the Yoast SEO plugin v21.7 - https:\/\/yoast.com\/wordpress\/plugins\/seo\/ -->\n<title>[ Kaspersky ] &#129351; Kl1042zdads Esd Plus 1 Disp 1 Cuenta Kpm 2 A\u00f1os<\/title>\n<meta name=\"description\" content=\"Compra Kl1042zdads Esd Plus 1 Disp 1 Cuenta Kpm 2 A\u00f1os + Env\u00edo a domicilio + Pago seguro + Garant\u00eda\" \/>\n<meta name=\"robots\" content=\"index, follow, max-snippet:-1, max-image-preview:large, max-video-preview:-1\" \/>\n<link rel=\"canonical\" href=\"https:\/\/compuviper.mx\/tienda\/producto\/kaspersky-kl1042zdads-esd-plus-1-disp-1-cuenta-kpm-2-aos\/\" \/>\n<meta property=\"og:locale\" content=\"es_MX\" \/>\n<meta property=\"og:type\" content=\"article\" \/>\n<meta property=\"og:title\" content=\"[ Kaspersky ] &#129351; Kl1042zdads Esd Plus 1 Disp 1 Cuenta Kpm 2 A\u00f1os\" \/>\n<meta property=\"og:description\" content=\"Compra Kl1042zdads Esd Plus 1 Disp 1 Cuenta Kpm 2 A\u00f1os + Env\u00edo a domicilio + Pago seguro + Garant\u00eda\" \/>\n<meta property=\"og:url\" content=\"https:\/\/compuviper.mx\/tienda\/producto\/kaspersky-kl1042zdads-esd-plus-1-disp-1-cuenta-kpm-2-aos\/\" \/>\n<meta property=\"og:site_name\" content=\"Compuviper\" \/>\n<meta property=\"article:publisher\" content=\"https:\/\/www.facebook.com\/compuviper\" \/>\n<meta property=\"og:image\" content=\"https:\/\/compuviper.mx\/tienda\/wp-content\/uploads\/2025\/10\/Esd-kaspersky-plus-1-disp-1-cuenta-kpm-2-anos.jpg\" \/>\n\t<meta property=\"og:image:width\" content=\"200\" \/>\n\t<meta property=\"og:image:height\" content=\"200\" \/>\n\t<meta property=\"og:image:type\" content=\"image\/jpeg\" \/>\n<meta name=\"twitter:card\" content=\"summary_large_image\" \/>\n<meta name=\"twitter:label1\" content=\"Precio\" \/>\n\t<meta name=\"twitter:data1\" content=\"&#36;1,052 con IVA\" \/>\n\t<meta name=\"twitter:label2\" content=\"Availability\" \/>\n\t<meta name=\"twitter:data2\" content=\"On backorder\" \/>\n<script type=\"application\/ld+json\" class=\"yoast-schema-graph\">{\"@context\":\"https:\/\/schema.org\",\"@graph\":[{\"@type\":\"WebPage\",\"@id\":\"https:\/\/compuviper.mx\/tienda\/producto\/kaspersky-kl1042zdads-esd-plus-1-disp-1-cuenta-kpm-2-aos\/\",\"url\":\"https:\/\/compuviper.mx\/tienda\/producto\/kaspersky-kl1042zdads-esd-plus-1-disp-1-cuenta-kpm-2-aos\/\",\"name\":\"[ Kaspersky ] &#129351; Kl1042zdads Esd Plus 1 Disp 1 Cuenta Kpm 2 A\u00f1os\",\"isPartOf\":{\"@id\":\"https:\/\/compuviper.mx\/tienda\/#website\"},\"datePublished\":\"2026-04-02T08:18:47+00:00\",\"dateModified\":\"2026-04-02T08:18:47+00:00\",\"description\":\"Compra Kl1042zdads Esd Plus 1 Disp 1 Cuenta Kpm 2 A\u00f1os + Env\u00edo a domicilio + Pago seguro + Garant\u00eda\",\"breadcrumb\":{\"@id\":\"https:\/\/compuviper.mx\/tienda\/producto\/kaspersky-kl1042zdads-esd-plus-1-disp-1-cuenta-kpm-2-aos\/#breadcrumb\"},\"inLanguage\":\"es-MX\",\"potentialAction\":[{\"@type\":\"ReadAction\",\"target\":[\"https:\/\/compuviper.mx\/tienda\/producto\/kaspersky-kl1042zdads-esd-plus-1-disp-1-cuenta-kpm-2-aos\/\"]}]},{\"@type\":\"BreadcrumbList\",\"@id\":\"https:\/\/compuviper.mx\/tienda\/producto\/kaspersky-kl1042zdads-esd-plus-1-disp-1-cuenta-kpm-2-aos\/#breadcrumb\",\"itemListElement\":[{\"@type\":\"ListItem\",\"position\":1,\"name\":\"Inicio\",\"item\":\"https:\/\/compuviper.mx\/tienda\/\"},{\"@type\":\"ListItem\",\"position\":2,\"name\":\"Productos\",\"item\":\"https:\/\/compuviper.mx\/tienda\/productos\/\"},{\"@type\":\"ListItem\",\"position\":3,\"name\":\"Software\",\"item\":\"https:\/\/compuviper.mx\/tienda\/categoria-producto\/software\/\"},{\"@type\":\"ListItem\",\"position\":4,\"name\":\"Licenciamiento Esd\",\"item\":\"https:\/\/compuviper.mx\/tienda\/categoria-producto\/software\/licenciamiento-esd\/\"},{\"@type\":\"ListItem\",\"position\":5,\"name\":\"Kaspersky Kl1042zdads Esd Plus 1 Disp 1 Cuenta Kpm 2 A?os\"}]},{\"@type\":\"WebSite\",\"@id\":\"https:\/\/compuviper.mx\/tienda\/#website\",\"url\":\"https:\/\/compuviper.mx\/tienda\/\",\"name\":\"Compuviper\",\"description\":\"Proveedor de Computadoras, Laptops, Servidores, Monitores, Puntos de Venta, Teclados,   Impresoras, T\u00f3ner, C\u00e1maras de Seguridad y m\u00e1s en tu tienda en l\u00ednea\",\"publisher\":{\"@id\":\"https:\/\/compuviper.mx\/tienda\/#organization\"},\"potentialAction\":[{\"@type\":\"SearchAction\",\"target\":{\"@type\":\"EntryPoint\",\"urlTemplate\":\"https:\/\/compuviper.mx\/tienda\/?s={search_term_string}\"},\"query-input\":\"required name=search_term_string\"}],\"inLanguage\":\"es-MX\"},{\"@type\":\"Organization\",\"@id\":\"https:\/\/compuviper.mx\/tienda\/#organization\",\"name\":\"Compuviper\",\"url\":\"https:\/\/compuviper.mx\/tienda\/\",\"logo\":{\"@type\":\"ImageObject\",\"inLanguage\":\"es-MX\",\"@id\":\"https:\/\/compuviper.mx\/tienda\/#\/schema\/logo\/image\/\",\"url\":\"https:\/\/compuviper.mx\/tienda\/wp-content\/uploads\/2021\/08\/Logo-Compuviper-10.png\",\"contentUrl\":\"https:\/\/compuviper.mx\/tienda\/wp-content\/uploads\/2021\/08\/Logo-Compuviper-10.png\",\"width\":1000,\"height\":500,\"caption\":\"Compuviper\"},\"image\":{\"@id\":\"https:\/\/compuviper.mx\/tienda\/#\/schema\/logo\/image\/\"},\"sameAs\":[\"https:\/\/www.facebook.com\/compuviper\",\"https:\/\/www.youtube.com\/channel\/UCf73dERp9Y3cfOq7q8BhLjA?view_as=subscriber\"]}]}<\/script>\n<meta property=\"product:brand\" content=\"KASPERSKY\" \/>\n<meta property=\"product:price:amount\" content=\"1052\" \/>\n<meta property=\"product:price:currency\" content=\"MXN\" \/>\n<meta property=\"og:availability\" content=\"backorder\" \/>\n<meta property=\"product:availability\" content=\"available for order\" \/>\n<meta property=\"product:retailer_item_id\" content=\"KL1042ZDADS\" \/>\n<meta property=\"product:condition\" content=\"new\" \/>\n<!-- \/ Yoast SEO plugin. -->","yoast_head_json":{"title":"[ Kaspersky ] &#129351; Kl1042zdads Esd Plus 1 Disp 1 Cuenta Kpm 2 A\u00f1os","description":"Compra Kl1042zdads Esd Plus 1 Disp 1 Cuenta Kpm 2 A\u00f1os + Env\u00edo a domicilio + Pago seguro + Garant\u00eda","robots":{"index":"index","follow":"follow","max-snippet":"max-snippet:-1","max-image-preview":"max-image-preview:large","max-video-preview":"max-video-preview:-1"},"canonical":"https:\/\/compuviper.mx\/tienda\/producto\/kaspersky-kl1042zdads-esd-plus-1-disp-1-cuenta-kpm-2-aos\/","og_locale":"es_MX","og_type":"article","og_title":"[ Kaspersky ] &#129351; Kl1042zdads Esd Plus 1 Disp 1 Cuenta Kpm 2 A\u00f1os","og_description":"Compra Kl1042zdads Esd Plus 1 Disp 1 Cuenta Kpm 2 A\u00f1os + Env\u00edo a domicilio + Pago seguro + Garant\u00eda","og_url":"https:\/\/compuviper.mx\/tienda\/producto\/kaspersky-kl1042zdads-esd-plus-1-disp-1-cuenta-kpm-2-aos\/","og_site_name":"Compuviper","article_publisher":"https:\/\/www.facebook.com\/compuviper","og_image":[{"width":200,"height":200,"url":"https:\/\/compuviper.mx\/tienda\/wp-content\/uploads\/2025\/10\/Esd-kaspersky-plus-1-disp-1-cuenta-kpm-2-anos.jpg","type":"image\/jpeg"}],"twitter_card":"summary_large_image","twitter_misc":{"Precio":"&#36;1,052 con IVA","Availability":"On backorder"},"schema":{"@context":"https:\/\/schema.org","@graph":[{"@type":"WebPage","@id":"https:\/\/compuviper.mx\/tienda\/producto\/kaspersky-kl1042zdads-esd-plus-1-disp-1-cuenta-kpm-2-aos\/","url":"https:\/\/compuviper.mx\/tienda\/producto\/kaspersky-kl1042zdads-esd-plus-1-disp-1-cuenta-kpm-2-aos\/","name":"[ Kaspersky ] &#129351; Kl1042zdads Esd Plus 1 Disp 1 Cuenta Kpm 2 A\u00f1os","isPartOf":{"@id":"https:\/\/compuviper.mx\/tienda\/#website"},"datePublished":"2026-04-02T08:18:47+00:00","dateModified":"2026-04-02T08:18:47+00:00","description":"Compra Kl1042zdads Esd Plus 1 Disp 1 Cuenta Kpm 2 A\u00f1os + Env\u00edo a domicilio + Pago seguro + Garant\u00eda","breadcrumb":{"@id":"https:\/\/compuviper.mx\/tienda\/producto\/kaspersky-kl1042zdads-esd-plus-1-disp-1-cuenta-kpm-2-aos\/#breadcrumb"},"inLanguage":"es-MX","potentialAction":[{"@type":"ReadAction","target":["https:\/\/compuviper.mx\/tienda\/producto\/kaspersky-kl1042zdads-esd-plus-1-disp-1-cuenta-kpm-2-aos\/"]}]},{"@type":"BreadcrumbList","@id":"https:\/\/compuviper.mx\/tienda\/producto\/kaspersky-kl1042zdads-esd-plus-1-disp-1-cuenta-kpm-2-aos\/#breadcrumb","itemListElement":[{"@type":"ListItem","position":1,"name":"Inicio","item":"https:\/\/compuviper.mx\/tienda\/"},{"@type":"ListItem","position":2,"name":"Productos","item":"https:\/\/compuviper.mx\/tienda\/productos\/"},{"@type":"ListItem","position":3,"name":"Software","item":"https:\/\/compuviper.mx\/tienda\/categoria-producto\/software\/"},{"@type":"ListItem","position":4,"name":"Licenciamiento Esd","item":"https:\/\/compuviper.mx\/tienda\/categoria-producto\/software\/licenciamiento-esd\/"},{"@type":"ListItem","position":5,"name":"Kaspersky Kl1042zdads Esd Plus 1 Disp 1 Cuenta Kpm 2 A?os"}]},{"@type":"WebSite","@id":"https:\/\/compuviper.mx\/tienda\/#website","url":"https:\/\/compuviper.mx\/tienda\/","name":"Compuviper","description":"Proveedor de Computadoras, Laptops, Servidores, Monitores, Puntos de Venta, Teclados,   Impresoras, T\u00f3ner, C\u00e1maras de Seguridad y m\u00e1s en tu tienda en l\u00ednea","publisher":{"@id":"https:\/\/compuviper.mx\/tienda\/#organization"},"potentialAction":[{"@type":"SearchAction","target":{"@type":"EntryPoint","urlTemplate":"https:\/\/compuviper.mx\/tienda\/?s={search_term_string}"},"query-input":"required name=search_term_string"}],"inLanguage":"es-MX"},{"@type":"Organization","@id":"https:\/\/compuviper.mx\/tienda\/#organization","name":"Compuviper","url":"https:\/\/compuviper.mx\/tienda\/","logo":{"@type":"ImageObject","inLanguage":"es-MX","@id":"https:\/\/compuviper.mx\/tienda\/#\/schema\/logo\/image\/","url":"https:\/\/compuviper.mx\/tienda\/wp-content\/uploads\/2021\/08\/Logo-Compuviper-10.png","contentUrl":"https:\/\/compuviper.mx\/tienda\/wp-content\/uploads\/2021\/08\/Logo-Compuviper-10.png","width":1000,"height":500,"caption":"Compuviper"},"image":{"@id":"https:\/\/compuviper.mx\/tienda\/#\/schema\/logo\/image\/"},"sameAs":["https:\/\/www.facebook.com\/compuviper","https:\/\/www.youtube.com\/channel\/UCf73dERp9Y3cfOq7q8BhLjA?view_as=subscriber"]}]},"product_brand":"KASPERSKY","product_price_amount":"1052","product_price_currency":"MXN","og_availability":"backorder","product_availability":"available for order","product_retailer_item_id":"KL1042ZDADS","product_condition":"new"},"_links":{"self":[{"href":"https:\/\/compuviper.mx\/tienda\/wp-json\/wp\/v2\/product\/252806"}],"collection":[{"href":"https:\/\/compuviper.mx\/tienda\/wp-json\/wp\/v2\/product"}],"about":[{"href":"https:\/\/compuviper.mx\/tienda\/wp-json\/wp\/v2\/types\/product"}],"replies":[{"embeddable":true,"href":"https:\/\/compuviper.mx\/tienda\/wp-json\/wp\/v2\/comments?post=252806"}],"wp:featuredmedia":[{"embeddable":true,"href":"https:\/\/compuviper.mx\/tienda\/wp-json\/wp\/v2\/media\/258376"}],"wp:attachment":[{"href":"https:\/\/compuviper.mx\/tienda\/wp-json\/wp\/v2\/media?parent=252806"}],"wp:term":[{"taxonomy":"product_cat","embeddable":true,"href":"https:\/\/compuviper.mx\/tienda\/wp-json\/wp\/v2\/product_cat?post=252806"},{"taxonomy":"product_tag","embeddable":true,"href":"https:\/\/compuviper.mx\/tienda\/wp-json\/wp\/v2\/product_tag?post=252806"}],"curies":[{"name":"wp","href":"https:\/\/api.w.org\/{rel}","templated":true}]}}