{"id":252792,"date":"2026-04-25T01:57:06","date_gmt":"2026-04-25T07:57:06","guid":{"rendered":"https:\/\/compuviper.mx\/tienda\/producto\/manhattan-102674-microfono-micrfono-de-condensador-usb-con-led-rgb-y-cancelacin-de-ruido\/"},"modified":"2026-04-25T01:57:06","modified_gmt":"2026-04-25T07:57:06","slug":"manhattan-102674-microfono-micrfono-de-condensador-usb-con-led-rgb-y-cancelacin-de-ruido","status":"publish","type":"product","link":"https:\/\/compuviper.mx\/tienda\/producto\/manhattan-102674-microfono-micrfono-de-condensador-usb-con-led-rgb-y-cancelacin-de-ruido\/","title":{"rendered":"Manhattan 102674 Microfono\/\/\/micr?fono De Condensador Usb Con Led Rgb Y Cancelaci?n De Ruido"},"content":{"rendered":"<table class=\"descripcion\">\n<tr>\n<td>Est\u00e1ndares y certificaciones<\/td>\n<\/tr>\n<tr>\n<td>Ce<\/td>\n<\/tr>\n<tr>\n<td>Fcc<\/td>\n<\/tr>\n<tr>\n<td>Rohs<\/td>\n<\/tr>\n<tr>\n<td>Reach<\/td>\n<\/tr>\n<tr>\n<td>Ukca<\/td>\n<\/tr>\n<tr>\n<td>Generalidades<\/td>\n<\/tr>\n<tr>\n<td>Impedancia: 16 ohm<\/td>\n<\/tr>\n<tr>\n<td>Respuesta en frecuencia: 20 hz &#8211; 20 khz<\/td>\n<\/tr>\n<tr>\n<td>Sensibilidad: -38 db +\/- 3 db<\/td>\n<\/tr>\n<tr>\n<td>Frecuencia de muestreo: 24 bits \/ 192 khz<\/td>\n<\/tr>\n<tr>\n<td>Relaci\u00f3n se\u00f1al\/ruido:   80 db<\/td>\n<\/tr>\n<tr>\n<td>Potencia: 105 mw<\/td>\n<\/tr>\n<tr>\n<td>Tensi\u00f3n de entrada: 5 v \/ 50 ma<\/td>\n<\/tr>\n<tr>\n<td>Corriente de trabajo: 150 ma<\/td>\n<\/tr>\n<tr>\n<td>Dise\u00f1o<\/td>\n<\/tr>\n<tr>\n<td>Dimensiones (l x w x h): 214 x 106 x 100 mm (8.43 x 4.17 x 3.94 in.)<\/td>\n<\/tr>\n<tr>\n<td>Peso neto: 390 g (0.24 lbs.)<\/td>\n<\/tr>\n<tr>\n<td>Peso bruto: 430 g (0.35 lbs.)<\/td>\n<\/tr>\n<tr>\n<td>Longitud del cable: 2 m<\/td>\n<\/tr>\n<tr>\n<td>Material: pl\u00e1stico abs<\/td>\n<\/tr>\n<tr>\n<td>Requisitos del sistema<\/td>\n<\/tr>\n<tr>\n<td>Un puerto usb-a disponible<\/td>\n<\/tr>\n<tr>\n<td>Windows 7\/8.1\/10\/11, macos, linux, android o chrome os<\/td>\n<\/tr>\n<tr>\n<td>Ambiente de operaci\u00f3n<\/td>\n<\/tr>\n<tr>\n<td>Temperatura de operaci\u00f3n: 0 &#8211; 40\u00b0c (32 &#8211; 104\u00b0f)<\/td>\n<\/tr>\n<tr>\n<td>Temperatura de almacenamiento: -20 &#8211; 70\u00b0c (-4 &#8211; 158\u00b0f)<\/td>\n<\/tr>\n<tr>\n<td>Humedad (sin condensar): 0 \u0096 96%<\/td>\n<\/tr>\n<tr>\n<td>Contenido del paquete<\/td>\n<\/tr>\n<tr>\n<td>Micr\u00f3fono de condensador usb con led rgb y cancelaci\u00f3n de ruido<\/td>\n<\/tr>\n<tr>\n<td>Cable usb-c a usb-a, 2 m (7 pies)<\/td>\n<\/tr>\n<tr>\n<td>Adaptador de montaje con rosca de 3\/8 pulgadas<\/td>\n<\/tr>\n<tr>\n<td>Instrucciones<\/td>\n<\/tr>\n<\/table>\n","protected":false},"excerpt":{"rendered":"<p>Micr\u00f3fono usb para una transmisi\u00f3n de alta calidad, ideal para videojuegos, podcast y grabaci\u00f3n de m\u00fasica. Presentamos el micr\u00f3fono de condensador usb led rgb de manhattan con cancelaci\u00f3n de ruido, un compa\u00f1ero de primer nivel para transmisores, creadores de contenido, gamers, podcasters y m\u00fasicos por igual. Con su construcci\u00f3n de alta calidad y su f\u00e1cil conectividad por usb, este micr\u00f3fono lleva tu audio al siguiente nivel. Patrones polares vers\u00e1tiles para adaptarse a tus necesidades de grabaci\u00f3n. Elija entre dos patrones polares (cardioide y omnidireccional) para adaptarse a sus escenarios de grabaci\u00f3n. El patr\u00f3n cardioide a\u00edsla su voz para obtener grabaciones claras de nivel profesional y al mismo tiempo minimiza el ruido de fondo. Mientras tanto, el patr\u00f3n omnidireccional captura el sonido desde todos los lados, perfecto para discusiones grupales o grabaciones ambientales. Los controles t\u00e1ctiles para silenciar y cancelar ruido completan la flexibilidad f\u00e1cil de usar de este micr\u00f3fono. Estabilidad y claridad. Las vibraciones y los temblores de la superficie ya no son una preocupaci\u00f3n, todo gracias al soporte antivibraci\u00f3n, que garantiza grabaciones de audio limpias y precisas en todo momento. El soporte de escritorio ofrece ajustes de \u00e1ngulo sencillos con una perilla sin herramientas, mientras que el control giratorio integrado te permite ajustar el volumen. Iluminaci\u00f3n rgb inmersiva. Para crear la atm\u00f3sfera de juego adecuada, especialmente en habitaciones oscuras, te encantar\u00e1n las luces led rgb multicolores intercambiables. Crea el ambiente con facilidad gracias a los pr\u00e1cticos controles t\u00e1ctiles para ajustar la iluminaci\u00f3n. Conectividad perfecta. No pierdas nunca el ritmo con el puerto de audio integrado de 3.5 mm, que permite la monitorizaci\u00f3n directa de la salida del micr\u00f3fono sin latencia. La parte inferior de goma mantiene el soporte seguro y protege su escritorio contra rasgu\u00f1os. Flexibilidad y compatibilidad. El cable extralargo y desmontable de 2 metros (7 pies) te permite colocar el micr\u00f3fono en cualquier lugar de su escritorio, e incluye un conector usb-c para conexi\u00f3n de micr\u00f3fono y un conector usb-a para conexi\u00f3n a pc. Compatible con una variedad de plataformas, incluidas windows\u00ae, macos\u00ae, chrome os\u0099, linux\u00ae, android\u0099, playstation 4\u00ae (ps4\/ps4 pro) y playstation 5\u00ae (ps5), la integraci\u00f3n es perfecta y sin complicaciones.  \/p. Conveniencia plug-and-play. Experimenta la excelencia del audio sin complicaciones: la instalaci\u00f3n plug-and-play significa que no se requieren configuraciones ni controladores.     Micr\u00f3fono de alta calidad con conexi\u00f3n usb, ideal para juegos, streaming, p\u00f3dcast y grabaci\u00f3n de m\u00fasica.     Los dos patrones polares permiten cambiar entre cardioide y omnidireccional para captar el sonido desde el frente o desde todos los lados.     El patr\u00f3n cardioide garantiza una grabaci\u00f3n de audio de alta calidad aislando tu voz y minimizando el ruido de fondo.     El soporte antivibraciones absorbe cualquier vibraci\u00f3n de la superficie para que las grabaciones de audio sean m\u00e1s limpias.     Soporte de sobremesa giratorio sin herramientas para ajustar f\u00e1cilmente el \u00e1ngulo de grabaci\u00f3n perfecto.     C\u00f3modo control de volumen giratorio integrado.     Controles t\u00e1ctiles en la parte superior para silenciar, cancelar el ruido e iluminaci\u00f3n rgb.     Puerto de audio de 3.5 mm integrado para conectar auriculares y supervisar directamente la salida de audio del micr\u00f3fono sin latencia.     La base de goma mantiene el soporte firme en su sitio y protege el escritorio de rasgu\u00f1os.     Cable desmontable extralargo de 2 m con conector usb-c (conexi\u00f3n de micr\u00f3fono) a conector usb-a (conexi\u00f3n de pc.     Luces led rgb multicolores y cambiables para un ambiente de juego envolvente.     Adaptador incluido con rosca de 3\/8 y 5\/8 pulgadas para montar el micr\u00f3fono en un brazo articulado.     Compatible con windows\u00ae, macos\u00ae, chrome os\u0099, linux\u00ae y android?.     Compatible con playstation 4\u00ae (ps4\/ps4 pro) y playstation 5\u00ae (ps5.     Instalaci\u00f3n plug-and-play; no requiere configuraci\u00f3n ni controladores.     Tres a\u00f1os de garant\u00eda* (*pregunta el tiempo de garant\u00eda en tu ciudad o pa\u00eds)<\/p>\n","protected":false},"featured_media":260898,"comment_status":"open","ping_status":"open","template":"","meta":[],"product_cat":[1552,1999],"product_tag":[1487],"acf":[],"yoast_head":"<!-- This site is optimized with the Yoast SEO plugin v21.7 - https:\/\/yoast.com\/wordpress\/plugins\/seo\/ -->\n<title>[ Manhattan ] &#129351; 102674 Microfono\/\/\/micr\u00f3fono De Condensador Usb Con Led Rgb Y Cancelaci\u00f3n De Ruido<\/title>\n<meta name=\"description\" content=\"Compra 102674 Microfono\/\/\/micr\u00f3fono De Condensador Usb Con Led Rgb Y Cancelaci\u00f3n De Ruido + Env\u00edo a domicilio + Pago seguro + Garant\u00eda\" \/>\n<meta name=\"robots\" content=\"index, follow, max-snippet:-1, max-image-preview:large, max-video-preview:-1\" \/>\n<link rel=\"canonical\" href=\"https:\/\/compuviper.mx\/tienda\/producto\/manhattan-102674-microfono-micrfono-de-condensador-usb-con-led-rgb-y-cancelacin-de-ruido\/\" \/>\n<meta property=\"og:locale\" content=\"es_MX\" \/>\n<meta property=\"og:type\" content=\"article\" \/>\n<meta property=\"og:title\" content=\"[ Manhattan ] &#129351; 102674 Microfono\/\/\/micr\u00f3fono De Condensador Usb Con Led Rgb Y Cancelaci\u00f3n De Ruido\" \/>\n<meta property=\"og:description\" content=\"Compra 102674 Microfono\/\/\/micr\u00f3fono De Condensador Usb Con Led Rgb Y Cancelaci\u00f3n De Ruido + Env\u00edo a domicilio + Pago seguro + Garant\u00eda\" \/>\n<meta property=\"og:url\" content=\"https:\/\/compuviper.mx\/tienda\/producto\/manhattan-102674-microfono-micrfono-de-condensador-usb-con-led-rgb-y-cancelacin-de-ruido\/\" \/>\n<meta property=\"og:site_name\" content=\"Compuviper\" \/>\n<meta property=\"article:publisher\" content=\"https:\/\/www.facebook.com\/compuviper\" \/>\n<meta property=\"og:image\" content=\"https:\/\/compuviper.mx\/tienda\/wp-content\/uploads\/2025\/10\/Microfonomanhattan102674microfono-de-condensador-usb-con-led-rgb-y-cancelacion-de-ruido.jpg\" \/>\n\t<meta property=\"og:image:width\" content=\"200\" \/>\n\t<meta property=\"og:image:height\" content=\"200\" \/>\n\t<meta property=\"og:image:type\" content=\"image\/jpeg\" \/>\n<meta name=\"twitter:card\" content=\"summary_large_image\" \/>\n<meta name=\"twitter:label1\" content=\"Precio\" \/>\n\t<meta name=\"twitter:data1\" content=\"&#36;826 con IVA\" \/>\n\t<meta name=\"twitter:label2\" content=\"Availability\" \/>\n\t<meta name=\"twitter:data2\" content=\"In stock\" \/>\n<script type=\"application\/ld+json\" class=\"yoast-schema-graph\">{\"@context\":\"https:\/\/schema.org\",\"@graph\":[{\"@type\":\"WebPage\",\"@id\":\"https:\/\/compuviper.mx\/tienda\/producto\/manhattan-102674-microfono-micrfono-de-condensador-usb-con-led-rgb-y-cancelacin-de-ruido\/\",\"url\":\"https:\/\/compuviper.mx\/tienda\/producto\/manhattan-102674-microfono-micrfono-de-condensador-usb-con-led-rgb-y-cancelacin-de-ruido\/\",\"name\":\"[ Manhattan ] &#129351; 102674 Microfono\/\/\/micr\u00f3fono De Condensador Usb Con Led Rgb Y Cancelaci\u00f3n De Ruido\",\"isPartOf\":{\"@id\":\"https:\/\/compuviper.mx\/tienda\/#website\"},\"datePublished\":\"2026-04-25T07:57:06+00:00\",\"dateModified\":\"2026-04-25T07:57:06+00:00\",\"description\":\"Compra 102674 Microfono\/\/\/micr\u00f3fono De Condensador Usb Con Led Rgb Y Cancelaci\u00f3n De Ruido + Env\u00edo a domicilio + Pago seguro + Garant\u00eda\",\"breadcrumb\":{\"@id\":\"https:\/\/compuviper.mx\/tienda\/producto\/manhattan-102674-microfono-micrfono-de-condensador-usb-con-led-rgb-y-cancelacin-de-ruido\/#breadcrumb\"},\"inLanguage\":\"es-MX\",\"potentialAction\":[{\"@type\":\"ReadAction\",\"target\":[\"https:\/\/compuviper.mx\/tienda\/producto\/manhattan-102674-microfono-micrfono-de-condensador-usb-con-led-rgb-y-cancelacin-de-ruido\/\"]}]},{\"@type\":\"BreadcrumbList\",\"@id\":\"https:\/\/compuviper.mx\/tienda\/producto\/manhattan-102674-microfono-micrfono-de-condensador-usb-con-led-rgb-y-cancelacin-de-ruido\/#breadcrumb\",\"itemListElement\":[{\"@type\":\"ListItem\",\"position\":1,\"name\":\"Inicio\",\"item\":\"https:\/\/compuviper.mx\/tienda\/\"},{\"@type\":\"ListItem\",\"position\":2,\"name\":\"Productos\",\"item\":\"https:\/\/compuviper.mx\/tienda\/productos\/\"},{\"@type\":\"ListItem\",\"position\":3,\"name\":\"Audifonos Y Micro\",\"item\":\"https:\/\/compuviper.mx\/tienda\/categoria-producto\/audifonos-y-micro\/\"},{\"@type\":\"ListItem\",\"position\":4,\"name\":\"Microfono\",\"item\":\"https:\/\/compuviper.mx\/tienda\/categoria-producto\/audifonos-y-micro\/microfono\/\"},{\"@type\":\"ListItem\",\"position\":5,\"name\":\"Manhattan 102674 Microfono\/\/\/micr?fono De Condensador Usb Con Led Rgb Y Cancelaci?n De Ruido\"}]},{\"@type\":\"WebSite\",\"@id\":\"https:\/\/compuviper.mx\/tienda\/#website\",\"url\":\"https:\/\/compuviper.mx\/tienda\/\",\"name\":\"Compuviper\",\"description\":\"Proveedor de Computadoras, Laptops, Servidores, Monitores, Puntos de Venta, Teclados,   Impresoras, T\u00f3ner, C\u00e1maras de Seguridad y m\u00e1s en tu tienda en l\u00ednea\",\"publisher\":{\"@id\":\"https:\/\/compuviper.mx\/tienda\/#organization\"},\"potentialAction\":[{\"@type\":\"SearchAction\",\"target\":{\"@type\":\"EntryPoint\",\"urlTemplate\":\"https:\/\/compuviper.mx\/tienda\/?s={search_term_string}\"},\"query-input\":\"required name=search_term_string\"}],\"inLanguage\":\"es-MX\"},{\"@type\":\"Organization\",\"@id\":\"https:\/\/compuviper.mx\/tienda\/#organization\",\"name\":\"Compuviper\",\"url\":\"https:\/\/compuviper.mx\/tienda\/\",\"logo\":{\"@type\":\"ImageObject\",\"inLanguage\":\"es-MX\",\"@id\":\"https:\/\/compuviper.mx\/tienda\/#\/schema\/logo\/image\/\",\"url\":\"https:\/\/compuviper.mx\/tienda\/wp-content\/uploads\/2021\/08\/Logo-Compuviper-10.png\",\"contentUrl\":\"https:\/\/compuviper.mx\/tienda\/wp-content\/uploads\/2021\/08\/Logo-Compuviper-10.png\",\"width\":1000,\"height\":500,\"caption\":\"Compuviper\"},\"image\":{\"@id\":\"https:\/\/compuviper.mx\/tienda\/#\/schema\/logo\/image\/\"},\"sameAs\":[\"https:\/\/www.facebook.com\/compuviper\",\"https:\/\/www.youtube.com\/channel\/UCf73dERp9Y3cfOq7q8BhLjA?view_as=subscriber\"]}]}<\/script>\n<meta property=\"product:brand\" content=\"MANHATTAN\" \/>\n<meta property=\"product:price:amount\" content=\"826\" \/>\n<meta property=\"product:price:currency\" content=\"MXN\" \/>\n<meta property=\"og:availability\" content=\"instock\" \/>\n<meta property=\"product:availability\" content=\"instock\" \/>\n<meta property=\"product:retailer_item_id\" content=\"102674\" \/>\n<meta property=\"product:condition\" content=\"new\" \/>\n<!-- \/ Yoast SEO plugin. -->","yoast_head_json":{"title":"[ Manhattan ] &#129351; 102674 Microfono\/\/\/micr\u00f3fono De Condensador Usb Con Led Rgb Y Cancelaci\u00f3n De Ruido","description":"Compra 102674 Microfono\/\/\/micr\u00f3fono De Condensador Usb Con Led Rgb Y Cancelaci\u00f3n De Ruido + Env\u00edo a domicilio + Pago seguro + Garant\u00eda","robots":{"index":"index","follow":"follow","max-snippet":"max-snippet:-1","max-image-preview":"max-image-preview:large","max-video-preview":"max-video-preview:-1"},"canonical":"https:\/\/compuviper.mx\/tienda\/producto\/manhattan-102674-microfono-micrfono-de-condensador-usb-con-led-rgb-y-cancelacin-de-ruido\/","og_locale":"es_MX","og_type":"article","og_title":"[ Manhattan ] &#129351; 102674 Microfono\/\/\/micr\u00f3fono De Condensador Usb Con Led Rgb Y Cancelaci\u00f3n De Ruido","og_description":"Compra 102674 Microfono\/\/\/micr\u00f3fono De Condensador Usb Con Led Rgb Y Cancelaci\u00f3n De Ruido + Env\u00edo a domicilio + Pago seguro + Garant\u00eda","og_url":"https:\/\/compuviper.mx\/tienda\/producto\/manhattan-102674-microfono-micrfono-de-condensador-usb-con-led-rgb-y-cancelacin-de-ruido\/","og_site_name":"Compuviper","article_publisher":"https:\/\/www.facebook.com\/compuviper","og_image":[{"width":200,"height":200,"url":"https:\/\/compuviper.mx\/tienda\/wp-content\/uploads\/2025\/10\/Microfonomanhattan102674microfono-de-condensador-usb-con-led-rgb-y-cancelacion-de-ruido.jpg","type":"image\/jpeg"}],"twitter_card":"summary_large_image","twitter_misc":{"Precio":"&#36;826 con IVA","Availability":"In stock"},"schema":{"@context":"https:\/\/schema.org","@graph":[{"@type":"WebPage","@id":"https:\/\/compuviper.mx\/tienda\/producto\/manhattan-102674-microfono-micrfono-de-condensador-usb-con-led-rgb-y-cancelacin-de-ruido\/","url":"https:\/\/compuviper.mx\/tienda\/producto\/manhattan-102674-microfono-micrfono-de-condensador-usb-con-led-rgb-y-cancelacin-de-ruido\/","name":"[ Manhattan ] &#129351; 102674 Microfono\/\/\/micr\u00f3fono De Condensador Usb Con Led Rgb Y Cancelaci\u00f3n De Ruido","isPartOf":{"@id":"https:\/\/compuviper.mx\/tienda\/#website"},"datePublished":"2026-04-25T07:57:06+00:00","dateModified":"2026-04-25T07:57:06+00:00","description":"Compra 102674 Microfono\/\/\/micr\u00f3fono De Condensador Usb Con Led Rgb Y Cancelaci\u00f3n De Ruido + Env\u00edo a domicilio + Pago seguro + Garant\u00eda","breadcrumb":{"@id":"https:\/\/compuviper.mx\/tienda\/producto\/manhattan-102674-microfono-micrfono-de-condensador-usb-con-led-rgb-y-cancelacin-de-ruido\/#breadcrumb"},"inLanguage":"es-MX","potentialAction":[{"@type":"ReadAction","target":["https:\/\/compuviper.mx\/tienda\/producto\/manhattan-102674-microfono-micrfono-de-condensador-usb-con-led-rgb-y-cancelacin-de-ruido\/"]}]},{"@type":"BreadcrumbList","@id":"https:\/\/compuviper.mx\/tienda\/producto\/manhattan-102674-microfono-micrfono-de-condensador-usb-con-led-rgb-y-cancelacin-de-ruido\/#breadcrumb","itemListElement":[{"@type":"ListItem","position":1,"name":"Inicio","item":"https:\/\/compuviper.mx\/tienda\/"},{"@type":"ListItem","position":2,"name":"Productos","item":"https:\/\/compuviper.mx\/tienda\/productos\/"},{"@type":"ListItem","position":3,"name":"Audifonos Y Micro","item":"https:\/\/compuviper.mx\/tienda\/categoria-producto\/audifonos-y-micro\/"},{"@type":"ListItem","position":4,"name":"Microfono","item":"https:\/\/compuviper.mx\/tienda\/categoria-producto\/audifonos-y-micro\/microfono\/"},{"@type":"ListItem","position":5,"name":"Manhattan 102674 Microfono\/\/\/micr?fono De Condensador Usb Con Led Rgb Y Cancelaci?n De Ruido"}]},{"@type":"WebSite","@id":"https:\/\/compuviper.mx\/tienda\/#website","url":"https:\/\/compuviper.mx\/tienda\/","name":"Compuviper","description":"Proveedor de Computadoras, Laptops, Servidores, Monitores, Puntos de Venta, Teclados,   Impresoras, T\u00f3ner, C\u00e1maras de Seguridad y m\u00e1s en tu tienda en l\u00ednea","publisher":{"@id":"https:\/\/compuviper.mx\/tienda\/#organization"},"potentialAction":[{"@type":"SearchAction","target":{"@type":"EntryPoint","urlTemplate":"https:\/\/compuviper.mx\/tienda\/?s={search_term_string}"},"query-input":"required name=search_term_string"}],"inLanguage":"es-MX"},{"@type":"Organization","@id":"https:\/\/compuviper.mx\/tienda\/#organization","name":"Compuviper","url":"https:\/\/compuviper.mx\/tienda\/","logo":{"@type":"ImageObject","inLanguage":"es-MX","@id":"https:\/\/compuviper.mx\/tienda\/#\/schema\/logo\/image\/","url":"https:\/\/compuviper.mx\/tienda\/wp-content\/uploads\/2021\/08\/Logo-Compuviper-10.png","contentUrl":"https:\/\/compuviper.mx\/tienda\/wp-content\/uploads\/2021\/08\/Logo-Compuviper-10.png","width":1000,"height":500,"caption":"Compuviper"},"image":{"@id":"https:\/\/compuviper.mx\/tienda\/#\/schema\/logo\/image\/"},"sameAs":["https:\/\/www.facebook.com\/compuviper","https:\/\/www.youtube.com\/channel\/UCf73dERp9Y3cfOq7q8BhLjA?view_as=subscriber"]}]},"product_brand":"MANHATTAN","product_price_amount":"826","product_price_currency":"MXN","og_availability":"instock","product_availability":"instock","product_retailer_item_id":"102674","product_condition":"new"},"_links":{"self":[{"href":"https:\/\/compuviper.mx\/tienda\/wp-json\/wp\/v2\/product\/252792"}],"collection":[{"href":"https:\/\/compuviper.mx\/tienda\/wp-json\/wp\/v2\/product"}],"about":[{"href":"https:\/\/compuviper.mx\/tienda\/wp-json\/wp\/v2\/types\/product"}],"replies":[{"embeddable":true,"href":"https:\/\/compuviper.mx\/tienda\/wp-json\/wp\/v2\/comments?post=252792"}],"wp:featuredmedia":[{"embeddable":true,"href":"https:\/\/compuviper.mx\/tienda\/wp-json\/wp\/v2\/media\/260898"}],"wp:attachment":[{"href":"https:\/\/compuviper.mx\/tienda\/wp-json\/wp\/v2\/media?parent=252792"}],"wp:term":[{"taxonomy":"product_cat","embeddable":true,"href":"https:\/\/compuviper.mx\/tienda\/wp-json\/wp\/v2\/product_cat?post=252792"},{"taxonomy":"product_tag","embeddable":true,"href":"https:\/\/compuviper.mx\/tienda\/wp-json\/wp\/v2\/product_tag?post=252792"}],"curies":[{"name":"wp","href":"https:\/\/api.w.org\/{rel}","templated":true}]}}